{"id":20662,"date":"2020-04-18T17:12:51","date_gmt":"2020-04-18T17:12:51","guid":{"rendered":"http:\/\/recettes-gourmandes-de-joce.fr\/?page_id=20662"},"modified":"2024-07-13T15:34:21","modified_gmt":"2024-07-13T15:34:21","slug":"charlotte-ananas-peches-et-noix-de-coco","status":"publish","type":"page","link":"http:\/\/recettes-gourmandes-de-joce.fr\/index.php\/index\/desserts\/fruits\/charlotte-ananas-peches-et-noix-de-coco\/","title":{"rendered":"Charlotte ananas, p\u00eaches et noix de coco."},"content":{"rendered":"<p style=\"text-align: center;\"><span style=\"color: #ff9900; text-decoration: underline; font-family: georgia, palatino, serif;\"><span style=\"font-size: x-large;\"><em>Une de mes recettes<\/em><\/span><\/span><\/p>\n<p style=\"text-align: center;\"><span style=\"color: #ff9900; text-decoration: underline; font-family: georgia, palatino, serif;\"><span style=\"font-size: x-large;\"><em><img loading=\"lazy\" decoding=\"async\" class=\"alignnone wp-image-20664\" src=\"http:\/\/recettes-gourmandes-de-joce.fr\/wp-content\/uploads\/2020\/04\/charlotte_ananas_peches_et_noix_de_coco_017-001-150x150.jpg\" alt=\"\" width=\"218\" height=\"180\" srcset=\"http:\/\/recettes-gourmandes-de-joce.fr\/wp-content\/uploads\/2020\/04\/charlotte_ananas_peches_et_noix_de_coco_017-001-300x248.jpg 300w, http:\/\/recettes-gourmandes-de-joce.fr\/wp-content\/uploads\/2020\/04\/charlotte_ananas_peches_et_noix_de_coco_017-001.jpg 376w\" sizes=\"auto, (max-width: 218px) 100vw, 218px\" \/> <img loading=\"lazy\" decoding=\"async\" class=\"alignnone wp-image-20663\" src=\"http:\/\/recettes-gourmandes-de-joce.fr\/wp-content\/uploads\/2020\/04\/charlotte_ananas_peches_et_noix_de_coco_019-001-150x150.jpg\" alt=\"\" width=\"240\" height=\"180\" srcset=\"http:\/\/recettes-gourmandes-de-joce.fr\/wp-content\/uploads\/2020\/04\/charlotte_ananas_peches_et_noix_de_coco_019-001-300x225.jpg 300w, http:\/\/recettes-gourmandes-de-joce.fr\/wp-content\/uploads\/2020\/04\/charlotte_ananas_peches_et_noix_de_coco_019-001.jpg 550w\" sizes=\"auto, (max-width: 240px) 100vw, 240px\" \/> <img loading=\"lazy\" decoding=\"async\" class=\"alignnone wp-image-20659\" src=\"http:\/\/recettes-gourmandes-de-joce.fr\/wp-content\/uploads\/2020\/04\/charlotte_ananas_peches_et_noix_de_coco_017-150x150.jpg\" alt=\"\" width=\"239\" height=\"180\" srcset=\"http:\/\/recettes-gourmandes-de-joce.fr\/wp-content\/uploads\/2020\/04\/charlotte_ananas_peches_et_noix_de_coco_017-300x226.jpg 300w, http:\/\/recettes-gourmandes-de-joce.fr\/wp-content\/uploads\/2020\/04\/charlotte_ananas_peches_et_noix_de_coco_017.jpg 550w\" sizes=\"auto, (max-width: 239px) 100vw, 239px\" \/><\/em><\/span><\/span><\/p>\n<p style=\"text-align: center;\"><span style=\"color: #ff9900; text-decoration: underline; font-family: georgia, palatino, serif;\"><span style=\"font-size: x-large;\"><em>Ingr\u00e9dients pour 6 personnes<\/em><\/span><\/span><\/p>\n<p style=\"text-align: center;\"><span style=\"color: #ff9900; font-size: x-large; font-family: georgia, palatino, serif;\"><em><img loading=\"lazy\" decoding=\"async\" class=\"alignnone wp-image-34068\" src=\"http:\/\/recettes-gourmandes-de-joce.fr\/wp-content\/uploads\/2021\/06\/charlotte_ananas_peches_et_noix_de_coco_001-225x300.jpg\" alt=\"\" width=\"187\" height=\"250\" srcset=\"http:\/\/recettes-gourmandes-de-joce.fr\/wp-content\/uploads\/2021\/06\/charlotte_ananas_peches_et_noix_de_coco_001-225x300.jpg 225w, http:\/\/recettes-gourmandes-de-joce.fr\/wp-content\/uploads\/2021\/06\/charlotte_ananas_peches_et_noix_de_coco_001.jpg 412w\" sizes=\"auto, (max-width: 187px) 100vw, 187px\" \/>\u00a0<\/em><\/span><\/p>\n<p style=\"text-align: center;\"><span style=\"color: #ff9900; font-size: large; font-family: georgia, palatino, serif;\"><em>4 demi p\u00eaches au sirop<\/em><\/span><\/p>\n<p style=\"text-align: center;\"><span style=\"color: #ff9900; font-size: large; font-family: georgia, palatino, serif;\"><em>\u00bd ananas frais<\/em><\/span><\/p>\n<p style=\"text-align: center;\"><span style=\"color: #ff9900; font-size: large; font-family: georgia, palatino, serif;\"><em>2 sachets de sucre vanill\u00e9<\/em><\/span><\/p>\n<p style=\"text-align: center;\"><span style=\"color: #ff9900; font-size: large; font-family: georgia, palatino, serif;\"><em>100 g de sucre en poudre<\/em><\/span><\/p>\n<p style=\"text-align: center;\"><span style=\"color: #ff9900; font-size: large; font-family: georgia, palatino, serif;\"><em>20 g de noix de coco r\u00e2p\u00e9e<\/em><\/span><\/p>\n<p style=\"text-align: center;\"><span style=\"color: #ff9900; font-size: large; font-family: georgia, palatino, serif;\"><em>500 g de fromage blanc<\/em><\/span><\/p>\n<p style=\"text-align: center;\"><span style=\"color: #ff9900; font-size: large; font-family: georgia, palatino, serif;\"><em>28 boudoirs<\/em><\/span><\/p>\n<p style=\"text-align: center;\"><img loading=\"lazy\" decoding=\"async\" class=\"alignnone wp-image-34151\" src=\"http:\/\/recettes-gourmandes-de-joce.fr\/wp-content\/uploads\/2021\/06\/gateau-ananas13-300x206.jpg\" alt=\"\" width=\"234\" height=\"160\" srcset=\"http:\/\/recettes-gourmandes-de-joce.fr\/wp-content\/uploads\/2021\/06\/gateau-ananas13-300x206.jpg 300w, http:\/\/recettes-gourmandes-de-joce.fr\/wp-content\/uploads\/2021\/06\/gateau-ananas13-768x526.jpg 768w, http:\/\/recettes-gourmandes-de-joce.fr\/wp-content\/uploads\/2021\/06\/gateau-ananas13-750x514.jpg 750w, http:\/\/recettes-gourmandes-de-joce.fr\/wp-content\/uploads\/2021\/06\/gateau-ananas13.jpg 800w\" sizes=\"auto, (max-width: 234px) 100vw, 234px\" \/> <img loading=\"lazy\" decoding=\"async\" class=\"alignnone wp-image-33962\" src=\"http:\/\/recettes-gourmandes-de-joce.fr\/wp-content\/uploads\/2021\/06\/p1010669-1-300x225.jpg\" alt=\"\" width=\"213\" height=\"160\" srcset=\"http:\/\/recettes-gourmandes-de-joce.fr\/wp-content\/uploads\/2021\/06\/p1010669-1-300x225.jpg 300w, http:\/\/recettes-gourmandes-de-joce.fr\/wp-content\/uploads\/2021\/06\/p1010669-1.jpg 747w\" sizes=\"auto, (max-width: 213px) 100vw, 213px\" \/><\/p>\n<p style=\"text-align: center;\"><span style=\"font-family: georgia, palatino, serif;\"><span style=\"color: #ff9900; font-size: large;\"><em>Peler l&rsquo;ananas, couper le en deux, \u00f4ter le centre et couper\u00a0<\/em><\/span><span style=\"color: #ff9900; font-size: large;\"><em>une moiti\u00e9 en d\u00e9s, r\u00e9server l&rsquo;autre moiti\u00e9 pour la d\u00e9co ou autre.\u00a0<\/em><\/span><span style=\"color: #ff9900; font-size: large;\"><em>Couper les demi p\u00eaches en d\u00e9s, r\u00e9server le sirop de la boite.<\/em><\/span><\/span><\/p>\n<p style=\"text-align: center;\"><span style=\"font-family: georgia, palatino, serif;\"><img loading=\"lazy\" decoding=\"async\" class=\"alignnone wp-image-20645\" src=\"http:\/\/recettes-gourmandes-de-joce.fr\/wp-content\/uploads\/2020\/04\/charlotte_ananas_peches_et_noix_de_coco_002-150x150.jpg\" alt=\"\" width=\"214\" height=\"160\" srcset=\"http:\/\/recettes-gourmandes-de-joce.fr\/wp-content\/uploads\/2020\/04\/charlotte_ananas_peches_et_noix_de_coco_002-300x225.jpg 300w, http:\/\/recettes-gourmandes-de-joce.fr\/wp-content\/uploads\/2020\/04\/charlotte_ananas_peches_et_noix_de_coco_002.jpg 550w\" sizes=\"auto, (max-width: 214px) 100vw, 214px\" \/> <img loading=\"lazy\" decoding=\"async\" class=\"alignnone wp-image-20648\" src=\"http:\/\/recettes-gourmandes-de-joce.fr\/wp-content\/uploads\/2020\/04\/charlotte_ananas_peches_et_noix_de_coco_005-150x150.jpg\" alt=\"\" width=\"214\" height=\"160\" srcset=\"http:\/\/recettes-gourmandes-de-joce.fr\/wp-content\/uploads\/2020\/04\/charlotte_ananas_peches_et_noix_de_coco_005-300x225.jpg 300w, http:\/\/recettes-gourmandes-de-joce.fr\/wp-content\/uploads\/2020\/04\/charlotte_ananas_peches_et_noix_de_coco_005.jpg 550w\" sizes=\"auto, (max-width: 214px) 100vw, 214px\" \/> <img loading=\"lazy\" decoding=\"async\" class=\"alignnone wp-image-20649\" src=\"http:\/\/recettes-gourmandes-de-joce.fr\/wp-content\/uploads\/2020\/04\/charlotte_ananas_peches_et_noix_de_coco_006-150x150.jpg\" alt=\"\" width=\"214\" height=\"160\" srcset=\"http:\/\/recettes-gourmandes-de-joce.fr\/wp-content\/uploads\/2020\/04\/charlotte_ananas_peches_et_noix_de_coco_006-300x225.jpg 300w, http:\/\/recettes-gourmandes-de-joce.fr\/wp-content\/uploads\/2020\/04\/charlotte_ananas_peches_et_noix_de_coco_006.jpg 550w\" sizes=\"auto, (max-width: 214px) 100vw, 214px\" \/><\/span><\/p>\n<p style=\"text-align: center;\"><span style=\"font-family: georgia, palatino, serif;\"><span style=\"color: #ff9900; font-size: large;\"><em>\u00a0<\/em><\/span><span style=\"color: #ff9900; font-size: large;\"><em>Mettre dans un saladier le fromage blanc et les sucres et bien <\/em><\/span><span style=\"color: #ff9900; font-size: large;\"><em>m\u00e9langer. <\/em><\/span><em style=\"color: #ff9900; font-size: large;\">Couper vos boudoirs aux dimensions de votre moule.<\/em><\/span><\/p>\n<p style=\"text-align: center;\"><span style=\"font-family: georgia, palatino, serif;\">\u00a0<img loading=\"lazy\" decoding=\"async\" class=\"alignnone wp-image-20646\" src=\"http:\/\/recettes-gourmandes-de-joce.fr\/wp-content\/uploads\/2020\/04\/charlotte_ananas_peches_et_noix_de_coco_003-150x150.jpg\" alt=\"\" width=\"214\" height=\"160\" srcset=\"http:\/\/recettes-gourmandes-de-joce.fr\/wp-content\/uploads\/2020\/04\/charlotte_ananas_peches_et_noix_de_coco_003-300x225.jpg 300w, http:\/\/recettes-gourmandes-de-joce.fr\/wp-content\/uploads\/2020\/04\/charlotte_ananas_peches_et_noix_de_coco_003.jpg 550w\" sizes=\"auto, (max-width: 214px) 100vw, 214px\" \/> <img loading=\"lazy\" decoding=\"async\" class=\"alignnone wp-image-20647\" src=\"http:\/\/recettes-gourmandes-de-joce.fr\/wp-content\/uploads\/2020\/04\/charlotte_ananas_peches_et_noix_de_coco_004-150x150.jpg\" alt=\"\" width=\"214\" height=\"160\" srcset=\"http:\/\/recettes-gourmandes-de-joce.fr\/wp-content\/uploads\/2020\/04\/charlotte_ananas_peches_et_noix_de_coco_004-300x225.jpg 300w, http:\/\/recettes-gourmandes-de-joce.fr\/wp-content\/uploads\/2020\/04\/charlotte_ananas_peches_et_noix_de_coco_004.jpg 550w\" sizes=\"auto, (max-width: 214px) 100vw, 214px\" \/> <img loading=\"lazy\" decoding=\"async\" class=\"alignnone wp-image-20650\" src=\"http:\/\/recettes-gourmandes-de-joce.fr\/wp-content\/uploads\/2020\/04\/charlotte_ananas_peches_et_noix_de_coco_007-150x150.jpg\" alt=\"\" width=\"214\" height=\"160\" srcset=\"http:\/\/recettes-gourmandes-de-joce.fr\/wp-content\/uploads\/2020\/04\/charlotte_ananas_peches_et_noix_de_coco_007-300x225.jpg 300w, http:\/\/recettes-gourmandes-de-joce.fr\/wp-content\/uploads\/2020\/04\/charlotte_ananas_peches_et_noix_de_coco_007.jpg 550w\" sizes=\"auto, (max-width: 214px) 100vw, 214px\" \/><\/span><\/p>\n<p style=\"text-align: center;\"><span style=\"font-family: georgia, palatino, serif;\"><span style=\"color: #ff9900; font-size: large;\"><em>Mettre les fruits dans un autre saladier avec la noix de coco et m\u00e9langer <\/em><\/span><span style=\"color: #ff9900; font-size: large;\"><em>\u00e9galement. <\/em><\/span><span style=\"color: #ff9900; font-size: large;\"><em>, garder <\/em><\/span><span style=\"color: #ff9900; font-size: large;\"><em>les chutes, tremper chaque boudoir dans le sirop des p\u00eaches au fur et \u00e0 mesure que vous en tapissez le moule.<\/em><\/span><\/span><\/p>\n<p style=\"text-align: center;\"><span style=\"font-family: georgia, palatino, serif;\"><img loading=\"lazy\" decoding=\"async\" class=\"alignnone wp-image-20651\" src=\"http:\/\/recettes-gourmandes-de-joce.fr\/wp-content\/uploads\/2020\/04\/charlotte_ananas_peches_et_noix_de_coco_008-150x150.jpg\" alt=\"\" width=\"197\" height=\"160\" srcset=\"http:\/\/recettes-gourmandes-de-joce.fr\/wp-content\/uploads\/2020\/04\/charlotte_ananas_peches_et_noix_de_coco_008-300x244.jpg 300w, http:\/\/recettes-gourmandes-de-joce.fr\/wp-content\/uploads\/2020\/04\/charlotte_ananas_peches_et_noix_de_coco_008.jpg 550w\" sizes=\"auto, (max-width: 197px) 100vw, 197px\" \/> <img loading=\"lazy\" decoding=\"async\" class=\"alignnone wp-image-20652\" src=\"http:\/\/recettes-gourmandes-de-joce.fr\/wp-content\/uploads\/2020\/04\/charlotte_ananas_peches_et_noix_de_coco_009-150x150.jpg\" alt=\"\" width=\"214\" height=\"160\" srcset=\"http:\/\/recettes-gourmandes-de-joce.fr\/wp-content\/uploads\/2020\/04\/charlotte_ananas_peches_et_noix_de_coco_009-300x225.jpg 300w, http:\/\/recettes-gourmandes-de-joce.fr\/wp-content\/uploads\/2020\/04\/charlotte_ananas_peches_et_noix_de_coco_009.jpg 550w\" sizes=\"auto, (max-width: 214px) 100vw, 214px\" \/> <img loading=\"lazy\" decoding=\"async\" class=\"alignnone wp-image-20653\" src=\"http:\/\/recettes-gourmandes-de-joce.fr\/wp-content\/uploads\/2020\/04\/charlotte_ananas_peches_et_noix_de_coco_010-150x150.jpg\" alt=\"\" width=\"214\" height=\"160\" srcset=\"http:\/\/recettes-gourmandes-de-joce.fr\/wp-content\/uploads\/2020\/04\/charlotte_ananas_peches_et_noix_de_coco_010-300x225.jpg 300w, http:\/\/recettes-gourmandes-de-joce.fr\/wp-content\/uploads\/2020\/04\/charlotte_ananas_peches_et_noix_de_coco_010.jpg 550w\" sizes=\"auto, (max-width: 214px) 100vw, 214px\" \/><\/span><\/p>\n<p style=\"text-align: center;\"><span style=\"font-family: georgia, palatino, serif;\"><span style=\"color: #ff9900; font-size: large;\"><em><span style=\"color: #ff9900; font-family: georgia, palatino, serif; font-size: large;\">Tapisser les parois\u00a0de votre moule avec c\u00f4t\u00e9 sucre contre <\/span><\/em><\/span><span style=\"color: #ff9900; font-size: large;\"><em>le moule. <\/em><\/span><span style=\"color: #ff9900; font-size: large;\"><em>Mettre au fond du moule un peu de m\u00e9lange de fruits. <\/em><\/span><span style=\"color: #ff9900; font-size: large;\"><em>Puis une couche de fromage blanc sucr\u00e9, une couche de boudoirs <\/em><\/span><span style=\"color: #ff9900; font-size: large;\"><em>tremp\u00e9s dans le sirop.<\/em><\/span><\/span><\/p>\n<p style=\"text-align: center;\"><span style=\"font-family: georgia, palatino, serif;\"><img loading=\"lazy\" decoding=\"async\" class=\"alignnone wp-image-20654\" src=\"http:\/\/recettes-gourmandes-de-joce.fr\/wp-content\/uploads\/2020\/04\/charlotte_ananas_peches_et_noix_de_coco_011-150x150.jpg\" alt=\"\" width=\"195\" height=\"160\" srcset=\"http:\/\/recettes-gourmandes-de-joce.fr\/wp-content\/uploads\/2020\/04\/charlotte_ananas_peches_et_noix_de_coco_011-300x246.jpg 300w, http:\/\/recettes-gourmandes-de-joce.fr\/wp-content\/uploads\/2020\/04\/charlotte_ananas_peches_et_noix_de_coco_011.jpg 550w\" sizes=\"auto, (max-width: 195px) 100vw, 195px\" \/> <img loading=\"lazy\" decoding=\"async\" class=\"alignnone wp-image-20655\" src=\"http:\/\/recettes-gourmandes-de-joce.fr\/wp-content\/uploads\/2020\/04\/charlotte_ananas_peches_et_noix_de_coco_012-150x150.jpg\" alt=\"\" width=\"187\" height=\"160\" srcset=\"http:\/\/recettes-gourmandes-de-joce.fr\/wp-content\/uploads\/2020\/04\/charlotte_ananas_peches_et_noix_de_coco_012-300x257.jpg 300w, http:\/\/recettes-gourmandes-de-joce.fr\/wp-content\/uploads\/2020\/04\/charlotte_ananas_peches_et_noix_de_coco_012.jpg 550w\" sizes=\"auto, (max-width: 187px) 100vw, 187px\" \/> <img loading=\"lazy\" decoding=\"async\" class=\"alignnone wp-image-20656\" src=\"http:\/\/recettes-gourmandes-de-joce.fr\/wp-content\/uploads\/2020\/04\/charlotte_ananas_peches_et_noix_de_coco_013-150x150.jpg\" alt=\"\" width=\"188\" height=\"160\" srcset=\"http:\/\/recettes-gourmandes-de-joce.fr\/wp-content\/uploads\/2020\/04\/charlotte_ananas_peches_et_noix_de_coco_013-300x255.jpg 300w, http:\/\/recettes-gourmandes-de-joce.fr\/wp-content\/uploads\/2020\/04\/charlotte_ananas_peches_et_noix_de_coco_013.jpg 550w\" sizes=\"auto, (max-width: 188px) 100vw, 188px\" \/><\/span><\/p>\n<p style=\"text-align: center;\"><span style=\"font-family: georgia, palatino, serif;\"><span style=\"color: #ff9900; font-size: large;\"><em>\u00a0Une couche \u00e0 nouveau de fruits, une couche <\/em><\/span><span style=\"color: #ff9900; font-size: large;\"><em>de fromage blanc.<\/em><\/span><span style=\"color: #ff9900; font-size: large;\"><em>\u00a0<\/em><\/span><\/span><\/p>\n<p style=\"text-align: center;\"><span style=\"font-family: georgia, palatino, serif;\"><img loading=\"lazy\" decoding=\"async\" class=\"alignnone wp-image-20657\" src=\"http:\/\/recettes-gourmandes-de-joce.fr\/wp-content\/uploads\/2020\/04\/charlotte_ananas_peches_et_noix_de_coco_014-150x150.jpg\" alt=\"\" width=\"214\" height=\"160\" srcset=\"http:\/\/recettes-gourmandes-de-joce.fr\/wp-content\/uploads\/2020\/04\/charlotte_ananas_peches_et_noix_de_coco_014-300x225.jpg 300w, http:\/\/recettes-gourmandes-de-joce.fr\/wp-content\/uploads\/2020\/04\/charlotte_ananas_peches_et_noix_de_coco_014.jpg 550w\" sizes=\"auto, (max-width: 214px) 100vw, 214px\" \/> <img loading=\"lazy\" decoding=\"async\" class=\"alignnone wp-image-20658\" src=\"http:\/\/recettes-gourmandes-de-joce.fr\/wp-content\/uploads\/2020\/04\/charlotte_ananas_peches_et_noix_de_coco_016-150x150.jpg\" alt=\"\" width=\"187\" height=\"160\" srcset=\"http:\/\/recettes-gourmandes-de-joce.fr\/wp-content\/uploads\/2020\/04\/charlotte_ananas_peches_et_noix_de_coco_016-300x256.jpg 300w, http:\/\/recettes-gourmandes-de-joce.fr\/wp-content\/uploads\/2020\/04\/charlotte_ananas_peches_et_noix_de_coco_016.jpg 550w\" sizes=\"auto, (max-width: 187px) 100vw, 187px\" \/><\/span><\/p>\n<p style=\"text-align: center;\"><span style=\"font-family: georgia, palatino, serif;\"><span style=\"color: #ff9900; font-size: large;\"><em>Ajouter encore des fruits, le reste du fromage blanc. <\/em><em>Terminer par des boudoirs toujours tremp\u00e9s dans le sirop des p\u00eaches. <\/em><\/span><span style=\"color: #ff9900; font-size: large;\"><em>Mettre le couvercle faite le vide d&rsquo;air et entreposer au frais <\/em><\/span><span style=\"color: #ff9900; font-size: large;\"><em>pendant au moins 3 h. <\/em><\/span><span style=\"color: #ff9900; font-size: large;\"><em>D\u00e9mouler et servir accompagn\u00e9 du reste des fruits tranch\u00e9s. <\/em><\/span><span style=\"color: #ff9900; font-size: large;\"><em>La charlotte se tient tr\u00e8s bien au d\u00e9coupage<\/em><\/span><\/span><\/p>\n<p style=\"text-align: center;\"><span style=\"color: #ff9900; font-size: large; font-family: georgia, palatino, serif;\"><em>Bon app\u00e9tit!<\/em><\/span><\/p>\n<p style=\"text-align: center;\"><span style=\"font-family: georgia, palatino, serif;\"><img loading=\"lazy\" decoding=\"async\" class=\"alignnone wp-image-20659\" src=\"http:\/\/recettes-gourmandes-de-joce.fr\/wp-content\/uploads\/2020\/04\/charlotte_ananas_peches_et_noix_de_coco_017-150x150.jpg\" alt=\"\" width=\"239\" height=\"180\" srcset=\"http:\/\/recettes-gourmandes-de-joce.fr\/wp-content\/uploads\/2020\/04\/charlotte_ananas_peches_et_noix_de_coco_017-300x226.jpg 300w, http:\/\/recettes-gourmandes-de-joce.fr\/wp-content\/uploads\/2020\/04\/charlotte_ananas_peches_et_noix_de_coco_017.jpg 550w\" sizes=\"auto, (max-width: 239px) 100vw, 239px\" \/> <img loading=\"lazy\" decoding=\"async\" class=\"alignnone wp-image-20642\" src=\"http:\/\/recettes-gourmandes-de-joce.fr\/wp-content\/uploads\/2020\/04\/charlotte_ananas_peches_et_noix_de_coco_020-150x150.jpg\" alt=\"\" width=\"240\" height=\"180\" srcset=\"http:\/\/recettes-gourmandes-de-joce.fr\/wp-content\/uploads\/2020\/04\/charlotte_ananas_peches_et_noix_de_coco_020-300x225.jpg 300w, http:\/\/recettes-gourmandes-de-joce.fr\/wp-content\/uploads\/2020\/04\/charlotte_ananas_peches_et_noix_de_coco_020.jpg 550w\" sizes=\"auto, (max-width: 240px) 100vw, 240px\" \/> <img loading=\"lazy\" decoding=\"async\" class=\"alignnone wp-image-20664\" src=\"http:\/\/recettes-gourmandes-de-joce.fr\/wp-content\/uploads\/2020\/04\/charlotte_ananas_peches_et_noix_de_coco_017-001-150x150.jpg\" alt=\"\" width=\"218\" height=\"180\" srcset=\"http:\/\/recettes-gourmandes-de-joce.fr\/wp-content\/uploads\/2020\/04\/charlotte_ananas_peches_et_noix_de_coco_017-001-300x248.jpg 300w, http:\/\/recettes-gourmandes-de-joce.fr\/wp-content\/uploads\/2020\/04\/charlotte_ananas_peches_et_noix_de_coco_017-001.jpg 376w\" sizes=\"auto, (max-width: 218px) 100vw, 218px\" \/><\/span><\/p>\n<p style=\"text-align: center;\"><span style=\"font-family: georgia, palatino, serif;\"><img loading=\"lazy\" decoding=\"async\" class=\"alignnone wp-image-16654 size-full\" src=\"http:\/\/recettes-gourmandes-de-joce.fr\/wp-content\/uploads\/2020\/01\/logitech-gaming-software-14112014-121223.jpg\" alt=\"\" width=\"640\" height=\"144\" srcset=\"http:\/\/recettes-gourmandes-de-joce.fr\/wp-content\/uploads\/2020\/01\/logitech-gaming-software-14112014-121223.jpg 640w, http:\/\/recettes-gourmandes-de-joce.fr\/wp-content\/uploads\/2020\/01\/logitech-gaming-software-14112014-121223-300x68.jpg 300w\" sizes=\"auto, (max-width: 640px) 100vw, 640px\" \/><\/span><\/p>\n<p>Commentaires\u00a0(3)<\/p>\n<ul>\n<li>1.\u00a0Joce\u00a0| 23\/06\/2011<\/li>\n<\/ul>\n<p><em>Coucou<\/em><\/p>\n<p>Oui c&rsquo;est un moule \u00e0 charlotte Tupperware,<\/p>\n<p>Gros bisous, amicalement Joce<\/p>\n<ul>\n<li>2.\u00a0lovecuisine\u00a0| 23\/06\/2011<\/li>\n<\/ul>\n<p>humm \u00e7a doit \u00eatre bon et rafraichissant . Tu peux nous dire de quelle moule il s&rsquo;agit et o\u00f9 peut on l&rsquo;acheter . gros bisous ma belle.<\/p>\n<ul>\n<li>3.\u00a0jaja\u00a0| 22\/06\/2011<\/li>\n<\/ul>\n<p>Hum!\u00e7a doit \u00eatre bon !<\/p>\n<p>&nbsp;<\/p>\n","protected":false},"excerpt":{"rendered":"<p>Une de mes recettes Ingr\u00e9dients pour 6 personnes \u00a0 4 demi p\u00eaches au sirop \u00bd ananas frais 2 sachets de sucre vanill\u00e9 100 g de sucre en poudre 20 g de noix de coco r\u00e2p\u00e9e 500 g de fromage blanc 28 boudoirs Peler l&rsquo;ananas, couper le en deux, \u00f4ter le centre et couper\u00a0une moiti\u00e9 en &hellip; <\/p>\n<p><a class=\"more-link btn\" href=\"http:\/\/recettes-gourmandes-de-joce.fr\/index.php\/index\/desserts\/fruits\/charlotte-ananas-peches-et-noix-de-coco\/\">Lire la suite<\/a><\/p>\n","protected":false},"author":2,"featured_media":87353,"parent":173,"menu_order":0,"comment_status":"open","ping_status":"closed","template":"","meta":{"footnotes":""},"class_list":["post-20662","page","type-page","status-publish","has-post-thumbnail","hentry","nodate","item-wrap"],"_links":{"self":[{"href":"http:\/\/recettes-gourmandes-de-joce.fr\/index.php\/wp-json\/wp\/v2\/pages\/20662","targetHints":{"allow":["GET"]}}],"collection":[{"href":"http:\/\/recettes-gourmandes-de-joce.fr\/index.php\/wp-json\/wp\/v2\/pages"}],"about":[{"href":"http:\/\/recettes-gourmandes-de-joce.fr\/index.php\/wp-json\/wp\/v2\/types\/page"}],"author":[{"embeddable":true,"href":"http:\/\/recettes-gourmandes-de-joce.fr\/index.php\/wp-json\/wp\/v2\/users\/2"}],"replies":[{"embeddable":true,"href":"http:\/\/recettes-gourmandes-de-joce.fr\/index.php\/wp-json\/wp\/v2\/comments?post=20662"}],"version-history":[{"count":8,"href":"http:\/\/recettes-gourmandes-de-joce.fr\/index.php\/wp-json\/wp\/v2\/pages\/20662\/revisions"}],"predecessor-version":[{"id":87354,"href":"http:\/\/recettes-gourmandes-de-joce.fr\/index.php\/wp-json\/wp\/v2\/pages\/20662\/revisions\/87354"}],"up":[{"embeddable":true,"href":"http:\/\/recettes-gourmandes-de-joce.fr\/index.php\/wp-json\/wp\/v2\/pages\/173"}],"wp:featuredmedia":[{"embeddable":true,"href":"http:\/\/recettes-gourmandes-de-joce.fr\/index.php\/wp-json\/wp\/v2\/media\/87353"}],"wp:attachment":[{"href":"http:\/\/recettes-gourmandes-de-joce.fr\/index.php\/wp-json\/wp\/v2\/media?parent=20662"}],"curies":[{"name":"wp","href":"https:\/\/api.w.org\/{rel}","templated":true}]}}