{"id":20638,"date":"2020-04-18T16:28:34","date_gmt":"2020-04-18T16:28:34","guid":{"rendered":"http:\/\/recettes-gourmandes-de-joce.fr\/?page_id=20638"},"modified":"2024-06-25T10:31:13","modified_gmt":"2024-06-25T10:31:13","slug":"charlotte-aux-fraises","status":"publish","type":"page","link":"http:\/\/recettes-gourmandes-de-joce.fr\/index.php\/index\/desserts\/fruits\/charlotte-aux-fraises\/","title":{"rendered":"Charlotte aux fraises"},"content":{"rendered":"<p style=\"text-align: center;\"><span style=\"text-decoration: underline;\"><span style=\"color: #ff0033; text-decoration: underline;\"><span style=\"font-size: 18pt; font-family: georgia, palatino, serif;\"><em>Une de mes<\/em><\/span><span style=\"font-size: 18pt; font-family: georgia, palatino, serif;\"><em> r<\/em><\/span><span style=\"font-size: 18pt; font-family: georgia, palatino, serif;\"><em>ecettes<\/em><\/span><\/span><\/span><\/p>\n<p style=\"text-align: center;\"><img loading=\"lazy\" decoding=\"async\" class=\"alignnone wp-image-53572\" src=\"http:\/\/recettes-gourmandes-de-joce.fr\/wp-content\/uploads\/2023\/04\/charlotte-fraises1-300x225.jpg\" alt=\"\" width=\"240\" height=\"180\" srcset=\"http:\/\/recettes-gourmandes-de-joce.fr\/wp-content\/uploads\/2023\/04\/charlotte-fraises1-300x225.jpg 300w, http:\/\/recettes-gourmandes-de-joce.fr\/wp-content\/uploads\/2023\/04\/charlotte-fraises1-768x576.jpg 768w, http:\/\/recettes-gourmandes-de-joce.fr\/wp-content\/uploads\/2023\/04\/charlotte-fraises1-750x563.jpg 750w, http:\/\/recettes-gourmandes-de-joce.fr\/wp-content\/uploads\/2023\/04\/charlotte-fraises1.jpg 1024w\" sizes=\"auto, (max-width: 240px) 100vw, 240px\" \/> <img loading=\"lazy\" decoding=\"async\" class=\"alignnone wp-image-53571\" src=\"http:\/\/recettes-gourmandes-de-joce.fr\/wp-content\/uploads\/2023\/04\/charlotte-fraises18-300x225.jpg\" alt=\"\" width=\"240\" height=\"180\" srcset=\"http:\/\/recettes-gourmandes-de-joce.fr\/wp-content\/uploads\/2023\/04\/charlotte-fraises18-300x225.jpg 300w, http:\/\/recettes-gourmandes-de-joce.fr\/wp-content\/uploads\/2023\/04\/charlotte-fraises18-768x576.jpg 768w, http:\/\/recettes-gourmandes-de-joce.fr\/wp-content\/uploads\/2023\/04\/charlotte-fraises18-750x563.jpg 750w, http:\/\/recettes-gourmandes-de-joce.fr\/wp-content\/uploads\/2023\/04\/charlotte-fraises18.jpg 1024w\" sizes=\"auto, (max-width: 240px) 100vw, 240px\" \/> <img loading=\"lazy\" decoding=\"async\" class=\"alignnone wp-image-53570\" src=\"http:\/\/recettes-gourmandes-de-joce.fr\/wp-content\/uploads\/2023\/04\/charlotte-fraises17-300x228.jpg\" alt=\"\" width=\"237\" height=\"180\" srcset=\"http:\/\/recettes-gourmandes-de-joce.fr\/wp-content\/uploads\/2023\/04\/charlotte-fraises17-300x228.jpg 300w, http:\/\/recettes-gourmandes-de-joce.fr\/wp-content\/uploads\/2023\/04\/charlotte-fraises17-768x584.jpg 768w, http:\/\/recettes-gourmandes-de-joce.fr\/wp-content\/uploads\/2023\/04\/charlotte-fraises17-750x571.jpg 750w, http:\/\/recettes-gourmandes-de-joce.fr\/wp-content\/uploads\/2023\/04\/charlotte-fraises17.jpg 1024w\" sizes=\"auto, (max-width: 237px) 100vw, 237px\" \/><\/p>\n<p style=\"text-align: center;\"><span style=\"color: #ff0033;\"><span style=\"font-size: 24px;\"><span style=\"font-family: georgia,serif;\"><u><em>Ingr\u00e9dients pour 6 personnes<\/em><\/u><\/span><\/span><\/span><\/p>\n<p style=\"text-align: center;\"><img loading=\"lazy\" decoding=\"async\" class=\"alignnone wp-image-53558\" src=\"http:\/\/recettes-gourmandes-de-joce.fr\/wp-content\/uploads\/2023\/04\/charlotte-fraises4-300x221.jpg\" alt=\"\" width=\"272\" height=\"200\" srcset=\"http:\/\/recettes-gourmandes-de-joce.fr\/wp-content\/uploads\/2023\/04\/charlotte-fraises4-300x221.jpg 300w, http:\/\/recettes-gourmandes-de-joce.fr\/wp-content\/uploads\/2023\/04\/charlotte-fraises4-768x566.jpg 768w, http:\/\/recettes-gourmandes-de-joce.fr\/wp-content\/uploads\/2023\/04\/charlotte-fraises4-750x552.jpg 750w, http:\/\/recettes-gourmandes-de-joce.fr\/wp-content\/uploads\/2023\/04\/charlotte-fraises4.jpg 1024w\" sizes=\"auto, (max-width: 272px) 100vw, 272px\" \/><\/p>\n<p style=\"text-align: center;\"><span style=\"font-size: 14pt;\"><span style=\"font-family: georgia,serif;\"><em><span style=\"color: #ff0033;\">300 g de fromage blanc<\/span><\/em><\/span><\/span><\/p>\n<p style=\"text-align: center;\"><span style=\"font-size: 14pt;\"><span style=\"font-family: georgia,serif;\"><em><span style=\"color: #ff0033;\">250 g de fraises fran\u00e7aises<\/span><\/em><\/span><\/span><\/p>\n<p style=\"text-align: center;\"><span style=\"font-size: 14pt;\"><span style=\"font-family: georgia,serif;\"><em><span style=\"color: #ff0033;\">30\u00a0boudoirs<\/span><\/em><\/span><\/span><\/p>\n<p style=\"text-align: center;\"><span style=\"font-size: 14pt;\"><span style=\"font-family: georgia,serif;\"><em><span style=\"color: #ff0033;\">100 g de sucre semoule<\/span><\/em><\/span><\/span><\/p>\n<p style=\"text-align: center;\"><span style=\"font-size: 14pt;\"><span style=\"font-family: georgia,serif;\"><em><span style=\"color: #ff0033;\">1 moule \u00e0 charlotte<\/span><\/em><\/span><\/span><\/p>\n<p style=\"text-align: center;\"><span style=\"font-size: 14pt;\"><span style=\"font-family: georgia,serif;\"><em><span style=\"color: #ff0033;\">D\u00e9co<\/span><\/em><\/span><\/span><\/p>\n<p style=\"text-align: center;\"><span style=\"font-size: 14pt;\"><span style=\"font-family: georgia,serif;\"><em><span style=\"color: #ff0033;\">Des petites billes de couleurs en sucre.<\/span><\/em><\/span><\/span><\/p>\n<p style=\"text-align: center;\"><img loading=\"lazy\" decoding=\"async\" class=\"alignnone wp-image-53559\" src=\"http:\/\/recettes-gourmandes-de-joce.fr\/wp-content\/uploads\/2023\/04\/charlotte-fraises5-300x225.jpg\" alt=\"\" width=\"227\" height=\"170\" srcset=\"http:\/\/recettes-gourmandes-de-joce.fr\/wp-content\/uploads\/2023\/04\/charlotte-fraises5-300x225.jpg 300w, http:\/\/recettes-gourmandes-de-joce.fr\/wp-content\/uploads\/2023\/04\/charlotte-fraises5-768x576.jpg 768w, http:\/\/recettes-gourmandes-de-joce.fr\/wp-content\/uploads\/2023\/04\/charlotte-fraises5-750x563.jpg 750w, http:\/\/recettes-gourmandes-de-joce.fr\/wp-content\/uploads\/2023\/04\/charlotte-fraises5.jpg 1024w\" sizes=\"auto, (max-width: 227px) 100vw, 227px\" \/> <img loading=\"lazy\" decoding=\"async\" class=\"alignnone wp-image-53560\" src=\"http:\/\/recettes-gourmandes-de-joce.fr\/wp-content\/uploads\/2023\/04\/charlotte-fraises6-300x226.jpg\" alt=\"\" width=\"225\" height=\"170\" srcset=\"http:\/\/recettes-gourmandes-de-joce.fr\/wp-content\/uploads\/2023\/04\/charlotte-fraises6-300x226.jpg 300w, http:\/\/recettes-gourmandes-de-joce.fr\/wp-content\/uploads\/2023\/04\/charlotte-fraises6.jpg 618w\" sizes=\"auto, (max-width: 225px) 100vw, 225px\" \/> <img loading=\"lazy\" decoding=\"async\" class=\"alignnone wp-image-53561\" src=\"http:\/\/recettes-gourmandes-de-joce.fr\/wp-content\/uploads\/2023\/04\/charlotte-fraises7-300x243.jpg\" alt=\"\" width=\"210\" height=\"170\" srcset=\"http:\/\/recettes-gourmandes-de-joce.fr\/wp-content\/uploads\/2023\/04\/charlotte-fraises7-300x243.jpg 300w, http:\/\/recettes-gourmandes-de-joce.fr\/wp-content\/uploads\/2023\/04\/charlotte-fraises7-768x623.jpg 768w, http:\/\/recettes-gourmandes-de-joce.fr\/wp-content\/uploads\/2023\/04\/charlotte-fraises7-750x608.jpg 750w, http:\/\/recettes-gourmandes-de-joce.fr\/wp-content\/uploads\/2023\/04\/charlotte-fraises7.jpg 1024w\" sizes=\"auto, (max-width: 210px) 100vw, 210px\" \/><\/p>\n<p style=\"text-align: center;\"><span style=\"font-size: 14pt;\"><span style=\"font-family: georgia,serif;\"><em><span style=\"color: #ff0033;\">Mettre de c\u00f4t\u00e9 quelques fraises pour la d\u00e9co finale. M\u00e9langer le fromage blanc avec le sucre, couper les boudoirs \u00e0 la taille du moule et garder les morceaux en trop. Tapisser les parois du moule avec les boudoirs, d\u00e9poser au fond du moule dans le m\u00eame sens des fraises coup\u00e9es en deux dans le sens de la longueur.<\/span><\/em><\/span><\/span><\/p>\n<p style=\"text-align: center;\"><img loading=\"lazy\" decoding=\"async\" class=\"alignnone wp-image-53562\" src=\"http:\/\/recettes-gourmandes-de-joce.fr\/wp-content\/uploads\/2023\/04\/charlotte-fraises8-300x238.jpg\" alt=\"\" width=\"214\" height=\"170\" srcset=\"http:\/\/recettes-gourmandes-de-joce.fr\/wp-content\/uploads\/2023\/04\/charlotte-fraises8-300x238.jpg 300w, http:\/\/recettes-gourmandes-de-joce.fr\/wp-content\/uploads\/2023\/04\/charlotte-fraises8-768x610.jpg 768w, http:\/\/recettes-gourmandes-de-joce.fr\/wp-content\/uploads\/2023\/04\/charlotte-fraises8-750x595.jpg 750w, http:\/\/recettes-gourmandes-de-joce.fr\/wp-content\/uploads\/2023\/04\/charlotte-fraises8.jpg 1024w\" sizes=\"auto, (max-width: 214px) 100vw, 214px\" \/> <img loading=\"lazy\" decoding=\"async\" class=\"alignnone wp-image-53563\" src=\"http:\/\/recettes-gourmandes-de-joce.fr\/wp-content\/uploads\/2023\/04\/charlotte-fraises9-300x249.jpg\" alt=\"\" width=\"205\" height=\"170\" srcset=\"http:\/\/recettes-gourmandes-de-joce.fr\/wp-content\/uploads\/2023\/04\/charlotte-fraises9-300x249.jpg 300w, http:\/\/recettes-gourmandes-de-joce.fr\/wp-content\/uploads\/2023\/04\/charlotte-fraises9-768x638.jpg 768w, http:\/\/recettes-gourmandes-de-joce.fr\/wp-content\/uploads\/2023\/04\/charlotte-fraises9-750x623.jpg 750w, http:\/\/recettes-gourmandes-de-joce.fr\/wp-content\/uploads\/2023\/04\/charlotte-fraises9.jpg 1024w\" sizes=\"auto, (max-width: 205px) 100vw, 205px\" \/> <img loading=\"lazy\" decoding=\"async\" class=\"alignnone wp-image-53564\" src=\"http:\/\/recettes-gourmandes-de-joce.fr\/wp-content\/uploads\/2023\/04\/charlotte-fraises10-300x250.jpg\" alt=\"\" width=\"204\" height=\"170\" srcset=\"http:\/\/recettes-gourmandes-de-joce.fr\/wp-content\/uploads\/2023\/04\/charlotte-fraises10-300x250.jpg 300w, http:\/\/recettes-gourmandes-de-joce.fr\/wp-content\/uploads\/2023\/04\/charlotte-fraises10-768x641.jpg 768w, http:\/\/recettes-gourmandes-de-joce.fr\/wp-content\/uploads\/2023\/04\/charlotte-fraises10-750x626.jpg 750w, http:\/\/recettes-gourmandes-de-joce.fr\/wp-content\/uploads\/2023\/04\/charlotte-fraises10.jpg 1024w\" sizes=\"auto, (max-width: 204px) 100vw, 204px\" \/><\/p>\n<p style=\"text-align: center;\"><span style=\"font-size: 14pt;\"><span style=\"font-family: georgia,serif;\"><em><span style=\"color: #ff0033;\">R\u00e9partir du fromage blanc sur les fraises, ajouter une nouvelle couche de fraises et de fromage blanc.<\/span><\/em><\/span><\/span><\/p>\n<p style=\"text-align: center;\"><img loading=\"lazy\" decoding=\"async\" class=\"alignnone wp-image-53565\" src=\"http:\/\/recettes-gourmandes-de-joce.fr\/wp-content\/uploads\/2023\/04\/charlotte-fraises11-300x246.jpg\" alt=\"\" width=\"207\" height=\"170\" srcset=\"http:\/\/recettes-gourmandes-de-joce.fr\/wp-content\/uploads\/2023\/04\/charlotte-fraises11-300x246.jpg 300w, http:\/\/recettes-gourmandes-de-joce.fr\/wp-content\/uploads\/2023\/04\/charlotte-fraises11-768x631.jpg 768w, http:\/\/recettes-gourmandes-de-joce.fr\/wp-content\/uploads\/2023\/04\/charlotte-fraises11-750x616.jpg 750w, http:\/\/recettes-gourmandes-de-joce.fr\/wp-content\/uploads\/2023\/04\/charlotte-fraises11.jpg 1024w\" sizes=\"auto, (max-width: 207px) 100vw, 207px\" \/> <img loading=\"lazy\" decoding=\"async\" class=\"alignnone wp-image-53566\" src=\"http:\/\/recettes-gourmandes-de-joce.fr\/wp-content\/uploads\/2023\/04\/charlotte-fraises13-300x256.jpg\" alt=\"\" width=\"199\" height=\"170\" srcset=\"http:\/\/recettes-gourmandes-de-joce.fr\/wp-content\/uploads\/2023\/04\/charlotte-fraises13-300x256.jpg 300w, http:\/\/recettes-gourmandes-de-joce.fr\/wp-content\/uploads\/2023\/04\/charlotte-fraises13-768x655.jpg 768w, http:\/\/recettes-gourmandes-de-joce.fr\/wp-content\/uploads\/2023\/04\/charlotte-fraises13-750x639.jpg 750w, http:\/\/recettes-gourmandes-de-joce.fr\/wp-content\/uploads\/2023\/04\/charlotte-fraises13.jpg 1024w\" sizes=\"auto, (max-width: 199px) 100vw, 199px\" \/> <img loading=\"lazy\" decoding=\"async\" class=\"alignnone wp-image-53567\" src=\"http:\/\/recettes-gourmandes-de-joce.fr\/wp-content\/uploads\/2023\/04\/charlotte-fraises14-300x255.jpg\" alt=\"\" width=\"200\" height=\"170\" srcset=\"http:\/\/recettes-gourmandes-de-joce.fr\/wp-content\/uploads\/2023\/04\/charlotte-fraises14-300x255.jpg 300w, http:\/\/recettes-gourmandes-de-joce.fr\/wp-content\/uploads\/2023\/04\/charlotte-fraises14-768x654.jpg 768w, http:\/\/recettes-gourmandes-de-joce.fr\/wp-content\/uploads\/2023\/04\/charlotte-fraises14-750x639.jpg 750w, http:\/\/recettes-gourmandes-de-joce.fr\/wp-content\/uploads\/2023\/04\/charlotte-fraises14.jpg 1024w\" sizes=\"auto, (max-width: 200px) 100vw, 200px\" \/><\/p>\n<p style=\"text-align: center;\"><span style=\"font-size: 14pt;\"><span style=\"font-family: georgia,serif;\"><em><span style=\"color: #ff0033;\">Ajouter ensuite les morceaux de boudoirs restants des coupes, terminer par du fromage blanc.<\/span><\/em><\/span><\/span><\/p>\n<p style=\"text-align: center;\"><img loading=\"lazy\" decoding=\"async\" class=\"alignnone wp-image-53568\" src=\"http:\/\/recettes-gourmandes-de-joce.fr\/wp-content\/uploads\/2023\/04\/charlotte-fraises15-300x214.jpg\" alt=\"\" width=\"238\" height=\"170\" srcset=\"http:\/\/recettes-gourmandes-de-joce.fr\/wp-content\/uploads\/2023\/04\/charlotte-fraises15-300x214.jpg 300w, http:\/\/recettes-gourmandes-de-joce.fr\/wp-content\/uploads\/2023\/04\/charlotte-fraises15-768x548.jpg 768w, http:\/\/recettes-gourmandes-de-joce.fr\/wp-content\/uploads\/2023\/04\/charlotte-fraises15-750x535.jpg 750w, http:\/\/recettes-gourmandes-de-joce.fr\/wp-content\/uploads\/2023\/04\/charlotte-fraises15.jpg 1024w\" sizes=\"auto, (max-width: 238px) 100vw, 238px\" \/><\/p>\n<p style=\"text-align: center;\"><span style=\"color: #ff0033; font-size: 14pt;\"><span style=\"font-family: georgia,serif;\"><em>Mettre le couvercle, faire le vide d&rsquo;air et entreposer une nuit au r\u00e9frig\u00e9rateur ou \u00e0 r\u00e9aliser le matin pour le soir. D\u00e9mouler d\u00e9licatement et d\u00e9corer avec des fraises et des billes de sucre.<\/em><\/span><\/span><\/p>\n<p style=\"text-align: center;\"><span style=\"color: #ff0033; font-size: 14pt;\"><span style=\"font-family: georgia,serif;\"><em>Bon app\u00e9tit!<\/em><\/span><\/span><\/p>\n<p style=\"text-align: center;\"><img loading=\"lazy\" decoding=\"async\" class=\"alignnone wp-image-53569\" src=\"http:\/\/recettes-gourmandes-de-joce.fr\/wp-content\/uploads\/2023\/04\/charlotte-fraises16-300x217.jpg\" alt=\"\" width=\"249\" height=\"180\" srcset=\"http:\/\/recettes-gourmandes-de-joce.fr\/wp-content\/uploads\/2023\/04\/charlotte-fraises16-300x217.jpg 300w, http:\/\/recettes-gourmandes-de-joce.fr\/wp-content\/uploads\/2023\/04\/charlotte-fraises16-768x554.jpg 768w, http:\/\/recettes-gourmandes-de-joce.fr\/wp-content\/uploads\/2023\/04\/charlotte-fraises16-750x541.jpg 750w, http:\/\/recettes-gourmandes-de-joce.fr\/wp-content\/uploads\/2023\/04\/charlotte-fraises16.jpg 1024w\" sizes=\"auto, (max-width: 249px) 100vw, 249px\" \/> <img loading=\"lazy\" decoding=\"async\" class=\"alignnone wp-image-53556\" src=\"http:\/\/recettes-gourmandes-de-joce.fr\/wp-content\/uploads\/2023\/04\/charlotte-fraises2-300x250.jpg\" alt=\"\" width=\"216\" height=\"180\" srcset=\"http:\/\/recettes-gourmandes-de-joce.fr\/wp-content\/uploads\/2023\/04\/charlotte-fraises2-300x250.jpg 300w, http:\/\/recettes-gourmandes-de-joce.fr\/wp-content\/uploads\/2023\/04\/charlotte-fraises2-768x640.jpg 768w, http:\/\/recettes-gourmandes-de-joce.fr\/wp-content\/uploads\/2023\/04\/charlotte-fraises2-750x625.jpg 750w, http:\/\/recettes-gourmandes-de-joce.fr\/wp-content\/uploads\/2023\/04\/charlotte-fraises2.jpg 1024w\" sizes=\"auto, (max-width: 216px) 100vw, 216px\" \/> <img loading=\"lazy\" decoding=\"async\" class=\"alignnone wp-image-53557\" src=\"http:\/\/recettes-gourmandes-de-joce.fr\/wp-content\/uploads\/2023\/04\/charlotte-fraises3-300x223.jpg\" alt=\"\" width=\"242\" height=\"180\" srcset=\"http:\/\/recettes-gourmandes-de-joce.fr\/wp-content\/uploads\/2023\/04\/charlotte-fraises3-300x223.jpg 300w, http:\/\/recettes-gourmandes-de-joce.fr\/wp-content\/uploads\/2023\/04\/charlotte-fraises3-768x571.jpg 768w, http:\/\/recettes-gourmandes-de-joce.fr\/wp-content\/uploads\/2023\/04\/charlotte-fraises3-750x557.jpg 750w, http:\/\/recettes-gourmandes-de-joce.fr\/wp-content\/uploads\/2023\/04\/charlotte-fraises3.jpg 1024w\" sizes=\"auto, (max-width: 242px) 100vw, 242px\" \/><\/p>\n<p style=\"text-align: center;\"><img loading=\"lazy\" decoding=\"async\" class=\"alignnone wp-image-44943 size-full\" src=\"http:\/\/recettes-gourmandes-de-joce.fr\/wp-content\/uploads\/2022\/05\/logitech-gaming-software-14112014-121223.jpg\" alt=\"\" width=\"640\" height=\"144\" srcset=\"http:\/\/recettes-gourmandes-de-joce.fr\/wp-content\/uploads\/2022\/05\/logitech-gaming-software-14112014-121223.jpg 640w, http:\/\/recettes-gourmandes-de-joce.fr\/wp-content\/uploads\/2022\/05\/logitech-gaming-software-14112014-121223-300x68.jpg 300w\" sizes=\"auto, (max-width: 640px) 100vw, 640px\" \/><\/p>\n","protected":false},"excerpt":{"rendered":"<p>Une de mes recettes Ingr\u00e9dients pour 6 personnes 300 g de fromage blanc 250 g de fraises fran\u00e7aises 30\u00a0boudoirs 100 g de sucre semoule 1 moule \u00e0 charlotte D\u00e9co Des petites billes de couleurs en sucre. Mettre de c\u00f4t\u00e9 quelques fraises pour la d\u00e9co finale. M\u00e9langer le fromage blanc avec le sucre, couper les boudoirs &hellip; <\/p>\n<p><a class=\"more-link btn\" href=\"http:\/\/recettes-gourmandes-de-joce.fr\/index.php\/index\/desserts\/fruits\/charlotte-aux-fraises\/\">Lire la suite<\/a><\/p>\n","protected":false},"author":2,"featured_media":84799,"parent":173,"menu_order":0,"comment_status":"open","ping_status":"closed","template":"","meta":{"footnotes":""},"class_list":["post-20638","page","type-page","status-publish","has-post-thumbnail","hentry","nodate","item-wrap"],"_links":{"self":[{"href":"http:\/\/recettes-gourmandes-de-joce.fr\/index.php\/wp-json\/wp\/v2\/pages\/20638","targetHints":{"allow":["GET"]}}],"collection":[{"href":"http:\/\/recettes-gourmandes-de-joce.fr\/index.php\/wp-json\/wp\/v2\/pages"}],"about":[{"href":"http:\/\/recettes-gourmandes-de-joce.fr\/index.php\/wp-json\/wp\/v2\/types\/page"}],"author":[{"embeddable":true,"href":"http:\/\/recettes-gourmandes-de-joce.fr\/index.php\/wp-json\/wp\/v2\/users\/2"}],"replies":[{"embeddable":true,"href":"http:\/\/recettes-gourmandes-de-joce.fr\/index.php\/wp-json\/wp\/v2\/comments?post=20638"}],"version-history":[{"count":4,"href":"http:\/\/recettes-gourmandes-de-joce.fr\/index.php\/wp-json\/wp\/v2\/pages\/20638\/revisions"}],"predecessor-version":[{"id":84814,"href":"http:\/\/recettes-gourmandes-de-joce.fr\/index.php\/wp-json\/wp\/v2\/pages\/20638\/revisions\/84814"}],"up":[{"embeddable":true,"href":"http:\/\/recettes-gourmandes-de-joce.fr\/index.php\/wp-json\/wp\/v2\/pages\/173"}],"wp:featuredmedia":[{"embeddable":true,"href":"http:\/\/recettes-gourmandes-de-joce.fr\/index.php\/wp-json\/wp\/v2\/media\/84799"}],"wp:attachment":[{"href":"http:\/\/recettes-gourmandes-de-joce.fr\/index.php\/wp-json\/wp\/v2\/media?parent=20638"}],"curies":[{"name":"wp","href":"https:\/\/api.w.org\/{rel}","templated":true}]}}