{"id":20619,"date":"2020-04-18T16:22:11","date_gmt":"2020-04-18T16:22:11","guid":{"rendered":"http:\/\/recettes-gourmandes-de-joce.fr\/?page_id=20619"},"modified":"2024-07-13T15:35:28","modified_gmt":"2024-07-13T15:35:28","slug":"charlotte-au-cocktail-de-fruits","status":"publish","type":"page","link":"http:\/\/recettes-gourmandes-de-joce.fr\/index.php\/index\/desserts\/fruits\/charlotte-au-cocktail-de-fruits\/","title":{"rendered":"Charlotte au cocktail de fruits."},"content":{"rendered":"<p style=\"text-align: center;\"><span style=\"color: #c42193;\"><u style=\"font-family: georgia, serif; font-size: 24px;\"><em>Une de mes recettes<\/em><\/u><\/span><\/p>\n<p style=\"text-align: center;\"><span style=\"color: #c42193;\">\u00a0<img loading=\"lazy\" decoding=\"async\" class=\"alignnone wp-image-20620\" src=\"http:\/\/recettes-gourmandes-de-joce.fr\/wp-content\/uploads\/2020\/04\/100-7971-150x150.jpg\" alt=\"\" width=\"220\" height=\"180\" srcset=\"http:\/\/recettes-gourmandes-de-joce.fr\/wp-content\/uploads\/2020\/04\/100-7971-300x245.jpg 300w, http:\/\/recettes-gourmandes-de-joce.fr\/wp-content\/uploads\/2020\/04\/100-7971.jpg 621w\" sizes=\"auto, (max-width: 220px) 100vw, 220px\" \/> <img loading=\"lazy\" decoding=\"async\" class=\"alignnone wp-image-20623\" src=\"http:\/\/recettes-gourmandes-de-joce.fr\/wp-content\/uploads\/2020\/04\/100-7977-150x150.jpg\" alt=\"\" width=\"240\" height=\"180\" srcset=\"http:\/\/recettes-gourmandes-de-joce.fr\/wp-content\/uploads\/2020\/04\/100-7977-300x225.jpg 300w, http:\/\/recettes-gourmandes-de-joce.fr\/wp-content\/uploads\/2020\/04\/100-7977-768x576.jpg 768w, http:\/\/recettes-gourmandes-de-joce.fr\/wp-content\/uploads\/2020\/04\/100-7977.jpg 800w\" sizes=\"auto, (max-width: 240px) 100vw, 240px\" \/> <img loading=\"lazy\" decoding=\"async\" class=\"alignnone wp-image-20622\" src=\"http:\/\/recettes-gourmandes-de-joce.fr\/wp-content\/uploads\/2020\/04\/100-7974-150x150.jpg\" alt=\"\" width=\"240\" height=\"180\" srcset=\"http:\/\/recettes-gourmandes-de-joce.fr\/wp-content\/uploads\/2020\/04\/100-7974-300x225.jpg 300w, http:\/\/recettes-gourmandes-de-joce.fr\/wp-content\/uploads\/2020\/04\/100-7974-768x576.jpg 768w, http:\/\/recettes-gourmandes-de-joce.fr\/wp-content\/uploads\/2020\/04\/100-7974.jpg 800w\" sizes=\"auto, (max-width: 240px) 100vw, 240px\" \/><\/span><\/p>\n<p style=\"text-align: center;\"><span style=\"color: #c42193;\"><span style=\"font-size: 24px;\"><span style=\"font-family: georgia,serif;\"><u><em>Ingr\u00e9dients pour 8 personnes<\/em><\/u><\/span><\/span><\/span><\/p>\n<p style=\"text-align: center;\"><span style=\"color: #c42193;\"><img loading=\"lazy\" decoding=\"async\" class=\"alignnone wp-image-20625\" src=\"http:\/\/recettes-gourmandes-de-joce.fr\/wp-content\/uploads\/2020\/04\/100-7942-150x150.jpg\" alt=\"\" width=\"247\" height=\"180\" srcset=\"http:\/\/recettes-gourmandes-de-joce.fr\/wp-content\/uploads\/2020\/04\/100-7942-300x219.jpg 300w, http:\/\/recettes-gourmandes-de-joce.fr\/wp-content\/uploads\/2020\/04\/100-7942-768x561.jpg 768w, http:\/\/recettes-gourmandes-de-joce.fr\/wp-content\/uploads\/2020\/04\/100-7942.jpg 800w\" sizes=\"auto, (max-width: 247px) 100vw, 247px\" \/><\/span><\/p>\n<p style=\"text-align: center;\"><span style=\"font-family: georgia, palatino, serif; font-size: 14pt; color: #c42193;\"><em>1 boite de cocktail de fruits au sirop<\/em><\/span><\/p>\n<p style=\"text-align: center;\"><span style=\"font-family: georgia, palatino, serif; font-size: 14pt; color: #c42193;\"><em>300 g de fromage blanc<\/em><\/span><\/p>\n<p style=\"text-align: center;\"><span style=\"font-family: georgia, palatino, serif; font-size: 14pt; color: #c42193;\"><em>100 g de sucre en poudre<\/em><\/span><\/p>\n<p style=\"text-align: center;\"><span style=\"font-family: georgia, palatino, serif; font-size: 14pt; color: #c42193;\"><em>2 paquets de boudoirs (30)<\/em><\/span><\/p>\n<p style=\"text-align: center;\"><span style=\"font-family: georgia, palatino, serif; font-size: 14pt; color: #c42193;\"><em>1 moule \u00e0 charlotte (Tupperware)<\/em><\/span><\/p>\n<p style=\"text-align: center;\"><span style=\"font-size: 14pt; color: #c42193;\"><span style=\"font-family: georgia,serif;\"><em><a style=\"color: #c42193;\" title=\"titre de l'image\" href=\"http:\/\/jocelyne.debon.free.fr\/charlotte-fraises\/charlotte-fraises5.JPG\" rel=\"iframe\"><img decoding=\"async\" src=\"http:\/\/jocelyne.debon.free.fr\/charlotte-fraises\/charlotte-fraises5.JPG\" alt=\"\" width=\"230\" \/> <\/a><a style=\"color: #c42193;\" title=\"titre de l'image\" href=\"http:\/\/jocelyne.debon.free.fr\/charlotte-fraises\/charlotte-fraises6.jpg\" rel=\"iframe\"> <img decoding=\"async\" src=\"http:\/\/jocelyne.debon.free.fr\/charlotte-fraises\/charlotte-fraises6.jpg\" alt=\"\" width=\"230\" \/> <\/a><a style=\"color: #c42193;\" href=\"http:\/\/jocelyne.debon.free.fr\/charlotte-fraises\/charlotte-fraises6.jpg\" rel=\"iframe\"><img loading=\"lazy\" decoding=\"async\" class=\"alignnone wp-image-20626\" src=\"http:\/\/recettes-gourmandes-de-joce.fr\/wp-content\/uploads\/2020\/04\/100-7944-150x150.jpg\" alt=\"\" width=\"215\" height=\"174\" srcset=\"http:\/\/recettes-gourmandes-de-joce.fr\/wp-content\/uploads\/2020\/04\/100-7944-300x242.jpg 300w, http:\/\/recettes-gourmandes-de-joce.fr\/wp-content\/uploads\/2020\/04\/100-7944.jpg 743w\" sizes=\"auto, (max-width: 215px) 100vw, 215px\" \/><\/a><\/em><\/span><\/span><\/p>\n<p style=\"text-align: center;\"><span style=\"font-size: 14pt; color: #c42193;\"><span style=\"font-family: georgia,serif;\"><em>\u00c9goutter les fruits, garder le sirop\u00a0 . M\u00e9langer le fromage blanc avec le sucre, couper les boudoirs \u00e0 la taille du moule et garder les morceaux en trop. r\u00e9partir un peu de fruits dans le fond du moule.<\/em><\/span><\/span><\/p>\n<p style=\"text-align: center;\"><span style=\"font-size: 14pt; color: #c42193;\"><span style=\"font-family: georgia,serif;\"><em><a style=\"color: #c42193;\" title=\"titre de l'image\" href=\"http:\/\/jocelyne.debon.free.fr\/charlotte-fraises\/charlotte-fraises8.JPG\" rel=\"iframe\"><img decoding=\"async\" src=\"http:\/\/jocelyne.debon.free.fr\/charlotte-fraises\/charlotte-fraises8.JPG\" alt=\"\" width=\"240\" \/> <\/a><a style=\"color: #c42193;\" href=\"http:\/\/jocelyne.debon.free.fr\/charlotte-fraises\/charlotte-fraises8.JPG\" rel=\"iframe\"><img loading=\"lazy\" decoding=\"async\" class=\"alignnone wp-image-20627\" src=\"http:\/\/recettes-gourmandes-de-joce.fr\/wp-content\/uploads\/2020\/04\/100-7950-150x150.jpg\" alt=\"\" width=\"255\" height=\"191\" srcset=\"http:\/\/recettes-gourmandes-de-joce.fr\/wp-content\/uploads\/2020\/04\/100-7950-300x225.jpg 300w, http:\/\/recettes-gourmandes-de-joce.fr\/wp-content\/uploads\/2020\/04\/100-7950-768x576.jpg 768w, http:\/\/recettes-gourmandes-de-joce.fr\/wp-content\/uploads\/2020\/04\/100-7950.jpg 800w\" sizes=\"auto, (max-width: 255px) 100vw, 255px\" \/><\/a><a style=\"color: #c42193;\" title=\"titre de l'image\" href=\"http:\/\/jocelyne.debon.free.fr\/charlotte-fraises\/charlotte-fraises9.JPG\" rel=\"iframe\">\u00a0<\/a><a style=\"color: #c42193;\" title=\"titre de l'image\" href=\"http:\/\/jocelyne.debon.free.fr\/charlotte-fraises\/charlotte-fraises10.JPG\" rel=\"iframe\"><img decoding=\"async\" src=\"http:\/\/jocelyne.debon.free.fr\/charlotte-fraises\/charlotte-fraises10.JPG\" alt=\"\" width=\"230\" \/><\/a><\/em><\/span><\/span><\/p>\n<p style=\"text-align: center;\"><span style=\"font-size: 14pt; color: #c42193;\"><span style=\"font-family: georgia,serif;\"><em>Tapisser les parois du moule avec les boudoirs, <\/em><em>r\u00e9partir du fromage blanc sur les fruits, ajouter une nouvelle couche de fruits et de fromage blanc.<\/em><\/span><\/span><\/p>\n<p style=\"text-align: center;\"><span style=\"font-size: 14pt; color: #c42193;\"><span style=\"font-family: georgia,serif;\"><em><a style=\"color: #c42193;\" title=\"titre de l'image\" href=\"http:\/\/jocelyne.debon.free.fr\/charlotte-fraises\/charlotte-fraises11.JPG\" rel=\"iframe\"> <img decoding=\"async\" src=\"http:\/\/jocelyne.debon.free.fr\/charlotte-fraises\/charlotte-fraises11.JPG\" alt=\"\" width=\"230\" \/> <\/a><a style=\"color: #c42193;\" href=\"http:\/\/jocelyne.debon.free.fr\/charlotte-fraises\/charlotte-fraises11.JPG\" rel=\"iframe\"><img loading=\"lazy\" decoding=\"async\" class=\"alignnone wp-image-20630\" src=\"http:\/\/recettes-gourmandes-de-joce.fr\/wp-content\/uploads\/2020\/04\/100-7953-150x150.jpg\" alt=\"\" width=\"250\" height=\"188\" srcset=\"http:\/\/recettes-gourmandes-de-joce.fr\/wp-content\/uploads\/2020\/04\/100-7953-300x225.jpg 300w, http:\/\/recettes-gourmandes-de-joce.fr\/wp-content\/uploads\/2020\/04\/100-7953-768x576.jpg 768w, http:\/\/recettes-gourmandes-de-joce.fr\/wp-content\/uploads\/2020\/04\/100-7953.jpg 800w\" sizes=\"auto, (max-width: 250px) 100vw, 250px\" \/><\/a> <a style=\"color: #c42193;\" href=\"http:\/\/jocelyne.debon.free.fr\/charlotte-fraises\/charlotte-fraises14.JPG\" rel=\"iframe\"><img loading=\"lazy\" decoding=\"async\" class=\"alignnone wp-image-20631\" src=\"http:\/\/recettes-gourmandes-de-joce.fr\/wp-content\/uploads\/2020\/04\/100-7955-150x150.jpg\" alt=\"\" width=\"230\" height=\"189\" srcset=\"http:\/\/recettes-gourmandes-de-joce.fr\/wp-content\/uploads\/2020\/04\/100-7955-300x246.jpg 300w, http:\/\/recettes-gourmandes-de-joce.fr\/wp-content\/uploads\/2020\/04\/100-7955.jpg 712w\" sizes=\"auto, (max-width: 230px) 100vw, 230px\" \/><\/a><\/em><\/span><\/span><\/p>\n<p style=\"text-align: center;\"><span style=\"font-size: 14pt; color: #c42193;\"><span style=\"font-family: georgia,serif;\"><em>Ajouter ensuite les morceaux de boudoirs, ajouter \u00e0 nouveau des fruits et du fromage blanc. Ajouter les morceaux de boudoirs restants des coupes.<\/em><\/span><\/span><\/p>\n<p style=\"text-align: center;\"><span style=\"font-size: 14pt; color: #c42193;\"><span style=\"font-family: georgia,serif;\">\u00a0<em><a style=\"color: #c42193;\" title=\"titre de l'image\" href=\"http:\/\/jocelyne.debon.free.fr\/charlotte-fraises\/charlotte-fraises15.JPG\" rel=\"iframe\">\u00a0<img decoding=\"async\" src=\"http:\/\/jocelyne.debon.free.fr\/charlotte-fraises\/charlotte-fraises15.JPG\" alt=\"\" width=\"230\" \/><\/a><\/em><\/span><\/span><\/p>\n<p style=\"text-align: center;\"><span style=\"color: #c42193; font-size: 14pt;\"><span style=\"font-family: georgia,serif;\"><em>\u00a0<\/em><em>Mettre le couvercle, faire le vide d&rsquo;air et entreposer une nuit au r\u00e9frig\u00e9rateur ou \u00e0 r\u00e9aliser le matin pour le soir. D\u00e9mouler d\u00e9licatement et d\u00e9corer le centre avec le reste des fruits et quelques feuilles de menthe.<\/em><\/span><\/span><\/p>\n<p style=\"text-align: center;\"><span style=\"color: #c42193; font-size: 14pt;\"><span style=\"font-family: georgia,serif;\"><em>Bon app\u00e9tit!<\/em><\/span><\/span><\/p>\n<p style=\"text-align: center;\"><span style=\"color: #c42193; font-size: 14pt;\"><img loading=\"lazy\" decoding=\"async\" class=\"alignnone wp-image-20620\" src=\"http:\/\/recettes-gourmandes-de-joce.fr\/wp-content\/uploads\/2020\/04\/100-7971-150x150.jpg\" alt=\"\" width=\"220\" height=\"180\" srcset=\"http:\/\/recettes-gourmandes-de-joce.fr\/wp-content\/uploads\/2020\/04\/100-7971-300x245.jpg 300w, http:\/\/recettes-gourmandes-de-joce.fr\/wp-content\/uploads\/2020\/04\/100-7971.jpg 621w\" sizes=\"auto, (max-width: 220px) 100vw, 220px\" \/> <img loading=\"lazy\" decoding=\"async\" class=\"alignnone wp-image-20624\" src=\"http:\/\/recettes-gourmandes-de-joce.fr\/wp-content\/uploads\/2020\/04\/100-7979-150x150.jpg\" alt=\"\" width=\"214\" height=\"180\" srcset=\"http:\/\/recettes-gourmandes-de-joce.fr\/wp-content\/uploads\/2020\/04\/100-7979-300x252.jpg 300w, http:\/\/recettes-gourmandes-de-joce.fr\/wp-content\/uploads\/2020\/04\/100-7979.jpg 713w\" sizes=\"auto, (max-width: 214px) 100vw, 214px\" \/> <img loading=\"lazy\" decoding=\"async\" class=\"alignnone wp-image-20632\" src=\"http:\/\/recettes-gourmandes-de-joce.fr\/wp-content\/uploads\/2020\/04\/100-7970-150x150.jpg\" alt=\"\" width=\"240\" height=\"180\" srcset=\"http:\/\/recettes-gourmandes-de-joce.fr\/wp-content\/uploads\/2020\/04\/100-7970-300x225.jpg 300w, http:\/\/recettes-gourmandes-de-joce.fr\/wp-content\/uploads\/2020\/04\/100-7970-768x576.jpg 768w, http:\/\/recettes-gourmandes-de-joce.fr\/wp-content\/uploads\/2020\/04\/100-7970.jpg 800w\" sizes=\"auto, (max-width: 240px) 100vw, 240px\" \/><\/span><\/p>\n<p style=\"text-align: center;\"><span style=\"color: #c42193;\"><img loading=\"lazy\" decoding=\"async\" class=\"alignnone wp-image-16654 size-full\" src=\"http:\/\/recettes-gourmandes-de-joce.fr\/wp-content\/uploads\/2020\/01\/logitech-gaming-software-14112014-121223.jpg\" alt=\"\" width=\"640\" height=\"144\" srcset=\"http:\/\/recettes-gourmandes-de-joce.fr\/wp-content\/uploads\/2020\/01\/logitech-gaming-software-14112014-121223.jpg 640w, http:\/\/recettes-gourmandes-de-joce.fr\/wp-content\/uploads\/2020\/01\/logitech-gaming-software-14112014-121223-300x68.jpg 300w\" sizes=\"auto, (max-width: 640px) 100vw, 640px\" \/><\/span><\/p>\n","protected":false},"excerpt":{"rendered":"<p>Une de mes recettes \u00a0 Ingr\u00e9dients pour 8 personnes 1 boite de cocktail de fruits au sirop 300 g de fromage blanc 100 g de sucre en poudre 2 paquets de boudoirs (30) 1 moule \u00e0 charlotte (Tupperware) \u00c9goutter les fruits, garder le sirop\u00a0 . M\u00e9langer le fromage blanc avec le sucre, couper les boudoirs &hellip; <\/p>\n<p><a class=\"more-link btn\" href=\"http:\/\/recettes-gourmandes-de-joce.fr\/index.php\/index\/desserts\/fruits\/charlotte-au-cocktail-de-fruits\/\">Lire la suite<\/a><\/p>\n","protected":false},"author":2,"featured_media":87355,"parent":173,"menu_order":0,"comment_status":"open","ping_status":"closed","template":"","meta":{"footnotes":""},"class_list":["post-20619","page","type-page","status-publish","has-post-thumbnail","hentry","nodate","item-wrap"],"_links":{"self":[{"href":"http:\/\/recettes-gourmandes-de-joce.fr\/index.php\/wp-json\/wp\/v2\/pages\/20619","targetHints":{"allow":["GET"]}}],"collection":[{"href":"http:\/\/recettes-gourmandes-de-joce.fr\/index.php\/wp-json\/wp\/v2\/pages"}],"about":[{"href":"http:\/\/recettes-gourmandes-de-joce.fr\/index.php\/wp-json\/wp\/v2\/types\/page"}],"author":[{"embeddable":true,"href":"http:\/\/recettes-gourmandes-de-joce.fr\/index.php\/wp-json\/wp\/v2\/users\/2"}],"replies":[{"embeddable":true,"href":"http:\/\/recettes-gourmandes-de-joce.fr\/index.php\/wp-json\/wp\/v2\/comments?post=20619"}],"version-history":[{"count":5,"href":"http:\/\/recettes-gourmandes-de-joce.fr\/index.php\/wp-json\/wp\/v2\/pages\/20619\/revisions"}],"predecessor-version":[{"id":87356,"href":"http:\/\/recettes-gourmandes-de-joce.fr\/index.php\/wp-json\/wp\/v2\/pages\/20619\/revisions\/87356"}],"up":[{"embeddable":true,"href":"http:\/\/recettes-gourmandes-de-joce.fr\/index.php\/wp-json\/wp\/v2\/pages\/173"}],"wp:featuredmedia":[{"embeddable":true,"href":"http:\/\/recettes-gourmandes-de-joce.fr\/index.php\/wp-json\/wp\/v2\/media\/87355"}],"wp:attachment":[{"href":"http:\/\/recettes-gourmandes-de-joce.fr\/index.php\/wp-json\/wp\/v2\/media?parent=20619"}],"curies":[{"name":"wp","href":"https:\/\/api.w.org\/{rel}","templated":true}]}}