{"id":20610,"date":"2020-04-18T15:25:31","date_gmt":"2020-04-18T15:25:31","guid":{"rendered":"http:\/\/recettes-gourmandes-de-joce.fr\/?page_id=20610"},"modified":"2024-06-25T10:40:27","modified_gmt":"2024-06-25T10:40:27","slug":"20610-2","status":"publish","type":"page","link":"http:\/\/recettes-gourmandes-de-joce.fr\/index.php\/index\/desserts\/fruits\/20610-2\/","title":{"rendered":"Charlotte aux p\u00eaches."},"content":{"rendered":"<p style=\"text-align: center;\"><span style=\"color: #f26e0a;\"><u style=\"font-family: georgia, serif; font-size: 24px;\"><em>Une de mes recettes<\/em><\/u><\/span><\/p>\n<p style=\"text-align: center;\"><span style=\"color: #f26e0a;\"><img loading=\"lazy\" decoding=\"async\" class=\"alignnone wp-image-20606\" src=\"http:\/\/recettes-gourmandes-de-joce.fr\/wp-content\/uploads\/2020\/04\/P82301531-150x150.jpg\" alt=\"\" width=\"224\" height=\"180\" srcset=\"http:\/\/recettes-gourmandes-de-joce.fr\/wp-content\/uploads\/2020\/04\/P82301531-300x241.jpg 300w, http:\/\/recettes-gourmandes-de-joce.fr\/wp-content\/uploads\/2020\/04\/P82301531.jpg 550w\" sizes=\"auto, (max-width: 224px) 100vw, 224px\" \/> <img loading=\"lazy\" decoding=\"async\" class=\"alignnone wp-image-20607\" src=\"http:\/\/recettes-gourmandes-de-joce.fr\/wp-content\/uploads\/2020\/04\/P82301571-150x150.jpg\" alt=\"\" width=\"274\" height=\"180\" srcset=\"http:\/\/recettes-gourmandes-de-joce.fr\/wp-content\/uploads\/2020\/04\/P82301571-300x197.jpg 300w, http:\/\/recettes-gourmandes-de-joce.fr\/wp-content\/uploads\/2020\/04\/P82301571.jpg 550w\" sizes=\"auto, (max-width: 274px) 100vw, 274px\" \/> <img loading=\"lazy\" decoding=\"async\" class=\"alignnone wp-image-20598\" src=\"http:\/\/recettes-gourmandes-de-joce.fr\/wp-content\/uploads\/2020\/04\/P1140175-150x150.jpg\" alt=\"\" width=\"195\" height=\"180\" srcset=\"http:\/\/recettes-gourmandes-de-joce.fr\/wp-content\/uploads\/2020\/04\/P1140175-300x277.jpg 300w, http:\/\/recettes-gourmandes-de-joce.fr\/wp-content\/uploads\/2020\/04\/P1140175.jpg 550w\" sizes=\"auto, (max-width: 195px) 100vw, 195px\" \/><\/span><\/p>\n<p style=\"text-align: center;\"><span style=\"color: #f26e0a;\"><span style=\"font-size: 24px;\"><span style=\"font-family: georgia,serif;\"><u><em>Ingr\u00e9dients pour 6 personnes<\/em><\/u><\/span><\/span><\/span><\/p>\n<p style=\"text-align: center;\"><span style=\"color: #f26e0a;\"><img loading=\"lazy\" decoding=\"async\" class=\"alignnone wp-image-20599\" src=\"http:\/\/recettes-gourmandes-de-joce.fr\/wp-content\/uploads\/2020\/04\/P2250098-150x150.jpg\" alt=\"\" width=\"280\" height=\"180\" srcset=\"http:\/\/recettes-gourmandes-de-joce.fr\/wp-content\/uploads\/2020\/04\/P2250098-300x193.jpg 300w, http:\/\/recettes-gourmandes-de-joce.fr\/wp-content\/uploads\/2020\/04\/P2250098.jpg 550w\" sizes=\"auto, (max-width: 280px) 100vw, 280px\" \/><\/span><\/p>\n<p style=\"text-align: center;\"><span style=\"font-size: 14pt; font-family: georgia, palatino, serif; color: #f26e0a;\"><em>1 boite de p\u00eaches au sirop<\/em><\/span><\/p>\n<p style=\"text-align: center;\"><span style=\"font-size: 14pt; font-family: georgia, palatino, serif; color: #f26e0a;\"><em>250 gr de fromage blanc<\/em><\/span><\/p>\n<p style=\"text-align: center;\"><span style=\"font-size: 14pt; font-family: georgia, palatino, serif; color: #f26e0a;\"><em>3 c \u00e0 soupe de sucre en poudre<\/em><\/span><\/p>\n<p style=\"text-align: center;\"><span style=\"font-size: 14pt; font-family: georgia, palatino, serif; color: #f26e0a;\"><em>1 sachet de sucre vanill\u00e9 ( facultatif)<\/em><\/span><\/p>\n<p style=\"text-align: center;\"><span style=\"font-size: 14pt; font-family: georgia, palatino, serif; color: #f26e0a;\"><em>1 paquet de biscuits \u00e0 la cuill\u00e8re ou de boudoirs<\/em><\/span><\/p>\n<p style=\"text-align: center;\"><span style=\"text-decoration: underline; color: #ff6600; font-size: 14pt;\"><em style=\"font-family: georgia, palatino, serif; text-align: center;\">Pour la d\u00e9co<\/em><\/span><\/p>\n<p style=\"text-align: center;\"><span style=\"font-size: 14pt; font-family: georgia, palatino, serif; color: #f26e0a;\"><em>Quelques feuilles de menthe fra\u00eeches\u00a0<\/em><\/span><\/p>\n<p style=\"text-align: center;\"><span style=\"font-size: 14pt; color: #f26e0a;\"><span style=\"font-family: georgia,serif;\"><em><a style=\"color: #f26e0a;\" title=\"titre de l'image\" href=\"http:\/\/jocelyne.debon.free.fr\/charlotte-fraises\/charlotte-fraises5.JPG\" rel=\"iframe\"><img decoding=\"async\" src=\"http:\/\/jocelyne.debon.free.fr\/charlotte-fraises\/charlotte-fraises5.JPG\" alt=\"\" width=\"230\" \/> <\/a><a style=\"color: #f26e0a;\" title=\"titre de l'image\" href=\"http:\/\/jocelyne.debon.free.fr\/charlotte-fraises\/charlotte-fraises6.jpg\" rel=\"iframe\"> <img decoding=\"async\" src=\"http:\/\/jocelyne.debon.free.fr\/charlotte-fraises\/charlotte-fraises6.jpg\" alt=\"\" width=\"230\" \/> <img loading=\"lazy\" decoding=\"async\" class=\"alignnone wp-image-20611\" src=\"http:\/\/recettes-gourmandes-de-joce.fr\/wp-content\/uploads\/2020\/04\/P2250102-150x150.jpg\" alt=\"\" width=\"230\" height=\"172\" srcset=\"http:\/\/recettes-gourmandes-de-joce.fr\/wp-content\/uploads\/2020\/04\/P2250102-300x225.jpg 300w, http:\/\/recettes-gourmandes-de-joce.fr\/wp-content\/uploads\/2020\/04\/P2250102.jpg 550w\" sizes=\"auto, (max-width: 230px) 100vw, 230px\" \/><\/a><\/em><\/span><\/span><\/p>\n<p style=\"text-align: center;\"><span style=\"font-size: 14pt; color: #f26e0a;\"><span style=\"font-family: georgia,serif;\"><em>Couper les p\u00eache en tranches, mettre de c\u00f4t\u00e9 quelques tranches pour la d\u00e9co finale. M\u00e9langer le fromage blanc avec le sucre, couper les boudoirs \u00e0 la taille du moule et garder les morceaux en trop. Tapisser les parois du moule avec les boudoirs, d\u00e9poser au fond du moule dans le m\u00eame sens des tranches de p\u00eache.<\/em><\/span><\/span><\/p>\n<p style=\"text-align: center;\"><span style=\"font-size: 14pt; color: #f26e0a;\"><span style=\"font-family: georgia,serif;\"><em><a style=\"color: #f26e0a;\" title=\"titre de l'image\" href=\"http:\/\/jocelyne.debon.free.fr\/charlotte-fraises\/charlotte-fraises8.JPG\" rel=\"iframe\"><img decoding=\"async\" src=\"http:\/\/jocelyne.debon.free.fr\/charlotte-fraises\/charlotte-fraises8.JPG\" alt=\"\" width=\"240\" \/> <\/a><a href=\"http:\/\/jocelyne.debon.free.fr\/charlotte-fraises\/charlotte-fraises8.JPG\" rel=\"iframe\"><img loading=\"lazy\" decoding=\"async\" class=\"alignnone wp-image-20616\" src=\"http:\/\/recettes-gourmandes-de-joce.fr\/wp-content\/uploads\/2020\/04\/P2250106-003-150x150.jpg\" alt=\"\" width=\"255\" height=\"191\" srcset=\"http:\/\/recettes-gourmandes-de-joce.fr\/wp-content\/uploads\/2020\/04\/P2250106-003-300x225.jpg 300w, http:\/\/recettes-gourmandes-de-joce.fr\/wp-content\/uploads\/2020\/04\/P2250106-003.jpg 550w\" sizes=\"auto, (max-width: 255px) 100vw, 255px\" \/><\/a><a style=\"color: #f26e0a;\" title=\"titre de l'image\" href=\"http:\/\/jocelyne.debon.free.fr\/charlotte-fraises\/charlotte-fraises9.JPG\" rel=\"iframe\">\u00a0<\/a><a style=\"color: #f26e0a;\" title=\"titre de l'image\" href=\"http:\/\/jocelyne.debon.free.fr\/charlotte-fraises\/charlotte-fraises10.JPG\" rel=\"iframe\"><img decoding=\"async\" src=\"http:\/\/jocelyne.debon.free.fr\/charlotte-fraises\/charlotte-fraises10.JPG\" alt=\"\" width=\"230\" \/><\/a><\/em><\/span><\/span><\/p>\n<p style=\"text-align: center;\"><span style=\"font-size: 14pt; color: #f26e0a;\"><span style=\"font-family: georgia,serif;\"><em>R\u00e9partir du fromage blanc sur les p\u00eaches, ajouter une nouvelle couche de p\u00eaches et de fromage blanc.<\/em><\/span><\/span><\/p>\n<p style=\"text-align: center;\"><span style=\"font-size: 14pt; color: #f26e0a;\"><span style=\"font-family: georgia,serif;\"><em><a style=\"color: #f26e0a;\" title=\"titre de l'image\" href=\"http:\/\/jocelyne.debon.free.fr\/charlotte-fraises\/charlotte-fraises11.JPG\" rel=\"iframe\"><img decoding=\"async\" src=\"http:\/\/jocelyne.debon.free.fr\/charlotte-fraises\/charlotte-fraises11.JPG\" alt=\"\" width=\"230\" \/> <\/a><a style=\"color: #f26e0a;\" title=\"titre de l'image\" href=\"http:\/\/jocelyne.debon.free.fr\/charlotte-fraises\/charlotte-fraises13.JPG\" rel=\"iframe\"> <img decoding=\"async\" src=\"http:\/\/jocelyne.debon.free.fr\/charlotte-fraises\/charlotte-fraises13.JPG\" alt=\"\" width=\"220\" \/><\/a><a style=\"color: #f26e0a;\" title=\"titre de l'image\" href=\"http:\/\/jocelyne.debon.free.fr\/charlotte-fraises\/charlotte-fraises14.JPG\" rel=\"iframe\"> <img decoding=\"async\" src=\"http:\/\/jocelyne.debon.free.fr\/charlotte-fraises\/charlotte-fraises14.JPG\" alt=\"\" width=\"220\" \/><\/a><\/em><\/span><\/span><\/p>\n<p style=\"text-align: center;\"><span style=\"font-size: 14pt; color: #f26e0a;\"><span style=\"font-family: georgia,serif;\"><em>Ajouter ensuite les morceaux de boudoirs restants des coupes, terminer par du fromage blanc.<\/em><\/span><\/span><\/p>\n<p style=\"text-align: center;\"><span style=\"font-size: 14pt; color: #f26e0a;\"><span style=\"font-family: georgia,serif;\"><em><a style=\"color: #f26e0a;\" title=\"titre de l'image\" href=\"http:\/\/jocelyne.debon.free.fr\/charlotte-fraises\/charlotte-fraises15.JPG\" rel=\"iframe\"><img decoding=\"async\" src=\"http:\/\/jocelyne.debon.free.fr\/charlotte-fraises\/charlotte-fraises15.JPG\" alt=\"\" width=\"230\" \/><\/a><\/em><\/span><\/span><\/p>\n<p style=\"text-align: center;\"><span style=\"color: #f26e0a; font-size: 14pt;\"><span style=\"font-family: georgia,serif;\"><em>Mettre le couvercle, faire le vide d&rsquo;air et entreposer une nuit au r\u00e9frig\u00e9rateur ou \u00e0 r\u00e9aliser le matin pour le soir. D\u00e9mouler d\u00e9licatement et d\u00e9corer avec les tranches de p\u00eache mises de c\u00f4t\u00e9, des feuilles de menthe et des billes de sucre.<\/em><\/span><\/span><\/p>\n<p style=\"text-align: center;\"><span style=\"color: #f26e0a; font-size: 14pt;\"><span style=\"font-family: georgia,serif;\"><em>Bon app\u00e9tit!<\/em><\/span><\/span><\/p>\n<p style=\"text-align: center;\"><span style=\"color: #f26e0a;\"><img loading=\"lazy\" decoding=\"async\" class=\"alignnone wp-image-20598\" src=\"http:\/\/recettes-gourmandes-de-joce.fr\/wp-content\/uploads\/2020\/04\/P1140175-150x150.jpg\" alt=\"\" width=\"195\" height=\"180\" srcset=\"http:\/\/recettes-gourmandes-de-joce.fr\/wp-content\/uploads\/2020\/04\/P1140175-300x277.jpg 300w, http:\/\/recettes-gourmandes-de-joce.fr\/wp-content\/uploads\/2020\/04\/P1140175.jpg 550w\" sizes=\"auto, (max-width: 195px) 100vw, 195px\" \/> <img loading=\"lazy\" decoding=\"async\" class=\"alignnone wp-image-20607\" src=\"http:\/\/recettes-gourmandes-de-joce.fr\/wp-content\/uploads\/2020\/04\/P82301571-150x150.jpg\" alt=\"\" width=\"274\" height=\"180\" srcset=\"http:\/\/recettes-gourmandes-de-joce.fr\/wp-content\/uploads\/2020\/04\/P82301571-300x197.jpg 300w, http:\/\/recettes-gourmandes-de-joce.fr\/wp-content\/uploads\/2020\/04\/P82301571.jpg 550w\" sizes=\"auto, (max-width: 274px) 100vw, 274px\" \/> <img loading=\"lazy\" decoding=\"async\" class=\"alignnone wp-image-20606\" src=\"http:\/\/recettes-gourmandes-de-joce.fr\/wp-content\/uploads\/2020\/04\/P82301531-150x150.jpg\" alt=\"\" width=\"224\" height=\"180\" srcset=\"http:\/\/recettes-gourmandes-de-joce.fr\/wp-content\/uploads\/2020\/04\/P82301531-300x241.jpg 300w, http:\/\/recettes-gourmandes-de-joce.fr\/wp-content\/uploads\/2020\/04\/P82301531.jpg 550w\" sizes=\"auto, (max-width: 224px) 100vw, 224px\" \/><\/span><\/p>\n<p style=\"text-align: center;\"><img loading=\"lazy\" decoding=\"async\" class=\"alignnone wp-image-16654 size-full\" src=\"http:\/\/recettes-gourmandes-de-joce.fr\/wp-content\/uploads\/2020\/01\/logitech-gaming-software-14112014-121223.jpg\" alt=\"\" width=\"640\" height=\"144\" srcset=\"http:\/\/recettes-gourmandes-de-joce.fr\/wp-content\/uploads\/2020\/01\/logitech-gaming-software-14112014-121223.jpg 640w, http:\/\/recettes-gourmandes-de-joce.fr\/wp-content\/uploads\/2020\/01\/logitech-gaming-software-14112014-121223-300x68.jpg 300w\" sizes=\"auto, (max-width: 640px) 100vw, 640px\" \/><\/p>\n","protected":false},"excerpt":{"rendered":"<p>Une de mes recettes Ingr\u00e9dients pour 6 personnes 1 boite de p\u00eaches au sirop 250 gr de fromage blanc 3 c \u00e0 soupe de sucre en poudre 1 sachet de sucre vanill\u00e9 ( facultatif) 1 paquet de biscuits \u00e0 la cuill\u00e8re ou de boudoirs Pour la d\u00e9co Quelques feuilles de menthe fra\u00eeches\u00a0 Couper les p\u00eache &hellip; <\/p>\n<p><a class=\"more-link btn\" href=\"http:\/\/recettes-gourmandes-de-joce.fr\/index.php\/index\/desserts\/fruits\/20610-2\/\">Lire la suite<\/a><\/p>\n","protected":false},"author":2,"featured_media":84816,"parent":173,"menu_order":0,"comment_status":"open","ping_status":"closed","template":"","meta":{"footnotes":""},"class_list":["post-20610","page","type-page","status-publish","has-post-thumbnail","hentry","nodate","item-wrap"],"_links":{"self":[{"href":"http:\/\/recettes-gourmandes-de-joce.fr\/index.php\/wp-json\/wp\/v2\/pages\/20610","targetHints":{"allow":["GET"]}}],"collection":[{"href":"http:\/\/recettes-gourmandes-de-joce.fr\/index.php\/wp-json\/wp\/v2\/pages"}],"about":[{"href":"http:\/\/recettes-gourmandes-de-joce.fr\/index.php\/wp-json\/wp\/v2\/types\/page"}],"author":[{"embeddable":true,"href":"http:\/\/recettes-gourmandes-de-joce.fr\/index.php\/wp-json\/wp\/v2\/users\/2"}],"replies":[{"embeddable":true,"href":"http:\/\/recettes-gourmandes-de-joce.fr\/index.php\/wp-json\/wp\/v2\/comments?post=20610"}],"version-history":[{"count":7,"href":"http:\/\/recettes-gourmandes-de-joce.fr\/index.php\/wp-json\/wp\/v2\/pages\/20610\/revisions"}],"predecessor-version":[{"id":84817,"href":"http:\/\/recettes-gourmandes-de-joce.fr\/index.php\/wp-json\/wp\/v2\/pages\/20610\/revisions\/84817"}],"up":[{"embeddable":true,"href":"http:\/\/recettes-gourmandes-de-joce.fr\/index.php\/wp-json\/wp\/v2\/pages\/173"}],"wp:featuredmedia":[{"embeddable":true,"href":"http:\/\/recettes-gourmandes-de-joce.fr\/index.php\/wp-json\/wp\/v2\/media\/84816"}],"wp:attachment":[{"href":"http:\/\/recettes-gourmandes-de-joce.fr\/index.php\/wp-json\/wp\/v2\/media?parent=20610"}],"curies":[{"name":"wp","href":"https:\/\/api.w.org\/{rel}","templated":true}]}}