{"id":2058,"date":"2019-10-01T17:49:16","date_gmt":"2019-10-01T17:49:16","guid":{"rendered":"http:\/\/recettes-gourmandes-de-joce.fr\/?page_id=2058"},"modified":"2024-08-16T12:50:47","modified_gmt":"2024-08-16T12:50:47","slug":"osso-buco-de-dinde-aux-cepes","status":"publish","type":"page","link":"http:\/\/recettes-gourmandes-de-joce.fr\/index.php\/index\/viandes\/volailles\/dinde-dindonneau-coquelets\/osso-buco-de-dinde-aux-cepes\/","title":{"rendered":"Osso buco de dinde aux c\u00e8pes."},"content":{"rendered":"<p style=\"text-align: center;\"><span style=\"color: #993300;\"><span style=\"font-size: 24px;\"><span style=\"font-family: georgia,serif;\"><u><em>Une de mes recettes<\/em><\/u><\/span><\/span><\/span><\/p>\n<p style=\"text-align: center;\"><img loading=\"lazy\" decoding=\"async\" class=\"alignnone wp-image-68388\" src=\"http:\/\/recettes-gourmandes-de-joce.fr\/wp-content\/uploads\/2024\/04\/osso-buco3.jpg\" alt=\"\" width=\"270\" height=\"180\" srcset=\"http:\/\/recettes-gourmandes-de-joce.fr\/wp-content\/uploads\/2024\/04\/osso-buco3.jpg 1024w, http:\/\/recettes-gourmandes-de-joce.fr\/wp-content\/uploads\/2024\/04\/osso-buco3-768x512.jpg 768w, http:\/\/recettes-gourmandes-de-joce.fr\/wp-content\/uploads\/2024\/04\/osso-buco3-750x500.jpg 750w\" sizes=\"auto, (max-width: 270px) 100vw, 270px\" \/>\u00a0<img loading=\"lazy\" decoding=\"async\" class=\"alignnone wp-image-68386\" src=\"http:\/\/recettes-gourmandes-de-joce.fr\/wp-content\/uploads\/2024\/04\/osso-buco1.jpg\" alt=\"\" width=\"299\" height=\"180\" srcset=\"http:\/\/recettes-gourmandes-de-joce.fr\/wp-content\/uploads\/2024\/04\/osso-buco1.jpg 1024w, http:\/\/recettes-gourmandes-de-joce.fr\/wp-content\/uploads\/2024\/04\/osso-buco1-768x462.jpg 768w, http:\/\/recettes-gourmandes-de-joce.fr\/wp-content\/uploads\/2024\/04\/osso-buco1-750x451.jpg 750w\" sizes=\"auto, (max-width: 299px) 100vw, 299px\" \/><img loading=\"lazy\" decoding=\"async\" class=\"alignnone wp-image-68387\" src=\"http:\/\/recettes-gourmandes-de-joce.fr\/wp-content\/uploads\/2024\/04\/osso-buco2.jpg\" alt=\"\" width=\"270\" height=\"180\" srcset=\"http:\/\/recettes-gourmandes-de-joce.fr\/wp-content\/uploads\/2024\/04\/osso-buco2.jpg 1024w, http:\/\/recettes-gourmandes-de-joce.fr\/wp-content\/uploads\/2024\/04\/osso-buco2-768x512.jpg 768w, http:\/\/recettes-gourmandes-de-joce.fr\/wp-content\/uploads\/2024\/04\/osso-buco2-750x500.jpg 750w\" sizes=\"auto, (max-width: 270px) 100vw, 270px\" \/><\/p>\n<p style=\"text-align: center;\"><span style=\"color: #993300;\"><span style=\"font-size: 24px;\"><span style=\"font-family: georgia,serif;\"><u><em>Ingr\u00e9dients pour 3 personnes<\/em><\/u><\/span><\/span><\/span><\/p>\n<p style=\"text-align: center;\"><img loading=\"lazy\" decoding=\"async\" class=\"alignnone wp-image-68389\" src=\"http:\/\/recettes-gourmandes-de-joce.fr\/wp-content\/uploads\/2024\/04\/osso-buco4.jpg\" alt=\"\" width=\"271\" height=\"200\" srcset=\"http:\/\/recettes-gourmandes-de-joce.fr\/wp-content\/uploads\/2024\/04\/osso-buco4.jpg 1024w, http:\/\/recettes-gourmandes-de-joce.fr\/wp-content\/uploads\/2024\/04\/osso-buco4-768x567.jpg 768w, http:\/\/recettes-gourmandes-de-joce.fr\/wp-content\/uploads\/2024\/04\/osso-buco4-750x554.jpg 750w\" sizes=\"auto, (max-width: 271px) 100vw, 271px\" \/><\/p>\n<p style=\"text-align: center;\"><span style=\"font-size: 20px; color: #993300;\"><span style=\"font-family: georgia,serif;\"><em>1 kg d&rsquo;osso buco de dinde<\/em><\/span><\/span><\/p>\n<p style=\"text-align: center;\"><span style=\"font-size: 20px; color: #993300;\"><span style=\"font-family: georgia,serif;\"><em>100 g de lardons fum\u00e9s<\/em><\/span><\/span><\/p>\n<p style=\"text-align: center;\"><span style=\"font-size: 20px; color: #993300;\"><span style=\"font-family: georgia,serif;\"><em>1 oignon<\/em><\/span><\/span><\/p>\n<p style=\"text-align: center;\"><span style=\"font-size: 20px; color: #993300;\"><span style=\"font-family: georgia,serif;\"><em>6 gousses d&rsquo;ail<\/em><\/span><\/span><\/p>\n<p style=\"text-align: center;\"><span style=\"font-size: 20px; color: #993300;\"><span style=\"font-family: georgia,serif;\"><em>1 petit bouquet de persil<\/em><\/span><\/span><\/p>\n<p style=\"text-align: center;\"><span style=\"font-size: 20px; color: #993300;\"><span style=\"font-family: georgia,serif;\"><em>15 g de c\u00e8pes d\u00e9shydrat\u00e9s (Lidl moins de 3\u20ac le bocal)<\/em><\/span><\/span><\/p>\n<p style=\"text-align: center;\"><span style=\"font-size: 20px; color: #993300;\"><span style=\"font-family: georgia,serif;\"><em><span style=\"font-family: georgia, serif;\"><span style=\"font-size: 20px;\">1 c \u00e0 s rase d&rsquo;\u00e9pices rago\u00fbt\u00a0d\u00e9tails sur ce lien -&gt; <\/span><\/span><span style=\"color: #800080;\">\u00c9pic\u00e9too<\/span><\/em><\/span><\/span><\/p>\n<p style=\"text-align: center;\"><span style=\"font-size: 20px; color: #993300;\"><span style=\"font-family: georgia,serif;\"><em>1 cube de bouillon de volaille<\/em><\/span><\/span><\/p>\n<p style=\"text-align: center;\"><span style=\"font-size: 20px; color: #993300;\"><span style=\"font-family: georgia,serif;\"><em>3 c \u00e0 s rase de farine<\/em><\/span><\/span><\/p>\n<p style=\"text-align: center;\"><span style=\"font-size: 20px; color: #993300;\"><span style=\"font-family: georgia,serif;\"><em>Huile d&rsquo;olive<\/em><\/span><\/span><\/p>\n<p style=\"text-align: center;\"><span style=\"font-size: 20px; color: #993300;\"><span style=\"font-family: georgia,serif;\"><em>Sel et poivre<\/em><\/span><\/span><\/p>\n<p style=\"text-align: center;\"><img loading=\"lazy\" decoding=\"async\" class=\"alignnone wp-image-68390\" src=\"http:\/\/recettes-gourmandes-de-joce.fr\/wp-content\/uploads\/2024\/04\/osso-buco5.jpg\" alt=\"\" width=\"247\" height=\"165\" srcset=\"http:\/\/recettes-gourmandes-de-joce.fr\/wp-content\/uploads\/2024\/04\/osso-buco5.jpg 1024w, http:\/\/recettes-gourmandes-de-joce.fr\/wp-content\/uploads\/2024\/04\/osso-buco5-768x512.jpg 768w, http:\/\/recettes-gourmandes-de-joce.fr\/wp-content\/uploads\/2024\/04\/osso-buco5-750x500.jpg 750w\" sizes=\"auto, (max-width: 247px) 100vw, 247px\" \/> <img loading=\"lazy\" decoding=\"async\" class=\"alignnone wp-image-68391\" src=\"http:\/\/recettes-gourmandes-de-joce.fr\/wp-content\/uploads\/2024\/04\/osso-buco6.jpg\" alt=\"\" width=\"213\" height=\"165\" srcset=\"http:\/\/recettes-gourmandes-de-joce.fr\/wp-content\/uploads\/2024\/04\/osso-buco6.jpg 1024w, http:\/\/recettes-gourmandes-de-joce.fr\/wp-content\/uploads\/2024\/04\/osso-buco6-768x596.jpg 768w, http:\/\/recettes-gourmandes-de-joce.fr\/wp-content\/uploads\/2024\/04\/osso-buco6-750x582.jpg 750w\" sizes=\"auto, (max-width: 213px) 100vw, 213px\" \/> <img loading=\"lazy\" decoding=\"async\" class=\"alignnone wp-image-68392\" src=\"http:\/\/recettes-gourmandes-de-joce.fr\/wp-content\/uploads\/2024\/04\/osso-buco7.jpg\" alt=\"\" width=\"233\" height=\"165\" srcset=\"http:\/\/recettes-gourmandes-de-joce.fr\/wp-content\/uploads\/2024\/04\/osso-buco7.jpg 1024w, http:\/\/recettes-gourmandes-de-joce.fr\/wp-content\/uploads\/2024\/04\/osso-buco7-768x543.jpg 768w, http:\/\/recettes-gourmandes-de-joce.fr\/wp-content\/uploads\/2024\/04\/osso-buco7-750x530.jpg 750w\" sizes=\"auto, (max-width: 233px) 100vw, 233px\" \/><\/p>\n<p style=\"text-align: center;\"><span style=\"font-size: 14pt; color: #993300;\"><span style=\"font-family: georgia,serif;\"><em>Mettre les c\u00e8pes \u00e0 r\u00e9hydrater dans un petit bol d&rsquo;eau chaude. Dissoudre le cube de bouillon de volaille dans 500 ml d&rsquo;eau chaude. Laver et ciseler le persil. Peler et \u00e9mincer l&rsquo;oignon, peler et couper en deux dans le sens de la longueur les gousses d&rsquo;ail et les d\u00e9germer. Dans une sauteuse, mettre un filet d&rsquo;huile d&rsquo;olive, ajouter les morceaux de dinde, saler et poivrer.<\/em><\/span><\/span><\/p>\n<p style=\"text-align: center;\"><img loading=\"lazy\" decoding=\"async\" class=\"alignnone wp-image-68374\" src=\"http:\/\/recettes-gourmandes-de-joce.fr\/wp-content\/uploads\/2024\/04\/osso-buco8.jpg\" alt=\"\" width=\"217\" height=\"165\" srcset=\"http:\/\/recettes-gourmandes-de-joce.fr\/wp-content\/uploads\/2024\/04\/osso-buco8.jpg 1024w, http:\/\/recettes-gourmandes-de-joce.fr\/wp-content\/uploads\/2024\/04\/osso-buco8-768x585.jpg 768w, http:\/\/recettes-gourmandes-de-joce.fr\/wp-content\/uploads\/2024\/04\/osso-buco8-750x571.jpg 750w\" sizes=\"auto, (max-width: 217px) 100vw, 217px\" \/>\u00a0<img loading=\"lazy\" decoding=\"async\" class=\"alignnone wp-image-68375\" src=\"http:\/\/recettes-gourmandes-de-joce.fr\/wp-content\/uploads\/2024\/04\/osso-buco9.jpg\" alt=\"\" width=\"254\" height=\"165\" srcset=\"http:\/\/recettes-gourmandes-de-joce.fr\/wp-content\/uploads\/2024\/04\/osso-buco9.jpg 1024w, http:\/\/recettes-gourmandes-de-joce.fr\/wp-content\/uploads\/2024\/04\/osso-buco9-768x500.jpg 768w, http:\/\/recettes-gourmandes-de-joce.fr\/wp-content\/uploads\/2024\/04\/osso-buco9-750x488.jpg 750w\" sizes=\"auto, (max-width: 254px) 100vw, 254px\" \/> <img loading=\"lazy\" decoding=\"async\" class=\"alignnone wp-image-68376\" src=\"http:\/\/recettes-gourmandes-de-joce.fr\/wp-content\/uploads\/2024\/04\/osso-buco10.jpg\" alt=\"\" width=\"243\" height=\"165\" srcset=\"http:\/\/recettes-gourmandes-de-joce.fr\/wp-content\/uploads\/2024\/04\/osso-buco10.jpg 1024w, http:\/\/recettes-gourmandes-de-joce.fr\/wp-content\/uploads\/2024\/04\/osso-buco10-768x522.jpg 768w, http:\/\/recettes-gourmandes-de-joce.fr\/wp-content\/uploads\/2024\/04\/osso-buco10-750x510.jpg 750w\" sizes=\"auto, (max-width: 243px) 100vw, 243px\" \/><\/p>\n<p style=\"text-align: center;\"><span style=\"font-size: 14pt; color: #993300;\"><span style=\"font-family: georgia,serif;\"><em>Ajouter la moiti\u00e9 des \u00e9pices et bien colorer les morceaux sur toutes les faces. Les d\u00e9barrasser ensuite. \u00c0 la place, mettre l&rsquo;ail et les oignons.<\/em><\/span><\/span><\/p>\n<p style=\"text-align: center;\"><img loading=\"lazy\" decoding=\"async\" class=\"alignnone wp-image-68377\" src=\"http:\/\/recettes-gourmandes-de-joce.fr\/wp-content\/uploads\/2024\/04\/osso-buco11.jpg\" alt=\"\" width=\"222\" height=\"165\" srcset=\"http:\/\/recettes-gourmandes-de-joce.fr\/wp-content\/uploads\/2024\/04\/osso-buco11.jpg 1024w, http:\/\/recettes-gourmandes-de-joce.fr\/wp-content\/uploads\/2024\/04\/osso-buco11-768x571.jpg 768w, http:\/\/recettes-gourmandes-de-joce.fr\/wp-content\/uploads\/2024\/04\/osso-buco11-750x557.jpg 750w\" sizes=\"auto, (max-width: 222px) 100vw, 222px\" \/> <img loading=\"lazy\" decoding=\"async\" class=\"alignnone wp-image-68378\" src=\"http:\/\/recettes-gourmandes-de-joce.fr\/wp-content\/uploads\/2024\/04\/osso-buco12.jpg\" alt=\"\" width=\"231\" height=\"165\" srcset=\"http:\/\/recettes-gourmandes-de-joce.fr\/wp-content\/uploads\/2024\/04\/osso-buco12.jpg 1024w, http:\/\/recettes-gourmandes-de-joce.fr\/wp-content\/uploads\/2024\/04\/osso-buco12-768x549.jpg 768w, http:\/\/recettes-gourmandes-de-joce.fr\/wp-content\/uploads\/2024\/04\/osso-buco12-750x536.jpg 750w\" sizes=\"auto, (max-width: 231px) 100vw, 231px\" \/> <img loading=\"lazy\" decoding=\"async\" class=\"alignnone wp-image-68379\" src=\"http:\/\/recettes-gourmandes-de-joce.fr\/wp-content\/uploads\/2024\/04\/osso-buco13.jpg\" alt=\"\" width=\"220\" height=\"165\" srcset=\"http:\/\/recettes-gourmandes-de-joce.fr\/wp-content\/uploads\/2024\/04\/osso-buco13.jpg 1024w, http:\/\/recettes-gourmandes-de-joce.fr\/wp-content\/uploads\/2024\/04\/osso-buco13-768x577.jpg 768w, http:\/\/recettes-gourmandes-de-joce.fr\/wp-content\/uploads\/2024\/04\/osso-buco13-750x563.jpg 750w\" sizes=\"auto, (max-width: 220px) 100vw, 220px\" \/><\/p>\n<p style=\"text-align: center;\"><span style=\"font-size: 14pt; color: #993300;\"><span style=\"font-family: georgia,serif;\"><em>Les faire colorer et ajouter les lardons, laisser suer encore quelques instants et ajouter la farine, bien m\u00e9langer, verser le bouillon de volaille et bien remuer.<\/em><\/span><\/span><\/p>\n<p style=\"text-align: center;\"><img loading=\"lazy\" decoding=\"async\" class=\"alignnone wp-image-68380\" src=\"http:\/\/recettes-gourmandes-de-joce.fr\/wp-content\/uploads\/2024\/04\/osso-buco14.jpg\" alt=\"\" width=\"238\" height=\"165\" srcset=\"http:\/\/recettes-gourmandes-de-joce.fr\/wp-content\/uploads\/2024\/04\/osso-buco14.jpg 1024w, http:\/\/recettes-gourmandes-de-joce.fr\/wp-content\/uploads\/2024\/04\/osso-buco14-768x533.jpg 768w, http:\/\/recettes-gourmandes-de-joce.fr\/wp-content\/uploads\/2024\/04\/osso-buco14-750x520.jpg 750w\" sizes=\"auto, (max-width: 238px) 100vw, 238px\" \/> <img loading=\"lazy\" decoding=\"async\" class=\"alignnone wp-image-68381\" src=\"http:\/\/recettes-gourmandes-de-joce.fr\/wp-content\/uploads\/2024\/04\/osso-buco15.jpg\" alt=\"\" width=\"211\" height=\"165\" srcset=\"http:\/\/recettes-gourmandes-de-joce.fr\/wp-content\/uploads\/2024\/04\/osso-buco15.jpg 1024w, http:\/\/recettes-gourmandes-de-joce.fr\/wp-content\/uploads\/2024\/04\/osso-buco15-768x602.jpg 768w, http:\/\/recettes-gourmandes-de-joce.fr\/wp-content\/uploads\/2024\/04\/osso-buco15-750x587.jpg 750w\" sizes=\"auto, (max-width: 211px) 100vw, 211px\" \/> <img loading=\"lazy\" decoding=\"async\" class=\"alignnone wp-image-68382\" src=\"http:\/\/recettes-gourmandes-de-joce.fr\/wp-content\/uploads\/2024\/04\/osso-buco16.jpg\" alt=\"\" width=\"228\" height=\"165\" srcset=\"http:\/\/recettes-gourmandes-de-joce.fr\/wp-content\/uploads\/2024\/04\/osso-buco16.jpg 1024w, http:\/\/recettes-gourmandes-de-joce.fr\/wp-content\/uploads\/2024\/04\/osso-buco16-768x555.jpg 768w, http:\/\/recettes-gourmandes-de-joce.fr\/wp-content\/uploads\/2024\/04\/osso-buco16-750x542.jpg 750w\" sizes=\"auto, (max-width: 228px) 100vw, 228px\" \/><\/p>\n<p style=\"text-align: center;\"><span style=\"color: #993300; font-size: 14pt;\"><span style=\"font-family: georgia,serif;\"><em>Ajouter les c\u00e8pes et leur jus, le persil et le reste des \u00e9pices, m\u00e9langer et ajouter la dinde. Laisser mijoter environ 1 h \u00e0 feu tr\u00e8s doux en remuant r\u00e9guli\u00e8rement et en retournant les morceaux.<\/em><\/span><\/span><\/p>\n<p style=\"text-align: center;\"><span style=\"color: #993300; font-size: 14pt;\"><span style=\"font-family: georgia,serif;\"><em>Bon app\u00e9tit!<\/em><\/span><\/span><\/p>\n<p style=\"text-align: center;\"><img loading=\"lazy\" decoding=\"async\" class=\"alignnone wp-image-68384\" src=\"http:\/\/recettes-gourmandes-de-joce.fr\/wp-content\/uploads\/2024\/04\/osso-buco18.jpg\" alt=\"\" width=\"270\" height=\"180\" srcset=\"http:\/\/recettes-gourmandes-de-joce.fr\/wp-content\/uploads\/2024\/04\/osso-buco18.jpg 1024w, http:\/\/recettes-gourmandes-de-joce.fr\/wp-content\/uploads\/2024\/04\/osso-buco18-768x512.jpg 768w, http:\/\/recettes-gourmandes-de-joce.fr\/wp-content\/uploads\/2024\/04\/osso-buco18-750x500.jpg 750w\" sizes=\"auto, (max-width: 270px) 100vw, 270px\" \/><\/p>\n<p style=\"text-align: center;\"><img loading=\"lazy\" decoding=\"async\" class=\"alignnone wp-image-68383\" src=\"http:\/\/recettes-gourmandes-de-joce.fr\/wp-content\/uploads\/2024\/04\/osso-buco17.jpg\" alt=\"\" width=\"270\" height=\"180\" srcset=\"http:\/\/recettes-gourmandes-de-joce.fr\/wp-content\/uploads\/2024\/04\/osso-buco17.jpg 1024w, http:\/\/recettes-gourmandes-de-joce.fr\/wp-content\/uploads\/2024\/04\/osso-buco17-768x512.jpg 768w, http:\/\/recettes-gourmandes-de-joce.fr\/wp-content\/uploads\/2024\/04\/osso-buco17-750x500.jpg 750w\" sizes=\"auto, (max-width: 270px) 100vw, 270px\" \/> <img loading=\"lazy\" decoding=\"async\" class=\"alignnone wp-image-68385\" src=\"http:\/\/recettes-gourmandes-de-joce.fr\/wp-content\/uploads\/2024\/04\/osso-buco19.jpg\" alt=\"\" width=\"258\" height=\"180\" srcset=\"http:\/\/recettes-gourmandes-de-joce.fr\/wp-content\/uploads\/2024\/04\/osso-buco19.jpg 1024w, http:\/\/recettes-gourmandes-de-joce.fr\/wp-content\/uploads\/2024\/04\/osso-buco19-768x536.jpg 768w, http:\/\/recettes-gourmandes-de-joce.fr\/wp-content\/uploads\/2024\/04\/osso-buco19-750x523.jpg 750w\" sizes=\"auto, (max-width: 258px) 100vw, 258px\" \/><\/p>\n<p style=\"text-align: center;\"><img loading=\"lazy\" decoding=\"async\" class=\"alignnone size-full wp-image-59803\" src=\"http:\/\/recettes-gourmandes-de-joce.fr\/wp-content\/uploads\/2024\/01\/logitech-gaming-software-14112014-121223.jpg\" alt=\"\" width=\"640\" height=\"144\" \/><\/p>\n","protected":false},"excerpt":{"rendered":"<p>Une de mes recettes \u00a0 Ingr\u00e9dients pour 3 personnes 1 kg d&rsquo;osso buco de dinde 100 g de lardons fum\u00e9s 1 oignon 6 gousses d&rsquo;ail 1 petit bouquet de persil 15 g de c\u00e8pes d\u00e9shydrat\u00e9s (Lidl moins de 3\u20ac le bocal) 1 c \u00e0 s rase d&rsquo;\u00e9pices rago\u00fbt\u00a0d\u00e9tails sur ce lien -&gt; \u00c9pic\u00e9too 1 cube &hellip; <\/p>\n<p><a class=\"more-link btn\" href=\"http:\/\/recettes-gourmandes-de-joce.fr\/index.php\/index\/viandes\/volailles\/dinde-dindonneau-coquelets\/osso-buco-de-dinde-aux-cepes\/\">Lire la suite<\/a><\/p>\n","protected":false},"author":2,"featured_media":68384,"parent":985,"menu_order":0,"comment_status":"open","ping_status":"closed","template":"","meta":{"footnotes":""},"class_list":["post-2058","page","type-page","status-publish","has-post-thumbnail","hentry","nodate","item-wrap"],"_links":{"self":[{"href":"http:\/\/recettes-gourmandes-de-joce.fr\/index.php\/wp-json\/wp\/v2\/pages\/2058","targetHints":{"allow":["GET"]}}],"collection":[{"href":"http:\/\/recettes-gourmandes-de-joce.fr\/index.php\/wp-json\/wp\/v2\/pages"}],"about":[{"href":"http:\/\/recettes-gourmandes-de-joce.fr\/index.php\/wp-json\/wp\/v2\/types\/page"}],"author":[{"embeddable":true,"href":"http:\/\/recettes-gourmandes-de-joce.fr\/index.php\/wp-json\/wp\/v2\/users\/2"}],"replies":[{"embeddable":true,"href":"http:\/\/recettes-gourmandes-de-joce.fr\/index.php\/wp-json\/wp\/v2\/comments?post=2058"}],"version-history":[{"count":5,"href":"http:\/\/recettes-gourmandes-de-joce.fr\/index.php\/wp-json\/wp\/v2\/pages\/2058\/revisions"}],"predecessor-version":[{"id":88743,"href":"http:\/\/recettes-gourmandes-de-joce.fr\/index.php\/wp-json\/wp\/v2\/pages\/2058\/revisions\/88743"}],"up":[{"embeddable":true,"href":"http:\/\/recettes-gourmandes-de-joce.fr\/index.php\/wp-json\/wp\/v2\/pages\/985"}],"wp:featuredmedia":[{"embeddable":true,"href":"http:\/\/recettes-gourmandes-de-joce.fr\/index.php\/wp-json\/wp\/v2\/media\/68384"}],"wp:attachment":[{"href":"http:\/\/recettes-gourmandes-de-joce.fr\/index.php\/wp-json\/wp\/v2\/media?parent=2058"}],"curies":[{"name":"wp","href":"https:\/\/api.w.org\/{rel}","templated":true}]}}