{"id":2046,"date":"2019-10-01T13:01:36","date_gmt":"2019-10-01T13:01:36","guid":{"rendered":"http:\/\/recettes-gourmandes-de-joce.fr\/?page_id=2046"},"modified":"2024-04-09T23:30:12","modified_gmt":"2024-04-09T23:30:12","slug":"magrets-de-canard-sauce-au-vin-rouge-epicee","status":"publish","type":"page","link":"http:\/\/recettes-gourmandes-de-joce.fr\/index.php\/index\/viandes\/volailles\/canard-pintade\/magrets-de-canard-sauce-au-vin-rouge-epicee\/","title":{"rendered":"Magrets de canard sauce au vin rouge \u00e9pic\u00e9e."},"content":{"rendered":"<p style=\"text-align: center;\"><span style=\"color: #b22222;\"><span style=\"font-size: 24px;\"><span style=\"font-family: georgia,serif;\"><u><em>Une de mes recettes<\/em><\/u><\/span><\/span><\/span><\/p>\n<p style=\"text-align: center;\">\u00a0 \u00a0 <img loading=\"lazy\" decoding=\"async\" class=\"alignnone wp-image-67407\" src=\"http:\/\/recettes-gourmandes-de-joce.fr\/wp-content\/uploads\/2024\/04\/magret-vin3.jpg\" alt=\"\" width=\"240\" height=\"180\" srcset=\"http:\/\/recettes-gourmandes-de-joce.fr\/wp-content\/uploads\/2024\/04\/magret-vin3.jpg 1024w, http:\/\/recettes-gourmandes-de-joce.fr\/wp-content\/uploads\/2024\/04\/magret-vin3-768x576.jpg 768w, http:\/\/recettes-gourmandes-de-joce.fr\/wp-content\/uploads\/2024\/04\/magret-vin3-750x563.jpg 750w\" sizes=\"auto, (max-width: 240px) 100vw, 240px\" \/>\u00a0<img loading=\"lazy\" decoding=\"async\" class=\"alignnone wp-image-67405\" src=\"http:\/\/recettes-gourmandes-de-joce.fr\/wp-content\/uploads\/2024\/04\/magret-vin1.jpg\" alt=\"\" width=\"270\" height=\"180\" srcset=\"http:\/\/recettes-gourmandes-de-joce.fr\/wp-content\/uploads\/2024\/04\/magret-vin1.jpg 1024w, http:\/\/recettes-gourmandes-de-joce.fr\/wp-content\/uploads\/2024\/04\/magret-vin1-768x512.jpg 768w, http:\/\/recettes-gourmandes-de-joce.fr\/wp-content\/uploads\/2024\/04\/magret-vin1-750x500.jpg 750w\" sizes=\"auto, (max-width: 270px) 100vw, 270px\" \/><img loading=\"lazy\" decoding=\"async\" class=\"alignnone wp-image-67406\" src=\"http:\/\/recettes-gourmandes-de-joce.fr\/wp-content\/uploads\/2024\/04\/magret-vin2.jpg\" alt=\"\" width=\"292\" height=\"180\" srcset=\"http:\/\/recettes-gourmandes-de-joce.fr\/wp-content\/uploads\/2024\/04\/magret-vin2.jpg 1024w, http:\/\/recettes-gourmandes-de-joce.fr\/wp-content\/uploads\/2024\/04\/magret-vin2-768x474.jpg 768w, http:\/\/recettes-gourmandes-de-joce.fr\/wp-content\/uploads\/2024\/04\/magret-vin2-750x463.jpg 750w\" sizes=\"auto, (max-width: 292px) 100vw, 292px\" \/><\/p>\n<p style=\"text-align: center;\"><span style=\"color: #b22222;\"><span style=\"font-size: 24px;\"><span style=\"font-family: georgia,serif;\"><u><em>Ingr\u00e9dients pour 3\/4 personnes selon les app\u00e9tits<\/em><\/u><\/span><\/span><\/span><\/p>\n<p style=\"text-align: center;\"><img loading=\"lazy\" decoding=\"async\" class=\"alignnone wp-image-67408\" src=\"http:\/\/recettes-gourmandes-de-joce.fr\/wp-content\/uploads\/2024\/04\/magret-vin4.jpg\" alt=\"\" width=\"267\" height=\"200\" srcset=\"http:\/\/recettes-gourmandes-de-joce.fr\/wp-content\/uploads\/2024\/04\/magret-vin4.jpg 1024w, http:\/\/recettes-gourmandes-de-joce.fr\/wp-content\/uploads\/2024\/04\/magret-vin4-768x576.jpg 768w, http:\/\/recettes-gourmandes-de-joce.fr\/wp-content\/uploads\/2024\/04\/magret-vin4-750x563.jpg 750w\" sizes=\"auto, (max-width: 267px) 100vw, 267px\" \/><\/p>\n<p style=\"text-align: center;\"><span style=\"color: #b22222; font-size: 14pt;\"><span style=\"font-family: georgia,serif;\"><em>2 magrets de canard<\/em><\/span><\/span><\/p>\n<p style=\"text-align: center;\"><span style=\"color: #b22222; font-size: 14pt;\"><span style=\"font-family: georgia,serif;\"><em>2 belles \u00e9chalotes<\/em><\/span><\/span><\/p>\n<p style=\"text-align: center;\"><span style=\"color: #b22222; font-size: 14pt;\"><span style=\"font-family: georgia,serif;\"><em>1 bonne c \u00e0 c d&rsquo;\u00e9pices 1001 nuits d\u00e9tails-&gt; <a href=\"http:\/\/www.lesrecoltesdumonde.com\/les-melanges-epices\/357-melange-1001-nuits.html\">Les r\u00e9coltes du monde<\/a><\/em><\/span><\/span><\/p>\n<p style=\"text-align: center;\"><span style=\"color: #b22222; font-size: 14pt;\"><span style=\"font-family: georgia,serif;\"><em>1 c \u00e0 s de c\u00e8pes en poudre\u00a0<\/em><\/span><\/span><\/p>\n<p style=\"text-align: center;\"><span style=\"color: #b22222; font-size: 14pt;\"><span style=\"font-family: georgia,serif;\"><em>2 c \u00e0 s de fond de veau d\u00e9shydrat\u00e9<\/em><\/span><\/span><\/p>\n<p style=\"text-align: center;\"><span style=\"color: #b22222; font-size: 14pt;\"><span style=\"font-family: georgia,serif;\"><em>125 ml d&rsquo;eau chaude<\/em><\/span><\/span><\/p>\n<p style=\"text-align: center;\"><span style=\"color: #b22222; font-size: 14pt;\"><span style=\"font-family: georgia,serif;\"><em>100 ml de vin rouge type C\u00f4te du Rh\u00f4ne<\/em><\/span><\/span><\/p>\n<p style=\"text-align: center;\"><span style=\"color: #b22222; font-size: 14pt;\"><span style=\"font-family: georgia,serif;\"><em>Sel et poivre<\/em><\/span><\/span><\/p>\n<p style=\"text-align: center;\"><img loading=\"lazy\" decoding=\"async\" class=\"alignnone wp-image-67538\" src=\"http:\/\/recettes-gourmandes-de-joce.fr\/wp-content\/uploads\/2024\/04\/IMG_1040.jpg\" alt=\"\" width=\"280\" height=\"170\" srcset=\"http:\/\/recettes-gourmandes-de-joce.fr\/wp-content\/uploads\/2024\/04\/IMG_1040.jpg 800w, http:\/\/recettes-gourmandes-de-joce.fr\/wp-content\/uploads\/2024\/04\/IMG_1040-768x467.jpg 768w, http:\/\/recettes-gourmandes-de-joce.fr\/wp-content\/uploads\/2024\/04\/IMG_1040-750x456.jpg 750w\" sizes=\"auto, (max-width: 280px) 100vw, 280px\" \/> <img loading=\"lazy\" decoding=\"async\" class=\"alignnone wp-image-67357\" src=\"http:\/\/recettes-gourmandes-de-joce.fr\/wp-content\/uploads\/2024\/04\/magret-foie-gras18.jpg\" alt=\"\" width=\"227\" height=\"170\" \/> <img loading=\"lazy\" decoding=\"async\" class=\"alignnone wp-image-67358\" src=\"http:\/\/recettes-gourmandes-de-joce.fr\/wp-content\/uploads\/2024\/04\/magret-foie-gras19.jpg\" alt=\"\" width=\"227\" height=\"170\" \/><\/p>\n<p style=\"text-align: center;\"><span style=\"color: #b22222; font-size: 14pt;\"><span style=\"font-family: georgia,serif;\"><em>Pr\u00e9chauffer le four \u00e0 220\u00b0. Inciser c\u00f4t\u00e9 graisse les magrets en faisant attention de ne pas atteindre la chair, mettre une po\u00eale \u00e0 chauffer et y saisir les magrets c\u00f4t\u00e9 graisse en premier, saler et poivrer, lorsqu&rsquo;ils sont dor\u00e9s, les retourner, saler et poivrer \u00e0 nouveau et faire dorer le c\u00f4t\u00e9 chair. <\/em><\/span><\/span><\/p>\n<p style=\"text-align: center;\"><img loading=\"lazy\" decoding=\"async\" class=\"alignnone wp-image-67359\" src=\"http:\/\/recettes-gourmandes-de-joce.fr\/wp-content\/uploads\/2024\/04\/magret-foie-gras20.jpg\" alt=\"\" width=\"227\" height=\"170\" \/><\/p>\n<p style=\"text-align: center;\"><span style=\"color: #b22222; font-size: 14pt;\"><span style=\"font-family: georgia,serif;\"><em>Lorsque les deux c\u00f4t\u00e9s sont dor\u00e9s, les d\u00e9barrasser sans la graisse qu&rsquo;ils auront rendu dans un plat allant au four et enfourner environ 20 minutes \u00e0 220\u00b0 selon les fours et le degr\u00e9 de cuisson d\u00e9sir\u00e9e, 20 minutes ils seront bien ros\u00e9s ni trop cuits ni trop crus.<\/em><\/span><\/span><\/p>\n<p style=\"text-align: center;\"><img loading=\"lazy\" decoding=\"async\" class=\"alignnone wp-image-25615\" src=\"http:\/\/recettes-gourmandes-de-joce.fr\/wp-content\/uploads\/2020\/10\/P6230451-1-300x194.jpg\" alt=\"\" width=\"263\" height=\"170\" srcset=\"http:\/\/recettes-gourmandes-de-joce.fr\/wp-content\/uploads\/2020\/10\/P6230451-1-300x194.jpg 300w, http:\/\/recettes-gourmandes-de-joce.fr\/wp-content\/uploads\/2020\/10\/P6230451-1.jpg 530w\" sizes=\"auto, (max-width: 263px) 100vw, 263px\" \/> <img loading=\"lazy\" decoding=\"async\" class=\"alignnone wp-image-67365\" src=\"http:\/\/recettes-gourmandes-de-joce.fr\/wp-content\/uploads\/2024\/04\/magret-foie-gras6.jpg\" alt=\"\" width=\"227\" height=\"170\" \/> <img loading=\"lazy\" decoding=\"async\" class=\"alignnone wp-image-67351\" src=\"http:\/\/recettes-gourmandes-de-joce.fr\/wp-content\/uploads\/2024\/04\/magret-foie-gras11.jpg\" alt=\"\" width=\"227\" height=\"170\" \/><\/p>\n<p style=\"text-align: center;\"><span style=\"color: #b22222; font-size: 14pt;\"><span style=\"font-family: georgia,serif;\"><em>Pendant la cuisson des magrets,\u00a0peler et hacher finement les \u00e9chalotes, garder dans la po\u00eale juste l&rsquo;\u00e9quivalent de 2 c \u00e0 s de graisse de canard, y faire suer les \u00e9chalotes, m\u00e9langer.<\/em><\/span><\/span><\/p>\n<p style=\"text-align: center;\"><img loading=\"lazy\" decoding=\"async\" class=\"alignnone wp-image-67409\" src=\"http:\/\/recettes-gourmandes-de-joce.fr\/wp-content\/uploads\/2024\/04\/magret-vin5.jpg\" alt=\"\" width=\"128\" height=\"170\" srcset=\"http:\/\/recettes-gourmandes-de-joce.fr\/wp-content\/uploads\/2024\/04\/magret-vin5.jpg 768w, http:\/\/recettes-gourmandes-de-joce.fr\/wp-content\/uploads\/2024\/04\/magret-vin5-750x1000.jpg 750w\" sizes=\"auto, (max-width: 128px) 100vw, 128px\" \/> <img loading=\"lazy\" decoding=\"async\" class=\"alignnone wp-image-67411\" src=\"http:\/\/recettes-gourmandes-de-joce.fr\/wp-content\/uploads\/2024\/04\/magret-vin7.jpg\" alt=\"\" width=\"239\" height=\"170\" srcset=\"http:\/\/recettes-gourmandes-de-joce.fr\/wp-content\/uploads\/2024\/04\/magret-vin7.jpg 1024w, http:\/\/recettes-gourmandes-de-joce.fr\/wp-content\/uploads\/2024\/04\/magret-vin7-768x546.jpg 768w, http:\/\/recettes-gourmandes-de-joce.fr\/wp-content\/uploads\/2024\/04\/magret-vin7-750x533.jpg 750w\" sizes=\"auto, (max-width: 239px) 100vw, 239px\" \/> <img loading=\"lazy\" decoding=\"async\" class=\"alignnone wp-image-67410\" src=\"http:\/\/recettes-gourmandes-de-joce.fr\/wp-content\/uploads\/2024\/04\/magret-vin6.jpg\" alt=\"\" width=\"258\" height=\"170\" srcset=\"http:\/\/recettes-gourmandes-de-joce.fr\/wp-content\/uploads\/2024\/04\/magret-vin6.jpg 1024w, http:\/\/recettes-gourmandes-de-joce.fr\/wp-content\/uploads\/2024\/04\/magret-vin6-768x506.jpg 768w, http:\/\/recettes-gourmandes-de-joce.fr\/wp-content\/uploads\/2024\/04\/magret-vin6-750x494.jpg 750w\" sizes=\"auto, (max-width: 258px) 100vw, 258px\" \/><\/p>\n<p style=\"text-align: center;\"><span style=\"font-size: 14pt;\"><em><span style=\"color: #b22222; font-family: Georgia;\">Dissoudre le\u00a0fond de veau\u00a0dans les 125ml d&rsquo;eau chaude. Ajouter le vin rouge dans les \u00e9chalotes et laisser r\u00e9duire presque \u00e0 sec. <\/span><\/em><\/span><\/p>\n<p style=\"text-align: center;\"><img loading=\"lazy\" decoding=\"async\" class=\"alignnone wp-image-67400\" src=\"http:\/\/recettes-gourmandes-de-joce.fr\/wp-content\/uploads\/2024\/04\/magret-vin8.jpg\" alt=\"\" width=\"227\" height=\"170\" srcset=\"http:\/\/recettes-gourmandes-de-joce.fr\/wp-content\/uploads\/2024\/04\/magret-vin8.jpg 1024w, http:\/\/recettes-gourmandes-de-joce.fr\/wp-content\/uploads\/2024\/04\/magret-vin8-768x576.jpg 768w, http:\/\/recettes-gourmandes-de-joce.fr\/wp-content\/uploads\/2024\/04\/magret-vin8-750x563.jpg 750w\" sizes=\"auto, (max-width: 227px) 100vw, 227px\" \/> <img loading=\"lazy\" decoding=\"async\" class=\"alignnone wp-image-67401\" src=\"http:\/\/recettes-gourmandes-de-joce.fr\/wp-content\/uploads\/2024\/04\/magret-vin9.jpg\" alt=\"\" width=\"248\" height=\"170\" srcset=\"http:\/\/recettes-gourmandes-de-joce.fr\/wp-content\/uploads\/2024\/04\/magret-vin9.jpg 1024w, http:\/\/recettes-gourmandes-de-joce.fr\/wp-content\/uploads\/2024\/04\/magret-vin9-768x527.jpg 768w, http:\/\/recettes-gourmandes-de-joce.fr\/wp-content\/uploads\/2024\/04\/magret-vin9-750x515.jpg 750w\" sizes=\"auto, (max-width: 248px) 100vw, 248px\" \/> <img loading=\"lazy\" decoding=\"async\" class=\"alignnone wp-image-67402\" src=\"http:\/\/recettes-gourmandes-de-joce.fr\/wp-content\/uploads\/2024\/04\/magret-vin10.jpg\" alt=\"\" width=\"227\" height=\"170\" srcset=\"http:\/\/recettes-gourmandes-de-joce.fr\/wp-content\/uploads\/2024\/04\/magret-vin10.jpg 1024w, http:\/\/recettes-gourmandes-de-joce.fr\/wp-content\/uploads\/2024\/04\/magret-vin10-768x576.jpg 768w, http:\/\/recettes-gourmandes-de-joce.fr\/wp-content\/uploads\/2024\/04\/magret-vin10-750x563.jpg 750w\" sizes=\"auto, (max-width: 227px) 100vw, 227px\" \/><\/p>\n<p style=\"text-align: center;\"><span style=\"font-size: 14pt;\"><em><span style=\"color: #b22222; font-family: Georgia;\">Ajouter\u00a0ensuite le fond de veau\u00a0et m\u00e9langer, ajouter la poudre de c\u00e8pes, m\u00e9langer \u00e0 nouveau et laisser \u00e9paissir \u00e0 feu doux\u00a0 quelques minutes, puis r\u00e9server votre sauce au chaud.<\/span><\/em><\/span><\/p>\n<p style=\"text-align: center;\"><img loading=\"lazy\" decoding=\"async\" class=\"alignnone wp-image-67541\" src=\"http:\/\/recettes-gourmandes-de-joce.fr\/wp-content\/uploads\/2024\/04\/magret-moutarde18.jpg\" alt=\"\" width=\"227\" height=\"170\" srcset=\"http:\/\/recettes-gourmandes-de-joce.fr\/wp-content\/uploads\/2024\/04\/magret-moutarde18.jpg 1024w, http:\/\/recettes-gourmandes-de-joce.fr\/wp-content\/uploads\/2024\/04\/magret-moutarde18-768x576.jpg 768w, http:\/\/recettes-gourmandes-de-joce.fr\/wp-content\/uploads\/2024\/04\/magret-moutarde18-750x563.jpg 750w\" sizes=\"auto, (max-width: 227px) 100vw, 227px\" \/> <img loading=\"lazy\" decoding=\"async\" class=\"alignnone wp-image-67542\" src=\"http:\/\/recettes-gourmandes-de-joce.fr\/wp-content\/uploads\/2024\/04\/magret-moutarde19.jpg\" alt=\"\" width=\"227\" height=\"170\" srcset=\"http:\/\/recettes-gourmandes-de-joce.fr\/wp-content\/uploads\/2024\/04\/magret-moutarde19.jpg 1024w, http:\/\/recettes-gourmandes-de-joce.fr\/wp-content\/uploads\/2024\/04\/magret-moutarde19-768x576.jpg 768w, http:\/\/recettes-gourmandes-de-joce.fr\/wp-content\/uploads\/2024\/04\/magret-moutarde19-750x563.jpg 750w\" sizes=\"auto, (max-width: 227px) 100vw, 227px\" \/> <img loading=\"lazy\" decoding=\"async\" class=\"alignnone wp-image-67403\" src=\"http:\/\/recettes-gourmandes-de-joce.fr\/wp-content\/uploads\/2024\/04\/magret-vin11.jpg\" alt=\"\" width=\"227\" height=\"170\" srcset=\"http:\/\/recettes-gourmandes-de-joce.fr\/wp-content\/uploads\/2024\/04\/magret-vin11.jpg 1024w, http:\/\/recettes-gourmandes-de-joce.fr\/wp-content\/uploads\/2024\/04\/magret-vin11-768x576.jpg 768w, http:\/\/recettes-gourmandes-de-joce.fr\/wp-content\/uploads\/2024\/04\/magret-vin11-750x563.jpg 750w\" sizes=\"auto, (max-width: 227px) 100vw, 227px\" \/><\/p>\n<p style=\"text-align: center;\"><span style=\"color: #b22222; font-size: 14pt;\"><span style=\"font-family: georgia,serif;\"><em>J&rsquo;ai fait\u00a0r\u00e9chauffer dans un peu de la graisse des magrets quelques petites pommes de terre cuites \u00e0 l&rsquo;eau et pel\u00e9es pour accompagner mes magrets.\u00a0\u00a0Trancher vos magrets. Servir les magrets napp\u00e9s de sauce et des pommes de terre.<\/em><\/span><\/span><\/p>\n<p style=\"text-align: center;\"><span style=\"color: #b22222; font-size: 14pt;\"><span style=\"font-family: georgia,serif;\"><em>Autres accompagnements sur ces liens ci-dessous<\/em><\/span><\/span><\/p>\n<p style=\"text-align: center;\"><span style=\"color: #b22222; font-size: 14pt;\"><span style=\"font-family: georgia,serif;\"><em>Bon app\u00e9tit!<\/em><\/span><\/span><\/p>\n<p style=\"text-align: center;\"><img loading=\"lazy\" decoding=\"async\" class=\"alignnone wp-image-67405\" src=\"http:\/\/recettes-gourmandes-de-joce.fr\/wp-content\/uploads\/2024\/04\/magret-vin1.jpg\" alt=\"\" width=\"270\" height=\"180\" srcset=\"http:\/\/recettes-gourmandes-de-joce.fr\/wp-content\/uploads\/2024\/04\/magret-vin1.jpg 1024w, http:\/\/recettes-gourmandes-de-joce.fr\/wp-content\/uploads\/2024\/04\/magret-vin1-768x512.jpg 768w, http:\/\/recettes-gourmandes-de-joce.fr\/wp-content\/uploads\/2024\/04\/magret-vin1-750x500.jpg 750w\" sizes=\"auto, (max-width: 270px) 100vw, 270px\" \/><\/p>\n<p style=\"text-align: center;\"><img loading=\"lazy\" decoding=\"async\" class=\"alignnone wp-image-67406\" src=\"http:\/\/recettes-gourmandes-de-joce.fr\/wp-content\/uploads\/2024\/04\/magret-vin2.jpg\" alt=\"\" width=\"292\" height=\"180\" srcset=\"http:\/\/recettes-gourmandes-de-joce.fr\/wp-content\/uploads\/2024\/04\/magret-vin2.jpg 1024w, http:\/\/recettes-gourmandes-de-joce.fr\/wp-content\/uploads\/2024\/04\/magret-vin2-768x474.jpg 768w, http:\/\/recettes-gourmandes-de-joce.fr\/wp-content\/uploads\/2024\/04\/magret-vin2-750x463.jpg 750w\" sizes=\"auto, (max-width: 292px) 100vw, 292px\" \/>\u00a0<img loading=\"lazy\" decoding=\"async\" class=\"alignnone wp-image-67404\" src=\"http:\/\/recettes-gourmandes-de-joce.fr\/wp-content\/uploads\/2024\/04\/magret-vin12.jpg\" alt=\"\" width=\"304\" height=\"180\" srcset=\"http:\/\/recettes-gourmandes-de-joce.fr\/wp-content\/uploads\/2024\/04\/magret-vin12.jpg 1024w, http:\/\/recettes-gourmandes-de-joce.fr\/wp-content\/uploads\/2024\/04\/magret-vin12-768x455.jpg 768w, http:\/\/recettes-gourmandes-de-joce.fr\/wp-content\/uploads\/2024\/04\/magret-vin12-750x444.jpg 750w\" sizes=\"auto, (max-width: 304px) 100vw, 304px\" \/><\/p>\n<p style=\"text-align: center;\"><img loading=\"lazy\" decoding=\"async\" class=\"alignnone size-full wp-image-59803\" src=\"http:\/\/recettes-gourmandes-de-joce.fr\/wp-content\/uploads\/2024\/01\/logitech-gaming-software-14112014-121223.jpg\" alt=\"\" width=\"640\" height=\"144\" \/><\/p>\n<p style=\"text-align: center;\"><span style=\"font-family: georgia,serif;\"><!-- --><\/span><\/p>\n","protected":false},"excerpt":{"rendered":"<p>Une de mes recettes \u00a0 \u00a0 \u00a0 Ingr\u00e9dients pour 3\/4 personnes selon les app\u00e9tits 2 magrets de canard 2 belles \u00e9chalotes 1 bonne c \u00e0 c d&rsquo;\u00e9pices 1001 nuits d\u00e9tails-&gt; Les r\u00e9coltes du monde 1 c \u00e0 s de c\u00e8pes en poudre\u00a0 2 c \u00e0 s de fond de veau d\u00e9shydrat\u00e9 125 ml d&rsquo;eau chaude &hellip; <\/p>\n<p><a class=\"more-link btn\" href=\"http:\/\/recettes-gourmandes-de-joce.fr\/index.php\/index\/viandes\/volailles\/canard-pintade\/magrets-de-canard-sauce-au-vin-rouge-epicee\/\">Lire la suite<\/a><\/p>\n","protected":false},"author":2,"featured_media":67407,"parent":988,"menu_order":0,"comment_status":"open","ping_status":"closed","template":"","meta":{"footnotes":""},"class_list":["post-2046","page","type-page","status-publish","has-post-thumbnail","hentry","nodate","item-wrap"],"_links":{"self":[{"href":"http:\/\/recettes-gourmandes-de-joce.fr\/index.php\/wp-json\/wp\/v2\/pages\/2046","targetHints":{"allow":["GET"]}}],"collection":[{"href":"http:\/\/recettes-gourmandes-de-joce.fr\/index.php\/wp-json\/wp\/v2\/pages"}],"about":[{"href":"http:\/\/recettes-gourmandes-de-joce.fr\/index.php\/wp-json\/wp\/v2\/types\/page"}],"author":[{"embeddable":true,"href":"http:\/\/recettes-gourmandes-de-joce.fr\/index.php\/wp-json\/wp\/v2\/users\/2"}],"replies":[{"embeddable":true,"href":"http:\/\/recettes-gourmandes-de-joce.fr\/index.php\/wp-json\/wp\/v2\/comments?post=2046"}],"version-history":[{"count":6,"href":"http:\/\/recettes-gourmandes-de-joce.fr\/index.php\/wp-json\/wp\/v2\/pages\/2046\/revisions"}],"predecessor-version":[{"id":67543,"href":"http:\/\/recettes-gourmandes-de-joce.fr\/index.php\/wp-json\/wp\/v2\/pages\/2046\/revisions\/67543"}],"up":[{"embeddable":true,"href":"http:\/\/recettes-gourmandes-de-joce.fr\/index.php\/wp-json\/wp\/v2\/pages\/988"}],"wp:featuredmedia":[{"embeddable":true,"href":"http:\/\/recettes-gourmandes-de-joce.fr\/index.php\/wp-json\/wp\/v2\/media\/67407"}],"wp:attachment":[{"href":"http:\/\/recettes-gourmandes-de-joce.fr\/index.php\/wp-json\/wp\/v2\/media?parent=2046"}],"curies":[{"name":"wp","href":"https:\/\/api.w.org\/{rel}","templated":true}]}}