{"id":20414,"date":"2020-04-16T12:02:15","date_gmt":"2020-04-16T12:02:15","guid":{"rendered":"http:\/\/recettes-gourmandes-de-joce.fr\/?page_id=20414"},"modified":"2024-06-18T09:34:43","modified_gmt":"2024-06-18T09:34:43","slug":"figues-fraiches-farcies-au-chevre-jambon-de-bayonne","status":"publish","type":"page","link":"http:\/\/recettes-gourmandes-de-joce.fr\/index.php\/index\/entrees\/entrees-froides\/figues-fraiches-farcies-au-chevre-jambon-de-bayonne\/","title":{"rendered":"Figues fra\u00eeches farcies au ch\u00e8vre, jambon de Bayonne."},"content":{"rendered":"<p style=\"text-align: center;\"><span style=\"font-family: georgia,serif;\"><span style=\"color: #9b3ac5; font-size: x-large; text-decoration: underline;\"><em>Une de mes recettes<\/em><em>\u00a0<\/em><\/span><\/span><\/p>\n<p style=\"text-align: center;\"><span style=\"font-family: georgia,serif;\"><span style=\"color: #9b3ac5; font-size: x-large;\"><em><img loading=\"lazy\" decoding=\"async\" class=\"alignnone wp-image-20416\" src=\"http:\/\/recettes-gourmandes-de-joce.fr\/wp-content\/uploads\/2020\/04\/figues-farcies-et-rameauin-au-chocolat-34-150x150.jpg\" alt=\"\" width=\"240\" height=\"180\" srcset=\"http:\/\/recettes-gourmandes-de-joce.fr\/wp-content\/uploads\/2020\/04\/figues-farcies-et-rameauin-au-chocolat-34-300x225.jpg 300w, http:\/\/recettes-gourmandes-de-joce.fr\/wp-content\/uploads\/2020\/04\/figues-farcies-et-rameauin-au-chocolat-34.jpg 550w\" sizes=\"auto, (max-width: 240px) 100vw, 240px\" \/> <img loading=\"lazy\" decoding=\"async\" class=\"alignnone wp-image-20428\" src=\"http:\/\/recettes-gourmandes-de-joce.fr\/wp-content\/uploads\/2020\/04\/figues-farcies-et-rameauin-au-chocolat-30-150x150.jpg\" alt=\"\" width=\"203\" height=\"180\" srcset=\"http:\/\/recettes-gourmandes-de-joce.fr\/wp-content\/uploads\/2020\/04\/figues-farcies-et-rameauin-au-chocolat-30-300x266.jpg 300w, http:\/\/recettes-gourmandes-de-joce.fr\/wp-content\/uploads\/2020\/04\/figues-farcies-et-rameauin-au-chocolat-30.jpg 455w\" sizes=\"auto, (max-width: 203px) 100vw, 203px\" \/>\u00a0<\/em><\/span><\/span><em style=\"color: #9b3ac5; font-family: georgia, serif; font-size: x-large;\"><img loading=\"lazy\" decoding=\"async\" class=\"alignnone wp-image-20415\" src=\"http:\/\/recettes-gourmandes-de-joce.fr\/wp-content\/uploads\/2020\/04\/figues-farcies-et-rameauin-au-chocolat-32-1-150x150.jpg\" alt=\"\" width=\"240\" height=\"180\" srcset=\"http:\/\/recettes-gourmandes-de-joce.fr\/wp-content\/uploads\/2020\/04\/figues-farcies-et-rameauin-au-chocolat-32-1-300x225.jpg 300w, http:\/\/recettes-gourmandes-de-joce.fr\/wp-content\/uploads\/2020\/04\/figues-farcies-et-rameauin-au-chocolat-32-1.jpg 550w\" sizes=\"auto, (max-width: 240px) 100vw, 240px\" \/><\/em><\/p>\n<p style=\"text-align: center;\"><span style=\"font-family: georgia,serif;\"><span style=\"color: #9b3ac5; font-size: x-large; text-decoration: underline;\"><em>Ingr\u00e9dients pour 3 personnes<\/em><\/span><\/span><\/p>\n<p style=\"text-align: center;\"><img loading=\"lazy\" decoding=\"async\" class=\"alignnone wp-image-20418\" src=\"http:\/\/recettes-gourmandes-de-joce.fr\/wp-content\/uploads\/2020\/04\/figues-farcies-et-rameauin-au-chocolat-3-150x150.jpg\" alt=\"\" width=\"253\" height=\"200\" srcset=\"http:\/\/recettes-gourmandes-de-joce.fr\/wp-content\/uploads\/2020\/04\/figues-farcies-et-rameauin-au-chocolat-3-300x237.jpg 300w, http:\/\/recettes-gourmandes-de-joce.fr\/wp-content\/uploads\/2020\/04\/figues-farcies-et-rameauin-au-chocolat-3.jpg 550w\" sizes=\"auto, (max-width: 253px) 100vw, 253px\" \/><\/p>\n<p style=\"text-align: center;\"><span style=\"font-family: georgia, serif; font-size: 14pt;\"><span style=\"color: #9b3ac5;\"><em>6 figues fra\u00eeches<\/em><\/span><\/span><\/p>\n<p style=\"text-align: center;\"><span style=\"font-family: georgia, serif; font-size: 14pt;\"><span style=\"color: #9b3ac5;\"><em>6 tranches fines de jambon de Bayonne<\/em><\/span><\/span><\/p>\n<p style=\"text-align: center;\"><span style=\"font-family: georgia, serif; font-size: 14pt;\"><span style=\"color: #9b3ac5;\"><em>6 rondins de ch\u00e8vre frais<\/em><\/span><\/span><\/p>\n<p style=\"text-align: center;\"><span style=\"font-family: georgia, serif; font-size: 14pt;\"><span style=\"color: #9b3ac5;\"><em>1 petit bouquet de ciboulette<\/em><\/span><\/span><\/p>\n<p style=\"text-align: center;\"><span style=\"font-family: georgia, serif; font-size: 14pt;\"><span style=\"color: #9b3ac5;\"><em>1 c \u00e0 s de pignons de pin<\/em><\/span><\/span><\/p>\n<p style=\"text-align: center;\"><span style=\"font-family: georgia, serif; font-size: 14pt;\"><span style=\"color: #9b3ac5;\"><em>Poivre<\/em><\/span><\/span><\/p>\n<p style=\"text-align: center;\"><span style=\"font-size: 14pt;\"><img loading=\"lazy\" decoding=\"async\" class=\"alignnone wp-image-20419\" src=\"http:\/\/recettes-gourmandes-de-joce.fr\/wp-content\/uploads\/2020\/04\/figues-farcies-et-rameauin-au-chocolat-8-150x150.jpg\" alt=\"\" width=\"214\" height=\"160\" srcset=\"http:\/\/recettes-gourmandes-de-joce.fr\/wp-content\/uploads\/2020\/04\/figues-farcies-et-rameauin-au-chocolat-8-300x225.jpg 300w, http:\/\/recettes-gourmandes-de-joce.fr\/wp-content\/uploads\/2020\/04\/figues-farcies-et-rameauin-au-chocolat-8.jpg 550w\" sizes=\"auto, (max-width: 214px) 100vw, 214px\" \/> <img loading=\"lazy\" decoding=\"async\" class=\"alignnone wp-image-20420\" src=\"http:\/\/recettes-gourmandes-de-joce.fr\/wp-content\/uploads\/2020\/04\/figues-farcies-et-rameauin-au-chocolat-10-150x150.jpg\" alt=\"\" width=\"214\" height=\"160\" srcset=\"http:\/\/recettes-gourmandes-de-joce.fr\/wp-content\/uploads\/2020\/04\/figues-farcies-et-rameauin-au-chocolat-10-300x225.jpg 300w, http:\/\/recettes-gourmandes-de-joce.fr\/wp-content\/uploads\/2020\/04\/figues-farcies-et-rameauin-au-chocolat-10.jpg 550w\" sizes=\"auto, (max-width: 214px) 100vw, 214px\" \/> <img loading=\"lazy\" decoding=\"async\" class=\"alignnone wp-image-20421\" src=\"http:\/\/recettes-gourmandes-de-joce.fr\/wp-content\/uploads\/2020\/04\/figues-farcies-et-rameauin-au-chocolat-12-150x150.jpg\" alt=\"\" width=\"188\" height=\"160\" srcset=\"http:\/\/recettes-gourmandes-de-joce.fr\/wp-content\/uploads\/2020\/04\/figues-farcies-et-rameauin-au-chocolat-12-300x255.jpg 300w, http:\/\/recettes-gourmandes-de-joce.fr\/wp-content\/uploads\/2020\/04\/figues-farcies-et-rameauin-au-chocolat-12.jpg 550w\" sizes=\"auto, (max-width: 188px) 100vw, 188px\" \/><\/span><\/p>\n<p style=\"text-align: center;\"><span style=\"font-family: georgia, serif; font-size: 14pt;\"><span style=\"color: #9b3ac5;\"><em>Laver les figues et la ciboulette rapidement, hacher la <\/em><\/span><span style=\"color: #9b3ac5;\"><em>ciboulette, couper le jambon en fines lani\u00e8res. \u00d4<\/em><\/span><span style=\"color: #9b3ac5;\"><em>ter le chapeau des figues et \u00e0 l&rsquo;aide d&rsquo;une cuill\u00e8re parisienne <\/em><\/span><span style=\"color: #9b3ac5;\"><em>vider les, r\u00e9server la chair.<\/em><\/span><\/span><\/p>\n<p style=\"text-align: center;\"><span style=\"font-size: 14pt;\"><img loading=\"lazy\" decoding=\"async\" class=\"alignnone wp-image-20422\" src=\"http:\/\/recettes-gourmandes-de-joce.fr\/wp-content\/uploads\/2020\/04\/figues-farcies-et-rameauin-au-chocolat-14-150x150.jpg\" alt=\"\" width=\"214\" height=\"160\" srcset=\"http:\/\/recettes-gourmandes-de-joce.fr\/wp-content\/uploads\/2020\/04\/figues-farcies-et-rameauin-au-chocolat-14-300x225.jpg 300w, http:\/\/recettes-gourmandes-de-joce.fr\/wp-content\/uploads\/2020\/04\/figues-farcies-et-rameauin-au-chocolat-14.jpg 550w\" sizes=\"auto, (max-width: 214px) 100vw, 214px\" \/> <img loading=\"lazy\" decoding=\"async\" class=\"alignnone wp-image-20423\" src=\"http:\/\/recettes-gourmandes-de-joce.fr\/wp-content\/uploads\/2020\/04\/figues-farcies-et-rameauin-au-chocolat-16-150x150.jpg\" alt=\"\" width=\"186\" height=\"160\" srcset=\"http:\/\/recettes-gourmandes-de-joce.fr\/wp-content\/uploads\/2020\/04\/figues-farcies-et-rameauin-au-chocolat-16-300x257.jpg 300w, http:\/\/recettes-gourmandes-de-joce.fr\/wp-content\/uploads\/2020\/04\/figues-farcies-et-rameauin-au-chocolat-16.jpg 550w\" sizes=\"auto, (max-width: 186px) 100vw, 186px\" \/> <img loading=\"lazy\" decoding=\"async\" class=\"alignnone wp-image-20424\" src=\"http:\/\/recettes-gourmandes-de-joce.fr\/wp-content\/uploads\/2020\/04\/figues-farcies-et-rameauin-au-chocolat-18-150x150.jpg\" alt=\"\" width=\"193\" height=\"160\" srcset=\"http:\/\/recettes-gourmandes-de-joce.fr\/wp-content\/uploads\/2020\/04\/figues-farcies-et-rameauin-au-chocolat-18-300x249.jpg 300w, http:\/\/recettes-gourmandes-de-joce.fr\/wp-content\/uploads\/2020\/04\/figues-farcies-et-rameauin-au-chocolat-18.jpg 550w\" sizes=\"auto, (max-width: 193px) 100vw, 193px\" \/><\/span><\/p>\n<p style=\"text-align: center;\"><span style=\"font-family: georgia, serif; font-size: 14pt;\"><span style=\"color: #9b3ac5;\"><em>Mettre le ch\u00e8vre dans un bol et poivrer<\/em><\/span><span style=\"color: #9b3ac5;\"><em>\u00a0. <\/em><\/span><span style=\"color: #9b3ac5;\"><em>Ajouter la ciboulette et les lani\u00e8res de jambon, <\/em><\/span><span style=\"color: #9b3ac5;\"><em>m\u00e9langer \u00e0 la fourchette.<\/em><\/span><\/span><\/p>\n<p style=\"text-align: center;\"><span style=\"font-size: 14pt;\"><img loading=\"lazy\" decoding=\"async\" class=\"alignnone wp-image-20425\" src=\"http:\/\/recettes-gourmandes-de-joce.fr\/wp-content\/uploads\/2020\/04\/figues-farcies-et-rameauin-au-chocolat-22-150x150.jpg\" alt=\"\" width=\"214\" height=\"160\" srcset=\"http:\/\/recettes-gourmandes-de-joce.fr\/wp-content\/uploads\/2020\/04\/figues-farcies-et-rameauin-au-chocolat-22-300x225.jpg 300w, http:\/\/recettes-gourmandes-de-joce.fr\/wp-content\/uploads\/2020\/04\/figues-farcies-et-rameauin-au-chocolat-22.jpg 550w\" sizes=\"auto, (max-width: 214px) 100vw, 214px\" \/> <img loading=\"lazy\" decoding=\"async\" class=\"alignnone wp-image-20426\" src=\"http:\/\/recettes-gourmandes-de-joce.fr\/wp-content\/uploads\/2020\/04\/figues-farcies-et-rameauin-au-chocolat-25-150x150.jpg\" alt=\"\" width=\"214\" height=\"160\" srcset=\"http:\/\/recettes-gourmandes-de-joce.fr\/wp-content\/uploads\/2020\/04\/figues-farcies-et-rameauin-au-chocolat-25-300x225.jpg 300w, http:\/\/recettes-gourmandes-de-joce.fr\/wp-content\/uploads\/2020\/04\/figues-farcies-et-rameauin-au-chocolat-25.jpg 550w\" sizes=\"auto, (max-width: 214px) 100vw, 214px\" \/><\/span><\/p>\n<p style=\"text-align: center;\"><span style=\"font-family: georgia, serif; font-size: 14pt;\"><span style=\"color: #9b3ac5;\"><em>Remplir aux \u00be chaque figue du m\u00e9lange, <\/em><\/span><span style=\"color: #9b3ac5;\"><em>ajouter dessus un peu de chair de figues<\/em><\/span><span style=\"color: #9b3ac5;\"><em>. <\/em><\/span><span style=\"color: #9b3ac5;\"><em>Remettre sur la chair le reste du m\u00e9lange au ch\u00e8vre <\/em><\/span><span style=\"color: #9b3ac5;\"><em>et parsemer de pignons <\/em><\/span><span style=\"color: #9b3ac5;\"><em>faire tenir le chapeau et r\u00e9server un peu au frais <\/em><\/span><span style=\"color: #9b3ac5;\"><em>avant de servir.<\/em><\/span><\/span><\/p>\n<p style=\"text-align: center;\"><span style=\"font-family: georgia, serif; font-size: 14pt;\"><span style=\"color: #9b3ac5;\"><em>Bon app\u00e9tit!<\/em><\/span><\/span><\/p>\n<p style=\"text-align: center;\"><img loading=\"lazy\" decoding=\"async\" class=\"alignnone wp-image-20427\" src=\"http:\/\/recettes-gourmandes-de-joce.fr\/wp-content\/uploads\/2020\/04\/figues-farcies-et-rameauin-au-chocolat-26-150x150.jpg\" alt=\"\" width=\"205\" height=\"180\" srcset=\"http:\/\/recettes-gourmandes-de-joce.fr\/wp-content\/uploads\/2020\/04\/figues-farcies-et-rameauin-au-chocolat-26-300x264.jpg 300w, http:\/\/recettes-gourmandes-de-joce.fr\/wp-content\/uploads\/2020\/04\/figues-farcies-et-rameauin-au-chocolat-26.jpg 550w\" sizes=\"auto, (max-width: 205px) 100vw, 205px\" \/> <img loading=\"lazy\" decoding=\"async\" class=\"alignnone wp-image-20416\" src=\"http:\/\/recettes-gourmandes-de-joce.fr\/wp-content\/uploads\/2020\/04\/figues-farcies-et-rameauin-au-chocolat-34-150x150.jpg\" alt=\"\" width=\"240\" height=\"180\" srcset=\"http:\/\/recettes-gourmandes-de-joce.fr\/wp-content\/uploads\/2020\/04\/figues-farcies-et-rameauin-au-chocolat-34-300x225.jpg 300w, http:\/\/recettes-gourmandes-de-joce.fr\/wp-content\/uploads\/2020\/04\/figues-farcies-et-rameauin-au-chocolat-34.jpg 550w\" sizes=\"auto, (max-width: 240px) 100vw, 240px\" \/> <img loading=\"lazy\" decoding=\"async\" class=\"alignnone wp-image-20417\" src=\"http:\/\/recettes-gourmandes-de-joce.fr\/wp-content\/uploads\/2020\/04\/figues-farcies-et-rameauin-au-chocolat-36-2-150x150.jpg\" alt=\"\" width=\"240\" height=\"180\" srcset=\"http:\/\/recettes-gourmandes-de-joce.fr\/wp-content\/uploads\/2020\/04\/figues-farcies-et-rameauin-au-chocolat-36-2-300x225.jpg 300w, http:\/\/recettes-gourmandes-de-joce.fr\/wp-content\/uploads\/2020\/04\/figues-farcies-et-rameauin-au-chocolat-36-2.jpg 550w\" sizes=\"auto, (max-width: 240px) 100vw, 240px\" \/><\/p>\n<p style=\"text-align: center;\"><img loading=\"lazy\" decoding=\"async\" class=\"alignnone wp-image-16654 size-full\" src=\"http:\/\/recettes-gourmandes-de-joce.fr\/wp-content\/uploads\/2020\/01\/logitech-gaming-software-14112014-121223.jpg\" alt=\"\" width=\"640\" height=\"144\" srcset=\"http:\/\/recettes-gourmandes-de-joce.fr\/wp-content\/uploads\/2020\/01\/logitech-gaming-software-14112014-121223.jpg 640w, http:\/\/recettes-gourmandes-de-joce.fr\/wp-content\/uploads\/2020\/01\/logitech-gaming-software-14112014-121223-300x68.jpg 300w\" sizes=\"auto, (max-width: 640px) 100vw, 640px\" \/><\/p>\n<p style=\"text-align: center;\">\n","protected":false},"excerpt":{"rendered":"<p>Une de mes recettes\u00a0 \u00a0 Ingr\u00e9dients pour 3 personnes 6 figues fra\u00eeches 6 tranches fines de jambon de Bayonne 6 rondins de ch\u00e8vre frais 1 petit bouquet de ciboulette 1 c \u00e0 s de pignons de pin Poivre Laver les figues et la ciboulette rapidement, hacher la ciboulette, couper le jambon en fines lani\u00e8res. \u00d4ter &hellip; <\/p>\n<p><a class=\"more-link btn\" href=\"http:\/\/recettes-gourmandes-de-joce.fr\/index.php\/index\/entrees\/entrees-froides\/figues-fraiches-farcies-au-chevre-jambon-de-bayonne\/\">Lire la suite<\/a><\/p>\n","protected":false},"author":2,"featured_media":84090,"parent":185,"menu_order":0,"comment_status":"open","ping_status":"closed","template":"","meta":{"footnotes":""},"class_list":["post-20414","page","type-page","status-publish","has-post-thumbnail","hentry","nodate","item-wrap"],"_links":{"self":[{"href":"http:\/\/recettes-gourmandes-de-joce.fr\/index.php\/wp-json\/wp\/v2\/pages\/20414","targetHints":{"allow":["GET"]}}],"collection":[{"href":"http:\/\/recettes-gourmandes-de-joce.fr\/index.php\/wp-json\/wp\/v2\/pages"}],"about":[{"href":"http:\/\/recettes-gourmandes-de-joce.fr\/index.php\/wp-json\/wp\/v2\/types\/page"}],"author":[{"embeddable":true,"href":"http:\/\/recettes-gourmandes-de-joce.fr\/index.php\/wp-json\/wp\/v2\/users\/2"}],"replies":[{"embeddable":true,"href":"http:\/\/recettes-gourmandes-de-joce.fr\/index.php\/wp-json\/wp\/v2\/comments?post=20414"}],"version-history":[{"count":3,"href":"http:\/\/recettes-gourmandes-de-joce.fr\/index.php\/wp-json\/wp\/v2\/pages\/20414\/revisions"}],"predecessor-version":[{"id":84091,"href":"http:\/\/recettes-gourmandes-de-joce.fr\/index.php\/wp-json\/wp\/v2\/pages\/20414\/revisions\/84091"}],"up":[{"embeddable":true,"href":"http:\/\/recettes-gourmandes-de-joce.fr\/index.php\/wp-json\/wp\/v2\/pages\/185"}],"wp:featuredmedia":[{"embeddable":true,"href":"http:\/\/recettes-gourmandes-de-joce.fr\/index.php\/wp-json\/wp\/v2\/media\/84090"}],"wp:attachment":[{"href":"http:\/\/recettes-gourmandes-de-joce.fr\/index.php\/wp-json\/wp\/v2\/media?parent=20414"}],"curies":[{"name":"wp","href":"https:\/\/api.w.org\/{rel}","templated":true}]}}