{"id":20179,"date":"2020-04-11T19:38:36","date_gmt":"2020-04-11T19:38:36","guid":{"rendered":"http:\/\/recettes-gourmandes-de-joce.fr\/?page_id=20179"},"modified":"2024-06-17T23:02:24","modified_gmt":"2024-06-17T23:02:24","slug":"tarte-aux-oignons-echalotes-et-ventreche","status":"publish","type":"page","link":"http:\/\/recettes-gourmandes-de-joce.fr\/index.php\/index\/entrees\/tartes-et-quiches-salees\/tarte-aux-oignons-echalotes-et-ventreche\/","title":{"rendered":"Tarte aux oignons, \u00e9chalotes et ventr\u00e8che."},"content":{"rendered":"<p style=\"text-align: center;\"><span style=\"font-family: georgia,serif;\"><span style=\"text-decoration: underline; color: #ff9900;\"><span style=\"font-size: x-large;\"><em>Une de mes recettes<\/em><\/span><\/span><\/span><\/p>\n<p style=\"text-align: center;\"><img loading=\"lazy\" decoding=\"async\" class=\"alignnone wp-image-20180\" src=\"http:\/\/recettes-gourmandes-de-joce.fr\/wp-content\/uploads\/2020\/04\/tarte_aux_oignons_et_aux_echalotes_et_ventrec16-001-150x150.jpg\" alt=\"\" width=\"257\" height=\"180\" srcset=\"http:\/\/recettes-gourmandes-de-joce.fr\/wp-content\/uploads\/2020\/04\/tarte_aux_oignons_et_aux_echalotes_et_ventrec16-001-300x210.jpg 300w, http:\/\/recettes-gourmandes-de-joce.fr\/wp-content\/uploads\/2020\/04\/tarte_aux_oignons_et_aux_echalotes_et_ventrec16-001.jpg 464w\" sizes=\"auto, (max-width: 257px) 100vw, 257px\" \/> <img loading=\"lazy\" decoding=\"async\" class=\"alignnone wp-image-20161\" src=\"http:\/\/recettes-gourmandes-de-joce.fr\/wp-content\/uploads\/2020\/04\/tarte_aux_oignons_et_aux_echalotes_et_ventrec15-150x150.jpg\" alt=\"\" width=\"240\" height=\"180\" srcset=\"http:\/\/recettes-gourmandes-de-joce.fr\/wp-content\/uploads\/2020\/04\/tarte_aux_oignons_et_aux_echalotes_et_ventrec15-300x225.jpg 300w, http:\/\/recettes-gourmandes-de-joce.fr\/wp-content\/uploads\/2020\/04\/tarte_aux_oignons_et_aux_echalotes_et_ventrec15.jpg 550w\" sizes=\"auto, (max-width: 240px) 100vw, 240px\" \/> <img loading=\"lazy\" decoding=\"async\" class=\"alignnone wp-image-20162\" src=\"http:\/\/recettes-gourmandes-de-joce.fr\/wp-content\/uploads\/2020\/04\/tarte_aux_oignons_et_aux_echalotes_et_ventrec16-150x150.jpg\" alt=\"\" width=\"240\" height=\"180\" srcset=\"http:\/\/recettes-gourmandes-de-joce.fr\/wp-content\/uploads\/2020\/04\/tarte_aux_oignons_et_aux_echalotes_et_ventrec16-300x225.jpg 300w, http:\/\/recettes-gourmandes-de-joce.fr\/wp-content\/uploads\/2020\/04\/tarte_aux_oignons_et_aux_echalotes_et_ventrec16.jpg 550w\" sizes=\"auto, (max-width: 240px) 100vw, 240px\" \/><\/p>\n<p style=\"text-align: center;\"><span style=\"font-family: georgia,serif;\"><span style=\"text-decoration: underline; color: #ff9900;\"><span style=\"font-size: x-large;\"><em>Ingr\u00e9dients<\/em><\/span><\/span><\/span><\/p>\n<p style=\"text-align: center;\"><span style=\"font-family: georgia,serif;\">\u00a0 <img loading=\"lazy\" decoding=\"async\" class=\"alignnone wp-image-20163\" src=\"http:\/\/recettes-gourmandes-de-joce.fr\/wp-content\/uploads\/2020\/04\/tarte_a_l_oignon_et_a_l_echalote_ventreche_00-150x150.jpg\" alt=\"\" width=\"346\" height=\"180\" srcset=\"http:\/\/recettes-gourmandes-de-joce.fr\/wp-content\/uploads\/2020\/04\/tarte_a_l_oignon_et_a_l_echalote_ventreche_00-300x156.jpg 300w, http:\/\/recettes-gourmandes-de-joce.fr\/wp-content\/uploads\/2020\/04\/tarte_a_l_oignon_et_a_l_echalote_ventreche_00.jpg 550w\" sizes=\"auto, (max-width: 346px) 100vw, 346px\" \/><\/span><\/p>\n<p style=\"text-align: center;\"><span style=\"font-family: georgia,serif;\"><em><span style=\"color: #ff9900; font-size: large;\">450 g d&rsquo;oignons<\/span><\/em><\/span><\/p>\n<p style=\"text-align: center;\"><span style=\"font-family: georgia,serif;\"><em><span style=\"color: #ff9900; font-size: large;\">450 g d&rsquo;\u00e9chalotes<\/span><\/em><\/span><\/p>\n<p style=\"text-align: center;\"><span style=\"font-family: georgia,serif;\"><em><span style=\"color: #ff9900; font-size: large;\">1 \u0153uf + 1 jaune<\/span><\/em><\/span><\/p>\n<p style=\"text-align: center;\"><span style=\"font-family: georgia,serif;\"><em><span style=\"color: #ff9900; font-size: large;\">2 tranches de ventr\u00e8che (\u00e0 d\u00e9faut 2 belles tranches de lard fum\u00e9)<\/span><\/em><\/span><\/p>\n<p style=\"text-align: center;\"><span style=\"font-family: georgia,serif;\"><em><span style=\"color: #ff9900; font-size: large;\">100 ml de vin blanc<\/span><\/em><\/span><\/p>\n<p style=\"text-align: center;\"><span style=\"font-family: georgia,serif;\"><em><span style=\"color: #ff9900; font-size: large;\">3 belles c \u00e0 s de cr\u00e8me fra\u00eeche<\/span><\/em><\/span><\/p>\n<p style=\"text-align: center;\"><span style=\"font-family: georgia,serif;\"><em><span style=\"color: #ff9900; font-size: large;\">1 petit bouquet de persil plat<\/span><\/em><\/span><\/p>\n<p style=\"text-align: center;\"><span style=\"font-family: georgia,serif;\"><em><span style=\"color: #ff9900; font-size: large;\">\u00bd c \u00e0 c de noix de muscade<\/span><\/em><\/span><\/p>\n<p style=\"text-align: center;\"><span style=\"font-family: georgia,serif;\"><em><span style=\"color: #ff9900; font-size: large;\">1 morceau de beurre<\/span><\/em><\/span><\/p>\n<p style=\"text-align: center;\"><span style=\"font-family: georgia,serif;\"><em><span style=\"color: #ff9900; font-size: large;\">1 p\u00e2te feuillet\u00e9e<\/span><\/em><\/span><\/p>\n<p style=\"text-align: center;\"><span style=\"font-family: georgia,serif;\"><em><span style=\"color: #ff9900; font-size: large;\">Sel et poivre<\/span><\/em><\/span><\/p>\n<p style=\"text-align: center;\"><span style=\"font-family: georgia,serif;\">\u00a0 <img loading=\"lazy\" decoding=\"async\" class=\"alignnone wp-image-20164\" src=\"http:\/\/recettes-gourmandes-de-joce.fr\/wp-content\/uploads\/2020\/04\/tarte_a_l_oignon_et_a_l_echalote_ventreche_001-150x150.jpg\" alt=\"\" width=\"189\" height=\"160\" srcset=\"http:\/\/recettes-gourmandes-de-joce.fr\/wp-content\/uploads\/2020\/04\/tarte_a_l_oignon_et_a_l_echalote_ventreche_001-300x254.jpg 300w, http:\/\/recettes-gourmandes-de-joce.fr\/wp-content\/uploads\/2020\/04\/tarte_a_l_oignon_et_a_l_echalote_ventreche_001.jpg 550w\" sizes=\"auto, (max-width: 189px) 100vw, 189px\" \/> <\/span><img loading=\"lazy\" decoding=\"async\" class=\"alignnone wp-image-20167\" src=\"http:\/\/recettes-gourmandes-de-joce.fr\/wp-content\/uploads\/2020\/04\/tarte_aux_oignons_et_aux_echalotes_et_ventrec2-150x150.jpg\" alt=\"\" width=\"222\" height=\"160\" srcset=\"http:\/\/recettes-gourmandes-de-joce.fr\/wp-content\/uploads\/2020\/04\/tarte_aux_oignons_et_aux_echalotes_et_ventrec2-300x217.jpg 300w, http:\/\/recettes-gourmandes-de-joce.fr\/wp-content\/uploads\/2020\/04\/tarte_aux_oignons_et_aux_echalotes_et_ventrec2.jpg 550w\" sizes=\"auto, (max-width: 222px) 100vw, 222px\" \/> <img loading=\"lazy\" decoding=\"async\" class=\"alignnone wp-image-20166\" style=\"font-family: georgia, serif;\" src=\"http:\/\/recettes-gourmandes-de-joce.fr\/wp-content\/uploads\/2020\/04\/tarte_aux_oignons_et_aux_echalotes_et_ventrec1-150x150.jpg\" alt=\"\" width=\"182\" height=\"160\" srcset=\"http:\/\/recettes-gourmandes-de-joce.fr\/wp-content\/uploads\/2020\/04\/tarte_aux_oignons_et_aux_echalotes_et_ventrec1-300x264.jpg 300w, http:\/\/recettes-gourmandes-de-joce.fr\/wp-content\/uploads\/2020\/04\/tarte_aux_oignons_et_aux_echalotes_et_ventrec1.jpg 550w\" sizes=\"auto, (max-width: 182px) 100vw, 182px\" \/><\/p>\n<p style=\"text-align: center;\"><span style=\"font-family: georgia,serif;\">\u00a0<em><span style=\"color: #ff9900; font-size: large;\">Mettre la p\u00e2te feuillet\u00e9e dans un moule \u00e0 tarte et piquer le fond avec une fourchette. Peler et \u00e9mincer les oignons et les \u00e9chalotes.<\/span><\/em><\/span><\/p>\n<p style=\"text-align: center;\"><img loading=\"lazy\" decoding=\"async\" class=\"alignnone wp-image-20165\" src=\"http:\/\/recettes-gourmandes-de-joce.fr\/wp-content\/uploads\/2020\/04\/tarte_aux_oignons_et_aux_echalotes_et_ventrec-150x150.jpg\" alt=\"\" width=\"214\" height=\"160\" srcset=\"http:\/\/recettes-gourmandes-de-joce.fr\/wp-content\/uploads\/2020\/04\/tarte_aux_oignons_et_aux_echalotes_et_ventrec-300x225.jpg 300w, http:\/\/recettes-gourmandes-de-joce.fr\/wp-content\/uploads\/2020\/04\/tarte_aux_oignons_et_aux_echalotes_et_ventrec.jpg 550w\" sizes=\"auto, (max-width: 214px) 100vw, 214px\" \/>\u00a0<img loading=\"lazy\" decoding=\"async\" class=\"alignnone wp-image-20170\" src=\"http:\/\/recettes-gourmandes-de-joce.fr\/wp-content\/uploads\/2020\/04\/tarte_aux_oignons_et_aux_echalotes_et_ventrec5-150x150.jpg\" alt=\"\" width=\"214\" height=\"160\" srcset=\"http:\/\/recettes-gourmandes-de-joce.fr\/wp-content\/uploads\/2020\/04\/tarte_aux_oignons_et_aux_echalotes_et_ventrec5-300x225.jpg 300w, http:\/\/recettes-gourmandes-de-joce.fr\/wp-content\/uploads\/2020\/04\/tarte_aux_oignons_et_aux_echalotes_et_ventrec5.jpg 550w\" sizes=\"auto, (max-width: 214px) 100vw, 214px\" \/> <img loading=\"lazy\" decoding=\"async\" class=\"alignnone wp-image-20168\" src=\"http:\/\/recettes-gourmandes-de-joce.fr\/wp-content\/uploads\/2020\/04\/tarte_aux_oignons_et_aux_echalotes_et_ventrec3-150x150.jpg\" alt=\"\" width=\"214\" height=\"160\" srcset=\"http:\/\/recettes-gourmandes-de-joce.fr\/wp-content\/uploads\/2020\/04\/tarte_aux_oignons_et_aux_echalotes_et_ventrec3-300x225.jpg 300w, http:\/\/recettes-gourmandes-de-joce.fr\/wp-content\/uploads\/2020\/04\/tarte_aux_oignons_et_aux_echalotes_et_ventrec3.jpg 550w\" sizes=\"auto, (max-width: 214px) 100vw, 214px\" \/><\/p>\n<p style=\"text-align: center;\"><span style=\"font-family: georgia,serif;\"><em><span style=\"color: #ff9900; font-size: large;\">Laver et hacher le persil.\u00a0<\/span><\/em><\/span><span style=\"font-family: georgia, palatino, serif;\"><em><span style=\"color: #ff9900; font-size: large;\">Couper la ventr\u00e8che en petits morceaux. <\/span><\/em><em><span style=\"color: #ff9900; font-size: large;\">Mettre le beurre \u00e0 fondre dans une sauteuse.<\/span><\/em><\/span><\/p>\n<p style=\"text-align: center;\"><img loading=\"lazy\" decoding=\"async\" class=\"alignnone wp-image-20169\" src=\"http:\/\/recettes-gourmandes-de-joce.fr\/wp-content\/uploads\/2020\/04\/tarte_aux_oignons_et_aux_echalotes_et_ventrec4-150x150.jpg\" alt=\"\" width=\"214\" height=\"160\" srcset=\"http:\/\/recettes-gourmandes-de-joce.fr\/wp-content\/uploads\/2020\/04\/tarte_aux_oignons_et_aux_echalotes_et_ventrec4-300x225.jpg 300w, http:\/\/recettes-gourmandes-de-joce.fr\/wp-content\/uploads\/2020\/04\/tarte_aux_oignons_et_aux_echalotes_et_ventrec4.jpg 550w\" sizes=\"auto, (max-width: 214px) 100vw, 214px\" \/> <img loading=\"lazy\" decoding=\"async\" class=\"alignnone wp-image-20171\" src=\"http:\/\/recettes-gourmandes-de-joce.fr\/wp-content\/uploads\/2020\/04\/tarte_aux_oignons_et_aux_echalotes_et_ventrec6-150x150.jpg\" alt=\"\" width=\"214\" height=\"160\" srcset=\"http:\/\/recettes-gourmandes-de-joce.fr\/wp-content\/uploads\/2020\/04\/tarte_aux_oignons_et_aux_echalotes_et_ventrec6-300x225.jpg 300w, http:\/\/recettes-gourmandes-de-joce.fr\/wp-content\/uploads\/2020\/04\/tarte_aux_oignons_et_aux_echalotes_et_ventrec6.jpg 550w\" sizes=\"auto, (max-width: 214px) 100vw, 214px\" \/> <img loading=\"lazy\" decoding=\"async\" class=\"alignnone wp-image-20172\" src=\"http:\/\/recettes-gourmandes-de-joce.fr\/wp-content\/uploads\/2020\/04\/tarte_aux_oignons_et_aux_echalotes_et_ventrec7-150x150.jpg\" alt=\"\" width=\"214\" height=\"160\" srcset=\"http:\/\/recettes-gourmandes-de-joce.fr\/wp-content\/uploads\/2020\/04\/tarte_aux_oignons_et_aux_echalotes_et_ventrec7-300x225.jpg 300w, http:\/\/recettes-gourmandes-de-joce.fr\/wp-content\/uploads\/2020\/04\/tarte_aux_oignons_et_aux_echalotes_et_ventrec7.jpg 550w\" sizes=\"auto, (max-width: 214px) 100vw, 214px\" \/><\/p>\n<p style=\"text-align: center;\"><span style=\"font-family: georgia,serif;\"><em><span style=\"color: #ff9900; font-size: large;\">Mettre les oignons et les \u00e9chalotes \u00e0 suer, saler et poivrer et laisser cuire en remuant r\u00e9guli\u00e8rement pendant environ 10 minutes jusqu&rsquo;au d\u00e9but de la coloration des oignons et des \u00e9chalotes. <\/span><\/em><em><span style=\"color: #ff9900; font-size: large;\">Ajouter la ventr\u00e8che dans la sauteuse, m\u00e9langer. Mettre le four \u00e0 pr\u00e9chauffer \u00e0 200\u00b0. Laisser cuire quelques instants et verser le vin blanc remuer.<\/span><\/em><\/span><\/p>\n<p style=\"text-align: center;\"><img loading=\"lazy\" decoding=\"async\" class=\"alignnone wp-image-20173\" src=\"http:\/\/recettes-gourmandes-de-joce.fr\/wp-content\/uploads\/2020\/04\/tarte_aux_oignons_et_aux_echalotes_et_ventrec8-150x150.jpg\" alt=\"\" width=\"214\" height=\"160\" srcset=\"http:\/\/recettes-gourmandes-de-joce.fr\/wp-content\/uploads\/2020\/04\/tarte_aux_oignons_et_aux_echalotes_et_ventrec8-300x225.jpg 300w, http:\/\/recettes-gourmandes-de-joce.fr\/wp-content\/uploads\/2020\/04\/tarte_aux_oignons_et_aux_echalotes_et_ventrec8.jpg 550w\" sizes=\"auto, (max-width: 214px) 100vw, 214px\" \/> <img loading=\"lazy\" decoding=\"async\" class=\"alignnone wp-image-20174\" src=\"http:\/\/recettes-gourmandes-de-joce.fr\/wp-content\/uploads\/2020\/04\/tarte_aux_oignons_et_aux_echalotes_et_ventrec9-150x150.jpg\" alt=\"\" width=\"214\" height=\"160\" srcset=\"http:\/\/recettes-gourmandes-de-joce.fr\/wp-content\/uploads\/2020\/04\/tarte_aux_oignons_et_aux_echalotes_et_ventrec9-300x225.jpg 300w, http:\/\/recettes-gourmandes-de-joce.fr\/wp-content\/uploads\/2020\/04\/tarte_aux_oignons_et_aux_echalotes_et_ventrec9.jpg 550w\" sizes=\"auto, (max-width: 214px) 100vw, 214px\" \/> <img loading=\"lazy\" decoding=\"async\" class=\"alignnone wp-image-20175\" src=\"http:\/\/recettes-gourmandes-de-joce.fr\/wp-content\/uploads\/2020\/04\/tarte_aux_oignons_et_aux_echalotes_et_ventrec10-150x150.jpg\" alt=\"\" width=\"214\" height=\"160\" srcset=\"http:\/\/recettes-gourmandes-de-joce.fr\/wp-content\/uploads\/2020\/04\/tarte_aux_oignons_et_aux_echalotes_et_ventrec10-300x225.jpg 300w, http:\/\/recettes-gourmandes-de-joce.fr\/wp-content\/uploads\/2020\/04\/tarte_aux_oignons_et_aux_echalotes_et_ventrec10.jpg 550w\" sizes=\"auto, (max-width: 214px) 100vw, 214px\" \/><\/p>\n<p style=\"text-align: center;\"><span style=\"font-family: georgia,serif;\"><em><span style=\"color: #ff9900; font-size: large;\">Ajouter la muscade et le persil et m\u00e9langer, baisser le feu au minimum. M\u00e9langer la cr\u00e8me avec l&rsquo;\u0153uf et le jaune suppl\u00e9mentaire.<\/span><\/em><\/span><\/p>\n<p style=\"text-align: center;\"><img loading=\"lazy\" decoding=\"async\" class=\"alignnone wp-image-20176\" src=\"http:\/\/recettes-gourmandes-de-joce.fr\/wp-content\/uploads\/2020\/04\/tarte_aux_oignons_et_aux_echalotes_et_ventrec11-150x150.jpg\" alt=\"\" width=\"214\" height=\"160\" srcset=\"http:\/\/recettes-gourmandes-de-joce.fr\/wp-content\/uploads\/2020\/04\/tarte_aux_oignons_et_aux_echalotes_et_ventrec11-300x225.jpg 300w, http:\/\/recettes-gourmandes-de-joce.fr\/wp-content\/uploads\/2020\/04\/tarte_aux_oignons_et_aux_echalotes_et_ventrec11.jpg 550w\" sizes=\"auto, (max-width: 214px) 100vw, 214px\" \/> <img loading=\"lazy\" decoding=\"async\" class=\"alignnone wp-image-20177\" src=\"http:\/\/recettes-gourmandes-de-joce.fr\/wp-content\/uploads\/2020\/04\/tarte_aux_oignons_et_aux_echalotes_et_ventrec12-150x150.jpg\" alt=\"\" width=\"214\" height=\"160\" srcset=\"http:\/\/recettes-gourmandes-de-joce.fr\/wp-content\/uploads\/2020\/04\/tarte_aux_oignons_et_aux_echalotes_et_ventrec12-300x225.jpg 300w, http:\/\/recettes-gourmandes-de-joce.fr\/wp-content\/uploads\/2020\/04\/tarte_aux_oignons_et_aux_echalotes_et_ventrec12.jpg 550w\" sizes=\"auto, (max-width: 214px) 100vw, 214px\" \/> <img loading=\"lazy\" decoding=\"async\" class=\"alignnone wp-image-20178\" src=\"http:\/\/recettes-gourmandes-de-joce.fr\/wp-content\/uploads\/2020\/04\/tarte_aux_oignons_et_aux_echalotes_et_ventrec13-150x150.jpg\" alt=\"\" width=\"214\" height=\"160\" srcset=\"http:\/\/recettes-gourmandes-de-joce.fr\/wp-content\/uploads\/2020\/04\/tarte_aux_oignons_et_aux_echalotes_et_ventrec13-300x225.jpg 300w, http:\/\/recettes-gourmandes-de-joce.fr\/wp-content\/uploads\/2020\/04\/tarte_aux_oignons_et_aux_echalotes_et_ventrec13.jpg 550w\" sizes=\"auto, (max-width: 214px) 100vw, 214px\" \/><\/p>\n<p style=\"text-align: center;\"><span style=\"font-family: georgia,serif;\"><em><span style=\"color: #ff9900; font-size: large;\">Lorsque le m\u00e9lange est homog\u00e8ne le verser dans la sauteuse et bien m\u00e9langer. Arr\u00eater la cuisson et verser le m\u00e9lange sur la p\u00e2te feuillet\u00e9e.<\/span><\/em><\/span><\/p>\n<p style=\"text-align: center;\"><img loading=\"lazy\" decoding=\"async\" class=\"alignnone wp-image-20160\" src=\"http:\/\/recettes-gourmandes-de-joce.fr\/wp-content\/uploads\/2020\/04\/tarte_aux_oignons_et_aux_echalotes_et_ventrec14-150x150.jpg\" alt=\"\" width=\"214\" height=\"160\" srcset=\"http:\/\/recettes-gourmandes-de-joce.fr\/wp-content\/uploads\/2020\/04\/tarte_aux_oignons_et_aux_echalotes_et_ventrec14-300x225.jpg 300w, http:\/\/recettes-gourmandes-de-joce.fr\/wp-content\/uploads\/2020\/04\/tarte_aux_oignons_et_aux_echalotes_et_ventrec14.jpg 550w\" sizes=\"auto, (max-width: 214px) 100vw, 214px\" \/><\/p>\n<p style=\"text-align: center;\"><span style=\"font-family: georgia,serif;\"><em><span style=\"color: #ff9900; font-size: large;\">Enfourner environ 30 minutes \u00e0 200\u00b0 selon les fours. Se d\u00e9guste froide ou ti\u00e8de selon les go\u00fbts.<\/span><\/em><\/span><\/p>\n<p style=\"text-align: center;\"><span style=\"font-family: georgia,serif;\"><em><span style=\"color: #ff9900; font-size: large;\">Bon app\u00e9tit!<\/span><\/em><\/span><\/p>\n<p style=\"text-align: center;\"><img loading=\"lazy\" decoding=\"async\" class=\"alignnone wp-image-20162\" src=\"http:\/\/recettes-gourmandes-de-joce.fr\/wp-content\/uploads\/2020\/04\/tarte_aux_oignons_et_aux_echalotes_et_ventrec16-150x150.jpg\" alt=\"\" width=\"240\" height=\"180\" srcset=\"http:\/\/recettes-gourmandes-de-joce.fr\/wp-content\/uploads\/2020\/04\/tarte_aux_oignons_et_aux_echalotes_et_ventrec16-300x225.jpg 300w, http:\/\/recettes-gourmandes-de-joce.fr\/wp-content\/uploads\/2020\/04\/tarte_aux_oignons_et_aux_echalotes_et_ventrec16.jpg 550w\" sizes=\"auto, (max-width: 240px) 100vw, 240px\" \/> <img loading=\"lazy\" decoding=\"async\" class=\"alignnone wp-image-20161\" src=\"http:\/\/recettes-gourmandes-de-joce.fr\/wp-content\/uploads\/2020\/04\/tarte_aux_oignons_et_aux_echalotes_et_ventrec15-150x150.jpg\" alt=\"\" width=\"240\" height=\"180\" srcset=\"http:\/\/recettes-gourmandes-de-joce.fr\/wp-content\/uploads\/2020\/04\/tarte_aux_oignons_et_aux_echalotes_et_ventrec15-300x225.jpg 300w, http:\/\/recettes-gourmandes-de-joce.fr\/wp-content\/uploads\/2020\/04\/tarte_aux_oignons_et_aux_echalotes_et_ventrec15.jpg 550w\" sizes=\"auto, (max-width: 240px) 100vw, 240px\" \/> <img loading=\"lazy\" decoding=\"async\" class=\"alignnone wp-image-20180\" src=\"http:\/\/recettes-gourmandes-de-joce.fr\/wp-content\/uploads\/2020\/04\/tarte_aux_oignons_et_aux_echalotes_et_ventrec16-001-150x150.jpg\" alt=\"\" width=\"257\" height=\"180\" srcset=\"http:\/\/recettes-gourmandes-de-joce.fr\/wp-content\/uploads\/2020\/04\/tarte_aux_oignons_et_aux_echalotes_et_ventrec16-001-300x210.jpg 300w, http:\/\/recettes-gourmandes-de-joce.fr\/wp-content\/uploads\/2020\/04\/tarte_aux_oignons_et_aux_echalotes_et_ventrec16-001.jpg 464w\" sizes=\"auto, (max-width: 257px) 100vw, 257px\" \/><\/p>\n<p style=\"text-align: center;\"><img loading=\"lazy\" decoding=\"async\" class=\"alignnone wp-image-16654 size-full\" src=\"http:\/\/recettes-gourmandes-de-joce.fr\/wp-content\/uploads\/2020\/01\/logitech-gaming-software-14112014-121223.jpg\" alt=\"\" width=\"640\" height=\"144\" srcset=\"http:\/\/recettes-gourmandes-de-joce.fr\/wp-content\/uploads\/2020\/01\/logitech-gaming-software-14112014-121223.jpg 640w, http:\/\/recettes-gourmandes-de-joce.fr\/wp-content\/uploads\/2020\/01\/logitech-gaming-software-14112014-121223-300x68.jpg 300w\" sizes=\"auto, (max-width: 640px) 100vw, 640px\" \/><\/p>\n","protected":false},"excerpt":{"rendered":"<p>Une de mes recettes Ingr\u00e9dients \u00a0 450 g d&rsquo;oignons 450 g d&rsquo;\u00e9chalotes 1 \u0153uf + 1 jaune 2 tranches de ventr\u00e8che (\u00e0 d\u00e9faut 2 belles tranches de lard fum\u00e9) 100 ml de vin blanc 3 belles c \u00e0 s de cr\u00e8me fra\u00eeche 1 petit bouquet de persil plat \u00bd c \u00e0 c de noix de &hellip; <\/p>\n<p><a class=\"more-link btn\" href=\"http:\/\/recettes-gourmandes-de-joce.fr\/index.php\/index\/entrees\/tartes-et-quiches-salees\/tarte-aux-oignons-echalotes-et-ventreche\/\">Lire la suite<\/a><\/p>\n","protected":false},"author":2,"featured_media":84061,"parent":2526,"menu_order":0,"comment_status":"open","ping_status":"closed","template":"","meta":{"footnotes":""},"class_list":["post-20179","page","type-page","status-publish","has-post-thumbnail","hentry","nodate","item-wrap"],"_links":{"self":[{"href":"http:\/\/recettes-gourmandes-de-joce.fr\/index.php\/wp-json\/wp\/v2\/pages\/20179","targetHints":{"allow":["GET"]}}],"collection":[{"href":"http:\/\/recettes-gourmandes-de-joce.fr\/index.php\/wp-json\/wp\/v2\/pages"}],"about":[{"href":"http:\/\/recettes-gourmandes-de-joce.fr\/index.php\/wp-json\/wp\/v2\/types\/page"}],"author":[{"embeddable":true,"href":"http:\/\/recettes-gourmandes-de-joce.fr\/index.php\/wp-json\/wp\/v2\/users\/2"}],"replies":[{"embeddable":true,"href":"http:\/\/recettes-gourmandes-de-joce.fr\/index.php\/wp-json\/wp\/v2\/comments?post=20179"}],"version-history":[{"count":2,"href":"http:\/\/recettes-gourmandes-de-joce.fr\/index.php\/wp-json\/wp\/v2\/pages\/20179\/revisions"}],"predecessor-version":[{"id":84060,"href":"http:\/\/recettes-gourmandes-de-joce.fr\/index.php\/wp-json\/wp\/v2\/pages\/20179\/revisions\/84060"}],"up":[{"embeddable":true,"href":"http:\/\/recettes-gourmandes-de-joce.fr\/index.php\/wp-json\/wp\/v2\/pages\/2526"}],"wp:featuredmedia":[{"embeddable":true,"href":"http:\/\/recettes-gourmandes-de-joce.fr\/index.php\/wp-json\/wp\/v2\/media\/84061"}],"wp:attachment":[{"href":"http:\/\/recettes-gourmandes-de-joce.fr\/index.php\/wp-json\/wp\/v2\/media?parent=20179"}],"curies":[{"name":"wp","href":"https:\/\/api.w.org\/{rel}","templated":true}]}}