{"id":20011,"date":"2020-04-09T12:02:14","date_gmt":"2020-04-09T12:02:14","guid":{"rendered":"http:\/\/recettes-gourmandes-de-joce.fr\/?page_id=20011"},"modified":"2024-07-04T14:29:44","modified_gmt":"2024-07-04T14:29:44","slug":"yaourts-a-boire-a-la-fraise-ou-a-la-banane","status":"publish","type":"page","link":"http:\/\/recettes-gourmandes-de-joce.fr\/index.php\/index\/oeufs-fromages-yaourts-laitages\/fromages\/yaourts-a-boire-a-la-fraise-ou-a-la-banane\/","title":{"rendered":"Yaourts \u00e0 boire \u00e0 la fraise ou \u00e0 la banane."},"content":{"rendered":"<p style=\"text-align: center;\"><span style=\"font-family: georgia, serif; color: #993366;\"><em><span style=\"text-decoration: underline;\"><span style=\"font-size: x-large;\">Une de mes recettes<\/span><\/span><\/em><\/span><\/p>\n<p style=\"text-align: center;\"><span style=\"color: #993366;\"><img loading=\"lazy\" decoding=\"async\" class=\"alignnone wp-image-20005 size-medium\" src=\"http:\/\/recettes-gourmandes-de-joce.fr\/wp-content\/uploads\/2020\/04\/yaourt_a_boire_a_la_fraise_et_a_la_banane_10-300x215.jpg\" alt=\"\" width=\"300\" height=\"215\" srcset=\"http:\/\/recettes-gourmandes-de-joce.fr\/wp-content\/uploads\/2020\/04\/yaourt_a_boire_a_la_fraise_et_a_la_banane_10-300x215.jpg 300w, http:\/\/recettes-gourmandes-de-joce.fr\/wp-content\/uploads\/2020\/04\/yaourt_a_boire_a_la_fraise_et_a_la_banane_10.jpg 514w\" sizes=\"auto, (max-width: 300px) 100vw, 300px\" \/><\/span><\/p>\n<p style=\"text-align: center;\"><span style=\"font-family: georgia, serif; color: #993366;\"><span style=\"text-decoration: underline;\"><span style=\"font-size: x-large;\"><em>Pour 1 litre de yaourt<\/em><\/span><\/span><\/span><\/p>\n<p style=\"text-align: center;\"><span style=\"font-family: georgia, serif; color: #993366;\"><img loading=\"lazy\" decoding=\"async\" class=\"alignnone wp-image-20006\" src=\"http:\/\/recettes-gourmandes-de-joce.fr\/wp-content\/uploads\/2020\/04\/yaourt_a_boire_a_la_fraise_et_a_la_banane_01-150x150.jpg\" alt=\"\" width=\"209\" height=\"180\" srcset=\"http:\/\/recettes-gourmandes-de-joce.fr\/wp-content\/uploads\/2020\/04\/yaourt_a_boire_a_la_fraise_et_a_la_banane_01-300x258.jpg 300w, http:\/\/recettes-gourmandes-de-joce.fr\/wp-content\/uploads\/2020\/04\/yaourt_a_boire_a_la_fraise_et_a_la_banane_01.jpg 550w\" sizes=\"auto, (max-width: 209px) 100vw, 209px\" \/>\u00a0\u00a0<\/span><\/p>\n<p style=\"text-align: center;\"><span style=\"font-family: georgia, serif; color: #993366;\"><em><span style=\"font-size: large;\">500 ml de lait entier<\/span><\/em><\/span><\/p>\n<p style=\"text-align: center;\"><span style=\"font-family: georgia, serif; color: #993366;\"><em><span style=\"font-size: large;\">250 g de fruits ( fraises ) ou 2 bananes<\/span><\/em><\/span><\/p>\n<p style=\"text-align: center;\"><span style=\"font-family: georgia, serif; color: #993366;\"><em><span style=\"font-size: large;\">70 g de sucre semoule<\/span><\/em><\/span><\/p>\n<p style=\"text-align: center;\"><span style=\"font-family: georgia, serif; color: #993366;\"><em><span style=\"font-size: large;\">4 yaourts natures<\/span><\/em><\/span><\/p>\n<p style=\"text-align: center;\"><span style=\"color: #993366;\"><img loading=\"lazy\" decoding=\"async\" class=\"alignnone wp-image-20010\" src=\"http:\/\/recettes-gourmandes-de-joce.fr\/wp-content\/uploads\/2020\/04\/yaourt_a_boire_a_la_fraise_et_a_la_banane_07-150x150.jpg\" alt=\"\" width=\"214\" height=\"160\" srcset=\"http:\/\/recettes-gourmandes-de-joce.fr\/wp-content\/uploads\/2020\/04\/yaourt_a_boire_a_la_fraise_et_a_la_banane_07-300x225.jpg 300w, http:\/\/recettes-gourmandes-de-joce.fr\/wp-content\/uploads\/2020\/04\/yaourt_a_boire_a_la_fraise_et_a_la_banane_07.jpg 550w\" sizes=\"auto, (max-width: 214px) 100vw, 214px\" \/> <img loading=\"lazy\" decoding=\"async\" class=\"alignnone wp-image-20007\" src=\"http:\/\/recettes-gourmandes-de-joce.fr\/wp-content\/uploads\/2020\/04\/yaourt_a_boire_a_la_fraise_et_a_la_banane_02-150x150.jpg\" alt=\"\" width=\"214\" height=\"160\" srcset=\"http:\/\/recettes-gourmandes-de-joce.fr\/wp-content\/uploads\/2020\/04\/yaourt_a_boire_a_la_fraise_et_a_la_banane_02-300x225.jpg 300w, http:\/\/recettes-gourmandes-de-joce.fr\/wp-content\/uploads\/2020\/04\/yaourt_a_boire_a_la_fraise_et_a_la_banane_02.jpg 550w\" sizes=\"auto, (max-width: 214px) 100vw, 214px\" \/> <img loading=\"lazy\" decoding=\"async\" class=\"alignnone wp-image-20009\" src=\"http:\/\/recettes-gourmandes-de-joce.fr\/wp-content\/uploads\/2020\/04\/yaourt_a_boire_a_la_fraise_et_a_la_banane_05-150x150.jpg\" alt=\"\" width=\"214\" height=\"160\" srcset=\"http:\/\/recettes-gourmandes-de-joce.fr\/wp-content\/uploads\/2020\/04\/yaourt_a_boire_a_la_fraise_et_a_la_banane_05-300x225.jpg 300w, http:\/\/recettes-gourmandes-de-joce.fr\/wp-content\/uploads\/2020\/04\/yaourt_a_boire_a_la_fraise_et_a_la_banane_05.jpg 550w\" sizes=\"auto, (max-width: 214px) 100vw, 214px\" \/><\/span><\/p>\n<p style=\"text-align: center;\"><span style=\"color: #993366;\"><span style=\"font-family: georgia,serif;\"><em><span style=\"font-size: large;\">Dans un blender, mettre les fruits coup\u00e9s en morceaux . <\/span><\/em><span style=\"font-family: georgia, palatino, serif;\"><em><span style=\"font-size: large;\">Ajouter le sucre, <\/span><\/em><\/span><\/span><span style=\"font-family: georgia, palatino, serif;\"><em><span style=\"font-size: large;\">ajouter ensuite les yaourts natures et le lait.<\/span><\/em><\/span><\/span><\/p>\n<p style=\"text-align: center;\"><span style=\"color: #993366;\"><img loading=\"lazy\" decoding=\"async\" class=\"alignnone wp-image-20008\" src=\"http:\/\/recettes-gourmandes-de-joce.fr\/wp-content\/uploads\/2020\/04\/yaourt_a_boire_a_la_fraise_et_a_la_banane_04-150x150.jpg\" alt=\"\" width=\"120\" height=\"160\" srcset=\"http:\/\/recettes-gourmandes-de-joce.fr\/wp-content\/uploads\/2020\/04\/yaourt_a_boire_a_la_fraise_et_a_la_banane_04-225x300.jpg 225w, http:\/\/recettes-gourmandes-de-joce.fr\/wp-content\/uploads\/2020\/04\/yaourt_a_boire_a_la_fraise_et_a_la_banane_04.jpg 412w\" sizes=\"auto, (max-width: 120px) 100vw, 120px\" \/> <img loading=\"lazy\" decoding=\"async\" class=\"alignnone wp-image-20003\" src=\"http:\/\/recettes-gourmandes-de-joce.fr\/wp-content\/uploads\/2020\/04\/yaourt_a_boire_a_la_fraise_et_a_la_banane_08-150x150.jpg\" alt=\"\" width=\"120\" height=\"160\" srcset=\"http:\/\/recettes-gourmandes-de-joce.fr\/wp-content\/uploads\/2020\/04\/yaourt_a_boire_a_la_fraise_et_a_la_banane_08-225x300.jpg 225w, http:\/\/recettes-gourmandes-de-joce.fr\/wp-content\/uploads\/2020\/04\/yaourt_a_boire_a_la_fraise_et_a_la_banane_08.jpg 412w\" sizes=\"auto, (max-width: 120px) 100vw, 120px\" \/> <img loading=\"lazy\" decoding=\"async\" class=\"alignnone wp-image-20004\" src=\"http:\/\/recettes-gourmandes-de-joce.fr\/wp-content\/uploads\/2020\/04\/yaourt_a_boire_a_la_fraise_et_a_la_banane_09-150x150.jpg\" alt=\"\" width=\"200\" height=\"160\" srcset=\"http:\/\/recettes-gourmandes-de-joce.fr\/wp-content\/uploads\/2020\/04\/yaourt_a_boire_a_la_fraise_et_a_la_banane_09-300x240.jpg 300w, http:\/\/recettes-gourmandes-de-joce.fr\/wp-content\/uploads\/2020\/04\/yaourt_a_boire_a_la_fraise_et_a_la_banane_09.jpg 550w\" sizes=\"auto, (max-width: 200px) 100vw, 200px\" \/><\/span><\/p>\n<p style=\"text-align: center;\"><span style=\"color: #993366;\"><span style=\"font-family: georgia,serif;\"><em><span style=\"font-size: large;\">\u00a0Mixer quelques instants pour obtenir un m\u00e9lange homog\u00e8ne.<\/span><\/em><\/span><span style=\"font-family: georgia,serif;\">\u00a0\u00a0<\/span><span style=\"font-family: georgia,serif;\"><em><span style=\"font-size: large;\">R\u00e9server au frais, remuer avant de servir car la pulpe du fruit descend au fond du pichet.<\/span><\/em><\/span><\/span><\/p>\n<p style=\"text-align: center;\"><span style=\"font-family: georgia, serif; color: #993366;\"><em><span style=\"font-size: large;\">A boire dans la journ\u00e9e.<\/span><\/em><\/span><\/p>\n<p style=\"text-align: center;\"><span style=\"font-family: georgia, serif; color: #993366;\"><em><span style=\"font-size: large;\">Bonne d\u00e9gustation!<\/span><\/em><\/span><\/p>\n<p style=\"text-align: center;\"><span style=\"color: #993366;\"><img loading=\"lazy\" decoding=\"async\" class=\"alignnone wp-image-20014\" src=\"http:\/\/recettes-gourmandes-de-joce.fr\/wp-content\/uploads\/2020\/04\/yaourt_a_boire_a_la_fraise_et_a_la_banane_10-003-150x150.jpg\" alt=\"\" width=\"200\" height=\"166\" \/> <img loading=\"lazy\" decoding=\"async\" class=\"alignnone wp-image-20013\" src=\"http:\/\/recettes-gourmandes-de-joce.fr\/wp-content\/uploads\/2020\/04\/yaourt_a_boire_a_la_fraise_et_a_la_banane_10-002-150x150.jpg\" alt=\"\" width=\"200\" height=\"215\" \/><\/span><\/p>\n<p style=\"text-align: center;\"><span style=\"color: #993366;\"><img loading=\"lazy\" decoding=\"async\" class=\"alignnone wp-image-16654 size-full\" src=\"http:\/\/recettes-gourmandes-de-joce.fr\/wp-content\/uploads\/2020\/01\/logitech-gaming-software-14112014-121223.jpg\" alt=\"\" width=\"640\" height=\"144\" srcset=\"http:\/\/recettes-gourmandes-de-joce.fr\/wp-content\/uploads\/2020\/01\/logitech-gaming-software-14112014-121223.jpg 640w, http:\/\/recettes-gourmandes-de-joce.fr\/wp-content\/uploads\/2020\/01\/logitech-gaming-software-14112014-121223-300x68.jpg 300w\" sizes=\"auto, (max-width: 640px) 100vw, 640px\" \/><\/span><\/p>\n<p>&nbsp;<\/p>\n","protected":false},"excerpt":{"rendered":"<p>Une de mes recettes Pour 1 litre de yaourt \u00a0\u00a0 500 ml de lait entier 250 g de fruits ( fraises ) ou 2 bananes 70 g de sucre semoule 4 yaourts natures Dans un blender, mettre les fruits coup\u00e9s en morceaux . Ajouter le sucre, ajouter ensuite les yaourts natures et le lait. \u00a0Mixer &hellip; <\/p>\n<p><a class=\"more-link btn\" href=\"http:\/\/recettes-gourmandes-de-joce.fr\/index.php\/index\/oeufs-fromages-yaourts-laitages\/fromages\/yaourts-a-boire-a-la-fraise-ou-a-la-banane\/\">Lire la suite<\/a><\/p>\n","protected":false},"author":2,"featured_media":86780,"parent":241,"menu_order":0,"comment_status":"open","ping_status":"closed","template":"","meta":{"footnotes":""},"class_list":["post-20011","page","type-page","status-publish","has-post-thumbnail","hentry","nodate","item-wrap"],"_links":{"self":[{"href":"http:\/\/recettes-gourmandes-de-joce.fr\/index.php\/wp-json\/wp\/v2\/pages\/20011","targetHints":{"allow":["GET"]}}],"collection":[{"href":"http:\/\/recettes-gourmandes-de-joce.fr\/index.php\/wp-json\/wp\/v2\/pages"}],"about":[{"href":"http:\/\/recettes-gourmandes-de-joce.fr\/index.php\/wp-json\/wp\/v2\/types\/page"}],"author":[{"embeddable":true,"href":"http:\/\/recettes-gourmandes-de-joce.fr\/index.php\/wp-json\/wp\/v2\/users\/2"}],"replies":[{"embeddable":true,"href":"http:\/\/recettes-gourmandes-de-joce.fr\/index.php\/wp-json\/wp\/v2\/comments?post=20011"}],"version-history":[{"count":11,"href":"http:\/\/recettes-gourmandes-de-joce.fr\/index.php\/wp-json\/wp\/v2\/pages\/20011\/revisions"}],"predecessor-version":[{"id":86781,"href":"http:\/\/recettes-gourmandes-de-joce.fr\/index.php\/wp-json\/wp\/v2\/pages\/20011\/revisions\/86781"}],"up":[{"embeddable":true,"href":"http:\/\/recettes-gourmandes-de-joce.fr\/index.php\/wp-json\/wp\/v2\/pages\/241"}],"wp:featuredmedia":[{"embeddable":true,"href":"http:\/\/recettes-gourmandes-de-joce.fr\/index.php\/wp-json\/wp\/v2\/media\/86780"}],"wp:attachment":[{"href":"http:\/\/recettes-gourmandes-de-joce.fr\/index.php\/wp-json\/wp\/v2\/media?parent=20011"}],"curies":[{"name":"wp","href":"https:\/\/api.w.org\/{rel}","templated":true}]}}