{"id":19958,"date":"2020-04-07T17:06:47","date_gmt":"2020-04-07T17:06:47","guid":{"rendered":"http:\/\/recettes-gourmandes-de-joce.fr\/?page_id=19958"},"modified":"2024-06-17T00:28:58","modified_gmt":"2024-06-17T00:28:58","slug":"tartelettes-en-forme-de-coeur-facon-pizza-aux-deux-fromages","status":"publish","type":"page","link":"http:\/\/recettes-gourmandes-de-joce.fr\/index.php\/index\/entrees\/tartes-et-quiches-salees\/tartelettes-en-forme-de-coeur-facon-pizza-aux-deux-fromages\/","title":{"rendered":"Tartelettes \u00ab\u00a0fa\u00e7on pizza\u00a0\u00bb aux deux fromages en forme de c\u0153ur."},"content":{"rendered":"<p style=\"text-align: center;\"><span style=\"font-size: 18pt;\"><em><span style=\"font-family: georgia, palatino, serif;\"><span style=\"text-decoration: underline;\"><span style=\"color: #ff0000; text-decoration: underline;\">Une de mes recettes<\/span><\/span><\/span><\/em><\/span><\/p>\n<p style=\"text-align: center;\"><span style=\"font-size: 14pt;\"><em><span style=\"font-family: georgia, palatino, serif;\"><img loading=\"lazy\" decoding=\"async\" class=\"alignnone wp-image-19945\" src=\"http:\/\/recettes-gourmandes-de-joce.fr\/wp-content\/uploads\/2020\/04\/ttretrete-018-150x150.jpg\" alt=\"\" width=\"258\" height=\"180\" srcset=\"http:\/\/recettes-gourmandes-de-joce.fr\/wp-content\/uploads\/2020\/04\/ttretrete-018-300x209.jpg 300w, http:\/\/recettes-gourmandes-de-joce.fr\/wp-content\/uploads\/2020\/04\/ttretrete-018.jpg 459w\" sizes=\"auto, (max-width: 258px) 100vw, 258px\" \/> <img loading=\"lazy\" decoding=\"async\" class=\"alignnone wp-image-19946\" src=\"http:\/\/recettes-gourmandes-de-joce.fr\/wp-content\/uploads\/2020\/04\/ttretrete-18-150x150.jpg\" alt=\"\" width=\"226\" height=\"180\" srcset=\"http:\/\/recettes-gourmandes-de-joce.fr\/wp-content\/uploads\/2020\/04\/ttretrete-18-300x239.jpg 300w, http:\/\/recettes-gourmandes-de-joce.fr\/wp-content\/uploads\/2020\/04\/ttretrete-18.jpg 550w\" sizes=\"auto, (max-width: 226px) 100vw, 226px\" \/>\u00a0<img loading=\"lazy\" decoding=\"async\" class=\"alignnone wp-image-19944\" src=\"http:\/\/recettes-gourmandes-de-joce.fr\/wp-content\/uploads\/2020\/04\/ttretrete-020-150x150.jpg\" alt=\"\" width=\"211\" height=\"180\" srcset=\"http:\/\/recettes-gourmandes-de-joce.fr\/wp-content\/uploads\/2020\/04\/ttretrete-020-300x255.jpg 300w, http:\/\/recettes-gourmandes-de-joce.fr\/wp-content\/uploads\/2020\/04\/ttretrete-020.jpg 384w\" sizes=\"auto, (max-width: 211px) 100vw, 211px\" \/><\/span><\/em><\/span><\/p>\n<p style=\"text-align: center;\"><span style=\"font-size: 18pt;\"><em><span style=\"font-family: georgia, palatino, serif;\"><span style=\"text-decoration: underline;\"><span style=\"color: #ff0000; text-decoration: underline;\">Ingr\u00e9dients pour 6 coeurs<\/span><\/span><\/span><\/em><\/span><\/p>\n<p style=\"text-align: center;\"><span style=\"font-size: 14pt;\"><em><span style=\"font-family: georgia, palatino, serif;\"><span style=\"color: #ff0000;\"><img loading=\"lazy\" decoding=\"async\" class=\"alignnone wp-image-19949\" src=\"http:\/\/recettes-gourmandes-de-joce.fr\/wp-content\/uploads\/2020\/04\/P2090034-14-150x150.jpg\" alt=\"\" width=\"132\" height=\"200\" srcset=\"http:\/\/recettes-gourmandes-de-joce.fr\/wp-content\/uploads\/2020\/04\/P2090034-14-198x300.jpg 198w, http:\/\/recettes-gourmandes-de-joce.fr\/wp-content\/uploads\/2020\/04\/P2090034-14.jpg 363w\" sizes=\"auto, (max-width: 132px) 100vw, 132px\" \/>\u00a0<\/span><\/span><\/em><\/span><\/p>\n<p style=\"text-align: center;\"><span style=\"font-size: 14pt;\"><em><span style=\"font-family: georgia, palatino, serif;\"><span style=\"color: #ff0000;\">1 p\u00e2te feuillet\u00e9e<\/span><\/span><\/em><\/span><\/p>\n<p style=\"text-align: center;\"><span style=\"font-size: 14pt;\"><em><span style=\"font-family: georgia, palatino, serif;\"><span style=\"color: #ff0000;\">3 tomates<\/span><\/span><\/em><\/span><\/p>\n<p style=\"text-align: center;\"><span style=\"font-size: 14pt;\"><em><span style=\"font-family: georgia, palatino, serif;\"><span style=\"color: #ff0000;\">3 beaux champignons de Paris<\/span><\/span><\/em><\/span><\/p>\n<p style=\"text-align: center;\"><span style=\"font-size: 14pt;\"><em><span style=\"font-family: georgia, palatino, serif;\"><span style=\"color: #ff0000;\">100 g de lardons fum\u00e9s<\/span><\/span><\/em><\/span><\/p>\n<p style=\"text-align: center;\"><span style=\"font-size: 14pt;\"><em><span style=\"font-family: georgia, palatino, serif;\"><span style=\"color: #ff0000;\">3 bat\u00f4nnets de surimi<\/span><\/span><\/em><\/span><\/p>\n<p style=\"text-align: center;\"><span style=\"font-size: 14pt;\"><em><span style=\"font-family: georgia, palatino, serif;\"><span style=\"color: #ff0000;\">1 oignon<\/span><\/span><\/em><\/span><\/p>\n<p style=\"text-align: center;\"><span style=\"font-size: 14pt;\"><em><span style=\"font-family: georgia, palatino, serif;\"><span style=\"color: #ff0000;\">1 \u0153uf<\/span><\/span><\/em><\/span><\/p>\n<p style=\"text-align: center;\"><span style=\"font-size: 14pt;\"><em><span style=\"font-family: georgia, palatino, serif;\"><span style=\"color: #ff0000;\">6 tranches de fromage \u00e0 croque monsieur<\/span><\/span><\/em><\/span><\/p>\n<p style=\"text-align: center;\"><span style=\"font-size: 14pt;\"><em><span style=\"font-family: georgia, palatino, serif;\"><span style=\"color: #ff0000;\">6 tranches de raclette<\/span><\/span><\/em><\/span><\/p>\n<p style=\"text-align: center;\"><span style=\"font-size: 14pt;\"><em><span style=\"font-family: georgia, palatino, serif;\"><span style=\"color: #ff0000;\">1 c \u00e0 s d&rsquo;herbes pour pizza<\/span><\/span><\/em><\/span><\/p>\n<p style=\"text-align: center;\"><span style=\"font-size: 14pt;\"><em><span style=\"font-family: georgia, palatino, serif;\"><span style=\"color: #ff0000;\">Sel et poivre<\/span><\/span><\/em><\/span><\/p>\n<p style=\"text-align: center;\"><span style=\"font-size: 14pt;\"><em><span style=\"font-family: georgia, palatino, serif;\"><span style=\"color: #ff0000;\">Huile d&rsquo;olive<\/span><\/span><\/em><\/span><\/p>\n<p style=\"text-align: center;\"><span style=\"font-size: 14pt;\"><em><span style=\"font-family: georgia, palatino, serif;\"><img loading=\"lazy\" decoding=\"async\" class=\"alignnone wp-image-19765\" src=\"http:\/\/recettes-gourmandes-de-joce.fr\/wp-content\/uploads\/2020\/04\/P5230865-150x150.jpg\" alt=\"\" width=\"226\" height=\"160\" srcset=\"http:\/\/recettes-gourmandes-de-joce.fr\/wp-content\/uploads\/2020\/04\/P5230865-300x213.jpg 300w, http:\/\/recettes-gourmandes-de-joce.fr\/wp-content\/uploads\/2020\/04\/P5230865.jpg 550w\" sizes=\"auto, (max-width: 226px) 100vw, 226px\" \/> <img loading=\"lazy\" decoding=\"async\" class=\"alignnone wp-image-19569\" src=\"http:\/\/recettes-gourmandes-de-joce.fr\/wp-content\/uploads\/2020\/04\/P9060190-150x150.jpg\" alt=\"\" width=\"198\" height=\"160\" srcset=\"http:\/\/recettes-gourmandes-de-joce.fr\/wp-content\/uploads\/2020\/04\/P9060190-300x243.jpg 300w, http:\/\/recettes-gourmandes-de-joce.fr\/wp-content\/uploads\/2020\/04\/P9060190.jpg 550w\" sizes=\"auto, (max-width: 198px) 100vw, 198px\" \/> <img loading=\"lazy\" decoding=\"async\" class=\"alignnone\" src=\"http:\/\/recettes-gourmandes-de-joce.fr\/wp-content\/uploads\/2019\/12\/verrines-noel-1-150x150.jpg\" alt=\"\" width=\"150\" height=\"150\" \/><\/span><\/em><\/span><\/p>\n<p style=\"text-align: center;\"><span style=\"font-size: 14pt;\"><em><span style=\"font-family: georgia, palatino, serif;\"><span style=\"color: #ff0000;\">Laver et couper les tomates en tranches fine. <\/span><span style=\"color: #ff0000;\">Nettoyer les champignons et \u00e9mincez l\u00e8s. Couper le surimi en petits morceaux.<\/span><\/span><\/em><\/span><\/p>\n<p style=\"text-align: center;\"><span style=\"font-size: 14pt;\"><em><span style=\"font-family: georgia, palatino, serif;\"><img loading=\"lazy\" decoding=\"async\" class=\"alignnone wp-image-19763\" src=\"http:\/\/recettes-gourmandes-de-joce.fr\/wp-content\/uploads\/2020\/04\/P5230863-150x150.jpg\" alt=\"\" width=\"248\" height=\"160\" srcset=\"http:\/\/recettes-gourmandes-de-joce.fr\/wp-content\/uploads\/2020\/04\/P5230863-300x193.jpg 300w, http:\/\/recettes-gourmandes-de-joce.fr\/wp-content\/uploads\/2020\/04\/P5230863.jpg 456w\" sizes=\"auto, (max-width: 248px) 100vw, 248px\" \/> <img loading=\"lazy\" decoding=\"async\" class=\"alignnone wp-image-19950\" src=\"http:\/\/recettes-gourmandes-de-joce.fr\/wp-content\/uploads\/2020\/04\/P2090034-15-150x150.jpg\" alt=\"\" width=\"191\" height=\"160\" srcset=\"http:\/\/recettes-gourmandes-de-joce.fr\/wp-content\/uploads\/2020\/04\/P2090034-15-300x251.jpg 300w, http:\/\/recettes-gourmandes-de-joce.fr\/wp-content\/uploads\/2020\/04\/P2090034-15.jpg 550w\" sizes=\"auto, (max-width: 191px) 100vw, 191px\" \/> <img loading=\"lazy\" decoding=\"async\" class=\"alignnone wp-image-19951\" src=\"http:\/\/recettes-gourmandes-de-joce.fr\/wp-content\/uploads\/2020\/04\/P2090034-21-150x150.jpg\" alt=\"\" width=\"120\" height=\"160\" srcset=\"http:\/\/recettes-gourmandes-de-joce.fr\/wp-content\/uploads\/2020\/04\/P2090034-21-225x300.jpg 225w, http:\/\/recettes-gourmandes-de-joce.fr\/wp-content\/uploads\/2020\/04\/P2090034-21.jpg 412w\" sizes=\"auto, (max-width: 120px) 100vw, 120px\" \/>\u00a0<\/span><\/em><\/span><\/p>\n<p style=\"text-align: center;\"><span style=\"font-size: 14pt;\"><em><span style=\"font-family: georgia, palatino, serif;\"><span style=\"color: #ff0000;\">Peler et \u00e9mincer l&rsquo;oignon, couper le fromage \u00e0 raclette en petits d\u00e9s. <\/span><span style=\"color: #ff0000;\">D\u00e9couper votre p\u00e2te feuillet\u00e9e en 6 c\u0153urs. <\/span><span style=\"color: #ff0000;\">R\u00e9partir <\/span><span style=\"color: #ff0000;\">sur les c\u0153urs des tranches de tomate en laissant libre 1 bon cm autour.\u00a0<\/span><\/span><\/em><\/span><\/p>\n<p style=\"text-align: center;\"><span style=\"font-size: 14pt;\"><em><span style=\"font-family: georgia, palatino, serif;\"><img loading=\"lazy\" decoding=\"async\" class=\"alignnone wp-image-19952\" src=\"http:\/\/recettes-gourmandes-de-joce.fr\/wp-content\/uploads\/2020\/04\/P2090034-22-150x150.jpg\" alt=\"\" width=\"127\" height=\"170\" srcset=\"http:\/\/recettes-gourmandes-de-joce.fr\/wp-content\/uploads\/2020\/04\/P2090034-22-225x300.jpg 225w, http:\/\/recettes-gourmandes-de-joce.fr\/wp-content\/uploads\/2020\/04\/P2090034-22.jpg 412w\" sizes=\"auto, (max-width: 127px) 100vw, 127px\" \/> <img loading=\"lazy\" decoding=\"async\" class=\"alignnone wp-image-19953\" src=\"http:\/\/recettes-gourmandes-de-joce.fr\/wp-content\/uploads\/2020\/04\/P2090034-23-150x150.jpg\" alt=\"\" width=\"127\" height=\"170\" srcset=\"http:\/\/recettes-gourmandes-de-joce.fr\/wp-content\/uploads\/2020\/04\/P2090034-23-225x300.jpg 225w, http:\/\/recettes-gourmandes-de-joce.fr\/wp-content\/uploads\/2020\/04\/P2090034-23.jpg 412w\" sizes=\"auto, (max-width: 127px) 100vw, 127px\" \/> <img loading=\"lazy\" decoding=\"async\" class=\"alignnone wp-image-19954\" src=\"http:\/\/recettes-gourmandes-de-joce.fr\/wp-content\/uploads\/2020\/04\/P2090034-25-150x150.jpg\" alt=\"\" width=\"127\" height=\"170\" srcset=\"http:\/\/recettes-gourmandes-de-joce.fr\/wp-content\/uploads\/2020\/04\/P2090034-25-225x300.jpg 225w, http:\/\/recettes-gourmandes-de-joce.fr\/wp-content\/uploads\/2020\/04\/P2090034-25.jpg 412w\" sizes=\"auto, (max-width: 127px) 100vw, 127px\" \/>\u00a0<\/span><\/em><\/span><\/p>\n<p style=\"text-align: center;\"><span style=\"font-size: 14pt;\"><em><span style=\"font-family: georgia, palatino, serif;\"><span style=\"color: #ff0000;\">R\u00e9partir le fromage \u00e0 croque monsieur sur les\u00a0<\/span><span style=\"color: #ff0000;\">tomates. <\/span><span style=\"color: #ff0000;\">Ajouter les tranches de champignons et les lardons fum\u00e9s ou le surimi selon les go\u00fbts. <\/span><span style=\"color: #ff0000;\">\u00a0Ajouter quelques <\/span><span style=\"color: #ff0000;\">lamelles d&rsquo;oignon sur <\/span><span style=\"color: #ff0000;\">chaque c\u0153ur.\u00a0<\/span><\/span><\/em><\/span><\/p>\n<p style=\"text-align: center;\"><span style=\"font-size: 14pt;\"><em><span style=\"font-family: georgia, palatino, serif;\"><img loading=\"lazy\" decoding=\"async\" class=\"alignnone wp-image-19955\" src=\"http:\/\/recettes-gourmandes-de-joce.fr\/wp-content\/uploads\/2020\/04\/P2090034-29-150x150.jpg\" alt=\"\" width=\"124\" height=\"165\" srcset=\"http:\/\/recettes-gourmandes-de-joce.fr\/wp-content\/uploads\/2020\/04\/P2090034-29-225x300.jpg 225w, http:\/\/recettes-gourmandes-de-joce.fr\/wp-content\/uploads\/2020\/04\/P2090034-29.jpg 412w\" sizes=\"auto, (max-width: 124px) 100vw, 124px\" \/> <img loading=\"lazy\" decoding=\"async\" class=\"alignnone wp-image-19956\" src=\"http:\/\/recettes-gourmandes-de-joce.fr\/wp-content\/uploads\/2020\/04\/P2090034-33-150x150.jpg\" alt=\"\" width=\"220\" height=\"165\" srcset=\"http:\/\/recettes-gourmandes-de-joce.fr\/wp-content\/uploads\/2020\/04\/P2090034-33-300x225.jpg 300w, http:\/\/recettes-gourmandes-de-joce.fr\/wp-content\/uploads\/2020\/04\/P2090034-33.jpg 550w\" sizes=\"auto, (max-width: 220px) 100vw, 220px\" \/> <img loading=\"lazy\" decoding=\"async\" class=\"alignnone wp-image-16929\" src=\"http:\/\/recettes-gourmandes-de-joce.fr\/wp-content\/uploads\/2020\/02\/P3230082-150x150.jpg\" alt=\"\" width=\"203\" height=\"165\" srcset=\"http:\/\/recettes-gourmandes-de-joce.fr\/wp-content\/uploads\/2020\/02\/P3230082-300x244.jpg 300w, http:\/\/recettes-gourmandes-de-joce.fr\/wp-content\/uploads\/2020\/02\/P3230082-768x625.jpg 768w, http:\/\/recettes-gourmandes-de-joce.fr\/wp-content\/uploads\/2020\/02\/P3230082.jpg 800w\" sizes=\"auto, (max-width: 203px) 100vw, 203px\" \/>\u00a0<\/span><\/em><\/span><\/p>\n<p style=\"text-align: center;\"><span style=\"font-size: 14pt;\"><em><span style=\"font-family: georgia, palatino, serif;\"><span style=\"color: #ff0000;\">Saupoudrer d&rsquo;herbes\u00a0pour pizza, saler et poivrer, mettre\u00a0<\/span><span style=\"color: #ff0000;\">un filet<\/span><span style=\"color: #ff0000;\">\u00a0d&rsquo;huile d&rsquo;olive.\u00a0<\/span><span style=\"color: #ff0000;\">Battre l&rsquo;\u0153uf en omelette.\u00a0<\/span><\/span><\/em><\/span><\/p>\n<p style=\"text-align: center;\"><span style=\"font-size: 14pt;\"><em><span style=\"font-family: georgia, palatino, serif;\"><img loading=\"lazy\" decoding=\"async\" class=\"alignnone wp-image-19957\" src=\"http:\/\/recettes-gourmandes-de-joce.fr\/wp-content\/uploads\/2020\/04\/P2090034-35-150x150.jpg\" alt=\"\" width=\"214\" height=\"160\" srcset=\"http:\/\/recettes-gourmandes-de-joce.fr\/wp-content\/uploads\/2020\/04\/P2090034-35-300x225.jpg 300w, http:\/\/recettes-gourmandes-de-joce.fr\/wp-content\/uploads\/2020\/04\/P2090034-35.jpg 550w\" sizes=\"auto, (max-width: 214px) 100vw, 214px\" \/> <img loading=\"lazy\" decoding=\"async\" class=\"alignnone wp-image-19947\" src=\"http:\/\/recettes-gourmandes-de-joce.fr\/wp-content\/uploads\/2020\/04\/P2090039-150x150.jpg\" alt=\"\" width=\"214\" height=\"160\" srcset=\"http:\/\/recettes-gourmandes-de-joce.fr\/wp-content\/uploads\/2020\/04\/P2090039-300x225.jpg 300w, http:\/\/recettes-gourmandes-de-joce.fr\/wp-content\/uploads\/2020\/04\/P2090039.jpg 550w\" sizes=\"auto, (max-width: 214px) 100vw, 214px\" \/> <img loading=\"lazy\" decoding=\"async\" class=\"alignnone wp-image-19948\" src=\"http:\/\/recettes-gourmandes-de-joce.fr\/wp-content\/uploads\/2020\/04\/P2090040-150x150.jpg\" alt=\"\" width=\"198\" height=\"160\" srcset=\"http:\/\/recettes-gourmandes-de-joce.fr\/wp-content\/uploads\/2020\/04\/P2090040-300x243.jpg 300w, http:\/\/recettes-gourmandes-de-joce.fr\/wp-content\/uploads\/2020\/04\/P2090040.jpg 550w\" sizes=\"auto, (max-width: 198px) 100vw, 198px\" \/><\/span><\/em><\/span><\/p>\n<p style=\"text-align: center;\"><span style=\"font-size: 14pt;\"><em><span style=\"font-family: georgia, palatino, serif;\"><span style=\"color: #ff0000;\">En passer en sur le tour de la p\u00e2te\u00a0 et <\/span><span style=\"color: #ff0000;\">enfourner \u00e0 200\u00b0, au bout de \u00bch\u00a0 de cuisson <\/span><span style=\"color: #ff0000;\">ajouter sur chaque c\u0153ur le fromage <\/span><span style=\"color: #ff0000;\">\u00e0 raclette <\/span><span style=\"color: #ff0000;\">coup\u00e9 en\u00a0<\/span><span style=\"color: #ff0000;\">petits d\u00e9s et laisser cuire \u00e0 nouveau \u00bch environ selon <\/span><span style=\"color: #ff0000;\">les fours surveiller la coloration. <\/span><span style=\"color: #ff0000;\">Servir avec du saumon fum\u00e9 et des feuilles de salade. <\/span><\/span><\/em><\/span><\/p>\n<p style=\"text-align: center;\"><span style=\"font-size: 14pt;\"><em><span style=\"font-family: georgia, palatino, serif;\"><span style=\"color: #ff0000;\">Peut-\u00eatre pr\u00e9par\u00e9e avec une p\u00e2te \u00e0 pizza <\/span><span style=\"color: #ff0000;\">et une garniture <\/span><span style=\"color: #ff0000;\">de votre choix!<\/span><\/span><\/em><\/span><\/p>\n<p style=\"text-align: center;\"><span style=\"font-size: 14pt;\"><em><span style=\"font-family: georgia, palatino, serif;\"><span style=\"color: #ff0000;\">Bon app\u00e9tit!<\/span><\/span><\/em><\/span><\/p>\n<p style=\"text-align: center;\"><span style=\"font-size: 14pt;\"><em><span style=\"font-family: georgia, palatino, serif;\"><img loading=\"lazy\" decoding=\"async\" class=\"alignnone wp-image-19944\" src=\"http:\/\/recettes-gourmandes-de-joce.fr\/wp-content\/uploads\/2020\/04\/ttretrete-020-150x150.jpg\" alt=\"\" width=\"211\" height=\"180\" srcset=\"http:\/\/recettes-gourmandes-de-joce.fr\/wp-content\/uploads\/2020\/04\/ttretrete-020-300x255.jpg 300w, http:\/\/recettes-gourmandes-de-joce.fr\/wp-content\/uploads\/2020\/04\/ttretrete-020.jpg 384w\" sizes=\"auto, (max-width: 211px) 100vw, 211px\" \/> <img loading=\"lazy\" decoding=\"async\" class=\"alignnone wp-image-19946\" src=\"http:\/\/recettes-gourmandes-de-joce.fr\/wp-content\/uploads\/2020\/04\/ttretrete-18-150x150.jpg\" alt=\"\" width=\"226\" height=\"180\" srcset=\"http:\/\/recettes-gourmandes-de-joce.fr\/wp-content\/uploads\/2020\/04\/ttretrete-18-300x239.jpg 300w, http:\/\/recettes-gourmandes-de-joce.fr\/wp-content\/uploads\/2020\/04\/ttretrete-18.jpg 550w\" sizes=\"auto, (max-width: 226px) 100vw, 226px\" \/> <img loading=\"lazy\" decoding=\"async\" class=\"alignnone wp-image-19945\" src=\"http:\/\/recettes-gourmandes-de-joce.fr\/wp-content\/uploads\/2020\/04\/ttretrete-018-150x150.jpg\" alt=\"\" width=\"258\" height=\"180\" srcset=\"http:\/\/recettes-gourmandes-de-joce.fr\/wp-content\/uploads\/2020\/04\/ttretrete-018-300x209.jpg 300w, http:\/\/recettes-gourmandes-de-joce.fr\/wp-content\/uploads\/2020\/04\/ttretrete-018.jpg 459w\" sizes=\"auto, (max-width: 258px) 100vw, 258px\" \/><\/span><\/em><\/span><\/p>\n<p style=\"text-align: center;\"><span style=\"font-size: 14pt;\"><em><span style=\"font-family: georgia, palatino, serif;\"><img loading=\"lazy\" decoding=\"async\" class=\"alignnone wp-image-16654 size-full\" src=\"http:\/\/recettes-gourmandes-de-joce.fr\/wp-content\/uploads\/2020\/01\/logitech-gaming-software-14112014-121223.jpg\" alt=\"\" width=\"640\" height=\"144\" srcset=\"http:\/\/recettes-gourmandes-de-joce.fr\/wp-content\/uploads\/2020\/01\/logitech-gaming-software-14112014-121223.jpg 640w, http:\/\/recettes-gourmandes-de-joce.fr\/wp-content\/uploads\/2020\/01\/logitech-gaming-software-14112014-121223-300x68.jpg 300w\" sizes=\"auto, (max-width: 640px) 100vw, 640px\" \/><\/span><\/em><\/span><\/p>\n","protected":false},"excerpt":{"rendered":"<p>Une de mes recettes \u00a0 Ingr\u00e9dients pour 6 coeurs \u00a0 1 p\u00e2te feuillet\u00e9e 3 tomates 3 beaux champignons de Paris 100 g de lardons fum\u00e9s 3 bat\u00f4nnets de surimi 1 oignon 1 \u0153uf 6 tranches de fromage \u00e0 croque monsieur 6 tranches de raclette 1 c \u00e0 s d&rsquo;herbes pour pizza Sel et poivre Huile &hellip; <\/p>\n<p><a class=\"more-link btn\" href=\"http:\/\/recettes-gourmandes-de-joce.fr\/index.php\/index\/entrees\/tartes-et-quiches-salees\/tartelettes-en-forme-de-coeur-facon-pizza-aux-deux-fromages\/\">Lire la suite<\/a><\/p>\n","protected":false},"author":2,"featured_media":84006,"parent":2526,"menu_order":0,"comment_status":"open","ping_status":"closed","template":"","meta":{"footnotes":""},"class_list":["post-19958","page","type-page","status-publish","has-post-thumbnail","hentry","nodate","item-wrap"],"_links":{"self":[{"href":"http:\/\/recettes-gourmandes-de-joce.fr\/index.php\/wp-json\/wp\/v2\/pages\/19958","targetHints":{"allow":["GET"]}}],"collection":[{"href":"http:\/\/recettes-gourmandes-de-joce.fr\/index.php\/wp-json\/wp\/v2\/pages"}],"about":[{"href":"http:\/\/recettes-gourmandes-de-joce.fr\/index.php\/wp-json\/wp\/v2\/types\/page"}],"author":[{"embeddable":true,"href":"http:\/\/recettes-gourmandes-de-joce.fr\/index.php\/wp-json\/wp\/v2\/users\/2"}],"replies":[{"embeddable":true,"href":"http:\/\/recettes-gourmandes-de-joce.fr\/index.php\/wp-json\/wp\/v2\/comments?post=19958"}],"version-history":[{"count":5,"href":"http:\/\/recettes-gourmandes-de-joce.fr\/index.php\/wp-json\/wp\/v2\/pages\/19958\/revisions"}],"predecessor-version":[{"id":84005,"href":"http:\/\/recettes-gourmandes-de-joce.fr\/index.php\/wp-json\/wp\/v2\/pages\/19958\/revisions\/84005"}],"up":[{"embeddable":true,"href":"http:\/\/recettes-gourmandes-de-joce.fr\/index.php\/wp-json\/wp\/v2\/pages\/2526"}],"wp:featuredmedia":[{"embeddable":true,"href":"http:\/\/recettes-gourmandes-de-joce.fr\/index.php\/wp-json\/wp\/v2\/media\/84006"}],"wp:attachment":[{"href":"http:\/\/recettes-gourmandes-de-joce.fr\/index.php\/wp-json\/wp\/v2\/media?parent=19958"}],"curies":[{"name":"wp","href":"https:\/\/api.w.org\/{rel}","templated":true}]}}