{"id":19898,"date":"2020-04-07T12:38:43","date_gmt":"2020-04-07T12:38:43","guid":{"rendered":"http:\/\/recettes-gourmandes-de-joce.fr\/?page_id=19898"},"modified":"2024-06-16T22:40:29","modified_gmt":"2024-06-16T22:40:29","slug":"cassolettes-de-fruits-de-mer-aux-petits-legumes-et-fromage-de-brebis","status":"publish","type":"page","link":"http:\/\/recettes-gourmandes-de-joce.fr\/index.php\/index\/entrees\/entrees-chaudes\/cassolettes-de-fruits-de-mer-aux-petits-legumes-et-fromage-de-brebis\/","title":{"rendered":"Cassolettes de fruits de mer aux petits l\u00e9gumes et fromage de brebis."},"content":{"rendered":"<p style=\"text-align: center;\"><span style=\"color: #808000; font-size: x-large; font-family: georgia, palatino, serif;\"><em><span style=\"text-decoration: underline;\">Une de mes recettes<\/span><\/em><\/span><\/p>\n<p style=\"text-align: center;\"><img loading=\"lazy\" decoding=\"async\" class=\"alignnone wp-image-83888\" src=\"http:\/\/recettes-gourmandes-de-joce.fr\/wp-content\/uploads\/2024\/06\/cassolette_de_fruits_de_mer_aux_petits_legumes_et_fromage_de_brebis_021.jpg\" alt=\"\" width=\"231\" height=\"180\" \/> <img loading=\"lazy\" decoding=\"async\" class=\"alignnone wp-image-83904\" src=\"http:\/\/recettes-gourmandes-de-joce.fr\/wp-content\/uploads\/2024\/06\/cassolette_de_fruits_de_mer_aux_petits_legumes_et_fromage_de_brebis_022.jpg\" alt=\"\" width=\"240\" height=\"180\" \/> <img loading=\"lazy\" decoding=\"async\" class=\"alignnone wp-image-83887\" src=\"http:\/\/recettes-gourmandes-de-joce.fr\/wp-content\/uploads\/2024\/06\/cassolette_de_fruits_de_mer_aux_petits_legumes_et_fromage_de_brebis_020.jpg\" alt=\"\" width=\"240\" height=\"180\" \/><\/p>\n<p style=\"text-align: center;\"><span style=\"color: #808000; font-size: x-large; font-family: georgia, palatino, serif;\"><em><span style=\"text-decoration: underline;\">Ingr\u00e9dients pour 4 personnes<\/span><\/em><\/span><\/p>\n<p style=\"text-align: center;\"><img loading=\"lazy\" decoding=\"async\" class=\"alignnone wp-image-83889\" src=\"http:\/\/recettes-gourmandes-de-joce.fr\/wp-content\/uploads\/2024\/06\/cassolette_de_fruits_de_mer_aux_petits_legumes_et_fromage_de_brebis_001.jpg\" alt=\"\" width=\"278\" height=\"200\" \/><\/p>\n<p style=\"text-align: center;\"><span style=\"color: #808000; font-family: georgia, palatino, serif;\"><em><span style=\"font-size: large;\">1 petite courgette<\/span><\/em><\/span><\/p>\n<p style=\"text-align: center;\"><span style=\"color: #808000; font-family: georgia, palatino, serif;\"><em><span style=\"font-size: large;\">200 g de crevettes roses<\/span><\/em><\/span><\/p>\n<p style=\"text-align: center;\"><span style=\"color: #808000; font-family: georgia, palatino, serif;\"><em><span style=\"font-size: large;\">8 petites noix de St Jacques<\/span><\/em><\/span><\/p>\n<p style=\"text-align: center;\"><span style=\"color: #808000; font-family: georgia, palatino, serif;\"><em><span style=\"font-size: large;\">100 g de champignons de Paris<\/span><\/em><\/span><\/p>\n<p style=\"text-align: center;\"><span style=\"color: #808000; font-family: georgia, palatino, serif;\"><em><span style=\"font-size: large;\">5 belles tiges de cive<\/span><\/em><\/span><\/p>\n<p style=\"text-align: center;\"><span style=\"color: #808000; font-family: georgia, palatino, serif;\"><em><span style=\"font-size: large;\">1\u00a0branche de c\u00e9leri (les feuilles)<\/span><\/em><\/span><\/p>\n<p style=\"text-align: center;\"><span style=\"color: #808000; font-family: georgia, palatino, serif;\"><em><span style=\"font-size: large;\">1 c \u00e0 s rase de fumet de poisson<\/span><\/em><\/span><\/p>\n<p style=\"text-align: center;\"><span style=\"color: #808000; font-family: georgia, palatino, serif;\"><em><span style=\"font-size: large;\">1 morceau de fromage de brebis<\/span><\/em><\/span><\/p>\n<p style=\"text-align: center;\"><span style=\"color: #808000; font-family: georgia, palatino, serif;\"><em><span style=\"font-size: large;\">1 poivron orange<\/span><\/em><\/span><\/p>\n<p style=\"text-align: center;\"><span style=\"color: #808000; font-family: georgia, palatino, serif;\"><em><span style=\"font-size: large;\">100 ml de vin blanc sec<\/span><\/em><\/span><\/p>\n<p style=\"text-align: center;\"><span style=\"color: #808000; font-family: georgia, palatino, serif;\"><em><span style=\"font-size: large;\">1 pinc\u00e9e de piment d&rsquo;Espelette<\/span><\/em><\/span><\/p>\n<p style=\"text-align: center;\"><span style=\"color: #808000; font-family: georgia, palatino, serif;\"><em><span style=\"font-size: large;\">2 c \u00e0 s de cr\u00e8me fra\u00eeche<\/span><\/em><\/span><\/p>\n<p style=\"text-align: center;\"><span style=\"color: #808000; font-family: georgia, palatino, serif;\"><em><span style=\"font-size: large;\">Sel et poivre<\/span><\/em><\/span><\/p>\n<p style=\"text-align: center;\"><span style=\"color: #808000; font-family: georgia, palatino, serif;\"><em><span style=\"font-size: large;\">Beurre<\/span><\/em><\/span><\/p>\n<p style=\"text-align: center;\"><img loading=\"lazy\" decoding=\"async\" class=\"alignnone wp-image-83890\" src=\"http:\/\/recettes-gourmandes-de-joce.fr\/wp-content\/uploads\/2024\/06\/cassolette_de_fruits_de_mer_aux_petits_legumes_et_fromage_de_brebis_002.jpg\" alt=\"\" width=\"208\" height=\"165\" \/> <img loading=\"lazy\" decoding=\"async\" class=\"alignnone wp-image-83892\" src=\"http:\/\/recettes-gourmandes-de-joce.fr\/wp-content\/uploads\/2024\/06\/cassolette_de_fruits_de_mer_aux_petits_legumes_et_fromage_de_brebis_004.jpg\" alt=\"\" width=\"195\" height=\"165\" \/> <img loading=\"lazy\" decoding=\"async\" class=\"alignnone wp-image-83893\" src=\"http:\/\/recettes-gourmandes-de-joce.fr\/wp-content\/uploads\/2024\/06\/cassolette_de_fruits_de_mer_aux_petits_legumes_et_fromage_de_brebis_005.jpg\" alt=\"\" width=\"220\" height=\"165\" \/><\/p>\n<p style=\"text-align: center;\"><span style=\"color: #808000; font-family: georgia, palatino, serif;\"><em><span style=\"font-size: large;\">Laver tout les l\u00e9gumes, couper la courgette et la moiti\u00e9 du poivron <\/span><\/em><em><span style=\"font-size: large;\">en petits d\u00e9s, ciseler le c\u00e9leri et la cive.<\/span><\/em><\/span><\/p>\n<p style=\"text-align: center;\"><img loading=\"lazy\" decoding=\"async\" class=\"alignnone wp-image-83891\" src=\"http:\/\/recettes-gourmandes-de-joce.fr\/wp-content\/uploads\/2024\/06\/cassolette_de_fruits_de_mer_aux_petits_legumes_et_fromage_de_brebis_003.jpg\" alt=\"\" width=\"253\" height=\"170\" \/> <img loading=\"lazy\" decoding=\"async\" class=\"alignnone wp-image-81606\" src=\"http:\/\/recettes-gourmandes-de-joce.fr\/wp-content\/uploads\/2024\/05\/tournedos-poivre17.jpg\" alt=\"\" width=\"215\" height=\"170\" srcset=\"http:\/\/recettes-gourmandes-de-joce.fr\/wp-content\/uploads\/2024\/05\/tournedos-poivre17.jpg 1024w, http:\/\/recettes-gourmandes-de-joce.fr\/wp-content\/uploads\/2024\/05\/tournedos-poivre17-768x608.jpg 768w, http:\/\/recettes-gourmandes-de-joce.fr\/wp-content\/uploads\/2024\/05\/tournedos-poivre17-750x593.jpg 750w\" sizes=\"auto, (max-width: 215px) 100vw, 215px\" \/> <img loading=\"lazy\" decoding=\"async\" class=\"alignnone wp-image-83894\" src=\"http:\/\/recettes-gourmandes-de-joce.fr\/wp-content\/uploads\/2024\/06\/cassolette_de_fruits_de_mer_aux_petits_legumes_et_fromage_de_brebis_006.jpg\" alt=\"\" width=\"227\" height=\"170\" \/><\/p>\n<p style=\"text-align: center;\"><span style=\"color: #808000; font-family: georgia, palatino, serif;\"><em><span style=\"font-size: large;\">Couper le fromage de brebis en petits d\u00e9s. Dans le wok, mettre \u00e0 fondre un morceau de beurre, <\/span><\/em><em><span style=\"font-size: large;\">y ajouter les d\u00e9s de poivrons, laisser suer sans coloration <\/span><\/em><em><span style=\"font-size: large;\">quelques instants.<\/span><\/em><\/span><\/p>\n<p style=\"text-align: center;\"><img loading=\"lazy\" decoding=\"async\" class=\"alignnone wp-image-83895\" src=\"http:\/\/recettes-gourmandes-de-joce.fr\/wp-content\/uploads\/2024\/06\/cassolette_de_fruits_de_mer_aux_petits_legumes_et_fromage_de_brebis_007.jpg\" alt=\"\" width=\"201\" height=\"170\" \/> <img loading=\"lazy\" decoding=\"async\" class=\"alignnone wp-image-83896\" src=\"http:\/\/recettes-gourmandes-de-joce.fr\/wp-content\/uploads\/2024\/06\/cassolette_de_fruits_de_mer_aux_petits_legumes_et_fromage_de_brebis_008.jpg\" alt=\"\" width=\"227\" height=\"170\" \/> <img loading=\"lazy\" decoding=\"async\" class=\"alignnone wp-image-83897\" src=\"http:\/\/recettes-gourmandes-de-joce.fr\/wp-content\/uploads\/2024\/06\/cassolette_de_fruits_de_mer_aux_petits_legumes_et_fromage_de_brebis_009.jpg\" alt=\"\" width=\"227\" height=\"170\" \/><\/p>\n<p style=\"text-align: center;\"><span style=\"color: #808000; font-family: georgia, palatino, serif;\"><em><span style=\"font-size: large;\">\u00a0Ajouter ensuite les d\u00e9s de courgette, <\/span><\/em><em><span style=\"font-size: large;\">saler, poivrer, remuer, laisser mijoter 5 bonnes minutes en <\/span><\/em><em><span style=\"font-size: large;\">remuant r\u00e9guli\u00e8rement. <\/span><\/em><em><span style=\"font-size: large;\">Ajouter ensuite les champignons, m\u00e9langer. <\/span><\/em><em><span style=\"font-size: large;\">Ajouter le c\u00e9leri (en r\u00e9server 1 c \u00e0 s pour la fin) et la cive.<\/span><\/em><\/span><\/p>\n<p style=\"text-align: center;\"><img loading=\"lazy\" decoding=\"async\" class=\"alignnone wp-image-83898\" src=\"http:\/\/recettes-gourmandes-de-joce.fr\/wp-content\/uploads\/2024\/06\/cassolette_de_fruits_de_mer_aux_petits_legumes_et_fromage_de_brebis_010.jpg\" alt=\"\" width=\"227\" height=\"170\" \/> <img loading=\"lazy\" decoding=\"async\" class=\"alignnone wp-image-83900\" src=\"http:\/\/recettes-gourmandes-de-joce.fr\/wp-content\/uploads\/2024\/06\/cassolette_de_fruits_de_mer_aux_petits_legumes_et_fromage_de_brebis_012.jpg\" alt=\"\" width=\"227\" height=\"170\" \/> <img loading=\"lazy\" decoding=\"async\" class=\"alignnone wp-image-83901\" src=\"http:\/\/recettes-gourmandes-de-joce.fr\/wp-content\/uploads\/2024\/06\/cassolette_de_fruits_de_mer_aux_petits_legumes_et_fromage_de_brebis_013.jpg\" alt=\"\" width=\"227\" height=\"170\" \/><\/p>\n<p style=\"text-align: center;\"><span style=\"color: #808000; font-family: georgia, palatino, serif;\"><em><span style=\"font-size: large;\">M\u00e9langer, ajouter les crevettes, les St Jacques et le <\/span><\/em><em><span style=\"font-size: large;\">piment d&rsquo;Espelette, remuer ajouter le fumet de poisson.<\/span><\/em><\/span><\/p>\n<p style=\"text-align: center;\"><img loading=\"lazy\" decoding=\"async\" class=\"alignnone wp-image-83899\" src=\"http:\/\/recettes-gourmandes-de-joce.fr\/wp-content\/uploads\/2024\/06\/cassolette_de_fruits_de_mer_aux_petits_legumes_et_fromage_de_brebis_011.jpg\" alt=\"\" width=\"237\" height=\"170\" \/> <img loading=\"lazy\" decoding=\"async\" class=\"alignnone wp-image-83902\" src=\"http:\/\/recettes-gourmandes-de-joce.fr\/wp-content\/uploads\/2024\/06\/cassolette_de_fruits_de_mer_aux_petits_legumes_et_fromage_de_brebis_014.jpg\" alt=\"\" width=\"229\" height=\"170\" \/> <img loading=\"lazy\" decoding=\"async\" class=\"alignnone wp-image-83903\" src=\"http:\/\/recettes-gourmandes-de-joce.fr\/wp-content\/uploads\/2024\/06\/cassolette_de_fruits_de_mer_aux_petits_legumes_et_fromage_de_brebis_015.jpg\" alt=\"\" width=\"227\" height=\"170\" \/><\/p>\n<p style=\"text-align: center;\"><span style=\"color: #808000; font-family: georgia, palatino, serif;\"><em><span style=\"font-size: large;\">M\u00e9langer \u00e0 nouveau et ajouter le vin blanc, laisser mijoter <\/span><\/em><em><span style=\"font-size: large;\">encore 5 bonnes minutes, rectifier l&rsquo;assaisonnement et <\/span><\/em><em><span style=\"font-size: large;\">ajouter la cr\u00e8me fra\u00eeche, remuer.\u00a0<\/span><\/em><\/span><\/p>\n<p style=\"text-align: center;\"><img loading=\"lazy\" decoding=\"async\" class=\"alignnone wp-image-83883\" src=\"http:\/\/recettes-gourmandes-de-joce.fr\/wp-content\/uploads\/2024\/06\/cassolette_de_fruits_de_mer_aux_petits_legumes_et_fromage_de_brebis_016.jpg\" alt=\"\" width=\"146\" height=\"170\" \/> <img loading=\"lazy\" decoding=\"async\" class=\"alignnone wp-image-83884\" src=\"http:\/\/recettes-gourmandes-de-joce.fr\/wp-content\/uploads\/2024\/06\/cassolette_de_fruits_de_mer_aux_petits_legumes_et_fromage_de_brebis_017.jpg\" alt=\"\" width=\"144\" height=\"170\" \/> <img loading=\"lazy\" decoding=\"async\" class=\"alignnone wp-image-83885\" src=\"http:\/\/recettes-gourmandes-de-joce.fr\/wp-content\/uploads\/2024\/06\/cassolette_de_fruits_de_mer_aux_petits_legumes_et_fromage_de_brebis_018.jpg\" alt=\"\" width=\"173\" height=\"170\" \/><\/p>\n<p style=\"text-align: center;\"><span style=\"color: #808000; font-family: georgia, palatino, serif;\"><em><span style=\"font-size: large;\">R\u00e9partir dans des petites <\/span><\/em><em><span style=\"font-size: large;\">cocottes individuelles. <\/span><\/em><em><span style=\"font-size: large;\">Ajouter dans chaque cocotte le fromage de brebis, le <\/span><\/em><em><span style=\"font-size: large;\">c\u00e9leri et la cive r\u00e9serv\u00e9s. <\/span><\/em><em><span style=\"font-size: large;\">Enfourner \u00e0 200\u00b0 pendant 20 minutes le temps de faire fondre <\/span><\/em><em><span style=\"font-size: large;\">le fromage. <\/span><\/em><\/span><span style=\"color: #808000; font-family: georgia, palatino, serif;\"><em><span style=\"font-size: large;\">Servir imm\u00e9diatement.<\/span><\/em><\/span><\/p>\n<p style=\"text-align: center;\"><span style=\"color: #808000; font-family: georgia, palatino, serif;\"><em><span style=\"font-size: large;\">\u00a0Bon app\u00e9tit!<\/span><\/em><\/span><\/p>\n<p style=\"text-align: center;\"><img loading=\"lazy\" decoding=\"async\" class=\"alignnone wp-image-83886\" src=\"http:\/\/recettes-gourmandes-de-joce.fr\/wp-content\/uploads\/2024\/06\/cassolette_de_fruits_de_mer_aux_petits_legumes_et_fromage_de_brebis_019.jpg\" alt=\"\" width=\"237\" height=\"180\" \/> <img loading=\"lazy\" decoding=\"async\" class=\"alignnone wp-image-83904\" src=\"http:\/\/recettes-gourmandes-de-joce.fr\/wp-content\/uploads\/2024\/06\/cassolette_de_fruits_de_mer_aux_petits_legumes_et_fromage_de_brebis_022.jpg\" alt=\"\" width=\"240\" height=\"180\" \/> <img loading=\"lazy\" decoding=\"async\" class=\"alignnone wp-image-83888\" src=\"http:\/\/recettes-gourmandes-de-joce.fr\/wp-content\/uploads\/2024\/06\/cassolette_de_fruits_de_mer_aux_petits_legumes_et_fromage_de_brebis_021.jpg\" alt=\"\" width=\"231\" height=\"180\" \/><\/p>\n<p style=\"text-align: center;\"><span style=\"font-family: georgia, palatino, serif;\"><img loading=\"lazy\" decoding=\"async\" class=\"alignnone wp-image-16654 size-full\" src=\"http:\/\/recettes-gourmandes-de-joce.fr\/wp-content\/uploads\/2020\/01\/logitech-gaming-software-14112014-121223.jpg\" alt=\"\" width=\"640\" height=\"144\" srcset=\"http:\/\/recettes-gourmandes-de-joce.fr\/wp-content\/uploads\/2020\/01\/logitech-gaming-software-14112014-121223.jpg 640w, http:\/\/recettes-gourmandes-de-joce.fr\/wp-content\/uploads\/2020\/01\/logitech-gaming-software-14112014-121223-300x68.jpg 300w\" sizes=\"auto, (max-width: 640px) 100vw, 640px\" \/><\/span><\/p>\n","protected":false},"excerpt":{"rendered":"<p>Une de mes recettes Ingr\u00e9dients pour 4 personnes 1 petite courgette 200 g de crevettes roses 8 petites noix de St Jacques 100 g de champignons de Paris 5 belles tiges de cive 1\u00a0branche de c\u00e9leri (les feuilles) 1 c \u00e0 s rase de fumet de poisson 1 morceau de fromage de brebis 1 poivron &hellip; <\/p>\n<p><a class=\"more-link btn\" href=\"http:\/\/recettes-gourmandes-de-joce.fr\/index.php\/index\/entrees\/entrees-chaudes\/cassolettes-de-fruits-de-mer-aux-petits-legumes-et-fromage-de-brebis\/\">Lire la suite<\/a><\/p>\n","protected":false},"author":2,"featured_media":83906,"parent":183,"menu_order":0,"comment_status":"open","ping_status":"closed","template":"","meta":{"footnotes":""},"class_list":["post-19898","page","type-page","status-publish","has-post-thumbnail","hentry","nodate","item-wrap"],"_links":{"self":[{"href":"http:\/\/recettes-gourmandes-de-joce.fr\/index.php\/wp-json\/wp\/v2\/pages\/19898","targetHints":{"allow":["GET"]}}],"collection":[{"href":"http:\/\/recettes-gourmandes-de-joce.fr\/index.php\/wp-json\/wp\/v2\/pages"}],"about":[{"href":"http:\/\/recettes-gourmandes-de-joce.fr\/index.php\/wp-json\/wp\/v2\/types\/page"}],"author":[{"embeddable":true,"href":"http:\/\/recettes-gourmandes-de-joce.fr\/index.php\/wp-json\/wp\/v2\/users\/2"}],"replies":[{"embeddable":true,"href":"http:\/\/recettes-gourmandes-de-joce.fr\/index.php\/wp-json\/wp\/v2\/comments?post=19898"}],"version-history":[{"count":3,"href":"http:\/\/recettes-gourmandes-de-joce.fr\/index.php\/wp-json\/wp\/v2\/pages\/19898\/revisions"}],"predecessor-version":[{"id":83905,"href":"http:\/\/recettes-gourmandes-de-joce.fr\/index.php\/wp-json\/wp\/v2\/pages\/19898\/revisions\/83905"}],"up":[{"embeddable":true,"href":"http:\/\/recettes-gourmandes-de-joce.fr\/index.php\/wp-json\/wp\/v2\/pages\/183"}],"wp:featuredmedia":[{"embeddable":true,"href":"http:\/\/recettes-gourmandes-de-joce.fr\/index.php\/wp-json\/wp\/v2\/media\/83906"}],"wp:attachment":[{"href":"http:\/\/recettes-gourmandes-de-joce.fr\/index.php\/wp-json\/wp\/v2\/media?parent=19898"}],"curies":[{"name":"wp","href":"https:\/\/api.w.org\/{rel}","templated":true}]}}