{"id":19793,"date":"2020-04-05T21:50:36","date_gmt":"2020-04-05T21:50:36","guid":{"rendered":"http:\/\/recettes-gourmandes-de-joce.fr\/?page_id=19793"},"modified":"2024-06-18T11:56:16","modified_gmt":"2024-06-18T11:56:16","slug":"pomelos-farcis-aux-crevettes-et-crudites","status":"publish","type":"page","link":"http:\/\/recettes-gourmandes-de-joce.fr\/index.php\/index\/entrees\/salades-crudites\/pomelos-farcis-aux-crevettes-et-crudites\/","title":{"rendered":"Pomelos farcis aux crevettes et crudit\u00e9s."},"content":{"rendered":"<p style=\"text-align: center;\"><span style=\"color: #ff6666;\"><span style=\"font-family: georgia,serif;\"><span style=\"font-size: x-large; text-decoration: underline;\"><em>Une de mes recettes<\/em><\/span><\/span><\/span><\/p>\n<p style=\"text-align: center;\"><img loading=\"lazy\" decoding=\"async\" class=\"alignnone wp-image-19777\" src=\"http:\/\/recettes-gourmandes-de-joce.fr\/wp-content\/uploads\/2020\/04\/pomelos_farcis_aux_crevettes_et_crudites_012-001-150x150.jpg\" alt=\"\" width=\"214\" height=\"180\" srcset=\"http:\/\/recettes-gourmandes-de-joce.fr\/wp-content\/uploads\/2020\/04\/pomelos_farcis_aux_crevettes_et_crudites_012-001-300x252.jpg 300w, http:\/\/recettes-gourmandes-de-joce.fr\/wp-content\/uploads\/2020\/04\/pomelos_farcis_aux_crevettes_et_crudites_012-001.jpg 477w\" sizes=\"auto, (max-width: 214px) 100vw, 214px\" \/> <img loading=\"lazy\" decoding=\"async\" class=\"alignnone wp-image-19788\" src=\"http:\/\/recettes-gourmandes-de-joce.fr\/wp-content\/uploads\/2020\/04\/pomelos_farcis_aux_crevettes_et_crudites_011-150x150.jpg\" alt=\"\" width=\"211\" height=\"180\" srcset=\"http:\/\/recettes-gourmandes-de-joce.fr\/wp-content\/uploads\/2020\/04\/pomelos_farcis_aux_crevettes_et_crudites_011-300x256.jpg 300w, http:\/\/recettes-gourmandes-de-joce.fr\/wp-content\/uploads\/2020\/04\/pomelos_farcis_aux_crevettes_et_crudites_011.jpg 550w\" sizes=\"auto, (max-width: 211px) 100vw, 211px\" \/> <img loading=\"lazy\" decoding=\"async\" class=\"alignnone wp-image-19776\" src=\"http:\/\/recettes-gourmandes-de-joce.fr\/wp-content\/uploads\/2020\/04\/pomelos_farcis_aux_crevettes_et_crudites_012-150x150.jpg\" alt=\"\" width=\"220\" height=\"180\" srcset=\"http:\/\/recettes-gourmandes-de-joce.fr\/wp-content\/uploads\/2020\/04\/pomelos_farcis_aux_crevettes_et_crudites_012-300x245.jpg 300w, http:\/\/recettes-gourmandes-de-joce.fr\/wp-content\/uploads\/2020\/04\/pomelos_farcis_aux_crevettes_et_crudites_012.jpg 550w\" sizes=\"auto, (max-width: 220px) 100vw, 220px\" \/><\/p>\n<p style=\"text-align: center;\"><span style=\"color: #ff6666;\"><span style=\"font-family: georgia,serif;\"><span style=\"font-size: x-large; text-decoration: underline;\"><em>Ingr\u00e9dients pour 8 personnes<\/em><\/span><\/span><\/span><\/p>\n<p style=\"text-align: center;\"><img loading=\"lazy\" decoding=\"async\" class=\"alignnone wp-image-19778\" src=\"http:\/\/recettes-gourmandes-de-joce.fr\/wp-content\/uploads\/2020\/04\/pomelos_farcis_aux_crevettes_et_crudites_001-150x150.jpg\" alt=\"\" width=\"227\" height=\"180\" srcset=\"http:\/\/recettes-gourmandes-de-joce.fr\/wp-content\/uploads\/2020\/04\/pomelos_farcis_aux_crevettes_et_crudites_001-300x238.jpg 300w, http:\/\/recettes-gourmandes-de-joce.fr\/wp-content\/uploads\/2020\/04\/pomelos_farcis_aux_crevettes_et_crudites_001.jpg 550w\" sizes=\"auto, (max-width: 227px) 100vw, 227px\" \/><\/p>\n<p style=\"text-align: center;\"><span style=\"color: #ff6666;\"><span style=\"font-family: georgia,serif;\"><span style=\"font-size: large;\"><em>4 pomelos<\/em><\/span><\/span><\/span><\/p>\n<p style=\"text-align: center;\"><span style=\"color: #ff6666;\"><span style=\"font-family: georgia,serif;\"><span style=\"font-size: large;\"><em>1 boite de 140 g de ma\u00efs<\/em><\/span><\/span><\/span><\/p>\n<p style=\"text-align: center;\"><span style=\"color: #ff6666;\"><span style=\"font-family: georgia,serif;\"><span style=\"font-size: large;\"><em>3 petites tomates<\/em><\/span><\/span><\/span><\/p>\n<p style=\"text-align: center;\"><span style=\"color: #ff6666;\"><span style=\"font-family: georgia,serif;\"><span style=\"font-size: large;\"><em>3 oignons nouveaux et leurs tiges<\/em><\/span><\/span><\/span><\/p>\n<p style=\"text-align: center;\"><span style=\"color: #ff6666;\"><span style=\"font-family: georgia,serif;\"><span style=\"font-size: large;\"><em>500 g de grosses crevettes roses non d\u00e9cortiqu\u00e9es<\/em><\/span><\/span><\/span><\/p>\n<p style=\"text-align: center;\"><span style=\"color: #ff6666;\"><span style=\"font-family: georgia,serif;\"><span style=\"font-size: large;\"><em>1 boite de c\u0153urs de palmier<\/em><\/span><\/span><\/span><\/p>\n<p style=\"text-align: center;\"><span style=\"color: #ff6666;\"><span style=\"font-family: georgia,serif;\"><span style=\"font-size: large;\"><em>4 c \u00e0 s rases de mayonnaise<\/em><\/span><\/span><\/span><\/p>\n<p style=\"text-align: center;\"><span style=\"color: #ff6666;\"><span style=\"font-family: georgia,serif;\"><span style=\"text-decoration: underline;\"><span style=\"font-size: large;\"><em>Ingr\u00e9dients pour la mayonnaise<\/em><\/span><\/span><\/span><\/span><\/p>\n<p style=\"text-align: center;\"><span style=\"color: #ff6666;\"><span style=\"font-family: georgia,serif;\"><span style=\"font-size: large;\"><em>100 ml d&rsquo;huile de tournesol<\/em><\/span><\/span><\/span><\/p>\n<p style=\"text-align: center;\"><span style=\"color: #ff6666;\"><span style=\"font-family: georgia,serif;\"><span style=\"font-size: large;\"><em>1 jaune d&rsquo;\u0153uf<\/em><\/span><\/span><\/span><\/p>\n<p style=\"text-align: center;\"><span style=\"color: #ff6666;\"><span style=\"font-family: georgia,serif;\"><span style=\"font-size: large;\"><em>1 c \u00e0 s de vinaigre de vin<\/em><\/span><\/span><\/span><\/p>\n<p style=\"text-align: center;\"><span style=\"color: #ff6666;\"><span style=\"font-family: georgia,serif;\"><span style=\"font-size: large;\"><em>1 c \u00e0 c de moutarde<\/em><\/span><\/span><\/span><\/p>\n<p style=\"text-align: center;\"><span style=\"color: #ff6666;\"><span style=\"font-family: georgia,serif;\"><span style=\"font-size: large;\"><em>Sel et poivre<\/em><\/span><\/span><\/span><\/p>\n<p style=\"text-align: center;\"><span style=\"font-family: georgia,serif;\"><span style=\"color: #ff6666;\"><span style=\"font-size: large;\"><em>Pour sa r\u00e9alisation cliquer sur ce lien <\/em><\/span><\/span><span style=\"font-size: large;\"><em><span style=\"color: #ff6666;\">-&gt; <a href=\"http:\/\/recettes-gourmandes-de-joce.fr\/index.php\/index\/sauces-assaisonnements\/sauces-froides\/mayonnaise\/\">Mayonnaise\u00a0<\/a><\/span><\/em><\/span><\/span><\/p>\n<p style=\"text-align: center;\"><img loading=\"lazy\" decoding=\"async\" class=\"alignnone wp-image-19792\" src=\"http:\/\/recettes-gourmandes-de-joce.fr\/wp-content\/uploads\/2020\/04\/P7010180-150x150.jpg\" alt=\"\" width=\"214\" height=\"160\" srcset=\"http:\/\/recettes-gourmandes-de-joce.fr\/wp-content\/uploads\/2020\/04\/P7010180-300x225.jpg 300w, http:\/\/recettes-gourmandes-de-joce.fr\/wp-content\/uploads\/2020\/04\/P7010180.jpg 550w\" sizes=\"auto, (max-width: 214px) 100vw, 214px\" \/>\u00a0<img loading=\"lazy\" decoding=\"async\" class=\"alignnone wp-image-19790\" src=\"http:\/\/recettes-gourmandes-de-joce.fr\/wp-content\/uploads\/2020\/04\/P7010186-150x150.jpg\" alt=\"\" width=\"235\" height=\"160\" srcset=\"http:\/\/recettes-gourmandes-de-joce.fr\/wp-content\/uploads\/2020\/04\/P7010186-300x204.jpg 300w, http:\/\/recettes-gourmandes-de-joce.fr\/wp-content\/uploads\/2020\/04\/P7010186.jpg 548w\" sizes=\"auto, (max-width: 235px) 100vw, 235px\" \/> <img loading=\"lazy\" decoding=\"async\" class=\"alignnone wp-image-19779\" src=\"http:\/\/recettes-gourmandes-de-joce.fr\/wp-content\/uploads\/2020\/04\/pomelos_farcis_aux_crevettes_et_crudites_002-150x150.jpg\" alt=\"\" width=\"242\" height=\"160\" srcset=\"http:\/\/recettes-gourmandes-de-joce.fr\/wp-content\/uploads\/2020\/04\/pomelos_farcis_aux_crevettes_et_crudites_002-300x199.jpg 300w, http:\/\/recettes-gourmandes-de-joce.fr\/wp-content\/uploads\/2020\/04\/pomelos_farcis_aux_crevettes_et_crudites_002.jpg 550w\" sizes=\"auto, (max-width: 242px) 100vw, 242px\" \/><\/p>\n<p style=\"text-align: center;\"><span style=\"color: #ff6666;\"><span style=\"font-family: georgia,serif;\"><span style=\"font-size: large;\"><em>\u00a0<\/em><\/span><span style=\"font-size: large;\"><em>Laver et couper les tomates en petits d\u00e9s en \u00e9liminant un peu <\/em><\/span><span style=\"font-size: large;\"><em>des p\u00e9pins. <\/em><\/span><span style=\"font-size: large;\"><em>Laver, peler et hacher les oignons et leurs tiges. <\/em><\/span><span style=\"font-size: large;\"><em>Egoutter le ma\u00efs, couper les c\u0153urs de palmier en rondelles fines. <\/em><\/span><\/span><\/span><\/p>\n<p style=\"text-align: center;\"><em><img loading=\"lazy\" decoding=\"async\" class=\"lazy-loaded alignnone wp-image-13170\" src=\"http:\/\/recettes-gourmandes-de-joce.fr\/wp-content\/uploads\/2019\/12\/IMG_1951-150x150.jpg\" alt=\"\" width=\"126\" height=\"160\" data-lazy-type=\"image\" data-src=\"http:\/\/recettes-gourmandes-de-joce.fr\/wp-content\/uploads\/2019\/12\/IMG_1951-150x150.jpg\" data-srcset=\"\" srcset=\"http:\/\/recettes-gourmandes-de-joce.fr\/wp-content\/uploads\/2019\/12\/IMG_1951-235x300.jpg 235w, http:\/\/recettes-gourmandes-de-joce.fr\/wp-content\/uploads\/2019\/12\/IMG_1951.jpg 502w\" sizes=\"auto, (max-width: 126px) 100vw, 126px\" \/> <\/em><img loading=\"lazy\" decoding=\"async\" class=\"alignnone wp-image-19784\" src=\"http:\/\/recettes-gourmandes-de-joce.fr\/wp-content\/uploads\/2020\/04\/pomelos_farcis_aux_crevettes_et_crudites_007-150x150.jpg\" alt=\"\" width=\"214\" height=\"160\" srcset=\"http:\/\/recettes-gourmandes-de-joce.fr\/wp-content\/uploads\/2020\/04\/pomelos_farcis_aux_crevettes_et_crudites_007-300x225.jpg 300w, http:\/\/recettes-gourmandes-de-joce.fr\/wp-content\/uploads\/2020\/04\/pomelos_farcis_aux_crevettes_et_crudites_007.jpg 550w\" sizes=\"auto, (max-width: 214px) 100vw, 214px\" \/> <img loading=\"lazy\" decoding=\"async\" class=\"alignnone wp-image-19785\" src=\"http:\/\/recettes-gourmandes-de-joce.fr\/wp-content\/uploads\/2020\/04\/pomelos_farcis_aux_crevettes_et_crudites_008-150x150.jpg\" alt=\"\" width=\"214\" height=\"160\" srcset=\"http:\/\/recettes-gourmandes-de-joce.fr\/wp-content\/uploads\/2020\/04\/pomelos_farcis_aux_crevettes_et_crudites_008-300x225.jpg 300w, http:\/\/recettes-gourmandes-de-joce.fr\/wp-content\/uploads\/2020\/04\/pomelos_farcis_aux_crevettes_et_crudites_008.jpg 550w\" sizes=\"auto, (max-width: 214px) 100vw, 214px\" \/><\/p>\n<p style=\"text-align: center;\"><span style=\"color: #ff6666;\"><span style=\"font-family: georgia,serif;\"><span style=\"font-size: large;\"><em>D\u00e9cortiquer les crevettes et en mettre 8 de cot\u00e9 pour la d\u00e9co. <\/em><em>Couper les pomelos en deux, couper un peu leur base pour <\/em><\/span><span style=\"font-size: large;\"><em>qu&rsquo;ils tiennent bien droit. <\/em><\/span><span style=\"font-size: large;\"><em>Avec un couteau souple ou sp\u00e9cial pamplemousse.<\/em><\/span><\/span><\/span><\/p>\n<p style=\"text-align: center;\"><img loading=\"lazy\" decoding=\"async\" class=\"alignnone wp-image-19787\" src=\"http:\/\/recettes-gourmandes-de-joce.fr\/wp-content\/uploads\/2020\/04\/pomelos_farcis_aux_crevettes_et_crudites_010-150x150.jpg\" alt=\"\" width=\"214\" height=\"160\" srcset=\"http:\/\/recettes-gourmandes-de-joce.fr\/wp-content\/uploads\/2020\/04\/pomelos_farcis_aux_crevettes_et_crudites_010-300x225.jpg 300w, http:\/\/recettes-gourmandes-de-joce.fr\/wp-content\/uploads\/2020\/04\/pomelos_farcis_aux_crevettes_et_crudites_010.jpg 550w\" sizes=\"auto, (max-width: 214px) 100vw, 214px\" \/> <img loading=\"lazy\" decoding=\"async\" class=\"alignnone wp-image-19786\" src=\"http:\/\/recettes-gourmandes-de-joce.fr\/wp-content\/uploads\/2020\/04\/pomelos_farcis_aux_crevettes_et_crudites_009-150x150.jpg\" alt=\"\" width=\"214\" height=\"160\" srcset=\"http:\/\/recettes-gourmandes-de-joce.fr\/wp-content\/uploads\/2020\/04\/pomelos_farcis_aux_crevettes_et_crudites_009-300x225.jpg 300w, http:\/\/recettes-gourmandes-de-joce.fr\/wp-content\/uploads\/2020\/04\/pomelos_farcis_aux_crevettes_et_crudites_009.jpg 550w\" sizes=\"auto, (max-width: 214px) 100vw, 214px\" \/> <img loading=\"lazy\" decoding=\"async\" class=\"alignnone wp-image-19781\" src=\"http:\/\/recettes-gourmandes-de-joce.fr\/wp-content\/uploads\/2020\/04\/pomelos_farcis_aux_crevettes_et_crudites_004-150x150.jpg\" alt=\"\" width=\"214\" height=\"160\" srcset=\"http:\/\/recettes-gourmandes-de-joce.fr\/wp-content\/uploads\/2020\/04\/pomelos_farcis_aux_crevettes_et_crudites_004-300x225.jpg 300w, http:\/\/recettes-gourmandes-de-joce.fr\/wp-content\/uploads\/2020\/04\/pomelos_farcis_aux_crevettes_et_crudites_004.jpg 550w\" sizes=\"auto, (max-width: 214px) 100vw, 214px\" \/><\/p>\n<p style=\"text-align: center;\"><span style=\"color: #ff6666;\"><span style=\"font-family: georgia,serif;\"><span style=\"font-size: large;\"><span style=\"color: #ff6666;\"><span style=\"font-family: georgia,serif;\"><span style=\"font-size: large;\"><em>\u00a0<\/em><\/span><\/span><\/span><em>\u00d4ter la chair et d\u00e9barrassez la de leur enveloppe,\u00a0<\/em><em>garder les peaux des pomelos qui vont servir de r\u00e9cipients.<\/em><em>\u00a0<\/em><\/span><span style=\"font-size: large;\"><em>Dans un saladier m\u00e9langer ensemble le ma\u00efs, les d\u00e9s de tomates <\/em><\/span><span style=\"font-size: large;\"><em>les rondelles de c\u0153urs de palmiers.\u00a0<\/em><\/span><\/span><\/span><\/p>\n<p style=\"text-align: center;\"><img loading=\"lazy\" decoding=\"async\" class=\"alignnone wp-image-19780\" src=\"http:\/\/recettes-gourmandes-de-joce.fr\/wp-content\/uploads\/2020\/04\/pomelos_farcis_aux_crevettes_et_crudites_003-150x150.jpg\" alt=\"\" width=\"187\" height=\"160\" srcset=\"http:\/\/recettes-gourmandes-de-joce.fr\/wp-content\/uploads\/2020\/04\/pomelos_farcis_aux_crevettes_et_crudites_003-300x257.jpg 300w, http:\/\/recettes-gourmandes-de-joce.fr\/wp-content\/uploads\/2020\/04\/pomelos_farcis_aux_crevettes_et_crudites_003.jpg 550w\" sizes=\"auto, (max-width: 187px) 100vw, 187px\" \/> <img loading=\"lazy\" decoding=\"async\" class=\"alignnone wp-image-19782\" src=\"http:\/\/recettes-gourmandes-de-joce.fr\/wp-content\/uploads\/2020\/04\/pomelos_farcis_aux_crevettes_et_crudites_005-150x150.jpg\" alt=\"\" width=\"183\" height=\"160\" srcset=\"http:\/\/recettes-gourmandes-de-joce.fr\/wp-content\/uploads\/2020\/04\/pomelos_farcis_aux_crevettes_et_crudites_005-300x262.jpg 300w, http:\/\/recettes-gourmandes-de-joce.fr\/wp-content\/uploads\/2020\/04\/pomelos_farcis_aux_crevettes_et_crudites_005.jpg 550w\" sizes=\"auto, (max-width: 183px) 100vw, 183px\" \/> <img loading=\"lazy\" decoding=\"async\" class=\"alignnone wp-image-19783\" src=\"http:\/\/recettes-gourmandes-de-joce.fr\/wp-content\/uploads\/2020\/04\/pomelos_farcis_aux_crevettes_et_crudites_006-150x150.jpg\" alt=\"\" width=\"214\" height=\"160\" srcset=\"http:\/\/recettes-gourmandes-de-joce.fr\/wp-content\/uploads\/2020\/04\/pomelos_farcis_aux_crevettes_et_crudites_006-300x225.jpg 300w, http:\/\/recettes-gourmandes-de-joce.fr\/wp-content\/uploads\/2020\/04\/pomelos_farcis_aux_crevettes_et_crudites_006.jpg 550w\" sizes=\"auto, (max-width: 214px) 100vw, 214px\" \/><\/p>\n<p style=\"text-align: center;\"><span style=\"color: #ff6666;\"><span style=\"font-family: georgia,serif;\"><span style=\"font-size: large;\"><em>Ajouter les crevettes coup\u00e9es en petits morceaux\u00a0<\/em><em>m\u00e9langer. <\/em><em>Ajouter la mayonnaise. <\/em><\/span><span style=\"font-size: large;\"><em>Ajouter les oignons et la chair des pomelos et bien <\/em><\/span><span style=\"font-size: large;\"><em>m\u00e9langer \u00e0 nouveau. <\/em><\/span><span style=\"font-size: large;\"><em>Remplir les demi pomelos vides, d\u00e9corer avec une <\/em><\/span><span style=\"font-size: large;\"><em>crevette qui avait \u00e9t\u00e9 mise de cot\u00e9 et entreposer au moins <\/em><\/span><span style=\"font-size: large;\"><em>1h au r\u00e9frig\u00e9rateur avant de servir.<\/em><\/span><\/span><\/span><\/p>\n<p style=\"text-align: center;\"><span style=\"color: #ff6666;\"><span style=\"font-family: georgia,serif;\"><span style=\"font-size: large;\"><em>Une excellente entr\u00e9e tr\u00e8s rafra\u00eechissante. <\/em><\/span><span style=\"font-size: large;\"><em>On peut \u00e9galement utiliser des pamplemousses traditionnels.<\/em><\/span><\/span><\/span><\/p>\n<p style=\"text-align: center;\"><span style=\"color: #ff6666;\"><span style=\"font-family: georgia,serif;\"><span style=\"font-size: large;\"><em>Bon app\u00e9tit!<\/em><\/span><\/span><\/span><\/p>\n<p style=\"text-align: center;\"><span style=\"color: #ff8e8e; font-size: large;\"><em> <img loading=\"lazy\" decoding=\"async\" class=\"alignnone wp-image-19776\" src=\"http:\/\/recettes-gourmandes-de-joce.fr\/wp-content\/uploads\/2020\/04\/pomelos_farcis_aux_crevettes_et_crudites_012-150x150.jpg\" alt=\"\" width=\"220\" height=\"180\" srcset=\"http:\/\/recettes-gourmandes-de-joce.fr\/wp-content\/uploads\/2020\/04\/pomelos_farcis_aux_crevettes_et_crudites_012-300x245.jpg 300w, http:\/\/recettes-gourmandes-de-joce.fr\/wp-content\/uploads\/2020\/04\/pomelos_farcis_aux_crevettes_et_crudites_012.jpg 550w\" sizes=\"auto, (max-width: 220px) 100vw, 220px\" \/> <img loading=\"lazy\" decoding=\"async\" class=\"alignnone wp-image-19788\" src=\"http:\/\/recettes-gourmandes-de-joce.fr\/wp-content\/uploads\/2020\/04\/pomelos_farcis_aux_crevettes_et_crudites_011-150x150.jpg\" alt=\"\" width=\"211\" height=\"180\" srcset=\"http:\/\/recettes-gourmandes-de-joce.fr\/wp-content\/uploads\/2020\/04\/pomelos_farcis_aux_crevettes_et_crudites_011-300x256.jpg 300w, http:\/\/recettes-gourmandes-de-joce.fr\/wp-content\/uploads\/2020\/04\/pomelos_farcis_aux_crevettes_et_crudites_011.jpg 550w\" sizes=\"auto, (max-width: 211px) 100vw, 211px\" \/> <img loading=\"lazy\" decoding=\"async\" class=\"alignnone wp-image-19777\" src=\"http:\/\/recettes-gourmandes-de-joce.fr\/wp-content\/uploads\/2020\/04\/pomelos_farcis_aux_crevettes_et_crudites_012-001-150x150.jpg\" alt=\"\" width=\"214\" height=\"180\" srcset=\"http:\/\/recettes-gourmandes-de-joce.fr\/wp-content\/uploads\/2020\/04\/pomelos_farcis_aux_crevettes_et_crudites_012-001-300x252.jpg 300w, http:\/\/recettes-gourmandes-de-joce.fr\/wp-content\/uploads\/2020\/04\/pomelos_farcis_aux_crevettes_et_crudites_012-001.jpg 477w\" sizes=\"auto, (max-width: 214px) 100vw, 214px\" \/><\/em><\/span><\/p>\n<p style=\"text-align: center;\"><img loading=\"lazy\" decoding=\"async\" class=\"alignnone wp-image-16654 size-full\" src=\"http:\/\/recettes-gourmandes-de-joce.fr\/wp-content\/uploads\/2020\/01\/logitech-gaming-software-14112014-121223.jpg\" alt=\"\" width=\"640\" height=\"144\" srcset=\"http:\/\/recettes-gourmandes-de-joce.fr\/wp-content\/uploads\/2020\/01\/logitech-gaming-software-14112014-121223.jpg 640w, http:\/\/recettes-gourmandes-de-joce.fr\/wp-content\/uploads\/2020\/01\/logitech-gaming-software-14112014-121223-300x68.jpg 300w\" sizes=\"auto, (max-width: 640px) 100vw, 640px\" \/><\/p>\n<p style=\"text-align: center;\">\n","protected":false},"excerpt":{"rendered":"<p>Une de mes recettes Ingr\u00e9dients pour 8 personnes 4 pomelos 1 boite de 140 g de ma\u00efs 3 petites tomates 3 oignons nouveaux et leurs tiges 500 g de grosses crevettes roses non d\u00e9cortiqu\u00e9es 1 boite de c\u0153urs de palmier 4 c \u00e0 s rases de mayonnaise Ingr\u00e9dients pour la mayonnaise 100 ml d&rsquo;huile de &hellip; <\/p>\n<p><a class=\"more-link btn\" href=\"http:\/\/recettes-gourmandes-de-joce.fr\/index.php\/index\/entrees\/salades-crudites\/pomelos-farcis-aux-crevettes-et-crudites\/\">Lire la suite<\/a><\/p>\n","protected":false},"author":2,"featured_media":84229,"parent":165,"menu_order":0,"comment_status":"open","ping_status":"closed","template":"","meta":{"footnotes":""},"class_list":["post-19793","page","type-page","status-publish","has-post-thumbnail","hentry","nodate","item-wrap"],"_links":{"self":[{"href":"http:\/\/recettes-gourmandes-de-joce.fr\/index.php\/wp-json\/wp\/v2\/pages\/19793","targetHints":{"allow":["GET"]}}],"collection":[{"href":"http:\/\/recettes-gourmandes-de-joce.fr\/index.php\/wp-json\/wp\/v2\/pages"}],"about":[{"href":"http:\/\/recettes-gourmandes-de-joce.fr\/index.php\/wp-json\/wp\/v2\/types\/page"}],"author":[{"embeddable":true,"href":"http:\/\/recettes-gourmandes-de-joce.fr\/index.php\/wp-json\/wp\/v2\/users\/2"}],"replies":[{"embeddable":true,"href":"http:\/\/recettes-gourmandes-de-joce.fr\/index.php\/wp-json\/wp\/v2\/comments?post=19793"}],"version-history":[{"count":3,"href":"http:\/\/recettes-gourmandes-de-joce.fr\/index.php\/wp-json\/wp\/v2\/pages\/19793\/revisions"}],"predecessor-version":[{"id":84230,"href":"http:\/\/recettes-gourmandes-de-joce.fr\/index.php\/wp-json\/wp\/v2\/pages\/19793\/revisions\/84230"}],"up":[{"embeddable":true,"href":"http:\/\/recettes-gourmandes-de-joce.fr\/index.php\/wp-json\/wp\/v2\/pages\/165"}],"wp:featuredmedia":[{"embeddable":true,"href":"http:\/\/recettes-gourmandes-de-joce.fr\/index.php\/wp-json\/wp\/v2\/media\/84229"}],"wp:attachment":[{"href":"http:\/\/recettes-gourmandes-de-joce.fr\/index.php\/wp-json\/wp\/v2\/media?parent=19793"}],"curies":[{"name":"wp","href":"https:\/\/api.w.org\/{rel}","templated":true}]}}