{"id":1974,"date":"2019-09-30T20:10:53","date_gmt":"2019-09-30T20:10:53","guid":{"rendered":"http:\/\/recettes-gourmandes-de-joce.fr\/?page_id=1974"},"modified":"2026-03-15T01:02:05","modified_gmt":"2026-03-15T01:02:05","slug":"cuisses-de-poulet-sauce-cremee-a-la-ciboulette-et-moutarde","status":"publish","type":"page","link":"http:\/\/recettes-gourmandes-de-joce.fr\/index.php\/index\/viandes\/volailles\/poulet-poule-poularde-coq-coquelet\/cuisses-de-poulet-sauce-cremee-a-la-ciboulette-et-moutarde\/","title":{"rendered":"Cuisses de poulet sauce cr\u00e9m\u00e9e \u00e0 la ciboulette et moutarde."},"content":{"rendered":"<p style=\"text-align: center;\"><span style=\"color: #008000; text-decoration: underline; font-family: georgia, palatino, serif;\"><em><span style=\"font-size: x-large;\">Une de mes recettes<\/span><\/em><\/span><\/p>\n<p style=\"text-align: center;\"><img loading=\"lazy\" decoding=\"async\" class=\"alignnone wp-image-71970\" src=\"http:\/\/recettes-gourmandes-de-joce.fr\/wp-content\/uploads\/2024\/04\/poulet-cre8me-moutarde3.jpg\" alt=\"\" width=\"287\" height=\"180\" srcset=\"http:\/\/recettes-gourmandes-de-joce.fr\/wp-content\/uploads\/2024\/04\/poulet-cre8me-moutarde3.jpg 1024w, http:\/\/recettes-gourmandes-de-joce.fr\/wp-content\/uploads\/2024\/04\/poulet-cre8me-moutarde3-768x482.jpg 768w, http:\/\/recettes-gourmandes-de-joce.fr\/wp-content\/uploads\/2024\/04\/poulet-cre8me-moutarde3-750x471.jpg 750w\" sizes=\"auto, (max-width: 287px) 100vw, 287px\" \/> <img loading=\"lazy\" decoding=\"async\" class=\"alignnone wp-image-71968\" src=\"http:\/\/recettes-gourmandes-de-joce.fr\/wp-content\/uploads\/2024\/04\/poulet-cre8me-moutarde1.jpg\" alt=\"\" width=\"276\" height=\"180\" srcset=\"http:\/\/recettes-gourmandes-de-joce.fr\/wp-content\/uploads\/2024\/04\/poulet-cre8me-moutarde1.jpg 1024w, http:\/\/recettes-gourmandes-de-joce.fr\/wp-content\/uploads\/2024\/04\/poulet-cre8me-moutarde1-768x502.jpg 768w, http:\/\/recettes-gourmandes-de-joce.fr\/wp-content\/uploads\/2024\/04\/poulet-cre8me-moutarde1-750x490.jpg 750w\" sizes=\"auto, (max-width: 276px) 100vw, 276px\" \/><img loading=\"lazy\" decoding=\"async\" class=\"alignnone wp-image-71969\" src=\"http:\/\/recettes-gourmandes-de-joce.fr\/wp-content\/uploads\/2024\/04\/poulet-cre8me-moutarde2.jpg\" alt=\"\" width=\"240\" height=\"180\" srcset=\"http:\/\/recettes-gourmandes-de-joce.fr\/wp-content\/uploads\/2024\/04\/poulet-cre8me-moutarde2.jpg 1024w, http:\/\/recettes-gourmandes-de-joce.fr\/wp-content\/uploads\/2024\/04\/poulet-cre8me-moutarde2-768x576.jpg 768w, http:\/\/recettes-gourmandes-de-joce.fr\/wp-content\/uploads\/2024\/04\/poulet-cre8me-moutarde2-750x563.jpg 750w\" sizes=\"auto, (max-width: 240px) 100vw, 240px\" \/><\/p>\n<p style=\"text-align: center;\"><span style=\"color: #008000; font-size: x-large; text-decoration: underline; font-family: georgia, palatino, serif;\"><em>Ingr\u00e9dients pour 5 personnes<\/em><\/span><\/p>\n<p style=\"text-align: center;\"><img loading=\"lazy\" decoding=\"async\" class=\"alignnone wp-image-71971\" src=\"http:\/\/recettes-gourmandes-de-joce.fr\/wp-content\/uploads\/2024\/04\/poulet-cre8me-moutarde4.jpg\" alt=\"\" width=\"312\" height=\"200\" srcset=\"http:\/\/recettes-gourmandes-de-joce.fr\/wp-content\/uploads\/2024\/04\/poulet-cre8me-moutarde4.jpg 1024w, http:\/\/recettes-gourmandes-de-joce.fr\/wp-content\/uploads\/2024\/04\/poulet-cre8me-moutarde4-768x493.jpg 768w, http:\/\/recettes-gourmandes-de-joce.fr\/wp-content\/uploads\/2024\/04\/poulet-cre8me-moutarde4-750x481.jpg 750w\" sizes=\"auto, (max-width: 312px) 100vw, 312px\" \/><\/p>\n<p style=\"text-align: center;\"><span style=\"color: #008000; font-family: georgia, palatino, serif; font-size: 14pt;\"><em>5 cuisses de poulet<\/em><\/span><\/p>\n<p style=\"text-align: center;\"><span style=\"color: #008000; font-family: georgia, palatino, serif; font-size: 14pt;\"><em>100 g de lardons fum\u00e9e<\/em><\/span><\/p>\n<p style=\"text-align: center;\"><span style=\"color: #008000; font-family: georgia, palatino, serif; font-size: 14pt;\"><em>2 c \u00e0 s de moutarde forte<\/em><\/span><\/p>\n<p style=\"text-align: center;\"><span style=\"color: #008000; font-family: georgia, palatino, serif; font-size: 14pt;\"><em>1 oignon<\/em><\/span><\/p>\n<p style=\"text-align: center;\"><span style=\"color: #008000; font-family: georgia, palatino, serif; font-size: 14pt;\"><em>4 gousses d&rsquo;ail<\/em><\/span><\/p>\n<p style=\"text-align: center;\"><span style=\"color: #008000; font-family: georgia, palatino, serif; font-size: 14pt;\"><em>2 feuilles de sauge<\/em><\/span><\/p>\n<p style=\"text-align: center;\"><span style=\"color: #008000; font-family: georgia, palatino, serif; font-size: 14pt;\"><em>1 branche de romarin<\/em><\/span><\/p>\n<p style=\"text-align: center;\"><span style=\"color: #008000; font-family: georgia, palatino, serif; font-size: 14pt;\"><em>1 branche de sarriette<\/em><\/span><\/p>\n<p style=\"text-align: center;\"><span style=\"color: #008000; font-family: georgia, palatino, serif; font-size: 14pt;\"><em>4 c \u00e0 s de cr\u00e8me fra\u00eeche<\/em><\/span><\/p>\n<p style=\"text-align: center;\"><span style=\"color: #008000; font-family: georgia, palatino, serif; font-size: 14pt;\"><em>1 petit bouquet de\u00a0ciboulette<\/em><\/span><\/p>\n<p style=\"text-align: center;\"><span style=\"color: #008000; font-family: georgia, palatino, serif; font-size: 14pt;\"><em>2 c \u00e0 s de fond de volaille<\/em><\/span><\/p>\n<p style=\"text-align: center;\"><span style=\"color: #008000; font-family: georgia, palatino, serif; font-size: 14pt;\"><em>Huile d&rsquo;olive<\/em><\/span><\/p>\n<p style=\"text-align: center;\"><span style=\"color: #008000; font-family: georgia, palatino, serif; font-size: 14pt;\"><em>2 pinc\u00e9es de piment d&rsquo;Espelette<\/em><\/span><\/p>\n<p style=\"text-align: center;\"><span style=\"color: #008000; font-family: georgia, palatino, serif; font-size: 14pt;\"><em>1 c \u00e0 s d&rsquo;\u00e9pices pour poulet d\u00e9tails sur ce lien -&gt; \u00c9pic\u00e9too<\/em><\/span><\/p>\n<p style=\"text-align: center;\"><span style=\"color: #008000; font-family: georgia, palatino, serif; font-size: 14pt;\"><em>Sel et poivre<\/em><\/span><\/p>\n<p style=\"text-align: center;\"><img loading=\"lazy\" decoding=\"async\" class=\"alignnone wp-image-71972\" src=\"http:\/\/recettes-gourmandes-de-joce.fr\/wp-content\/uploads\/2024\/04\/poulet-cre8me-moutarde5.jpg\" alt=\"\" width=\"227\" height=\"170\" srcset=\"http:\/\/recettes-gourmandes-de-joce.fr\/wp-content\/uploads\/2024\/04\/poulet-cre8me-moutarde5.jpg 1024w, http:\/\/recettes-gourmandes-de-joce.fr\/wp-content\/uploads\/2024\/04\/poulet-cre8me-moutarde5-768x576.jpg 768w, http:\/\/recettes-gourmandes-de-joce.fr\/wp-content\/uploads\/2024\/04\/poulet-cre8me-moutarde5-750x563.jpg 750w\" sizes=\"auto, (max-width: 227px) 100vw, 227px\" \/> <img loading=\"lazy\" decoding=\"async\" class=\"alignnone wp-image-71973\" src=\"http:\/\/recettes-gourmandes-de-joce.fr\/wp-content\/uploads\/2024\/04\/poulet-cre8me-moutarde6.jpg\" alt=\"\" width=\"227\" height=\"170\" srcset=\"http:\/\/recettes-gourmandes-de-joce.fr\/wp-content\/uploads\/2024\/04\/poulet-cre8me-moutarde6.jpg 1024w, http:\/\/recettes-gourmandes-de-joce.fr\/wp-content\/uploads\/2024\/04\/poulet-cre8me-moutarde6-768x576.jpg 768w, http:\/\/recettes-gourmandes-de-joce.fr\/wp-content\/uploads\/2024\/04\/poulet-cre8me-moutarde6-750x563.jpg 750w\" sizes=\"auto, (max-width: 227px) 100vw, 227px\" \/> <img loading=\"lazy\" decoding=\"async\" class=\"alignnone wp-image-71974\" src=\"http:\/\/recettes-gourmandes-de-joce.fr\/wp-content\/uploads\/2024\/04\/poulet-cre8me-moutarde7.jpg\" alt=\"\" width=\"237\" height=\"170\" srcset=\"http:\/\/recettes-gourmandes-de-joce.fr\/wp-content\/uploads\/2024\/04\/poulet-cre8me-moutarde7.jpg 1024w, http:\/\/recettes-gourmandes-de-joce.fr\/wp-content\/uploads\/2024\/04\/poulet-cre8me-moutarde7-768x551.jpg 768w, http:\/\/recettes-gourmandes-de-joce.fr\/wp-content\/uploads\/2024\/04\/poulet-cre8me-moutarde7-750x538.jpg 750w\" sizes=\"auto, (max-width: 237px) 100vw, 237px\" \/><\/p>\n<p style=\"text-align: center;\"><span style=\"color: #008000; font-family: georgia, palatino, serif; font-size: 14pt;\"><em>Laver et ciseler la ciboulette, dans un bol m\u00e9langer la ciboulette, la cr\u00e8me, saler et poivrer ajouter le piment d&rsquo;Espelette et r\u00e9server. Peler et hacher l&rsquo;oignon et les gousses d&rsquo;ail d\u00e9germ\u00e9es. Laver et herbes aromatique et ciseler la sauge.<\/em><\/span><\/p>\n<p style=\"text-align: center;\"><img loading=\"lazy\" decoding=\"async\" class=\"alignnone wp-image-71975\" src=\"http:\/\/recettes-gourmandes-de-joce.fr\/wp-content\/uploads\/2024\/04\/poulet-cre8me-moutarde8.jpg\" alt=\"\" width=\"227\" height=\"170\" srcset=\"http:\/\/recettes-gourmandes-de-joce.fr\/wp-content\/uploads\/2024\/04\/poulet-cre8me-moutarde8.jpg 1024w, http:\/\/recettes-gourmandes-de-joce.fr\/wp-content\/uploads\/2024\/04\/poulet-cre8me-moutarde8-768x576.jpg 768w, http:\/\/recettes-gourmandes-de-joce.fr\/wp-content\/uploads\/2024\/04\/poulet-cre8me-moutarde8-750x563.jpg 750w\" sizes=\"auto, (max-width: 227px) 100vw, 227px\" \/> <img loading=\"lazy\" decoding=\"async\" class=\"alignnone wp-image-71976\" src=\"http:\/\/recettes-gourmandes-de-joce.fr\/wp-content\/uploads\/2024\/04\/poulet-cre8me-moutarde9.jpg\" alt=\"\" width=\"227\" height=\"170\" srcset=\"http:\/\/recettes-gourmandes-de-joce.fr\/wp-content\/uploads\/2024\/04\/poulet-cre8me-moutarde9.jpg 1024w, http:\/\/recettes-gourmandes-de-joce.fr\/wp-content\/uploads\/2024\/04\/poulet-cre8me-moutarde9-768x576.jpg 768w, http:\/\/recettes-gourmandes-de-joce.fr\/wp-content\/uploads\/2024\/04\/poulet-cre8me-moutarde9-750x563.jpg 750w\" sizes=\"auto, (max-width: 227px) 100vw, 227px\" \/> <img loading=\"lazy\" decoding=\"async\" class=\"alignnone wp-image-71977\" src=\"http:\/\/recettes-gourmandes-de-joce.fr\/wp-content\/uploads\/2024\/04\/poulet-cre8me-moutarde10.jpg\" alt=\"\" width=\"227\" height=\"170\" srcset=\"http:\/\/recettes-gourmandes-de-joce.fr\/wp-content\/uploads\/2024\/04\/poulet-cre8me-moutarde10.jpg 1024w, http:\/\/recettes-gourmandes-de-joce.fr\/wp-content\/uploads\/2024\/04\/poulet-cre8me-moutarde10-768x576.jpg 768w, http:\/\/recettes-gourmandes-de-joce.fr\/wp-content\/uploads\/2024\/04\/poulet-cre8me-moutarde10-750x563.jpg 750w\" sizes=\"auto, (max-width: 227px) 100vw, 227px\" \/><\/p>\n<p style=\"text-align: center;\"><span style=\"color: #008000; font-family: georgia, palatino, serif; font-size: 14pt;\"><em>Dans une cocotte, faite chauffer sans fumer l&rsquo;huile d&rsquo;olive et y faire dorer les morceaux de poulet, les saler et poivrer, ajoute les \u00e9pices pour poulet.<\/em><\/span><\/p>\n<p style=\"text-align: center;\"><img loading=\"lazy\" decoding=\"async\" class=\"alignnone wp-image-71978\" src=\"http:\/\/recettes-gourmandes-de-joce.fr\/wp-content\/uploads\/2024\/04\/poulet-cre8me-moutarde11.jpg\" alt=\"\" width=\"207\" height=\"170\" srcset=\"http:\/\/recettes-gourmandes-de-joce.fr\/wp-content\/uploads\/2024\/04\/poulet-cre8me-moutarde11.jpg 1024w, http:\/\/recettes-gourmandes-de-joce.fr\/wp-content\/uploads\/2024\/04\/poulet-cre8me-moutarde11-768x629.jpg 768w, http:\/\/recettes-gourmandes-de-joce.fr\/wp-content\/uploads\/2024\/04\/poulet-cre8me-moutarde11-750x615.jpg 750w\" sizes=\"auto, (max-width: 207px) 100vw, 207px\" \/> <img loading=\"lazy\" decoding=\"async\" class=\"alignnone wp-image-71979\" src=\"http:\/\/recettes-gourmandes-de-joce.fr\/wp-content\/uploads\/2024\/04\/poulet-cre8me-moutarde12.jpg\" alt=\"\" width=\"227\" height=\"170\" srcset=\"http:\/\/recettes-gourmandes-de-joce.fr\/wp-content\/uploads\/2024\/04\/poulet-cre8me-moutarde12.jpg 1024w, http:\/\/recettes-gourmandes-de-joce.fr\/wp-content\/uploads\/2024\/04\/poulet-cre8me-moutarde12-768x576.jpg 768w, http:\/\/recettes-gourmandes-de-joce.fr\/wp-content\/uploads\/2024\/04\/poulet-cre8me-moutarde12-750x563.jpg 750w\" sizes=\"auto, (max-width: 227px) 100vw, 227px\" \/> <img loading=\"lazy\" decoding=\"async\" class=\"alignnone wp-image-71980\" src=\"http:\/\/recettes-gourmandes-de-joce.fr\/wp-content\/uploads\/2024\/04\/poulet-cre8me-moutarde13.jpg\" alt=\"\" width=\"227\" height=\"170\" srcset=\"http:\/\/recettes-gourmandes-de-joce.fr\/wp-content\/uploads\/2024\/04\/poulet-cre8me-moutarde13.jpg 1024w, http:\/\/recettes-gourmandes-de-joce.fr\/wp-content\/uploads\/2024\/04\/poulet-cre8me-moutarde13-768x576.jpg 768w, http:\/\/recettes-gourmandes-de-joce.fr\/wp-content\/uploads\/2024\/04\/poulet-cre8me-moutarde13-750x563.jpg 750w\" sizes=\"auto, (max-width: 227px) 100vw, 227px\" \/><\/p>\n<p style=\"text-align: center;\"><span style=\"color: #008000; font-family: georgia, palatino, serif; font-size: 14pt;\"><em>Lorsqu&rsquo;ils sont dor\u00e9s les d\u00e9barrasser, \u00e0 la place faire dorer l&rsquo;ail et les oignons, ajouter ensuite les lardons.<\/em><\/span><\/p>\n<p style=\"text-align: center;\"><img loading=\"lazy\" decoding=\"async\" class=\"alignnone wp-image-71981\" src=\"http:\/\/recettes-gourmandes-de-joce.fr\/wp-content\/uploads\/2024\/04\/poulet-cre8me-moutarde14.jpg\" alt=\"\" width=\"251\" height=\"170\" srcset=\"http:\/\/recettes-gourmandes-de-joce.fr\/wp-content\/uploads\/2024\/04\/poulet-cre8me-moutarde14.jpg 1024w, http:\/\/recettes-gourmandes-de-joce.fr\/wp-content\/uploads\/2024\/04\/poulet-cre8me-moutarde14-768x521.jpg 768w, http:\/\/recettes-gourmandes-de-joce.fr\/wp-content\/uploads\/2024\/04\/poulet-cre8me-moutarde14-750x508.jpg 750w\" sizes=\"auto, (max-width: 251px) 100vw, 251px\" \/>\u00a0<img loading=\"lazy\" decoding=\"async\" class=\"alignnone wp-image-71982\" src=\"http:\/\/recettes-gourmandes-de-joce.fr\/wp-content\/uploads\/2024\/04\/poulet-cre8me-moutarde15.jpg\" alt=\"\" width=\"227\" height=\"170\" srcset=\"http:\/\/recettes-gourmandes-de-joce.fr\/wp-content\/uploads\/2024\/04\/poulet-cre8me-moutarde15.jpg 1024w, http:\/\/recettes-gourmandes-de-joce.fr\/wp-content\/uploads\/2024\/04\/poulet-cre8me-moutarde15-768x576.jpg 768w, http:\/\/recettes-gourmandes-de-joce.fr\/wp-content\/uploads\/2024\/04\/poulet-cre8me-moutarde15-750x563.jpg 750w\" sizes=\"auto, (max-width: 227px) 100vw, 227px\" \/> <img loading=\"lazy\" decoding=\"async\" class=\"alignnone wp-image-71983\" src=\"http:\/\/recettes-gourmandes-de-joce.fr\/wp-content\/uploads\/2024\/04\/poulet-cre8me-moutarde16.jpg\" alt=\"\" width=\"227\" height=\"170\" srcset=\"http:\/\/recettes-gourmandes-de-joce.fr\/wp-content\/uploads\/2024\/04\/poulet-cre8me-moutarde16.jpg 1024w, http:\/\/recettes-gourmandes-de-joce.fr\/wp-content\/uploads\/2024\/04\/poulet-cre8me-moutarde16-768x576.jpg 768w, http:\/\/recettes-gourmandes-de-joce.fr\/wp-content\/uploads\/2024\/04\/poulet-cre8me-moutarde16-750x563.jpg 750w\" sizes=\"auto, (max-width: 227px) 100vw, 227px\" \/><\/p>\n<p style=\"text-align: center;\"><span style=\"color: #008000; font-family: georgia, palatino, serif; font-size: 14pt;\"><em>Lorsqu&rsquo;ils changent de couleur, ajouter les herbes aromatiques, le fond de volaille et m\u00e9langer, ajouter 300 ml d&rsquo;eau m\u00e9langer ajouter le poulet et le jus qu&rsquo;il aura rendu, couvrir et laisser cuire environ 40 minutes \u00e0 feu doux selon la grosseur des morceaux. Lorsque le poulet est cuit, enlever les morceaux et les mettre sur le plat de service.<\/em><\/span><\/p>\n<p style=\"text-align: center;\"><img loading=\"lazy\" decoding=\"async\" class=\"alignnone wp-image-71985\" src=\"http:\/\/recettes-gourmandes-de-joce.fr\/wp-content\/uploads\/2024\/04\/poulet-cre8me-moutarde18.jpg\" alt=\"\" width=\"237\" height=\"170\" srcset=\"http:\/\/recettes-gourmandes-de-joce.fr\/wp-content\/uploads\/2024\/04\/poulet-cre8me-moutarde18.jpg 1024w, http:\/\/recettes-gourmandes-de-joce.fr\/wp-content\/uploads\/2024\/04\/poulet-cre8me-moutarde18-768x550.jpg 768w, http:\/\/recettes-gourmandes-de-joce.fr\/wp-content\/uploads\/2024\/04\/poulet-cre8me-moutarde18-750x537.jpg 750w\" sizes=\"auto, (max-width: 237px) 100vw, 237px\" \/> <img loading=\"lazy\" decoding=\"async\" class=\"alignnone wp-image-71986\" src=\"http:\/\/recettes-gourmandes-de-joce.fr\/wp-content\/uploads\/2024\/04\/poulet-cre8me-moutarde19.jpg\" alt=\"\" width=\"227\" height=\"170\" srcset=\"http:\/\/recettes-gourmandes-de-joce.fr\/wp-content\/uploads\/2024\/04\/poulet-cre8me-moutarde19.jpg 1024w, http:\/\/recettes-gourmandes-de-joce.fr\/wp-content\/uploads\/2024\/04\/poulet-cre8me-moutarde19-768x576.jpg 768w, http:\/\/recettes-gourmandes-de-joce.fr\/wp-content\/uploads\/2024\/04\/poulet-cre8me-moutarde19-750x563.jpg 750w\" sizes=\"auto, (max-width: 227px) 100vw, 227px\" \/> <img loading=\"lazy\" decoding=\"async\" class=\"alignnone wp-image-71984\" src=\"http:\/\/recettes-gourmandes-de-joce.fr\/wp-content\/uploads\/2024\/04\/poulet-cre8me-moutarde17.jpg\" alt=\"\" width=\"227\" height=\"170\" srcset=\"http:\/\/recettes-gourmandes-de-joce.fr\/wp-content\/uploads\/2024\/04\/poulet-cre8me-moutarde17.jpg 1024w, http:\/\/recettes-gourmandes-de-joce.fr\/wp-content\/uploads\/2024\/04\/poulet-cre8me-moutarde17-768x576.jpg 768w, http:\/\/recettes-gourmandes-de-joce.fr\/wp-content\/uploads\/2024\/04\/poulet-cre8me-moutarde17-750x563.jpg 750w\" sizes=\"auto, (max-width: 227px) 100vw, 227px\" \/><\/p>\n<p style=\"text-align: center;\"><span style=\"color: #008000; font-family: georgia, palatino, serif; font-size: 14pt;\"><em>M\u00e9langer la cr\u00e8me \u00e0 la ciboulette avec la moutarde,\u00a0<\/em><\/span><em style=\"color: #008000; font-family: georgia, palatino, serif; font-size: 18.6667px;\">la <\/em><em style=\"color: #008000; font-family: georgia, palatino, serif; font-size: 14pt;\">verser dans la sauce et bien m\u00e9langer.<\/em><\/p>\n<p style=\"text-align: center;\"><img loading=\"lazy\" decoding=\"async\" class=\"alignnone wp-image-71987\" src=\"http:\/\/recettes-gourmandes-de-joce.fr\/wp-content\/uploads\/2024\/04\/poulet-cre8me-moutarde20.jpg\" alt=\"\" width=\"227\" height=\"170\" srcset=\"http:\/\/recettes-gourmandes-de-joce.fr\/wp-content\/uploads\/2024\/04\/poulet-cre8me-moutarde20.jpg 1024w, http:\/\/recettes-gourmandes-de-joce.fr\/wp-content\/uploads\/2024\/04\/poulet-cre8me-moutarde20-768x576.jpg 768w, http:\/\/recettes-gourmandes-de-joce.fr\/wp-content\/uploads\/2024\/04\/poulet-cre8me-moutarde20-750x563.jpg 750w\" sizes=\"auto, (max-width: 227px) 100vw, 227px\" \/><\/p>\n<p style=\"text-align: center;\"><span style=\"color: #008000; font-family: georgia, palatino, serif; font-size: 14pt;\"><em>Verser la sauce sur les morceaux de poulet et servir imm\u00e9diatement.<\/em><\/span><\/p>\n<p style=\"text-align: center;\"><span style=\"color: #008000; font-family: georgia, palatino, serif; font-size: 14pt;\"><em>Bon app\u00e9tit!<\/em><\/span><\/p>\n<p style=\"text-align: center;\"><img loading=\"lazy\" decoding=\"async\" class=\"alignnone wp-image-71988\" src=\"http:\/\/recettes-gourmandes-de-joce.fr\/wp-content\/uploads\/2024\/04\/poulet-cre8me-moutarde21.jpg\" alt=\"\" width=\"256\" height=\"180\" srcset=\"http:\/\/recettes-gourmandes-de-joce.fr\/wp-content\/uploads\/2024\/04\/poulet-cre8me-moutarde21.jpg 1024w, http:\/\/recettes-gourmandes-de-joce.fr\/wp-content\/uploads\/2024\/04\/poulet-cre8me-moutarde21-768x539.jpg 768w, http:\/\/recettes-gourmandes-de-joce.fr\/wp-content\/uploads\/2024\/04\/poulet-cre8me-moutarde21-750x527.jpg 750w\" sizes=\"auto, (max-width: 256px) 100vw, 256px\" \/> <img loading=\"lazy\" decoding=\"async\" class=\"alignnone wp-image-71990\" src=\"http:\/\/recettes-gourmandes-de-joce.fr\/wp-content\/uploads\/2024\/04\/poulet-cre8me-moutarde23.jpg\" alt=\"\" width=\"269\" height=\"180\" srcset=\"http:\/\/recettes-gourmandes-de-joce.fr\/wp-content\/uploads\/2024\/04\/poulet-cre8me-moutarde23.jpg 1024w, http:\/\/recettes-gourmandes-de-joce.fr\/wp-content\/uploads\/2024\/04\/poulet-cre8me-moutarde23-768x513.jpg 768w, http:\/\/recettes-gourmandes-de-joce.fr\/wp-content\/uploads\/2024\/04\/poulet-cre8me-moutarde23-750x501.jpg 750w\" sizes=\"auto, (max-width: 269px) 100vw, 269px\" \/> <img loading=\"lazy\" decoding=\"async\" class=\"alignnone wp-image-71989\" src=\"http:\/\/recettes-gourmandes-de-joce.fr\/wp-content\/uploads\/2024\/04\/poulet-cre8me-moutarde22.jpg\" alt=\"\" width=\"266\" height=\"180\" srcset=\"http:\/\/recettes-gourmandes-de-joce.fr\/wp-content\/uploads\/2024\/04\/poulet-cre8me-moutarde22.jpg 1024w, http:\/\/recettes-gourmandes-de-joce.fr\/wp-content\/uploads\/2024\/04\/poulet-cre8me-moutarde22-768x520.jpg 768w, http:\/\/recettes-gourmandes-de-joce.fr\/wp-content\/uploads\/2024\/04\/poulet-cre8me-moutarde22-750x508.jpg 750w\" sizes=\"auto, (max-width: 266px) 100vw, 266px\" \/><\/p>\n<p style=\"text-align: center;\"><img loading=\"lazy\" decoding=\"async\" class=\"alignnone size-full wp-image-59803\" src=\"http:\/\/recettes-gourmandes-de-joce.fr\/wp-content\/uploads\/2024\/01\/logitech-gaming-software-14112014-121223.jpg\" alt=\"\" width=\"640\" height=\"144\" \/><\/p>\n","protected":false},"excerpt":{"rendered":"<p>Une de mes recettes Ingr\u00e9dients pour 5 personnes 5 cuisses de poulet 100 g de lardons fum\u00e9e 2 c \u00e0 s de moutarde forte 1 oignon 4 gousses d&rsquo;ail 2 feuilles de sauge 1 branche de romarin 1 branche de sarriette 4 c \u00e0 s de cr\u00e8me fra\u00eeche 1 petit bouquet de\u00a0ciboulette 2 c \u00e0 &hellip; <\/p>\n<p><a class=\"more-link btn\" href=\"http:\/\/recettes-gourmandes-de-joce.fr\/index.php\/index\/viandes\/volailles\/poulet-poule-poularde-coq-coquelet\/cuisses-de-poulet-sauce-cremee-a-la-ciboulette-et-moutarde\/\">Lire la suite<\/a><\/p>\n","protected":false},"author":2,"featured_media":71988,"parent":99760,"menu_order":0,"comment_status":"open","ping_status":"closed","template":"","meta":{"footnotes":""},"class_list":["post-1974","page","type-page","status-publish","has-post-thumbnail","hentry","nodate","item-wrap"],"_links":{"self":[{"href":"http:\/\/recettes-gourmandes-de-joce.fr\/index.php\/wp-json\/wp\/v2\/pages\/1974","targetHints":{"allow":["GET"]}}],"collection":[{"href":"http:\/\/recettes-gourmandes-de-joce.fr\/index.php\/wp-json\/wp\/v2\/pages"}],"about":[{"href":"http:\/\/recettes-gourmandes-de-joce.fr\/index.php\/wp-json\/wp\/v2\/types\/page"}],"author":[{"embeddable":true,"href":"http:\/\/recettes-gourmandes-de-joce.fr\/index.php\/wp-json\/wp\/v2\/users\/2"}],"replies":[{"embeddable":true,"href":"http:\/\/recettes-gourmandes-de-joce.fr\/index.php\/wp-json\/wp\/v2\/comments?post=1974"}],"version-history":[{"count":6,"href":"http:\/\/recettes-gourmandes-de-joce.fr\/index.php\/wp-json\/wp\/v2\/pages\/1974\/revisions"}],"predecessor-version":[{"id":88618,"href":"http:\/\/recettes-gourmandes-de-joce.fr\/index.php\/wp-json\/wp\/v2\/pages\/1974\/revisions\/88618"}],"up":[{"embeddable":true,"href":"http:\/\/recettes-gourmandes-de-joce.fr\/index.php\/wp-json\/wp\/v2\/pages\/99760"}],"wp:featuredmedia":[{"embeddable":true,"href":"http:\/\/recettes-gourmandes-de-joce.fr\/index.php\/wp-json\/wp\/v2\/media\/71988"}],"wp:attachment":[{"href":"http:\/\/recettes-gourmandes-de-joce.fr\/index.php\/wp-json\/wp\/v2\/media?parent=1974"}],"curies":[{"name":"wp","href":"https:\/\/api.w.org\/{rel}","templated":true}]}}