{"id":19465,"date":"2020-03-30T16:57:11","date_gmt":"2020-03-30T16:57:11","guid":{"rendered":"http:\/\/recettes-gourmandes-de-joce.fr\/?page_id=19465"},"modified":"2024-07-14T22:17:36","modified_gmt":"2024-07-14T22:17:36","slug":"mes-recettes-publiees-dans-le-magazine-de-cuisine-sud-ouest-gourmand","status":"publish","type":"page","link":"http:\/\/recettes-gourmandes-de-joce.fr\/index.php\/index-divers\/mes-recettes-publiees-dans-le-magazine-de-cuisine-sud-ouest-gourmand\/","title":{"rendered":"Mes recettes publi\u00e9es dans le magazine de cuisine \u00ab\u00a0Sud-Ouest Gourmand\u00a0\u00bb."},"content":{"rendered":"<p style=\"text-align: center;\"><span style=\"font-family: georgia, palatino, serif; font-size: 14pt; color: #0000ff;\"><em>Bonjour,\u00a0<\/em><\/span><\/p>\n<p style=\"text-align: center;\"><span style=\"font-family: georgia, palatino, serif; font-size: 14pt; color: #0000ff;\"><em>Apr\u00e8s avoir \u00e9t\u00e9 contact\u00e9e par une journaliste de Sud-Ouest Gourmand \u00ab\u00a0Ludivine\u00a0\u00bb , J&rsquo;ai r\u00e9alis\u00e9 sur un th\u00e8me donn\u00e9 \u00a0\u00bb La carotte\u00a0\u00bb 5 recettes.<\/em><\/span><\/p>\n<p style=\"text-align: center;\"><img loading=\"lazy\" decoding=\"async\" class=\"alignnone wp-image-19470\" src=\"http:\/\/recettes-gourmandes-de-joce.fr\/wp-content\/uploads\/2020\/03\/87027730_10216650770407707_4932663106439479296_n-150x150.jpg\" alt=\"\" width=\"333\" height=\"250\" srcset=\"http:\/\/recettes-gourmandes-de-joce.fr\/wp-content\/uploads\/2020\/03\/87027730_10216650770407707_4932663106439479296_n-300x225.jpg 300w, http:\/\/recettes-gourmandes-de-joce.fr\/wp-content\/uploads\/2020\/03\/87027730_10216650770407707_4932663106439479296_n-768x576.jpg 768w, http:\/\/recettes-gourmandes-de-joce.fr\/wp-content\/uploads\/2020\/03\/87027730_10216650770407707_4932663106439479296_n.jpg 960w\" sizes=\"auto, (max-width: 333px) 100vw, 333px\" \/> <img loading=\"lazy\" decoding=\"async\" class=\"alignnone wp-image-19471\" src=\"http:\/\/recettes-gourmandes-de-joce.fr\/wp-content\/uploads\/2020\/03\/87703341_10216650771047723_863097472250019840_n-150x150.jpg\" alt=\"\" width=\"188\" height=\"250\" srcset=\"http:\/\/recettes-gourmandes-de-joce.fr\/wp-content\/uploads\/2020\/03\/87703341_10216650771047723_863097472250019840_n-225x300.jpg 225w, http:\/\/recettes-gourmandes-de-joce.fr\/wp-content\/uploads\/2020\/03\/87703341_10216650771047723_863097472250019840_n.jpg 720w\" sizes=\"auto, (max-width: 188px) 100vw, 188px\" \/><\/p>\n<p style=\"text-align: center;\"><span style=\"font-family: georgia, palatino, serif; font-size: 14pt; color: #0000ff;\"><em> Une s\u00e9ance photos\u00a0<\/em><\/span><em style=\"color: #0000ff; font-family: georgia, palatino, serif; font-size: 18.6667px;\">de mes plats <\/em><em style=\"color: #0000ff; font-family: georgia, palatino, serif; font-size: 14pt;\">s&rsquo;en est suivie \u00e0 la maison. Voici les recettes mises en sc\u00e8ne dans le magazine.<\/em><\/p>\n<p style=\"text-align: center;\"><img loading=\"lazy\" decoding=\"async\" class=\"alignnone wp-image-19469\" src=\"http:\/\/recettes-gourmandes-de-joce.fr\/wp-content\/uploads\/2020\/03\/84243484_10216650772447758_6109925242979745792_n-1-150x150.jpg\" alt=\"\" width=\"192\" height=\"250\" srcset=\"http:\/\/recettes-gourmandes-de-joce.fr\/wp-content\/uploads\/2020\/03\/84243484_10216650772447758_6109925242979745792_n-1-230x300.jpg 230w, http:\/\/recettes-gourmandes-de-joce.fr\/wp-content\/uploads\/2020\/03\/84243484_10216650772447758_6109925242979745792_n-1.jpg 716w\" sizes=\"auto, (max-width: 192px) 100vw, 192px\" \/> <img loading=\"lazy\" decoding=\"async\" class=\"alignnone wp-image-19468\" src=\"http:\/\/recettes-gourmandes-de-joce.fr\/wp-content\/uploads\/2020\/03\/89622277_10216650771647738_6526577185686290432_n-150x150.jpg\" alt=\"\" width=\"188\" height=\"250\" srcset=\"http:\/\/recettes-gourmandes-de-joce.fr\/wp-content\/uploads\/2020\/03\/89622277_10216650771647738_6526577185686290432_n-225x300.jpg 225w, http:\/\/recettes-gourmandes-de-joce.fr\/wp-content\/uploads\/2020\/03\/89622277_10216650771647738_6526577185686290432_n.jpg 720w\" sizes=\"auto, (max-width: 188px) 100vw, 188px\" \/> <img loading=\"lazy\" decoding=\"async\" class=\"alignnone wp-image-19467\" src=\"http:\/\/recettes-gourmandes-de-joce.fr\/wp-content\/uploads\/2020\/03\/89163116_10216650773647788_4792117663251824640_n-150x150.jpg\" alt=\"\" width=\"188\" height=\"250\" srcset=\"http:\/\/recettes-gourmandes-de-joce.fr\/wp-content\/uploads\/2020\/03\/89163116_10216650773647788_4792117663251824640_n-225x300.jpg 225w, http:\/\/recettes-gourmandes-de-joce.fr\/wp-content\/uploads\/2020\/03\/89163116_10216650773647788_4792117663251824640_n.jpg 720w\" sizes=\"auto, (max-width: 188px) 100vw, 188px\" \/><\/p>\n<p style=\"text-align: center;\"><em style=\"color: #0000ff; font-family: georgia, palatino, serif; font-size: 14pt;\">Magazine Sud-ouest gourmand paru le\u00a0 2 Mars 2020 et toujours disponible en kiosque, librairie ou grandes surfaces.<\/em><\/p>\n<p style=\"text-align: center;\"><img loading=\"lazy\" decoding=\"async\" class=\"alignnone wp-image-19466\" src=\"http:\/\/recettes-gourmandes-de-joce.fr\/wp-content\/uploads\/2020\/03\/87843512_10216650769887694_1462663881590571008_n-150x150.jpg\" alt=\"\" width=\"266\" height=\"250\" srcset=\"http:\/\/recettes-gourmandes-de-joce.fr\/wp-content\/uploads\/2020\/03\/87843512_10216650769887694_1462663881590571008_n-300x282.jpg 300w, http:\/\/recettes-gourmandes-de-joce.fr\/wp-content\/uploads\/2020\/03\/87843512_10216650769887694_1462663881590571008_n.jpg 745w\" sizes=\"auto, (max-width: 266px) 100vw, 266px\" \/><\/p>\n<p style=\"text-align: center;\"><span style=\"font-family: georgia, palatino, serif; font-size: 14pt; color: #0000ff;\"><em>Merci \u00e0 Ludivine la journaliste, Christopher pour m&rsquo;avoir rep\u00e9r\u00e9 \ud83d\ude09 et au photographe pour ces belles prises de vue!<\/em><\/span><\/p>\n<p style=\"text-align: center;\"><span style=\"font-family: georgia, palatino, serif; font-size: 14pt; color: #0000ff;\"><em> Merci \u00e0 tous pour cette aventure sympa \u00e0 refaire si cela se repr\u00e9sente!<\/em><\/span><\/p>\n<p style=\"text-align: center;\"><img loading=\"lazy\" decoding=\"async\" class=\"alignnone size-full wp-image-59803\" src=\"http:\/\/recettes-gourmandes-de-joce.fr\/wp-content\/uploads\/2024\/01\/logitech-gaming-software-14112014-121223.jpg\" alt=\"\" width=\"640\" height=\"144\" \/><\/p>\n","protected":false},"excerpt":{"rendered":"<p>Bonjour,\u00a0 Apr\u00e8s avoir \u00e9t\u00e9 contact\u00e9e par une journaliste de Sud-Ouest Gourmand \u00ab\u00a0Ludivine\u00a0\u00bb , J&rsquo;ai r\u00e9alis\u00e9 sur un th\u00e8me donn\u00e9 \u00a0\u00bb La carotte\u00a0\u00bb 5 recettes. Une s\u00e9ance photos\u00a0de mes plats s&rsquo;en est suivie \u00e0 la maison. Voici les recettes mises en sc\u00e8ne dans le magazine. Magazine Sud-ouest gourmand paru le\u00a0 2 Mars 2020 et toujours disponible &hellip; <\/p>\n<p><a class=\"more-link btn\" href=\"http:\/\/recettes-gourmandes-de-joce.fr\/index.php\/index-divers\/mes-recettes-publiees-dans-le-magazine-de-cuisine-sud-ouest-gourmand\/\">Lire la suite<\/a><\/p>\n","protected":false},"author":2,"featured_media":87715,"parent":757,"menu_order":0,"comment_status":"open","ping_status":"closed","template":"","meta":{"footnotes":""},"class_list":["post-19465","page","type-page","status-publish","has-post-thumbnail","hentry","nodate","item-wrap"],"_links":{"self":[{"href":"http:\/\/recettes-gourmandes-de-joce.fr\/index.php\/wp-json\/wp\/v2\/pages\/19465","targetHints":{"allow":["GET"]}}],"collection":[{"href":"http:\/\/recettes-gourmandes-de-joce.fr\/index.php\/wp-json\/wp\/v2\/pages"}],"about":[{"href":"http:\/\/recettes-gourmandes-de-joce.fr\/index.php\/wp-json\/wp\/v2\/types\/page"}],"author":[{"embeddable":true,"href":"http:\/\/recettes-gourmandes-de-joce.fr\/index.php\/wp-json\/wp\/v2\/users\/2"}],"replies":[{"embeddable":true,"href":"http:\/\/recettes-gourmandes-de-joce.fr\/index.php\/wp-json\/wp\/v2\/comments?post=19465"}],"version-history":[{"count":2,"href":"http:\/\/recettes-gourmandes-de-joce.fr\/index.php\/wp-json\/wp\/v2\/pages\/19465\/revisions"}],"predecessor-version":[{"id":87716,"href":"http:\/\/recettes-gourmandes-de-joce.fr\/index.php\/wp-json\/wp\/v2\/pages\/19465\/revisions\/87716"}],"up":[{"embeddable":true,"href":"http:\/\/recettes-gourmandes-de-joce.fr\/index.php\/wp-json\/wp\/v2\/pages\/757"}],"wp:featuredmedia":[{"embeddable":true,"href":"http:\/\/recettes-gourmandes-de-joce.fr\/index.php\/wp-json\/wp\/v2\/media\/87715"}],"wp:attachment":[{"href":"http:\/\/recettes-gourmandes-de-joce.fr\/index.php\/wp-json\/wp\/v2\/media?parent=19465"}],"curies":[{"name":"wp","href":"https:\/\/api.w.org\/{rel}","templated":true}]}}