{"id":1933,"date":"2019-09-30T16:33:55","date_gmt":"2019-09-30T16:33:55","guid":{"rendered":"http:\/\/recettes-gourmandes-de-joce.fr\/?page_id=1933"},"modified":"2026-03-15T00:43:05","modified_gmt":"2026-03-15T00:43:05","slug":"cuisses-de-poulet-aux-deux-moutardes-et-aux-tomates","status":"publish","type":"page","link":"http:\/\/recettes-gourmandes-de-joce.fr\/index.php\/index\/viandes\/volailles\/poulet-poule-poularde-coq-coquelet\/cuisses-de-poulet-aux-deux-moutardes-et-aux-tomates\/","title":{"rendered":"Cuisses de poulet aux deux moutardes et aux tomates."},"content":{"rendered":"<p style=\"text-align: center;\"><span style=\"color: #ff6666;\"><span style=\"font-size: 24px;\"><span style=\"font-family: georgia,serif;\"><u><em>Une de mes recettes<\/em><\/u><\/span><\/span><\/span><\/p>\n<p style=\"text-align: center;\"><span style=\"font-size: 14pt;\"><span style=\"font-family: georgia,serif;\"><span style=\"color: #ff6666;\"><img loading=\"lazy\" decoding=\"async\" class=\"alignnone wp-image-72186\" src=\"http:\/\/recettes-gourmandes-de-joce.fr\/wp-content\/uploads\/2024\/04\/poulet-deux-moutardes3.jpg\" alt=\"\" width=\"270\" height=\"180\" \/>\u00a0<img loading=\"lazy\" decoding=\"async\" class=\"alignnone wp-image-72184\" src=\"http:\/\/recettes-gourmandes-de-joce.fr\/wp-content\/uploads\/2024\/04\/poulet-deux-moutardes1.jpg\" alt=\"\" width=\"270\" height=\"180\" \/><img loading=\"lazy\" decoding=\"async\" class=\"alignnone wp-image-72185\" src=\"http:\/\/recettes-gourmandes-de-joce.fr\/wp-content\/uploads\/2024\/04\/poulet-deux-moutardes2.jpg\" alt=\"\" width=\"270\" height=\"180\" \/><\/span><\/span><\/span><\/p>\n<p style=\"text-align: center;\"><span style=\"color: #ff6666; font-size: 18pt;\"><span style=\"font-family: georgia,serif;\"><u><em>Ingr\u00e9dients pour 4 personnes<\/em><\/u><\/span><\/span><\/p>\n<p style=\"text-align: center;\"><img loading=\"lazy\" decoding=\"async\" class=\"alignnone wp-image-72187\" src=\"http:\/\/recettes-gourmandes-de-joce.fr\/wp-content\/uploads\/2024\/04\/poulet-deux-moutardes4.jpg\" alt=\"\" width=\"275\" height=\"200\" \/><\/p>\n<p style=\"text-align: center;\"><span style=\"color: #ff6666; font-size: 14pt;\"><em><span style=\"font-family: georgia,serif;\">4 cuisses de poulet<\/span><\/em><\/span><\/p>\n<p style=\"text-align: center;\"><span style=\"color: #ff6666; font-size: 14pt;\"><em><span style=\"font-family: georgia,serif;\">\u00bd barquette de tomates cerise<\/span><\/em><\/span><\/p>\n<p style=\"text-align: center;\"><span style=\"color: #ff6666; font-size: 14pt;\"><em><span style=\"font-family: georgia,serif;\">\u00bd brique de cr\u00e8me liquide<\/span><\/em><\/span><\/p>\n<p style=\"text-align: center;\"><span style=\"color: #ff6666; font-size: 14pt;\"><em><span style=\"font-family: georgia,serif;\">1 c \u00e0 s de moutarde forte<\/span><\/em><\/span><\/p>\n<p style=\"text-align: center;\"><span style=\"color: #ff6666; font-size: 14pt;\"><em><span style=\"font-family: georgia,serif;\">1 c \u00e0 s de moutarde \u00e0 l&rsquo;ancienne<\/span><\/em><\/span><\/p>\n<p style=\"text-align: center;\"><span style=\"color: #ff6666; font-size: 14pt;\"><em><span style=\"font-family: georgia,serif;\">3 gousses d&rsquo;ail<\/span><\/em><\/span><\/p>\n<p style=\"text-align: center;\"><span style=\"color: #ff6666; font-size: 14pt;\"><em><span style=\"font-family: georgia,serif;\">1 feuille de laurier<\/span><\/em><\/span><\/p>\n<p style=\"text-align: center;\"><span style=\"color: #ff6666; font-size: 14pt;\"><em><span style=\"font-family: georgia,serif;\">1 belle branche de thym frais<\/span><\/em><\/span><\/p>\n<p style=\"text-align: center;\"><span style=\"color: #ff6666; font-size: 14pt;\"><em><span style=\"font-family: georgia,serif;\">1 branche de romarin<\/span><\/em><\/span><\/p>\n<p style=\"text-align: center;\"><span style=\"color: #ff6666; font-size: 14pt;\"><em><span style=\"font-family: georgia,serif;\">1 petit bouquet de persil plat<\/span><\/em><\/span><\/p>\n<p style=\"text-align: center;\"><span style=\"color: #ff6666; font-size: 14pt;\"><em><span style=\"font-family: georgia,serif;\">2 c \u00e0 s de fond de volaille<\/span><\/em><\/span><\/p>\n<p style=\"text-align: center;\"><span style=\"color: #ff6666; font-size: 14pt;\"><em><span style=\"font-family: georgia,serif;\">Huile d&rsquo;olive<\/span><\/em><\/span><\/p>\n<p style=\"text-align: center;\"><span style=\"color: #ff6666; font-size: 14pt;\"><em><span style=\"font-family: georgia,serif;\">Sel et poivre<\/span><\/em><\/span><\/p>\n<p style=\"text-align: center;\"><span style=\"color: #ff6666; font-size: 14pt;\"><span style=\"font-family: georgia,serif;\"><em>D&rsquo;autres recettes de volailles sur ces liens\u00a0<\/em><\/span><\/span><\/p>\n<p style=\"text-align: center;\"><img loading=\"lazy\" decoding=\"async\" class=\"alignnone wp-image-72188\" src=\"http:\/\/recettes-gourmandes-de-joce.fr\/wp-content\/uploads\/2024\/04\/poulet-deux-moutardes5.jpg\" alt=\"\" width=\"255\" height=\"170\" \/> <img loading=\"lazy\" decoding=\"async\" class=\"alignnone wp-image-72189\" src=\"http:\/\/recettes-gourmandes-de-joce.fr\/wp-content\/uploads\/2024\/04\/poulet-deux-moutardes6.jpg\" alt=\"\" width=\"210\" height=\"170\" \/> <img loading=\"lazy\" decoding=\"async\" class=\"alignnone wp-image-72190\" src=\"http:\/\/recettes-gourmandes-de-joce.fr\/wp-content\/uploads\/2024\/04\/poulet-deux-moutardes7.jpg\" alt=\"\" width=\"237\" height=\"170\" \/><\/p>\n<p style=\"text-align: center;\"><span style=\"color: #ff6666; font-size: 14pt;\"><em><span style=\"font-family: georgia,serif;\">Laver et couper les tomates en deux, peler, d\u00e9germer et \u00e9mincer les gousses d&rsquo;ail, laver et ciseler le persil. Dissoudre le fond de volaille dans 200 ml d&rsquo;eau chaude. M\u00e9langer la cr\u00e8me avec les deux moutardes.<\/span><\/em><\/span><\/p>\n<p style=\"text-align: center;\"><img loading=\"lazy\" decoding=\"async\" class=\"alignnone wp-image-72191\" src=\"http:\/\/recettes-gourmandes-de-joce.fr\/wp-content\/uploads\/2024\/04\/poulet-deux-moutardes8.jpg\" alt=\"\" width=\"230\" height=\"170\" \/> <img loading=\"lazy\" decoding=\"async\" class=\"alignnone wp-image-72192\" src=\"http:\/\/recettes-gourmandes-de-joce.fr\/wp-content\/uploads\/2024\/04\/poulet-deux-moutardes9.jpg\" alt=\"\" width=\"255\" height=\"170\" \/> <img loading=\"lazy\" decoding=\"async\" class=\"alignnone wp-image-72193\" src=\"http:\/\/recettes-gourmandes-de-joce.fr\/wp-content\/uploads\/2024\/04\/poulet-deux-moutardes10.jpg\" alt=\"\" width=\"235\" height=\"170\" \/><\/p>\n<p style=\"text-align: center;\"><span style=\"color: #ff6666; font-size: 14pt;\"><em><span style=\"font-family: georgia,serif;\">Dans une sauteuse, mettre un filet d&rsquo;huile d&rsquo;olive et y faire dorer les cuisses de poulet sal\u00e9es et poivr\u00e9es sur les deux faces, ajouter ensuite l&rsquo;ail et laisser suer quelques secondes. Ajouter les herbes aromatiques lav\u00e9es, les tomates, le fond de volaille.<\/span><\/em><\/span><\/p>\n<p style=\"text-align: center;\"><img loading=\"lazy\" decoding=\"async\" class=\"alignnone wp-image-72194\" src=\"http:\/\/recettes-gourmandes-de-joce.fr\/wp-content\/uploads\/2024\/04\/poulet-deux-moutardes11.jpg\" alt=\"\" width=\"247\" height=\"165\" \/> <img loading=\"lazy\" decoding=\"async\" class=\"alignnone wp-image-72195\" src=\"http:\/\/recettes-gourmandes-de-joce.fr\/wp-content\/uploads\/2024\/04\/poulet-deux-moutardes12.jpg\" alt=\"\" width=\"247\" height=\"165\" \/> <img loading=\"lazy\" decoding=\"async\" class=\"alignnone wp-image-72196\" src=\"http:\/\/recettes-gourmandes-de-joce.fr\/wp-content\/uploads\/2024\/04\/poulet-deux-moutardes13.jpg\" alt=\"\" width=\"247\" height=\"165\" \/><\/p>\n<p style=\"text-align: center;\"><span style=\"color: #ff6666; font-size: 14pt;\"><em><span style=\"font-family: georgia,serif;\">M\u00e9langer. Ajouter le persil, et laisser mijoter environ 45 minutes selon la grosseur des cuisses de poulet surveiller la cuisson.<\/span><\/em><\/span><\/p>\n<p style=\"text-align: center;\"><img loading=\"lazy\" decoding=\"async\" class=\"alignnone wp-image-72197\" src=\"http:\/\/recettes-gourmandes-de-joce.fr\/wp-content\/uploads\/2024\/04\/poulet-deux-moutardes14.jpg\" alt=\"\" width=\"235\" height=\"170\" \/> <img loading=\"lazy\" decoding=\"async\" class=\"alignnone wp-image-72198\" src=\"http:\/\/recettes-gourmandes-de-joce.fr\/wp-content\/uploads\/2024\/04\/poulet-deux-moutardes15.jpg\" alt=\"\" width=\"252\" height=\"170\" \/> <img loading=\"lazy\" decoding=\"async\" class=\"alignnone wp-image-72199\" src=\"http:\/\/recettes-gourmandes-de-joce.fr\/wp-content\/uploads\/2024\/04\/poulet-deux-moutardes16.jpg\" alt=\"\" width=\"255\" height=\"170\" \/><\/p>\n<p style=\"text-align: center;\"><span style=\"color: #ff6666; font-size: 14pt;\"><em><span style=\"font-family: georgia,serif;\">Lorsque le poulet est cuit, d\u00e9barrasser les morceaux, dans le jus ajouter le m\u00e9lange cr\u00e8me\/moutardes.<\/span><\/em><\/span><\/p>\n<p style=\"text-align: center;\"><img loading=\"lazy\" decoding=\"async\" class=\"alignnone wp-image-72200\" src=\"http:\/\/recettes-gourmandes-de-joce.fr\/wp-content\/uploads\/2024\/04\/poulet-deux-moutardes17.jpg\" alt=\"\" width=\"255\" height=\"170\" \/> <img loading=\"lazy\" decoding=\"async\" class=\"alignnone wp-image-72201\" src=\"http:\/\/recettes-gourmandes-de-joce.fr\/wp-content\/uploads\/2024\/04\/poulet-deux-moutardes18.jpg\" alt=\"\" width=\"255\" height=\"170\" \/><\/p>\n<p style=\"text-align: center;\"><span style=\"color: #ff6666; font-size: 14pt;\"><em><span style=\"font-family: georgia,serif;\">Remuer, remettre le poulet et le laisser chauffer quelques instants. Servir avec par exemple du riz.<\/span><\/em><\/span><\/p>\n<p style=\"text-align: center;\"><span style=\"color: #ff6666; font-size: 14pt;\"><span style=\"font-family: georgia,serif;\"><em>Bon app\u00e9tit!<\/em><\/span><\/span><\/p>\n<p style=\"text-align: center;\"><img loading=\"lazy\" decoding=\"async\" class=\"alignnone wp-image-72203\" src=\"http:\/\/recettes-gourmandes-de-joce.fr\/wp-content\/uploads\/2024\/04\/poulet-deux-moutardes20.jpg\" alt=\"\" width=\"270\" height=\"180\" \/><\/p>\n<p style=\"text-align: center;\"><img loading=\"lazy\" decoding=\"async\" class=\"alignnone wp-image-72204\" src=\"http:\/\/recettes-gourmandes-de-joce.fr\/wp-content\/uploads\/2024\/04\/poulet-deux-moutardes21.jpg\" alt=\"\" width=\"270\" height=\"180\" \/>\u00a0<img loading=\"lazy\" decoding=\"async\" class=\"alignnone wp-image-72202\" src=\"http:\/\/recettes-gourmandes-de-joce.fr\/wp-content\/uploads\/2024\/04\/poulet-deux-moutardes19.jpg\" alt=\"\" width=\"270\" height=\"180\" \/><\/p>\n<p style=\"text-align: center;\"><img loading=\"lazy\" decoding=\"async\" class=\"alignnone size-full wp-image-59803\" src=\"http:\/\/recettes-gourmandes-de-joce.fr\/wp-content\/uploads\/2024\/01\/logitech-gaming-software-14112014-121223.jpg\" alt=\"\" width=\"640\" height=\"144\" \/><\/p>\n","protected":false},"excerpt":{"rendered":"<p>Une de mes recettes \u00a0 Ingr\u00e9dients pour 4 personnes 4 cuisses de poulet \u00bd barquette de tomates cerise \u00bd brique de cr\u00e8me liquide 1 c \u00e0 s de moutarde forte 1 c \u00e0 s de moutarde \u00e0 l&rsquo;ancienne 3 gousses d&rsquo;ail 1 feuille de laurier 1 belle branche de thym frais 1 branche de romarin &hellip; <\/p>\n<p><a class=\"more-link btn\" href=\"http:\/\/recettes-gourmandes-de-joce.fr\/index.php\/index\/viandes\/volailles\/poulet-poule-poularde-coq-coquelet\/cuisses-de-poulet-aux-deux-moutardes-et-aux-tomates\/\">Lire la suite<\/a><\/p>\n","protected":false},"author":2,"featured_media":72400,"parent":99760,"menu_order":0,"comment_status":"open","ping_status":"closed","template":"","meta":{"footnotes":""},"class_list":["post-1933","page","type-page","status-publish","has-post-thumbnail","hentry","nodate","item-wrap"],"_links":{"self":[{"href":"http:\/\/recettes-gourmandes-de-joce.fr\/index.php\/wp-json\/wp\/v2\/pages\/1933","targetHints":{"allow":["GET"]}}],"collection":[{"href":"http:\/\/recettes-gourmandes-de-joce.fr\/index.php\/wp-json\/wp\/v2\/pages"}],"about":[{"href":"http:\/\/recettes-gourmandes-de-joce.fr\/index.php\/wp-json\/wp\/v2\/types\/page"}],"author":[{"embeddable":true,"href":"http:\/\/recettes-gourmandes-de-joce.fr\/index.php\/wp-json\/wp\/v2\/users\/2"}],"replies":[{"embeddable":true,"href":"http:\/\/recettes-gourmandes-de-joce.fr\/index.php\/wp-json\/wp\/v2\/comments?post=1933"}],"version-history":[{"count":3,"href":"http:\/\/recettes-gourmandes-de-joce.fr\/index.php\/wp-json\/wp\/v2\/pages\/1933\/revisions"}],"predecessor-version":[{"id":72399,"href":"http:\/\/recettes-gourmandes-de-joce.fr\/index.php\/wp-json\/wp\/v2\/pages\/1933\/revisions\/72399"}],"up":[{"embeddable":true,"href":"http:\/\/recettes-gourmandes-de-joce.fr\/index.php\/wp-json\/wp\/v2\/pages\/99760"}],"wp:featuredmedia":[{"embeddable":true,"href":"http:\/\/recettes-gourmandes-de-joce.fr\/index.php\/wp-json\/wp\/v2\/media\/72400"}],"wp:attachment":[{"href":"http:\/\/recettes-gourmandes-de-joce.fr\/index.php\/wp-json\/wp\/v2\/media?parent=1933"}],"curies":[{"name":"wp","href":"https:\/\/api.w.org\/{rel}","templated":true}]}}