{"id":19184,"date":"2020-03-27T11:56:16","date_gmt":"2020-03-27T11:56:16","guid":{"rendered":"http:\/\/recettes-gourmandes-de-joce.fr\/?page_id=19184"},"modified":"2024-07-12T13:32:40","modified_gmt":"2024-07-12T13:32:40","slug":"iles-flottantes-a-la-vanille","status":"publish","type":"page","link":"http:\/\/recettes-gourmandes-de-joce.fr\/index.php\/index\/desserts\/cremes-mousses-flan\/iles-flottantes-a-la-vanille\/","title":{"rendered":"\u00celes flottantes \u00e0 la vanille."},"content":{"rendered":"<p style=\"text-align: center;\"><em style=\"color: #ff9900; font-family: georgia, serif; font-size: x-large;\"><span style=\"text-decoration: underline;\">Une de mes recettes<\/span><\/em><\/p>\n<p style=\"text-align: center;\"><strong><span style=\"font-family: georgia,serif;\"><img loading=\"lazy\" decoding=\"async\" class=\"alignnone wp-image-19198\" src=\"http:\/\/recettes-gourmandes-de-joce.fr\/wp-content\/uploads\/2020\/03\/p4060019-150x150.jpg\" alt=\"\" width=\"235\" height=\"180\" srcset=\"http:\/\/recettes-gourmandes-de-joce.fr\/wp-content\/uploads\/2020\/03\/p4060019-300x230.jpg 300w, http:\/\/recettes-gourmandes-de-joce.fr\/wp-content\/uploads\/2020\/03\/p4060019.jpg 724w\" sizes=\"auto, (max-width: 235px) 100vw, 235px\" \/> <img loading=\"lazy\" decoding=\"async\" class=\"alignnone wp-image-19202\" src=\"http:\/\/recettes-gourmandes-de-joce.fr\/wp-content\/uploads\/2020\/03\/p4060027-150x150.jpg\" alt=\"\" width=\"169\" height=\"180\" srcset=\"http:\/\/recettes-gourmandes-de-joce.fr\/wp-content\/uploads\/2020\/03\/p4060027-282x300.jpg 282w, http:\/\/recettes-gourmandes-de-joce.fr\/wp-content\/uploads\/2020\/03\/p4060027.jpg 564w\" sizes=\"auto, (max-width: 169px) 100vw, 169px\" \/> <img loading=\"lazy\" decoding=\"async\" class=\"alignnone wp-image-19200\" src=\"http:\/\/recettes-gourmandes-de-joce.fr\/wp-content\/uploads\/2020\/03\/p4060022-150x150.jpg\" alt=\"\" width=\"240\" height=\"180\" srcset=\"http:\/\/recettes-gourmandes-de-joce.fr\/wp-content\/uploads\/2020\/03\/p4060022-300x225.jpg 300w, http:\/\/recettes-gourmandes-de-joce.fr\/wp-content\/uploads\/2020\/03\/p4060022-768x576.jpg 768w, http:\/\/recettes-gourmandes-de-joce.fr\/wp-content\/uploads\/2020\/03\/p4060022.jpg 800w\" sizes=\"auto, (max-width: 240px) 100vw, 240px\" \/><br \/>\n<\/span><\/strong><\/p>\n<p style=\"text-align: center;\"><span style=\"font-family: georgia,serif;\"><span style=\"color: #ff9900; font-size: x-large;\"><em><span style=\"text-decoration: underline;\">Ingr\u00e9dients pour 4 personnes <\/span><\/em><\/span><\/span><\/p>\n<p style=\"text-align: center;\"><span style=\"font-family: georgia,serif;\"><img loading=\"lazy\" decoding=\"async\" class=\"alignnone wp-image-19203\" src=\"http:\/\/recettes-gourmandes-de-joce.fr\/wp-content\/uploads\/2020\/03\/p4060136-150x150.jpg\" alt=\"\" width=\"177\" height=\"200\" srcset=\"http:\/\/recettes-gourmandes-de-joce.fr\/wp-content\/uploads\/2020\/03\/p4060136-265x300.jpg 265w, http:\/\/recettes-gourmandes-de-joce.fr\/wp-content\/uploads\/2020\/03\/p4060136.jpg 498w\" sizes=\"auto, (max-width: 177px) 100vw, 177px\" \/><\/span><\/p>\n<p style=\"text-align: center;\"><span style=\"color: #ff9900; font-family: georgia, palatino, serif; font-size: 14pt;\"><em>600 ml de lait entier <\/em><\/span><\/p>\n<p style=\"text-align: center;\"><span style=\"font-family: georgia,serif;\"><span style=\"color: #ff9900;\"><em><span style=\"font-size: large;\">5 \u0153ufs <\/span><\/em><\/span><\/span><\/p>\n<p style=\"text-align: center;\"><span style=\"font-family: georgia,serif;\"><span style=\"color: #ff9900;\"><em><span style=\"font-size: large;\">2 c \u00e0 c rases de vanille liquide <\/span><\/em><\/span><\/span><\/p>\n<p style=\"text-align: center;\"><span style=\"font-family: georgia,serif;\"><span style=\"color: #ff9900;\"><em><span style=\"font-size: large;\">200 g de sucre <\/span><\/em><\/span><\/span><\/p>\n<p style=\"text-align: center;\"><span style=\"font-family: georgia,serif;\"><span style=\"color: #ff9900;\"><em><span style=\"font-size: large;\">100 g de sucre <\/span><\/em><\/span><\/span><\/p>\n<p style=\"text-align: center;\"><span style=\"color: #ff9900; text-decoration: underline; font-size: 18pt; font-family: georgia, palatino, serif;\"><em>Pour la d\u00e9co <\/em><\/span><\/p>\n<p style=\"text-align: center;\"><span style=\"font-family: georgia,serif;\"><span style=\"color: #ff9900;\"><em><span style=\"font-size: large;\">Noix de coco, caramel, sirop d&rsquo;\u00e9rable etc.<\/span><\/em><\/span><\/span><\/p>\n<p style=\"text-align: center;\"><span style=\"font-family: georgia,serif;\"><img loading=\"lazy\" decoding=\"async\" class=\"alignnone wp-image-19185\" src=\"http:\/\/recettes-gourmandes-de-joce.fr\/wp-content\/uploads\/2020\/03\/p4060140-150x150.jpg\" alt=\"\" width=\"219\" height=\"160\" srcset=\"http:\/\/recettes-gourmandes-de-joce.fr\/wp-content\/uploads\/2020\/03\/p4060140-300x219.jpg 300w, http:\/\/recettes-gourmandes-de-joce.fr\/wp-content\/uploads\/2020\/03\/p4060140.jpg 640w\" sizes=\"auto, (max-width: 219px) 100vw, 219px\" \/> <img loading=\"lazy\" decoding=\"async\" class=\"alignnone wp-image-19186\" src=\"http:\/\/recettes-gourmandes-de-joce.fr\/wp-content\/uploads\/2020\/03\/p4060142-150x150.jpg\" alt=\"\" width=\"269\" height=\"160\" srcset=\"http:\/\/recettes-gourmandes-de-joce.fr\/wp-content\/uploads\/2020\/03\/p4060142-300x178.jpg 300w, http:\/\/recettes-gourmandes-de-joce.fr\/wp-content\/uploads\/2020\/03\/p4060142-768x457.jpg 768w, http:\/\/recettes-gourmandes-de-joce.fr\/wp-content\/uploads\/2020\/03\/p4060142.jpg 777w\" sizes=\"auto, (max-width: 269px) 100vw, 269px\" \/> <img loading=\"lazy\" decoding=\"async\" class=\"alignnone wp-image-19187\" src=\"http:\/\/recettes-gourmandes-de-joce.fr\/wp-content\/uploads\/2020\/03\/p4060143-150x150.jpg\" alt=\"\" width=\"228\" height=\"160\" srcset=\"http:\/\/recettes-gourmandes-de-joce.fr\/wp-content\/uploads\/2020\/03\/p4060143-300x210.jpg 300w, http:\/\/recettes-gourmandes-de-joce.fr\/wp-content\/uploads\/2020\/03\/p4060143.jpg 640w\" sizes=\"auto, (max-width: 228px) 100vw, 228px\" \/><\/span><\/p>\n<p style=\"text-align: center;\"><span style=\"font-family: georgia,serif;\"><span style=\"color: #ff9900;\"><em><span style=\"font-size: large;\">Mettre le lait \u00e0 chauffer doucement avec la vanille liquide. <\/span><\/em><\/span><span style=\"color: #ff9900;\"><em><span style=\"font-size: large;\">Casser les \u0153ufs et s\u00e9parer les blancs des jaunes.<\/span><\/em><\/span><\/span><\/p>\n<p style=\"text-align: center;\"><img loading=\"lazy\" decoding=\"async\" class=\"alignnone wp-image-19188\" src=\"http:\/\/recettes-gourmandes-de-joce.fr\/wp-content\/uploads\/2020\/03\/p4060147-150x150.jpg\" alt=\"\" width=\"239\" height=\"160\" srcset=\"http:\/\/recettes-gourmandes-de-joce.fr\/wp-content\/uploads\/2020\/03\/p4060147-300x201.jpg 300w, http:\/\/recettes-gourmandes-de-joce.fr\/wp-content\/uploads\/2020\/03\/p4060147.jpg 720w\" sizes=\"auto, (max-width: 239px) 100vw, 239px\" \/> <img loading=\"lazy\" decoding=\"async\" class=\"alignnone wp-image-19189\" src=\"http:\/\/recettes-gourmandes-de-joce.fr\/wp-content\/uploads\/2020\/03\/p4060150-150x150.jpg\" alt=\"\" width=\"166\" height=\"160\" srcset=\"http:\/\/recettes-gourmandes-de-joce.fr\/wp-content\/uploads\/2020\/03\/p4060150-300x289.jpg 300w, http:\/\/recettes-gourmandes-de-joce.fr\/wp-content\/uploads\/2020\/03\/p4060150.jpg 450w\" sizes=\"auto, (max-width: 166px) 100vw, 166px\" \/> <img loading=\"lazy\" decoding=\"async\" class=\"alignnone wp-image-19190\" src=\"http:\/\/recettes-gourmandes-de-joce.fr\/wp-content\/uploads\/2020\/03\/p4060151-150x150.jpg\" alt=\"\" width=\"240\" height=\"160\" srcset=\"http:\/\/recettes-gourmandes-de-joce.fr\/wp-content\/uploads\/2020\/03\/p4060151-300x200.jpg 300w, http:\/\/recettes-gourmandes-de-joce.fr\/wp-content\/uploads\/2020\/03\/p4060151.jpg 720w\" sizes=\"auto, (max-width: 240px) 100vw, 240px\" \/><\/p>\n<p style=\"text-align: center;\"><span style=\"font-family: georgia,serif;\"><span style=\"color: #ff9900;\"><em><span style=\"font-size: large;\">Mettre les blancs dans le robot et les monter en neige <\/span><\/em><\/span><span style=\"color: #ff9900;\"><em><span style=\"font-size: large;\">en commen\u00e7ant \u00e0 petite vitesse. <\/span><\/em><\/span><span style=\"color: #ff9900;\"><em><span style=\"font-size: large;\">Augmenter la vitesse du robot et ajouter progressivement <\/span><\/em><\/span><span style=\"color: #ff9900;\"><em><span style=\"font-size: large;\">100 g de sucre, lorsque les blancs sont fermes et forme une <\/span><\/em><\/span><span style=\"color: #ff9900;\"><em><span style=\"font-size: large;\">pointe arr\u00eater le robot.<\/span><\/em><\/span><\/span><\/p>\n<p style=\"text-align: center;\"><span style=\"font-family: georgia,serif;\"><img loading=\"lazy\" decoding=\"async\" class=\"alignnone wp-image-19191\" src=\"http:\/\/recettes-gourmandes-de-joce.fr\/wp-content\/uploads\/2020\/03\/p4060157-150x150.jpg\" alt=\"\" width=\"213\" height=\"160\" srcset=\"http:\/\/recettes-gourmandes-de-joce.fr\/wp-content\/uploads\/2020\/03\/p4060157-300x225.jpg 300w, http:\/\/recettes-gourmandes-de-joce.fr\/wp-content\/uploads\/2020\/03\/p4060157-768x576.jpg 768w, http:\/\/recettes-gourmandes-de-joce.fr\/wp-content\/uploads\/2020\/03\/p4060157.jpg 800w\" sizes=\"auto, (max-width: 213px) 100vw, 213px\" \/> <img loading=\"lazy\" decoding=\"async\" class=\"alignnone wp-image-19192\" src=\"http:\/\/recettes-gourmandes-de-joce.fr\/wp-content\/uploads\/2020\/03\/p4060159-150x150.jpg\" alt=\"\" width=\"147\" height=\"160\" srcset=\"http:\/\/recettes-gourmandes-de-joce.fr\/wp-content\/uploads\/2020\/03\/p4060159-275x300.jpg 275w, http:\/\/recettes-gourmandes-de-joce.fr\/wp-content\/uploads\/2020\/03\/p4060159.jpg 445w\" sizes=\"auto, (max-width: 147px) 100vw, 147px\" \/><\/span><\/p>\n<p style=\"text-align: center;\"><span style=\"font-family: georgia,serif;\"><span style=\"color: #ff9900;\"><em><span style=\"font-size: large;\">Former des quenelles avec deux cuill\u00e8res \u00e0 soupe et d\u00e9poser <\/span><\/em><\/span><span style=\"color: #ff9900;\"><em><span style=\"font-size: large;\">en 4 dans le lait bien chaud. <\/span><\/em><\/span><span style=\"color: #ff9900;\"><em><span style=\"font-size: large;\">Laisser les cuire quelques instants en les retournant. <\/span><\/em><\/span><span style=\"color: #ff9900;\"><em><span style=\"font-size: large;\">Les d\u00e9poser dans un plat.\u00a0<\/span><\/em><\/span><\/span><\/p>\n<p style=\"text-align: center;\"><span style=\"font-family: georgia,serif;\"><img loading=\"lazy\" decoding=\"async\" class=\"alignnone wp-image-19193\" src=\"http:\/\/recettes-gourmandes-de-joce.fr\/wp-content\/uploads\/2020\/03\/p4060002-001-150x150.jpg\" alt=\"\" width=\"203\" height=\"160\" srcset=\"http:\/\/recettes-gourmandes-de-joce.fr\/wp-content\/uploads\/2020\/03\/p4060002-001-300x237.jpg 300w, http:\/\/recettes-gourmandes-de-joce.fr\/wp-content\/uploads\/2020\/03\/p4060002-001.jpg 761w\" sizes=\"auto, (max-width: 203px) 100vw, 203px\" \/> <img loading=\"lazy\" decoding=\"async\" class=\"alignnone wp-image-19194\" src=\"http:\/\/recettes-gourmandes-de-joce.fr\/wp-content\/uploads\/2020\/03\/p4060007-001-150x150.jpg\" alt=\"\" width=\"234\" height=\"160\" srcset=\"http:\/\/recettes-gourmandes-de-joce.fr\/wp-content\/uploads\/2020\/03\/p4060007-001-300x205.jpg 300w, http:\/\/recettes-gourmandes-de-joce.fr\/wp-content\/uploads\/2020\/03\/p4060007-001.jpg 766w\" sizes=\"auto, (max-width: 234px) 100vw, 234px\" \/> <img loading=\"lazy\" decoding=\"async\" class=\"alignnone wp-image-19195\" src=\"http:\/\/recettes-gourmandes-de-joce.fr\/wp-content\/uploads\/2020\/03\/p4060010-001-150x150.jpg\" alt=\"\" width=\"239\" height=\"160\" srcset=\"http:\/\/recettes-gourmandes-de-joce.fr\/wp-content\/uploads\/2020\/03\/p4060010-001-300x201.jpg 300w, http:\/\/recettes-gourmandes-de-joce.fr\/wp-content\/uploads\/2020\/03\/p4060010-001.jpg 704w\" sizes=\"auto, (max-width: 239px) 100vw, 239px\" \/><\/span><\/p>\n<p style=\"text-align: center;\"><span style=\"font-family: georgia,serif;\"><span style=\"color: #ff9900; text-decoration: underline;\"><em><span style=\"font-size: large;\">Pr\u00e9parer la cr\u00e8me anglaise<\/span><\/em><\/span><\/span><\/p>\n<p style=\"text-align: center;\"><span style=\"font-family: georgia,serif;\"><span style=\"color: #ff9900;\"><em><span style=\"font-size: large;\">Battre les jaunes avec 200<\/span><\/em><\/span><\/span><span style=\"font-family: georgia,serif;\"><span style=\"color: #ff9900;\"><em><span style=\"font-size: large;\">g de sucre pour les blanchir. <\/span><\/em><\/span><span style=\"color: #ff9900;\"><em><span style=\"font-size: large;\">Verser dessus ensuite le lait chaud qui a servi \u00e0 cuire les blancs<\/span><\/em><\/span><span style=\"color: #ff9900;\"><em><span style=\"font-size: large;\">, bien m\u00e9langer et remettre la pr\u00e9paration dans <\/span><\/em><\/span><span style=\"color: #ff9900;\"><em><span style=\"font-size: large;\">la casserole. <\/span><\/em><\/span><\/span><\/p>\n<p style=\"text-align: center;\"><img loading=\"lazy\" decoding=\"async\" class=\"alignnone wp-image-19196\" src=\"http:\/\/recettes-gourmandes-de-joce.fr\/wp-content\/uploads\/2020\/03\/p4060012-001-150x150.jpg\" alt=\"\" width=\"213\" height=\"160\" srcset=\"http:\/\/recettes-gourmandes-de-joce.fr\/wp-content\/uploads\/2020\/03\/p4060012-001-300x225.jpg 300w, http:\/\/recettes-gourmandes-de-joce.fr\/wp-content\/uploads\/2020\/03\/p4060012-001-768x576.jpg 768w, http:\/\/recettes-gourmandes-de-joce.fr\/wp-content\/uploads\/2020\/03\/p4060012-001.jpg 800w\" sizes=\"auto, (max-width: 213px) 100vw, 213px\" \/> <img loading=\"lazy\" decoding=\"async\" class=\"alignnone wp-image-19197\" src=\"http:\/\/recettes-gourmandes-de-joce.fr\/wp-content\/uploads\/2020\/03\/p4060014-150x150.jpg\" alt=\"\" width=\"134\" height=\"160\" srcset=\"http:\/\/recettes-gourmandes-de-joce.fr\/wp-content\/uploads\/2020\/03\/p4060014-251x300.jpg 251w, http:\/\/recettes-gourmandes-de-joce.fr\/wp-content\/uploads\/2020\/03\/p4060014.jpg 468w\" sizes=\"auto, (max-width: 134px) 100vw, 134px\" \/> <img loading=\"lazy\" decoding=\"async\" class=\"alignnone wp-image-19201\" src=\"http:\/\/recettes-gourmandes-de-joce.fr\/wp-content\/uploads\/2020\/03\/p4060024-150x150.jpg\" alt=\"\" width=\"161\" height=\"160\" srcset=\"http:\/\/recettes-gourmandes-de-joce.fr\/wp-content\/uploads\/2020\/03\/p4060024-150x150.jpg 150w, http:\/\/recettes-gourmandes-de-joce.fr\/wp-content\/uploads\/2020\/03\/p4060024-300x298.jpg 300w, http:\/\/recettes-gourmandes-de-joce.fr\/wp-content\/uploads\/2020\/03\/p4060024.jpg 551w\" sizes=\"auto, (max-width: 161px) 100vw, 161px\" \/><\/p>\n<p style=\"text-align: center;\"><span style=\"font-family: georgia,serif;\"><span style=\"color: #ff9900;\"><em><span style=\"font-size: large;\">laisser chauffer \u00e0 feux doux en surveillant <\/span><\/em><\/span><span style=\"color: #ff9900;\"><em><span style=\"font-size: large;\">que le m\u00e9lange ne boue pas d\u00e9s que la cr\u00e8me \u00e9paissie <\/span><\/em><\/span><span style=\"color: #ff9900;\"><em><span style=\"font-size: large;\">arr\u00eater la cuisson.<\/span><\/em><\/span><br \/>\n<span style=\"color: #ff9900;\"><em><span style=\"font-size: large;\">Laissez la refroidir, puis remplir au \u00be chaque coupe <\/span><\/em><\/span><span style=\"color: #ff9900;\"><em><span style=\"font-size: large;\">d\u00e9poser dessus deux blancs par coupe, d\u00e9corer de noix de <\/span><\/em><\/span><span style=\"color: #ff9900;\"><em><span style=\"font-size: large;\">coco, de caramel, de sucre de couleur etc&#8230;. <\/span><\/em><\/span><\/span><\/p>\n<p style=\"text-align: center;\"><span style=\"font-family: georgia,serif;\"><span style=\"color: #ff9900;\"><em><span style=\"font-size: large;\">Mettre au frais 1h. <\/span><\/em><\/span><span style=\"color: #ff9900;\"><em><span style=\"font-size: large;\">Servir accompagn\u00e9es de langues de chat, de cigarettes russes <\/span><\/em><\/span><span style=\"color: #ff9900;\"><em><span style=\"font-size: large;\">ou encore de tuiles aux amandes.<\/span><\/em><\/span><br \/>\n<span style=\"font-size: large;\"><em><span style=\"color: #ff9900;\">Bonne d\u00e9gustation!<\/span><\/em><\/span><\/span><\/p>\n<p style=\"text-align: center;\"><img loading=\"lazy\" decoding=\"async\" class=\"alignnone wp-image-19200\" src=\"http:\/\/recettes-gourmandes-de-joce.fr\/wp-content\/uploads\/2020\/03\/p4060022-150x150.jpg\" alt=\"\" width=\"240\" height=\"180\" srcset=\"http:\/\/recettes-gourmandes-de-joce.fr\/wp-content\/uploads\/2020\/03\/p4060022-300x225.jpg 300w, http:\/\/recettes-gourmandes-de-joce.fr\/wp-content\/uploads\/2020\/03\/p4060022-768x576.jpg 768w, http:\/\/recettes-gourmandes-de-joce.fr\/wp-content\/uploads\/2020\/03\/p4060022.jpg 800w\" sizes=\"auto, (max-width: 240px) 100vw, 240px\" \/> <img loading=\"lazy\" decoding=\"async\" class=\"alignnone wp-image-19199\" src=\"http:\/\/recettes-gourmandes-de-joce.fr\/wp-content\/uploads\/2020\/03\/p4060020-150x150.jpg\" alt=\"\" width=\"239\" height=\"180\" srcset=\"http:\/\/recettes-gourmandes-de-joce.fr\/wp-content\/uploads\/2020\/03\/p4060020-300x226.jpg 300w, http:\/\/recettes-gourmandes-de-joce.fr\/wp-content\/uploads\/2020\/03\/p4060020-768x579.jpg 768w, http:\/\/recettes-gourmandes-de-joce.fr\/wp-content\/uploads\/2020\/03\/p4060020.jpg 796w\" sizes=\"auto, (max-width: 239px) 100vw, 239px\" \/> <img loading=\"lazy\" decoding=\"async\" class=\"alignnone wp-image-19198\" src=\"http:\/\/recettes-gourmandes-de-joce.fr\/wp-content\/uploads\/2020\/03\/p4060019-150x150.jpg\" alt=\"\" width=\"235\" height=\"180\" srcset=\"http:\/\/recettes-gourmandes-de-joce.fr\/wp-content\/uploads\/2020\/03\/p4060019-300x230.jpg 300w, http:\/\/recettes-gourmandes-de-joce.fr\/wp-content\/uploads\/2020\/03\/p4060019.jpg 724w\" sizes=\"auto, (max-width: 235px) 100vw, 235px\" \/><\/p>\n<p style=\"text-align: center;\"><img loading=\"lazy\" decoding=\"async\" class=\"alignnone wp-image-16654 size-full\" src=\"http:\/\/recettes-gourmandes-de-joce.fr\/wp-content\/uploads\/2020\/01\/logitech-gaming-software-14112014-121223.jpg\" alt=\"\" width=\"640\" height=\"144\" srcset=\"http:\/\/recettes-gourmandes-de-joce.fr\/wp-content\/uploads\/2020\/01\/logitech-gaming-software-14112014-121223.jpg 640w, http:\/\/recettes-gourmandes-de-joce.fr\/wp-content\/uploads\/2020\/01\/logitech-gaming-software-14112014-121223-300x68.jpg 300w\" sizes=\"auto, (max-width: 640px) 100vw, 640px\" \/><\/p>\n","protected":false},"excerpt":{"rendered":"<p>Une de mes recettes Ingr\u00e9dients pour 4 personnes 600 ml de lait entier 5 \u0153ufs 2 c \u00e0 c rases de vanille liquide 200 g de sucre 100 g de sucre Pour la d\u00e9co Noix de coco, caramel, sirop d&rsquo;\u00e9rable etc. Mettre le lait \u00e0 chauffer doucement avec la vanille liquide. Casser les \u0153ufs et &hellip; <\/p>\n<p><a class=\"more-link btn\" href=\"http:\/\/recettes-gourmandes-de-joce.fr\/index.php\/index\/desserts\/cremes-mousses-flan\/iles-flottantes-a-la-vanille\/\">Lire la suite<\/a><\/p>\n","protected":false},"author":2,"featured_media":87271,"parent":2951,"menu_order":0,"comment_status":"open","ping_status":"closed","template":"","meta":{"footnotes":""},"class_list":["post-19184","page","type-page","status-publish","has-post-thumbnail","hentry","nodate","item-wrap"],"_links":{"self":[{"href":"http:\/\/recettes-gourmandes-de-joce.fr\/index.php\/wp-json\/wp\/v2\/pages\/19184","targetHints":{"allow":["GET"]}}],"collection":[{"href":"http:\/\/recettes-gourmandes-de-joce.fr\/index.php\/wp-json\/wp\/v2\/pages"}],"about":[{"href":"http:\/\/recettes-gourmandes-de-joce.fr\/index.php\/wp-json\/wp\/v2\/types\/page"}],"author":[{"embeddable":true,"href":"http:\/\/recettes-gourmandes-de-joce.fr\/index.php\/wp-json\/wp\/v2\/users\/2"}],"replies":[{"embeddable":true,"href":"http:\/\/recettes-gourmandes-de-joce.fr\/index.php\/wp-json\/wp\/v2\/comments?post=19184"}],"version-history":[{"count":4,"href":"http:\/\/recettes-gourmandes-de-joce.fr\/index.php\/wp-json\/wp\/v2\/pages\/19184\/revisions"}],"predecessor-version":[{"id":87272,"href":"http:\/\/recettes-gourmandes-de-joce.fr\/index.php\/wp-json\/wp\/v2\/pages\/19184\/revisions\/87272"}],"up":[{"embeddable":true,"href":"http:\/\/recettes-gourmandes-de-joce.fr\/index.php\/wp-json\/wp\/v2\/pages\/2951"}],"wp:featuredmedia":[{"embeddable":true,"href":"http:\/\/recettes-gourmandes-de-joce.fr\/index.php\/wp-json\/wp\/v2\/media\/87271"}],"wp:attachment":[{"href":"http:\/\/recettes-gourmandes-de-joce.fr\/index.php\/wp-json\/wp\/v2\/media?parent=19184"}],"curies":[{"name":"wp","href":"https:\/\/api.w.org\/{rel}","templated":true}]}}