{"id":1875,"date":"2019-09-30T13:02:04","date_gmt":"2019-09-30T13:02:04","guid":{"rendered":"http:\/\/recettes-gourmandes-de-joce.fr\/?page_id=1875"},"modified":"2024-08-16T12:50:47","modified_gmt":"2024-08-16T12:50:47","slug":"cuisse-de-dinde-aux-tomates-rotie-au-four","status":"publish","type":"page","link":"http:\/\/recettes-gourmandes-de-joce.fr\/index.php\/index\/viandes\/volailles\/dinde-dindonneau-coquelets\/cuisse-de-dinde-aux-tomates-rotie-au-four\/","title":{"rendered":"Cuisse de dinde aux tomates r\u00f4tie au four."},"content":{"rendered":"<p style=\"text-align: center;\"><span style=\"font-family: georgia,serif;\"><span style=\"color: #993300; text-decoration: underline;\"><em><span style=\"font-size: x-large;\">Une de mes recettes<\/span><\/em><\/span><\/span><\/p>\n<p style=\"text-align: center;\"><img loading=\"lazy\" decoding=\"async\" class=\"alignnone wp-image-62356\" src=\"http:\/\/recettes-gourmandes-de-joce.fr\/wp-content\/uploads\/2024\/03\/cuisse-dinde-tomate3.jpg\" alt=\"\" width=\"284\" height=\"180\" srcset=\"http:\/\/recettes-gourmandes-de-joce.fr\/wp-content\/uploads\/2024\/03\/cuisse-dinde-tomate3.jpg 800w, http:\/\/recettes-gourmandes-de-joce.fr\/wp-content\/uploads\/2024\/03\/cuisse-dinde-tomate3-768x487.jpg 768w, http:\/\/recettes-gourmandes-de-joce.fr\/wp-content\/uploads\/2024\/03\/cuisse-dinde-tomate3-750x475.jpg 750w\" sizes=\"auto, (max-width: 284px) 100vw, 284px\" \/>\u00a0<img loading=\"lazy\" decoding=\"async\" class=\"alignnone wp-image-62354\" src=\"http:\/\/recettes-gourmandes-de-joce.fr\/wp-content\/uploads\/2024\/03\/cuisse-dinde-tomate1.jpg\" alt=\"\" width=\"240\" height=\"180\" srcset=\"http:\/\/recettes-gourmandes-de-joce.fr\/wp-content\/uploads\/2024\/03\/cuisse-dinde-tomate1.jpg 800w, http:\/\/recettes-gourmandes-de-joce.fr\/wp-content\/uploads\/2024\/03\/cuisse-dinde-tomate1-768x576.jpg 768w, http:\/\/recettes-gourmandes-de-joce.fr\/wp-content\/uploads\/2024\/03\/cuisse-dinde-tomate1-750x563.jpg 750w\" sizes=\"auto, (max-width: 240px) 100vw, 240px\" \/><img loading=\"lazy\" decoding=\"async\" class=\"alignnone wp-image-62355\" src=\"http:\/\/recettes-gourmandes-de-joce.fr\/wp-content\/uploads\/2024\/03\/cuisse-dinde-tomate2.jpg\" alt=\"\" width=\"271\" height=\"180\" srcset=\"http:\/\/recettes-gourmandes-de-joce.fr\/wp-content\/uploads\/2024\/03\/cuisse-dinde-tomate2.jpg 800w, http:\/\/recettes-gourmandes-de-joce.fr\/wp-content\/uploads\/2024\/03\/cuisse-dinde-tomate2-768x510.jpg 768w, http:\/\/recettes-gourmandes-de-joce.fr\/wp-content\/uploads\/2024\/03\/cuisse-dinde-tomate2-750x498.jpg 750w\" sizes=\"auto, (max-width: 271px) 100vw, 271px\" \/><\/p>\n<p style=\"text-align: center;\"><span style=\"font-family: georgia,serif;\"><span style=\"color: #993300; font-size: x-large; text-decoration: underline;\"><em>Ingr\u00e9dients pour 4 personnes<\/em><\/span><\/span><\/p>\n<p style=\"text-align: center;\"><img loading=\"lazy\" decoding=\"async\" class=\"alignnone wp-image-62357\" src=\"http:\/\/recettes-gourmandes-de-joce.fr\/wp-content\/uploads\/2024\/03\/cuisse-dinde-tomate4.jpg\" alt=\"\" width=\"280\" height=\"200\" srcset=\"http:\/\/recettes-gourmandes-de-joce.fr\/wp-content\/uploads\/2024\/03\/cuisse-dinde-tomate4.jpg 800w, http:\/\/recettes-gourmandes-de-joce.fr\/wp-content\/uploads\/2024\/03\/cuisse-dinde-tomate4-768x549.jpg 768w, http:\/\/recettes-gourmandes-de-joce.fr\/wp-content\/uploads\/2024\/03\/cuisse-dinde-tomate4-750x536.jpg 750w\" sizes=\"auto, (max-width: 280px) 100vw, 280px\" \/><\/p>\n<p style=\"text-align: center;\"><span style=\"font-family: georgia,serif;\"><span style=\"font-size: large;\"><em><span style=\"color: #993300;\">\u00a01 cuisse de dinde de 1 kg 500 environ<\/span><\/em><\/span><\/span><\/p>\n<p style=\"text-align: center;\"><span style=\"font-family: georgia,serif;\"><span style=\"font-size: large;\"><em><span style=\"color: #993300;\">1 grosse tomate ou 2 moyennes<\/span><\/em><\/span><\/span><\/p>\n<p style=\"text-align: center;\"><span style=\"font-family: georgia,serif;\"><span style=\"font-size: large;\"><em><span style=\"color: #993300;\">1 oignon<\/span><\/em><\/span><\/span><\/p>\n<p style=\"text-align: center;\"><span style=\"font-family: georgia,serif;\"><span style=\"font-size: large;\"><em><span style=\"color: #993300;\">5 gousses d&rsquo;ail<\/span><\/em><\/span><\/span><\/p>\n<p style=\"text-align: center;\"><span style=\"font-family: georgia,serif;\"><span style=\"font-size: large;\"><em><span style=\"color: #993300;\">1 branche de romarin<\/span><\/em><\/span><\/span><\/p>\n<p style=\"text-align: center;\"><span style=\"font-family: georgia,serif;\"><span style=\"font-size: large;\"><em><span style=\"color: #993300;\">1 branche de thym<\/span><\/em><\/span><\/span><\/p>\n<p style=\"text-align: center;\"><span style=\"font-family: georgia,serif;\"><span style=\"font-size: large;\"><em><span style=\"color: #993300;\">1 c \u00e0 s d&rsquo;\u00e9pices pour poulet -&gt; \u00c9pic\u00e9too<\/span><\/em><\/span><\/span><\/p>\n<p style=\"text-align: center;\"><span style=\"font-family: georgia,serif;\"><span style=\"font-size: large;\"><em><span style=\"color: #993300;\">\u00bd verre de vin blanc<\/span><\/em><\/span><\/span><\/p>\n<p style=\"text-align: center;\"><span style=\"font-family: georgia,serif;\"><span style=\"font-size: large;\"><em><span style=\"color: #993300;\">3 c \u00e0\u00a0s de viandox<\/span><\/em><\/span><\/span><\/p>\n<p style=\"text-align: center;\"><span style=\"font-family: georgia,serif;\"><span style=\"font-size: large;\"><em><span style=\"color: #993300;\">2 feuilles de sauge<\/span><\/em><\/span><\/span><\/p>\n<p style=\"text-align: center;\"><span style=\"font-family: georgia,serif;\"><span style=\"font-size: large;\"><em><span style=\"color: #993300;\">Sel et poivre<\/span><\/em><\/span><\/span><\/p>\n<p style=\"text-align: center;\"><span style=\"font-family: georgia,serif;\"><span style=\"font-size: large;\"><em><span style=\"color: #993300;\">Huile d&rsquo;olive\u00a0<\/span><\/em><\/span><\/span><\/p>\n<p style=\"text-align: center;\"><span style=\"font-family: georgia,serif;\"><span style=\"font-size: large;\"><em><span style=\"color: #993300;\">D\u00e9coupe d&rsquo;une cuisse de dinde sur ce lien -&gt; <a href=\"http:\/\/recettes-gourmandes-de-joce.fr\/index.php\/index\/viandes\/decoupes-viandes-volailles\/decoupe-dune-cuisse-de-dinde-a-ma-facon\/\">D\u00e9couper une cuisse de dinde<\/a><\/span><\/em><\/span><\/span><\/p>\n<p style=\"text-align: center;\"><img loading=\"lazy\" decoding=\"async\" class=\"alignnone wp-image-62359\" src=\"http:\/\/recettes-gourmandes-de-joce.fr\/wp-content\/uploads\/2024\/03\/cuisse-dinde-tomate6.jpg\" alt=\"\" width=\"227\" height=\"170\" srcset=\"http:\/\/recettes-gourmandes-de-joce.fr\/wp-content\/uploads\/2024\/03\/cuisse-dinde-tomate6.jpg 800w, http:\/\/recettes-gourmandes-de-joce.fr\/wp-content\/uploads\/2024\/03\/cuisse-dinde-tomate6-768x576.jpg 768w, http:\/\/recettes-gourmandes-de-joce.fr\/wp-content\/uploads\/2024\/03\/cuisse-dinde-tomate6-750x563.jpg 750w\" sizes=\"auto, (max-width: 227px) 100vw, 227px\" \/> <img loading=\"lazy\" decoding=\"async\" class=\"alignnone wp-image-62358\" src=\"http:\/\/recettes-gourmandes-de-joce.fr\/wp-content\/uploads\/2024\/03\/cuisse-dinde-tomate5.jpg\" alt=\"\" width=\"199\" height=\"170\" srcset=\"http:\/\/recettes-gourmandes-de-joce.fr\/wp-content\/uploads\/2024\/03\/cuisse-dinde-tomate5.jpg 800w, http:\/\/recettes-gourmandes-de-joce.fr\/wp-content\/uploads\/2024\/03\/cuisse-dinde-tomate5-768x657.jpg 768w, http:\/\/recettes-gourmandes-de-joce.fr\/wp-content\/uploads\/2024\/03\/cuisse-dinde-tomate5-750x641.jpg 750w\" sizes=\"auto, (max-width: 199px) 100vw, 199px\" \/> <img loading=\"lazy\" decoding=\"async\" class=\"alignnone wp-image-62360\" src=\"http:\/\/recettes-gourmandes-de-joce.fr\/wp-content\/uploads\/2024\/03\/cuisse-dinde-tomate7.jpg\" alt=\"\" width=\"227\" height=\"170\" srcset=\"http:\/\/recettes-gourmandes-de-joce.fr\/wp-content\/uploads\/2024\/03\/cuisse-dinde-tomate7.jpg 800w, http:\/\/recettes-gourmandes-de-joce.fr\/wp-content\/uploads\/2024\/03\/cuisse-dinde-tomate7-768x576.jpg 768w, http:\/\/recettes-gourmandes-de-joce.fr\/wp-content\/uploads\/2024\/03\/cuisse-dinde-tomate7-750x563.jpg 750w\" sizes=\"auto, (max-width: 227px) 100vw, 227px\" \/><\/p>\n<p style=\"text-align: center;\"><span style=\"font-family: georgia,serif;\"><span style=\"font-size: large;\"><em><span style=\"color: #993300;\">Laver les tomates et les couper en tranches \u00e9paisses, peler et \u00e9mincer l&rsquo;oignon et les gousses d&rsquo;ail d\u00e9germ\u00e9es. Dans un plat allant au four, tapisser le fond des tranches de tomates, ajouter les herbes aromatiques lav\u00e9es.\u00a0<\/span><\/em><\/span><\/span><\/p>\n<p style=\"text-align: center;\"><img loading=\"lazy\" decoding=\"async\" class=\"alignnone wp-image-62361\" src=\"http:\/\/recettes-gourmandes-de-joce.fr\/wp-content\/uploads\/2024\/03\/cuisse-dinde-tomate8.jpg\" alt=\"\" width=\"200\" height=\"170\" srcset=\"http:\/\/recettes-gourmandes-de-joce.fr\/wp-content\/uploads\/2024\/03\/cuisse-dinde-tomate8.jpg 800w, http:\/\/recettes-gourmandes-de-joce.fr\/wp-content\/uploads\/2024\/03\/cuisse-dinde-tomate8-768x654.jpg 768w, http:\/\/recettes-gourmandes-de-joce.fr\/wp-content\/uploads\/2024\/03\/cuisse-dinde-tomate8-750x638.jpg 750w\" sizes=\"auto, (max-width: 200px) 100vw, 200px\" \/> <img loading=\"lazy\" decoding=\"async\" class=\"alignnone wp-image-62362\" src=\"http:\/\/recettes-gourmandes-de-joce.fr\/wp-content\/uploads\/2024\/03\/cuisse-dinde-tomate9.jpg\" alt=\"\" width=\"227\" height=\"170\" srcset=\"http:\/\/recettes-gourmandes-de-joce.fr\/wp-content\/uploads\/2024\/03\/cuisse-dinde-tomate9.jpg 800w, http:\/\/recettes-gourmandes-de-joce.fr\/wp-content\/uploads\/2024\/03\/cuisse-dinde-tomate9-768x576.jpg 768w, http:\/\/recettes-gourmandes-de-joce.fr\/wp-content\/uploads\/2024\/03\/cuisse-dinde-tomate9-750x563.jpg 750w\" sizes=\"auto, (max-width: 227px) 100vw, 227px\" \/> <img loading=\"lazy\" decoding=\"async\" class=\"alignnone wp-image-62363\" src=\"http:\/\/recettes-gourmandes-de-joce.fr\/wp-content\/uploads\/2024\/03\/cuisse-dinde-tomate10.jpg\" alt=\"\" width=\"205\" height=\"170\" srcset=\"http:\/\/recettes-gourmandes-de-joce.fr\/wp-content\/uploads\/2024\/03\/cuisse-dinde-tomate10.jpg 800w, http:\/\/recettes-gourmandes-de-joce.fr\/wp-content\/uploads\/2024\/03\/cuisse-dinde-tomate10-768x638.jpg 768w, http:\/\/recettes-gourmandes-de-joce.fr\/wp-content\/uploads\/2024\/03\/cuisse-dinde-tomate10-750x623.jpg 750w\" sizes=\"auto, (max-width: 205px) 100vw, 205px\" \/><\/p>\n<p style=\"text-align: center;\"><span style=\"font-family: georgia,serif;\"><span style=\"font-size: large;\"><em><span style=\"color: #993300;\">R\u00e9partir les oignons et l&rsquo;ail, saler et poivrer, ajouter les \u00e9pices et le vin blanc.<\/span><\/em><\/span><\/span><\/p>\n<p style=\"text-align: center;\"><img loading=\"lazy\" decoding=\"async\" class=\"alignnone wp-image-62364\" src=\"http:\/\/recettes-gourmandes-de-joce.fr\/wp-content\/uploads\/2024\/03\/cuisse-dinde-tomate11.jpg\" alt=\"\" width=\"202\" height=\"170\" srcset=\"http:\/\/recettes-gourmandes-de-joce.fr\/wp-content\/uploads\/2024\/03\/cuisse-dinde-tomate11.jpg 800w, http:\/\/recettes-gourmandes-de-joce.fr\/wp-content\/uploads\/2024\/03\/cuisse-dinde-tomate11-768x646.jpg 768w, http:\/\/recettes-gourmandes-de-joce.fr\/wp-content\/uploads\/2024\/03\/cuisse-dinde-tomate11-750x631.jpg 750w\" sizes=\"auto, (max-width: 202px) 100vw, 202px\" \/> <img loading=\"lazy\" decoding=\"async\" class=\"alignnone wp-image-62365\" src=\"http:\/\/recettes-gourmandes-de-joce.fr\/wp-content\/uploads\/2024\/03\/cuisse-dinde-tomate12.jpg\" alt=\"\" width=\"210\" height=\"170\" srcset=\"http:\/\/recettes-gourmandes-de-joce.fr\/wp-content\/uploads\/2024\/03\/cuisse-dinde-tomate12.jpg 800w, http:\/\/recettes-gourmandes-de-joce.fr\/wp-content\/uploads\/2024\/03\/cuisse-dinde-tomate12-768x623.jpg 768w, http:\/\/recettes-gourmandes-de-joce.fr\/wp-content\/uploads\/2024\/03\/cuisse-dinde-tomate12-750x608.jpg 750w\" sizes=\"auto, (max-width: 210px) 100vw, 210px\" \/> <img loading=\"lazy\" decoding=\"async\" class=\"alignnone wp-image-62366\" src=\"http:\/\/recettes-gourmandes-de-joce.fr\/wp-content\/uploads\/2024\/03\/cuisse-dinde-tomate13.jpg\" alt=\"\" width=\"203\" height=\"170\" srcset=\"http:\/\/recettes-gourmandes-de-joce.fr\/wp-content\/uploads\/2024\/03\/cuisse-dinde-tomate13.jpg 800w, http:\/\/recettes-gourmandes-de-joce.fr\/wp-content\/uploads\/2024\/03\/cuisse-dinde-tomate13-768x642.jpg 768w, http:\/\/recettes-gourmandes-de-joce.fr\/wp-content\/uploads\/2024\/03\/cuisse-dinde-tomate13-750x627.jpg 750w\" sizes=\"auto, (max-width: 203px) 100vw, 203px\" \/><\/p>\n<p style=\"text-align: center;\"><span style=\"font-family: georgia,serif;\"><span style=\"font-size: large;\"><em><span style=\"color: #993300;\">\u00a0Verser un filet d&rsquo;huile d&rsquo;olive et ajouter les morceaux de dinde, saler, poivrer et parsemer un peu d&rsquo;\u00e9pices sur les morceaux de dinde.<\/span><\/em><\/span><\/span><\/p>\n<p style=\"text-align: center;\"><img loading=\"lazy\" decoding=\"async\" class=\"alignnone wp-image-62367\" src=\"http:\/\/recettes-gourmandes-de-joce.fr\/wp-content\/uploads\/2024\/03\/cuisse-dinde-tomate14.jpg\" alt=\"\" width=\"206\" height=\"170\" srcset=\"http:\/\/recettes-gourmandes-de-joce.fr\/wp-content\/uploads\/2024\/03\/cuisse-dinde-tomate14.jpg 800w, http:\/\/recettes-gourmandes-de-joce.fr\/wp-content\/uploads\/2024\/03\/cuisse-dinde-tomate14-768x633.jpg 768w, http:\/\/recettes-gourmandes-de-joce.fr\/wp-content\/uploads\/2024\/03\/cuisse-dinde-tomate14-750x618.jpg 750w\" sizes=\"auto, (max-width: 206px) 100vw, 206px\" \/> <img loading=\"lazy\" decoding=\"async\" class=\"alignnone wp-image-62368\" src=\"http:\/\/recettes-gourmandes-de-joce.fr\/wp-content\/uploads\/2024\/03\/cuisse-dinde-tomate15.jpg\" alt=\"\" width=\"221\" height=\"170\" srcset=\"http:\/\/recettes-gourmandes-de-joce.fr\/wp-content\/uploads\/2024\/03\/cuisse-dinde-tomate15.jpg 800w, http:\/\/recettes-gourmandes-de-joce.fr\/wp-content\/uploads\/2024\/03\/cuisse-dinde-tomate15-768x589.jpg 768w, http:\/\/recettes-gourmandes-de-joce.fr\/wp-content\/uploads\/2024\/03\/cuisse-dinde-tomate15-750x576.jpg 750w\" sizes=\"auto, (max-width: 221px) 100vw, 221px\" \/><\/p>\n<p style=\"text-align: center;\"><span style=\"font-family: georgia,serif;\"><span style=\"font-size: large;\"><em><span style=\"color: #993300;\">R\u00e9partir le viandox, enfourner \u00e0 220\u00b0 environ 1h30 selon les fours et la grosseurs des morceaux, surveiller la cuisson et la coloration, arroser la dinde de temps en temps pendant la cuisson. Servir avec les morceaux de tomates et une bonne pur\u00e9e maison.<\/span><\/em><\/span><\/span><\/p>\n<p style=\"text-align: center;\"><span style=\"font-family: georgia,serif;\"><span style=\"color: #993300;\"><em><span style=\"font-size: large;\">Bon app\u00e9tit!<\/span><\/em><\/span><\/span><\/p>\n<p style=\"text-align: center;\"><img loading=\"lazy\" decoding=\"async\" class=\"alignnone wp-image-62370\" src=\"http:\/\/recettes-gourmandes-de-joce.fr\/wp-content\/uploads\/2024\/03\/cuisse-dinde-tomate17.jpg\" alt=\"\" width=\"261\" height=\"180\" srcset=\"http:\/\/recettes-gourmandes-de-joce.fr\/wp-content\/uploads\/2024\/03\/cuisse-dinde-tomate17.jpg 800w, http:\/\/recettes-gourmandes-de-joce.fr\/wp-content\/uploads\/2024\/03\/cuisse-dinde-tomate17-768x530.jpg 768w, http:\/\/recettes-gourmandes-de-joce.fr\/wp-content\/uploads\/2024\/03\/cuisse-dinde-tomate17-750x518.jpg 750w\" sizes=\"auto, (max-width: 261px) 100vw, 261px\" \/><\/p>\n<p style=\"text-align: center;\">\u00a0<img loading=\"lazy\" decoding=\"async\" class=\"alignnone wp-image-62371\" src=\"http:\/\/recettes-gourmandes-de-joce.fr\/wp-content\/uploads\/2024\/03\/cuisse-dinde-tomate18.jpg\" alt=\"\" width=\"240\" height=\"180\" srcset=\"http:\/\/recettes-gourmandes-de-joce.fr\/wp-content\/uploads\/2024\/03\/cuisse-dinde-tomate18.jpg 800w, http:\/\/recettes-gourmandes-de-joce.fr\/wp-content\/uploads\/2024\/03\/cuisse-dinde-tomate18-768x576.jpg 768w, http:\/\/recettes-gourmandes-de-joce.fr\/wp-content\/uploads\/2024\/03\/cuisse-dinde-tomate18-750x563.jpg 750w\" sizes=\"auto, (max-width: 240px) 100vw, 240px\" \/> <img loading=\"lazy\" decoding=\"async\" class=\"alignnone wp-image-62369\" src=\"http:\/\/recettes-gourmandes-de-joce.fr\/wp-content\/uploads\/2024\/03\/cuisse-dinde-tomate16.jpg\" alt=\"\" width=\"254\" height=\"180\" srcset=\"http:\/\/recettes-gourmandes-de-joce.fr\/wp-content\/uploads\/2024\/03\/cuisse-dinde-tomate16.jpg 800w, http:\/\/recettes-gourmandes-de-joce.fr\/wp-content\/uploads\/2024\/03\/cuisse-dinde-tomate16-768x544.jpg 768w, http:\/\/recettes-gourmandes-de-joce.fr\/wp-content\/uploads\/2024\/03\/cuisse-dinde-tomate16-750x532.jpg 750w\" sizes=\"auto, (max-width: 254px) 100vw, 254px\" \/><\/p>\n<p style=\"text-align: center;\"><img loading=\"lazy\" decoding=\"async\" class=\"alignnone wp-image-44943 size-full\" src=\"http:\/\/recettes-gourmandes-de-joce.fr\/wp-content\/uploads\/2022\/05\/logitech-gaming-software-14112014-121223.jpg\" alt=\"\" width=\"640\" height=\"144\" srcset=\"http:\/\/recettes-gourmandes-de-joce.fr\/wp-content\/uploads\/2022\/05\/logitech-gaming-software-14112014-121223.jpg 640w, http:\/\/recettes-gourmandes-de-joce.fr\/wp-content\/uploads\/2022\/05\/logitech-gaming-software-14112014-121223-300x68.jpg 300w\" sizes=\"auto, (max-width: 640px) 100vw, 640px\" \/><\/p>\n","protected":false},"excerpt":{"rendered":"<p>Une de mes recettes \u00a0 Ingr\u00e9dients pour 4 personnes \u00a01 cuisse de dinde de 1 kg 500 environ 1 grosse tomate ou 2 moyennes 1 oignon 5 gousses d&rsquo;ail 1 branche de romarin 1 branche de thym 1 c \u00e0 s d&rsquo;\u00e9pices pour poulet -&gt; \u00c9pic\u00e9too \u00bd verre de vin blanc 3 c \u00e0\u00a0s de &hellip; <\/p>\n<p><a class=\"more-link btn\" href=\"http:\/\/recettes-gourmandes-de-joce.fr\/index.php\/index\/viandes\/volailles\/dinde-dindonneau-coquelets\/cuisse-de-dinde-aux-tomates-rotie-au-four\/\">Lire la suite<\/a><\/p>\n","protected":false},"author":2,"featured_media":62369,"parent":985,"menu_order":0,"comment_status":"open","ping_status":"closed","template":"","meta":{"footnotes":""},"class_list":["post-1875","page","type-page","status-publish","has-post-thumbnail","hentry","nodate","item-wrap"],"_links":{"self":[{"href":"http:\/\/recettes-gourmandes-de-joce.fr\/index.php\/wp-json\/wp\/v2\/pages\/1875","targetHints":{"allow":["GET"]}}],"collection":[{"href":"http:\/\/recettes-gourmandes-de-joce.fr\/index.php\/wp-json\/wp\/v2\/pages"}],"about":[{"href":"http:\/\/recettes-gourmandes-de-joce.fr\/index.php\/wp-json\/wp\/v2\/types\/page"}],"author":[{"embeddable":true,"href":"http:\/\/recettes-gourmandes-de-joce.fr\/index.php\/wp-json\/wp\/v2\/users\/2"}],"replies":[{"embeddable":true,"href":"http:\/\/recettes-gourmandes-de-joce.fr\/index.php\/wp-json\/wp\/v2\/comments?post=1875"}],"version-history":[{"count":7,"href":"http:\/\/recettes-gourmandes-de-joce.fr\/index.php\/wp-json\/wp\/v2\/pages\/1875\/revisions"}],"predecessor-version":[{"id":88705,"href":"http:\/\/recettes-gourmandes-de-joce.fr\/index.php\/wp-json\/wp\/v2\/pages\/1875\/revisions\/88705"}],"up":[{"embeddable":true,"href":"http:\/\/recettes-gourmandes-de-joce.fr\/index.php\/wp-json\/wp\/v2\/pages\/985"}],"wp:featuredmedia":[{"embeddable":true,"href":"http:\/\/recettes-gourmandes-de-joce.fr\/index.php\/wp-json\/wp\/v2\/media\/62369"}],"wp:attachment":[{"href":"http:\/\/recettes-gourmandes-de-joce.fr\/index.php\/wp-json\/wp\/v2\/media?parent=1875"}],"curies":[{"name":"wp","href":"https:\/\/api.w.org\/{rel}","templated":true}]}}