{"id":18548,"date":"2020-03-19T16:47:35","date_gmt":"2020-03-19T16:47:35","guid":{"rendered":"http:\/\/recettes-gourmandes-de-joce.fr\/?page_id=18548"},"modified":"2024-07-14T20:23:22","modified_gmt":"2024-07-14T20:23:22","slug":"sauce-tomate-au-basilic-et-aux-poivrons-en-conserve","status":"publish","type":"page","link":"http:\/\/recettes-gourmandes-de-joce.fr\/index.php\/index\/conserves-paniers-gourmands\/confitures\/sauce-tomate-au-basilic-et-aux-poivrons-en-conserve\/","title":{"rendered":"Conserves de sauce tomate au basilic et aux poivrons."},"content":{"rendered":"<p style=\"text-align: center;\"><span style=\"font-family: georgia,serif;\"><span style=\"color: #ff0000; font-size: x-large; text-decoration: underline;\"><em>Une de mes id\u00e9es<\/em><\/span><\/span><\/p>\n<p style=\"text-align: center;\"><img loading=\"lazy\" decoding=\"async\" class=\"alignnone wp-image-18547\" src=\"http:\/\/recettes-gourmandes-de-joce.fr\/wp-content\/uploads\/2020\/03\/P8020335-150x150.jpg\" alt=\"\" width=\"240\" height=\"180\" srcset=\"http:\/\/recettes-gourmandes-de-joce.fr\/wp-content\/uploads\/2020\/03\/P8020335-300x225.jpg 300w, http:\/\/recettes-gourmandes-de-joce.fr\/wp-content\/uploads\/2020\/03\/P8020335.jpg 550w\" sizes=\"auto, (max-width: 240px) 100vw, 240px\" \/> <img loading=\"lazy\" decoding=\"async\" class=\"alignnone wp-image-18529\" src=\"http:\/\/recettes-gourmandes-de-joce.fr\/wp-content\/uploads\/2020\/03\/P7100323-150x150.jpg\" alt=\"\" width=\"125\" height=\"180\" srcset=\"http:\/\/recettes-gourmandes-de-joce.fr\/wp-content\/uploads\/2020\/03\/P7100323-209x300.jpg 209w, http:\/\/recettes-gourmandes-de-joce.fr\/wp-content\/uploads\/2020\/03\/P7100323.jpg 383w\" sizes=\"auto, (max-width: 125px) 100vw, 125px\" \/> <img loading=\"lazy\" decoding=\"async\" class=\"alignnone wp-image-18546\" src=\"http:\/\/recettes-gourmandes-de-joce.fr\/wp-content\/uploads\/2020\/03\/P8020332-150x150.jpg\" alt=\"\" width=\"240\" height=\"180\" srcset=\"http:\/\/recettes-gourmandes-de-joce.fr\/wp-content\/uploads\/2020\/03\/P8020332-300x225.jpg 300w, http:\/\/recettes-gourmandes-de-joce.fr\/wp-content\/uploads\/2020\/03\/P8020332.jpg 550w\" sizes=\"auto, (max-width: 240px) 100vw, 240px\" \/><\/p>\n<p style=\"text-align: center;\"><span style=\"font-family: georgia,serif;\"><span style=\"color: #ff0000; font-size: x-large; text-decoration: underline;\"><em>Ingr\u00e9dients pour 4 bocaux<\/em><\/span><\/span><\/p>\n<p style=\"text-align: center;\"><img loading=\"lazy\" decoding=\"async\" class=\"alignnone wp-image-18530\" src=\"http:\/\/recettes-gourmandes-de-joce.fr\/wp-content\/uploads\/2020\/03\/P8010298-150x150.jpg\" alt=\"\" width=\"221\" height=\"175\" srcset=\"http:\/\/recettes-gourmandes-de-joce.fr\/wp-content\/uploads\/2020\/03\/P8010298-300x237.jpg 300w, http:\/\/recettes-gourmandes-de-joce.fr\/wp-content\/uploads\/2020\/03\/P8010298.jpg 550w\" sizes=\"auto, (max-width: 221px) 100vw, 221px\" \/><\/p>\n<p style=\"text-align: center;\"><span style=\"font-family: georgia,serif;\"><span style=\"color: #ff0000; font-size: large;\"><em>1 kg 500 de tomates<\/em><\/span><\/span><\/p>\n<p style=\"text-align: center;\"><span style=\"font-family: georgia,serif;\"><span style=\"color: #ff0000; font-size: large;\"><em>2 poivrons verts<\/em><\/span><\/span><\/p>\n<p style=\"text-align: center;\"><span style=\"font-family: georgia,serif;\"><span style=\"color: #ff0000; font-size: large;\"><em>20 feuilles de basilic<\/em><\/span><\/span><\/p>\n<p style=\"text-align: center;\"><span style=\"font-family: georgia,serif;\"><span style=\"color: #ff0000; font-size: large;\"><em>4 feuilles de sauge<\/em><\/span><\/span><\/p>\n<p style=\"text-align: center;\"><span style=\"font-family: georgia,serif;\"><span style=\"color: #ff0000; font-size: large;\"><em>6 gousses d&rsquo;ail<\/em><\/span><\/span><\/p>\n<p style=\"text-align: center;\"><span style=\"font-family: georgia,serif;\"><span style=\"color: #ff0000; font-size: large;\"><em>2 oignons rouges<\/em><\/span><\/span><\/p>\n<p style=\"text-align: center;\"><span style=\"font-family: georgia,serif;\"><span style=\"color: #ff0000; font-size: large;\"><em>2\u00a0branches de\u00a0<\/em><\/span><\/span><span style=\"color: #ff0000; font-family: georgia, serif; font-size: large;\"><i>sarriette<\/i><\/span><\/p>\n<p style=\"text-align: center;\"><span style=\"font-family: georgia,serif;\"><span style=\"color: #ff0000; font-size: large;\"><em>1 branche de romarin<\/em><\/span><\/span><\/p>\n<p style=\"text-align: center;\"><span style=\"font-family: georgia,serif;\"><span style=\"color: #ff0000; font-size: large;\"><em>2 c \u00e0 s d&rsquo;huile d&rsquo;olive<\/em><\/span><\/span><\/p>\n<p style=\"text-align: center;\"><span style=\"font-family: georgia,serif;\"><span style=\"color: #ff0000; font-size: large;\"><em>Sel et poivre<\/em><\/span><\/span><\/p>\n<p style=\"text-align: center;\"><img loading=\"lazy\" decoding=\"async\" class=\"alignnone wp-image-18516\" src=\"http:\/\/recettes-gourmandes-de-joce.fr\/wp-content\/uploads\/2020\/03\/Confiture-de-prunes-amandes-et-sirop-d\u00e9rable-N3a-150x150.jpg\" alt=\"\" width=\"174\" height=\"160\" srcset=\"http:\/\/recettes-gourmandes-de-joce.fr\/wp-content\/uploads\/2020\/03\/Confiture-de-prunes-amandes-et-sirop-d\u00e9rable-N3a-300x276.jpg 300w, http:\/\/recettes-gourmandes-de-joce.fr\/wp-content\/uploads\/2020\/03\/Confiture-de-prunes-amandes-et-sirop-d\u00e9rable-N3a-768x707.jpg 768w, http:\/\/recettes-gourmandes-de-joce.fr\/wp-content\/uploads\/2020\/03\/Confiture-de-prunes-amandes-et-sirop-d\u00e9rable-N3a.jpg 800w\" sizes=\"auto, (max-width: 174px) 100vw, 174px\" \/> <img loading=\"lazy\" decoding=\"async\" class=\"alignnone wp-image-18517\" src=\"http:\/\/recettes-gourmandes-de-joce.fr\/wp-content\/uploads\/2020\/03\/Confiture-de-prunes-amandes-et-sirop-d\u00e9rable-N3b-150x150.jpg\" alt=\"\" width=\"213\" height=\"160\" srcset=\"http:\/\/recettes-gourmandes-de-joce.fr\/wp-content\/uploads\/2020\/03\/Confiture-de-prunes-amandes-et-sirop-d\u00e9rable-N3b-300x225.jpg 300w, http:\/\/recettes-gourmandes-de-joce.fr\/wp-content\/uploads\/2020\/03\/Confiture-de-prunes-amandes-et-sirop-d\u00e9rable-N3b-768x576.jpg 768w, http:\/\/recettes-gourmandes-de-joce.fr\/wp-content\/uploads\/2020\/03\/Confiture-de-prunes-amandes-et-sirop-d\u00e9rable-N3b.jpg 800w\" sizes=\"auto, (max-width: 213px) 100vw, 213px\" \/><\/p>\n<p style=\"text-align: center;\"><span style=\"font-family: georgia,serif;\"><span style=\"color: #ff0000; font-size: large;\"><span style=\"color: #ff0000; font-family: georgia, serif; font-size: large;\"><i>St\u00e9riliser<\/i><\/span><em style=\"color: #ff0000; font-family: georgia, serif; font-size: large;\">\u00a0vos pots et couvercles\u00a0dans une marmite d\u2019eau \u00e0 \u00e9bullition et laisser les bouillir\u00a020 minutes, retournez les ensuite sur un torchon propre.\u00a0\u00a0<\/em><\/span><\/span><\/p>\n<p style=\"text-align: center;\"><img loading=\"lazy\" decoding=\"async\" class=\"alignnone wp-image-18531\" src=\"http:\/\/recettes-gourmandes-de-joce.fr\/wp-content\/uploads\/2020\/03\/P8010301-150x150.jpg\" alt=\"\" width=\"195\" height=\"160\" srcset=\"http:\/\/recettes-gourmandes-de-joce.fr\/wp-content\/uploads\/2020\/03\/P8010301-300x246.jpg 300w, http:\/\/recettes-gourmandes-de-joce.fr\/wp-content\/uploads\/2020\/03\/P8010301.jpg 550w\" sizes=\"auto, (max-width: 195px) 100vw, 195px\" \/> <img loading=\"lazy\" decoding=\"async\" class=\"alignnone wp-image-18532\" src=\"http:\/\/recettes-gourmandes-de-joce.fr\/wp-content\/uploads\/2020\/03\/P8010302-150x150.jpg\" alt=\"\" width=\"185\" height=\"160\" srcset=\"http:\/\/recettes-gourmandes-de-joce.fr\/wp-content\/uploads\/2020\/03\/P8010302-300x260.jpg 300w, http:\/\/recettes-gourmandes-de-joce.fr\/wp-content\/uploads\/2020\/03\/P8010302.jpg 550w\" sizes=\"auto, (max-width: 185px) 100vw, 185px\" \/> <img loading=\"lazy\" decoding=\"async\" class=\"alignnone wp-image-18533\" src=\"http:\/\/recettes-gourmandes-de-joce.fr\/wp-content\/uploads\/2020\/03\/P8010303-150x150.jpg\" alt=\"\" width=\"226\" height=\"160\" srcset=\"http:\/\/recettes-gourmandes-de-joce.fr\/wp-content\/uploads\/2020\/03\/P8010303-300x212.jpg 300w, http:\/\/recettes-gourmandes-de-joce.fr\/wp-content\/uploads\/2020\/03\/P8010303.jpg 550w\" sizes=\"auto, (max-width: 226px) 100vw, 226px\" \/><\/p>\n<p style=\"text-align: center;\"><span style=\"font-family: georgia,serif;\"><span style=\"color: #ff0000; font-size: large;\"><em>Laver et couper les tomates en morceaux, laver \u00e9p\u00e9piner et couper les poivrons en petits morceaux, mettre le tout dans un faitout.<\/em><\/span><\/span><\/p>\n<p style=\"text-align: center;\"><img loading=\"lazy\" decoding=\"async\" class=\"alignnone wp-image-18534\" src=\"http:\/\/recettes-gourmandes-de-joce.fr\/wp-content\/uploads\/2020\/03\/P8010304-150x150.jpg\" alt=\"\" width=\"203\" height=\"160\" srcset=\"http:\/\/recettes-gourmandes-de-joce.fr\/wp-content\/uploads\/2020\/03\/P8010304-300x236.jpg 300w, http:\/\/recettes-gourmandes-de-joce.fr\/wp-content\/uploads\/2020\/03\/P8010304.jpg 550w\" sizes=\"auto, (max-width: 203px) 100vw, 203px\" \/> <img loading=\"lazy\" decoding=\"async\" class=\"alignnone wp-image-18535\" src=\"http:\/\/recettes-gourmandes-de-joce.fr\/wp-content\/uploads\/2020\/03\/P8010305-150x150.jpg\" alt=\"\" width=\"221\" height=\"160\" srcset=\"http:\/\/recettes-gourmandes-de-joce.fr\/wp-content\/uploads\/2020\/03\/P8010305-300x217.jpg 300w, http:\/\/recettes-gourmandes-de-joce.fr\/wp-content\/uploads\/2020\/03\/P8010305.jpg 550w\" sizes=\"auto, (max-width: 221px) 100vw, 221px\" \/> <img loading=\"lazy\" decoding=\"async\" class=\"alignnone wp-image-18536\" src=\"http:\/\/recettes-gourmandes-de-joce.fr\/wp-content\/uploads\/2020\/03\/P8010306-150x150.jpg\" alt=\"\" width=\"214\" height=\"160\" srcset=\"http:\/\/recettes-gourmandes-de-joce.fr\/wp-content\/uploads\/2020\/03\/P8010306-300x225.jpg 300w, http:\/\/recettes-gourmandes-de-joce.fr\/wp-content\/uploads\/2020\/03\/P8010306.jpg 550w\" sizes=\"auto, (max-width: 214px) 100vw, 214px\" \/><\/p>\n<p style=\"text-align: center;\"><span style=\"font-family: georgia,serif;\"><span style=\"color: #ff0000; font-size: large;\"><em><span style=\"color: #ff0000; font-family: georgia, serif; font-size: large;\">Ajouter les oignons pel\u00e9s et \u00e9minc\u00e9s, le basilic et la sauge lav\u00e9s, ajouter le romarin et la sarriette\u00a0effeuill\u00e9s, l&rsquo;ail pel\u00e9, d\u00e9germ\u00e9 et hach\u00e9.<\/span><\/em><\/span><\/span><\/p>\n<p style=\"text-align: center;\"><img loading=\"lazy\" decoding=\"async\" class=\"alignnone wp-image-18537\" src=\"http:\/\/recettes-gourmandes-de-joce.fr\/wp-content\/uploads\/2020\/03\/P8010308-150x150.jpg\" alt=\"\" width=\"214\" height=\"160\" srcset=\"http:\/\/recettes-gourmandes-de-joce.fr\/wp-content\/uploads\/2020\/03\/P8010308-300x225.jpg 300w, http:\/\/recettes-gourmandes-de-joce.fr\/wp-content\/uploads\/2020\/03\/P8010308.jpg 550w\" sizes=\"auto, (max-width: 214px) 100vw, 214px\" \/> <img loading=\"lazy\" decoding=\"async\" class=\"alignnone wp-image-18538\" src=\"http:\/\/recettes-gourmandes-de-joce.fr\/wp-content\/uploads\/2020\/03\/P8010309-150x150.jpg\" alt=\"\" width=\"214\" height=\"160\" srcset=\"http:\/\/recettes-gourmandes-de-joce.fr\/wp-content\/uploads\/2020\/03\/P8010309-300x225.jpg 300w, http:\/\/recettes-gourmandes-de-joce.fr\/wp-content\/uploads\/2020\/03\/P8010309.jpg 550w\" sizes=\"auto, (max-width: 214px) 100vw, 214px\" \/> <img loading=\"lazy\" decoding=\"async\" class=\"alignnone wp-image-18539\" src=\"http:\/\/recettes-gourmandes-de-joce.fr\/wp-content\/uploads\/2020\/03\/P8010311-150x150.jpg\" alt=\"\" width=\"198\" height=\"160\" srcset=\"http:\/\/recettes-gourmandes-de-joce.fr\/wp-content\/uploads\/2020\/03\/P8010311-300x242.jpg 300w, http:\/\/recettes-gourmandes-de-joce.fr\/wp-content\/uploads\/2020\/03\/P8010311.jpg 550w\" sizes=\"auto, (max-width: 198px) 100vw, 198px\" \/><\/p>\n<p style=\"text-align: center;\"><span style=\"font-family: georgia,serif;\"><em><span style=\"color: #ff0000; font-size: large;\">Saler et poivrer ajouter l&rsquo;huile d&rsquo;olive, m\u00e9langer et mettre \u00e0 cuire \u00e0 feu doux environ 1h.<\/span><\/em><\/span><\/p>\n<p style=\"text-align: center;\"><img loading=\"lazy\" decoding=\"async\" class=\"alignnone wp-image-18540\" src=\"http:\/\/recettes-gourmandes-de-joce.fr\/wp-content\/uploads\/2020\/03\/P8010313-150x150.jpg\" alt=\"\" width=\"210\" height=\"160\" srcset=\"http:\/\/recettes-gourmandes-de-joce.fr\/wp-content\/uploads\/2020\/03\/P8010313-300x229.jpg 300w, http:\/\/recettes-gourmandes-de-joce.fr\/wp-content\/uploads\/2020\/03\/P8010313.jpg 550w\" sizes=\"auto, (max-width: 210px) 100vw, 210px\" \/> <img loading=\"lazy\" decoding=\"async\" class=\"alignnone wp-image-18541\" src=\"http:\/\/recettes-gourmandes-de-joce.fr\/wp-content\/uploads\/2020\/03\/P8010314-150x150.jpg\" alt=\"\" width=\"120\" height=\"160\" srcset=\"http:\/\/recettes-gourmandes-de-joce.fr\/wp-content\/uploads\/2020\/03\/P8010314-225x300.jpg 225w, http:\/\/recettes-gourmandes-de-joce.fr\/wp-content\/uploads\/2020\/03\/P8010314.jpg 413w\" sizes=\"auto, (max-width: 120px) 100vw, 120px\" \/> <img loading=\"lazy\" decoding=\"async\" class=\"alignnone wp-image-18545\" src=\"http:\/\/recettes-gourmandes-de-joce.fr\/wp-content\/uploads\/2020\/03\/P8020328-150x150.jpg\" alt=\"\" width=\"254\" height=\"190\" srcset=\"http:\/\/recettes-gourmandes-de-joce.fr\/wp-content\/uploads\/2020\/03\/P8020328-300x225.jpg 300w, http:\/\/recettes-gourmandes-de-joce.fr\/wp-content\/uploads\/2020\/03\/P8020328.jpg 550w\" sizes=\"auto, (max-width: 254px) 100vw, 254px\" \/><\/p>\n<p style=\"text-align: center;\"><span style=\"font-family: georgia,serif;\"><em><span style=\"color: #ff0000; font-size: large;\">Lorsque c&rsquo;est cuit mixer et remplir des bocaux \u00e9bouillant\u00e9s, les fermer et les mettre dans une cocotte cal\u00e9s avec des torchons.<\/span><\/em><\/span><\/p>\n<p style=\"text-align: center;\"><img loading=\"lazy\" decoding=\"async\" class=\"alignnone wp-image-18542\" src=\"http:\/\/recettes-gourmandes-de-joce.fr\/wp-content\/uploads\/2020\/03\/P8010315-150x150.jpg\" alt=\"\" width=\"188\" height=\"160\" srcset=\"http:\/\/recettes-gourmandes-de-joce.fr\/wp-content\/uploads\/2020\/03\/P8010315-300x255.jpg 300w, http:\/\/recettes-gourmandes-de-joce.fr\/wp-content\/uploads\/2020\/03\/P8010315.jpg 550w\" sizes=\"auto, (max-width: 188px) 100vw, 188px\" \/> <img loading=\"lazy\" decoding=\"async\" class=\"alignnone wp-image-18543\" src=\"http:\/\/recettes-gourmandes-de-joce.fr\/wp-content\/uploads\/2020\/03\/P8010316-150x150.jpg\" alt=\"\" width=\"178\" height=\"160\" srcset=\"http:\/\/recettes-gourmandes-de-joce.fr\/wp-content\/uploads\/2020\/03\/P8010316-300x269.jpg 300w, http:\/\/recettes-gourmandes-de-joce.fr\/wp-content\/uploads\/2020\/03\/P8010316.jpg 550w\" sizes=\"auto, (max-width: 178px) 100vw, 178px\" \/> <img loading=\"lazy\" decoding=\"async\" class=\"alignnone wp-image-18544\" src=\"http:\/\/recettes-gourmandes-de-joce.fr\/wp-content\/uploads\/2020\/03\/P8010317-150x150.jpg\" alt=\"\" width=\"214\" height=\"160\" srcset=\"http:\/\/recettes-gourmandes-de-joce.fr\/wp-content\/uploads\/2020\/03\/P8010317-300x225.jpg 300w, http:\/\/recettes-gourmandes-de-joce.fr\/wp-content\/uploads\/2020\/03\/P8010317.jpg 550w\" sizes=\"auto, (max-width: 214px) 100vw, 214px\" \/><\/p>\n<p style=\"text-align: center;\"><span style=\"font-family: georgia,serif;\"><em><span style=\"color: #ff0000; font-size: large;\">Remplir d&rsquo;eau et porter \u00e0 \u00e9bullition, laisser st\u00e9riliser 1h30 \u00e0 partir de l&rsquo;\u00e9bullition, ensuite laisser refroidir dans l&rsquo;eau avant de mettre les \u00e9tiquettes avec la date.<\/span><\/em><\/span><em><a title=\"titre de l'image\" href=\"http:\/\/jocelyne.debon.free.fr\/confitures-fraises\/confiture-fraises17.JPG\" rel=\"iframe\"><img decoding=\"async\" class=\"lazy-loaded aligncenter\" src=\"http:\/\/jocelyne.debon.free.fr\/confitures-fraises\/confiture-fraises17.JPG\" alt=\"\" width=\"230\" data-lazy-type=\"image\" data-src=\"http:\/\/jocelyne.debon.free.fr\/confitures-fraises\/confiture-fraises17.JPG\" \/><\/a><\/em><\/p>\n<p style=\"text-align: center;\"><span style=\"color: #ff0000; font-size: 14pt; font-family: georgia, palatino, serif;\"><em>Si vos \u00e9tiquettes ne sont pas adh\u00e9sives, pas besoin de colle un peu de lait fera l\u2019affaire, trempez-les l\u00e9g\u00e8rement dedans et appliquer sur le pot c\u2019est coll\u00e9.<\/em><\/span><\/p>\n<p style=\"text-align: center;\"><span style=\"font-size: 14pt; font-family: georgia, palatino, serif; color: #ff0000;\"><em>Autre\u00a0 m\u00e9thode de conservation\u00a0 \u00a0au cong\u00e9lateur -&gt; <img loading=\"lazy\" decoding=\"async\" class=\"alignnone size-thumbnail wp-image-25021\" src=\"http:\/\/recettes-gourmandes-de-joce.fr\/wp-content\/uploads\/2020\/09\/20200903_111544-150x150.jpg\" alt=\"\" width=\"150\" height=\"150\" \/><\/em><\/span><\/p>\n<p style=\"text-align: center;\"><span style=\"font-family: georgia,serif;\"><span style=\"color: #ff0000; font-size: large;\"><em>Bonnes conserves!<\/em><\/span><\/span><\/p>\n<p style=\"text-align: center;\"><img loading=\"lazy\" decoding=\"async\" class=\"alignnone wp-image-18546\" src=\"http:\/\/recettes-gourmandes-de-joce.fr\/wp-content\/uploads\/2020\/03\/P8020332-150x150.jpg\" alt=\"\" width=\"240\" height=\"180\" srcset=\"http:\/\/recettes-gourmandes-de-joce.fr\/wp-content\/uploads\/2020\/03\/P8020332-300x225.jpg 300w, http:\/\/recettes-gourmandes-de-joce.fr\/wp-content\/uploads\/2020\/03\/P8020332.jpg 550w\" sizes=\"auto, (max-width: 240px) 100vw, 240px\" \/> <img loading=\"lazy\" decoding=\"async\" class=\"alignnone wp-image-18529\" src=\"http:\/\/recettes-gourmandes-de-joce.fr\/wp-content\/uploads\/2020\/03\/P7100323-150x150.jpg\" alt=\"\" width=\"125\" height=\"180\" srcset=\"http:\/\/recettes-gourmandes-de-joce.fr\/wp-content\/uploads\/2020\/03\/P7100323-209x300.jpg 209w, http:\/\/recettes-gourmandes-de-joce.fr\/wp-content\/uploads\/2020\/03\/P7100323.jpg 383w\" sizes=\"auto, (max-width: 125px) 100vw, 125px\" \/> <img loading=\"lazy\" decoding=\"async\" class=\"alignnone wp-image-18547\" src=\"http:\/\/recettes-gourmandes-de-joce.fr\/wp-content\/uploads\/2020\/03\/P8020335-150x150.jpg\" alt=\"\" width=\"240\" height=\"180\" srcset=\"http:\/\/recettes-gourmandes-de-joce.fr\/wp-content\/uploads\/2020\/03\/P8020335-300x225.jpg 300w, http:\/\/recettes-gourmandes-de-joce.fr\/wp-content\/uploads\/2020\/03\/P8020335.jpg 550w\" sizes=\"auto, (max-width: 240px) 100vw, 240px\" \/><\/p>\n<p style=\"text-align: center;\"><em><span style=\"color: #ff0000; font-size: large;\"> <img decoding=\"async\" src=\"http:\/\/recettes-gourmandes-de-joce.fr\/wp-content\/uploads\/2019\/09\/logitech-gaming-software-14112014-121223.jpg\" \/><\/span><\/em><\/p>\n","protected":false},"excerpt":{"rendered":"<p>Une de mes id\u00e9es Ingr\u00e9dients pour 4 bocaux 1 kg 500 de tomates 2 poivrons verts 20 feuilles de basilic 4 feuilles de sauge 6 gousses d&rsquo;ail 2 oignons rouges 2\u00a0branches de\u00a0sarriette 1 branche de romarin 2 c \u00e0 s d&rsquo;huile d&rsquo;olive Sel et poivre St\u00e9riliser\u00a0vos pots et couvercles\u00a0dans une marmite d\u2019eau \u00e0 \u00e9bullition et &hellip; <\/p>\n<p><a class=\"more-link btn\" href=\"http:\/\/recettes-gourmandes-de-joce.fr\/index.php\/index\/conserves-paniers-gourmands\/confitures\/sauce-tomate-au-basilic-et-aux-poivrons-en-conserve\/\">Lire la suite<\/a><\/p>\n","protected":false},"author":2,"featured_media":87665,"parent":270,"menu_order":0,"comment_status":"open","ping_status":"closed","template":"","meta":{"footnotes":""},"class_list":["post-18548","page","type-page","status-publish","has-post-thumbnail","hentry","nodate","item-wrap"],"_links":{"self":[{"href":"http:\/\/recettes-gourmandes-de-joce.fr\/index.php\/wp-json\/wp\/v2\/pages\/18548","targetHints":{"allow":["GET"]}}],"collection":[{"href":"http:\/\/recettes-gourmandes-de-joce.fr\/index.php\/wp-json\/wp\/v2\/pages"}],"about":[{"href":"http:\/\/recettes-gourmandes-de-joce.fr\/index.php\/wp-json\/wp\/v2\/types\/page"}],"author":[{"embeddable":true,"href":"http:\/\/recettes-gourmandes-de-joce.fr\/index.php\/wp-json\/wp\/v2\/users\/2"}],"replies":[{"embeddable":true,"href":"http:\/\/recettes-gourmandes-de-joce.fr\/index.php\/wp-json\/wp\/v2\/comments?post=18548"}],"version-history":[{"count":6,"href":"http:\/\/recettes-gourmandes-de-joce.fr\/index.php\/wp-json\/wp\/v2\/pages\/18548\/revisions"}],"predecessor-version":[{"id":87666,"href":"http:\/\/recettes-gourmandes-de-joce.fr\/index.php\/wp-json\/wp\/v2\/pages\/18548\/revisions\/87666"}],"up":[{"embeddable":true,"href":"http:\/\/recettes-gourmandes-de-joce.fr\/index.php\/wp-json\/wp\/v2\/pages\/270"}],"wp:featuredmedia":[{"embeddable":true,"href":"http:\/\/recettes-gourmandes-de-joce.fr\/index.php\/wp-json\/wp\/v2\/media\/87665"}],"wp:attachment":[{"href":"http:\/\/recettes-gourmandes-de-joce.fr\/index.php\/wp-json\/wp\/v2\/media?parent=18548"}],"curies":[{"name":"wp","href":"https:\/\/api.w.org\/{rel}","templated":true}]}}