{"id":18443,"date":"2020-03-19T11:50:02","date_gmt":"2020-03-19T11:50:02","guid":{"rendered":"http:\/\/recettes-gourmandes-de-joce.fr\/?page_id=18443"},"modified":"2024-08-16T12:51:11","modified_gmt":"2024-08-16T12:51:11","slug":"salade-de-ble-au-cervelas-saucisse-de-lyon-et-tomates","status":"publish","type":"page","link":"http:\/\/recettes-gourmandes-de-joce.fr\/index.php\/index\/entrees\/salades-crudites\/salade-de-ble-au-cervelas-saucisse-de-lyon-et-tomates\/","title":{"rendered":"Salade de bl\u00e9 au cervelas, saucisse de Lyon et tomates."},"content":{"rendered":"<p style=\"text-align: center;\"><span style=\"font-family: georgia,serif;\"><span style=\"color: #008000; text-decoration: underline;\"><em><span style=\"font-size: x-large;\">Une de mes recettes<\/span><\/em><\/span><\/span><\/p>\n<p style=\"text-align: center;\"><img loading=\"lazy\" decoding=\"async\" class=\"alignnone wp-image-18442\" src=\"http:\/\/recettes-gourmandes-de-joce.fr\/wp-content\/uploads\/2020\/03\/salade-ble-cervelas20-150x150.jpg\" alt=\"\" width=\"240\" height=\"180\" srcset=\"http:\/\/recettes-gourmandes-de-joce.fr\/wp-content\/uploads\/2020\/03\/salade-ble-cervelas20-300x225.jpg 300w, http:\/\/recettes-gourmandes-de-joce.fr\/wp-content\/uploads\/2020\/03\/salade-ble-cervelas20-768x576.jpg 768w, http:\/\/recettes-gourmandes-de-joce.fr\/wp-content\/uploads\/2020\/03\/salade-ble-cervelas20.jpg 800w\" sizes=\"auto, (max-width: 240px) 100vw, 240px\" \/> <img loading=\"lazy\" decoding=\"async\" class=\"alignnone wp-image-18441\" src=\"http:\/\/recettes-gourmandes-de-joce.fr\/wp-content\/uploads\/2020\/03\/salade-ble-cervelas19-150x150.jpg\" alt=\"\" width=\"240\" height=\"180\" srcset=\"http:\/\/recettes-gourmandes-de-joce.fr\/wp-content\/uploads\/2020\/03\/salade-ble-cervelas19-300x225.jpg 300w, http:\/\/recettes-gourmandes-de-joce.fr\/wp-content\/uploads\/2020\/03\/salade-ble-cervelas19-768x576.jpg 768w, http:\/\/recettes-gourmandes-de-joce.fr\/wp-content\/uploads\/2020\/03\/salade-ble-cervelas19.jpg 800w\" sizes=\"auto, (max-width: 240px) 100vw, 240px\" \/> <img loading=\"lazy\" decoding=\"async\" class=\"alignnone wp-image-18425\" src=\"http:\/\/recettes-gourmandes-de-joce.fr\/wp-content\/uploads\/2020\/03\/salade-ble-cervelas3-150x150.jpg\" alt=\"\" width=\"240\" height=\"180\" srcset=\"http:\/\/recettes-gourmandes-de-joce.fr\/wp-content\/uploads\/2020\/03\/salade-ble-cervelas3-300x225.jpg 300w, http:\/\/recettes-gourmandes-de-joce.fr\/wp-content\/uploads\/2020\/03\/salade-ble-cervelas3-768x576.jpg 768w, http:\/\/recettes-gourmandes-de-joce.fr\/wp-content\/uploads\/2020\/03\/salade-ble-cervelas3.jpg 800w\" sizes=\"auto, (max-width: 240px) 100vw, 240px\" \/><\/p>\n<p style=\"text-align: center;\"><span style=\"font-family: georgia,serif;\"><span style=\"color: #008000; font-size: x-large; text-decoration: underline;\"><em>Ingr\u00e9dients pour 5 personnes<\/em><\/span><\/span><\/p>\n<p style=\"text-align: center;\"><img loading=\"lazy\" decoding=\"async\" class=\"alignnone wp-image-18426\" src=\"http:\/\/recettes-gourmandes-de-joce.fr\/wp-content\/uploads\/2020\/03\/salade-ble-cervelas4-150x150.jpg\" alt=\"\" width=\"251\" height=\"175\" srcset=\"http:\/\/recettes-gourmandes-de-joce.fr\/wp-content\/uploads\/2020\/03\/salade-ble-cervelas4-300x209.jpg 300w, http:\/\/recettes-gourmandes-de-joce.fr\/wp-content\/uploads\/2020\/03\/salade-ble-cervelas4-768x536.jpg 768w, http:\/\/recettes-gourmandes-de-joce.fr\/wp-content\/uploads\/2020\/03\/salade-ble-cervelas4.jpg 800w\" sizes=\"auto, (max-width: 251px) 100vw, 251px\" \/><\/p>\n<p style=\"text-align: center;\"><span style=\"font-family: georgia, serif; font-size: 14pt;\"><em><span style=\"color: #008000;\">\u00a0250 g de bl\u00e9 pr\u00e9cuit<\/span><\/em><\/span><\/p>\n<p style=\"text-align: center;\"><span style=\"font-family: georgia, serif; font-size: 14pt;\"><em><span style=\"color: #008000;\">1\/3 de bulbe de fenouil<\/span><\/em><\/span><\/p>\n<p style=\"text-align: center;\"><span style=\"font-family: georgia, serif; font-size: 14pt;\"><em><span style=\"color: #008000;\">1 petit oignon blanc et ses tiges<\/span><\/em><\/span><\/p>\n<p style=\"text-align: center;\"><span style=\"font-family: georgia, serif; font-size: 14pt;\"><em><span style=\"color: #008000;\">\u00bc de cervelas<\/span><\/em><\/span><\/p>\n<p style=\"text-align: center;\"><span style=\"font-family: georgia, serif; font-size: 14pt;\"><em><span style=\"color: #008000;\"><span style=\"color: #008000; font-family: georgia, serif;\"><span style=\"font-size: 14pt;\">6 tranches de saucisse de Lyon (<\/span><span style=\"font-size: 18.6667px;\">Lidl<\/span><span style=\"font-size: 14pt;\">)<\/span><\/span><\/span><\/em><\/span><\/p>\n<p style=\"text-align: center;\"><span style=\"font-family: georgia, serif; font-size: 14pt;\"><em><span style=\"color: #008000;\">1 c \u00e0 s de persillade -&gt; \u00c9pic\u00e9too<\/span><\/em><\/span><\/p>\n<p style=\"text-align: center;\"><span style=\"font-family: georgia, serif; font-size: 14pt;\"><em><span style=\"color: #008000;\">2 tomates (verte et rouge)<\/span><\/em><\/span><\/p>\n<p style=\"text-align: center;\"><span style=\"font-family: georgia, serif; font-size: 14pt;\"><em><span style=\"color: #008000;\">3 c \u00e0\u00a0s de mayonnaise \u00e0 l&rsquo;ail et ciboulette<\/span><\/em><\/span><\/p>\n<p style=\"text-align: center;\"><span style=\"font-family: georgia, serif; font-size: 14pt;\"><em><span style=\"color: #008000;\">1 bonne poign\u00e9e d&rsquo;olives vertes d\u00e9noyaut\u00e9es<\/span><\/em><\/span><\/p>\n<p style=\"text-align: center;\"><span style=\"font-family: georgia, serif; font-size: 14pt;\"><em><span style=\"color: #008000;\">Sel et poivre<\/span><\/em><\/span><\/p>\n<p style=\"text-align: center;\"><span style=\"font-family: georgia, serif; font-size: 14pt;\"><em><span style=\"color: #008000;\">Pour la mayonnaise <\/span><\/em><\/span><\/p>\n<p style=\"text-align: center;\"><span style=\"font-family: georgia, serif; font-size: 14pt;\"><em><span style=\"color: #008000;\">1 petit bouquet de ciboulette<\/span><\/em><\/span><\/p>\n<p style=\"text-align: center;\"><span style=\"font-family: georgia, serif; font-size: 14pt;\"><em><span style=\"color: #008000;\">2 gousses d&rsquo;ail<\/span><\/em><\/span><\/p>\n<p style=\"text-align: center;\"><span style=\"font-family: georgia, serif; font-size: 14pt;\"><span style=\"color: #008000;\"><em>1 jaune d&rsquo;<\/em><\/span><\/span><span style=\"color: #008000; font-family: georgia, serif;\"><span style=\"font-size: 18.6667px;\"><i>\u0153uf<\/i><\/span><\/span><\/p>\n<p style=\"text-align: center;\"><span style=\"font-family: georgia, serif; font-size: 14pt;\"><span style=\"color: #008000;\"><em>1 c \u00e0 c de moutarde<\/em><\/span><\/span><\/p>\n<p style=\"text-align: center;\"><span style=\"font-family: georgia, serif; font-size: 14pt;\"><span style=\"color: #008000;\"><em>1 c \u00e0 c de vinaigre de vin<\/em><\/span><\/span><\/p>\n<p style=\"text-align: center;\"><span style=\"font-family: georgia, serif; font-size: 14pt;\"><span style=\"color: #008000;\"><em>\u00bd c \u00e0 c de piment d&rsquo;Espelette<\/em><\/span><\/span><\/p>\n<p style=\"text-align: center;\"><span style=\"font-family: georgia, serif; font-size: 14pt;\"><span style=\"color: #008000;\"><em>Sel et poivre<\/em><\/span><\/span><\/p>\n<p style=\"text-align: center;\"><span style=\"font-family: georgia, serif; font-size: 14pt;\"><span style=\"color: #008000;\"><em>Huile de tournesol<\/em><\/span><\/span><\/p>\n<p style=\"text-align: center;\"><span style=\"font-family: georgia, serif; font-size: 14pt;\"><span style=\"color: #008000;\"><em>Recette sur ce lien -&gt; <a href=\"http:\/\/recettes-gourmandes-de-joce.fr\/index.php\/index\/sauces-assaisonnements\/sauces-froides\/mayonnaise\/\">Mayonnaise <img decoding=\"async\" class=\"lazy-loaded\" src=\"http:\/\/jocelyne.debon.free.fr\/ble-saucisses\/ble-saucisses18.JPG\" alt=\"\" width=\"230\" data-lazy-type=\"image\" data-src=\"http:\/\/jocelyne.debon.free.fr\/ble-saucisses\/ble-saucisses18.JPG\" \/><\/a><\/em><\/span><\/span><\/p>\n<p style=\"text-align: center;\"><span style=\"font-family: georgia, serif; font-size: 14pt;\"><img loading=\"lazy\" decoding=\"async\" class=\"alignnone wp-image-18427\" src=\"http:\/\/recettes-gourmandes-de-joce.fr\/wp-content\/uploads\/2020\/03\/salade-ble-cervelas5-150x150.jpg\" alt=\"\" width=\"239\" height=\"151\" srcset=\"http:\/\/recettes-gourmandes-de-joce.fr\/wp-content\/uploads\/2020\/03\/salade-ble-cervelas5-300x189.jpg 300w, http:\/\/recettes-gourmandes-de-joce.fr\/wp-content\/uploads\/2020\/03\/salade-ble-cervelas5.jpg 711w\" sizes=\"auto, (max-width: 239px) 100vw, 239px\" \/> <img loading=\"lazy\" decoding=\"async\" class=\"alignnone wp-image-18428\" src=\"http:\/\/recettes-gourmandes-de-joce.fr\/wp-content\/uploads\/2020\/03\/salade-ble-cervelas6-150x150.jpg\" alt=\"\" width=\"249\" height=\"151\" srcset=\"http:\/\/recettes-gourmandes-de-joce.fr\/wp-content\/uploads\/2020\/03\/salade-ble-cervelas6-300x182.jpg 300w, http:\/\/recettes-gourmandes-de-joce.fr\/wp-content\/uploads\/2020\/03\/salade-ble-cervelas6-768x466.jpg 768w, http:\/\/recettes-gourmandes-de-joce.fr\/wp-content\/uploads\/2020\/03\/salade-ble-cervelas6.jpg 776w\" sizes=\"auto, (max-width: 249px) 100vw, 249px\" \/> <img loading=\"lazy\" decoding=\"async\" class=\"alignnone wp-image-18429\" src=\"http:\/\/recettes-gourmandes-de-joce.fr\/wp-content\/uploads\/2020\/03\/salade-ble-cervelas7-150x150.jpg\" alt=\"\" width=\"249\" height=\"151\" srcset=\"http:\/\/recettes-gourmandes-de-joce.fr\/wp-content\/uploads\/2020\/03\/salade-ble-cervelas7-300x182.jpg 300w, http:\/\/recettes-gourmandes-de-joce.fr\/wp-content\/uploads\/2020\/03\/salade-ble-cervelas7-768x467.jpg 768w, http:\/\/recettes-gourmandes-de-joce.fr\/wp-content\/uploads\/2020\/03\/salade-ble-cervelas7.jpg 777w\" sizes=\"auto, (max-width: 249px) 100vw, 249px\" \/><\/span><\/p>\n<p style=\"text-align: center;\"><span style=\"font-family: georgia, serif; font-size: 14pt;\">\u00a0<em><span style=\"color: #008000;\">Laver et couper en petits d\u00e9s, le fenouil, les tomates, l&rsquo;oignon et ses tiges, couper en petits morceaux les tranches de saucisse.<\/span><\/em><\/span><\/p>\n<p style=\"text-align: center;\"><span style=\"font-family: georgia, serif; font-size: 14pt;\"><em><span style=\"color: #008000;\">\u00a0<span style=\"color: #008000;\">\u00a0<\/span><img loading=\"lazy\" decoding=\"async\" class=\"alignnone wp-image-18430\" src=\"http:\/\/recettes-gourmandes-de-joce.fr\/wp-content\/uploads\/2020\/03\/salade-ble-cervelas8-150x150.jpg\" alt=\"\" width=\"248\" height=\"155\" srcset=\"http:\/\/recettes-gourmandes-de-joce.fr\/wp-content\/uploads\/2020\/03\/salade-ble-cervelas8-300x188.jpg 300w, http:\/\/recettes-gourmandes-de-joce.fr\/wp-content\/uploads\/2020\/03\/salade-ble-cervelas8.jpg 698w\" sizes=\"auto, (max-width: 248px) 100vw, 248px\" \/> <img loading=\"lazy\" decoding=\"async\" class=\"alignnone wp-image-18431\" src=\"http:\/\/recettes-gourmandes-de-joce.fr\/wp-content\/uploads\/2020\/03\/salade-ble-cervelas9-150x150.jpg\" alt=\"\" width=\"207\" height=\"155\" srcset=\"http:\/\/recettes-gourmandes-de-joce.fr\/wp-content\/uploads\/2020\/03\/salade-ble-cervelas9-300x225.jpg 300w, http:\/\/recettes-gourmandes-de-joce.fr\/wp-content\/uploads\/2020\/03\/salade-ble-cervelas9-768x576.jpg 768w, http:\/\/recettes-gourmandes-de-joce.fr\/wp-content\/uploads\/2020\/03\/salade-ble-cervelas9.jpg 800w\" sizes=\"auto, (max-width: 207px) 100vw, 207px\" \/> <img loading=\"lazy\" decoding=\"async\" class=\"alignnone wp-image-18432\" src=\"http:\/\/recettes-gourmandes-de-joce.fr\/wp-content\/uploads\/2020\/03\/salade-ble-cervelas10-150x150.jpg\" alt=\"\" width=\"196\" height=\"155\" srcset=\"http:\/\/recettes-gourmandes-de-joce.fr\/wp-content\/uploads\/2020\/03\/salade-ble-cervelas10-300x238.jpg 300w, http:\/\/recettes-gourmandes-de-joce.fr\/wp-content\/uploads\/2020\/03\/salade-ble-cervelas10-768x609.jpg 768w, http:\/\/recettes-gourmandes-de-joce.fr\/wp-content\/uploads\/2020\/03\/salade-ble-cervelas10.jpg 800w\" sizes=\"auto, (max-width: 196px) 100vw, 196px\" \/><\/span><\/em><\/span><\/p>\n<p style=\"text-align: center;\"><span style=\"font-family: georgia, serif; font-size: 14pt;\"><em><span style=\"color: #008000;\">Le cervelas, couper les olives en deux. Dans un plat mettre les oignons, les olives et la persillade, m\u00e9langer.<\/span><\/em><\/span><\/p>\n<p style=\"text-align: center;\"><span style=\"font-size: 14pt;\"><img loading=\"lazy\" decoding=\"async\" class=\"alignnone wp-image-18433\" src=\"http:\/\/recettes-gourmandes-de-joce.fr\/wp-content\/uploads\/2020\/03\/salade-ble-cervelas11-150x150.jpg\" alt=\"\" width=\"200\" height=\"155\" srcset=\"http:\/\/recettes-gourmandes-de-joce.fr\/wp-content\/uploads\/2020\/03\/salade-ble-cervelas11-300x233.jpg 300w, http:\/\/recettes-gourmandes-de-joce.fr\/wp-content\/uploads\/2020\/03\/salade-ble-cervelas11-768x595.jpg 768w, http:\/\/recettes-gourmandes-de-joce.fr\/wp-content\/uploads\/2020\/03\/salade-ble-cervelas11.jpg 800w\" sizes=\"auto, (max-width: 200px) 100vw, 200px\" \/> <img loading=\"lazy\" decoding=\"async\" class=\"alignnone wp-image-18434\" src=\"http:\/\/recettes-gourmandes-de-joce.fr\/wp-content\/uploads\/2020\/03\/salade-ble-cervelas12-150x150.jpg\" alt=\"\" width=\"207\" height=\"155\" srcset=\"http:\/\/recettes-gourmandes-de-joce.fr\/wp-content\/uploads\/2020\/03\/salade-ble-cervelas12-300x225.jpg 300w, http:\/\/recettes-gourmandes-de-joce.fr\/wp-content\/uploads\/2020\/03\/salade-ble-cervelas12-768x576.jpg 768w, http:\/\/recettes-gourmandes-de-joce.fr\/wp-content\/uploads\/2020\/03\/salade-ble-cervelas12.jpg 800w\" sizes=\"auto, (max-width: 207px) 100vw, 207px\" \/> <img loading=\"lazy\" decoding=\"async\" class=\"alignnone wp-image-16438\" src=\"http:\/\/recettes-gourmandes-de-joce.fr\/wp-content\/uploads\/2020\/01\/P1010119-6-150x150.jpg\" alt=\"\" width=\"181\" height=\"155\" srcset=\"http:\/\/recettes-gourmandes-de-joce.fr\/wp-content\/uploads\/2020\/01\/P1010119-6-300x257.jpg 300w, http:\/\/recettes-gourmandes-de-joce.fr\/wp-content\/uploads\/2020\/01\/P1010119-6.jpg 640w\" sizes=\"auto, (max-width: 181px) 100vw, 181px\" \/><\/span><\/p>\n<p style=\"text-align: center;\"><span style=\"font-family: georgia, serif; font-size: 14pt;\"><em><span style=\"color: #008000;\"><span style=\"color: #008000; font-family: georgia, serif;\"><span style=\"font-size: 14pt;\">\u00a0Ajouter le fenouil, les tomates, le cervelas et les morceaux de saucisses, m\u00e9langer. R\u00e9aliser votre mayonnaise, <\/span><span style=\"font-size: 18.6667px;\">ajoutez lui<\/span><span style=\"font-size: 14pt;\"> ensuite la ciboulette lav\u00e9e et cisel\u00e9e et les gousses d&rsquo;ail pel\u00e9es et d\u00e9germ\u00e9es \u00e9cras\u00e9es au presse ail, l&rsquo;<\/span><span style=\"font-size: 18.6667px;\">ajouter <\/span><span style=\"font-size: 14pt;\">\u00a0ensuite au m\u00e9lange de crudit\u00e9s.<\/span><\/span><\/span><\/em><\/span><\/p>\n<p style=\"text-align: center;\"><span style=\"font-size: 14pt;\"><img loading=\"lazy\" decoding=\"async\" class=\"alignnone wp-image-18435\" src=\"http:\/\/recettes-gourmandes-de-joce.fr\/wp-content\/uploads\/2020\/03\/salade-ble-cervelas13-150x150.jpg\" alt=\"\" width=\"192\" height=\"155\" srcset=\"http:\/\/recettes-gourmandes-de-joce.fr\/wp-content\/uploads\/2020\/03\/salade-ble-cervelas13-300x242.jpg 300w, http:\/\/recettes-gourmandes-de-joce.fr\/wp-content\/uploads\/2020\/03\/salade-ble-cervelas13-768x619.jpg 768w, http:\/\/recettes-gourmandes-de-joce.fr\/wp-content\/uploads\/2020\/03\/salade-ble-cervelas13.jpg 800w\" sizes=\"auto, (max-width: 192px) 100vw, 192px\" \/> <img loading=\"lazy\" decoding=\"async\" class=\"alignnone wp-image-18436\" src=\"http:\/\/recettes-gourmandes-de-joce.fr\/wp-content\/uploads\/2020\/03\/salade-ble-cervelas14-150x150.jpg\" alt=\"\" width=\"207\" height=\"155\" srcset=\"http:\/\/recettes-gourmandes-de-joce.fr\/wp-content\/uploads\/2020\/03\/salade-ble-cervelas14-300x225.jpg 300w, http:\/\/recettes-gourmandes-de-joce.fr\/wp-content\/uploads\/2020\/03\/salade-ble-cervelas14-768x576.jpg 768w, http:\/\/recettes-gourmandes-de-joce.fr\/wp-content\/uploads\/2020\/03\/salade-ble-cervelas14.jpg 800w\" sizes=\"auto, (max-width: 207px) 100vw, 207px\" \/> <img loading=\"lazy\" decoding=\"async\" class=\"alignnone wp-image-18437\" src=\"http:\/\/recettes-gourmandes-de-joce.fr\/wp-content\/uploads\/2020\/03\/salade-ble-cervelas15-150x150.jpg\" alt=\"\" width=\"226\" height=\"155\" srcset=\"http:\/\/recettes-gourmandes-de-joce.fr\/wp-content\/uploads\/2020\/03\/salade-ble-cervelas15-300x205.jpg 300w, http:\/\/recettes-gourmandes-de-joce.fr\/wp-content\/uploads\/2020\/03\/salade-ble-cervelas15.jpg 716w\" sizes=\"auto, (max-width: 226px) 100vw, 226px\" \/><\/span><\/p>\n<p style=\"text-align: center;\"><span style=\"font-family: georgia, serif; font-size: 14pt;\"><em><span style=\"color: #008000;\">\u00a0M\u00e9langer et ajouter le piment d&rsquo;Espelette. Mettre le bl\u00e9 \u00e0 cuire selon les indications du paquet, puis l&rsquo;\u00e9goutter et le refroidir sous l&rsquo;eau froide.<\/span><\/em><\/span><\/p>\n<p style=\"text-align: center;\" data-wp-editing=\"1\"><span style=\"font-size: 14pt;\"><img loading=\"lazy\" decoding=\"async\" class=\"alignnone wp-image-18438\" src=\"http:\/\/recettes-gourmandes-de-joce.fr\/wp-content\/uploads\/2020\/03\/salade-ble-cervelas16-150x150.jpg\" alt=\"\" width=\"195\" height=\"155\" srcset=\"http:\/\/recettes-gourmandes-de-joce.fr\/wp-content\/uploads\/2020\/03\/salade-ble-cervelas16-300x238.jpg 300w, http:\/\/recettes-gourmandes-de-joce.fr\/wp-content\/uploads\/2020\/03\/salade-ble-cervelas16-768x610.jpg 768w, http:\/\/recettes-gourmandes-de-joce.fr\/wp-content\/uploads\/2020\/03\/salade-ble-cervelas16.jpg 800w\" sizes=\"auto, (max-width: 195px) 100vw, 195px\" \/> <img loading=\"lazy\" decoding=\"async\" class=\"alignnone wp-image-18439\" src=\"http:\/\/recettes-gourmandes-de-joce.fr\/wp-content\/uploads\/2020\/03\/salade-ble-cervelas17-150x150.jpg\" alt=\"\" width=\"207\" height=\"155\" srcset=\"http:\/\/recettes-gourmandes-de-joce.fr\/wp-content\/uploads\/2020\/03\/salade-ble-cervelas17-300x225.jpg 300w, http:\/\/recettes-gourmandes-de-joce.fr\/wp-content\/uploads\/2020\/03\/salade-ble-cervelas17-768x576.jpg 768w, http:\/\/recettes-gourmandes-de-joce.fr\/wp-content\/uploads\/2020\/03\/salade-ble-cervelas17.jpg 800w\" sizes=\"auto, (max-width: 207px) 100vw, 207px\" \/><\/span><\/p>\n<p style=\"text-align: center;\"><span style=\"font-family: georgia, serif; font-size: 14pt;\"><em><span style=\"color: #008000;\">L&rsquo;ajouter au plat et bien m\u00e9langer, rectifier l&rsquo;assaisonnement et entreposer au frais \u00bd h avant de servir.\u00a0<\/span><\/em><\/span><\/p>\n<p style=\"text-align: center;\"><span style=\"font-family: georgia, serif; font-size: 14pt;\"><em><span style=\"color: #008000;\">Bon app\u00e9tit!<\/span><\/em><\/span><\/p>\n<p style=\"text-align: center;\"><span style=\"font-size: 14pt;\"><img loading=\"lazy\" decoding=\"async\" class=\"alignnone wp-image-18423\" src=\"http:\/\/recettes-gourmandes-de-joce.fr\/wp-content\/uploads\/2020\/03\/salade-ble-cervelas1-150x150.jpg\" alt=\"\" width=\"233\" height=\"175\" srcset=\"http:\/\/recettes-gourmandes-de-joce.fr\/wp-content\/uploads\/2020\/03\/salade-ble-cervelas1-300x225.jpg 300w, http:\/\/recettes-gourmandes-de-joce.fr\/wp-content\/uploads\/2020\/03\/salade-ble-cervelas1-768x576.jpg 768w, http:\/\/recettes-gourmandes-de-joce.fr\/wp-content\/uploads\/2020\/03\/salade-ble-cervelas1.jpg 800w\" sizes=\"auto, (max-width: 233px) 100vw, 233px\" \/> <img loading=\"lazy\" decoding=\"async\" class=\"alignnone wp-image-18424\" src=\"http:\/\/recettes-gourmandes-de-joce.fr\/wp-content\/uploads\/2020\/03\/salade-ble-cervelas2-150x150.jpg\" alt=\"\" width=\"233\" height=\"175\" srcset=\"http:\/\/recettes-gourmandes-de-joce.fr\/wp-content\/uploads\/2020\/03\/salade-ble-cervelas2-300x225.jpg 300w, http:\/\/recettes-gourmandes-de-joce.fr\/wp-content\/uploads\/2020\/03\/salade-ble-cervelas2-768x576.jpg 768w, http:\/\/recettes-gourmandes-de-joce.fr\/wp-content\/uploads\/2020\/03\/salade-ble-cervelas2.jpg 800w\" sizes=\"auto, (max-width: 233px) 100vw, 233px\" \/> <\/span><img loading=\"lazy\" decoding=\"async\" class=\"alignnone wp-image-18440\" src=\"http:\/\/recettes-gourmandes-de-joce.fr\/wp-content\/uploads\/2020\/03\/salade-ble-cervelas18-150x150.jpg\" alt=\"\" width=\"233\" height=\"175\" srcset=\"http:\/\/recettes-gourmandes-de-joce.fr\/wp-content\/uploads\/2020\/03\/salade-ble-cervelas18-300x225.jpg 300w, http:\/\/recettes-gourmandes-de-joce.fr\/wp-content\/uploads\/2020\/03\/salade-ble-cervelas18-768x576.jpg 768w, http:\/\/recettes-gourmandes-de-joce.fr\/wp-content\/uploads\/2020\/03\/salade-ble-cervelas18.jpg 800w\" sizes=\"auto, (max-width: 233px) 100vw, 233px\" \/><\/p>\n<p style=\"text-align: center;\"><img decoding=\"async\" src=\"http:\/\/recettes-gourmandes-de-joce.fr\/wp-content\/uploads\/2019\/09\/logitech-gaming-software-14112014-121223.jpg\" \/><\/p>\n","protected":false},"excerpt":{"rendered":"<p>Une de mes recettes Ingr\u00e9dients pour 5 personnes \u00a0250 g de bl\u00e9 pr\u00e9cuit 1\/3 de bulbe de fenouil 1 petit oignon blanc et ses tiges \u00bc de cervelas 6 tranches de saucisse de Lyon (Lidl) 1 c \u00e0 s de persillade -&gt; \u00c9pic\u00e9too 2 tomates (verte et rouge) 3 c \u00e0\u00a0s de mayonnaise \u00e0 l&rsquo;ail &hellip; <\/p>\n<p><a class=\"more-link btn\" href=\"http:\/\/recettes-gourmandes-de-joce.fr\/index.php\/index\/entrees\/salades-crudites\/salade-de-ble-au-cervelas-saucisse-de-lyon-et-tomates\/\">Lire la suite<\/a><\/p>\n","protected":false},"author":2,"featured_media":76966,"parent":165,"menu_order":0,"comment_status":"open","ping_status":"closed","template":"","meta":{"footnotes":""},"class_list":["post-18443","page","type-page","status-publish","has-post-thumbnail","hentry","nodate","item-wrap"],"_links":{"self":[{"href":"http:\/\/recettes-gourmandes-de-joce.fr\/index.php\/wp-json\/wp\/v2\/pages\/18443","targetHints":{"allow":["GET"]}}],"collection":[{"href":"http:\/\/recettes-gourmandes-de-joce.fr\/index.php\/wp-json\/wp\/v2\/pages"}],"about":[{"href":"http:\/\/recettes-gourmandes-de-joce.fr\/index.php\/wp-json\/wp\/v2\/types\/page"}],"author":[{"embeddable":true,"href":"http:\/\/recettes-gourmandes-de-joce.fr\/index.php\/wp-json\/wp\/v2\/users\/2"}],"replies":[{"embeddable":true,"href":"http:\/\/recettes-gourmandes-de-joce.fr\/index.php\/wp-json\/wp\/v2\/comments?post=18443"}],"version-history":[{"count":6,"href":"http:\/\/recettes-gourmandes-de-joce.fr\/index.php\/wp-json\/wp\/v2\/pages\/18443\/revisions"}],"predecessor-version":[{"id":89152,"href":"http:\/\/recettes-gourmandes-de-joce.fr\/index.php\/wp-json\/wp\/v2\/pages\/18443\/revisions\/89152"}],"up":[{"embeddable":true,"href":"http:\/\/recettes-gourmandes-de-joce.fr\/index.php\/wp-json\/wp\/v2\/pages\/165"}],"wp:featuredmedia":[{"embeddable":true,"href":"http:\/\/recettes-gourmandes-de-joce.fr\/index.php\/wp-json\/wp\/v2\/media\/76966"}],"wp:attachment":[{"href":"http:\/\/recettes-gourmandes-de-joce.fr\/index.php\/wp-json\/wp\/v2\/media?parent=18443"}],"curies":[{"name":"wp","href":"https:\/\/api.w.org\/{rel}","templated":true}]}}