{"id":18299,"date":"2020-03-17T17:13:51","date_gmt":"2020-03-17T17:13:51","guid":{"rendered":"http:\/\/recettes-gourmandes-de-joce.fr\/?page_id=18299"},"modified":"2024-07-02T14:43:43","modified_gmt":"2024-07-02T14:43:43","slug":"spaghettis-bolognaise-a-ma-facon","status":"publish","type":"page","link":"http:\/\/recettes-gourmandes-de-joce.fr\/index.php\/index\/legumes\/pates\/spaghettis-bolognaise-a-ma-facon\/","title":{"rendered":"Spaghettis aux b\u0153uf, courgette et carotte \u00e0 la tomate."},"content":{"rendered":"<p style=\"text-align: center;\"><span style=\"text-decoration: underline; color: #ff0000;\"><span style=\"font-size: 18pt; font-family: georgia, palatino, serif;\"><em>Une de mes recettes<\/em><\/span><\/span><\/p>\n<p style=\"text-align: center;\"><img loading=\"lazy\" decoding=\"async\" class=\"alignnone wp-image-38254\" src=\"http:\/\/recettes-gourmandes-de-joce.fr\/wp-content\/uploads\/2021\/08\/P2200137-300x232.jpg\" alt=\"\" width=\"232\" height=\"180\" srcset=\"http:\/\/recettes-gourmandes-de-joce.fr\/wp-content\/uploads\/2021\/08\/P2200137-300x232.jpg 300w, http:\/\/recettes-gourmandes-de-joce.fr\/wp-content\/uploads\/2021\/08\/P2200137.jpg 550w\" sizes=\"auto, (max-width: 232px) 100vw, 232px\" \/> <img loading=\"lazy\" decoding=\"async\" class=\"alignnone wp-image-38255\" src=\"http:\/\/recettes-gourmandes-de-joce.fr\/wp-content\/uploads\/2021\/08\/P2200138-300x214.jpg\" alt=\"\" width=\"252\" height=\"180\" srcset=\"http:\/\/recettes-gourmandes-de-joce.fr\/wp-content\/uploads\/2021\/08\/P2200138-300x214.jpg 300w, http:\/\/recettes-gourmandes-de-joce.fr\/wp-content\/uploads\/2021\/08\/P2200138.jpg 550w\" sizes=\"auto, (max-width: 252px) 100vw, 252px\" \/> <img loading=\"lazy\" decoding=\"async\" class=\"alignnone wp-image-38256\" src=\"http:\/\/recettes-gourmandes-de-joce.fr\/wp-content\/uploads\/2021\/08\/P2200143-300x225.jpg\" alt=\"\" width=\"240\" height=\"180\" srcset=\"http:\/\/recettes-gourmandes-de-joce.fr\/wp-content\/uploads\/2021\/08\/P2200143-300x225.jpg 300w, http:\/\/recettes-gourmandes-de-joce.fr\/wp-content\/uploads\/2021\/08\/P2200143.jpg 550w\" sizes=\"auto, (max-width: 240px) 100vw, 240px\" \/><\/p>\n<p style=\"text-align: center;\"><em><span style=\"font-family: georgia, palatino, serif;\"><span style=\"font-size: large; color: #ff0000;\"><span style=\"text-decoration: underline; font-size: x-large;\">Ingr\u00e9dients pour 4 personnes<\/span><\/span><\/span><\/em><\/p>\n<p style=\"text-align: center;\"><em><span style=\"font-family: georgia, palatino, serif;\"><img loading=\"lazy\" decoding=\"async\" class=\"alignnone wp-image-18307\" src=\"http:\/\/recettes-gourmandes-de-joce.fr\/wp-content\/uploads\/2020\/03\/Logitech-Gaming-Software-17032020-175036-150x150.jpg\" alt=\"\" width=\"238\" height=\"175\" srcset=\"http:\/\/recettes-gourmandes-de-joce.fr\/wp-content\/uploads\/2020\/03\/Logitech-Gaming-Software-17032020-175036-300x220.jpg 300w, http:\/\/recettes-gourmandes-de-joce.fr\/wp-content\/uploads\/2020\/03\/Logitech-Gaming-Software-17032020-175036.jpg 678w\" sizes=\"auto, (max-width: 238px) 100vw, 238px\" \/><\/span><\/em><\/p>\n<p style=\"text-align: center;\"><em><span style=\"font-family: georgia, palatino, serif;\"><span style=\"color: #ff0000; font-size: large;\">500 g de spaghettis<\/span><\/span><\/em><\/p>\n<p style=\"text-align: center;\"><em><span style=\"font-family: georgia, palatino, serif;\"><span style=\"color: #ff0000; font-size: large;\">500 g de steak <\/span><\/span><\/em><span style=\"color: #ff0000; font-family: georgia, palatino, serif; font-size: large;\"><i>hacher<\/i><\/span><\/p>\n<p style=\"text-align: center;\"><em><span style=\"font-family: georgia, palatino, serif;\"><span style=\"color: #ff0000; font-size: large;\">1 gros oignon<\/span><\/span><\/em><\/p>\n<p style=\"text-align: center;\"><em><span style=\"font-family: georgia, palatino, serif;\"><span style=\"color: #ff0000; font-size: large;\">1 bouquet de persil plat<\/span><\/span><\/em><\/p>\n<p style=\"text-align: center;\"><em><span style=\"font-family: georgia, palatino, serif;\"><span style=\"color: #ff0000; font-size: large;\">4 gousses d&rsquo;ail<\/span><\/span><\/em><\/p>\n<p style=\"text-align: center;\"><em><span style=\"font-family: georgia, palatino, serif;\"><span style=\"color: #ff0000; font-size: large;\">1 carotte<\/span><\/span><\/em><\/p>\n<p style=\"text-align: center;\"><em><span style=\"font-family: georgia, palatino, serif;\"><span style=\"color: #ff0000; font-size: large;\">1 petite courgette<\/span><\/span><\/em><\/p>\n<p style=\"text-align: center;\"><em><span style=\"font-family: georgia, palatino, serif;\"><span style=\"color: #ff0000; font-size: large;\">500 ml de coulis de tomates<\/span><\/span><\/em><\/p>\n<p style=\"text-align: center;\"><em><span style=\"font-family: georgia, palatino, serif;\"><span style=\"color: #ff0000; font-size: large;\">Sel et poivre<\/span><\/span><\/em><\/p>\n<p style=\"text-align: center;\"><em><span style=\"font-family: georgia, palatino, serif;\"><span style=\"color: #ff0000; font-size: large;\">Huile d&rsquo;olive<\/span><\/span><\/em><\/p>\n<p style=\"text-align: center;\"><span style=\"color: #ff0000; font-family: georgia, palatino, serif; font-size: large;\"><i>Pecorino<\/i><\/span><em><span style=\"font-family: georgia, palatino, serif;\"><span style=\"color: #ff0000; font-size: large;\">\u00a0ou parmesan<\/span><\/span><\/em><\/p>\n<p style=\"text-align: center;\"><em><span style=\"font-family: georgia, palatino, serif;\"><img loading=\"lazy\" decoding=\"async\" class=\"alignnone wp-image-18308\" src=\"http:\/\/recettes-gourmandes-de-joce.fr\/wp-content\/uploads\/2020\/03\/Logitech-Gaming-Software-17032020-175038-150x150.jpg\" alt=\"\" width=\"239\" height=\"160\" srcset=\"http:\/\/recettes-gourmandes-de-joce.fr\/wp-content\/uploads\/2020\/03\/Logitech-Gaming-Software-17032020-175038-300x201.jpg 300w, http:\/\/recettes-gourmandes-de-joce.fr\/wp-content\/uploads\/2020\/03\/Logitech-Gaming-Software-17032020-175038.jpg 677w\" sizes=\"auto, (max-width: 239px) 100vw, 239px\" \/> <img loading=\"lazy\" decoding=\"async\" class=\"alignnone wp-image-18309\" src=\"http:\/\/recettes-gourmandes-de-joce.fr\/wp-content\/uploads\/2020\/03\/Logitech-Gaming-Software-17032020-175043.bmp-150x150.jpg\" alt=\"\" width=\"213\" height=\"160\" srcset=\"http:\/\/recettes-gourmandes-de-joce.fr\/wp-content\/uploads\/2020\/03\/Logitech-Gaming-Software-17032020-175043.bmp-300x226.jpg 300w, http:\/\/recettes-gourmandes-de-joce.fr\/wp-content\/uploads\/2020\/03\/Logitech-Gaming-Software-17032020-175043.bmp.jpg 678w\" sizes=\"auto, (max-width: 213px) 100vw, 213px\" \/> <img loading=\"lazy\" decoding=\"async\" class=\"alignnone wp-image-18310\" src=\"http:\/\/recettes-gourmandes-de-joce.fr\/wp-content\/uploads\/2020\/03\/Logitech-Gaming-Software-17032020-175046-150x150.jpg\" alt=\"\" width=\"216\" height=\"160\" srcset=\"http:\/\/recettes-gourmandes-de-joce.fr\/wp-content\/uploads\/2020\/03\/Logitech-Gaming-Software-17032020-175046-300x223.jpg 300w, http:\/\/recettes-gourmandes-de-joce.fr\/wp-content\/uploads\/2020\/03\/Logitech-Gaming-Software-17032020-175046.jpg 679w\" sizes=\"auto, (max-width: 216px) 100vw, 216px\" \/><\/span><\/em><\/p>\n<p style=\"text-align: center;\"><em><span style=\"font-family: georgia, palatino, serif;\"><span style=\"color: #ff0000; font-size: large;\">Laver et couper la courgette en tout petits d\u00e9s, peler et laver la carotte et couper la de la m\u00eame fa\u00e7on, laver et ciseler le persil, peler et \u00e9mincer l&rsquo;oignon et les gousses d&rsquo;ail (les d\u00e9germer). Dans une po\u00eale mettre un filet d&rsquo;huile d&rsquo;olive \u00e0 chauffer et y mettre les oignons \u00e0 suer, les saler.<\/span><\/span><\/em><\/p>\n<p style=\"text-align: center;\"><em><span style=\"font-family: georgia, palatino, serif;\"><span style=\"color: #ff0000; font-size: large;\">\u00a0<\/span><img loading=\"lazy\" decoding=\"async\" class=\"alignnone wp-image-18311\" src=\"http:\/\/recettes-gourmandes-de-joce.fr\/wp-content\/uploads\/2020\/03\/Logitech-Gaming-Software-17032020-175049-150x150.jpg\" alt=\"\" width=\"194\" height=\"160\" srcset=\"http:\/\/recettes-gourmandes-de-joce.fr\/wp-content\/uploads\/2020\/03\/Logitech-Gaming-Software-17032020-175049-300x247.jpg 300w, http:\/\/recettes-gourmandes-de-joce.fr\/wp-content\/uploads\/2020\/03\/Logitech-Gaming-Software-17032020-175049.jpg 680w\" sizes=\"auto, (max-width: 194px) 100vw, 194px\" \/> <img loading=\"lazy\" decoding=\"async\" class=\"alignnone wp-image-18301\" src=\"http:\/\/recettes-gourmandes-de-joce.fr\/wp-content\/uploads\/2020\/03\/P2200121-150x150.jpg\" alt=\"\" width=\"214\" height=\"160\" srcset=\"http:\/\/recettes-gourmandes-de-joce.fr\/wp-content\/uploads\/2020\/03\/P2200121-300x225.jpg 300w, http:\/\/recettes-gourmandes-de-joce.fr\/wp-content\/uploads\/2020\/03\/P2200121.jpg 550w\" sizes=\"auto, (max-width: 214px) 100vw, 214px\" \/> <img loading=\"lazy\" decoding=\"async\" class=\"alignnone wp-image-18312\" src=\"http:\/\/recettes-gourmandes-de-joce.fr\/wp-content\/uploads\/2020\/03\/Logitech-Gaming-Software-17032020-175054-150x150.jpg\" alt=\"\" width=\"214\" height=\"160\" srcset=\"http:\/\/recettes-gourmandes-de-joce.fr\/wp-content\/uploads\/2020\/03\/Logitech-Gaming-Software-17032020-175054-300x224.jpg 300w, http:\/\/recettes-gourmandes-de-joce.fr\/wp-content\/uploads\/2020\/03\/Logitech-Gaming-Software-17032020-175054.jpg 678w\" sizes=\"auto, (max-width: 214px) 100vw, 214px\" \/><\/span><\/em><\/p>\n<p style=\"text-align: center;\"><em><span style=\"font-family: georgia, palatino, serif;\"><span style=\"color: #ff0000; font-size: large;\">Ajouter ensuite les d\u00e9s de carottes, les laisser suer quelques secondes, ajouter les d\u00e9s de courgettes, m\u00e9langer, ajouter l&rsquo;ail.<\/span><\/span><\/em><\/p>\n<p style=\"text-align: center;\"><em><span style=\"font-family: georgia, palatino, serif;\"><span style=\"color: #ff0000; font-size: large;\"> <img loading=\"lazy\" decoding=\"async\" class=\"alignnone wp-image-18313\" src=\"http:\/\/recettes-gourmandes-de-joce.fr\/wp-content\/uploads\/2020\/03\/Logitech-Gaming-Software-17032020-175058-150x150.jpg\" alt=\"\" width=\"214\" height=\"160\" srcset=\"http:\/\/recettes-gourmandes-de-joce.fr\/wp-content\/uploads\/2020\/03\/Logitech-Gaming-Software-17032020-175058-300x224.jpg 300w, http:\/\/recettes-gourmandes-de-joce.fr\/wp-content\/uploads\/2020\/03\/Logitech-Gaming-Software-17032020-175058.jpg 681w\" sizes=\"auto, (max-width: 214px) 100vw, 214px\" \/> <img loading=\"lazy\" decoding=\"async\" class=\"alignnone wp-image-18314\" src=\"http:\/\/recettes-gourmandes-de-joce.fr\/wp-content\/uploads\/2020\/03\/Logitech-Gaming-Software-17032020-175102-150x150.jpg\" alt=\"\" width=\"194\" height=\"160\" srcset=\"http:\/\/recettes-gourmandes-de-joce.fr\/wp-content\/uploads\/2020\/03\/Logitech-Gaming-Software-17032020-175102-300x247.jpg 300w, http:\/\/recettes-gourmandes-de-joce.fr\/wp-content\/uploads\/2020\/03\/Logitech-Gaming-Software-17032020-175102.jpg 680w\" sizes=\"auto, (max-width: 194px) 100vw, 194px\" \/> <img loading=\"lazy\" decoding=\"async\" class=\"alignnone wp-image-18315\" src=\"http:\/\/recettes-gourmandes-de-joce.fr\/wp-content\/uploads\/2020\/03\/Logitech-Gaming-Software-17032020-175105-150x150.jpg\" alt=\"\" width=\"210\" height=\"160\" srcset=\"http:\/\/recettes-gourmandes-de-joce.fr\/wp-content\/uploads\/2020\/03\/Logitech-Gaming-Software-17032020-175105-300x228.jpg 300w, http:\/\/recettes-gourmandes-de-joce.fr\/wp-content\/uploads\/2020\/03\/Logitech-Gaming-Software-17032020-175105.jpg 672w\" sizes=\"auto, (max-width: 210px) 100vw, 210px\" \/><\/span><\/span><\/em><\/p>\n<p style=\"text-align: center;\"><em><span style=\"font-family: georgia, palatino, serif;\"><span style=\"color: #ff0000; font-size: large;\">Ajouter ensuite le persil et remuer \u00e0 nouveau, laisser mijoter environ 5 minutes \u00e0 feux doux en remuant de temps en temps, ajouter ensuite la viande et m\u00e9langer, saler et poivrer et laisser cuire \u00e0 nouveau 5 minutes en remuant.<\/span><\/span><\/em><\/p>\n<p style=\"text-align: center;\"><em><span style=\"font-family: georgia, palatino, serif;\"><img loading=\"lazy\" decoding=\"async\" class=\"alignnone wp-image-18300\" src=\"http:\/\/recettes-gourmandes-de-joce.fr\/wp-content\/uploads\/2020\/03\/P2200127-150x150.jpg\" alt=\"\" width=\"190\" height=\"160\" srcset=\"http:\/\/recettes-gourmandes-de-joce.fr\/wp-content\/uploads\/2020\/03\/P2200127-300x253.jpg 300w, http:\/\/recettes-gourmandes-de-joce.fr\/wp-content\/uploads\/2020\/03\/P2200127.jpg 550w\" sizes=\"auto, (max-width: 190px) 100vw, 190px\" \/> <img loading=\"lazy\" decoding=\"async\" class=\"alignnone wp-image-18317\" src=\"http:\/\/recettes-gourmandes-de-joce.fr\/wp-content\/uploads\/2020\/03\/Logitech-Gaming-Software-17032020-175113.bmp-150x150.jpg\" alt=\"\" width=\"215\" height=\"160\" srcset=\"http:\/\/recettes-gourmandes-de-joce.fr\/wp-content\/uploads\/2020\/03\/Logitech-Gaming-Software-17032020-175113.bmp-300x224.jpg 300w, http:\/\/recettes-gourmandes-de-joce.fr\/wp-content\/uploads\/2020\/03\/Logitech-Gaming-Software-17032020-175113.bmp.jpg 671w\" sizes=\"auto, (max-width: 215px) 100vw, 215px\" \/> <a title=\"titre de l'image\" href=\"http:\/\/jocelyne.debon.free.fr\/spaghetti-ail-ours\/spaghetti-ail-ours12.JPG\" rel=\"iframe\"><img loading=\"lazy\" decoding=\"async\" class=\"lazy-loaded alignnone\" src=\"http:\/\/jocelyne.debon.free.fr\/spaghetti-ail-ours\/spaghetti-ail-ours12.JPG\" alt=\"\" width=\"200\" height=\"492\" data-lazy-type=\"image\" data-src=\"http:\/\/jocelyne.debon.free.fr\/spaghetti-ail-ours\/spaghetti-ail-ours12.JPG\" \/><\/a><\/span><\/em><\/p>\n<p style=\"text-align: center;\"><em><span style=\"font-family: georgia, palatino, serif;\"><span style=\"color: #ff0000; font-size: large;\">Verser ensuite le coulis de tomate et laisser chauffer vraiment \u00e0 feux tr\u00e8s doux une dizaine de minutes, mettre \u00e0 chauffer de l&rsquo;eau sal\u00e9e pour cuire , les spaghettis, lorsqu&rsquo;ils sont cuits les \u00e9goutter.<\/span><\/span><\/em><\/p>\n<p style=\"text-align: center;\"><em><span style=\"font-family: georgia, palatino, serif;\"><img loading=\"lazy\" decoding=\"async\" class=\"alignnone wp-image-18318\" src=\"http:\/\/recettes-gourmandes-de-joce.fr\/wp-content\/uploads\/2020\/03\/Logitech-Gaming-Software-17032020-175116-150x150.jpg\" alt=\"\" width=\"230\" height=\"160\" srcset=\"http:\/\/recettes-gourmandes-de-joce.fr\/wp-content\/uploads\/2020\/03\/Logitech-Gaming-Software-17032020-175116-300x209.jpg 300w, http:\/\/recettes-gourmandes-de-joce.fr\/wp-content\/uploads\/2020\/03\/Logitech-Gaming-Software-17032020-175116.jpg 480w\" sizes=\"auto, (max-width: 230px) 100vw, 230px\" \/><\/span><\/em><\/p>\n<p style=\"text-align: center;\"><em><span style=\"font-family: georgia, palatino, serif;\"><span style=\"color: #ff0000; font-size: large;\"><span style=\"color: #ff0000; font-family: georgia, palatino, serif; font-size: large;\">R\u00e2per le pecorino et servir les spaghettis accompagn\u00e9s de la viande \u00e0 la tomate et du pecorino.<\/span><\/span><\/span><\/em><\/p>\n<p style=\"text-align: center;\"><em><span style=\"font-family: georgia, palatino, serif;\"><span style=\"color: #ff0000; font-size: large;\">Bon app\u00e9tit!<\/span><\/span><\/em><\/p>\n<p style=\"text-align: center;\"><em><span style=\"font-family: georgia, palatino, serif;\"><span style=\"color: #ff0000; font-size: large;\">Une fa\u00e7on sympa de faire manger des l\u00e9gumes aux enfants \u00e0 leur insu!<\/span><\/span><\/em><\/p>\n<p style=\"text-align: center;\"><img loading=\"lazy\" decoding=\"async\" class=\"alignnone wp-image-38254\" src=\"http:\/\/recettes-gourmandes-de-joce.fr\/wp-content\/uploads\/2021\/08\/P2200137-300x232.jpg\" alt=\"\" width=\"232\" height=\"180\" srcset=\"http:\/\/recettes-gourmandes-de-joce.fr\/wp-content\/uploads\/2021\/08\/P2200137-300x232.jpg 300w, http:\/\/recettes-gourmandes-de-joce.fr\/wp-content\/uploads\/2021\/08\/P2200137.jpg 550w\" sizes=\"auto, (max-width: 232px) 100vw, 232px\" \/> <img loading=\"lazy\" decoding=\"async\" class=\"alignnone wp-image-38255\" src=\"http:\/\/recettes-gourmandes-de-joce.fr\/wp-content\/uploads\/2021\/08\/P2200138-300x214.jpg\" alt=\"\" width=\"252\" height=\"180\" srcset=\"http:\/\/recettes-gourmandes-de-joce.fr\/wp-content\/uploads\/2021\/08\/P2200138-300x214.jpg 300w, http:\/\/recettes-gourmandes-de-joce.fr\/wp-content\/uploads\/2021\/08\/P2200138.jpg 550w\" sizes=\"auto, (max-width: 252px) 100vw, 252px\" \/> <img loading=\"lazy\" decoding=\"async\" class=\"alignnone wp-image-38256\" src=\"http:\/\/recettes-gourmandes-de-joce.fr\/wp-content\/uploads\/2021\/08\/P2200143-300x225.jpg\" alt=\"\" width=\"240\" height=\"180\" srcset=\"http:\/\/recettes-gourmandes-de-joce.fr\/wp-content\/uploads\/2021\/08\/P2200143-300x225.jpg 300w, http:\/\/recettes-gourmandes-de-joce.fr\/wp-content\/uploads\/2021\/08\/P2200143.jpg 550w\" sizes=\"auto, (max-width: 240px) 100vw, 240px\" \/><\/p>\n<p style=\"text-align: center;\"><em><span style=\"color: #ff0000; font-size: large; font-family: georgia, palatino, serif;\"><img decoding=\"async\" src=\"http:\/\/recettes-gourmandes-de-joce.fr\/wp-content\/uploads\/2019\/09\/logitech-gaming-software-14112014-121223.jpg\" \/>\u00a0 <\/span><\/em><\/p>\n","protected":false},"excerpt":{"rendered":"<p>Une de mes recettes Ingr\u00e9dients pour 4 personnes 500 g de spaghettis 500 g de steak hacher 1 gros oignon 1 bouquet de persil plat 4 gousses d&rsquo;ail 1 carotte 1 petite courgette 500 ml de coulis de tomates Sel et poivre Huile d&rsquo;olive Pecorino\u00a0ou parmesan Laver et couper la courgette en tout petits d\u00e9s, &hellip; <\/p>\n<p><a class=\"more-link btn\" href=\"http:\/\/recettes-gourmandes-de-joce.fr\/index.php\/index\/legumes\/pates\/spaghettis-bolognaise-a-ma-facon\/\">Lire la suite<\/a><\/p>\n","protected":false},"author":2,"featured_media":86246,"parent":160,"menu_order":0,"comment_status":"open","ping_status":"closed","template":"","meta":{"footnotes":""},"class_list":["post-18299","page","type-page","status-publish","has-post-thumbnail","hentry","nodate","item-wrap"],"_links":{"self":[{"href":"http:\/\/recettes-gourmandes-de-joce.fr\/index.php\/wp-json\/wp\/v2\/pages\/18299","targetHints":{"allow":["GET"]}}],"collection":[{"href":"http:\/\/recettes-gourmandes-de-joce.fr\/index.php\/wp-json\/wp\/v2\/pages"}],"about":[{"href":"http:\/\/recettes-gourmandes-de-joce.fr\/index.php\/wp-json\/wp\/v2\/types\/page"}],"author":[{"embeddable":true,"href":"http:\/\/recettes-gourmandes-de-joce.fr\/index.php\/wp-json\/wp\/v2\/users\/2"}],"replies":[{"embeddable":true,"href":"http:\/\/recettes-gourmandes-de-joce.fr\/index.php\/wp-json\/wp\/v2\/comments?post=18299"}],"version-history":[{"count":5,"href":"http:\/\/recettes-gourmandes-de-joce.fr\/index.php\/wp-json\/wp\/v2\/pages\/18299\/revisions"}],"predecessor-version":[{"id":86247,"href":"http:\/\/recettes-gourmandes-de-joce.fr\/index.php\/wp-json\/wp\/v2\/pages\/18299\/revisions\/86247"}],"up":[{"embeddable":true,"href":"http:\/\/recettes-gourmandes-de-joce.fr\/index.php\/wp-json\/wp\/v2\/pages\/160"}],"wp:featuredmedia":[{"embeddable":true,"href":"http:\/\/recettes-gourmandes-de-joce.fr\/index.php\/wp-json\/wp\/v2\/media\/86246"}],"wp:attachment":[{"href":"http:\/\/recettes-gourmandes-de-joce.fr\/index.php\/wp-json\/wp\/v2\/media?parent=18299"}],"curies":[{"name":"wp","href":"https:\/\/api.w.org\/{rel}","templated":true}]}}