{"id":1822,"date":"2019-09-30T10:14:25","date_gmt":"2019-09-30T10:14:25","guid":{"rendered":"http:\/\/recettes-gourmandes-de-joce.fr\/?page_id=1822"},"modified":"2025-03-25T10:06:04","modified_gmt":"2025-03-25T10:06:04","slug":"txistorra-et-son-ecrase-de-pommes-de-terre-aille","status":"publish","type":"page","link":"http:\/\/recettes-gourmandes-de-joce.fr\/index.php\/index\/viandes\/saucisses-chipolatas-merguez-andouille-etc\/txistorra-et-son-ecrase-de-pommes-de-terre-aille\/","title":{"rendered":"Txistorra et son \u00e9cras\u00e9 de pommes de terre aill\u00e9."},"content":{"rendered":"<p style=\"text-align: center;\"><span style=\"font-family: georgia,serif;\"><span style=\"color: #ff8c00;\"><span style=\"text-decoration: underline;\"><em><span style=\"font-size: x-large;\">Une de mes recettes<\/span><\/em><\/span><\/span><\/span><\/p>\n<p style=\"text-align: center;\"><img loading=\"lazy\" decoding=\"async\" class=\"alignnone wp-image-49788\" src=\"http:\/\/recettes-gourmandes-de-joce.fr\/wp-content\/uploads\/2023\/04\/Txistorra-ecrase-pdt2-300x225.jpg\" alt=\"\" width=\"240\" height=\"180\" srcset=\"http:\/\/recettes-gourmandes-de-joce.fr\/wp-content\/uploads\/2023\/04\/Txistorra-ecrase-pdt2-300x225.jpg 300w, http:\/\/recettes-gourmandes-de-joce.fr\/wp-content\/uploads\/2023\/04\/Txistorra-ecrase-pdt2-768x576.jpg 768w, http:\/\/recettes-gourmandes-de-joce.fr\/wp-content\/uploads\/2023\/04\/Txistorra-ecrase-pdt2-750x563.jpg 750w, http:\/\/recettes-gourmandes-de-joce.fr\/wp-content\/uploads\/2023\/04\/Txistorra-ecrase-pdt2.jpg 1024w\" sizes=\"auto, (max-width: 240px) 100vw, 240px\" \/> \u00a0<img loading=\"lazy\" decoding=\"async\" class=\"alignnone wp-image-49785\" src=\"http:\/\/recettes-gourmandes-de-joce.fr\/wp-content\/uploads\/2023\/04\/Txistorra-ecrase-pdt18-300x225.jpg\" alt=\"\" width=\"240\" height=\"180\" srcset=\"http:\/\/recettes-gourmandes-de-joce.fr\/wp-content\/uploads\/2023\/04\/Txistorra-ecrase-pdt18-300x225.jpg 300w, http:\/\/recettes-gourmandes-de-joce.fr\/wp-content\/uploads\/2023\/04\/Txistorra-ecrase-pdt18-768x576.jpg 768w, http:\/\/recettes-gourmandes-de-joce.fr\/wp-content\/uploads\/2023\/04\/Txistorra-ecrase-pdt18-750x563.jpg 750w, http:\/\/recettes-gourmandes-de-joce.fr\/wp-content\/uploads\/2023\/04\/Txistorra-ecrase-pdt18.jpg 1024w\" sizes=\"auto, (max-width: 240px) 100vw, 240px\" \/><img loading=\"lazy\" decoding=\"async\" class=\"alignnone wp-image-49789\" src=\"http:\/\/recettes-gourmandes-de-joce.fr\/wp-content\/uploads\/2023\/04\/Txistorra-ecrase-pdt3-300x199.jpg\" alt=\"\" width=\"272\" height=\"180\" srcset=\"http:\/\/recettes-gourmandes-de-joce.fr\/wp-content\/uploads\/2023\/04\/Txistorra-ecrase-pdt3-300x199.jpg 300w, http:\/\/recettes-gourmandes-de-joce.fr\/wp-content\/uploads\/2023\/04\/Txistorra-ecrase-pdt3-768x509.jpg 768w, http:\/\/recettes-gourmandes-de-joce.fr\/wp-content\/uploads\/2023\/04\/Txistorra-ecrase-pdt3-750x497.jpg 750w, http:\/\/recettes-gourmandes-de-joce.fr\/wp-content\/uploads\/2023\/04\/Txistorra-ecrase-pdt3.jpg 1024w\" sizes=\"auto, (max-width: 272px) 100vw, 272px\" \/><\/p>\n<p style=\"text-align: center;\"><span style=\"font-family: georgia,serif;\"><span style=\"color: #ff8c00;\"><span style=\"font-size: x-large; text-decoration: underline;\"><em>Ingr\u00e9dients pour 4 personnes<\/em><\/span><\/span><\/span><\/p>\n<p style=\"text-align: center;\"><img loading=\"lazy\" decoding=\"async\" class=\"alignnone wp-image-49791\" src=\"http:\/\/recettes-gourmandes-de-joce.fr\/wp-content\/uploads\/2023\/04\/Txistorra-ecrase-pdt4-300x207.jpg\" alt=\"\" width=\"289\" height=\"200\" srcset=\"http:\/\/recettes-gourmandes-de-joce.fr\/wp-content\/uploads\/2023\/04\/Txistorra-ecrase-pdt4-300x207.jpg 300w, http:\/\/recettes-gourmandes-de-joce.fr\/wp-content\/uploads\/2023\/04\/Txistorra-ecrase-pdt4-768x531.jpg 768w, http:\/\/recettes-gourmandes-de-joce.fr\/wp-content\/uploads\/2023\/04\/Txistorra-ecrase-pdt4-750x519.jpg 750w, http:\/\/recettes-gourmandes-de-joce.fr\/wp-content\/uploads\/2023\/04\/Txistorra-ecrase-pdt4.jpg 1024w\" sizes=\"auto, (max-width: 289px) 100vw, 289px\" \/><\/p>\n<p style=\"text-align: center;\"><span style=\"font-family: georgia, serif; font-size: 14pt;\"><span style=\"color: #ff8c00;\"><em>2 Txistorras d\u00e9tails sur ce lien\u00a0<\/em><\/span><\/span><\/p>\n<p style=\"text-align: center;\"><span style=\"font-family: georgia, serif; font-size: 14pt;\"><span style=\"color: #ff8c00;\"><em>10 belles pommes de terre<\/em><\/span><\/span><\/p>\n<p style=\"text-align: center;\"><span style=\"font-family: georgia, serif; font-size: 14pt;\"><span style=\"color: #ff8c00;\"><em>1 petit bouquet de persil plat<\/em><\/span><\/span><\/p>\n<p style=\"text-align: center;\"><span style=\"font-family: georgia, serif; font-size: 14pt;\"><span style=\"color: #ff8c00;\"><em>3 gousses d&rsquo;ail<\/em><\/span><\/span><\/p>\n<p style=\"text-align: center;\"><span style=\"font-family: georgia, serif; font-size: 14pt;\"><span style=\"color: #ff8c00;\"><em>50 g de beurre<\/em><\/span><\/span><\/p>\n<p style=\"text-align: center;\"><span style=\"font-family: georgia, serif; font-size: 14pt;\"><span style=\"color: #ff8c00;\"><em>2 bonnes c \u00e0 s de cr\u00e8me fra\u00eeche<\/em><\/span><\/span><\/p>\n<p style=\"text-align: center;\"><span style=\"font-family: georgia, serif; font-size: 14pt;\"><span style=\"color: #ff8c00;\"><em>Sel et poivre<\/em><\/span><\/span><\/p>\n<p style=\"text-align: center;\"><span style=\"font-family: georgia,serif;\"><span style=\"font-size: 20px;\"><em><img loading=\"lazy\" decoding=\"async\" class=\"alignnone wp-image-49792\" src=\"http:\/\/recettes-gourmandes-de-joce.fr\/wp-content\/uploads\/2023\/04\/Txistorra-ecrase-pdt5-300x225.jpg\" alt=\"\" width=\"227\" height=\"170\" srcset=\"http:\/\/recettes-gourmandes-de-joce.fr\/wp-content\/uploads\/2023\/04\/Txistorra-ecrase-pdt5-300x225.jpg 300w, http:\/\/recettes-gourmandes-de-joce.fr\/wp-content\/uploads\/2023\/04\/Txistorra-ecrase-pdt5-768x576.jpg 768w, http:\/\/recettes-gourmandes-de-joce.fr\/wp-content\/uploads\/2023\/04\/Txistorra-ecrase-pdt5-750x563.jpg 750w, http:\/\/recettes-gourmandes-de-joce.fr\/wp-content\/uploads\/2023\/04\/Txistorra-ecrase-pdt5.jpg 1024w\" sizes=\"auto, (max-width: 227px) 100vw, 227px\" \/> <img loading=\"lazy\" decoding=\"async\" class=\"alignnone wp-image-49793\" src=\"http:\/\/recettes-gourmandes-de-joce.fr\/wp-content\/uploads\/2023\/04\/Txistorra-ecrase-pdt6-300x183.jpg\" alt=\"\" width=\"278\" height=\"170\" srcset=\"http:\/\/recettes-gourmandes-de-joce.fr\/wp-content\/uploads\/2023\/04\/Txistorra-ecrase-pdt6-300x183.jpg 300w, http:\/\/recettes-gourmandes-de-joce.fr\/wp-content\/uploads\/2023\/04\/Txistorra-ecrase-pdt6-768x470.jpg 768w, http:\/\/recettes-gourmandes-de-joce.fr\/wp-content\/uploads\/2023\/04\/Txistorra-ecrase-pdt6-750x458.jpg 750w, http:\/\/recettes-gourmandes-de-joce.fr\/wp-content\/uploads\/2023\/04\/Txistorra-ecrase-pdt6.jpg 1024w\" sizes=\"auto, (max-width: 278px) 100vw, 278px\" \/> <img loading=\"lazy\" decoding=\"async\" class=\"alignnone wp-image-49794\" src=\"http:\/\/recettes-gourmandes-de-joce.fr\/wp-content\/uploads\/2023\/04\/Txistorra-ecrase-pdt7-300x225.jpg\" alt=\"\" width=\"227\" height=\"170\" srcset=\"http:\/\/recettes-gourmandes-de-joce.fr\/wp-content\/uploads\/2023\/04\/Txistorra-ecrase-pdt7-300x225.jpg 300w, http:\/\/recettes-gourmandes-de-joce.fr\/wp-content\/uploads\/2023\/04\/Txistorra-ecrase-pdt7-768x576.jpg 768w, http:\/\/recettes-gourmandes-de-joce.fr\/wp-content\/uploads\/2023\/04\/Txistorra-ecrase-pdt7-750x563.jpg 750w, http:\/\/recettes-gourmandes-de-joce.fr\/wp-content\/uploads\/2023\/04\/Txistorra-ecrase-pdt7.jpg 1024w\" sizes=\"auto, (max-width: 227px) 100vw, 227px\" \/><\/em><\/span><\/span><\/p>\n<p style=\"text-align: center;\"><span style=\"font-family: georgia, serif; font-size: 14pt;\"><span style=\"color: #ff8c00;\"><em>Peler, laver et couper les pommes de terre en morceaux, saler et poivrer, couvrir d&rsquo;eau et mettre \u00e0 cuire. Pendant ce temps mettre les txistorras \u00e0 cuire \u00e0 la plancha ou dans une po\u00eale ou encore au barbecue (cuisson identique aux merguez). Peler, d\u00e9germer et couper grossi\u00e8rement les gousses d&rsquo;ail, laver et ciseler grossi\u00e8rement le persil.<\/em><\/span><\/span><\/p>\n<p style=\"text-align: center;\"><img loading=\"lazy\" decoding=\"async\" class=\"alignnone wp-image-49795\" src=\"http:\/\/recettes-gourmandes-de-joce.fr\/wp-content\/uploads\/2023\/04\/Txistorra-ecrase-pdt8-300x273.jpg\" alt=\"\" width=\"187\" height=\"170\" srcset=\"http:\/\/recettes-gourmandes-de-joce.fr\/wp-content\/uploads\/2023\/04\/Txistorra-ecrase-pdt8-300x273.jpg 300w, http:\/\/recettes-gourmandes-de-joce.fr\/wp-content\/uploads\/2023\/04\/Txistorra-ecrase-pdt8-768x699.jpg 768w, http:\/\/recettes-gourmandes-de-joce.fr\/wp-content\/uploads\/2023\/04\/Txistorra-ecrase-pdt8-750x683.jpg 750w, http:\/\/recettes-gourmandes-de-joce.fr\/wp-content\/uploads\/2023\/04\/Txistorra-ecrase-pdt8.jpg 1024w\" sizes=\"auto, (max-width: 187px) 100vw, 187px\" \/> <img loading=\"lazy\" decoding=\"async\" class=\"alignnone wp-image-49796\" src=\"http:\/\/recettes-gourmandes-de-joce.fr\/wp-content\/uploads\/2023\/04\/Txistorra-ecrase-pdt9-300x253.jpg\" alt=\"\" width=\"201\" height=\"170\" srcset=\"http:\/\/recettes-gourmandes-de-joce.fr\/wp-content\/uploads\/2023\/04\/Txistorra-ecrase-pdt9-300x253.jpg 300w, http:\/\/recettes-gourmandes-de-joce.fr\/wp-content\/uploads\/2023\/04\/Txistorra-ecrase-pdt9-768x649.jpg 768w, http:\/\/recettes-gourmandes-de-joce.fr\/wp-content\/uploads\/2023\/04\/Txistorra-ecrase-pdt9-750x634.jpg 750w, http:\/\/recettes-gourmandes-de-joce.fr\/wp-content\/uploads\/2023\/04\/Txistorra-ecrase-pdt9.jpg 1024w\" sizes=\"auto, (max-width: 201px) 100vw, 201px\" \/> <img loading=\"lazy\" decoding=\"async\" class=\"alignnone wp-image-49797\" src=\"http:\/\/recettes-gourmandes-de-joce.fr\/wp-content\/uploads\/2023\/04\/Txistorra-ecrase-pdt10-300x248.jpg\" alt=\"\" width=\"206\" height=\"170\" srcset=\"http:\/\/recettes-gourmandes-de-joce.fr\/wp-content\/uploads\/2023\/04\/Txistorra-ecrase-pdt10-300x248.jpg 300w, http:\/\/recettes-gourmandes-de-joce.fr\/wp-content\/uploads\/2023\/04\/Txistorra-ecrase-pdt10-768x635.jpg 768w, http:\/\/recettes-gourmandes-de-joce.fr\/wp-content\/uploads\/2023\/04\/Txistorra-ecrase-pdt10-750x620.jpg 750w, http:\/\/recettes-gourmandes-de-joce.fr\/wp-content\/uploads\/2023\/04\/Txistorra-ecrase-pdt10.jpg 1024w\" sizes=\"auto, (max-width: 206px) 100vw, 206px\" \/><\/p>\n<p style=\"text-align: center;\"><span style=\"font-family: georgia, serif; font-size: 14pt;\"><span style=\"color: #ff8c00;\"><em>Mettre l&rsquo;ail et le persil dans le bol du robot et mixer finement. Dans une casserole, mettre la cr\u00e8me, le beurre, saler et poivrer.<\/em><\/span><\/span><\/p>\n<p style=\"text-align: center;\"><span style=\"font-family: georgia,serif;\"><span style=\"font-size: 20px;\"><em><a title=\"titre de l'image\" href=\"http:\/\/jocelyne.debon.free.fr\/Txistorra-ecrase-pdt\/Txistorra-ecrase-pdt11.JPG\" rel=\"iframe\"><span style=\"color: #ff8c00;\">\u00a0<\/span><\/a><\/em><\/span><\/span><img loading=\"lazy\" decoding=\"async\" class=\"alignnone wp-image-49778\" src=\"http:\/\/recettes-gourmandes-de-joce.fr\/wp-content\/uploads\/2023\/04\/Txistorra-ecrase-pdt11-300x225.jpg\" alt=\"\" width=\"227\" height=\"170\" srcset=\"http:\/\/recettes-gourmandes-de-joce.fr\/wp-content\/uploads\/2023\/04\/Txistorra-ecrase-pdt11-300x225.jpg 300w, http:\/\/recettes-gourmandes-de-joce.fr\/wp-content\/uploads\/2023\/04\/Txistorra-ecrase-pdt11-768x576.jpg 768w, http:\/\/recettes-gourmandes-de-joce.fr\/wp-content\/uploads\/2023\/04\/Txistorra-ecrase-pdt11-750x563.jpg 750w, http:\/\/recettes-gourmandes-de-joce.fr\/wp-content\/uploads\/2023\/04\/Txistorra-ecrase-pdt11.jpg 1024w\" sizes=\"auto, (max-width: 227px) 100vw, 227px\" \/><em style=\"font-size: 20px; font-family: georgia, serif;\"><span style=\"color: #ff8c00;\">\u00a0<\/span><img loading=\"lazy\" decoding=\"async\" class=\"alignnone wp-image-49779\" src=\"http:\/\/recettes-gourmandes-de-joce.fr\/wp-content\/uploads\/2023\/04\/Txistorra-ecrase-pdt12-300x225.jpg\" alt=\"\" width=\"227\" height=\"170\" srcset=\"http:\/\/recettes-gourmandes-de-joce.fr\/wp-content\/uploads\/2023\/04\/Txistorra-ecrase-pdt12-300x225.jpg 300w, http:\/\/recettes-gourmandes-de-joce.fr\/wp-content\/uploads\/2023\/04\/Txistorra-ecrase-pdt12-768x576.jpg 768w, http:\/\/recettes-gourmandes-de-joce.fr\/wp-content\/uploads\/2023\/04\/Txistorra-ecrase-pdt12-750x563.jpg 750w, http:\/\/recettes-gourmandes-de-joce.fr\/wp-content\/uploads\/2023\/04\/Txistorra-ecrase-pdt12.jpg 1024w\" sizes=\"auto, (max-width: 227px) 100vw, 227px\" \/> <img loading=\"lazy\" decoding=\"async\" class=\"alignnone wp-image-49780\" src=\"http:\/\/recettes-gourmandes-de-joce.fr\/wp-content\/uploads\/2023\/04\/Txistorra-ecrase-pdt13-300x210.jpg\" alt=\"\" width=\"243\" height=\"170\" srcset=\"http:\/\/recettes-gourmandes-de-joce.fr\/wp-content\/uploads\/2023\/04\/Txistorra-ecrase-pdt13-300x210.jpg 300w, http:\/\/recettes-gourmandes-de-joce.fr\/wp-content\/uploads\/2023\/04\/Txistorra-ecrase-pdt13-768x537.jpg 768w, http:\/\/recettes-gourmandes-de-joce.fr\/wp-content\/uploads\/2023\/04\/Txistorra-ecrase-pdt13-750x524.jpg 750w, http:\/\/recettes-gourmandes-de-joce.fr\/wp-content\/uploads\/2023\/04\/Txistorra-ecrase-pdt13.jpg 1024w\" sizes=\"auto, (max-width: 243px) 100vw, 243px\" \/>\u00a0<\/em><\/p>\n<p style=\"text-align: center;\"><span style=\"font-family: georgia, serif; font-size: 14pt;\"><span style=\"color: #ff8c00;\"><em>Ajouter le persil et mettre \u00e0 chauffer doucement, lorsque le m\u00e9langer est homog\u00e8ne, le r\u00e9server le temps d&rsquo;\u00e9goutter les pommes de terre d\u00e8s qu&rsquo;elles sont cuites.<\/em><\/span><\/span><\/p>\n<p style=\"text-align: center;\"><span style=\"font-family: georgia,serif;\"><span style=\"font-size: 20px;\"><em><img loading=\"lazy\" decoding=\"async\" class=\"alignnone wp-image-49781\" src=\"http:\/\/recettes-gourmandes-de-joce.fr\/wp-content\/uploads\/2023\/04\/Txistorra-ecrase-pdt14-300x246.jpg\" alt=\"\" width=\"207\" height=\"170\" srcset=\"http:\/\/recettes-gourmandes-de-joce.fr\/wp-content\/uploads\/2023\/04\/Txistorra-ecrase-pdt14-300x246.jpg 300w, http:\/\/recettes-gourmandes-de-joce.fr\/wp-content\/uploads\/2023\/04\/Txistorra-ecrase-pdt14-768x629.jpg 768w, http:\/\/recettes-gourmandes-de-joce.fr\/wp-content\/uploads\/2023\/04\/Txistorra-ecrase-pdt14-750x615.jpg 750w, http:\/\/recettes-gourmandes-de-joce.fr\/wp-content\/uploads\/2023\/04\/Txistorra-ecrase-pdt14.jpg 1024w\" sizes=\"auto, (max-width: 207px) 100vw, 207px\" \/> <img loading=\"lazy\" decoding=\"async\" class=\"alignnone wp-image-49782\" src=\"http:\/\/recettes-gourmandes-de-joce.fr\/wp-content\/uploads\/2023\/04\/Txistorra-ecrase-pdt15-300x225.jpg\" alt=\"\" width=\"226\" height=\"170\" srcset=\"http:\/\/recettes-gourmandes-de-joce.fr\/wp-content\/uploads\/2023\/04\/Txistorra-ecrase-pdt15-300x225.jpg 300w, http:\/\/recettes-gourmandes-de-joce.fr\/wp-content\/uploads\/2023\/04\/Txistorra-ecrase-pdt15-768x577.jpg 768w, http:\/\/recettes-gourmandes-de-joce.fr\/wp-content\/uploads\/2023\/04\/Txistorra-ecrase-pdt15-750x563.jpg 750w, http:\/\/recettes-gourmandes-de-joce.fr\/wp-content\/uploads\/2023\/04\/Txistorra-ecrase-pdt15.jpg 1024w\" sizes=\"auto, (max-width: 226px) 100vw, 226px\" \/> <img loading=\"lazy\" decoding=\"async\" class=\"alignnone wp-image-49783\" src=\"http:\/\/recettes-gourmandes-de-joce.fr\/wp-content\/uploads\/2023\/04\/Txistorra-ecrase-pdt16-300x232.jpg\" alt=\"\" width=\"220\" height=\"170\" srcset=\"http:\/\/recettes-gourmandes-de-joce.fr\/wp-content\/uploads\/2023\/04\/Txistorra-ecrase-pdt16-300x232.jpg 300w, http:\/\/recettes-gourmandes-de-joce.fr\/wp-content\/uploads\/2023\/04\/Txistorra-ecrase-pdt16-768x595.jpg 768w, http:\/\/recettes-gourmandes-de-joce.fr\/wp-content\/uploads\/2023\/04\/Txistorra-ecrase-pdt16-750x581.jpg 750w, http:\/\/recettes-gourmandes-de-joce.fr\/wp-content\/uploads\/2023\/04\/Txistorra-ecrase-pdt16.jpg 1024w\" sizes=\"auto, (max-width: 220px) 100vw, 220px\" \/><\/em><\/span><\/span><\/p>\n<p style=\"text-align: center;\"><span style=\"font-family: georgia, serif; font-size: 14pt;\"><span style=\"color: #ff8c00;\"><em>Les remettre ensuite dans la marmite, les \u00e9craser, puis ajouter le m\u00e9lange au persil. Bien remuer et servir accompagn\u00e9 des txistorras et d&rsquo;un peu du jus qu&rsquo;elles auront rendu lors de la cuisson<\/em><\/span><\/span><\/p>\n<p style=\"text-align: center;\"><span style=\"font-family: georgia, serif; font-size: 14pt;\"><span style=\"color: #ff8c00;\"><em>Bon app\u00e9tit!<\/em><\/span><\/span><\/p>\n<p style=\"text-align: center;\"><img loading=\"lazy\" decoding=\"async\" class=\"alignnone wp-image-49789\" src=\"http:\/\/recettes-gourmandes-de-joce.fr\/wp-content\/uploads\/2023\/04\/Txistorra-ecrase-pdt3-300x199.jpg\" alt=\"\" width=\"272\" height=\"180\" srcset=\"http:\/\/recettes-gourmandes-de-joce.fr\/wp-content\/uploads\/2023\/04\/Txistorra-ecrase-pdt3-300x199.jpg 300w, http:\/\/recettes-gourmandes-de-joce.fr\/wp-content\/uploads\/2023\/04\/Txistorra-ecrase-pdt3-768x509.jpg 768w, http:\/\/recettes-gourmandes-de-joce.fr\/wp-content\/uploads\/2023\/04\/Txistorra-ecrase-pdt3-750x497.jpg 750w, http:\/\/recettes-gourmandes-de-joce.fr\/wp-content\/uploads\/2023\/04\/Txistorra-ecrase-pdt3.jpg 1024w\" sizes=\"auto, (max-width: 272px) 100vw, 272px\" \/><\/p>\n<p style=\"text-align: center;\"><img loading=\"lazy\" decoding=\"async\" class=\"alignnone wp-image-49788\" src=\"http:\/\/recettes-gourmandes-de-joce.fr\/wp-content\/uploads\/2023\/04\/Txistorra-ecrase-pdt2-300x225.jpg\" alt=\"\" width=\"240\" height=\"180\" srcset=\"http:\/\/recettes-gourmandes-de-joce.fr\/wp-content\/uploads\/2023\/04\/Txistorra-ecrase-pdt2-300x225.jpg 300w, http:\/\/recettes-gourmandes-de-joce.fr\/wp-content\/uploads\/2023\/04\/Txistorra-ecrase-pdt2-768x576.jpg 768w, http:\/\/recettes-gourmandes-de-joce.fr\/wp-content\/uploads\/2023\/04\/Txistorra-ecrase-pdt2-750x563.jpg 750w, http:\/\/recettes-gourmandes-de-joce.fr\/wp-content\/uploads\/2023\/04\/Txistorra-ecrase-pdt2.jpg 1024w\" sizes=\"auto, (max-width: 240px) 100vw, 240px\" \/> \u00a0<img loading=\"lazy\" decoding=\"async\" class=\"alignnone wp-image-49784\" src=\"http:\/\/recettes-gourmandes-de-joce.fr\/wp-content\/uploads\/2023\/04\/Txistorra-ecrase-pdt17-300x225.jpg\" alt=\"\" width=\"240\" height=\"180\" srcset=\"http:\/\/recettes-gourmandes-de-joce.fr\/wp-content\/uploads\/2023\/04\/Txistorra-ecrase-pdt17-300x225.jpg 300w, http:\/\/recettes-gourmandes-de-joce.fr\/wp-content\/uploads\/2023\/04\/Txistorra-ecrase-pdt17-768x576.jpg 768w, http:\/\/recettes-gourmandes-de-joce.fr\/wp-content\/uploads\/2023\/04\/Txistorra-ecrase-pdt17-750x563.jpg 750w, http:\/\/recettes-gourmandes-de-joce.fr\/wp-content\/uploads\/2023\/04\/Txistorra-ecrase-pdt17.jpg 1024w\" sizes=\"auto, (max-width: 240px) 100vw, 240px\" \/><\/p>\n<p style=\"text-align: center;\"><img loading=\"lazy\" decoding=\"async\" class=\"alignnone wp-image-44943 size-full\" src=\"http:\/\/recettes-gourmandes-de-joce.fr\/wp-content\/uploads\/2022\/05\/logitech-gaming-software-14112014-121223.jpg\" alt=\"\" width=\"640\" height=\"144\" srcset=\"http:\/\/recettes-gourmandes-de-joce.fr\/wp-content\/uploads\/2022\/05\/logitech-gaming-software-14112014-121223.jpg 640w, http:\/\/recettes-gourmandes-de-joce.fr\/wp-content\/uploads\/2022\/05\/logitech-gaming-software-14112014-121223-300x68.jpg 300w\" sizes=\"auto, (max-width: 640px) 100vw, 640px\" \/><\/p>\n<h3>Commentaires\u00a0<small>(2)<\/small><\/h3>\n<div class=\"items-container\">\n<div class=\"item item-comment media\">\n<div class=\"pull-left\">\n<p>&nbsp;<\/p>\n<p><img decoding=\"async\" class=\"media-object\" src=\"https:\/\/www.gravatar.com\/avatar\/71bc39eefe071905d46954e35bbe85ab?d=https%3A%2F%2Fwww.recettes-gourmandes-de-joce.com%2Fmedias%2Fstatic%2Fmanager%2Fim%2Favatar.png?s=50&amp;d=mm\" alt=\"EmilieRD\" width=\"50\" \/><\/p>\n<\/div>\n<div class=\"media-body\">\n<ul class=\"inline item-infos\">\n<li><span class=\"comment-number\">1.<\/span>\u00a0<span class=\"comment-author\"><strong>EmilieRD<\/strong>\u00a0(<a rel=\"nofollow\">site web<\/a>)<\/span>\u00a0<span class=\"comment-date\">| 20\/06\/2015<\/span><\/li>\n<\/ul>\n<div class=\"comment-content\">Que ca doit etre bon!<\/div>\n<div class=\"item item-comment media by-webmaster\">\n<div class=\"pull-left\">\n<p>&nbsp;<\/p>\n<\/div>\n<div class=\"media-body\">\n<ul class=\"inline item-infos\">\n<li><span class=\"comment-author\"><strong>jocelyne debon<\/strong>\u00a0(<a rel=\"nofollow\">site web<\/a>)<\/span>\u00a0<span class=\"comment-date\">| 22\/06\/2015<\/span><\/li>\n<\/ul>\n<div class=\"comment-content\">Merciii<\/div>\n<div class=\"comment-content\">Amicalement Joce<\/div>\n<\/div>\n<\/div>\n<\/div>\n<\/div>\n<\/div>\n<p>&nbsp;<\/p>\n","protected":false},"excerpt":{"rendered":"<p>Une de mes recettes \u00a0 Ingr\u00e9dients pour 4 personnes 2 Txistorras d\u00e9tails sur ce lien\u00a0 10 belles pommes de terre 1 petit bouquet de persil plat 3 gousses d&rsquo;ail 50 g de beurre 2 bonnes c \u00e0 s de cr\u00e8me fra\u00eeche Sel et poivre Peler, laver et couper les pommes de terre en morceaux, saler &hellip; <\/p>\n<p><a class=\"more-link btn\" href=\"http:\/\/recettes-gourmandes-de-joce.fr\/index.php\/index\/viandes\/saucisses-chipolatas-merguez-andouille-etc\/txistorra-et-son-ecrase-de-pommes-de-terre-aille\/\">Lire la suite<\/a><\/p>\n","protected":false},"author":2,"featured_media":85195,"parent":138,"menu_order":0,"comment_status":"open","ping_status":"closed","template":"","meta":{"footnotes":""},"class_list":["post-1822","page","type-page","status-publish","has-post-thumbnail","hentry","nodate","item-wrap"],"_links":{"self":[{"href":"http:\/\/recettes-gourmandes-de-joce.fr\/index.php\/wp-json\/wp\/v2\/pages\/1822","targetHints":{"allow":["GET"]}}],"collection":[{"href":"http:\/\/recettes-gourmandes-de-joce.fr\/index.php\/wp-json\/wp\/v2\/pages"}],"about":[{"href":"http:\/\/recettes-gourmandes-de-joce.fr\/index.php\/wp-json\/wp\/v2\/types\/page"}],"author":[{"embeddable":true,"href":"http:\/\/recettes-gourmandes-de-joce.fr\/index.php\/wp-json\/wp\/v2\/users\/2"}],"replies":[{"embeddable":true,"href":"http:\/\/recettes-gourmandes-de-joce.fr\/index.php\/wp-json\/wp\/v2\/comments?post=1822"}],"version-history":[{"count":8,"href":"http:\/\/recettes-gourmandes-de-joce.fr\/index.php\/wp-json\/wp\/v2\/pages\/1822\/revisions"}],"predecessor-version":[{"id":93834,"href":"http:\/\/recettes-gourmandes-de-joce.fr\/index.php\/wp-json\/wp\/v2\/pages\/1822\/revisions\/93834"}],"up":[{"embeddable":true,"href":"http:\/\/recettes-gourmandes-de-joce.fr\/index.php\/wp-json\/wp\/v2\/pages\/138"}],"wp:featuredmedia":[{"embeddable":true,"href":"http:\/\/recettes-gourmandes-de-joce.fr\/index.php\/wp-json\/wp\/v2\/media\/85195"}],"wp:attachment":[{"href":"http:\/\/recettes-gourmandes-de-joce.fr\/index.php\/wp-json\/wp\/v2\/media?parent=1822"}],"curies":[{"name":"wp","href":"https:\/\/api.w.org\/{rel}","templated":true}]}}