{"id":1798,"date":"2019-09-30T09:45:20","date_gmt":"2019-09-30T09:45:20","guid":{"rendered":"http:\/\/recettes-gourmandes-de-joce.fr\/?page_id=1798"},"modified":"2026-02-06T15:42:12","modified_gmt":"2026-02-06T15:42:12","slug":"rougail-de-saucisses-ile-de-la-reunion","status":"publish","type":"page","link":"http:\/\/recettes-gourmandes-de-joce.fr\/index.php\/index\/viandes\/saucisses-chipolatas-merguez-andouille-etc\/rougail-de-saucisses-ile-de-la-reunion\/","title":{"rendered":"Cari de saucisses (\u00cele de la R\u00e9union)."},"content":{"rendered":"<p style=\"text-align: center;\"><span style=\"font-family: georgia,serif;\"><span style=\"color: #ff3300;\"><span style=\"font-size: 24px;\"><u><em>D&rsquo;apr\u00e8s une recette du net<\/em><\/u><\/span><\/span><\/span><\/p>\n<p style=\"text-align: center;\"><span style=\"font-family: georgia,serif;\"><span style=\"font-size: 24px;\"><span style=\"color: #ff3300;\"> \u00a0<img loading=\"lazy\" decoding=\"async\" class=\"alignnone wp-image-76507\" src=\"http:\/\/recettes-gourmandes-de-joce.fr\/wp-content\/uploads\/2024\/05\/rougail-saucisses2.jpg\" alt=\"\" width=\"258\" height=\"180\" \/> <img loading=\"lazy\" decoding=\"async\" class=\"alignnone wp-image-76506\" src=\"http:\/\/recettes-gourmandes-de-joce.fr\/wp-content\/uploads\/2024\/05\/rougail-saucisses1.jpg\" alt=\"\" width=\"311\" height=\"180\" \/><\/span><\/span><\/span><\/p>\n<p style=\"text-align: center;\"><span style=\"font-family: georgia,serif;\"><span style=\"color: #ff3300;\"><span style=\"font-size: 24px;\"><u><em>Ingr\u00e9dients pour 2 personnes<\/em><\/u><\/span><\/span><\/span><\/p>\n<p style=\"text-align: center;\"><img loading=\"lazy\" decoding=\"async\" class=\"alignnone wp-image-76509\" src=\"http:\/\/recettes-gourmandes-de-joce.fr\/wp-content\/uploads\/2024\/05\/rougail-saucisses4.jpg\" alt=\"\" width=\"202\" height=\"200\" \/><\/p>\n<p style=\"text-align: center;\"><span style=\"font-size: 14pt;\"><span style=\"color: #ff3300;\"><em><span style=\"font-family: georgia,serif;\">6 chipolatas ou traditionnellement des saucisses fum\u00e9es<\/span><\/em><\/span><\/span><\/p>\n<p style=\"text-align: center;\"><span style=\"font-size: 14pt;\"><span style=\"color: #ff3300;\"><em><span style=\"font-family: georgia,serif;\">1 gros oignon<\/span><\/em><\/span><\/span><\/p>\n<p style=\"text-align: center;\"><span style=\"font-size: 14pt;\"><span style=\"color: #ff3300;\"><em><span style=\"font-family: georgia,serif;\">2 gousses d&rsquo;ail<\/span><\/em><\/span><\/span><\/p>\n<p style=\"text-align: center;\"><span style=\"font-size: 14pt;\"><span style=\"color: #ff3300;\"><em><span style=\"font-family: georgia,serif;\">1 petite boite de tomates au naturel<\/span><\/em><\/span><\/span><\/p>\n<p style=\"text-align: center;\"><span style=\"font-size: 14pt;\"><span style=\"color: #ff3300;\"><em><span style=\"font-family: georgia,serif;\">1 c \u00e0 c rase de gingembre en poudre ou un petit morceau de frais<\/span><\/em><\/span><\/span><\/p>\n<p style=\"text-align: center;\"><span style=\"font-size: 14pt;\"><span style=\"color: #ff3300;\"><em><span style=\"font-family: georgia,serif;\">1 c \u00e0 c rase de curcuma (oubli\u00e9 sur la photo) -&gt; <\/span><\/em><\/span><span style=\"color: #669900;\"><em><span style=\"font-family: georgia,serif;\">\u00c9pic\u00e9too<\/span><\/em><\/span><\/span><\/p>\n<p style=\"text-align: center;\"><span style=\"font-size: 14pt;\"><span style=\"color: #ff3300;\"><em><span style=\"font-family: georgia,serif;\">2 c \u00e0 s d&rsquo;huile d&rsquo;olive<\/span><\/em><\/span><\/span><\/p>\n<p style=\"text-align: center;\"><span style=\"font-size: 14pt;\"><span style=\"color: #ff3300;\"><em><span style=\"font-family: georgia,serif;\">1 branche de thym frais<\/span><\/em><\/span><\/span><\/p>\n<p style=\"text-align: center;\"><span style=\"font-size: 14pt;\"><span style=\"color: #ff3300;\"><em><span style=\"font-family: georgia,serif;\">2 bonnes pinc\u00e9es de piment d&rsquo;Espelette ou de Cayenne si vous aimez relev\u00e9<\/span><\/em><\/span><\/span><\/p>\n<p style=\"text-align: center;\"><span style=\"font-size: 14pt;\"><span style=\"color: #ff3300;\"><em><span style=\"font-family: georgia,serif;\">Sel et poivre<\/span><\/em><\/span><\/span><\/p>\n<p style=\"text-align: center;\"><span style=\"font-size: 14pt;\"><span style=\"color: #ff3300;\"><em><span style=\"font-family: georgia,serif;\"><u>Accompagnement\u00a0<\/u><\/span><\/em><\/span><\/span><\/p>\n<p style=\"text-align: center;\"><span style=\"font-size: 14pt;\"><span style=\"color: #ff3300;\"><em><span style=\"font-family: georgia,serif;\">2 verres de riz long ou de votre choix<\/span><\/em><\/span><\/span><\/p>\n<p style=\"text-align: center;\"><span style=\"font-size: 14pt;\"><em><span style=\"font-family: georgia,serif;\"><span style=\"color: #ff3300;\"><img loading=\"lazy\" decoding=\"async\" class=\"alignnone wp-image-76510\" src=\"http:\/\/recettes-gourmandes-de-joce.fr\/wp-content\/uploads\/2024\/05\/rougail-saucisses5.jpg\" alt=\"\" width=\"288\" height=\"160\" \/> <img loading=\"lazy\" decoding=\"async\" class=\"alignnone wp-image-76511\" src=\"http:\/\/recettes-gourmandes-de-joce.fr\/wp-content\/uploads\/2024\/05\/rougail-saucisses6.jpg\" alt=\"\" width=\"218\" height=\"160\" \/> <img loading=\"lazy\" decoding=\"async\" class=\"alignnone wp-image-76512\" src=\"http:\/\/recettes-gourmandes-de-joce.fr\/wp-content\/uploads\/2024\/05\/rougail-saucisses7.jpg\" alt=\"\" width=\"216\" height=\"160\" \/><\/span><\/span><\/em><\/span><\/p>\n<p style=\"text-align: center;\"><span style=\"font-size: 14pt;\"><span style=\"color: #ff3300;\"><em><span style=\"font-family: georgia,serif;\">Peler et hacher l&rsquo;ail d\u00e9germ\u00e9\u00a0et l&rsquo;oignon. Laver le thym. Couper les saucisses en morceaux. Dans une po\u00eale mettre 1 c \u00e0 s d&rsquo;huile d&rsquo;olive et y mettre les saucisses.<\/span><\/em><\/span><\/span><\/p>\n<p style=\"text-align: center;\"><img loading=\"lazy\" decoding=\"async\" class=\"alignnone wp-image-76513\" src=\"http:\/\/recettes-gourmandes-de-joce.fr\/wp-content\/uploads\/2024\/05\/rougail-saucisses8.jpg\" alt=\"\" width=\"185\" height=\"160\" \/> <img loading=\"lazy\" decoding=\"async\" class=\"alignnone wp-image-76514\" src=\"http:\/\/recettes-gourmandes-de-joce.fr\/wp-content\/uploads\/2024\/05\/rougail-saucisses9.jpg\" alt=\"\" width=\"221\" height=\"160\" \/>\u00a0<img loading=\"lazy\" decoding=\"async\" class=\"alignnone wp-image-76515\" src=\"http:\/\/recettes-gourmandes-de-joce.fr\/wp-content\/uploads\/2024\/05\/rougail-saucisses10.jpg\" alt=\"\" width=\"240\" height=\"160\" \/><\/p>\n<p style=\"text-align: center;\"><span style=\"font-size: 14pt;\"><span style=\"color: #ff3300;\"><em><span style=\"font-family: georgia,serif;\">Les faire dorer et r\u00e9server. Mettre 1 c \u00e0 s d&rsquo;huile d&rsquo;olive dans une marmite, ajouter les oignons, sal\u00e9 l\u00e9g\u00e8rement.<\/span><\/em><\/span><\/span><\/p>\n<p style=\"text-align: center;\"><img loading=\"lazy\" decoding=\"async\" class=\"alignnone wp-image-76516\" src=\"http:\/\/recettes-gourmandes-de-joce.fr\/wp-content\/uploads\/2024\/05\/rougail-saucisses11.jpg\" alt=\"\" width=\"247\" height=\"160\" \/> <img loading=\"lazy\" decoding=\"async\" class=\"alignnone wp-image-76517\" src=\"http:\/\/recettes-gourmandes-de-joce.fr\/wp-content\/uploads\/2024\/05\/rougail-saucisses12.jpg\" alt=\"\" width=\"240\" height=\"160\" \/> <img loading=\"lazy\" decoding=\"async\" class=\"alignnone wp-image-76518\" src=\"http:\/\/recettes-gourmandes-de-joce.fr\/wp-content\/uploads\/2024\/05\/rougail-saucisses13.jpg\" alt=\"\" width=\"240\" height=\"160\" \/><\/p>\n<p style=\"text-align: center;\"><span style=\"font-size: 14pt;\"><span style=\"color: #ff3300;\"><em><span style=\"font-family: georgia,serif;\">Les faire suer lorsqu&rsquo;ils commencent \u00e0 colorer, ajouter l&rsquo;ail, le gingembre en poudre ou frais r\u00e2p\u00e9, le thym et m\u00e9langer. Ajouter les tomates et leur jus.<\/span><\/em><\/span><\/span><\/p>\n<p style=\"text-align: center;\"><img loading=\"lazy\" decoding=\"async\" class=\"alignnone wp-image-76519\" src=\"http:\/\/recettes-gourmandes-de-joce.fr\/wp-content\/uploads\/2024\/05\/rougail-saucisses14.jpg\" alt=\"\" width=\"216\" height=\"160\" \/> <img loading=\"lazy\" decoding=\"async\" class=\"alignnone wp-image-76520\" src=\"http:\/\/recettes-gourmandes-de-joce.fr\/wp-content\/uploads\/2024\/05\/rougail-saucisses15.jpg\" alt=\"\" width=\"240\" height=\"160\" \/> <img loading=\"lazy\" decoding=\"async\" class=\"alignnone wp-image-76521\" src=\"http:\/\/recettes-gourmandes-de-joce.fr\/wp-content\/uploads\/2024\/05\/rougail-saucisses16.jpg\" alt=\"\" width=\"225\" height=\"160\" \/><\/p>\n<p style=\"text-align: center;\"><span style=\"font-size: 14pt;\"><span style=\"color: #ff3300;\"><em><span style=\"font-family: georgia,serif;\">M\u00e9langer, ajouter le piment, le curcuma et m\u00e9langer \u00e0 nouveau. Laisser mijoter 5 bonnes minutes et ajouter ensuite les saucisses.<\/span><\/em><\/span><\/span><\/p>\n<p style=\"text-align: center;\"><img loading=\"lazy\" decoding=\"async\" class=\"alignnone wp-image-76523\" src=\"http:\/\/recettes-gourmandes-de-joce.fr\/wp-content\/uploads\/2024\/05\/rougail-saucisses18.jpg\" alt=\"\" width=\"218\" height=\"160\" \/> <img loading=\"lazy\" decoding=\"async\" class=\"alignnone wp-image-76524\" src=\"http:\/\/recettes-gourmandes-de-joce.fr\/wp-content\/uploads\/2024\/05\/rougail-saucisses19.jpg\" alt=\"\" width=\"227\" height=\"160\" \/> <img loading=\"lazy\" decoding=\"async\" class=\"alignnone wp-image-76526\" src=\"http:\/\/recettes-gourmandes-de-joce.fr\/wp-content\/uploads\/2024\/05\/rougail-saucisses21.jpg\" alt=\"\" width=\"240\" height=\"160\" \/><\/p>\n<p style=\"text-align: center;\"><span style=\"font-size: 14pt;\"><span style=\"color: #ff3300;\"><em><span style=\"font-family: georgia,serif;\">M\u00e9langer et couvrir, laisser mijoter \u00e0 feu doux\u00a0 environ 25 minutes en remuant de temps en temps.<\/span><\/em><\/span><\/span><\/p>\n<p style=\"text-align: center;\"><img loading=\"lazy\" decoding=\"async\" class=\"alignnone wp-image-75302\" src=\"http:\/\/recettes-gourmandes-de-joce.fr\/wp-content\/uploads\/2024\/04\/riz-cepes14.jpg\" alt=\"\" width=\"213\" height=\"160\" srcset=\"http:\/\/recettes-gourmandes-de-joce.fr\/wp-content\/uploads\/2024\/04\/riz-cepes14.jpg 1024w, http:\/\/recettes-gourmandes-de-joce.fr\/wp-content\/uploads\/2024\/04\/riz-cepes14-768x576.jpg 768w, http:\/\/recettes-gourmandes-de-joce.fr\/wp-content\/uploads\/2024\/04\/riz-cepes14-750x563.jpg 750w\" sizes=\"auto, (max-width: 213px) 100vw, 213px\" \/> <img loading=\"lazy\" decoding=\"async\" class=\"alignnone wp-image-76525\" src=\"http:\/\/recettes-gourmandes-de-joce.fr\/wp-content\/uploads\/2024\/05\/rougail-saucisses20.jpg\" alt=\"\" width=\"207\" height=\"160\" \/> <img loading=\"lazy\" decoding=\"async\" class=\"alignnone wp-image-76527\" src=\"http:\/\/recettes-gourmandes-de-joce.fr\/wp-content\/uploads\/2024\/05\/rougail-saucisses22.jpg\" alt=\"\" width=\"240\" height=\"160\" \/><\/p>\n<p style=\"text-align: center;\"><span style=\"font-size: 14pt;\"><span style=\"color: #ff3300;\"><em><span style=\"font-family: georgia,serif;\">Pendant ce temps cuire et \u00e9goutter le riz. Lorsque riz et rougail sont cuits dresser vos assiettes et servir imm\u00e9diatement.<\/span><\/em><\/span><\/span><\/p>\n<p style=\"text-align: center;\"><span style=\"font-family: georgia, serif; font-size: 14pt;\"><span style=\"color: #ff3300;\"><em>Bon app\u00e9tit!<\/em><\/span><\/span><\/p>\n<p style=\"text-align: center;\"><img loading=\"lazy\" decoding=\"async\" class=\"alignnone wp-image-76529\" src=\"http:\/\/recettes-gourmandes-de-joce.fr\/wp-content\/uploads\/2024\/05\/rougail-saucisses24.jpg\" alt=\"\" width=\"231\" height=\"180\" \/><\/p>\n<p style=\"text-align: center;\"><img loading=\"lazy\" decoding=\"async\" class=\"alignnone wp-image-76528\" src=\"http:\/\/recettes-gourmandes-de-joce.fr\/wp-content\/uploads\/2024\/05\/rougail-saucisses23.jpg\" alt=\"\" width=\"259\" height=\"180\" \/> \u00a0<img loading=\"lazy\" decoding=\"async\" class=\"alignnone wp-image-76530\" src=\"http:\/\/recettes-gourmandes-de-joce.fr\/wp-content\/uploads\/2024\/05\/rougail-saucisses25.jpg\" alt=\"\" width=\"270\" height=\"180\" \/><\/p>\n<p style=\"text-align: center;\"><span style=\"font-family: georgia,serif;\"><span style=\"font-size: 24px;\"><span style=\"color: #ff3300;\"><img loading=\"lazy\" decoding=\"async\" class=\"alignnone wp-image-44943 size-full\" src=\"http:\/\/recettes-gourmandes-de-joce.fr\/wp-content\/uploads\/2022\/05\/logitech-gaming-software-14112014-121223.jpg\" alt=\"\" width=\"640\" height=\"144\" srcset=\"http:\/\/recettes-gourmandes-de-joce.fr\/wp-content\/uploads\/2022\/05\/logitech-gaming-software-14112014-121223.jpg 640w, http:\/\/recettes-gourmandes-de-joce.fr\/wp-content\/uploads\/2022\/05\/logitech-gaming-software-14112014-121223-300x68.jpg 300w\" sizes=\"auto, (max-width: 640px) 100vw, 640px\" \/><\/span><\/span><\/span><\/p>\n","protected":false},"excerpt":{"rendered":"<p>D&rsquo;apr\u00e8s une recette du net \u00a0 Ingr\u00e9dients pour 2 personnes 6 chipolatas ou traditionnellement des saucisses fum\u00e9es 1 gros oignon 2 gousses d&rsquo;ail 1 petite boite de tomates au naturel 1 c \u00e0 c rase de gingembre en poudre ou un petit morceau de frais 1 c \u00e0 c rase de curcuma (oubli\u00e9 sur la &hellip; <\/p>\n<p><a class=\"more-link btn\" href=\"http:\/\/recettes-gourmandes-de-joce.fr\/index.php\/index\/viandes\/saucisses-chipolatas-merguez-andouille-etc\/rougail-de-saucisses-ile-de-la-reunion\/\">Lire la suite<\/a><\/p>\n","protected":false},"author":2,"featured_media":76750,"parent":138,"menu_order":0,"comment_status":"open","ping_status":"closed","template":"","meta":{"footnotes":""},"class_list":["post-1798","page","type-page","status-publish","has-post-thumbnail","hentry","nodate","item-wrap"],"_links":{"self":[{"href":"http:\/\/recettes-gourmandes-de-joce.fr\/index.php\/wp-json\/wp\/v2\/pages\/1798","targetHints":{"allow":["GET"]}}],"collection":[{"href":"http:\/\/recettes-gourmandes-de-joce.fr\/index.php\/wp-json\/wp\/v2\/pages"}],"about":[{"href":"http:\/\/recettes-gourmandes-de-joce.fr\/index.php\/wp-json\/wp\/v2\/types\/page"}],"author":[{"embeddable":true,"href":"http:\/\/recettes-gourmandes-de-joce.fr\/index.php\/wp-json\/wp\/v2\/users\/2"}],"replies":[{"embeddable":true,"href":"http:\/\/recettes-gourmandes-de-joce.fr\/index.php\/wp-json\/wp\/v2\/comments?post=1798"}],"version-history":[{"count":10,"href":"http:\/\/recettes-gourmandes-de-joce.fr\/index.php\/wp-json\/wp\/v2\/pages\/1798\/revisions"}],"predecessor-version":[{"id":99103,"href":"http:\/\/recettes-gourmandes-de-joce.fr\/index.php\/wp-json\/wp\/v2\/pages\/1798\/revisions\/99103"}],"up":[{"embeddable":true,"href":"http:\/\/recettes-gourmandes-de-joce.fr\/index.php\/wp-json\/wp\/v2\/pages\/138"}],"wp:featuredmedia":[{"embeddable":true,"href":"http:\/\/recettes-gourmandes-de-joce.fr\/index.php\/wp-json\/wp\/v2\/media\/76750"}],"wp:attachment":[{"href":"http:\/\/recettes-gourmandes-de-joce.fr\/index.php\/wp-json\/wp\/v2\/media?parent=1798"}],"curies":[{"name":"wp","href":"https:\/\/api.w.org\/{rel}","templated":true}]}}