{"id":1782,"date":"2019-09-30T09:31:52","date_gmt":"2019-09-30T09:31:52","guid":{"rendered":"http:\/\/recettes-gourmandes-de-joce.fr\/?page_id=1782"},"modified":"2024-08-16T12:50:59","modified_gmt":"2024-08-16T12:50:59","slug":"poelee-epicee-de-pommes-de-terre-haricots-verts-et-saucisse-de-morteau","status":"publish","type":"page","link":"http:\/\/recettes-gourmandes-de-joce.fr\/index.php\/index\/viandes\/saucisses-chipolatas-merguez-andouille-etc\/poelee-epicee-de-pommes-de-terre-haricots-verts-et-saucisse-de-morteau\/","title":{"rendered":"Po\u00eal\u00e9e \u00e9pic\u00e9e de pommes de terre, haricots verts et saucisse de Morteau."},"content":{"rendered":"<p style=\"text-align: center;\"><span style=\"color: #008000;\"><span style=\"font-size: 24px;\"><span style=\"font-family: georgia,serif;\"><u><em>Une de mes recettes<\/em><\/u><\/span><\/span><\/span><\/p>\n<p style=\"text-align: center;\"><img loading=\"lazy\" decoding=\"async\" class=\"alignnone wp-image-70897\" src=\"http:\/\/recettes-gourmandes-de-joce.fr\/wp-content\/uploads\/2024\/04\/poelee-morteau24.jpg\" alt=\"\" width=\"270\" height=\"180\" srcset=\"http:\/\/recettes-gourmandes-de-joce.fr\/wp-content\/uploads\/2024\/04\/poelee-morteau24.jpg 800w, http:\/\/recettes-gourmandes-de-joce.fr\/wp-content\/uploads\/2024\/04\/poelee-morteau24-768x513.jpg 768w, http:\/\/recettes-gourmandes-de-joce.fr\/wp-content\/uploads\/2024\/04\/poelee-morteau24-750x501.jpg 750w\" sizes=\"auto, (max-width: 270px) 100vw, 270px\" \/>\u00a0<img loading=\"lazy\" decoding=\"async\" class=\"alignnone wp-image-70900\" src=\"http:\/\/recettes-gourmandes-de-joce.fr\/wp-content\/uploads\/2024\/04\/poelee-morteau2.jpg\" alt=\"\" width=\"270\" height=\"180\" srcset=\"http:\/\/recettes-gourmandes-de-joce.fr\/wp-content\/uploads\/2024\/04\/poelee-morteau2.jpg 800w, http:\/\/recettes-gourmandes-de-joce.fr\/wp-content\/uploads\/2024\/04\/poelee-morteau2-768x513.jpg 768w, http:\/\/recettes-gourmandes-de-joce.fr\/wp-content\/uploads\/2024\/04\/poelee-morteau2-750x501.jpg 750w\" sizes=\"auto, (max-width: 270px) 100vw, 270px\" \/><img loading=\"lazy\" decoding=\"async\" class=\"alignnone wp-image-70899\" src=\"http:\/\/recettes-gourmandes-de-joce.fr\/wp-content\/uploads\/2024\/04\/poelee-morteau1.jpg\" alt=\"\" width=\"238\" height=\"180\" srcset=\"http:\/\/recettes-gourmandes-de-joce.fr\/wp-content\/uploads\/2024\/04\/poelee-morteau1.jpg 800w, http:\/\/recettes-gourmandes-de-joce.fr\/wp-content\/uploads\/2024\/04\/poelee-morteau1-768x581.jpg 768w, http:\/\/recettes-gourmandes-de-joce.fr\/wp-content\/uploads\/2024\/04\/poelee-morteau1-750x567.jpg 750w\" sizes=\"auto, (max-width: 238px) 100vw, 238px\" \/><\/p>\n<p style=\"text-align: center;\"><span style=\"color: #008000;\"><span style=\"font-size: 24px;\"><span style=\"font-family: georgia,serif;\"><u><em>Ingr\u00e9dients pour 3 personnes<\/em><\/u><\/span><\/span><\/span><\/p>\n<p style=\"text-align: center;\"><img loading=\"lazy\" decoding=\"async\" class=\"alignnone wp-image-70902\" src=\"http:\/\/recettes-gourmandes-de-joce.fr\/wp-content\/uploads\/2024\/04\/poelee-morteau4.jpg\" alt=\"\" width=\"264\" height=\"200\" srcset=\"http:\/\/recettes-gourmandes-de-joce.fr\/wp-content\/uploads\/2024\/04\/poelee-morteau4.jpg 800w, http:\/\/recettes-gourmandes-de-joce.fr\/wp-content\/uploads\/2024\/04\/poelee-morteau4-768x582.jpg 768w, http:\/\/recettes-gourmandes-de-joce.fr\/wp-content\/uploads\/2024\/04\/poelee-morteau4-750x568.jpg 750w\" sizes=\"auto, (max-width: 264px) 100vw, 264px\" \/><\/p>\n<p style=\"text-align: center;\"><span style=\"color: #008000; font-size: 14pt;\"><span style=\"font-family: georgia,serif;\"><em>500 g de haricots verts frais ou surgel\u00e9s (pour moi ceux du jardin surgel\u00e9s)<\/em><\/span><\/span><\/p>\n<p style=\"text-align: center;\"><span style=\"color: #008000; font-size: 14pt;\"><span style=\"font-family: georgia,serif;\"><em>5 pommes de terre<\/em><\/span><\/span><\/p>\n<p style=\"text-align: center;\"><span style=\"color: #008000; font-size: 14pt;\"><span style=\"font-family: georgia,serif;\"><em>1 oignon<\/em><\/span><\/span><\/p>\n<p style=\"text-align: center;\"><span style=\"color: #008000; font-size: 14pt;\"><span style=\"font-family: georgia,serif;\"><em>1 saucisse de Morteau<\/em><\/span><\/span><\/p>\n<p style=\"text-align: center;\"><span style=\"color: #008000; font-size: 14pt;\"><span style=\"font-family: georgia,serif;\"><em>2 c \u00e0 s de persil cisel\u00e9<\/em><\/span><\/span><\/p>\n<p style=\"text-align: center;\"><span style=\"font-size: 14pt;\"><span style=\"color: #008000;\"><span style=\"font-family: georgia,serif;\"><em>1 c \u00e0 s d&rsquo;\u00e9pices pour pommes de terre d\u00e9tails sur ce lien -&gt; <\/em><\/span><\/span><span style=\"color: #ff8c00;\"><span style=\"font-family: georgia,serif;\"><em>\u00c9pic\u00e9too<\/em><\/span><\/span><\/span><\/p>\n<p style=\"text-align: center;\"><span style=\"color: #008000; font-size: 14pt;\"><span style=\"font-family: georgia,serif;\"><em>1 morceau de beurre<\/em><\/span><\/span><\/p>\n<p style=\"text-align: center;\"><span style=\"color: #008000; font-size: 14pt;\"><span style=\"font-family: georgia,serif;\"><em>1 c \u00e0 s d&rsquo;huile d&rsquo;olive<\/em><\/span><\/span><\/p>\n<p style=\"text-align: center;\"><span style=\"color: #008000; font-size: 14pt;\"><span style=\"font-family: georgia,serif;\"><em>Sel et poivre<\/em><\/span><\/span><\/p>\n<p style=\"text-align: center;\"><img loading=\"lazy\" decoding=\"async\" class=\"alignnone wp-image-70903\" src=\"http:\/\/recettes-gourmandes-de-joce.fr\/wp-content\/uploads\/2024\/04\/poelee-morteau5.jpg\" alt=\"\" width=\"242\" height=\"170\" srcset=\"http:\/\/recettes-gourmandes-de-joce.fr\/wp-content\/uploads\/2024\/04\/poelee-morteau5.jpg 800w, http:\/\/recettes-gourmandes-de-joce.fr\/wp-content\/uploads\/2024\/04\/poelee-morteau5-768x540.jpg 768w, http:\/\/recettes-gourmandes-de-joce.fr\/wp-content\/uploads\/2024\/04\/poelee-morteau5-750x527.jpg 750w\" sizes=\"auto, (max-width: 242px) 100vw, 242px\" \/> <img loading=\"lazy\" decoding=\"async\" class=\"alignnone wp-image-70905\" src=\"http:\/\/recettes-gourmandes-de-joce.fr\/wp-content\/uploads\/2024\/04\/poelee-morteau7.jpg\" alt=\"\" width=\"140\" height=\"170\" \/> <img loading=\"lazy\" decoding=\"async\" class=\"alignnone wp-image-70904\" src=\"http:\/\/recettes-gourmandes-de-joce.fr\/wp-content\/uploads\/2024\/04\/poelee-morteau6.jpg\" alt=\"\" width=\"239\" height=\"170\" srcset=\"http:\/\/recettes-gourmandes-de-joce.fr\/wp-content\/uploads\/2024\/04\/poelee-morteau6.jpg 800w, http:\/\/recettes-gourmandes-de-joce.fr\/wp-content\/uploads\/2024\/04\/poelee-morteau6-768x547.jpg 768w, http:\/\/recettes-gourmandes-de-joce.fr\/wp-content\/uploads\/2024\/04\/poelee-morteau6-750x534.jpg 750w\" sizes=\"auto, (max-width: 239px) 100vw, 239px\" \/><\/p>\n<p style=\"text-align: center;\"><span style=\"color: #008000; font-size: 14pt;\"><span style=\"font-family: georgia,serif;\"><em>Couper la saucisse en tranches puis\u00a0<\/em><\/span><\/span><em style=\"color: #008000; font-family: georgia, serif; font-size: 18.6667px;\">les <\/em><em style=\"font-family: georgia, serif; color: #008000; font-size: 14pt;\">recouper en deux. Peler et \u00e9mincer l&rsquo;oignon, laver et ciseler le persil. Peler les pommes de terre et\u00a0<\/em><em style=\"font-family: georgia, serif; color: #008000; font-size: 14pt;\">les <\/em><em style=\"font-family: georgia, serif; color: #008000; font-size: 14pt;\">couper en cubes. Mettre les haricots verts \u00e0 cuire dans une marmite d&rsquo;eau sal\u00e9e \u00e0 \u00e9bullition.<\/em><\/p>\n<p style=\"text-align: center;\"><img loading=\"lazy\" decoding=\"async\" class=\"alignnone wp-image-70906\" src=\"http:\/\/recettes-gourmandes-de-joce.fr\/wp-content\/uploads\/2024\/04\/poelee-morteau8.jpg\" alt=\"\" width=\"255\" height=\"170\" srcset=\"http:\/\/recettes-gourmandes-de-joce.fr\/wp-content\/uploads\/2024\/04\/poelee-morteau8.jpg 800w, http:\/\/recettes-gourmandes-de-joce.fr\/wp-content\/uploads\/2024\/04\/poelee-morteau8-768x513.jpg 768w, http:\/\/recettes-gourmandes-de-joce.fr\/wp-content\/uploads\/2024\/04\/poelee-morteau8-750x501.jpg 750w\" sizes=\"auto, (max-width: 255px) 100vw, 255px\" \/> <img loading=\"lazy\" decoding=\"async\" class=\"alignnone wp-image-70907\" src=\"http:\/\/recettes-gourmandes-de-joce.fr\/wp-content\/uploads\/2024\/04\/poelee-morteau9.jpg\" alt=\"\" width=\"255\" height=\"170\" srcset=\"http:\/\/recettes-gourmandes-de-joce.fr\/wp-content\/uploads\/2024\/04\/poelee-morteau9.jpg 800w, http:\/\/recettes-gourmandes-de-joce.fr\/wp-content\/uploads\/2024\/04\/poelee-morteau9-768x513.jpg 768w, http:\/\/recettes-gourmandes-de-joce.fr\/wp-content\/uploads\/2024\/04\/poelee-morteau9-750x501.jpg 750w\" sizes=\"auto, (max-width: 255px) 100vw, 255px\" \/> <img loading=\"lazy\" decoding=\"async\" class=\"alignnone wp-image-70908\" src=\"http:\/\/recettes-gourmandes-de-joce.fr\/wp-content\/uploads\/2024\/04\/poelee-morteau10.jpg\" alt=\"\" width=\"214\" height=\"170\" srcset=\"http:\/\/recettes-gourmandes-de-joce.fr\/wp-content\/uploads\/2024\/04\/poelee-morteau10.jpg 800w, http:\/\/recettes-gourmandes-de-joce.fr\/wp-content\/uploads\/2024\/04\/poelee-morteau10-768x610.jpg 768w, http:\/\/recettes-gourmandes-de-joce.fr\/wp-content\/uploads\/2024\/04\/poelee-morteau10-750x595.jpg 750w\" sizes=\"auto, (max-width: 214px) 100vw, 214px\" \/><\/p>\n<p style=\"text-align: center;\"><span style=\"color: #008000; font-size: 14pt;\"><span style=\"font-family: georgia,serif;\"><em>Mettre les pommes de terre dans une casserole, saler et poivrer, ajouter la moiti\u00e9 des\u00a0\u00e9pices pour pommes de terre.<\/em><\/span><\/span><\/p>\n<p style=\"text-align: center;\"><img loading=\"lazy\" decoding=\"async\" class=\"alignnone wp-image-70909\" src=\"http:\/\/recettes-gourmandes-de-joce.fr\/wp-content\/uploads\/2024\/04\/poelee-morteau11.jpg\" alt=\"\" width=\"255\" height=\"170\" srcset=\"http:\/\/recettes-gourmandes-de-joce.fr\/wp-content\/uploads\/2024\/04\/poelee-morteau11.jpg 800w, http:\/\/recettes-gourmandes-de-joce.fr\/wp-content\/uploads\/2024\/04\/poelee-morteau11-768x513.jpg 768w, http:\/\/recettes-gourmandes-de-joce.fr\/wp-content\/uploads\/2024\/04\/poelee-morteau11-750x501.jpg 750w\" sizes=\"auto, (max-width: 255px) 100vw, 255px\" \/> <img loading=\"lazy\" decoding=\"async\" class=\"alignnone wp-image-70910\" src=\"http:\/\/recettes-gourmandes-de-joce.fr\/wp-content\/uploads\/2024\/04\/poelee-morteau12.jpg\" alt=\"\" width=\"192\" height=\"170\" srcset=\"http:\/\/recettes-gourmandes-de-joce.fr\/wp-content\/uploads\/2024\/04\/poelee-morteau12.jpg 800w, http:\/\/recettes-gourmandes-de-joce.fr\/wp-content\/uploads\/2024\/04\/poelee-morteau12-768x680.jpg 768w, http:\/\/recettes-gourmandes-de-joce.fr\/wp-content\/uploads\/2024\/04\/poelee-morteau12-750x664.jpg 750w\" sizes=\"auto, (max-width: 192px) 100vw, 192px\" \/> <img loading=\"lazy\" decoding=\"async\" class=\"alignnone wp-image-70911\" src=\"http:\/\/recettes-gourmandes-de-joce.fr\/wp-content\/uploads\/2024\/04\/poelee-morteau13.jpg\" alt=\"\" width=\"255\" height=\"170\" srcset=\"http:\/\/recettes-gourmandes-de-joce.fr\/wp-content\/uploads\/2024\/04\/poelee-morteau13.jpg 800w, http:\/\/recettes-gourmandes-de-joce.fr\/wp-content\/uploads\/2024\/04\/poelee-morteau13-768x513.jpg 768w, http:\/\/recettes-gourmandes-de-joce.fr\/wp-content\/uploads\/2024\/04\/poelee-morteau13-750x501.jpg 750w\" sizes=\"auto, (max-width: 255px) 100vw, 255px\" \/><\/p>\n<p style=\"text-align: center;\"><span style=\"color: #008000; font-size: 14pt;\"><span style=\"font-family: georgia,serif;\"><em>Couvrir d&rsquo;eau et mettre \u00e0 cuire. Lorsque les haricots sont cuits, les \u00e9goutter. Faire de m\u00eame avec les pommes de terre.<\/em><\/span><\/span><\/p>\n<p style=\"text-align: center;\"><img loading=\"lazy\" decoding=\"async\" class=\"alignnone wp-image-70912\" src=\"http:\/\/recettes-gourmandes-de-joce.fr\/wp-content\/uploads\/2024\/04\/poelee-morteau14.jpg\" alt=\"\" width=\"247\" height=\"165\" srcset=\"http:\/\/recettes-gourmandes-de-joce.fr\/wp-content\/uploads\/2024\/04\/poelee-morteau14.jpg 800w, http:\/\/recettes-gourmandes-de-joce.fr\/wp-content\/uploads\/2024\/04\/poelee-morteau14-768x513.jpg 768w, http:\/\/recettes-gourmandes-de-joce.fr\/wp-content\/uploads\/2024\/04\/poelee-morteau14-750x501.jpg 750w\" sizes=\"auto, (max-width: 247px) 100vw, 247px\" \/> <img loading=\"lazy\" decoding=\"async\" class=\"alignnone wp-image-70913\" src=\"http:\/\/recettes-gourmandes-de-joce.fr\/wp-content\/uploads\/2024\/04\/poelee-morteau15.jpg\" alt=\"\" width=\"247\" height=\"165\" srcset=\"http:\/\/recettes-gourmandes-de-joce.fr\/wp-content\/uploads\/2024\/04\/poelee-morteau15.jpg 800w, http:\/\/recettes-gourmandes-de-joce.fr\/wp-content\/uploads\/2024\/04\/poelee-morteau15-768x513.jpg 768w, http:\/\/recettes-gourmandes-de-joce.fr\/wp-content\/uploads\/2024\/04\/poelee-morteau15-750x501.jpg 750w\" sizes=\"auto, (max-width: 247px) 100vw, 247px\" \/> <img loading=\"lazy\" decoding=\"async\" class=\"alignnone wp-image-70914\" src=\"http:\/\/recettes-gourmandes-de-joce.fr\/wp-content\/uploads\/2024\/04\/poelee-morteau16.jpg\" alt=\"\" width=\"247\" height=\"165\" srcset=\"http:\/\/recettes-gourmandes-de-joce.fr\/wp-content\/uploads\/2024\/04\/poelee-morteau16.jpg 800w, http:\/\/recettes-gourmandes-de-joce.fr\/wp-content\/uploads\/2024\/04\/poelee-morteau16-768x513.jpg 768w, http:\/\/recettes-gourmandes-de-joce.fr\/wp-content\/uploads\/2024\/04\/poelee-morteau16-750x501.jpg 750w\" sizes=\"auto, (max-width: 247px) 100vw, 247px\" \/><\/p>\n<p style=\"text-align: center;\"><span style=\"color: #008000; font-size: 14pt;\"><span style=\"font-family: georgia,serif;\"><em>Dans une sauteuse, mettre le beurre et l&rsquo;huile, ajouter les oignons, saler l\u00e9g\u00e8rement et les laisser dorer.<\/em><\/span><\/span><\/p>\n<p style=\"text-align: center;\"><img loading=\"lazy\" decoding=\"async\" class=\"alignnone wp-image-70915\" src=\"http:\/\/recettes-gourmandes-de-joce.fr\/wp-content\/uploads\/2024\/04\/poelee-morteau17.jpg\" alt=\"\" width=\"247\" height=\"165\" srcset=\"http:\/\/recettes-gourmandes-de-joce.fr\/wp-content\/uploads\/2024\/04\/poelee-morteau17.jpg 800w, http:\/\/recettes-gourmandes-de-joce.fr\/wp-content\/uploads\/2024\/04\/poelee-morteau17-768x513.jpg 768w, http:\/\/recettes-gourmandes-de-joce.fr\/wp-content\/uploads\/2024\/04\/poelee-morteau17-750x501.jpg 750w\" sizes=\"auto, (max-width: 247px) 100vw, 247px\" \/> <img loading=\"lazy\" decoding=\"async\" class=\"alignnone wp-image-70916\" src=\"http:\/\/recettes-gourmandes-de-joce.fr\/wp-content\/uploads\/2024\/04\/poelee-morteau18.jpg\" alt=\"\" width=\"247\" height=\"165\" srcset=\"http:\/\/recettes-gourmandes-de-joce.fr\/wp-content\/uploads\/2024\/04\/poelee-morteau18.jpg 800w, http:\/\/recettes-gourmandes-de-joce.fr\/wp-content\/uploads\/2024\/04\/poelee-morteau18-768x513.jpg 768w, http:\/\/recettes-gourmandes-de-joce.fr\/wp-content\/uploads\/2024\/04\/poelee-morteau18-750x501.jpg 750w\" sizes=\"auto, (max-width: 247px) 100vw, 247px\" \/> <img loading=\"lazy\" decoding=\"async\" class=\"alignnone wp-image-70917\" src=\"http:\/\/recettes-gourmandes-de-joce.fr\/wp-content\/uploads\/2024\/04\/poelee-morteau19.jpg\" alt=\"\" width=\"247\" height=\"165\" srcset=\"http:\/\/recettes-gourmandes-de-joce.fr\/wp-content\/uploads\/2024\/04\/poelee-morteau19.jpg 800w, http:\/\/recettes-gourmandes-de-joce.fr\/wp-content\/uploads\/2024\/04\/poelee-morteau19-768x513.jpg 768w, http:\/\/recettes-gourmandes-de-joce.fr\/wp-content\/uploads\/2024\/04\/poelee-morteau19-750x501.jpg 750w\" sizes=\"auto, (max-width: 247px) 100vw, 247px\" \/><\/p>\n<p style=\"text-align: center;\"><span style=\"color: #008000; font-size: 14pt;\"><span style=\"font-family: georgia,serif;\"><em>Ajouter ensuite les saucisses et les laisser cuire en remuant de temps en temps pendants 5 bonnes minutes, ajouter ensuite les haricots, le reste des \u00e9pices et m\u00e9langer.<\/em><\/span><\/span><\/p>\n<p style=\"text-align: center;\"><img loading=\"lazy\" decoding=\"async\" class=\"alignnone wp-image-70918\" src=\"http:\/\/recettes-gourmandes-de-joce.fr\/wp-content\/uploads\/2024\/04\/poelee-morteau20.jpg\" alt=\"\" width=\"247\" height=\"165\" srcset=\"http:\/\/recettes-gourmandes-de-joce.fr\/wp-content\/uploads\/2024\/04\/poelee-morteau20.jpg 800w, http:\/\/recettes-gourmandes-de-joce.fr\/wp-content\/uploads\/2024\/04\/poelee-morteau20-768x513.jpg 768w, http:\/\/recettes-gourmandes-de-joce.fr\/wp-content\/uploads\/2024\/04\/poelee-morteau20-750x501.jpg 750w\" sizes=\"auto, (max-width: 247px) 100vw, 247px\" \/> <img loading=\"lazy\" decoding=\"async\" class=\"alignnone wp-image-70894\" src=\"http:\/\/recettes-gourmandes-de-joce.fr\/wp-content\/uploads\/2024\/04\/poelee-morteau21.jpg\" alt=\"\" width=\"247\" height=\"165\" srcset=\"http:\/\/recettes-gourmandes-de-joce.fr\/wp-content\/uploads\/2024\/04\/poelee-morteau21.jpg 800w, http:\/\/recettes-gourmandes-de-joce.fr\/wp-content\/uploads\/2024\/04\/poelee-morteau21-768x513.jpg 768w, http:\/\/recettes-gourmandes-de-joce.fr\/wp-content\/uploads\/2024\/04\/poelee-morteau21-750x501.jpg 750w\" sizes=\"auto, (max-width: 247px) 100vw, 247px\" \/> <img loading=\"lazy\" decoding=\"async\" class=\"alignnone wp-image-70901\" src=\"http:\/\/recettes-gourmandes-de-joce.fr\/wp-content\/uploads\/2024\/04\/poelee-morteau3.jpg\" alt=\"\" width=\"247\" height=\"165\" srcset=\"http:\/\/recettes-gourmandes-de-joce.fr\/wp-content\/uploads\/2024\/04\/poelee-morteau3.jpg 800w, http:\/\/recettes-gourmandes-de-joce.fr\/wp-content\/uploads\/2024\/04\/poelee-morteau3-768x513.jpg 768w, http:\/\/recettes-gourmandes-de-joce.fr\/wp-content\/uploads\/2024\/04\/poelee-morteau3-750x501.jpg 750w\" sizes=\"auto, (max-width: 247px) 100vw, 247px\" \/><\/p>\n<p style=\"text-align: center;\"><span style=\"color: #008000; font-size: 14pt;\"><span style=\"font-family: georgia,serif;\"><em>Ajouter le persil et laisser mijoter 5 minutes en remuant, ajouter ensuite les pommes de terre, m\u00e9langer et rectifier l&rsquo;assaisonnement, laisser chauffer quelques instants et servir sans attendre.<\/em><\/span><\/span><\/p>\n<p style=\"text-align: center;\"><span style=\"font-size: 14pt;\"><span style=\"color: #008000;\"><span style=\"font-family: georgia,serif;\"><em>Bon app\u00e9tit!<\/em><\/span><\/span><\/span><\/p>\n<p style=\"text-align: center;\"><img loading=\"lazy\" decoding=\"async\" class=\"alignnone wp-image-70898\" src=\"http:\/\/recettes-gourmandes-de-joce.fr\/wp-content\/uploads\/2024\/04\/poelee-morteau25.jpg\" alt=\"\" width=\"255\" height=\"180\" srcset=\"http:\/\/recettes-gourmandes-de-joce.fr\/wp-content\/uploads\/2024\/04\/poelee-morteau25.jpg 800w, http:\/\/recettes-gourmandes-de-joce.fr\/wp-content\/uploads\/2024\/04\/poelee-morteau25-768x542.jpg 768w, http:\/\/recettes-gourmandes-de-joce.fr\/wp-content\/uploads\/2024\/04\/poelee-morteau25-750x530.jpg 750w\" sizes=\"auto, (max-width: 255px) 100vw, 255px\" \/><\/p>\n<p style=\"text-align: center;\">\u00a0<img loading=\"lazy\" decoding=\"async\" class=\"alignnone wp-image-70895\" src=\"http:\/\/recettes-gourmandes-de-joce.fr\/wp-content\/uploads\/2024\/04\/poelee-morteau22.jpg\" alt=\"\" width=\"270\" height=\"180\" srcset=\"http:\/\/recettes-gourmandes-de-joce.fr\/wp-content\/uploads\/2024\/04\/poelee-morteau22.jpg 800w, http:\/\/recettes-gourmandes-de-joce.fr\/wp-content\/uploads\/2024\/04\/poelee-morteau22-768x513.jpg 768w, http:\/\/recettes-gourmandes-de-joce.fr\/wp-content\/uploads\/2024\/04\/poelee-morteau22-750x501.jpg 750w\" sizes=\"auto, (max-width: 270px) 100vw, 270px\" \/> <img loading=\"lazy\" decoding=\"async\" class=\"alignnone wp-image-70896\" src=\"http:\/\/recettes-gourmandes-de-joce.fr\/wp-content\/uploads\/2024\/04\/poelee-morteau23.jpg\" alt=\"\" width=\"270\" height=\"180\" srcset=\"http:\/\/recettes-gourmandes-de-joce.fr\/wp-content\/uploads\/2024\/04\/poelee-morteau23.jpg 800w, http:\/\/recettes-gourmandes-de-joce.fr\/wp-content\/uploads\/2024\/04\/poelee-morteau23-768x513.jpg 768w, http:\/\/recettes-gourmandes-de-joce.fr\/wp-content\/uploads\/2024\/04\/poelee-morteau23-750x501.jpg 750w\" sizes=\"auto, (max-width: 270px) 100vw, 270px\" \/><\/p>\n<p><img loading=\"lazy\" decoding=\"async\" class=\"alignnone size-full wp-image-59803\" src=\"http:\/\/recettes-gourmandes-de-joce.fr\/wp-content\/uploads\/2024\/01\/logitech-gaming-software-14112014-121223.jpg\" alt=\"\" width=\"640\" height=\"144\" \/><\/p>\n<p>&nbsp;<\/p>\n","protected":false},"excerpt":{"rendered":"<p>Une de mes recettes \u00a0 Ingr\u00e9dients pour 3 personnes 500 g de haricots verts frais ou surgel\u00e9s (pour moi ceux du jardin surgel\u00e9s) 5 pommes de terre 1 oignon 1 saucisse de Morteau 2 c \u00e0 s de persil cisel\u00e9 1 c \u00e0 s d&rsquo;\u00e9pices pour pommes de terre d\u00e9tails sur ce lien -&gt; \u00c9pic\u00e9too &hellip; <\/p>\n<p><a class=\"more-link btn\" href=\"http:\/\/recettes-gourmandes-de-joce.fr\/index.php\/index\/viandes\/saucisses-chipolatas-merguez-andouille-etc\/poelee-epicee-de-pommes-de-terre-haricots-verts-et-saucisse-de-morteau\/\">Lire la suite<\/a><\/p>\n","protected":false},"author":2,"featured_media":70900,"parent":138,"menu_order":0,"comment_status":"open","ping_status":"closed","template":"","meta":{"footnotes":""},"class_list":["post-1782","page","type-page","status-publish","has-post-thumbnail","hentry","nodate","item-wrap"],"_links":{"self":[{"href":"http:\/\/recettes-gourmandes-de-joce.fr\/index.php\/wp-json\/wp\/v2\/pages\/1782","targetHints":{"allow":["GET"]}}],"collection":[{"href":"http:\/\/recettes-gourmandes-de-joce.fr\/index.php\/wp-json\/wp\/v2\/pages"}],"about":[{"href":"http:\/\/recettes-gourmandes-de-joce.fr\/index.php\/wp-json\/wp\/v2\/types\/page"}],"author":[{"embeddable":true,"href":"http:\/\/recettes-gourmandes-de-joce.fr\/index.php\/wp-json\/wp\/v2\/users\/2"}],"replies":[{"embeddable":true,"href":"http:\/\/recettes-gourmandes-de-joce.fr\/index.php\/wp-json\/wp\/v2\/comments?post=1782"}],"version-history":[{"count":4,"href":"http:\/\/recettes-gourmandes-de-joce.fr\/index.php\/wp-json\/wp\/v2\/pages\/1782\/revisions"}],"predecessor-version":[{"id":88952,"href":"http:\/\/recettes-gourmandes-de-joce.fr\/index.php\/wp-json\/wp\/v2\/pages\/1782\/revisions\/88952"}],"up":[{"embeddable":true,"href":"http:\/\/recettes-gourmandes-de-joce.fr\/index.php\/wp-json\/wp\/v2\/pages\/138"}],"wp:featuredmedia":[{"embeddable":true,"href":"http:\/\/recettes-gourmandes-de-joce.fr\/index.php\/wp-json\/wp\/v2\/media\/70900"}],"wp:attachment":[{"href":"http:\/\/recettes-gourmandes-de-joce.fr\/index.php\/wp-json\/wp\/v2\/media?parent=1782"}],"curies":[{"name":"wp","href":"https:\/\/api.w.org\/{rel}","templated":true}]}}