{"id":17499,"date":"2020-02-24T18:49:16","date_gmt":"2020-02-24T18:49:16","guid":{"rendered":"http:\/\/recettes-gourmandes-de-joce.fr\/?page_id=17499"},"modified":"2024-06-29T12:17:33","modified_gmt":"2024-06-29T12:17:33","slug":"espadon-sauce-a-loseille-orecchiettes-aux-legumes","status":"publish","type":"page","link":"http:\/\/recettes-gourmandes-de-joce.fr\/index.php\/index\/poissons-coquillages\/filets-paves\/espadon-sauce-a-loseille-orecchiettes-aux-legumes\/","title":{"rendered":"Espadon sauce \u00e0 l&rsquo;oseille, orecchiettes aux l\u00e9gumes."},"content":{"rendered":"<p style=\"text-align: center;\"><span style=\"font-family: georgia, serif; font-size: 18pt; color: #008080;\"><em><span style=\"text-decoration: underline;\">Une de mes recettes<\/span><\/em><\/span><\/p>\n<p style=\"text-align: center;\"><span style=\"font-size: 18pt; color: #008080;\"><img loading=\"lazy\" decoding=\"async\" class=\"alignnone wp-image-17502\" src=\"http:\/\/recettes-gourmandes-de-joce.fr\/wp-content\/uploads\/2020\/02\/Logitech-Gaming-Software-24022020-185938.bmp-150x150.jpg\" alt=\"\" width=\"228\" height=\"180\" srcset=\"http:\/\/recettes-gourmandes-de-joce.fr\/wp-content\/uploads\/2020\/02\/Logitech-Gaming-Software-24022020-185938.bmp-300x236.jpg 300w, http:\/\/recettes-gourmandes-de-joce.fr\/wp-content\/uploads\/2020\/02\/Logitech-Gaming-Software-24022020-185938.bmp.jpg 680w\" sizes=\"auto, (max-width: 228px) 100vw, 228px\" \/> <img loading=\"lazy\" decoding=\"async\" class=\"alignnone wp-image-17503\" src=\"http:\/\/recettes-gourmandes-de-joce.fr\/wp-content\/uploads\/2020\/02\/Logitech-Gaming-Software-24022020-185941.bmp-150x150.jpg\" alt=\"\" width=\"283\" height=\"180\" srcset=\"http:\/\/recettes-gourmandes-de-joce.fr\/wp-content\/uploads\/2020\/02\/Logitech-Gaming-Software-24022020-185941.bmp-300x191.jpg 300w, http:\/\/recettes-gourmandes-de-joce.fr\/wp-content\/uploads\/2020\/02\/Logitech-Gaming-Software-24022020-185941.bmp.jpg 465w\" sizes=\"auto, (max-width: 283px) 100vw, 283px\" \/> <img loading=\"lazy\" decoding=\"async\" class=\"alignnone wp-image-17501\" src=\"http:\/\/recettes-gourmandes-de-joce.fr\/wp-content\/uploads\/2020\/02\/Logitech-Gaming-Software-24022020-190040-150x150.jpg\" alt=\"\" width=\"223\" height=\"180\" srcset=\"http:\/\/recettes-gourmandes-de-joce.fr\/wp-content\/uploads\/2020\/02\/Logitech-Gaming-Software-24022020-190040-300x242.jpg 300w, http:\/\/recettes-gourmandes-de-joce.fr\/wp-content\/uploads\/2020\/02\/Logitech-Gaming-Software-24022020-190040.jpg 565w\" sizes=\"auto, (max-width: 223px) 100vw, 223px\" \/><\/span><\/p>\n<p style=\"text-align: center;\"><span style=\"font-family: georgia, serif; font-size: 18pt; color: #008080;\"><em><span style=\"text-decoration: underline;\">Ingr\u00e9dients pour 4 personnes<\/span><\/em><\/span><\/p>\n<p style=\"text-align: center;\"><span style=\"color: #008080;\"><img loading=\"lazy\" decoding=\"async\" class=\"alignnone wp-image-17504\" src=\"http:\/\/recettes-gourmandes-de-joce.fr\/wp-content\/uploads\/2020\/02\/Logitech-Gaming-Software-24022020-185944-150x150.jpg\" alt=\"\" width=\"155\" height=\"200\" srcset=\"http:\/\/recettes-gourmandes-de-joce.fr\/wp-content\/uploads\/2020\/02\/Logitech-Gaming-Software-24022020-185944-233x300.jpg 233w, http:\/\/recettes-gourmandes-de-joce.fr\/wp-content\/uploads\/2020\/02\/Logitech-Gaming-Software-24022020-185944.jpg 522w\" sizes=\"auto, (max-width: 155px) 100vw, 155px\" \/><\/span><\/p>\n<p style=\"text-align: center;\"><span style=\"font-family: georgia, serif; font-size: 14pt; color: #008080;\"><em>800 g d&rsquo;espadon (soit deux belles tranches)<\/em><\/span><\/p>\n<p style=\"text-align: center;\"><span style=\"font-family: georgia, serif; font-size: 14pt; color: #008080;\"><em>1 bouquet d&rsquo;oseille<\/em><\/span><\/p>\n<p style=\"text-align: center;\"><span style=\"font-family: georgia, serif; font-size: 14pt; color: #008080;\"><em>1 belle tomate<\/em><\/span><\/p>\n<p style=\"text-align: center;\"><span style=\"font-family: georgia, serif; font-size: 14pt; color: #008080;\"><em>20 olives vertes et noires<\/em><\/span><\/p>\n<p style=\"text-align: center;\"><span style=\"font-family: georgia, serif; font-size: 14pt; color: #008080;\"><em>1 gros oignon<\/em><\/span><\/p>\n<p style=\"text-align: center;\"><span style=\"font-family: georgia, serif; font-size: 14pt; color: #008080;\"><em>1 c \u00e0 s de fumet de poisson<\/em><\/span><\/p>\n<p style=\"text-align: center;\"><span style=\"font-family: georgia, serif; font-size: 14pt; color: #008080;\"><em>4 c \u00e0 s de cr\u00e8me fra\u00eeche \u00e9paisse<\/em><\/span><\/p>\n<p style=\"text-align: center;\"><span style=\"font-family: georgia, serif; font-size: 14pt; color: #008080;\"><em>150 g de haricots \u00e9coss\u00e9s frais cuits<\/em><\/span><\/p>\n<p style=\"text-align: center;\"><span style=\"font-family: georgia, serif; font-size: 14pt; color: #008080;\"><em>700 g de orecchiettes ou autres p\u00e2tes de votre choix<\/em><\/span><\/p>\n<p style=\"text-align: center;\"><span style=\"font-family: georgia, serif; font-size: 14pt; color: #008080;\"><em>Huile d&rsquo;olive<\/em><\/span><\/p>\n<p style=\"text-align: center;\"><span style=\"font-family: georgia, serif; font-size: 14pt; color: #008080;\"><em>\u00bd verre d&rsquo;eau<\/em><\/span><\/p>\n<p style=\"text-align: center;\"><span style=\"font-size: 14pt; color: #008080;\"><em style=\"font-family: georgia, serif;\">Sel et poivre<\/em><\/span><\/p>\n<p style=\"text-align: center;\"><span style=\"font-size: 14pt; color: #008080;\"><img loading=\"lazy\" decoding=\"async\" class=\"alignnone wp-image-17505\" src=\"http:\/\/recettes-gourmandes-de-joce.fr\/wp-content\/uploads\/2020\/02\/Logitech-Gaming-Software-24022020-185948.bmp-150x150.jpg\" alt=\"\" width=\"215\" height=\"160\" srcset=\"http:\/\/recettes-gourmandes-de-joce.fr\/wp-content\/uploads\/2020\/02\/Logitech-Gaming-Software-24022020-185948.bmp-300x224.jpg 300w, http:\/\/recettes-gourmandes-de-joce.fr\/wp-content\/uploads\/2020\/02\/Logitech-Gaming-Software-24022020-185948.bmp.jpg 679w\" sizes=\"auto, (max-width: 215px) 100vw, 215px\" \/> <img loading=\"lazy\" decoding=\"async\" class=\"alignnone wp-image-17506\" src=\"http:\/\/recettes-gourmandes-de-joce.fr\/wp-content\/uploads\/2020\/02\/Logitech-Gaming-Software-24022020-185950.bmp-150x150.jpg\" alt=\"\" width=\"215\" height=\"160\" srcset=\"http:\/\/recettes-gourmandes-de-joce.fr\/wp-content\/uploads\/2020\/02\/Logitech-Gaming-Software-24022020-185950.bmp-300x223.jpg 300w, http:\/\/recettes-gourmandes-de-joce.fr\/wp-content\/uploads\/2020\/02\/Logitech-Gaming-Software-24022020-185950.bmp.jpg 681w\" sizes=\"auto, (max-width: 215px) 100vw, 215px\" \/> <img loading=\"lazy\" decoding=\"async\" class=\"alignnone wp-image-17507\" src=\"http:\/\/recettes-gourmandes-de-joce.fr\/wp-content\/uploads\/2020\/02\/Logitech-Gaming-Software-24022020-185953.bmp-150x150.jpg\" alt=\"\" width=\"212\" height=\"160\" srcset=\"http:\/\/recettes-gourmandes-de-joce.fr\/wp-content\/uploads\/2020\/02\/Logitech-Gaming-Software-24022020-185953.bmp-300x226.jpg 300w, http:\/\/recettes-gourmandes-de-joce.fr\/wp-content\/uploads\/2020\/02\/Logitech-Gaming-Software-24022020-185953.bmp.jpg 673w\" sizes=\"auto, (max-width: 212px) 100vw, 212px\" \/><\/span><\/p>\n<p style=\"text-align: center;\"><span style=\"font-family: georgia, serif; font-size: 14pt; color: #008080;\">\u00a0<em>Laver l&rsquo;oseille, enlever les queues et \u00e9minc\u00e9 la, laver la tomate et couper la en d\u00e9s. Couper les olives en deux et \u00e9mincer l&rsquo;oignon. Dans une po\u00eale, mettre un filet d&rsquo;huile d&rsquo;olive \u00e0 chauffer ajouter la moiti\u00e9 de l&rsquo;oignon et faite le dorer, ajouter ensuite l&rsquo;oseille et remuer pour la faire fondre.<\/em><\/span><\/p>\n<p style=\"text-align: center;\"><span style=\"font-size: 14pt; color: #008080;\">\u00a0<img loading=\"lazy\" decoding=\"async\" class=\"alignnone wp-image-17508\" src=\"http:\/\/recettes-gourmandes-de-joce.fr\/wp-content\/uploads\/2020\/02\/Logitech-Gaming-Software-24022020-185956.bmp-150x150.jpg\" alt=\"\" width=\"214\" height=\"160\" srcset=\"http:\/\/recettes-gourmandes-de-joce.fr\/wp-content\/uploads\/2020\/02\/Logitech-Gaming-Software-24022020-185956.bmp-300x224.jpg 300w, http:\/\/recettes-gourmandes-de-joce.fr\/wp-content\/uploads\/2020\/02\/Logitech-Gaming-Software-24022020-185956.bmp.jpg 682w\" sizes=\"auto, (max-width: 214px) 100vw, 214px\" \/> <img loading=\"lazy\" decoding=\"async\" class=\"alignnone wp-image-17509\" src=\"http:\/\/recettes-gourmandes-de-joce.fr\/wp-content\/uploads\/2020\/02\/Logitech-Gaming-Software-24022020-190003.bmp-150x150.jpg\" alt=\"\" width=\"212\" height=\"160\" srcset=\"http:\/\/recettes-gourmandes-de-joce.fr\/wp-content\/uploads\/2020\/02\/Logitech-Gaming-Software-24022020-190003.bmp-300x227.jpg 300w, http:\/\/recettes-gourmandes-de-joce.fr\/wp-content\/uploads\/2020\/02\/Logitech-Gaming-Software-24022020-190003.bmp.jpg 682w\" sizes=\"auto, (max-width: 212px) 100vw, 212px\" \/><\/span><\/p>\n<p style=\"text-align: center;\"><span style=\"font-family: georgia, serif; font-size: 14pt; color: #008080;\"><em>Ajouter le fumet de poisson. Remuer et ajouter la cr\u00e8me fra\u00eeche m\u00e9langer. Saler et poivrer, remuer et r\u00e9serv\u00e9 au chaud.<\/em><\/span><\/p>\n<p style=\"text-align: center;\"><span style=\"font-size: 14pt; color: #008080;\"><img loading=\"lazy\" decoding=\"async\" class=\"alignnone wp-image-17510\" src=\"http:\/\/recettes-gourmandes-de-joce.fr\/wp-content\/uploads\/2020\/02\/Logitech-Gaming-Software-24022020-190006.bmp-150x150.jpg\" alt=\"\" width=\"215\" height=\"160\" srcset=\"http:\/\/recettes-gourmandes-de-joce.fr\/wp-content\/uploads\/2020\/02\/Logitech-Gaming-Software-24022020-190006.bmp-300x223.jpg 300w, http:\/\/recettes-gourmandes-de-joce.fr\/wp-content\/uploads\/2020\/02\/Logitech-Gaming-Software-24022020-190006.bmp.jpg 681w\" sizes=\"auto, (max-width: 215px) 100vw, 215px\" \/> <img loading=\"lazy\" decoding=\"async\" class=\"alignnone wp-image-17511\" src=\"http:\/\/recettes-gourmandes-de-joce.fr\/wp-content\/uploads\/2020\/02\/Logitech-Gaming-Software-24022020-190015.bmp-150x150.jpg\" alt=\"\" width=\"213\" height=\"160\" srcset=\"http:\/\/recettes-gourmandes-de-joce.fr\/wp-content\/uploads\/2020\/02\/Logitech-Gaming-Software-24022020-190015.bmp-300x225.jpg 300w, http:\/\/recettes-gourmandes-de-joce.fr\/wp-content\/uploads\/2020\/02\/Logitech-Gaming-Software-24022020-190015.bmp.jpg 676w\" sizes=\"auto, (max-width: 213px) 100vw, 213px\" \/> <img loading=\"lazy\" decoding=\"async\" class=\"alignnone wp-image-17512\" src=\"http:\/\/recettes-gourmandes-de-joce.fr\/wp-content\/uploads\/2020\/02\/Logitech-Gaming-Software-24022020-190017.bmp-150x150.jpg\" alt=\"\" width=\"213\" height=\"160\" srcset=\"http:\/\/recettes-gourmandes-de-joce.fr\/wp-content\/uploads\/2020\/02\/Logitech-Gaming-Software-24022020-190017.bmp-300x225.jpg 300w, http:\/\/recettes-gourmandes-de-joce.fr\/wp-content\/uploads\/2020\/02\/Logitech-Gaming-Software-24022020-190017.bmp.jpg 677w\" sizes=\"auto, (max-width: 213px) 100vw, 213px\" \/><\/span><\/p>\n<p style=\"text-align: center;\"><span style=\"font-family: georgia, serif; font-size: 14pt; color: #008080;\"><em>Mettre de l&rsquo;eau sal\u00e9e \u00e0 chauffer et y faire cuire les p\u00e2tes. Dans une po\u00eale, mettre un filet d&rsquo;huile d&rsquo;olive \u00e0 chauffer ajouter la 2\u00e8me moiti\u00e9 de l&rsquo;oignon et faite le dorer. Ajouter les tomates et laisser suer quelques instants, ajouter le demi verre d&rsquo;eau<\/em><em>. Ajouter les haricots et remuer. <\/em><\/span><\/p>\n<p style=\"text-align: center;\"><span style=\"font-size: 14pt; color: #008080;\"><img loading=\"lazy\" decoding=\"async\" class=\"alignnone wp-image-17514\" src=\"http:\/\/recettes-gourmandes-de-joce.fr\/wp-content\/uploads\/2020\/02\/Logitech-Gaming-Software-24022020-190024.bmp-150x150.jpg\" alt=\"\" width=\"213\" height=\"160\" srcset=\"http:\/\/recettes-gourmandes-de-joce.fr\/wp-content\/uploads\/2020\/02\/Logitech-Gaming-Software-24022020-190024.bmp-300x225.jpg 300w, http:\/\/recettes-gourmandes-de-joce.fr\/wp-content\/uploads\/2020\/02\/Logitech-Gaming-Software-24022020-190024.bmp.jpg 680w\" sizes=\"auto, (max-width: 213px) 100vw, 213px\" \/> <img loading=\"lazy\" decoding=\"async\" class=\"alignnone wp-image-17515\" src=\"http:\/\/recettes-gourmandes-de-joce.fr\/wp-content\/uploads\/2020\/02\/Logitech-Gaming-Software-24022020-190027.bmp-150x150.jpg\" alt=\"\" width=\"207\" height=\"160\" srcset=\"http:\/\/recettes-gourmandes-de-joce.fr\/wp-content\/uploads\/2020\/02\/Logitech-Gaming-Software-24022020-190027.bmp-300x232.jpg 300w, http:\/\/recettes-gourmandes-de-joce.fr\/wp-content\/uploads\/2020\/02\/Logitech-Gaming-Software-24022020-190027.bmp.jpg 680w\" sizes=\"auto, (max-width: 207px) 100vw, 207px\" \/>\u00a0<\/span><\/p>\n<p style=\"text-align: center;\"><span style=\"font-family: georgia, serif; font-size: 14pt; color: #008080;\"><em>Ajouter les olives, saler et poivrer. Passer les p\u00e2tes et verser les dans la po\u00eale avec les l\u00e9gumes remuer et garder au chaud.<\/em><\/span><\/p>\n<p style=\"text-align: center;\"><span style=\"font-size: 14pt; color: #008080;\"><img loading=\"lazy\" decoding=\"async\" class=\"alignnone wp-image-17487\" src=\"http:\/\/recettes-gourmandes-de-joce.fr\/wp-content\/uploads\/2020\/02\/P2060208-150x150.jpg\" alt=\"\" width=\"213\" height=\"160\" srcset=\"http:\/\/recettes-gourmandes-de-joce.fr\/wp-content\/uploads\/2020\/02\/P2060208-300x225.jpg 300w, http:\/\/recettes-gourmandes-de-joce.fr\/wp-content\/uploads\/2020\/02\/P2060208-768x576.jpg 768w, http:\/\/recettes-gourmandes-de-joce.fr\/wp-content\/uploads\/2020\/02\/P2060208-1024x768.jpg 1024w, http:\/\/recettes-gourmandes-de-joce.fr\/wp-content\/uploads\/2020\/02\/P2060208.jpg 1280w\" sizes=\"auto, (max-width: 213px) 100vw, 213px\" \/> <img loading=\"lazy\" decoding=\"async\" class=\"alignnone wp-image-17517\" src=\"http:\/\/recettes-gourmandes-de-joce.fr\/wp-content\/uploads\/2020\/02\/Logitech-Gaming-Software-24022020-190033.bmp-150x150.jpg\" alt=\"\" width=\"199\" height=\"160\" srcset=\"http:\/\/recettes-gourmandes-de-joce.fr\/wp-content\/uploads\/2020\/02\/Logitech-Gaming-Software-24022020-190033.bmp-300x241.jpg 300w, http:\/\/recettes-gourmandes-de-joce.fr\/wp-content\/uploads\/2020\/02\/Logitech-Gaming-Software-24022020-190033.bmp.jpg 679w\" sizes=\"auto, (max-width: 199px) 100vw, 199px\" \/> <img loading=\"lazy\" decoding=\"async\" class=\"alignnone wp-image-17516\" src=\"http:\/\/recettes-gourmandes-de-joce.fr\/wp-content\/uploads\/2020\/02\/Logitech-Gaming-Software-24022020-190030.bmp-150x150.jpg\" alt=\"\" width=\"176\" height=\"160\" srcset=\"http:\/\/recettes-gourmandes-de-joce.fr\/wp-content\/uploads\/2020\/02\/Logitech-Gaming-Software-24022020-190030.bmp-300x272.jpg 300w, http:\/\/recettes-gourmandes-de-joce.fr\/wp-content\/uploads\/2020\/02\/Logitech-Gaming-Software-24022020-190030.bmp.jpg 681w\" sizes=\"auto, (max-width: 176px) 100vw, 176px\" \/><\/span><\/p>\n<p style=\"text-align: center;\"><span style=\"font-family: georgia, serif; font-size: 14pt; color: #008080;\"><em>Mettre du beurre dans une po\u00eale, lorsque celui ci prend une l\u00e9g\u00e8re couleur noisette y mettre les tranches d&rsquo;espadon sal\u00e9es et poivr\u00e9es des deux cot\u00e9s, les cuire en les retournant souvent, v\u00e9rifier la cuisson en coupant la tranche sur une petite partie, le poisson doit \u00eatre cuit \u00e0 c\u0153ur. Servir accompagn\u00e9 des p\u00e2tes et de la sauce \u00e0 l&rsquo;oseille.<\/em><\/span><\/p>\n<p style=\"text-align: center;\"><span style=\"font-family: georgia, serif; font-size: 14pt; color: #008080;\"><em>Bon app\u00e9tit!<\/em><\/span><\/p>\n<p style=\"text-align: center;\"><span style=\"font-size: 14pt; color: #008080;\"><img loading=\"lazy\" decoding=\"async\" class=\"alignnone wp-image-17502\" src=\"http:\/\/recettes-gourmandes-de-joce.fr\/wp-content\/uploads\/2020\/02\/Logitech-Gaming-Software-24022020-185938.bmp-150x150.jpg\" alt=\"\" width=\"228\" height=\"180\" srcset=\"http:\/\/recettes-gourmandes-de-joce.fr\/wp-content\/uploads\/2020\/02\/Logitech-Gaming-Software-24022020-185938.bmp-300x236.jpg 300w, http:\/\/recettes-gourmandes-de-joce.fr\/wp-content\/uploads\/2020\/02\/Logitech-Gaming-Software-24022020-185938.bmp.jpg 680w\" sizes=\"auto, (max-width: 228px) 100vw, 228px\" \/><\/span><\/p>\n<p style=\"text-align: center;\"><span style=\"color: #008080;\"><img loading=\"lazy\" decoding=\"async\" class=\"alignnone wp-image-17500\" src=\"http:\/\/recettes-gourmandes-de-joce.fr\/wp-content\/uploads\/2020\/02\/Logitech-Gaming-Software-24022020-190037-150x150.jpg\" alt=\"\" width=\"278\" height=\"180\" srcset=\"http:\/\/recettes-gourmandes-de-joce.fr\/wp-content\/uploads\/2020\/02\/Logitech-Gaming-Software-24022020-190037-300x194.jpg 300w, http:\/\/recettes-gourmandes-de-joce.fr\/wp-content\/uploads\/2020\/02\/Logitech-Gaming-Software-24022020-190037.jpg 594w\" sizes=\"auto, (max-width: 278px) 100vw, 278px\" \/> \u00a0<img loading=\"lazy\" decoding=\"async\" class=\"alignnone wp-image-17503\" src=\"http:\/\/recettes-gourmandes-de-joce.fr\/wp-content\/uploads\/2020\/02\/Logitech-Gaming-Software-24022020-185941.bmp-150x150.jpg\" alt=\"\" width=\"283\" height=\"180\" srcset=\"http:\/\/recettes-gourmandes-de-joce.fr\/wp-content\/uploads\/2020\/02\/Logitech-Gaming-Software-24022020-185941.bmp-300x191.jpg 300w, http:\/\/recettes-gourmandes-de-joce.fr\/wp-content\/uploads\/2020\/02\/Logitech-Gaming-Software-24022020-185941.bmp.jpg 465w\" sizes=\"auto, (max-width: 283px) 100vw, 283px\" \/><\/span><\/p>\n<p style=\"text-align: center;\"><span style=\"color: #008080;\"><img decoding=\"async\" src=\"http:\/\/recettes-gourmandes-de-joce.fr\/wp-content\/uploads\/2020\/01\/logitech-gaming-software-14112014-121223.jpg\" \/><\/span><\/p>\n","protected":false},"excerpt":{"rendered":"<p>Une de mes recettes Ingr\u00e9dients pour 4 personnes 800 g d&rsquo;espadon (soit deux belles tranches) 1 bouquet d&rsquo;oseille 1 belle tomate 20 olives vertes et noires 1 gros oignon 1 c \u00e0 s de fumet de poisson 4 c \u00e0 s de cr\u00e8me fra\u00eeche \u00e9paisse 150 g de haricots \u00e9coss\u00e9s frais cuits 700 g de &hellip; <\/p>\n<p><a class=\"more-link btn\" href=\"http:\/\/recettes-gourmandes-de-joce.fr\/index.php\/index\/poissons-coquillages\/filets-paves\/espadon-sauce-a-loseille-orecchiettes-aux-legumes\/\">Lire la suite<\/a><\/p>\n","protected":false},"author":2,"featured_media":85510,"parent":189,"menu_order":0,"comment_status":"open","ping_status":"closed","template":"","meta":{"footnotes":""},"class_list":["post-17499","page","type-page","status-publish","has-post-thumbnail","hentry","nodate","item-wrap"],"_links":{"self":[{"href":"http:\/\/recettes-gourmandes-de-joce.fr\/index.php\/wp-json\/wp\/v2\/pages\/17499","targetHints":{"allow":["GET"]}}],"collection":[{"href":"http:\/\/recettes-gourmandes-de-joce.fr\/index.php\/wp-json\/wp\/v2\/pages"}],"about":[{"href":"http:\/\/recettes-gourmandes-de-joce.fr\/index.php\/wp-json\/wp\/v2\/types\/page"}],"author":[{"embeddable":true,"href":"http:\/\/recettes-gourmandes-de-joce.fr\/index.php\/wp-json\/wp\/v2\/users\/2"}],"replies":[{"embeddable":true,"href":"http:\/\/recettes-gourmandes-de-joce.fr\/index.php\/wp-json\/wp\/v2\/comments?post=17499"}],"version-history":[{"count":3,"href":"http:\/\/recettes-gourmandes-de-joce.fr\/index.php\/wp-json\/wp\/v2\/pages\/17499\/revisions"}],"predecessor-version":[{"id":85511,"href":"http:\/\/recettes-gourmandes-de-joce.fr\/index.php\/wp-json\/wp\/v2\/pages\/17499\/revisions\/85511"}],"up":[{"embeddable":true,"href":"http:\/\/recettes-gourmandes-de-joce.fr\/index.php\/wp-json\/wp\/v2\/pages\/189"}],"wp:featuredmedia":[{"embeddable":true,"href":"http:\/\/recettes-gourmandes-de-joce.fr\/index.php\/wp-json\/wp\/v2\/media\/85510"}],"wp:attachment":[{"href":"http:\/\/recettes-gourmandes-de-joce.fr\/index.php\/wp-json\/wp\/v2\/media?parent=17499"}],"curies":[{"name":"wp","href":"https:\/\/api.w.org\/{rel}","templated":true}]}}