{"id":17265,"date":"2020-02-14T22:38:55","date_gmt":"2020-02-14T22:38:55","guid":{"rendered":"http:\/\/recettes-gourmandes-de-joce.fr\/?page_id=17265"},"modified":"2024-08-16T12:51:23","modified_gmt":"2024-08-16T12:51:23","slug":"riz-epice-au-chorizos-a-griller-poivrons-et-tomates","status":"publish","type":"page","link":"http:\/\/recettes-gourmandes-de-joce.fr\/index.php\/index\/legumes\/riz-semoule\/riz-epice-au-chorizos-a-griller-poivrons-et-tomates\/","title":{"rendered":"Riz \u00e9pic\u00e9 au chorizos \u00e0 griller, poivrons et tomates."},"content":{"rendered":"<p style=\"text-align: center;\"><span style=\"font-family: georgia,serif;\"><span style=\"color: #fa9504; font-size: x-large; text-decoration: underline;\"><em>Une de mes recettes<\/em><\/span><\/span><\/p>\n<p style=\"text-align: center;\"><span style=\"font-family: georgia,serif;\"><span style=\"color: #fa9504; font-size: x-large; text-decoration: underline;\"><em><span style=\"color: #fa9504; font-size: large;\"><em><img loading=\"lazy\" decoding=\"async\" class=\"alignnone wp-image-16406\" src=\"http:\/\/recettes-gourmandes-de-joce.fr\/wp-content\/uploads\/2020\/01\/100_7731-150x150.jpg\" alt=\"\" width=\"227\" height=\"170\" srcset=\"http:\/\/recettes-gourmandes-de-joce.fr\/wp-content\/uploads\/2020\/01\/100_7731-300x225.jpg 300w, http:\/\/recettes-gourmandes-de-joce.fr\/wp-content\/uploads\/2020\/01\/100_7731.jpg 640w\" sizes=\"auto, (max-width: 227px) 100vw, 227px\" \/> <img loading=\"lazy\" decoding=\"async\" class=\"alignnone wp-image-16403\" src=\"http:\/\/recettes-gourmandes-de-joce.fr\/wp-content\/uploads\/2020\/01\/100_7728-150x150.jpg\" alt=\"\" width=\"244\" height=\"170\" srcset=\"http:\/\/recettes-gourmandes-de-joce.fr\/wp-content\/uploads\/2020\/01\/100_7728-300x209.jpg 300w, http:\/\/recettes-gourmandes-de-joce.fr\/wp-content\/uploads\/2020\/01\/100_7728.jpg 640w\" sizes=\"auto, (max-width: 244px) 100vw, 244px\" \/> <img loading=\"lazy\" decoding=\"async\" class=\"alignnone wp-image-16408\" src=\"http:\/\/recettes-gourmandes-de-joce.fr\/wp-content\/uploads\/2020\/01\/100_7735-150x150.jpg\" alt=\"\" width=\"238\" height=\"170\" srcset=\"http:\/\/recettes-gourmandes-de-joce.fr\/wp-content\/uploads\/2020\/01\/100_7735-300x215.jpg 300w, http:\/\/recettes-gourmandes-de-joce.fr\/wp-content\/uploads\/2020\/01\/100_7735.jpg 640w\" sizes=\"auto, (max-width: 238px) 100vw, 238px\" \/><\/em><\/span><\/em><\/span><\/span><\/p>\n<p style=\"text-align: center;\"><span style=\"font-family: georgia,serif;\"><span style=\"color: #fa9504; font-size: x-large; text-decoration: underline;\"><em>Ingr\u00e9dients pour 4 personnes<\/em><\/span><\/span><\/p>\n<p style=\"text-align: center;\"><img loading=\"lazy\" decoding=\"async\" class=\"alignnone wp-image-16409\" src=\"http:\/\/recettes-gourmandes-de-joce.fr\/wp-content\/uploads\/2020\/01\/100_7703-150x150.jpg\" alt=\"\" width=\"271\" height=\"170\" srcset=\"http:\/\/recettes-gourmandes-de-joce.fr\/wp-content\/uploads\/2020\/01\/100_7703-300x188.jpg 300w, http:\/\/recettes-gourmandes-de-joce.fr\/wp-content\/uploads\/2020\/01\/100_7703.jpg 640w\" sizes=\"auto, (max-width: 271px) 100vw, 271px\" \/><\/p>\n<p style=\"text-align: center;\"><span style=\"font-family: georgia,serif;\"><span style=\"color: #fa9504; font-size: large;\"><em>400 g de riz long<\/em><\/span><\/span><\/p>\n<p style=\"text-align: center;\"><span style=\"font-family: georgia,serif;\"><span style=\"color: #fa9504; font-size: large;\"><em>1l environ d&rsquo;eau<\/em><\/span><\/span><\/p>\n<p style=\"text-align: center;\"><span style=\"font-family: georgia,serif;\"><span style=\"color: #fa9504; font-size: large;\"><em>6 chorizos \u00e0 griller \u00e0 d\u00e9faut un chorizo doux<\/em><\/span><\/span><\/p>\n<p style=\"text-align: center;\"><span style=\"font-family: georgia,serif;\"><span style=\"color: #fa9504; font-size: large;\"><em>2 belles tomates<\/em><\/span><\/span><\/p>\n<p style=\"text-align: center;\"><span style=\"font-family: georgia,serif;\"><span style=\"color: #fa9504; font-size: large;\"><em>1 oignon<\/em><\/span><\/span><\/p>\n<p style=\"text-align: center;\"><span style=\"font-family: georgia,serif;\"><span style=\"color: #fa9504; font-size: large;\"><em>1 oignon blanc et ses tiges<\/em><\/span><\/span><\/p>\n<p style=\"text-align: center;\"><span style=\"font-family: georgia,serif;\"><span style=\"color: #fa9504; font-size: large;\"><em>3 gousses d&rsquo;ail<\/em><\/span><\/span><\/p>\n<p style=\"text-align: center;\"><span style=\"font-family: georgia,serif;\"><span style=\"color: #fa9504; font-size: large;\"><em>1 feuille de laurier<\/em><\/span><\/span><\/p>\n<p style=\"text-align: center;\"><span style=\"font-family: georgia,serif;\"><span style=\"color: #fa9504; font-size: large;\"><em>3 branches de thym frais<\/em><\/span><\/span><\/p>\n<p style=\"text-align: center;\"><span style=\"font-family: georgia,serif;\"><span style=\"color: #fa9504; font-size: large;\"><em>1\/3 de poivron jaune, rouge et vert<\/em><\/span><\/span><\/p>\n<p style=\"text-align: center;\"><span style=\"font-family: georgia,serif;\"><span style=\"color: #fa9504; font-size: large;\"><em>1 cube de bouillon de poule<\/em><\/span><\/span><\/p>\n<p style=\"text-align: center;\"><span style=\"font-family: georgia,serif;\"><span style=\"color: #fa9504; font-size: large;\"><em>1 c \u00e0 c d&rsquo;\u00e9pices <span dir=\"auto\">Biryani<\/span> -&gt; \u00c9pic\u00e9too<\/em><\/span><\/span><\/p>\n<p style=\"text-align: center;\"><span style=\"font-family: georgia,serif;\"><span style=\"color: #fa9504; font-size: large;\"><em>Sel et poivre<\/em><\/span><\/span><\/p>\n<p style=\"text-align: center;\"><span style=\"font-family: georgia,serif;\"><span style=\"color: #fa9504; font-size: large;\"><em>1 sachet de colorant pour pa\u00eblla\u00a0<\/em><\/span><\/span><span style=\"font-family: georgia,serif;\"><span style=\"color: #fa9504; font-size: large;\"><em>ou une dose de safran <\/em><\/span><\/span><\/p>\n<p style=\"text-align: center;\"><img loading=\"lazy\" decoding=\"async\" class=\"alignnone wp-image-16410\" src=\"http:\/\/recettes-gourmandes-de-joce.fr\/wp-content\/uploads\/2020\/01\/100_7706-150x150.jpg\" alt=\"\" width=\"223\" height=\"160\" srcset=\"http:\/\/recettes-gourmandes-de-joce.fr\/wp-content\/uploads\/2020\/01\/100_7706-300x215.jpg 300w, http:\/\/recettes-gourmandes-de-joce.fr\/wp-content\/uploads\/2020\/01\/100_7706.jpg 640w\" sizes=\"auto, (max-width: 223px) 100vw, 223px\" \/> <img loading=\"lazy\" decoding=\"async\" class=\"alignnone wp-image-17266\" src=\"http:\/\/recettes-gourmandes-de-joce.fr\/wp-content\/uploads\/2020\/02\/p1010349-2-150x150.jpg\" alt=\"\" width=\"130\" height=\"160\" srcset=\"http:\/\/recettes-gourmandes-de-joce.fr\/wp-content\/uploads\/2020\/02\/p1010349-2-243x300.jpg 243w, http:\/\/recettes-gourmandes-de-joce.fr\/wp-content\/uploads\/2020\/02\/p1010349-2.jpg 389w\" sizes=\"auto, (max-width: 130px) 100vw, 130px\" \/><\/p>\n<p style=\"text-align: center;\"><span style=\"font-family: georgia,serif;\"><span style=\"color: #fa9504; font-size: large;\"><em>Laver et couper les poivrons, les tomates en petits d\u00e9s, peler et \u00e9mincer les oignons et leurs tiges, peler, d\u00e9germer et \u00e9mincer les gousses d&rsquo;ail, couper les chorizos en tranches \u00e9paisses. Diluer le bouillon de cube dans 800 ml d&rsquo;eau chaude.\u00a0<\/em><\/span><\/span><\/p>\n<p style=\"text-align: center;\"><img loading=\"lazy\" decoding=\"async\" class=\"alignnone wp-image-16411\" src=\"http:\/\/recettes-gourmandes-de-joce.fr\/wp-content\/uploads\/2020\/01\/100_7710-150x150.jpg\" alt=\"\" width=\"206\" height=\"160\" srcset=\"http:\/\/recettes-gourmandes-de-joce.fr\/wp-content\/uploads\/2020\/01\/100_7710-300x233.jpg 300w, http:\/\/recettes-gourmandes-de-joce.fr\/wp-content\/uploads\/2020\/01\/100_7710.jpg 640w\" sizes=\"auto, (max-width: 206px) 100vw, 206px\" \/> <img loading=\"lazy\" decoding=\"async\" class=\"alignnone wp-image-16412\" src=\"http:\/\/recettes-gourmandes-de-joce.fr\/wp-content\/uploads\/2020\/01\/100_7711-150x150.jpg\" alt=\"\" width=\"218\" height=\"160\" srcset=\"http:\/\/recettes-gourmandes-de-joce.fr\/wp-content\/uploads\/2020\/01\/100_7711-300x220.jpg 300w, http:\/\/recettes-gourmandes-de-joce.fr\/wp-content\/uploads\/2020\/01\/100_7711.jpg 640w\" sizes=\"auto, (max-width: 218px) 100vw, 218px\" \/> <img loading=\"lazy\" decoding=\"async\" class=\"alignnone wp-image-16413\" src=\"http:\/\/recettes-gourmandes-de-joce.fr\/wp-content\/uploads\/2020\/01\/100_7714-150x150.jpg\" alt=\"\" width=\"213\" height=\"160\" srcset=\"http:\/\/recettes-gourmandes-de-joce.fr\/wp-content\/uploads\/2020\/01\/100_7714-300x225.jpg 300w, http:\/\/recettes-gourmandes-de-joce.fr\/wp-content\/uploads\/2020\/01\/100_7714.jpg 640w\" sizes=\"auto, (max-width: 213px) 100vw, 213px\" \/><\/p>\n<p style=\"text-align: center;\"><span style=\"font-family: georgia,serif;\"><span style=\"color: #fa9504; font-size: large;\"><em><span style=\"color: #ff9900; font-size: large;\"><em>Dans une sauteuse, mettre un filet d&rsquo;huile d&rsquo;olive, <\/em><\/span><\/em><em><span style=\"color: #ff9900;\">y faire suer les oignons et l&rsquo;ail, saler l\u00e9g\u00e8rement. <\/span>Lorsqu&rsquo;ils commencent \u00e0 prendre une belle couleur, ajouter les poivrons. <\/em><\/span><\/span><\/p>\n<p style=\"text-align: center;\"><img loading=\"lazy\" decoding=\"async\" class=\"alignnone wp-image-16414\" src=\"http:\/\/recettes-gourmandes-de-joce.fr\/wp-content\/uploads\/2020\/01\/100_7715-150x150.jpg\" alt=\"\" width=\"222\" height=\"160\" srcset=\"http:\/\/recettes-gourmandes-de-joce.fr\/wp-content\/uploads\/2020\/01\/100_7715-300x217.jpg 300w, http:\/\/recettes-gourmandes-de-joce.fr\/wp-content\/uploads\/2020\/01\/100_7715.jpg 640w\" sizes=\"auto, (max-width: 222px) 100vw, 222px\" \/> <img loading=\"lazy\" decoding=\"async\" class=\"alignnone wp-image-16395\" src=\"http:\/\/recettes-gourmandes-de-joce.fr\/wp-content\/uploads\/2020\/01\/100_7716-150x150.jpg\" alt=\"\" width=\"204\" height=\"160\" srcset=\"http:\/\/recettes-gourmandes-de-joce.fr\/wp-content\/uploads\/2020\/01\/100_7716-300x236.jpg 300w, http:\/\/recettes-gourmandes-de-joce.fr\/wp-content\/uploads\/2020\/01\/100_7716.jpg 640w\" sizes=\"auto, (max-width: 204px) 100vw, 204px\" \/> <img loading=\"lazy\" decoding=\"async\" class=\"alignnone wp-image-16396\" src=\"http:\/\/recettes-gourmandes-de-joce.fr\/wp-content\/uploads\/2020\/01\/100_7717-150x150.jpg\" alt=\"\" width=\"213\" height=\"160\" srcset=\"http:\/\/recettes-gourmandes-de-joce.fr\/wp-content\/uploads\/2020\/01\/100_7717-300x225.jpg 300w, http:\/\/recettes-gourmandes-de-joce.fr\/wp-content\/uploads\/2020\/01\/100_7717.jpg 640w\" sizes=\"auto, (max-width: 213px) 100vw, 213px\" \/><\/p>\n<p style=\"text-align: center;\"><span style=\"font-family: georgia,serif;\"><span style=\"color: #fa9504; font-size: large;\"><em>Ajouter ensuite les chorizos, m\u00e9langer et laisser suer quelques minutes en remuant, ajouter les tomates et m\u00e9langer \u00e0 nouveau, ajouter le thym et le laurier. <\/em><\/span><\/span><\/p>\n<p style=\"text-align: center;\"><img loading=\"lazy\" decoding=\"async\" class=\"alignnone wp-image-16397\" src=\"http:\/\/recettes-gourmandes-de-joce.fr\/wp-content\/uploads\/2020\/01\/100_7718-150x150.jpg\" alt=\"\" width=\"213\" height=\"160\" srcset=\"http:\/\/recettes-gourmandes-de-joce.fr\/wp-content\/uploads\/2020\/01\/100_7718-300x225.jpg 300w, http:\/\/recettes-gourmandes-de-joce.fr\/wp-content\/uploads\/2020\/01\/100_7718.jpg 640w\" sizes=\"auto, (max-width: 213px) 100vw, 213px\" \/> <img loading=\"lazy\" decoding=\"async\" class=\"alignnone wp-image-16398\" src=\"http:\/\/recettes-gourmandes-de-joce.fr\/wp-content\/uploads\/2020\/01\/100_7720-150x150.jpg\" alt=\"\" width=\"228\" height=\"160\" srcset=\"http:\/\/recettes-gourmandes-de-joce.fr\/wp-content\/uploads\/2020\/01\/100_7720-300x210.jpg 300w, http:\/\/recettes-gourmandes-de-joce.fr\/wp-content\/uploads\/2020\/01\/100_7720.jpg 640w\" sizes=\"auto, (max-width: 228px) 100vw, 228px\" \/> <img loading=\"lazy\" decoding=\"async\" class=\"alignnone wp-image-16399\" src=\"http:\/\/recettes-gourmandes-de-joce.fr\/wp-content\/uploads\/2020\/01\/100_7721-150x150.jpg\" alt=\"\" width=\"213\" height=\"160\" srcset=\"http:\/\/recettes-gourmandes-de-joce.fr\/wp-content\/uploads\/2020\/01\/100_7721-300x225.jpg 300w, http:\/\/recettes-gourmandes-de-joce.fr\/wp-content\/uploads\/2020\/01\/100_7721.jpg 640w\" sizes=\"auto, (max-width: 213px) 100vw, 213px\" \/><\/p>\n<p style=\"text-align: center;\"><span style=\"font-family: georgia,serif;\"><span style=\"color: #fa9504; font-size: large;\"><em>Ajouter les \u00e9pices, remuer. Saler et poivrer, ajouter le riz. <\/em><\/span><\/span><\/p>\n<p style=\"text-align: center;\"><img loading=\"lazy\" decoding=\"async\" class=\"alignnone wp-image-16400\" src=\"http:\/\/recettes-gourmandes-de-joce.fr\/wp-content\/uploads\/2020\/01\/100_7722-150x150.jpg\" alt=\"\" width=\"199\" height=\"160\" srcset=\"http:\/\/recettes-gourmandes-de-joce.fr\/wp-content\/uploads\/2020\/01\/100_7722-300x241.jpg 300w, http:\/\/recettes-gourmandes-de-joce.fr\/wp-content\/uploads\/2020\/01\/100_7722.jpg 640w\" sizes=\"auto, (max-width: 199px) 100vw, 199px\" \/> <img loading=\"lazy\" decoding=\"async\" class=\"alignnone wp-image-16401\" src=\"http:\/\/recettes-gourmandes-de-joce.fr\/wp-content\/uploads\/2020\/01\/100_7723-150x150.jpg\" alt=\"\" width=\"207\" height=\"160\" srcset=\"http:\/\/recettes-gourmandes-de-joce.fr\/wp-content\/uploads\/2020\/01\/100_7723-300x232.jpg 300w, http:\/\/recettes-gourmandes-de-joce.fr\/wp-content\/uploads\/2020\/01\/100_7723.jpg 640w\" sizes=\"auto, (max-width: 207px) 100vw, 207px\" \/> <img loading=\"lazy\" decoding=\"async\" class=\"alignnone wp-image-16402\" src=\"http:\/\/recettes-gourmandes-de-joce.fr\/wp-content\/uploads\/2020\/01\/100_7727-150x150.jpg\" alt=\"\" width=\"213\" height=\"160\" srcset=\"http:\/\/recettes-gourmandes-de-joce.fr\/wp-content\/uploads\/2020\/01\/100_7727-300x225.jpg 300w, http:\/\/recettes-gourmandes-de-joce.fr\/wp-content\/uploads\/2020\/01\/100_7727.jpg 640w\" sizes=\"auto, (max-width: 213px) 100vw, 213px\" \/><\/p>\n<p style=\"text-align: center;\"><span style=\"font-family: georgia,serif;\"><span style=\"color: #fa9504; font-size: large;\"><em>M\u00e9langer et verser le bouillon, m\u00e9langer \u00e0 nouveau. Couvrir et laisser mijoter environ 30 minutes et surveillant que le riz n&rsquo;attache pas au fond de la sauteuse et en surveillant le niveau de l&rsquo;eau, en rajouter au besoin (le riz doit avoir absorb\u00e9 toute l&rsquo;eau de cuisson une fois cuit). Une fois cuit ajouter le colorant ou le safran, bien m\u00e9langer et servir imm\u00e9diatement.<\/em><\/span><\/span><\/p>\n<p style=\"text-align: center;\"><span style=\"font-family: georgia,serif;\"><span style=\"color: #fa9504; font-size: large;\"><em>Bon app\u00e9tit!<\/em><\/span><\/span><\/p>\n<p style=\"text-align: center;\"><img loading=\"lazy\" decoding=\"async\" class=\"alignnone wp-image-16407\" src=\"http:\/\/recettes-gourmandes-de-joce.fr\/wp-content\/uploads\/2020\/01\/100_7732-150x150.jpg\" alt=\"\" width=\"227\" height=\"170\" srcset=\"http:\/\/recettes-gourmandes-de-joce.fr\/wp-content\/uploads\/2020\/01\/100_7732-300x225.jpg 300w, http:\/\/recettes-gourmandes-de-joce.fr\/wp-content\/uploads\/2020\/01\/100_7732.jpg 640w\" sizes=\"auto, (max-width: 227px) 100vw, 227px\" \/> <img loading=\"lazy\" decoding=\"async\" class=\"alignnone wp-image-16405\" src=\"http:\/\/recettes-gourmandes-de-joce.fr\/wp-content\/uploads\/2020\/01\/100_7730-150x150.jpg\" alt=\"\" width=\"260\" height=\"170\" srcset=\"http:\/\/recettes-gourmandes-de-joce.fr\/wp-content\/uploads\/2020\/01\/100_7730-300x196.jpg 300w, http:\/\/recettes-gourmandes-de-joce.fr\/wp-content\/uploads\/2020\/01\/100_7730.jpg 640w\" sizes=\"auto, (max-width: 260px) 100vw, 260px\" \/> <img loading=\"lazy\" decoding=\"async\" class=\"alignnone wp-image-16404\" src=\"http:\/\/recettes-gourmandes-de-joce.fr\/wp-content\/uploads\/2020\/01\/100_7729-150x150.jpg\" alt=\"\" width=\"256\" height=\"170\" srcset=\"http:\/\/recettes-gourmandes-de-joce.fr\/wp-content\/uploads\/2020\/01\/100_7729-300x199.jpg 300w, http:\/\/recettes-gourmandes-de-joce.fr\/wp-content\/uploads\/2020\/01\/100_7729.jpg 640w\" sizes=\"auto, (max-width: 256px) 100vw, 256px\" \/><\/p>\n<p style=\"text-align: center;\"><img loading=\"lazy\" decoding=\"async\" class=\"alignnone wp-image-16654 size-full\" src=\"http:\/\/recettes-gourmandes-de-joce.fr\/wp-content\/uploads\/2020\/01\/logitech-gaming-software-14112014-121223.jpg\" alt=\"\" width=\"640\" height=\"144\" srcset=\"http:\/\/recettes-gourmandes-de-joce.fr\/wp-content\/uploads\/2020\/01\/logitech-gaming-software-14112014-121223.jpg 640w, http:\/\/recettes-gourmandes-de-joce.fr\/wp-content\/uploads\/2020\/01\/logitech-gaming-software-14112014-121223-300x68.jpg 300w\" sizes=\"auto, (max-width: 640px) 100vw, 640px\" \/><\/p>\n<p style=\"text-align: center;\">\n","protected":false},"excerpt":{"rendered":"<p>Une de mes recettes Ingr\u00e9dients pour 4 personnes 400 g de riz long 1l environ d&rsquo;eau 6 chorizos \u00e0 griller \u00e0 d\u00e9faut un chorizo doux 2 belles tomates 1 oignon 1 oignon blanc et ses tiges 3 gousses d&rsquo;ail 1 feuille de laurier 3 branches de thym frais 1\/3 de poivron jaune, rouge et vert &hellip; <\/p>\n<p><a class=\"more-link btn\" href=\"http:\/\/recettes-gourmandes-de-joce.fr\/index.php\/index\/legumes\/riz-semoule\/riz-epice-au-chorizos-a-griller-poivrons-et-tomates\/\">Lire la suite<\/a><\/p>\n","protected":false},"author":2,"featured_media":76692,"parent":163,"menu_order":0,"comment_status":"open","ping_status":"closed","template":"","meta":{"footnotes":""},"class_list":["post-17265","page","type-page","status-publish","has-post-thumbnail","hentry","nodate","item-wrap"],"_links":{"self":[{"href":"http:\/\/recettes-gourmandes-de-joce.fr\/index.php\/wp-json\/wp\/v2\/pages\/17265","targetHints":{"allow":["GET"]}}],"collection":[{"href":"http:\/\/recettes-gourmandes-de-joce.fr\/index.php\/wp-json\/wp\/v2\/pages"}],"about":[{"href":"http:\/\/recettes-gourmandes-de-joce.fr\/index.php\/wp-json\/wp\/v2\/types\/page"}],"author":[{"embeddable":true,"href":"http:\/\/recettes-gourmandes-de-joce.fr\/index.php\/wp-json\/wp\/v2\/users\/2"}],"replies":[{"embeddable":true,"href":"http:\/\/recettes-gourmandes-de-joce.fr\/index.php\/wp-json\/wp\/v2\/comments?post=17265"}],"version-history":[{"count":4,"href":"http:\/\/recettes-gourmandes-de-joce.fr\/index.php\/wp-json\/wp\/v2\/pages\/17265\/revisions"}],"predecessor-version":[{"id":89309,"href":"http:\/\/recettes-gourmandes-de-joce.fr\/index.php\/wp-json\/wp\/v2\/pages\/17265\/revisions\/89309"}],"up":[{"embeddable":true,"href":"http:\/\/recettes-gourmandes-de-joce.fr\/index.php\/wp-json\/wp\/v2\/pages\/163"}],"wp:featuredmedia":[{"embeddable":true,"href":"http:\/\/recettes-gourmandes-de-joce.fr\/index.php\/wp-json\/wp\/v2\/media\/76692"}],"wp:attachment":[{"href":"http:\/\/recettes-gourmandes-de-joce.fr\/index.php\/wp-json\/wp\/v2\/media?parent=17265"}],"curies":[{"name":"wp","href":"https:\/\/api.w.org\/{rel}","templated":true}]}}