{"id":1719,"date":"2019-09-27T23:45:52","date_gmt":"2019-09-27T23:45:52","guid":{"rendered":"http:\/\/recettes-gourmandes-de-joce.fr\/?page_id=1719"},"modified":"2024-08-16T12:50:48","modified_gmt":"2024-08-16T12:50:48","slug":"roti-de-porc-en-cocotte-au-paprika-fume-et-pommes-de-terre","status":"publish","type":"page","link":"http:\/\/recettes-gourmandes-de-joce.fr\/index.php\/index\/viandes\/porc\/roti-de-porc-en-cocotte-au-paprika-fume-et-pommes-de-terre\/","title":{"rendered":"R\u00f4ti de porc en cocotte au paprika fum\u00e9 et pommes de terre."},"content":{"rendered":"<p style=\"text-align: center;\"><span style=\"color: #cc3300;\"><span style=\"font-size: 24px;\"><span style=\"font-family: georgia,serif;\"><u><em>Une de mes recettes<\/em><\/u><\/span><\/span><\/span><\/p>\n<p style=\"text-align: center;\"><img loading=\"lazy\" decoding=\"async\" class=\"alignnone wp-image-71167\" src=\"http:\/\/recettes-gourmandes-de-joce.fr\/wp-content\/uploads\/2024\/04\/porc-paprika21.jpg\" alt=\"\" width=\"270\" height=\"180\" \/>\u00a0<img loading=\"lazy\" decoding=\"async\" class=\"alignnone wp-image-71170\" src=\"http:\/\/recettes-gourmandes-de-joce.fr\/wp-content\/uploads\/2024\/04\/porc-paprika2.jpg\" alt=\"\" width=\"270\" height=\"180\" \/><img loading=\"lazy\" decoding=\"async\" class=\"alignnone wp-image-71168\" src=\"http:\/\/recettes-gourmandes-de-joce.fr\/wp-content\/uploads\/2024\/04\/porc-paprika22.jpg\" alt=\"\" width=\"236\" height=\"180\" \/><\/p>\n<p style=\"text-align: center;\"><span style=\"color: #cc3300;\"><span style=\"font-size: 24px;\"><span style=\"font-family: georgia,serif;\"><u><em>Ingr\u00e9dients pour 5 personnes<\/em><\/u><\/span><\/span><\/span><\/p>\n<p style=\"text-align: center;\"><img loading=\"lazy\" decoding=\"async\" class=\"alignnone wp-image-71172\" src=\"http:\/\/recettes-gourmandes-de-joce.fr\/wp-content\/uploads\/2024\/04\/porc-paprika4.jpg\" alt=\"\" width=\"242\" height=\"200\" \/><\/p>\n<p style=\"text-align: center;\"><span style=\"font-size: 14pt;\"><span style=\"font-family: georgia,serif;\"><em><span style=\"color: #cc3300;\">1 r\u00f4ti de porc de 1 kg\/1 kg 200 environ<\/span><\/em><\/span><\/span><\/p>\n<p style=\"text-align: center;\"><span style=\"font-size: 14pt;\"><span style=\"font-family: georgia,serif;\"><em><span style=\"color: #cc3300;\">100g de lardons fum\u00e9s<\/span><\/em><\/span><\/span><\/p>\n<p style=\"text-align: center;\"><span style=\"font-size: 14pt;\"><span style=\"font-family: georgia,serif;\"><em><span style=\"color: #cc3300;\">2 \u00e9chalotes<\/span><\/em><\/span><\/span><\/p>\n<p style=\"text-align: center;\"><span style=\"font-size: 14pt;\"><span style=\"font-family: georgia,serif;\"><em><span style=\"color: #cc3300;\">4 gousses d&rsquo;ail<\/span><\/em><\/span><\/span><\/p>\n<p style=\"text-align: center;\"><span style=\"font-size: 14pt;\"><span style=\"font-family: georgia,serif;\"><em><span style=\"color: #cc3300;\">15 g de c\u00e8pes d\u00e9shydrat\u00e9s (Lidl)<\/span><\/em><\/span><\/span><\/p>\n<p style=\"text-align: center;\"><span style=\"font-size: 14pt;\"><span style=\"font-family: georgia,serif;\"><em><span style=\"color: #cc3300;\">1 branche de romarin<\/span><\/em><\/span><\/span><\/p>\n<p style=\"text-align: center;\"><span style=\"font-size: 14pt;\"><span style=\"font-family: georgia,serif;\"><em><span style=\"color: #cc3300;\">1 branche de thym<\/span><\/em><\/span><\/span><\/p>\n<p style=\"text-align: center;\"><span style=\"font-size: 14pt;\"><span style=\"font-family: georgia,serif;\"><em><span style=\"color: #cc3300;\">2 feuilles de laurier<\/span><\/em><\/span><\/span><\/p>\n<p style=\"text-align: center;\"><span style=\"font-size: 14pt;\"><span style=\"font-family: georgia,serif;\"><em><span style=\"color: #cc3300;\">1 cube de bouillon de volaille<\/span><\/em><\/span><\/span><\/p>\n<p style=\"text-align: center;\"><span style=\"font-size: 14pt;\"><span style=\"font-family: georgia,serif;\"><em><span style=\"color: #cc3300;\">1 c \u00e0 s rase de paprika fum\u00e9 d\u00e9tails sur ce lien -&gt; \u00c9pic\u00e9too<\/span><\/em><\/span><\/span><\/p>\n<p style=\"text-align: center;\"><span style=\"font-size: 14pt;\"><span style=\"font-family: georgia,serif;\"><em><span style=\"color: #cc3300;\">Huile d&rsquo;olive<\/span><\/em><\/span><\/span><\/p>\n<p style=\"text-align: center;\"><span style=\"font-size: 14pt;\"><span style=\"font-family: georgia,serif;\"><em><span style=\"color: #cc3300;\">Sel et poivre<\/span><\/em><\/span><\/span><\/p>\n<p style=\"text-align: center;\"><span style=\"font-size: 14pt;\"><span style=\"font-family: georgia,serif;\"><em><span style=\"color: #cc3300;\"><u>Accompagnement<\/u><\/span><\/em><\/span><\/span><\/p>\n<p style=\"text-align: center;\"><span style=\"font-size: 14pt;\"><span style=\"font-family: georgia,serif;\"><em><span style=\"color: #cc3300;\">12 pommes de terre \u00e0 chair ferme<\/span><\/em><\/span><\/span><\/p>\n<p style=\"text-align: center;\"><img loading=\"lazy\" decoding=\"async\" class=\"alignnone wp-image-71173\" src=\"http:\/\/recettes-gourmandes-de-joce.fr\/wp-content\/uploads\/2024\/04\/porc-paprika5.jpg\" alt=\"\" width=\"220\" height=\"170\" \/> <img loading=\"lazy\" decoding=\"async\" class=\"alignnone wp-image-71174\" src=\"http:\/\/recettes-gourmandes-de-joce.fr\/wp-content\/uploads\/2024\/04\/porc-paprika6.jpg\" alt=\"\" width=\"255\" height=\"170\" \/> <img loading=\"lazy\" decoding=\"async\" class=\"alignnone wp-image-71175\" src=\"http:\/\/recettes-gourmandes-de-joce.fr\/wp-content\/uploads\/2024\/04\/porc-paprika7.jpg\" alt=\"\" width=\"255\" height=\"170\" \/><\/p>\n<p style=\"text-align: center;\"><span style=\"font-size: 14pt;\"><span style=\"font-family: georgia,serif;\"><em><span style=\"color: #cc3300;\">Peler, laver et couper les pommes de terre en 4 dans le sens de la longueur, peler et \u00e9mincer les \u00e9chalotes et les gousses d&rsquo;ail d\u00e9germ\u00e9es. Laver les herbes aromatiques. Mettre les c\u00e8pes \u00e0 r\u00e9hydrater dans un petit bol d&rsquo;eau chaude. Dans une cocotte mettre un filet d&rsquo;huile d&rsquo;olive.<\/span><\/em><\/span><\/span><\/p>\n<p style=\"text-align: center;\"><img loading=\"lazy\" decoding=\"async\" class=\"alignnone wp-image-71176\" src=\"http:\/\/recettes-gourmandes-de-joce.fr\/wp-content\/uploads\/2024\/04\/porc-paprika8.jpg\" alt=\"\" width=\"205\" height=\"170\" \/> <img loading=\"lazy\" decoding=\"async\" class=\"alignnone wp-image-71177\" src=\"http:\/\/recettes-gourmandes-de-joce.fr\/wp-content\/uploads\/2024\/04\/porc-paprika9.jpg\" alt=\"\" width=\"118\" height=\"170\" \/> <img loading=\"lazy\" decoding=\"async\" class=\"alignnone wp-image-71178\" src=\"http:\/\/recettes-gourmandes-de-joce.fr\/wp-content\/uploads\/2024\/04\/porc-paprika10.jpg\" alt=\"\" width=\"255\" height=\"170\" \/><\/p>\n<p style=\"text-align: center;\"><span style=\"font-size: 14pt;\"><span style=\"font-family: georgia,serif;\"><em><span style=\"color: #cc3300;\">Y faire dorer le r\u00f4ti sur toutes les faces, le saler et poivrer. Lorsqu&rsquo;il est bien dor\u00e9, le d\u00e9barrasser, \u00e0 la place mettre les \u00e9chalotes et l&rsquo;ail \u00e0 suer.<\/span><\/em><\/span><\/span><\/p>\n<p style=\"text-align: center;\"><img loading=\"lazy\" decoding=\"async\" class=\"alignnone wp-image-71179\" src=\"http:\/\/recettes-gourmandes-de-joce.fr\/wp-content\/uploads\/2024\/04\/porc-paprika11.jpg\" alt=\"\" width=\"240\" height=\"160\" \/> <img loading=\"lazy\" decoding=\"async\" class=\"alignnone wp-image-71180\" src=\"http:\/\/recettes-gourmandes-de-joce.fr\/wp-content\/uploads\/2024\/04\/porc-paprika12.jpg\" alt=\"\" width=\"240\" height=\"160\" \/> <img loading=\"lazy\" decoding=\"async\" class=\"alignnone wp-image-71181\" src=\"http:\/\/recettes-gourmandes-de-joce.fr\/wp-content\/uploads\/2024\/04\/porc-paprika13.jpg\" alt=\"\" width=\"240\" height=\"160\" \/><\/p>\n<p style=\"text-align: center;\"><span style=\"font-size: 14pt;\"><span style=\"font-family: georgia,serif;\"><em><span style=\"color: #cc3300;\">Lorsqu&rsquo;elles commencent \u00e0 dorer ajouter les lardons, m\u00e9langer et laisser suer quelques instants, ajouter ensuite les c\u00e8pes et l&rsquo;eau de r\u00e9hydratation, les herbes aromatique et m\u00e9langer.<\/span><\/em><\/span><\/span><\/p>\n<p style=\"text-align: center;\"><img loading=\"lazy\" decoding=\"async\" class=\"alignnone wp-image-71182\" src=\"http:\/\/recettes-gourmandes-de-joce.fr\/wp-content\/uploads\/2024\/04\/porc-paprika14.jpg\" alt=\"\" width=\"240\" height=\"160\" \/> <img loading=\"lazy\" decoding=\"async\" class=\"alignnone wp-image-71183\" src=\"http:\/\/recettes-gourmandes-de-joce.fr\/wp-content\/uploads\/2024\/04\/porc-paprika15.jpg\" alt=\"\" width=\"240\" height=\"160\" \/> <img loading=\"lazy\" decoding=\"async\" class=\"alignnone wp-image-71184\" src=\"http:\/\/recettes-gourmandes-de-joce.fr\/wp-content\/uploads\/2024\/04\/porc-paprika16.jpg\" alt=\"\" width=\"240\" height=\"160\" \/><\/p>\n<p style=\"text-align: center;\"><span style=\"font-size: 14pt;\"><span style=\"font-family: georgia,serif;\"><em><span style=\"color: #cc3300;\">Ajouter le paprika, le cube de volaille \u00e9miett\u00e9 et environ 200ml d&rsquo;eau, bien m\u00e9langer. Ajouter le r\u00f4ti (le jus doit arriver \u00e0 mi-hauteur du r\u00f4ti) et laisser mijoter environ 2h \u00e0 feu doux, retourner le r\u00f4ti toutes les \u00bd h (photo oubli\u00e9e).<\/span><\/em><\/span><\/span><\/p>\n<p style=\"text-align: center;\"><img loading=\"lazy\" decoding=\"async\" class=\"alignnone wp-image-71185\" src=\"http:\/\/recettes-gourmandes-de-joce.fr\/wp-content\/uploads\/2024\/04\/porc-paprika17.jpg\" alt=\"\" width=\"255\" height=\"170\" \/> <img loading=\"lazy\" decoding=\"async\" class=\"alignnone wp-image-71186\" src=\"http:\/\/recettes-gourmandes-de-joce.fr\/wp-content\/uploads\/2024\/04\/porc-paprika18.jpg\" alt=\"\" width=\"228\" height=\"170\" \/> <img loading=\"lazy\" decoding=\"async\" class=\"alignnone wp-image-71187\" src=\"http:\/\/recettes-gourmandes-de-joce.fr\/wp-content\/uploads\/2024\/04\/porc-paprika19.jpg\" alt=\"\" width=\"255\" height=\"170\" \/><\/p>\n<p style=\"text-align: center;\"><span style=\"font-size: 14pt;\"><span style=\"font-family: georgia,serif;\"><em><span style=\"color: #cc3300;\">Lorsqu&rsquo;il est cuit, le d\u00e9barrasser, le trancher et le maintenir au chaud sous un papier aluminium. Dans le jus ajouter les pommes de terre, laisser cuire environ 20 minutes selon la grosseur des morceaux, lorsqu&rsquo;elles sont cuites remettre les tranches de r\u00f4ti avec pendant 5 minutes feu \u00e9teint avec un couvercle pour r\u00e9chauffer le r\u00f4ti. Puis servir.<\/span><\/em><\/span><\/span><\/p>\n<p style=\"text-align: center;\"><span style=\"color: #cc3300; font-size: 14pt;\"><span style=\"font-family: georgia,serif;\"><em>Bon app\u00e9tit!<\/em><\/span><\/span><\/p>\n<p style=\"text-align: center;\"><img loading=\"lazy\" decoding=\"async\" class=\"alignnone wp-image-71188\" src=\"http:\/\/recettes-gourmandes-de-joce.fr\/wp-content\/uploads\/2024\/04\/porc-paprika20.jpg\" alt=\"\" width=\"241\" height=\"180\" \/><\/p>\n<p style=\"text-align: center;\"><img loading=\"lazy\" decoding=\"async\" class=\"alignnone wp-image-71169\" src=\"http:\/\/recettes-gourmandes-de-joce.fr\/wp-content\/uploads\/2024\/04\/porc-paprika1.jpg\" alt=\"\" width=\"270\" height=\"180\" \/> \u00a0<img loading=\"lazy\" decoding=\"async\" class=\"alignnone wp-image-71171\" src=\"http:\/\/recettes-gourmandes-de-joce.fr\/wp-content\/uploads\/2024\/04\/porc-paprika3.jpg\" alt=\"\" width=\"270\" height=\"180\" \/><\/p>\n<p style=\"text-align: center;\"><span style=\"font-size: 24px;\"><span style=\"font-family: georgia,serif;\"><img loading=\"lazy\" decoding=\"async\" class=\"alignnone size-full wp-image-59803\" src=\"http:\/\/recettes-gourmandes-de-joce.fr\/wp-content\/uploads\/2024\/01\/logitech-gaming-software-14112014-121223.jpg\" alt=\"\" width=\"640\" height=\"144\" \/><\/span><\/span><\/p>\n","protected":false},"excerpt":{"rendered":"<p>Une de mes recettes \u00a0 Ingr\u00e9dients pour 5 personnes 1 r\u00f4ti de porc de 1 kg\/1 kg 200 environ 100g de lardons fum\u00e9s 2 \u00e9chalotes 4 gousses d&rsquo;ail 15 g de c\u00e8pes d\u00e9shydrat\u00e9s (Lidl) 1 branche de romarin 1 branche de thym 2 feuilles de laurier 1 cube de bouillon de volaille 1 c \u00e0 &hellip; <\/p>\n<p><a class=\"more-link btn\" href=\"http:\/\/recettes-gourmandes-de-joce.fr\/index.php\/index\/viandes\/porc\/roti-de-porc-en-cocotte-au-paprika-fume-et-pommes-de-terre\/\">Lire la suite<\/a><\/p>\n","protected":false},"author":2,"featured_media":71455,"parent":59,"menu_order":0,"comment_status":"open","ping_status":"closed","template":"","meta":{"footnotes":""},"class_list":["post-1719","page","type-page","status-publish","has-post-thumbnail","hentry","nodate","item-wrap"],"_links":{"self":[{"href":"http:\/\/recettes-gourmandes-de-joce.fr\/index.php\/wp-json\/wp\/v2\/pages\/1719","targetHints":{"allow":["GET"]}}],"collection":[{"href":"http:\/\/recettes-gourmandes-de-joce.fr\/index.php\/wp-json\/wp\/v2\/pages"}],"about":[{"href":"http:\/\/recettes-gourmandes-de-joce.fr\/index.php\/wp-json\/wp\/v2\/types\/page"}],"author":[{"embeddable":true,"href":"http:\/\/recettes-gourmandes-de-joce.fr\/index.php\/wp-json\/wp\/v2\/users\/2"}],"replies":[{"embeddable":true,"href":"http:\/\/recettes-gourmandes-de-joce.fr\/index.php\/wp-json\/wp\/v2\/comments?post=1719"}],"version-history":[{"count":5,"href":"http:\/\/recettes-gourmandes-de-joce.fr\/index.php\/wp-json\/wp\/v2\/pages\/1719\/revisions"}],"predecessor-version":[{"id":88782,"href":"http:\/\/recettes-gourmandes-de-joce.fr\/index.php\/wp-json\/wp\/v2\/pages\/1719\/revisions\/88782"}],"up":[{"embeddable":true,"href":"http:\/\/recettes-gourmandes-de-joce.fr\/index.php\/wp-json\/wp\/v2\/pages\/59"}],"wp:featuredmedia":[{"embeddable":true,"href":"http:\/\/recettes-gourmandes-de-joce.fr\/index.php\/wp-json\/wp\/v2\/media\/71455"}],"wp:attachment":[{"href":"http:\/\/recettes-gourmandes-de-joce.fr\/index.php\/wp-json\/wp\/v2\/media?parent=1719"}],"curies":[{"name":"wp","href":"https:\/\/api.w.org\/{rel}","templated":true}]}}