{"id":17147,"date":"2020-02-12T08:54:37","date_gmt":"2020-02-12T08:54:37","guid":{"rendered":"http:\/\/recettes-gourmandes-de-joce.fr\/?page_id=17147"},"modified":"2024-04-16T11:45:42","modified_gmt":"2024-04-16T11:45:42","slug":"pommes-de-terre-roties-au-cantal-et-lard-fume","status":"publish","type":"page","link":"http:\/\/recettes-gourmandes-de-joce.fr\/index.php\/index\/legumes\/pommes-de-terre\/pommes-de-terre-roties-au-cantal-et-lard-fume\/","title":{"rendered":"Pommes de terre r\u00f4ties au Cantal et lard fum\u00e9."},"content":{"rendered":"<p style=\"text-align: center;\"><span style=\"font-family: georgia,serif;\"><span style=\"text-decoration: underline; color: #008000; font-size: x-large;\"><em>Une de mes recettes<\/em><\/span><\/span><\/p>\n<p style=\"text-align: center;\"><img loading=\"lazy\" decoding=\"async\" class=\"alignnone wp-image-69559\" src=\"http:\/\/recettes-gourmandes-de-joce.fr\/wp-content\/uploads\/2024\/04\/pdt-cantal-ter3.jpg\" alt=\"\" width=\"135\" height=\"180\" \/> <img loading=\"lazy\" decoding=\"async\" class=\"alignnone wp-image-69557\" src=\"http:\/\/recettes-gourmandes-de-joce.fr\/wp-content\/uploads\/2024\/04\/pdt-cantal-ter-2.jpg\" alt=\"\" width=\"254\" height=\"180\" \/> <img loading=\"lazy\" decoding=\"async\" class=\"alignnone wp-image-69558\" src=\"http:\/\/recettes-gourmandes-de-joce.fr\/wp-content\/uploads\/2024\/04\/pdt-cantal-ter1.jpg\" alt=\"\" width=\"200\" height=\"180\" \/><\/p>\n<p align=\"center\"><span style=\"font-family: georgia,serif;\"><span style=\"font-size: large;\"><em><span style=\"text-decoration: underline; color: #008000; font-size: x-large;\">Ingr\u00e9dients pour 4 personnes <\/span><\/em><\/span><\/span><\/p>\n<p align=\"center\"><span style=\"font-family: georgia,serif;\"><span style=\"font-size: large;\"><em><span style=\"color: #008000;\"><img loading=\"lazy\" decoding=\"async\" class=\"alignnone wp-image-17135\" src=\"http:\/\/recettes-gourmandes-de-joce.fr\/wp-content\/uploads\/2020\/02\/pdt-cantal-10-150x150.jpg\" alt=\"\" width=\"254\" height=\"175\" srcset=\"http:\/\/recettes-gourmandes-de-joce.fr\/wp-content\/uploads\/2020\/02\/pdt-cantal-10-300x206.jpg 300w, http:\/\/recettes-gourmandes-de-joce.fr\/wp-content\/uploads\/2020\/02\/pdt-cantal-10-768x528.jpg 768w, http:\/\/recettes-gourmandes-de-joce.fr\/wp-content\/uploads\/2020\/02\/pdt-cantal-10-1024x705.jpg 1024w, http:\/\/recettes-gourmandes-de-joce.fr\/wp-content\/uploads\/2020\/02\/pdt-cantal-10.jpg 1600w\" sizes=\"auto, (max-width: 254px) 100vw, 254px\" \/><\/span><\/em><\/span><\/span><\/p>\n<p style=\"text-align: center;\"><em><span style=\"font-family: georgia, palatino, serif; font-size: 14pt; color: #008000;\">8 pommes de terre<\/span><\/em><\/p>\n<p align=\"center\"><span style=\"font-family: georgia,serif;\"><span style=\"font-size: large;\"><em><span style=\"color: #008000;\">8 tranches de lard fum\u00e9 <\/span><\/em><\/span><\/span><\/p>\n<p align=\"center\"><span style=\"font-family: georgia,serif;\"><span style=\"font-size: large;\"><em><span style=\"color: #008000;\">2 \u00e9chalotes<\/span><\/em><\/span><\/span><\/p>\n<p align=\"center\"><span style=\"font-family: georgia,serif;\"><span style=\"font-size: large;\"><em><span style=\"color: #008000;\">8 tranches de Cantal <\/span><\/em><\/span><\/span><\/p>\n<p align=\"center\"><span style=\"font-family: georgia,serif;\"><span style=\"font-size: large;\"><em><span style=\"color: #008000;\">8 brins de thym <\/span><\/em><\/span><\/span><\/p>\n<p align=\"center\"><span style=\"font-family: georgia,serif;\"><span style=\"font-size: large;\"><em><span style=\"color: #008000;\">Sel et poivre <\/span><\/em><\/span><\/span><\/p>\n<p align=\"center\"><span style=\"font-family: georgia,serif;\"><span style=\"font-size: large;\"><em><span style=\"color: #008000;\">Huile d&rsquo;olive<\/span><\/em><\/span><\/span><\/p>\n<p align=\"center\"><span style=\"font-family: georgia,serif;\"><span style=\"font-size: large;\"><span style=\"font-family: georgia,serif;\"><span style=\"font-size: large;\"><em><span style=\"color: #008000;\">Gros sel<\/span><\/em><\/span><\/span><\/span><\/span><\/p>\n<p align=\"center\"><img loading=\"lazy\" decoding=\"async\" class=\"alignnone wp-image-17136\" src=\"http:\/\/recettes-gourmandes-de-joce.fr\/wp-content\/uploads\/2020\/02\/pdt-cantal-12-150x150.jpg\" alt=\"\" width=\"213\" height=\"160\" srcset=\"http:\/\/recettes-gourmandes-de-joce.fr\/wp-content\/uploads\/2020\/02\/pdt-cantal-12-300x225.jpg 300w, http:\/\/recettes-gourmandes-de-joce.fr\/wp-content\/uploads\/2020\/02\/pdt-cantal-12-768x576.jpg 768w, http:\/\/recettes-gourmandes-de-joce.fr\/wp-content\/uploads\/2020\/02\/pdt-cantal-12-1024x768.jpg 1024w, http:\/\/recettes-gourmandes-de-joce.fr\/wp-content\/uploads\/2020\/02\/pdt-cantal-12.jpg 1600w\" sizes=\"auto, (max-width: 213px) 100vw, 213px\" \/> <img loading=\"lazy\" decoding=\"async\" class=\"alignnone wp-image-17133\" src=\"http:\/\/recettes-gourmandes-de-joce.fr\/wp-content\/uploads\/2020\/02\/pdt-cantal-7-150x150.jpg\" alt=\"\" width=\"213\" height=\"160\" srcset=\"http:\/\/recettes-gourmandes-de-joce.fr\/wp-content\/uploads\/2020\/02\/pdt-cantal-7-300x225.jpg 300w, http:\/\/recettes-gourmandes-de-joce.fr\/wp-content\/uploads\/2020\/02\/pdt-cantal-7-768x576.jpg 768w, http:\/\/recettes-gourmandes-de-joce.fr\/wp-content\/uploads\/2020\/02\/pdt-cantal-7-1024x768.jpg 1024w, http:\/\/recettes-gourmandes-de-joce.fr\/wp-content\/uploads\/2020\/02\/pdt-cantal-7.jpg 1600w\" sizes=\"auto, (max-width: 213px) 100vw, 213px\" \/> <img loading=\"lazy\" decoding=\"async\" class=\"alignnone wp-image-17134\" src=\"http:\/\/recettes-gourmandes-de-joce.fr\/wp-content\/uploads\/2020\/02\/pdt-cantal-8-150x150.jpg\" alt=\"\" width=\"213\" height=\"160\" srcset=\"http:\/\/recettes-gourmandes-de-joce.fr\/wp-content\/uploads\/2020\/02\/pdt-cantal-8-300x225.jpg 300w, http:\/\/recettes-gourmandes-de-joce.fr\/wp-content\/uploads\/2020\/02\/pdt-cantal-8-768x576.jpg 768w, http:\/\/recettes-gourmandes-de-joce.fr\/wp-content\/uploads\/2020\/02\/pdt-cantal-8-1024x768.jpg 1024w, http:\/\/recettes-gourmandes-de-joce.fr\/wp-content\/uploads\/2020\/02\/pdt-cantal-8.jpg 1600w\" sizes=\"auto, (max-width: 213px) 100vw, 213px\" \/><\/p>\n<p align=\"center\"><span style=\"font-family: georgia,serif;\"><span style=\"font-size: large;\"><em><span style=\"color: #008000;\"> Peler et \u00e9mincer les \u00e9chalotes dans le sens de la longueur. Mettre les pommes de terre \u00e0 cuire dans de l&rsquo;eau avec du gros sel. Lorsqu&rsquo;elles sont cuites, enlever la peau et les laisser refroidir un peu . L<\/span><\/em><\/span><\/span><em style=\"font-family: georgia, serif; font-size: large;\"><span style=\"color: #008000;\">es <\/span><\/em><em style=\"font-size: large; font-family: georgia, serif;\"><span style=\"color: #008000;\">couper ensuite en deux dans le sens de l&rsquo;\u00e9paisseur.<\/span><\/em><\/p>\n<p align=\"center\"><span style=\"font-family: georgia,serif;\"><span style=\"font-size: large;\"><em><span style=\"color: #008000;\"><img loading=\"lazy\" decoding=\"async\" class=\"alignnone wp-image-17137\" src=\"http:\/\/recettes-gourmandes-de-joce.fr\/wp-content\/uploads\/2020\/02\/pdt-cantal-bis-4-150x150.jpg\" alt=\"\" width=\"158\" height=\"200\" srcset=\"http:\/\/recettes-gourmandes-de-joce.fr\/wp-content\/uploads\/2020\/02\/pdt-cantal-bis-4-237x300.jpg 237w, http:\/\/recettes-gourmandes-de-joce.fr\/wp-content\/uploads\/2020\/02\/pdt-cantal-bis-4-768x971.jpg 768w, http:\/\/recettes-gourmandes-de-joce.fr\/wp-content\/uploads\/2020\/02\/pdt-cantal-bis-4-810x1024.jpg 810w, http:\/\/recettes-gourmandes-de-joce.fr\/wp-content\/uploads\/2020\/02\/pdt-cantal-bis-4.jpg 1266w\" sizes=\"auto, (max-width: 158px) 100vw, 158px\" \/> <img loading=\"lazy\" decoding=\"async\" class=\"alignnone wp-image-17138\" src=\"http:\/\/recettes-gourmandes-de-joce.fr\/wp-content\/uploads\/2020\/02\/pdt-cantal-bis-5-150x150.jpg\" alt=\"\" width=\"150\" height=\"200\" srcset=\"http:\/\/recettes-gourmandes-de-joce.fr\/wp-content\/uploads\/2020\/02\/pdt-cantal-bis-5-225x300.jpg 225w, http:\/\/recettes-gourmandes-de-joce.fr\/wp-content\/uploads\/2020\/02\/pdt-cantal-bis-5-768x1024.jpg 768w, http:\/\/recettes-gourmandes-de-joce.fr\/wp-content\/uploads\/2020\/02\/pdt-cantal-bis-5.jpg 1200w\" sizes=\"auto, (max-width: 150px) 100vw, 150px\" \/> <img loading=\"lazy\" decoding=\"async\" class=\"alignnone wp-image-17139\" src=\"http:\/\/recettes-gourmandes-de-joce.fr\/wp-content\/uploads\/2020\/02\/pdt-cantal-bis-6-150x150.jpg\" alt=\"\" width=\"150\" height=\"200\" srcset=\"http:\/\/recettes-gourmandes-de-joce.fr\/wp-content\/uploads\/2020\/02\/pdt-cantal-bis-6-225x300.jpg 225w, http:\/\/recettes-gourmandes-de-joce.fr\/wp-content\/uploads\/2020\/02\/pdt-cantal-bis-6-768x1024.jpg 768w, http:\/\/recettes-gourmandes-de-joce.fr\/wp-content\/uploads\/2020\/02\/pdt-cantal-bis-6.jpg 1200w\" sizes=\"auto, (max-width: 150px) 100vw, 150px\" \/><\/span><\/em><\/span><\/span><\/p>\n<p align=\"center\"><span style=\"font-family: georgia,serif;\"><span style=\"font-size: large;\"><em><span style=\"color: #008000;\">D\u00e9poser les dans un plat allant au four saler et poivrer le dessus et ajouter un filet d&rsquo;huile d&rsquo;olive. Mettre une branche de thym sur 8 demi pommes de terre. Ajouter une demi tranche de Cantal sur chaque branche de thym.<\/span><\/em><\/span><\/span><\/p>\n<p style=\"text-align: center;\"><img loading=\"lazy\" decoding=\"async\" class=\"alignnone wp-image-17140\" src=\"http:\/\/recettes-gourmandes-de-joce.fr\/wp-content\/uploads\/2020\/02\/pdt-cantal-bis-7-150x150.jpg\" alt=\"\" width=\"135\" height=\"180\" srcset=\"http:\/\/recettes-gourmandes-de-joce.fr\/wp-content\/uploads\/2020\/02\/pdt-cantal-bis-7-225x300.jpg 225w, http:\/\/recettes-gourmandes-de-joce.fr\/wp-content\/uploads\/2020\/02\/pdt-cantal-bis-7-768x1024.jpg 768w, http:\/\/recettes-gourmandes-de-joce.fr\/wp-content\/uploads\/2020\/02\/pdt-cantal-bis-7.jpg 1200w\" sizes=\"auto, (max-width: 135px) 100vw, 135px\" \/> <img loading=\"lazy\" decoding=\"async\" class=\"alignnone wp-image-17141\" src=\"http:\/\/recettes-gourmandes-de-joce.fr\/wp-content\/uploads\/2020\/02\/pdt-cantal-bis-8-150x150.jpg\" alt=\"\" width=\"135\" height=\"180\" srcset=\"http:\/\/recettes-gourmandes-de-joce.fr\/wp-content\/uploads\/2020\/02\/pdt-cantal-bis-8-225x300.jpg 225w, http:\/\/recettes-gourmandes-de-joce.fr\/wp-content\/uploads\/2020\/02\/pdt-cantal-bis-8-768x1024.jpg 768w, http:\/\/recettes-gourmandes-de-joce.fr\/wp-content\/uploads\/2020\/02\/pdt-cantal-bis-8.jpg 1200w\" sizes=\"auto, (max-width: 135px) 100vw, 135px\" \/> <img loading=\"lazy\" decoding=\"async\" class=\"alignnone wp-image-17142\" src=\"http:\/\/recettes-gourmandes-de-joce.fr\/wp-content\/uploads\/2020\/02\/pdt-cantal-bis-9-150x150.jpg\" alt=\"\" width=\"240\" height=\"180\" srcset=\"http:\/\/recettes-gourmandes-de-joce.fr\/wp-content\/uploads\/2020\/02\/pdt-cantal-bis-9-300x225.jpg 300w, http:\/\/recettes-gourmandes-de-joce.fr\/wp-content\/uploads\/2020\/02\/pdt-cantal-bis-9-768x576.jpg 768w, http:\/\/recettes-gourmandes-de-joce.fr\/wp-content\/uploads\/2020\/02\/pdt-cantal-bis-9-1024x768.jpg 1024w, http:\/\/recettes-gourmandes-de-joce.fr\/wp-content\/uploads\/2020\/02\/pdt-cantal-bis-9.jpg 1600w\" sizes=\"auto, (max-width: 240px) 100vw, 240px\" \/><\/p>\n<p align=\"center\"><span style=\"font-family: georgia,serif;\"><span style=\"font-size: large;\"><em><span style=\"color: #008000;\"> Une tranche d&rsquo;\u00e9chalote et couvrir de la deuxi\u00e8me moiti\u00e9 de pomme de terre. Mettre la 2\u00e8me moiti\u00e9 de la tranche de Cantal et entourer chaque pomme de terre d&rsquo;une tranche de lard. Mettre le reste des \u00e9chalotes dans le plat ajouter un demi verre d&rsquo;eau et enfourner 20 minutes \u00e0 250\u00b0 (surveiller la coloration) d\u00e9s que le lard est cuit et le fromage fondu stopper le four.<\/span><\/em><\/span><\/span><\/p>\n<p align=\"center\"><span style=\"font-family: georgia,serif;\"><span style=\"font-size: large;\"><em><span style=\"color: #008000;\">Servir avec une grillade, une volaille r\u00f4tie ou un r\u00f4ti.<\/span><\/em><\/span><\/span><\/p>\n<p align=\"center\"><span style=\"font-family: georgia,serif;\"><span style=\"font-size: large;\"><em><span style=\"color: #008000;\">Bon app\u00e9tit!<\/span><\/em><\/span><\/span><\/p>\n<p style=\"text-align: center;\"><img loading=\"lazy\" decoding=\"async\" class=\"alignnone wp-image-69556\" src=\"http:\/\/recettes-gourmandes-de-joce.fr\/wp-content\/uploads\/2024\/04\/pdt-cantal-ter4.jpg\" alt=\"\" width=\"240\" height=\"180\" \/> <img loading=\"lazy\" decoding=\"async\" class=\"alignnone wp-image-69559\" src=\"http:\/\/recettes-gourmandes-de-joce.fr\/wp-content\/uploads\/2024\/04\/pdt-cantal-ter3.jpg\" alt=\"\" width=\"135\" height=\"180\" \/> <img loading=\"lazy\" decoding=\"async\" class=\"alignnone wp-image-69557\" src=\"http:\/\/recettes-gourmandes-de-joce.fr\/wp-content\/uploads\/2024\/04\/pdt-cantal-ter-2.jpg\" alt=\"\" width=\"254\" height=\"180\" \/><\/p>\n<p style=\"text-align: center;\"><img loading=\"lazy\" decoding=\"async\" class=\"alignnone wp-image-16654 size-full\" src=\"http:\/\/recettes-gourmandes-de-joce.fr\/wp-content\/uploads\/2020\/01\/logitech-gaming-software-14112014-121223.jpg\" alt=\"\" width=\"640\" height=\"144\" srcset=\"http:\/\/recettes-gourmandes-de-joce.fr\/wp-content\/uploads\/2020\/01\/logitech-gaming-software-14112014-121223.jpg 640w, http:\/\/recettes-gourmandes-de-joce.fr\/wp-content\/uploads\/2020\/01\/logitech-gaming-software-14112014-121223-300x68.jpg 300w\" sizes=\"auto, (max-width: 640px) 100vw, 640px\" \/><\/p>\n","protected":false},"excerpt":{"rendered":"<p>Une de mes recettes Ingr\u00e9dients pour 4 personnes 8 pommes de terre 8 tranches de lard fum\u00e9 2 \u00e9chalotes 8 tranches de Cantal 8 brins de thym Sel et poivre Huile d&rsquo;olive Gros sel Peler et \u00e9mincer les \u00e9chalotes dans le sens de la longueur. Mettre les pommes de terre \u00e0 cuire dans de l&rsquo;eau &hellip; <\/p>\n<p><a class=\"more-link btn\" href=\"http:\/\/recettes-gourmandes-de-joce.fr\/index.php\/index\/legumes\/pommes-de-terre\/pommes-de-terre-roties-au-cantal-et-lard-fume\/\">Lire la suite<\/a><\/p>\n","protected":false},"author":2,"featured_media":69756,"parent":943,"menu_order":0,"comment_status":"open","ping_status":"closed","template":"","meta":{"footnotes":""},"class_list":["post-17147","page","type-page","status-publish","has-post-thumbnail","hentry","nodate","item-wrap"],"_links":{"self":[{"href":"http:\/\/recettes-gourmandes-de-joce.fr\/index.php\/wp-json\/wp\/v2\/pages\/17147","targetHints":{"allow":["GET"]}}],"collection":[{"href":"http:\/\/recettes-gourmandes-de-joce.fr\/index.php\/wp-json\/wp\/v2\/pages"}],"about":[{"href":"http:\/\/recettes-gourmandes-de-joce.fr\/index.php\/wp-json\/wp\/v2\/types\/page"}],"author":[{"embeddable":true,"href":"http:\/\/recettes-gourmandes-de-joce.fr\/index.php\/wp-json\/wp\/v2\/users\/2"}],"replies":[{"embeddable":true,"href":"http:\/\/recettes-gourmandes-de-joce.fr\/index.php\/wp-json\/wp\/v2\/comments?post=17147"}],"version-history":[{"count":3,"href":"http:\/\/recettes-gourmandes-de-joce.fr\/index.php\/wp-json\/wp\/v2\/pages\/17147\/revisions"}],"predecessor-version":[{"id":69757,"href":"http:\/\/recettes-gourmandes-de-joce.fr\/index.php\/wp-json\/wp\/v2\/pages\/17147\/revisions\/69757"}],"up":[{"embeddable":true,"href":"http:\/\/recettes-gourmandes-de-joce.fr\/index.php\/wp-json\/wp\/v2\/pages\/943"}],"wp:featuredmedia":[{"embeddable":true,"href":"http:\/\/recettes-gourmandes-de-joce.fr\/index.php\/wp-json\/wp\/v2\/media\/69756"}],"wp:attachment":[{"href":"http:\/\/recettes-gourmandes-de-joce.fr\/index.php\/wp-json\/wp\/v2\/media?parent=17147"}],"curies":[{"name":"wp","href":"https:\/\/api.w.org\/{rel}","templated":true}]}}