{"id":16908,"date":"2020-02-05T20:36:23","date_gmt":"2020-02-05T20:36:23","guid":{"rendered":"http:\/\/recettes-gourmandes-de-joce.fr\/?page_id=16908"},"modified":"2024-08-27T16:20:53","modified_gmt":"2024-08-27T16:20:53","slug":"salade-de-mangue-au-haddock-vinaigrette-au-miel","status":"publish","type":"page","link":"http:\/\/recettes-gourmandes-de-joce.fr\/index.php\/index\/entrees\/salades-crudites\/salade-de-mangue-au-haddock-vinaigrette-au-miel\/","title":{"rendered":"Salade de mangue au haddock, vinaigrette au miel."},"content":{"rendered":"<p style=\"text-align: center;\"><span style=\"text-decoration: underline; color: #99cc00; font-size: 14pt;\"><span style=\"font-family: georgia, palatino, serif;\"><em>Recette et photos de ma cousine Nicole \ud83d\ude09<\/em><\/span><\/span><\/p>\n<p style=\"text-align: center;\"><span style=\"text-decoration: underline;\"><span style=\"font-size: 18pt; color: #99cc00; text-decoration: underline;\"><em><span style=\"font-family: georgia, palatino, serif;\"><img loading=\"lazy\" decoding=\"async\" class=\"alignnone wp-image-16917\" src=\"http:\/\/recettes-gourmandes-de-joce.fr\/wp-content\/uploads\/2020\/02\/84567945_546511242912442_5084095372599492608_n-002-150x150.jpg\" alt=\"\" width=\"192\" height=\"200\" srcset=\"http:\/\/recettes-gourmandes-de-joce.fr\/wp-content\/uploads\/2020\/02\/84567945_546511242912442_5084095372599492608_n-002-288x300.jpg 288w, http:\/\/recettes-gourmandes-de-joce.fr\/wp-content\/uploads\/2020\/02\/84567945_546511242912442_5084095372599492608_n-002-768x800.jpg 768w, http:\/\/recettes-gourmandes-de-joce.fr\/wp-content\/uploads\/2020\/02\/84567945_546511242912442_5084095372599492608_n-002-983x1024.jpg 983w, http:\/\/recettes-gourmandes-de-joce.fr\/wp-content\/uploads\/2020\/02\/84567945_546511242912442_5084095372599492608_n-002.jpg 1536w\" sizes=\"auto, (max-width: 192px) 100vw, 192px\" \/> <img loading=\"lazy\" decoding=\"async\" class=\"alignnone wp-image-16907\" src=\"http:\/\/recettes-gourmandes-de-joce.fr\/wp-content\/uploads\/2020\/02\/84567945_546511242912442_5084095372599492608_n-001-150x150.jpg\" alt=\"\" width=\"188\" height=\"200\" srcset=\"http:\/\/recettes-gourmandes-de-joce.fr\/wp-content\/uploads\/2020\/02\/84567945_546511242912442_5084095372599492608_n-001-282x300.jpg 282w, http:\/\/recettes-gourmandes-de-joce.fr\/wp-content\/uploads\/2020\/02\/84567945_546511242912442_5084095372599492608_n-001-768x817.jpg 768w, http:\/\/recettes-gourmandes-de-joce.fr\/wp-content\/uploads\/2020\/02\/84567945_546511242912442_5084095372599492608_n-001-963x1024.jpg 963w, http:\/\/recettes-gourmandes-de-joce.fr\/wp-content\/uploads\/2020\/02\/84567945_546511242912442_5084095372599492608_n-001.jpg 1154w\" sizes=\"auto, (max-width: 188px) 100vw, 188px\" \/> <img loading=\"lazy\" decoding=\"async\" class=\"alignnone wp-image-16902\" src=\"http:\/\/recettes-gourmandes-de-joce.fr\/wp-content\/uploads\/2020\/02\/84567945_546511242912442_5084095372599492608_n-150x150.jpg\" alt=\"\" width=\"159\" height=\"200\" srcset=\"http:\/\/recettes-gourmandes-de-joce.fr\/wp-content\/uploads\/2020\/02\/84567945_546511242912442_5084095372599492608_n-239x300.jpg 239w, http:\/\/recettes-gourmandes-de-joce.fr\/wp-content\/uploads\/2020\/02\/84567945_546511242912442_5084095372599492608_n-768x966.jpg 768w, http:\/\/recettes-gourmandes-de-joce.fr\/wp-content\/uploads\/2020\/02\/84567945_546511242912442_5084095372599492608_n-814x1024.jpg 814w, http:\/\/recettes-gourmandes-de-joce.fr\/wp-content\/uploads\/2020\/02\/84567945_546511242912442_5084095372599492608_n.jpg 1272w\" sizes=\"auto, (max-width: 159px) 100vw, 159px\" \/><\/span><\/em><\/span><\/span><\/p>\n<p style=\"text-align: center;\"><span style=\"text-decoration: underline; color: #99cc00;\"><span style=\"font-size: 18pt;\"><em><span style=\"font-family: georgia, palatino, serif;\">Ingr\u00e9dients pour 2 personnes<\/span><\/em><\/span><\/span><\/p>\n<p style=\"text-align: center;\"><span style=\"color: #99cc00;\"><em><span style=\"font-family: georgia, palatino, serif; font-size: 14pt;\"><img loading=\"lazy\" decoding=\"async\" class=\"alignnone wp-image-16901\" src=\"http:\/\/recettes-gourmandes-de-joce.fr\/wp-content\/uploads\/2020\/02\/84519688_177886273465274_8424210332536274944_n-150x150.jpg\" alt=\"\" width=\"185\" height=\"230\" srcset=\"http:\/\/recettes-gourmandes-de-joce.fr\/wp-content\/uploads\/2020\/02\/84519688_177886273465274_8424210332536274944_n-241x300.jpg 241w, http:\/\/recettes-gourmandes-de-joce.fr\/wp-content\/uploads\/2020\/02\/84519688_177886273465274_8424210332536274944_n-768x955.jpg 768w, http:\/\/recettes-gourmandes-de-joce.fr\/wp-content\/uploads\/2020\/02\/84519688_177886273465274_8424210332536274944_n-824x1024.jpg 824w, http:\/\/recettes-gourmandes-de-joce.fr\/wp-content\/uploads\/2020\/02\/84519688_177886273465274_8424210332536274944_n.jpg 1287w\" sizes=\"auto, (max-width: 185px) 100vw, 185px\" \/><\/span><\/em><\/span><\/p>\n<p style=\"text-align: center;\"><span style=\"color: #99cc00;\"><em><span style=\"font-family: georgia, palatino, serif; font-size: 14pt;\">1 mangue <\/span><\/em><\/span><\/p>\n<p style=\"text-align: center;\"><span style=\"color: #99cc00;\"><em><span style=\"font-family: georgia, palatino, serif; font-size: 14pt;\">1 \u00e9chalote <\/span><\/em><\/span><\/p>\n<p style=\"text-align: center;\"><span style=\"color: #99cc00;\"><em><span style=\"font-family: georgia, palatino, serif; font-size: 14pt;\">\u00bd salade sucrine<\/span><\/em><\/span><\/p>\n<p style=\"text-align: center;\"><span style=\"color: #99cc00;\"><em><span style=\"font-family: georgia, palatino, serif; font-size: 14pt;\"> 1 filet de haddock <\/span><\/em><\/span><\/p>\n<p style=\"text-align: center;\"><span style=\"color: #99cc00;\"><em><span style=\"font-family: georgia, palatino, serif; font-size: 14pt;\">1 c \u00e0 s de miel toutes fleurs<\/span><\/em><\/span><\/p>\n<p style=\"text-align: center;\"><span style=\"color: #99cc00;\"><em><span style=\"font-family: georgia, palatino, serif; font-size: 14pt;\">1 c \u00e0 s de vinaigre d&rsquo;alcool<\/span><\/em><\/span><\/p>\n<p style=\"text-align: center;\"><span style=\"color: #99cc00;\"><em><span style=\"font-family: georgia, palatino, serif; font-size: 14pt;\">3 c \u00e0 s d&rsquo;huile de tournesol<\/span><\/em><\/span><\/p>\n<p style=\"text-align: center;\"><span style=\"color: #99cc00;\"><em><span style=\"font-family: georgia, palatino, serif; font-size: 14pt;\">Sel et poivre<\/span><\/em><\/span><\/p>\n<p style=\"text-align: center;\"><span style=\"color: #99cc00;\"><em><span style=\"font-family: georgia, palatino, serif; font-size: 14pt;\"><img loading=\"lazy\" decoding=\"async\" class=\"alignnone wp-image-16900\" src=\"http:\/\/recettes-gourmandes-de-joce.fr\/wp-content\/uploads\/2020\/02\/84191611_198424114686094_3975838079012306944_n-150x150.jpg\" alt=\"\" width=\"154\" height=\"175\" srcset=\"http:\/\/recettes-gourmandes-de-joce.fr\/wp-content\/uploads\/2020\/02\/84191611_198424114686094_3975838079012306944_n-263x300.jpg 263w, http:\/\/recettes-gourmandes-de-joce.fr\/wp-content\/uploads\/2020\/02\/84191611_198424114686094_3975838079012306944_n-768x875.jpg 768w, http:\/\/recettes-gourmandes-de-joce.fr\/wp-content\/uploads\/2020\/02\/84191611_198424114686094_3975838079012306944_n-899x1024.jpg 899w, http:\/\/recettes-gourmandes-de-joce.fr\/wp-content\/uploads\/2020\/02\/84191611_198424114686094_3975838079012306944_n.jpg 1404w\" sizes=\"auto, (max-width: 154px) 100vw, 154px\" \/>\u00a0<img loading=\"lazy\" decoding=\"async\" class=\"alignnone wp-image-16906\" src=\"http:\/\/recettes-gourmandes-de-joce.fr\/wp-content\/uploads\/2020\/02\/84173510_485246455399887_851234119743438848_n-150x150.jpg\" alt=\"\" width=\"203\" height=\"175\" srcset=\"http:\/\/recettes-gourmandes-de-joce.fr\/wp-content\/uploads\/2020\/02\/84173510_485246455399887_851234119743438848_n-300x259.jpg 300w, http:\/\/recettes-gourmandes-de-joce.fr\/wp-content\/uploads\/2020\/02\/84173510_485246455399887_851234119743438848_n-768x663.jpg 768w, http:\/\/recettes-gourmandes-de-joce.fr\/wp-content\/uploads\/2020\/02\/84173510_485246455399887_851234119743438848_n-1024x884.jpg 1024w, http:\/\/recettes-gourmandes-de-joce.fr\/wp-content\/uploads\/2020\/02\/84173510_485246455399887_851234119743438848_n.jpg 1531w\" sizes=\"auto, (max-width: 203px) 100vw, 203px\" \/> <img loading=\"lazy\" decoding=\"async\" class=\"alignnone wp-image-16904\" src=\"http:\/\/recettes-gourmandes-de-joce.fr\/wp-content\/uploads\/2020\/02\/84835964_637649843737215_6443702085153193984_n-150x150.jpg\" alt=\"\" width=\"131\" height=\"175\" srcset=\"http:\/\/recettes-gourmandes-de-joce.fr\/wp-content\/uploads\/2020\/02\/84835964_637649843737215_6443702085153193984_n-225x300.jpg 225w, http:\/\/recettes-gourmandes-de-joce.fr\/wp-content\/uploads\/2020\/02\/84835964_637649843737215_6443702085153193984_n-768x1024.jpg 768w, http:\/\/recettes-gourmandes-de-joce.fr\/wp-content\/uploads\/2020\/02\/84835964_637649843737215_6443702085153193984_n.jpg 1200w\" sizes=\"auto, (max-width: 131px) 100vw, 131px\" \/><\/span><\/em><\/span><\/p>\n<p style=\"text-align: center;\"><span style=\"color: #99cc00;\"><em><span style=\"font-family: georgia, palatino, serif; font-size: 14pt;\">Peler et hacher les \u00e9chalotes, peler et couper la mangue en petits d\u00e9s, \u00e9mietter le haddock. Couper grossi\u00e8rement la sucrine. R\u00e9aliser votre vinaigrette en diluant le miel dans le vinaigre, saler et poivrer, ajouter l&rsquo;huile et m\u00e9langer.<\/span><\/em><\/span><\/p>\n<p style=\"text-align: center;\"><span style=\"color: #99cc00;\"><em><span style=\"font-family: georgia, palatino, serif; font-size: 14pt;\"><img loading=\"lazy\" decoding=\"async\" class=\"alignnone wp-image-16905\" src=\"http:\/\/recettes-gourmandes-de-joce.fr\/wp-content\/uploads\/2020\/02\/85000354_144437356556464_8241852854441082880_n-150x150.jpg\" alt=\"\" width=\"144\" height=\"175\" srcset=\"http:\/\/recettes-gourmandes-de-joce.fr\/wp-content\/uploads\/2020\/02\/85000354_144437356556464_8241852854441082880_n-246x300.jpg 246w, http:\/\/recettes-gourmandes-de-joce.fr\/wp-content\/uploads\/2020\/02\/85000354_144437356556464_8241852854441082880_n-768x935.jpg 768w, http:\/\/recettes-gourmandes-de-joce.fr\/wp-content\/uploads\/2020\/02\/85000354_144437356556464_8241852854441082880_n-841x1024.jpg 841w, http:\/\/recettes-gourmandes-de-joce.fr\/wp-content\/uploads\/2020\/02\/85000354_144437356556464_8241852854441082880_n.jpg 1314w\" sizes=\"auto, (max-width: 144px) 100vw, 144px\" \/> <img loading=\"lazy\" decoding=\"async\" class=\"alignnone wp-image-16903\" src=\"http:\/\/recettes-gourmandes-de-joce.fr\/wp-content\/uploads\/2020\/02\/84695495_553263672200050_6370557799964868608_n-150x150.jpg\" alt=\"\" width=\"164\" height=\"175\" srcset=\"http:\/\/recettes-gourmandes-de-joce.fr\/wp-content\/uploads\/2020\/02\/84695495_553263672200050_6370557799964868608_n-281x300.jpg 281w, http:\/\/recettes-gourmandes-de-joce.fr\/wp-content\/uploads\/2020\/02\/84695495_553263672200050_6370557799964868608_n-768x821.jpg 768w, http:\/\/recettes-gourmandes-de-joce.fr\/wp-content\/uploads\/2020\/02\/84695495_553263672200050_6370557799964868608_n-957x1024.jpg 957w, http:\/\/recettes-gourmandes-de-joce.fr\/wp-content\/uploads\/2020\/02\/84695495_553263672200050_6370557799964868608_n.jpg 1496w\" sizes=\"auto, (max-width: 164px) 100vw, 164px\" \/><\/span><\/em><\/span><\/p>\n<p style=\"text-align: center;\"><span style=\"color: #99cc00;\"><em><span style=\"font-family: georgia, palatino, serif; font-size: 14pt;\">M\u00e9langer la sucrine avec les \u00e9chalotes, ajouter le haddock et les d\u00e9s de mangue, m\u00e9langer \u00e0 nouveau et ajouter la vinaigrette, m\u00e9langer d\u00e9licatement une derni\u00e8re fois, dresser dans les assiettes.<\/span><\/em><\/span><\/p>\n<p style=\"text-align: center;\"><span style=\"color: #99cc00;\"><em><span style=\"font-family: georgia, palatino, serif; font-size: 14pt;\">Bon app\u00e9tit!<\/span><\/em><\/span><\/p>\n<p style=\"text-align: center;\"><span style=\"color: #99cc00;\"><em><span style=\"font-family: georgia, palatino, serif; font-size: 14pt;\"><img loading=\"lazy\" decoding=\"async\" class=\"alignnone wp-image-16902\" src=\"http:\/\/recettes-gourmandes-de-joce.fr\/wp-content\/uploads\/2020\/02\/84567945_546511242912442_5084095372599492608_n-150x150.jpg\" alt=\"\" width=\"159\" height=\"200\" srcset=\"http:\/\/recettes-gourmandes-de-joce.fr\/wp-content\/uploads\/2020\/02\/84567945_546511242912442_5084095372599492608_n-239x300.jpg 239w, http:\/\/recettes-gourmandes-de-joce.fr\/wp-content\/uploads\/2020\/02\/84567945_546511242912442_5084095372599492608_n-768x966.jpg 768w, http:\/\/recettes-gourmandes-de-joce.fr\/wp-content\/uploads\/2020\/02\/84567945_546511242912442_5084095372599492608_n-814x1024.jpg 814w, http:\/\/recettes-gourmandes-de-joce.fr\/wp-content\/uploads\/2020\/02\/84567945_546511242912442_5084095372599492608_n.jpg 1272w\" sizes=\"auto, (max-width: 159px) 100vw, 159px\" \/> <img loading=\"lazy\" decoding=\"async\" class=\"alignnone wp-image-16907\" src=\"http:\/\/recettes-gourmandes-de-joce.fr\/wp-content\/uploads\/2020\/02\/84567945_546511242912442_5084095372599492608_n-001-150x150.jpg\" alt=\"\" width=\"188\" height=\"200\" srcset=\"http:\/\/recettes-gourmandes-de-joce.fr\/wp-content\/uploads\/2020\/02\/84567945_546511242912442_5084095372599492608_n-001-282x300.jpg 282w, http:\/\/recettes-gourmandes-de-joce.fr\/wp-content\/uploads\/2020\/02\/84567945_546511242912442_5084095372599492608_n-001-768x817.jpg 768w, http:\/\/recettes-gourmandes-de-joce.fr\/wp-content\/uploads\/2020\/02\/84567945_546511242912442_5084095372599492608_n-001-963x1024.jpg 963w, http:\/\/recettes-gourmandes-de-joce.fr\/wp-content\/uploads\/2020\/02\/84567945_546511242912442_5084095372599492608_n-001.jpg 1154w\" sizes=\"auto, (max-width: 188px) 100vw, 188px\" \/> <img loading=\"lazy\" decoding=\"async\" class=\"alignnone wp-image-16917\" src=\"http:\/\/recettes-gourmandes-de-joce.fr\/wp-content\/uploads\/2020\/02\/84567945_546511242912442_5084095372599492608_n-002-150x150.jpg\" alt=\"\" width=\"192\" height=\"200\" srcset=\"http:\/\/recettes-gourmandes-de-joce.fr\/wp-content\/uploads\/2020\/02\/84567945_546511242912442_5084095372599492608_n-002-288x300.jpg 288w, http:\/\/recettes-gourmandes-de-joce.fr\/wp-content\/uploads\/2020\/02\/84567945_546511242912442_5084095372599492608_n-002-768x800.jpg 768w, http:\/\/recettes-gourmandes-de-joce.fr\/wp-content\/uploads\/2020\/02\/84567945_546511242912442_5084095372599492608_n-002-983x1024.jpg 983w, http:\/\/recettes-gourmandes-de-joce.fr\/wp-content\/uploads\/2020\/02\/84567945_546511242912442_5084095372599492608_n-002.jpg 1536w\" sizes=\"auto, (max-width: 192px) 100vw, 192px\" \/><\/span><\/em><\/span><\/p>\n<p><span style=\"color: #99cc00;\"><em><span style=\"font-family: georgia, palatino, serif; font-size: 14pt;\"><img loading=\"lazy\" decoding=\"async\" class=\"aligncenter wp-image-16654 size-full\" src=\"http:\/\/recettes-gourmandes-de-joce.fr\/wp-content\/uploads\/2020\/01\/logitech-gaming-software-14112014-121223.jpg\" alt=\"\" width=\"640\" height=\"144\" srcset=\"http:\/\/recettes-gourmandes-de-joce.fr\/wp-content\/uploads\/2020\/01\/logitech-gaming-software-14112014-121223.jpg 640w, http:\/\/recettes-gourmandes-de-joce.fr\/wp-content\/uploads\/2020\/01\/logitech-gaming-software-14112014-121223-300x68.jpg 300w\" sizes=\"auto, (max-width: 640px) 100vw, 640px\" \/><\/span><\/em><\/span><\/p>\n","protected":false},"excerpt":{"rendered":"<p>Recette et photos de ma cousine Nicole \ud83d\ude09 Ingr\u00e9dients pour 2 personnes 1 mangue 1 \u00e9chalote \u00bd salade sucrine 1 filet de haddock 1 c \u00e0 s de miel toutes fleurs 1 c \u00e0 s de vinaigre d&rsquo;alcool 3 c \u00e0 s d&rsquo;huile de tournesol Sel et poivre \u00a0 Peler et hacher les \u00e9chalotes, peler &hellip; <\/p>\n<p><a class=\"more-link btn\" href=\"http:\/\/recettes-gourmandes-de-joce.fr\/index.php\/index\/entrees\/salades-crudites\/salade-de-mangue-au-haddock-vinaigrette-au-miel\/\">Lire la suite<\/a><\/p>\n","protected":false},"author":2,"featured_media":78056,"parent":165,"menu_order":0,"comment_status":"open","ping_status":"closed","template":"","meta":{"footnotes":""},"class_list":["post-16908","page","type-page","status-publish","has-post-thumbnail","hentry","nodate","item-wrap"],"_links":{"self":[{"href":"http:\/\/recettes-gourmandes-de-joce.fr\/index.php\/wp-json\/wp\/v2\/pages\/16908","targetHints":{"allow":["GET"]}}],"collection":[{"href":"http:\/\/recettes-gourmandes-de-joce.fr\/index.php\/wp-json\/wp\/v2\/pages"}],"about":[{"href":"http:\/\/recettes-gourmandes-de-joce.fr\/index.php\/wp-json\/wp\/v2\/types\/page"}],"author":[{"embeddable":true,"href":"http:\/\/recettes-gourmandes-de-joce.fr\/index.php\/wp-json\/wp\/v2\/users\/2"}],"replies":[{"embeddable":true,"href":"http:\/\/recettes-gourmandes-de-joce.fr\/index.php\/wp-json\/wp\/v2\/comments?post=16908"}],"version-history":[{"count":8,"href":"http:\/\/recettes-gourmandes-de-joce.fr\/index.php\/wp-json\/wp\/v2\/pages\/16908\/revisions"}],"predecessor-version":[{"id":89700,"href":"http:\/\/recettes-gourmandes-de-joce.fr\/index.php\/wp-json\/wp\/v2\/pages\/16908\/revisions\/89700"}],"up":[{"embeddable":true,"href":"http:\/\/recettes-gourmandes-de-joce.fr\/index.php\/wp-json\/wp\/v2\/pages\/165"}],"wp:featuredmedia":[{"embeddable":true,"href":"http:\/\/recettes-gourmandes-de-joce.fr\/index.php\/wp-json\/wp\/v2\/media\/78056"}],"wp:attachment":[{"href":"http:\/\/recettes-gourmandes-de-joce.fr\/index.php\/wp-json\/wp\/v2\/media?parent=16908"}],"curies":[{"name":"wp","href":"https:\/\/api.w.org\/{rel}","templated":true}]}}