{"id":16802,"date":"2020-02-03T18:38:55","date_gmt":"2020-02-03T18:38:55","guid":{"rendered":"http:\/\/recettes-gourmandes-de-joce.fr\/?page_id=16802"},"modified":"2024-05-23T11:10:02","modified_gmt":"2024-05-23T11:10:02","slug":"sangria-sans-alcool","status":"publish","type":"page","link":"http:\/\/recettes-gourmandes-de-joce.fr\/index.php\/index\/aperitifs-amuses-bouches\/aperitifs-sans-alcool\/sangria-sans-alcool\/","title":{"rendered":"Sangria sans alcool."},"content":{"rendered":"<p style=\"text-align: center;\"><span style=\"font-family: georgia, palatino, serif; color: #993366;\"><em><span style=\"font-size: large;\"><span style=\"text-decoration: underline;\"><span style=\"font-size: x-large;\">Une de mes recettes<\/span><\/span><\/span><\/em><\/span><\/p>\n<p style=\"text-align: center;\"><span style=\"color: #993366; font-family: georgia, palatino, serif;\"><img loading=\"lazy\" decoding=\"async\" class=\"alignnone wp-image-16806\" src=\"http:\/\/recettes-gourmandes-de-joce.fr\/wp-content\/uploads\/2020\/02\/cocktail-divers-116-150x150.jpg\" alt=\"\" width=\"201\" height=\"200\" srcset=\"http:\/\/recettes-gourmandes-de-joce.fr\/wp-content\/uploads\/2020\/02\/cocktail-divers-116-150x150.jpg 150w, http:\/\/recettes-gourmandes-de-joce.fr\/wp-content\/uploads\/2020\/02\/cocktail-divers-116-300x298.jpg 300w, http:\/\/recettes-gourmandes-de-joce.fr\/wp-content\/uploads\/2020\/02\/cocktail-divers-116-768x763.jpg 768w, http:\/\/recettes-gourmandes-de-joce.fr\/wp-content\/uploads\/2020\/02\/cocktail-divers-116-1024x1018.jpg 1024w, http:\/\/recettes-gourmandes-de-joce.fr\/wp-content\/uploads\/2020\/02\/cocktail-divers-116.jpg 1600w\" sizes=\"auto, (max-width: 201px) 100vw, 201px\" \/> <img loading=\"lazy\" decoding=\"async\" class=\"alignnone wp-image-16805\" src=\"http:\/\/recettes-gourmandes-de-joce.fr\/wp-content\/uploads\/2020\/02\/cocktail-divers-113-150x150.jpg\" alt=\"\" width=\"176\" height=\"200\" srcset=\"http:\/\/recettes-gourmandes-de-joce.fr\/wp-content\/uploads\/2020\/02\/cocktail-divers-113-264x300.jpg 264w, http:\/\/recettes-gourmandes-de-joce.fr\/wp-content\/uploads\/2020\/02\/cocktail-divers-113-768x872.jpg 768w, http:\/\/recettes-gourmandes-de-joce.fr\/wp-content\/uploads\/2020\/02\/cocktail-divers-113-902x1024.jpg 902w, http:\/\/recettes-gourmandes-de-joce.fr\/wp-content\/uploads\/2020\/02\/cocktail-divers-113.jpg 1409w\" sizes=\"auto, (max-width: 176px) 100vw, 176px\" \/> <img loading=\"lazy\" decoding=\"async\" class=\"alignnone wp-image-16804\" src=\"http:\/\/recettes-gourmandes-de-joce.fr\/wp-content\/uploads\/2020\/02\/cocktail-divers-111-150x150.jpg\" alt=\"\" width=\"167\" height=\"200\" srcset=\"http:\/\/recettes-gourmandes-de-joce.fr\/wp-content\/uploads\/2020\/02\/cocktail-divers-111-251x300.jpg 251w, http:\/\/recettes-gourmandes-de-joce.fr\/wp-content\/uploads\/2020\/02\/cocktail-divers-111-768x920.jpg 768w, http:\/\/recettes-gourmandes-de-joce.fr\/wp-content\/uploads\/2020\/02\/cocktail-divers-111-855x1024.jpg 855w, http:\/\/recettes-gourmandes-de-joce.fr\/wp-content\/uploads\/2020\/02\/cocktail-divers-111.jpg 1336w\" sizes=\"auto, (max-width: 167px) 100vw, 167px\" \/><\/span><\/p>\n<p style=\"text-align: center;\"><span style=\"font-family: georgia, palatino, serif; color: #993366;\"><em><span style=\"font-size: large;\"><span style=\"text-decoration: underline;\"><span style=\"font-size: x-large;\">Ingr\u00e9dients pour 4 verres de 150 ml<\/span><\/span><\/span><\/em><\/span><\/p>\n<p style=\"text-align: center;\"><span style=\"color: #993366; font-family: georgia, palatino, serif;\"><img loading=\"lazy\" decoding=\"async\" class=\"alignnone wp-image-16808\" src=\"http:\/\/recettes-gourmandes-de-joce.fr\/wp-content\/uploads\/2020\/02\/cocktail-divers-97-150x150.jpg\" alt=\"\" width=\"159\" height=\"200\" srcset=\"http:\/\/recettes-gourmandes-de-joce.fr\/wp-content\/uploads\/2020\/02\/cocktail-divers-97-238x300.jpg 238w, http:\/\/recettes-gourmandes-de-joce.fr\/wp-content\/uploads\/2020\/02\/cocktail-divers-97-768x969.jpg 768w, http:\/\/recettes-gourmandes-de-joce.fr\/wp-content\/uploads\/2020\/02\/cocktail-divers-97-812x1024.jpg 812w, http:\/\/recettes-gourmandes-de-joce.fr\/wp-content\/uploads\/2020\/02\/cocktail-divers-97.jpg 1268w\" sizes=\"auto, (max-width: 159px) 100vw, 159px\" \/><\/span><\/p>\n<p style=\"text-align: center;\"><span style=\"font-family: georgia, palatino, serif; color: #993366;\"><em><span style=\"font-size: large;\">200 ml de jus de raisin<\/span><\/em><\/span><\/p>\n<p style=\"text-align: center;\"><span style=\"font-family: georgia, palatino, serif; color: #993366;\"><em><span style=\"font-size: large;\">200 ml de jus d&rsquo;ananas<\/span><\/em><\/span><\/p>\n<p style=\"text-align: center;\"><span style=\"font-family: georgia, palatino, serif; color: #993366;\"><em><span style=\"font-size: large;\">200 ml de jus d&rsquo;orange<\/span><\/em><\/span><\/p>\n<p style=\"text-align: center;\"><span style=\"font-family: georgia, palatino, serif; color: #993366;\"><em><span style=\"font-size: large;\">Des morceaux de fruits (grains de raison, pommes,<\/span><\/em><\/span><\/p>\n<p style=\"text-align: center;\"><span style=\"font-family: georgia, palatino, serif; color: #993366;\"><em><span style=\"font-size: large;\">orange, banane etc&#8230;.)<\/span><\/em><\/span><\/p>\n<p style=\"text-align: center;\"><span style=\"font-family: georgia, palatino, serif; color: #993366;\"><span style=\"text-decoration: underline;\"><em><span style=\"font-size: large;\">Pour la d\u00e9co des verres<\/span><\/em><\/span><\/span><\/p>\n<p style=\"text-align: center;\"><span style=\"font-family: georgia, palatino, serif; color: #993366;\"><em><span style=\"font-size: large;\">4 tranches d&rsquo;orange<\/span><\/em><\/span><\/p>\n<p style=\"text-align: center;\"><span style=\"font-family: georgia, palatino, serif; color: #993366;\"><em><span style=\"font-size: large;\">3 c \u00e0 s de sucre en poudre<\/span><\/em><\/span><\/p>\n<p style=\"text-align: center;\"><span style=\"font-family: georgia, palatino, serif; color: #993366;\"><em><span style=\"font-size: large;\">3 c \u00e0 s de sirop de grenadine<\/span><\/em><\/span><\/p>\n<p style=\"text-align: center;\"><span style=\"color: #993366; font-family: georgia, palatino, serif;\"><img loading=\"lazy\" decoding=\"async\" class=\"alignnone wp-image-16797\" src=\"http:\/\/recettes-gourmandes-de-joce.fr\/wp-content\/uploads\/2020\/02\/colibri-cocktail-9-150x150.jpg\" alt=\"\" width=\"172\" height=\"160\" srcset=\"http:\/\/recettes-gourmandes-de-joce.fr\/wp-content\/uploads\/2020\/02\/colibri-cocktail-9-300x280.jpg 300w, http:\/\/recettes-gourmandes-de-joce.fr\/wp-content\/uploads\/2020\/02\/colibri-cocktail-9-768x716.jpg 768w, http:\/\/recettes-gourmandes-de-joce.fr\/wp-content\/uploads\/2020\/02\/colibri-cocktail-9-1024x955.jpg 1024w, http:\/\/recettes-gourmandes-de-joce.fr\/wp-content\/uploads\/2020\/02\/colibri-cocktail-9.jpg 1600w\" sizes=\"auto, (max-width: 172px) 100vw, 172px\" \/> <img loading=\"lazy\" decoding=\"async\" class=\"alignnone wp-image-16791\" src=\"http:\/\/recettes-gourmandes-de-joce.fr\/wp-content\/uploads\/2020\/02\/colibri-cocktail-11-150x150.jpg\" alt=\"\" width=\"161\" height=\"160\" srcset=\"http:\/\/recettes-gourmandes-de-joce.fr\/wp-content\/uploads\/2020\/02\/colibri-cocktail-11-150x150.jpg 150w, http:\/\/recettes-gourmandes-de-joce.fr\/wp-content\/uploads\/2020\/02\/colibri-cocktail-11-300x300.jpg 300w, http:\/\/recettes-gourmandes-de-joce.fr\/wp-content\/uploads\/2020\/02\/colibri-cocktail-11-768x766.jpg 768w, http:\/\/recettes-gourmandes-de-joce.fr\/wp-content\/uploads\/2020\/02\/colibri-cocktail-11-1024x1021.jpg 1024w, http:\/\/recettes-gourmandes-de-joce.fr\/wp-content\/uploads\/2020\/02\/colibri-cocktail-11.jpg 1600w\" sizes=\"auto, (max-width: 161px) 100vw, 161px\" \/><\/span><\/p>\n<p style=\"text-align: center;\"><span style=\"font-family: georgia, palatino, serif; color: #993366;\"><em><span style=\"font-size: large;\">Mettre les c \u00e0 s de sucre et de sirop de grenadine dans deux soucoupes. Passer vos verre dans la 1\u00e8re contenant du sirop de grenadine puis passez les dans celle contenant le sucre en poudre.<\/span><\/em><\/span><\/p>\n<p style=\"text-align: center;\"><span style=\"color: #993366; font-family: georgia, palatino, serif;\"><img loading=\"lazy\" decoding=\"async\" class=\"alignnone wp-image-16809\" src=\"http:\/\/recettes-gourmandes-de-joce.fr\/wp-content\/uploads\/2020\/02\/cocktail-divers-100-150x150.jpg\" alt=\"\" width=\"240\" height=\"160\" srcset=\"http:\/\/recettes-gourmandes-de-joce.fr\/wp-content\/uploads\/2020\/02\/cocktail-divers-100-300x200.jpg 300w, http:\/\/recettes-gourmandes-de-joce.fr\/wp-content\/uploads\/2020\/02\/cocktail-divers-100-768x511.jpg 768w, http:\/\/recettes-gourmandes-de-joce.fr\/wp-content\/uploads\/2020\/02\/cocktail-divers-100-1024x682.jpg 1024w, http:\/\/recettes-gourmandes-de-joce.fr\/wp-content\/uploads\/2020\/02\/cocktail-divers-100.jpg 1600w\" sizes=\"auto, (max-width: 240px) 100vw, 240px\" \/> <img loading=\"lazy\" decoding=\"async\" class=\"alignnone wp-image-16810\" src=\"http:\/\/recettes-gourmandes-de-joce.fr\/wp-content\/uploads\/2020\/02\/cocktail-divers-102-150x150.jpg\" alt=\"\" width=\"157\" height=\"160\" srcset=\"http:\/\/recettes-gourmandes-de-joce.fr\/wp-content\/uploads\/2020\/02\/cocktail-divers-102-295x300.jpg 295w, http:\/\/recettes-gourmandes-de-joce.fr\/wp-content\/uploads\/2020\/02\/cocktail-divers-102-768x781.jpg 768w, http:\/\/recettes-gourmandes-de-joce.fr\/wp-content\/uploads\/2020\/02\/cocktail-divers-102-1007x1024.jpg 1007w, http:\/\/recettes-gourmandes-de-joce.fr\/wp-content\/uploads\/2020\/02\/cocktail-divers-102.jpg 1461w\" sizes=\"auto, (max-width: 157px) 100vw, 157px\" \/> <img loading=\"lazy\" decoding=\"async\" class=\"alignnone wp-image-16803\" src=\"http:\/\/recettes-gourmandes-de-joce.fr\/wp-content\/uploads\/2020\/02\/cocktail-divers-105-150x150.jpg\" alt=\"\" width=\"135\" height=\"160\" srcset=\"http:\/\/recettes-gourmandes-de-joce.fr\/wp-content\/uploads\/2020\/02\/cocktail-divers-105-253x300.jpg 253w, http:\/\/recettes-gourmandes-de-joce.fr\/wp-content\/uploads\/2020\/02\/cocktail-divers-105-768x912.jpg 768w, http:\/\/recettes-gourmandes-de-joce.fr\/wp-content\/uploads\/2020\/02\/cocktail-divers-105-863x1024.jpg 863w, http:\/\/recettes-gourmandes-de-joce.fr\/wp-content\/uploads\/2020\/02\/cocktail-divers-105.jpg 1348w\" sizes=\"auto, (max-width: 135px) 100vw, 135px\" \/><\/span><\/p>\n<p style=\"text-align: center;\"><span style=\"font-family: georgia, palatino, serif; color: #993366;\"><em><span style=\"font-size: large;\">Verser dans le verre les trois jus de fruits et m\u00e9langer laver et couper les fruits en petits morceaux. Mettre les morceaux de fruits dans le verre, d\u00e9corer d&rsquo;une tranche d&rsquo;orange et servir.<\/span><\/em><\/span><\/p>\n<p style=\"text-align: center;\"><span style=\"font-family: georgia, palatino, serif; color: #993366;\"><em><span style=\"font-size: large;\">Ap\u00e9ritif id\u00e9al pour une soir\u00e9e sympa et lorsque l&rsquo;on doit prendre le volant, sympa aussi pour les enfants !<\/span><\/em><\/span><\/p>\n<p style=\"text-align: center;\"><span style=\"font-family: georgia, palatino, serif; color: #993366;\"><em><span style=\"font-size: large;\">A votre sant\u00e9!<\/span><\/em><\/span><\/p>\n<p style=\"text-align: center;\"><span style=\"color: #993366; font-family: georgia, palatino, serif;\"><img loading=\"lazy\" decoding=\"async\" class=\"alignnone wp-image-16806\" src=\"http:\/\/recettes-gourmandes-de-joce.fr\/wp-content\/uploads\/2020\/02\/cocktail-divers-116-150x150.jpg\" alt=\"\" width=\"201\" height=\"200\" srcset=\"http:\/\/recettes-gourmandes-de-joce.fr\/wp-content\/uploads\/2020\/02\/cocktail-divers-116-150x150.jpg 150w, http:\/\/recettes-gourmandes-de-joce.fr\/wp-content\/uploads\/2020\/02\/cocktail-divers-116-300x298.jpg 300w, http:\/\/recettes-gourmandes-de-joce.fr\/wp-content\/uploads\/2020\/02\/cocktail-divers-116-768x763.jpg 768w, http:\/\/recettes-gourmandes-de-joce.fr\/wp-content\/uploads\/2020\/02\/cocktail-divers-116-1024x1018.jpg 1024w, http:\/\/recettes-gourmandes-de-joce.fr\/wp-content\/uploads\/2020\/02\/cocktail-divers-116.jpg 1600w\" sizes=\"auto, (max-width: 201px) 100vw, 201px\" \/> <img loading=\"lazy\" decoding=\"async\" class=\"alignnone wp-image-16805\" src=\"http:\/\/recettes-gourmandes-de-joce.fr\/wp-content\/uploads\/2020\/02\/cocktail-divers-113-150x150.jpg\" alt=\"\" width=\"176\" height=\"200\" srcset=\"http:\/\/recettes-gourmandes-de-joce.fr\/wp-content\/uploads\/2020\/02\/cocktail-divers-113-264x300.jpg 264w, http:\/\/recettes-gourmandes-de-joce.fr\/wp-content\/uploads\/2020\/02\/cocktail-divers-113-768x872.jpg 768w, http:\/\/recettes-gourmandes-de-joce.fr\/wp-content\/uploads\/2020\/02\/cocktail-divers-113-902x1024.jpg 902w, http:\/\/recettes-gourmandes-de-joce.fr\/wp-content\/uploads\/2020\/02\/cocktail-divers-113.jpg 1409w\" sizes=\"auto, (max-width: 176px) 100vw, 176px\" \/> <img loading=\"lazy\" decoding=\"async\" class=\"alignnone wp-image-16804\" src=\"http:\/\/recettes-gourmandes-de-joce.fr\/wp-content\/uploads\/2020\/02\/cocktail-divers-111-150x150.jpg\" alt=\"\" width=\"167\" height=\"200\" srcset=\"http:\/\/recettes-gourmandes-de-joce.fr\/wp-content\/uploads\/2020\/02\/cocktail-divers-111-251x300.jpg 251w, http:\/\/recettes-gourmandes-de-joce.fr\/wp-content\/uploads\/2020\/02\/cocktail-divers-111-768x920.jpg 768w, http:\/\/recettes-gourmandes-de-joce.fr\/wp-content\/uploads\/2020\/02\/cocktail-divers-111-855x1024.jpg 855w, http:\/\/recettes-gourmandes-de-joce.fr\/wp-content\/uploads\/2020\/02\/cocktail-divers-111.jpg 1336w\" sizes=\"auto, (max-width: 167px) 100vw, 167px\" \/><\/span><\/p>\n<p style=\"text-align: center;\"><span style=\"color: #993366; font-family: georgia, palatino, serif;\"><img loading=\"lazy\" decoding=\"async\" class=\"alignnone wp-image-16654 size-full\" src=\"http:\/\/recettes-gourmandes-de-joce.fr\/wp-content\/uploads\/2020\/01\/logitech-gaming-software-14112014-121223.jpg\" alt=\"\" width=\"640\" height=\"144\" srcset=\"http:\/\/recettes-gourmandes-de-joce.fr\/wp-content\/uploads\/2020\/01\/logitech-gaming-software-14112014-121223.jpg 640w, http:\/\/recettes-gourmandes-de-joce.fr\/wp-content\/uploads\/2020\/01\/logitech-gaming-software-14112014-121223-300x68.jpg 300w\" sizes=\"auto, (max-width: 640px) 100vw, 640px\" \/><\/span><\/p>\n","protected":false},"excerpt":{"rendered":"<p>Une de mes recettes Ingr\u00e9dients pour 4 verres de 150 ml 200 ml de jus de raisin 200 ml de jus d&rsquo;ananas 200 ml de jus d&rsquo;orange Des morceaux de fruits (grains de raison, pommes, orange, banane etc&#8230;.) Pour la d\u00e9co des verres 4 tranches d&rsquo;orange 3 c \u00e0 s de sucre en poudre 3 &hellip; <\/p>\n<p><a class=\"more-link btn\" href=\"http:\/\/recettes-gourmandes-de-joce.fr\/index.php\/index\/aperitifs-amuses-bouches\/aperitifs-sans-alcool\/sangria-sans-alcool\/\">Lire la suite<\/a><\/p>\n","protected":false},"author":2,"featured_media":82949,"parent":193,"menu_order":0,"comment_status":"open","ping_status":"closed","template":"","meta":{"footnotes":""},"class_list":["post-16802","page","type-page","status-publish","has-post-thumbnail","hentry","nodate","item-wrap"],"_links":{"self":[{"href":"http:\/\/recettes-gourmandes-de-joce.fr\/index.php\/wp-json\/wp\/v2\/pages\/16802","targetHints":{"allow":["GET"]}}],"collection":[{"href":"http:\/\/recettes-gourmandes-de-joce.fr\/index.php\/wp-json\/wp\/v2\/pages"}],"about":[{"href":"http:\/\/recettes-gourmandes-de-joce.fr\/index.php\/wp-json\/wp\/v2\/types\/page"}],"author":[{"embeddable":true,"href":"http:\/\/recettes-gourmandes-de-joce.fr\/index.php\/wp-json\/wp\/v2\/users\/2"}],"replies":[{"embeddable":true,"href":"http:\/\/recettes-gourmandes-de-joce.fr\/index.php\/wp-json\/wp\/v2\/comments?post=16802"}],"version-history":[{"count":3,"href":"http:\/\/recettes-gourmandes-de-joce.fr\/index.php\/wp-json\/wp\/v2\/pages\/16802\/revisions"}],"predecessor-version":[{"id":82950,"href":"http:\/\/recettes-gourmandes-de-joce.fr\/index.php\/wp-json\/wp\/v2\/pages\/16802\/revisions\/82950"}],"up":[{"embeddable":true,"href":"http:\/\/recettes-gourmandes-de-joce.fr\/index.php\/wp-json\/wp\/v2\/pages\/193"}],"wp:featuredmedia":[{"embeddable":true,"href":"http:\/\/recettes-gourmandes-de-joce.fr\/index.php\/wp-json\/wp\/v2\/media\/82949"}],"wp:attachment":[{"href":"http:\/\/recettes-gourmandes-de-joce.fr\/index.php\/wp-json\/wp\/v2\/media?parent=16802"}],"curies":[{"name":"wp","href":"https:\/\/api.w.org\/{rel}","templated":true}]}}