{"id":1614,"date":"2019-09-27T21:30:06","date_gmt":"2019-09-27T21:30:06","guid":{"rendered":"http:\/\/recettes-gourmandes-de-joce.fr\/?page_id=1614"},"modified":"2024-08-16T12:51:33","modified_gmt":"2024-08-16T12:51:33","slug":"carres-savoyards-sauce-cremee-aux-champignons-et-tomates","status":"publish","type":"page","link":"http:\/\/recettes-gourmandes-de-joce.fr\/index.php\/index\/viandes\/porc\/carres-savoyards-sauce-cremee-aux-champignons-et-tomates\/","title":{"rendered":"Carr\u00e9s savoyards sauce cr\u00e9m\u00e9e\u00a0aux champignons et tomates."},"content":{"rendered":"<p style=\"text-align: center;\"><span style=\"color: #ff8c00; font-family: georgia, palatino, serif;\"><span style=\"text-decoration: underline;\"><em><span style=\"font-size: x-large;\">Une de mes recettes<\/span><\/em><\/span><\/span><\/p>\n<p style=\"text-align: center;\"><img loading=\"lazy\" decoding=\"async\" class=\"alignnone wp-image-53340\" src=\"http:\/\/recettes-gourmandes-de-joce.fr\/wp-content\/uploads\/2023\/04\/carres-savoyards3-300x225.jpg\" alt=\"\" width=\"240\" height=\"180\" srcset=\"http:\/\/recettes-gourmandes-de-joce.fr\/wp-content\/uploads\/2023\/04\/carres-savoyards3-300x225.jpg 300w, http:\/\/recettes-gourmandes-de-joce.fr\/wp-content\/uploads\/2023\/04\/carres-savoyards3-768x576.jpg 768w, http:\/\/recettes-gourmandes-de-joce.fr\/wp-content\/uploads\/2023\/04\/carres-savoyards3-750x563.jpg 750w, http:\/\/recettes-gourmandes-de-joce.fr\/wp-content\/uploads\/2023\/04\/carres-savoyards3.jpg 1024w\" sizes=\"auto, (max-width: 240px) 100vw, 240px\" \/> <img loading=\"lazy\" decoding=\"async\" class=\"alignnone wp-image-53339\" src=\"http:\/\/recettes-gourmandes-de-joce.fr\/wp-content\/uploads\/2023\/04\/carres-savoyards2-300x248.jpg\" alt=\"\" width=\"218\" height=\"180\" srcset=\"http:\/\/recettes-gourmandes-de-joce.fr\/wp-content\/uploads\/2023\/04\/carres-savoyards2-300x248.jpg 300w, http:\/\/recettes-gourmandes-de-joce.fr\/wp-content\/uploads\/2023\/04\/carres-savoyards2-768x635.jpg 768w, http:\/\/recettes-gourmandes-de-joce.fr\/wp-content\/uploads\/2023\/04\/carres-savoyards2-750x620.jpg 750w, http:\/\/recettes-gourmandes-de-joce.fr\/wp-content\/uploads\/2023\/04\/carres-savoyards2.jpg 1024w\" sizes=\"auto, (max-width: 218px) 100vw, 218px\" \/> <img loading=\"lazy\" decoding=\"async\" class=\"alignnone wp-image-53338\" src=\"http:\/\/recettes-gourmandes-de-joce.fr\/wp-content\/uploads\/2023\/04\/carres-savoyards23-300x225.jpg\" alt=\"\" width=\"240\" height=\"180\" srcset=\"http:\/\/recettes-gourmandes-de-joce.fr\/wp-content\/uploads\/2023\/04\/carres-savoyards23-300x225.jpg 300w, http:\/\/recettes-gourmandes-de-joce.fr\/wp-content\/uploads\/2023\/04\/carres-savoyards23-768x576.jpg 768w, http:\/\/recettes-gourmandes-de-joce.fr\/wp-content\/uploads\/2023\/04\/carres-savoyards23-750x563.jpg 750w, http:\/\/recettes-gourmandes-de-joce.fr\/wp-content\/uploads\/2023\/04\/carres-savoyards23.jpg 1024w\" sizes=\"auto, (max-width: 240px) 100vw, 240px\" \/><\/p>\n<p style=\"text-align: center;\"><span style=\"color: #ff8c00; font-family: georgia, palatino, serif;\"><span style=\"font-size: x-large; text-decoration: underline;\"><em>Ingr\u00e9dients pour 5 personnes<\/em><\/span><\/span><\/p>\n<p style=\"text-align: center;\"><img loading=\"lazy\" decoding=\"async\" class=\"alignnone wp-image-53341\" src=\"http:\/\/recettes-gourmandes-de-joce.fr\/wp-content\/uploads\/2023\/04\/carres-savoyards4-300x197.jpg\" alt=\"\" width=\"304\" height=\"200\" srcset=\"http:\/\/recettes-gourmandes-de-joce.fr\/wp-content\/uploads\/2023\/04\/carres-savoyards4-300x197.jpg 300w, http:\/\/recettes-gourmandes-de-joce.fr\/wp-content\/uploads\/2023\/04\/carres-savoyards4-768x505.jpg 768w, http:\/\/recettes-gourmandes-de-joce.fr\/wp-content\/uploads\/2023\/04\/carres-savoyards4-750x493.jpg 750w, http:\/\/recettes-gourmandes-de-joce.fr\/wp-content\/uploads\/2023\/04\/carres-savoyards4.jpg 1024w\" sizes=\"auto, (max-width: 304px) 100vw, 304px\" \/><\/p>\n<p style=\"text-align: center;\"><span style=\"color: #ff8c00; font-family: georgia, palatino, serif; font-size: 14pt;\"><em>5 carr\u00e9s savoyards (recette en bas de la liste \u2193)<\/em><\/span><\/p>\n<p style=\"text-align: center;\"><span style=\"color: #ff8c00; font-family: georgia, palatino, serif; font-size: 14pt;\"><em>1 oignon blanc et ses tiges<\/em><\/span><\/p>\n<p style=\"text-align: center;\"><span style=\"color: #ff8c00; font-family: georgia, palatino, serif; font-size: 14pt;\"><em>1 belle \u00e9chalote<\/em><\/span><\/p>\n<p style=\"text-align: center;\"><span style=\"color: #ff8c00; font-family: georgia, palatino, serif; font-size: 14pt;\"><em>1 dizaine de tomates cerise jaunes ou rouges<\/em><\/span><\/p>\n<p style=\"text-align: center;\"><span style=\"color: #ff8c00; font-family: georgia, palatino, serif; font-size: 14pt;\"><em>2 c \u00e0 s de fond de volaille<\/em><\/span><\/p>\n<p style=\"text-align: center;\"><span style=\"color: #ff8c00; font-family: georgia, palatino, serif; font-size: 14pt;\"><em>1 petite boite de champignons de Paris entiers et leur jus<\/em><\/span><\/p>\n<p style=\"text-align: center;\"><span style=\"color: #ff8c00; font-family: georgia, palatino, serif; font-size: 14pt;\"><em>3 c \u00e0 s de cr\u00e8me fra\u00eeche<\/em><\/span><\/p>\n<p style=\"text-align: center;\"><span style=\"color: #ff8c00; font-family: georgia, palatino, serif; font-size: 14pt;\"><em>1 morceau de beurre<\/em><\/span><\/p>\n<p style=\"text-align: center;\"><span style=\"color: #ff8c00; font-family: georgia, palatino, serif; font-size: 14pt;\"><em>1 c \u00e0 s d&rsquo;\u00e9pices pour keufta d\u00e9tails sur ce lien -&gt; \u00c9pic\u00e9too<\/em><\/span><\/p>\n<p style=\"text-align: center;\"><span style=\"color: #ff8c00; font-family: georgia, palatino, serif; font-size: 14pt;\"><em>Sel et poivre<\/em><\/span><\/p>\n<p style=\"text-align: center;\"><em style=\"color: #ff8c00; font-family: georgia, palatino, serif; font-size: 14pt;\">Recette des carr\u00e9s savoyards <\/em><span style=\"color: #ff8c00; font-family: georgia, palatino, serif; font-size: 14pt;\"><em>sur ce lien -&gt; <a href=\"http:\/\/recettes-gourmandes-de-joce.fr\/index.php\/index\/recettes-regionales-mondiales\/recettes-regionales-salees\/carres-savoyards-a-ma-facon-savoie\/\">Carr\u00e9s savoyards<\/a><\/em><\/span><\/p>\n<p style=\"text-align: center;\"><img loading=\"lazy\" decoding=\"async\" class=\"alignnone wp-image-53342\" src=\"http:\/\/recettes-gourmandes-de-joce.fr\/wp-content\/uploads\/2023\/04\/carres-savoyards5-300x201.jpg\" alt=\"\" width=\"253\" height=\"170\" srcset=\"http:\/\/recettes-gourmandes-de-joce.fr\/wp-content\/uploads\/2023\/04\/carres-savoyards5-300x201.jpg 300w, http:\/\/recettes-gourmandes-de-joce.fr\/wp-content\/uploads\/2023\/04\/carres-savoyards5-768x515.jpg 768w, http:\/\/recettes-gourmandes-de-joce.fr\/wp-content\/uploads\/2023\/04\/carres-savoyards5-750x503.jpg 750w, http:\/\/recettes-gourmandes-de-joce.fr\/wp-content\/uploads\/2023\/04\/carres-savoyards5.jpg 1024w\" sizes=\"auto, (max-width: 253px) 100vw, 253px\" \/> <img loading=\"lazy\" decoding=\"async\" class=\"alignnone wp-image-53343\" src=\"http:\/\/recettes-gourmandes-de-joce.fr\/wp-content\/uploads\/2023\/04\/carres-savoyards6-300x225.jpg\" alt=\"\" width=\"227\" height=\"170\" srcset=\"http:\/\/recettes-gourmandes-de-joce.fr\/wp-content\/uploads\/2023\/04\/carres-savoyards6-300x225.jpg 300w, http:\/\/recettes-gourmandes-de-joce.fr\/wp-content\/uploads\/2023\/04\/carres-savoyards6-768x576.jpg 768w, http:\/\/recettes-gourmandes-de-joce.fr\/wp-content\/uploads\/2023\/04\/carres-savoyards6-750x563.jpg 750w, http:\/\/recettes-gourmandes-de-joce.fr\/wp-content\/uploads\/2023\/04\/carres-savoyards6.jpg 1024w\" sizes=\"auto, (max-width: 227px) 100vw, 227px\" \/> <img loading=\"lazy\" decoding=\"async\" class=\"alignnone wp-image-53344\" src=\"http:\/\/recettes-gourmandes-de-joce.fr\/wp-content\/uploads\/2023\/04\/carres-savoyards7-300x225.jpg\" alt=\"\" width=\"227\" height=\"170\" srcset=\"http:\/\/recettes-gourmandes-de-joce.fr\/wp-content\/uploads\/2023\/04\/carres-savoyards7-300x225.jpg 300w, http:\/\/recettes-gourmandes-de-joce.fr\/wp-content\/uploads\/2023\/04\/carres-savoyards7-768x576.jpg 768w, http:\/\/recettes-gourmandes-de-joce.fr\/wp-content\/uploads\/2023\/04\/carres-savoyards7-750x563.jpg 750w, http:\/\/recettes-gourmandes-de-joce.fr\/wp-content\/uploads\/2023\/04\/carres-savoyards7.jpg 1024w\" sizes=\"auto, (max-width: 227px) 100vw, 227px\" \/><\/p>\n<p style=\"text-align: center;\"><span style=\"color: #ff8c00; font-family: georgia, palatino, serif; font-size: 14pt;\"><em>Peler et hacher finement l&rsquo;\u00e9chalote, nettoyer et hacher l&rsquo;oignon et ses tiges. Laver et couper les tomates en deux.\u00a0Dans une po\u00eale mettre le beurre \u00e0 fondre.<\/em><\/span><\/p>\n<p style=\"text-align: center;\"><img loading=\"lazy\" decoding=\"async\" class=\"alignnone wp-image-53345\" src=\"http:\/\/recettes-gourmandes-de-joce.fr\/wp-content\/uploads\/2023\/04\/carres-savoyards8-300x225.jpg\" alt=\"\" width=\"227\" height=\"170\" srcset=\"http:\/\/recettes-gourmandes-de-joce.fr\/wp-content\/uploads\/2023\/04\/carres-savoyards8-300x225.jpg 300w, http:\/\/recettes-gourmandes-de-joce.fr\/wp-content\/uploads\/2023\/04\/carres-savoyards8-768x576.jpg 768w, http:\/\/recettes-gourmandes-de-joce.fr\/wp-content\/uploads\/2023\/04\/carres-savoyards8-750x563.jpg 750w, http:\/\/recettes-gourmandes-de-joce.fr\/wp-content\/uploads\/2023\/04\/carres-savoyards8.jpg 1024w\" sizes=\"auto, (max-width: 227px) 100vw, 227px\" \/> <img loading=\"lazy\" decoding=\"async\" class=\"alignnone wp-image-53346\" src=\"http:\/\/recettes-gourmandes-de-joce.fr\/wp-content\/uploads\/2023\/04\/carres-savoyards9-300x225.jpg\" alt=\"\" width=\"227\" height=\"170\" srcset=\"http:\/\/recettes-gourmandes-de-joce.fr\/wp-content\/uploads\/2023\/04\/carres-savoyards9-300x225.jpg 300w, http:\/\/recettes-gourmandes-de-joce.fr\/wp-content\/uploads\/2023\/04\/carres-savoyards9-768x576.jpg 768w, http:\/\/recettes-gourmandes-de-joce.fr\/wp-content\/uploads\/2023\/04\/carres-savoyards9-750x563.jpg 750w, http:\/\/recettes-gourmandes-de-joce.fr\/wp-content\/uploads\/2023\/04\/carres-savoyards9.jpg 1024w\" sizes=\"auto, (max-width: 227px) 100vw, 227px\" \/> <img loading=\"lazy\" decoding=\"async\" class=\"alignnone wp-image-53347\" src=\"http:\/\/recettes-gourmandes-de-joce.fr\/wp-content\/uploads\/2023\/04\/carres-savoyards10-300x225.jpg\" alt=\"\" width=\"227\" height=\"170\" srcset=\"http:\/\/recettes-gourmandes-de-joce.fr\/wp-content\/uploads\/2023\/04\/carres-savoyards10-300x225.jpg 300w, http:\/\/recettes-gourmandes-de-joce.fr\/wp-content\/uploads\/2023\/04\/carres-savoyards10-768x576.jpg 768w, http:\/\/recettes-gourmandes-de-joce.fr\/wp-content\/uploads\/2023\/04\/carres-savoyards10-750x563.jpg 750w, http:\/\/recettes-gourmandes-de-joce.fr\/wp-content\/uploads\/2023\/04\/carres-savoyards10.jpg 1024w\" sizes=\"auto, (max-width: 227px) 100vw, 227px\" \/><\/p>\n<p style=\"text-align: center;\"><span style=\"color: #ff8c00; font-family: georgia, palatino, serif; font-size: 14pt;\"><em>Y faire dorer sur les deux faces les carr\u00e9s savoyards, les d\u00e9barrasser ensuite dans un plat allant au four.<\/em><\/span><\/p>\n<p style=\"text-align: center;\"><img loading=\"lazy\" decoding=\"async\" class=\"alignnone wp-image-53348\" src=\"http:\/\/recettes-gourmandes-de-joce.fr\/wp-content\/uploads\/2023\/04\/carres-savoyards11-300x225.jpg\" alt=\"\" width=\"227\" height=\"170\" srcset=\"http:\/\/recettes-gourmandes-de-joce.fr\/wp-content\/uploads\/2023\/04\/carres-savoyards11-300x225.jpg 300w, http:\/\/recettes-gourmandes-de-joce.fr\/wp-content\/uploads\/2023\/04\/carres-savoyards11-768x576.jpg 768w, http:\/\/recettes-gourmandes-de-joce.fr\/wp-content\/uploads\/2023\/04\/carres-savoyards11-750x563.jpg 750w, http:\/\/recettes-gourmandes-de-joce.fr\/wp-content\/uploads\/2023\/04\/carres-savoyards11.jpg 1024w\" sizes=\"auto, (max-width: 227px) 100vw, 227px\" \/> <img loading=\"lazy\" decoding=\"async\" class=\"alignnone wp-image-53349\" src=\"http:\/\/recettes-gourmandes-de-joce.fr\/wp-content\/uploads\/2023\/04\/carres-savoyards12-300x225.jpg\" alt=\"\" width=\"227\" height=\"170\" srcset=\"http:\/\/recettes-gourmandes-de-joce.fr\/wp-content\/uploads\/2023\/04\/carres-savoyards12-300x225.jpg 300w, http:\/\/recettes-gourmandes-de-joce.fr\/wp-content\/uploads\/2023\/04\/carres-savoyards12-768x576.jpg 768w, http:\/\/recettes-gourmandes-de-joce.fr\/wp-content\/uploads\/2023\/04\/carres-savoyards12-750x563.jpg 750w, http:\/\/recettes-gourmandes-de-joce.fr\/wp-content\/uploads\/2023\/04\/carres-savoyards12.jpg 1024w\" sizes=\"auto, (max-width: 227px) 100vw, 227px\" \/> <img loading=\"lazy\" decoding=\"async\" class=\"alignnone wp-image-53350\" src=\"http:\/\/recettes-gourmandes-de-joce.fr\/wp-content\/uploads\/2023\/04\/carres-savoyards13-300x225.jpg\" alt=\"\" width=\"227\" height=\"170\" srcset=\"http:\/\/recettes-gourmandes-de-joce.fr\/wp-content\/uploads\/2023\/04\/carres-savoyards13-300x225.jpg 300w, http:\/\/recettes-gourmandes-de-joce.fr\/wp-content\/uploads\/2023\/04\/carres-savoyards13-768x576.jpg 768w, http:\/\/recettes-gourmandes-de-joce.fr\/wp-content\/uploads\/2023\/04\/carres-savoyards13-750x563.jpg 750w, http:\/\/recettes-gourmandes-de-joce.fr\/wp-content\/uploads\/2023\/04\/carres-savoyards13.jpg 1024w\" sizes=\"auto, (max-width: 227px) 100vw, 227px\" \/><\/p>\n<p style=\"text-align: center;\"><span style=\"color: #ff8c00; font-family: georgia, palatino, serif; font-size: 14pt;\"><em>Dans la po\u00eale \u00e0 la place des carr\u00e9s savoyards, mettre les \u00e9chalotes et l&rsquo;oignon (pas les tiges) \u00e0 suer, saler et poivrer l\u00e9g\u00e8rement. Ajouter ensuite le fond de veau et bien m\u00e9langer.<\/em><\/span><\/p>\n<p style=\"text-align: center;\"><img loading=\"lazy\" decoding=\"async\" class=\"alignnone wp-image-53351\" src=\"http:\/\/recettes-gourmandes-de-joce.fr\/wp-content\/uploads\/2023\/04\/carres-savoyards14-300x225.jpg\" alt=\"\" width=\"227\" height=\"170\" srcset=\"http:\/\/recettes-gourmandes-de-joce.fr\/wp-content\/uploads\/2023\/04\/carres-savoyards14-300x225.jpg 300w, http:\/\/recettes-gourmandes-de-joce.fr\/wp-content\/uploads\/2023\/04\/carres-savoyards14-768x576.jpg 768w, http:\/\/recettes-gourmandes-de-joce.fr\/wp-content\/uploads\/2023\/04\/carres-savoyards14-750x563.jpg 750w, http:\/\/recettes-gourmandes-de-joce.fr\/wp-content\/uploads\/2023\/04\/carres-savoyards14.jpg 1024w\" sizes=\"auto, (max-width: 227px) 100vw, 227px\" \/> <img loading=\"lazy\" decoding=\"async\" class=\"alignnone wp-image-53352\" src=\"http:\/\/recettes-gourmandes-de-joce.fr\/wp-content\/uploads\/2023\/04\/carres-savoyards15-300x225.jpg\" alt=\"\" width=\"227\" height=\"170\" srcset=\"http:\/\/recettes-gourmandes-de-joce.fr\/wp-content\/uploads\/2023\/04\/carres-savoyards15-300x225.jpg 300w, http:\/\/recettes-gourmandes-de-joce.fr\/wp-content\/uploads\/2023\/04\/carres-savoyards15-768x576.jpg 768w, http:\/\/recettes-gourmandes-de-joce.fr\/wp-content\/uploads\/2023\/04\/carres-savoyards15-750x563.jpg 750w, http:\/\/recettes-gourmandes-de-joce.fr\/wp-content\/uploads\/2023\/04\/carres-savoyards15.jpg 1024w\" sizes=\"auto, (max-width: 227px) 100vw, 227px\" \/> <img loading=\"lazy\" decoding=\"async\" class=\"alignnone wp-image-53331\" src=\"http:\/\/recettes-gourmandes-de-joce.fr\/wp-content\/uploads\/2023\/04\/carres-savoyards16-300x225.jpg\" alt=\"\" width=\"227\" height=\"170\" srcset=\"http:\/\/recettes-gourmandes-de-joce.fr\/wp-content\/uploads\/2023\/04\/carres-savoyards16-300x225.jpg 300w, http:\/\/recettes-gourmandes-de-joce.fr\/wp-content\/uploads\/2023\/04\/carres-savoyards16-768x576.jpg 768w, http:\/\/recettes-gourmandes-de-joce.fr\/wp-content\/uploads\/2023\/04\/carres-savoyards16-750x563.jpg 750w, http:\/\/recettes-gourmandes-de-joce.fr\/wp-content\/uploads\/2023\/04\/carres-savoyards16.jpg 1024w\" sizes=\"auto, (max-width: 227px) 100vw, 227px\" \/><\/p>\n<p style=\"text-align: center;\"><span style=\"color: #ff8c00; font-family: georgia, palatino, serif; font-size: 14pt;\"><em>Ajouter les champignons et leur jus et m\u00e9langer, au besoin ajouter un demi-verre d&rsquo;eau pour obtenir une sauce onctueuse mais pas trop \u00e9paisse. Ajouter les tomates et les tiges d&rsquo;oignons, m\u00e9langer.<\/em><\/span><\/p>\n<p style=\"text-align: center;\"><img loading=\"lazy\" decoding=\"async\" class=\"alignnone wp-image-53332\" src=\"http:\/\/recettes-gourmandes-de-joce.fr\/wp-content\/uploads\/2023\/04\/carres-savoyards17-300x235.jpg\" alt=\"\" width=\"217\" height=\"170\" srcset=\"http:\/\/recettes-gourmandes-de-joce.fr\/wp-content\/uploads\/2023\/04\/carres-savoyards17-300x235.jpg 300w, http:\/\/recettes-gourmandes-de-joce.fr\/wp-content\/uploads\/2023\/04\/carres-savoyards17-768x601.jpg 768w, http:\/\/recettes-gourmandes-de-joce.fr\/wp-content\/uploads\/2023\/04\/carres-savoyards17-750x587.jpg 750w, http:\/\/recettes-gourmandes-de-joce.fr\/wp-content\/uploads\/2023\/04\/carres-savoyards17.jpg 1024w\" sizes=\"auto, (max-width: 217px) 100vw, 217px\" \/> <img loading=\"lazy\" decoding=\"async\" class=\"alignnone wp-image-53333\" src=\"http:\/\/recettes-gourmandes-de-joce.fr\/wp-content\/uploads\/2023\/04\/carres-savoyards18-300x225.jpg\" alt=\"\" width=\"227\" height=\"170\" srcset=\"http:\/\/recettes-gourmandes-de-joce.fr\/wp-content\/uploads\/2023\/04\/carres-savoyards18-300x225.jpg 300w, http:\/\/recettes-gourmandes-de-joce.fr\/wp-content\/uploads\/2023\/04\/carres-savoyards18-768x576.jpg 768w, http:\/\/recettes-gourmandes-de-joce.fr\/wp-content\/uploads\/2023\/04\/carres-savoyards18-750x563.jpg 750w, http:\/\/recettes-gourmandes-de-joce.fr\/wp-content\/uploads\/2023\/04\/carres-savoyards18.jpg 1024w\" sizes=\"auto, (max-width: 227px) 100vw, 227px\" \/> <img loading=\"lazy\" decoding=\"async\" class=\"alignnone wp-image-53334\" src=\"http:\/\/recettes-gourmandes-de-joce.fr\/wp-content\/uploads\/2023\/04\/carres-savoyards19-300x213.jpg\" alt=\"\" width=\"239\" height=\"170\" srcset=\"http:\/\/recettes-gourmandes-de-joce.fr\/wp-content\/uploads\/2023\/04\/carres-savoyards19-300x213.jpg 300w, http:\/\/recettes-gourmandes-de-joce.fr\/wp-content\/uploads\/2023\/04\/carres-savoyards19-768x545.jpg 768w, http:\/\/recettes-gourmandes-de-joce.fr\/wp-content\/uploads\/2023\/04\/carres-savoyards19-750x532.jpg 750w, http:\/\/recettes-gourmandes-de-joce.fr\/wp-content\/uploads\/2023\/04\/carres-savoyards19.jpg 1024w\" sizes=\"auto, (max-width: 239px) 100vw, 239px\" \/><\/p>\n<p style=\"text-align: center;\"><span style=\"color: #ff8c00; font-family: georgia, palatino, serif; font-size: 14pt;\"><em>R\u00e9partir la sauce autour des carr\u00e9s savoyards et enfourner \u00e0 200\u00b0 environ 30 minutes selon les fours, surveiller la cuisson et la coloration. Lorsque les carr\u00e9s savoyards sont cuits, les d\u00e9barrasser dans le plat de service et mettre dans la sauce la cr\u00e8me fra\u00eeche.<\/em><\/span><\/p>\n<p style=\"text-align: center;\"><img loading=\"lazy\" decoding=\"async\" class=\"alignnone wp-image-53335\" src=\"http:\/\/recettes-gourmandes-de-joce.fr\/wp-content\/uploads\/2023\/04\/carres-savoyards20-300x208.jpg\" alt=\"\" width=\"245\" height=\"170\" srcset=\"http:\/\/recettes-gourmandes-de-joce.fr\/wp-content\/uploads\/2023\/04\/carres-savoyards20-300x208.jpg 300w, http:\/\/recettes-gourmandes-de-joce.fr\/wp-content\/uploads\/2023\/04\/carres-savoyards20-768x533.jpg 768w, http:\/\/recettes-gourmandes-de-joce.fr\/wp-content\/uploads\/2023\/04\/carres-savoyards20-750x521.jpg 750w, http:\/\/recettes-gourmandes-de-joce.fr\/wp-content\/uploads\/2023\/04\/carres-savoyards20.jpg 1024w\" sizes=\"auto, (max-width: 245px) 100vw, 245px\" \/><\/p>\n<p style=\"text-align: center;\"><span style=\"color: #ff8c00; font-family: georgia, palatino, serif; font-size: 14pt;\"><em>M\u00e9langer et verser autour des carr\u00e9s savoyard, servir imm\u00e9diatement avec par exemple une po\u00eal\u00e9e de chou-fleur.<\/em><\/span><\/p>\n<p style=\"text-align: center;\"><span style=\"color: #ff8c00; font-family: georgia, palatino, serif; font-size: 14pt;\"><em><em>Bon app\u00e9tit!<\/em><\/em><\/span><\/p>\n<p style=\"text-align: center;\"><img loading=\"lazy\" decoding=\"async\" class=\"alignnone wp-image-53336\" src=\"http:\/\/recettes-gourmandes-de-joce.fr\/wp-content\/uploads\/2023\/04\/carres-savoyards21-300x225.jpg\" alt=\"\" width=\"227\" height=\"170\" srcset=\"http:\/\/recettes-gourmandes-de-joce.fr\/wp-content\/uploads\/2023\/04\/carres-savoyards21-300x225.jpg 300w, http:\/\/recettes-gourmandes-de-joce.fr\/wp-content\/uploads\/2023\/04\/carres-savoyards21-768x576.jpg 768w, http:\/\/recettes-gourmandes-de-joce.fr\/wp-content\/uploads\/2023\/04\/carres-savoyards21-750x563.jpg 750w, http:\/\/recettes-gourmandes-de-joce.fr\/wp-content\/uploads\/2023\/04\/carres-savoyards21.jpg 1024w\" sizes=\"auto, (max-width: 227px) 100vw, 227px\" \/> <img loading=\"lazy\" decoding=\"async\" class=\"alignnone wp-image-53339\" src=\"http:\/\/recettes-gourmandes-de-joce.fr\/wp-content\/uploads\/2023\/04\/carres-savoyards2-300x248.jpg\" alt=\"\" width=\"206\" height=\"170\" srcset=\"http:\/\/recettes-gourmandes-de-joce.fr\/wp-content\/uploads\/2023\/04\/carres-savoyards2-300x248.jpg 300w, http:\/\/recettes-gourmandes-de-joce.fr\/wp-content\/uploads\/2023\/04\/carres-savoyards2-768x635.jpg 768w, http:\/\/recettes-gourmandes-de-joce.fr\/wp-content\/uploads\/2023\/04\/carres-savoyards2-750x620.jpg 750w, http:\/\/recettes-gourmandes-de-joce.fr\/wp-content\/uploads\/2023\/04\/carres-savoyards2.jpg 1024w\" sizes=\"auto, (max-width: 206px) 100vw, 206px\" \/> <img loading=\"lazy\" decoding=\"async\" class=\"alignnone wp-image-53340\" src=\"http:\/\/recettes-gourmandes-de-joce.fr\/wp-content\/uploads\/2023\/04\/carres-savoyards3-300x225.jpg\" alt=\"\" width=\"227\" height=\"170\" srcset=\"http:\/\/recettes-gourmandes-de-joce.fr\/wp-content\/uploads\/2023\/04\/carres-savoyards3-300x225.jpg 300w, http:\/\/recettes-gourmandes-de-joce.fr\/wp-content\/uploads\/2023\/04\/carres-savoyards3-768x576.jpg 768w, http:\/\/recettes-gourmandes-de-joce.fr\/wp-content\/uploads\/2023\/04\/carres-savoyards3-750x563.jpg 750w, http:\/\/recettes-gourmandes-de-joce.fr\/wp-content\/uploads\/2023\/04\/carres-savoyards3.jpg 1024w\" sizes=\"auto, (max-width: 227px) 100vw, 227px\" \/><\/p>\n<p style=\"text-align: center;\"><img loading=\"lazy\" decoding=\"async\" class=\"alignnone wp-image-44943 size-full\" src=\"http:\/\/recettes-gourmandes-de-joce.fr\/wp-content\/uploads\/2022\/05\/logitech-gaming-software-14112014-121223.jpg\" alt=\"\" width=\"640\" height=\"144\" srcset=\"http:\/\/recettes-gourmandes-de-joce.fr\/wp-content\/uploads\/2022\/05\/logitech-gaming-software-14112014-121223.jpg 640w, http:\/\/recettes-gourmandes-de-joce.fr\/wp-content\/uploads\/2022\/05\/logitech-gaming-software-14112014-121223-300x68.jpg 300w\" sizes=\"auto, (max-width: 640px) 100vw, 640px\" \/><\/p>\n","protected":false},"excerpt":{"rendered":"<p>Une de mes recettes Ingr\u00e9dients pour 5 personnes 5 carr\u00e9s savoyards (recette en bas de la liste \u2193) 1 oignon blanc et ses tiges 1 belle \u00e9chalote 1 dizaine de tomates cerise jaunes ou rouges 2 c \u00e0 s de fond de volaille 1 petite boite de champignons de Paris entiers et leur jus 3 &hellip; <\/p>\n<p><a class=\"more-link btn\" href=\"http:\/\/recettes-gourmandes-de-joce.fr\/index.php\/index\/viandes\/porc\/carres-savoyards-sauce-cremee-aux-champignons-et-tomates\/\">Lire la suite<\/a><\/p>\n","protected":false},"author":2,"featured_media":84821,"parent":59,"menu_order":0,"comment_status":"open","ping_status":"closed","template":"","meta":{"footnotes":""},"class_list":["post-1614","page","type-page","status-publish","has-post-thumbnail","hentry","nodate","item-wrap"],"_links":{"self":[{"href":"http:\/\/recettes-gourmandes-de-joce.fr\/index.php\/wp-json\/wp\/v2\/pages\/1614","targetHints":{"allow":["GET"]}}],"collection":[{"href":"http:\/\/recettes-gourmandes-de-joce.fr\/index.php\/wp-json\/wp\/v2\/pages"}],"about":[{"href":"http:\/\/recettes-gourmandes-de-joce.fr\/index.php\/wp-json\/wp\/v2\/types\/page"}],"author":[{"embeddable":true,"href":"http:\/\/recettes-gourmandes-de-joce.fr\/index.php\/wp-json\/wp\/v2\/users\/2"}],"replies":[{"embeddable":true,"href":"http:\/\/recettes-gourmandes-de-joce.fr\/index.php\/wp-json\/wp\/v2\/comments?post=1614"}],"version-history":[{"count":6,"href":"http:\/\/recettes-gourmandes-de-joce.fr\/index.php\/wp-json\/wp\/v2\/pages\/1614\/revisions"}],"predecessor-version":[{"id":89403,"href":"http:\/\/recettes-gourmandes-de-joce.fr\/index.php\/wp-json\/wp\/v2\/pages\/1614\/revisions\/89403"}],"up":[{"embeddable":true,"href":"http:\/\/recettes-gourmandes-de-joce.fr\/index.php\/wp-json\/wp\/v2\/pages\/59"}],"wp:featuredmedia":[{"embeddable":true,"href":"http:\/\/recettes-gourmandes-de-joce.fr\/index.php\/wp-json\/wp\/v2\/media\/84821"}],"wp:attachment":[{"href":"http:\/\/recettes-gourmandes-de-joce.fr\/index.php\/wp-json\/wp\/v2\/media?parent=1614"}],"curies":[{"name":"wp","href":"https:\/\/api.w.org\/{rel}","templated":true}]}}