{"id":15824,"date":"2020-01-17T09:02:00","date_gmt":"2020-01-17T09:02:00","guid":{"rendered":"http:\/\/recettes-gourmandes-de-joce.fr\/?page_id=15824"},"modified":"2024-05-12T22:53:11","modified_gmt":"2024-05-12T22:53:11","slug":"tarte-ou-tartelettes-au-chocolat-pate-sablee-au-pralin","status":"publish","type":"page","link":"http:\/\/recettes-gourmandes-de-joce.fr\/index.php\/index\/desserts\/tartes-et-tartelettes-sucrees\/tarte-ou-tartelettes-au-chocolat-pate-sablee-au-pralin\/","title":{"rendered":"Tarte ou tartelettes au chocolat, p\u00e2te sabl\u00e9e au pralin."},"content":{"rendered":"<p style=\"text-align: center;\"><span style=\"font-size: 18pt;\"><em style=\"font-family: georgia, palatino, serif; text-align: center;\"><span style=\"color: #800000;\"><span style=\"text-decoration-line: underline;\">D&rsquo;apr\u00e8s une recette du Net<\/span><\/span><\/em><\/span><\/p>\n<p style=\"text-align: center;\"><img loading=\"lazy\" decoding=\"async\" class=\"alignnone wp-image-80281\" src=\"http:\/\/recettes-gourmandes-de-joce.fr\/wp-content\/uploads\/2024\/05\/tarte-chocolat2.jpg\" alt=\"\" width=\"270\" height=\"180\" srcset=\"http:\/\/recettes-gourmandes-de-joce.fr\/wp-content\/uploads\/2024\/05\/tarte-chocolat2.jpg 1024w, http:\/\/recettes-gourmandes-de-joce.fr\/wp-content\/uploads\/2024\/05\/tarte-chocolat2-768x512.jpg 768w, http:\/\/recettes-gourmandes-de-joce.fr\/wp-content\/uploads\/2024\/05\/tarte-chocolat2-750x500.jpg 750w\" sizes=\"auto, (max-width: 270px) 100vw, 270px\" \/>\u00a0<img loading=\"lazy\" decoding=\"async\" class=\"alignnone wp-image-80280\" src=\"http:\/\/recettes-gourmandes-de-joce.fr\/wp-content\/uploads\/2024\/05\/tarte-chocolat1.jpg\" alt=\"\" width=\"270\" height=\"180\" srcset=\"http:\/\/recettes-gourmandes-de-joce.fr\/wp-content\/uploads\/2024\/05\/tarte-chocolat1.jpg 1024w, http:\/\/recettes-gourmandes-de-joce.fr\/wp-content\/uploads\/2024\/05\/tarte-chocolat1-768x512.jpg 768w, http:\/\/recettes-gourmandes-de-joce.fr\/wp-content\/uploads\/2024\/05\/tarte-chocolat1-750x500.jpg 750w\" sizes=\"auto, (max-width: 270px) 100vw, 270px\" \/>\u00a0<img loading=\"lazy\" decoding=\"async\" class=\"alignnone wp-image-80282\" src=\"http:\/\/recettes-gourmandes-de-joce.fr\/wp-content\/uploads\/2024\/05\/tarte-chocolat3.jpg\" alt=\"\" width=\"275\" height=\"180\" srcset=\"http:\/\/recettes-gourmandes-de-joce.fr\/wp-content\/uploads\/2024\/05\/tarte-chocolat3.jpg 1024w, http:\/\/recettes-gourmandes-de-joce.fr\/wp-content\/uploads\/2024\/05\/tarte-chocolat3-768x503.jpg 768w, http:\/\/recettes-gourmandes-de-joce.fr\/wp-content\/uploads\/2024\/05\/tarte-chocolat3-750x491.jpg 750w\" sizes=\"auto, (max-width: 275px) 100vw, 275px\" \/><\/p>\n<p style=\"text-align: center;\"><span style=\"font-family: georgia, palatino, serif; font-size: 18pt;\"><em><span style=\"color: #800000;\"><span style=\"text-decoration: underline;\">Ingr\u00e9dients pour 12 tartelettes ou une tarte de 28 cm<\/span><\/span><\/em><\/span><\/p>\n<p style=\"text-align: center;\"><img loading=\"lazy\" decoding=\"async\" class=\"alignnone wp-image-80283\" src=\"http:\/\/recettes-gourmandes-de-joce.fr\/wp-content\/uploads\/2024\/05\/tarte-chocolat4.jpg\" alt=\"\" width=\"383\" height=\"200\" srcset=\"http:\/\/recettes-gourmandes-de-joce.fr\/wp-content\/uploads\/2024\/05\/tarte-chocolat4.jpg 1024w, http:\/\/recettes-gourmandes-de-joce.fr\/wp-content\/uploads\/2024\/05\/tarte-chocolat4-768x401.jpg 768w, http:\/\/recettes-gourmandes-de-joce.fr\/wp-content\/uploads\/2024\/05\/tarte-chocolat4-750x392.jpg 750w\" sizes=\"auto, (max-width: 383px) 100vw, 383px\" \/> <img loading=\"lazy\" decoding=\"async\" class=\"alignnone wp-image-14634\" src=\"http:\/\/recettes-gourmandes-de-joce.fr\/wp-content\/uploads\/2020\/01\/P1130034-1-300x225.jpg\" alt=\"\" width=\"267\" height=\"200\" srcset=\"http:\/\/recettes-gourmandes-de-joce.fr\/wp-content\/uploads\/2020\/01\/P1130034-1-300x225.jpg 300w, http:\/\/recettes-gourmandes-de-joce.fr\/wp-content\/uploads\/2020\/01\/P1130034-1.jpg 550w\" sizes=\"auto, (max-width: 267px) 100vw, 267px\" \/><\/p>\n<p style=\"text-align: center;\"><span style=\"font-family: georgia, palatino, serif; font-size: 14pt;\"><em><span style=\"color: #800000;\">\u00a01 \u0153uf<\/span><\/em><\/span><\/p>\n<p style=\"text-align: center;\"><span style=\"font-family: georgia, palatino, serif; font-size: 14pt;\"><em><span style=\"color: #800000;\">1 sachet de sucre vanill\u00e9<\/span><\/em><\/span><\/p>\n<p style=\"text-align: center;\"><span style=\"font-family: georgia, palatino, serif; font-size: 14pt;\"><em><span style=\"color: #800000;\">250 g de farine<\/span><\/em><\/span><\/p>\n<p style=\"text-align: center;\"><span style=\"font-family: georgia, palatino, serif; font-size: 14pt;\"><em><span style=\"color: #800000;\">125 g de sucre<\/span><\/em><\/span><\/p>\n<p style=\"text-align: center;\"><span style=\"font-family: georgia, palatino, serif; font-size: 14pt;\"><em><span style=\"color: #800000;\">125 g de beurre <\/span><\/em><\/span><\/p>\n<p style=\"text-align: center;\"><span style=\"font-family: georgia, palatino, serif; font-size: 14pt;\"><em><span style=\"color: #800000;\"><u>Pour la garniture<\/u><\/span><\/em><\/span><\/p>\n<p style=\"text-align: center;\"><span style=\"font-family: georgia, palatino, serif; font-size: 14pt;\"><em><span style=\"color: #800000;\">200 g de chocolat noir<\/span><\/em><\/span><\/p>\n<p style=\"text-align: center;\"><span style=\"font-family: georgia, palatino, serif; font-size: 14pt;\"><em><span style=\"color: #800000;\">200 g ou 20 cl de cr\u00e8me semi \u00e9paisse<\/span><\/em><\/span><\/p>\n<p style=\"text-align: center;\"><span style=\"font-family: georgia, palatino, serif; font-size: 14pt;\"><em><span style=\"color: #800000;\">25 g de beurre<\/span><\/em><\/span><\/p>\n<p style=\"text-align: center;\"><span style=\"font-family: georgia, palatino, serif; font-size: 14pt;\"><em><span style=\"color: #800000;\">2 c \u00e0 s de pralin<\/span><\/em><\/span><\/p>\n<p style=\"text-align: center;\"><span style=\"font-family: georgia, palatino, serif; font-size: 14pt;\"><em><span style=\"color: #800000;\">Fleurs en sucre Recette de la p\u00e2te sabl\u00e9e sur ce lien -&gt; <a href=\"http:\/\/recettes-gourmandes-de-joce.fr\/index.php\/index\/desserts\/pates-cremes-glacages\/pate-sablee\/\">P\u00e2te Sabl\u00e9e<\/a><\/span><\/em><\/span><\/p>\n<p style=\"text-align: center;\"><span style=\"font-family: georgia, palatino, serif; font-size: 14pt;\"><em><span style=\"color: #800000;\">\u00a0 \u00a0<\/span><span style=\"color: #800000;\"> <img loading=\"lazy\" decoding=\"async\" class=\"alignnone wp-image-80284\" src=\"http:\/\/recettes-gourmandes-de-joce.fr\/wp-content\/uploads\/2024\/05\/tarte-chocolat14.jpg\" alt=\"\" width=\"247\" height=\"165\" srcset=\"http:\/\/recettes-gourmandes-de-joce.fr\/wp-content\/uploads\/2024\/05\/tarte-chocolat14.jpg 1024w, http:\/\/recettes-gourmandes-de-joce.fr\/wp-content\/uploads\/2024\/05\/tarte-chocolat14-768x512.jpg 768w, http:\/\/recettes-gourmandes-de-joce.fr\/wp-content\/uploads\/2024\/05\/tarte-chocolat14-750x500.jpg 750w\" sizes=\"auto, (max-width: 247px) 100vw, 247px\" \/> <img loading=\"lazy\" decoding=\"async\" class=\"alignnone wp-image-14625\" src=\"http:\/\/recettes-gourmandes-de-joce.fr\/wp-content\/uploads\/2020\/01\/P1130058-300x225.jpg\" alt=\"\" width=\"220\" height=\"165\" srcset=\"http:\/\/recettes-gourmandes-de-joce.fr\/wp-content\/uploads\/2020\/01\/P1130058-300x225.jpg 300w, http:\/\/recettes-gourmandes-de-joce.fr\/wp-content\/uploads\/2020\/01\/P1130058.jpg 550w\" sizes=\"auto, (max-width: 220px) 100vw, 220px\" \/> <img loading=\"lazy\" decoding=\"async\" class=\"alignnone wp-image-80285\" src=\"http:\/\/recettes-gourmandes-de-joce.fr\/wp-content\/uploads\/2024\/05\/tarte-chocolat16.jpg\" alt=\"\" width=\"247\" height=\"165\" srcset=\"http:\/\/recettes-gourmandes-de-joce.fr\/wp-content\/uploads\/2024\/05\/tarte-chocolat16.jpg 1024w, http:\/\/recettes-gourmandes-de-joce.fr\/wp-content\/uploads\/2024\/05\/tarte-chocolat16-768x512.jpg 768w, http:\/\/recettes-gourmandes-de-joce.fr\/wp-content\/uploads\/2024\/05\/tarte-chocolat16-750x500.jpg 750w\" sizes=\"auto, (max-width: 247px) 100vw, 247px\" \/><\/span><\/em><\/span><\/p>\n<p style=\"text-align: center;\"><span style=\"font-family: georgia, palatino, serif; font-size: 14pt;\"><em><span style=\"color: #800000;\">Apr\u00e8s l&rsquo;ajout de l&rsquo;\u0153uf, ajouter le pralin, bien m\u00e9langer, mettre en boule. Couvrir d&rsquo;un papier alu ou un film alimentaire et entreposer au frais au moins 1h. Au bout d&rsquo;une heure, \u00e9taler la p\u00e2te sur 5 mm d&rsquo;\u00e9paisseur environ et d\u00e9taillez l\u00e0 en 12 cercles pour faire de mini tartelette ou de la taille de votre moule \u00e0 tarte pour une grande tarte.<\/span><\/em><\/span><\/p>\n<p style=\"text-align: center;\"><img loading=\"lazy\" decoding=\"async\" class=\"alignnone wp-image-80286\" src=\"http:\/\/recettes-gourmandes-de-joce.fr\/wp-content\/uploads\/2024\/05\/tarte-chocolat17.jpg\" alt=\"\" width=\"247\" height=\"165\" srcset=\"http:\/\/recettes-gourmandes-de-joce.fr\/wp-content\/uploads\/2024\/05\/tarte-chocolat17.jpg 1024w, http:\/\/recettes-gourmandes-de-joce.fr\/wp-content\/uploads\/2024\/05\/tarte-chocolat17-768x512.jpg 768w, http:\/\/recettes-gourmandes-de-joce.fr\/wp-content\/uploads\/2024\/05\/tarte-chocolat17-750x500.jpg 750w\" sizes=\"auto, (max-width: 247px) 100vw, 247px\" \/> <img loading=\"lazy\" decoding=\"async\" class=\"alignnone wp-image-80287\" src=\"http:\/\/recettes-gourmandes-de-joce.fr\/wp-content\/uploads\/2024\/05\/tarte-chocolat18.jpg\" alt=\"\" width=\"247\" height=\"165\" srcset=\"http:\/\/recettes-gourmandes-de-joce.fr\/wp-content\/uploads\/2024\/05\/tarte-chocolat18.jpg 1024w, http:\/\/recettes-gourmandes-de-joce.fr\/wp-content\/uploads\/2024\/05\/tarte-chocolat18-768x512.jpg 768w, http:\/\/recettes-gourmandes-de-joce.fr\/wp-content\/uploads\/2024\/05\/tarte-chocolat18-750x500.jpg 750w\" sizes=\"auto, (max-width: 247px) 100vw, 247px\" \/> <img loading=\"lazy\" decoding=\"async\" class=\"alignnone wp-image-80288\" src=\"http:\/\/recettes-gourmandes-de-joce.fr\/wp-content\/uploads\/2024\/05\/tarte-chocolat19.jpg\" alt=\"\" width=\"247\" height=\"165\" srcset=\"http:\/\/recettes-gourmandes-de-joce.fr\/wp-content\/uploads\/2024\/05\/tarte-chocolat19.jpg 1024w, http:\/\/recettes-gourmandes-de-joce.fr\/wp-content\/uploads\/2024\/05\/tarte-chocolat19-768x512.jpg 768w, http:\/\/recettes-gourmandes-de-joce.fr\/wp-content\/uploads\/2024\/05\/tarte-chocolat19-750x500.jpg 750w\" sizes=\"auto, (max-width: 247px) 100vw, 247px\" \/><\/p>\n<p style=\"text-align: center;\"><span style=\"font-family: georgia, palatino, serif; font-size: 14pt;\"><em><span style=\"color: #800000;\">D\u00e9poser la p\u00e2te dans les moules et enfourner \u00e0 200\u00b0\u00a0 environ 20 minutes selon les fours, surveilles la coloration qui doit \u00eatre une fois cuite blonde. Pendant la cuisson des fonds de tarte, mettre dans la casserole la cr\u00e8me \u00e0 chauffer.<\/span><\/em><\/span><\/p>\n<p style=\"text-align: center;\"><img loading=\"lazy\" decoding=\"async\" class=\"alignnone wp-image-80289\" src=\"http:\/\/recettes-gourmandes-de-joce.fr\/wp-content\/uploads\/2024\/05\/tarte-chocolat20.jpg\" alt=\"\" width=\"247\" height=\"165\" srcset=\"http:\/\/recettes-gourmandes-de-joce.fr\/wp-content\/uploads\/2024\/05\/tarte-chocolat20.jpg 1024w, http:\/\/recettes-gourmandes-de-joce.fr\/wp-content\/uploads\/2024\/05\/tarte-chocolat20-768x512.jpg 768w, http:\/\/recettes-gourmandes-de-joce.fr\/wp-content\/uploads\/2024\/05\/tarte-chocolat20-750x500.jpg 750w\" sizes=\"auto, (max-width: 247px) 100vw, 247px\" \/> <img loading=\"lazy\" decoding=\"async\" class=\"alignnone wp-image-80290\" src=\"http:\/\/recettes-gourmandes-de-joce.fr\/wp-content\/uploads\/2024\/05\/tarte-chocolat21.jpg\" alt=\"\" width=\"247\" height=\"165\" srcset=\"http:\/\/recettes-gourmandes-de-joce.fr\/wp-content\/uploads\/2024\/05\/tarte-chocolat21.jpg 1024w, http:\/\/recettes-gourmandes-de-joce.fr\/wp-content\/uploads\/2024\/05\/tarte-chocolat21-768x512.jpg 768w, http:\/\/recettes-gourmandes-de-joce.fr\/wp-content\/uploads\/2024\/05\/tarte-chocolat21-750x500.jpg 750w\" sizes=\"auto, (max-width: 247px) 100vw, 247px\" \/> <img loading=\"lazy\" decoding=\"async\" class=\"alignnone wp-image-80291\" src=\"http:\/\/recettes-gourmandes-de-joce.fr\/wp-content\/uploads\/2024\/05\/tarte-chocolat22.jpg\" alt=\"\" width=\"247\" height=\"165\" srcset=\"http:\/\/recettes-gourmandes-de-joce.fr\/wp-content\/uploads\/2024\/05\/tarte-chocolat22.jpg 1024w, http:\/\/recettes-gourmandes-de-joce.fr\/wp-content\/uploads\/2024\/05\/tarte-chocolat22-768x512.jpg 768w, http:\/\/recettes-gourmandes-de-joce.fr\/wp-content\/uploads\/2024\/05\/tarte-chocolat22-750x500.jpg 750w\" sizes=\"auto, (max-width: 247px) 100vw, 247px\" \/><\/p>\n<p style=\"text-align: center;\"><span style=\"font-family: georgia, palatino, serif; font-size: 14pt;\"><em><span style=\"color: #800000;\">Couper le chocolat en petits morceaux et j&rsquo;ajouter en dans la cr\u00e8me d\u00e9s qu&rsquo;elle monte \u00e0 \u00e9bullition.<\/span><\/em><\/span><\/p>\n<p style=\"text-align: center;\"><img loading=\"lazy\" decoding=\"async\" class=\"alignnone wp-image-80292\" src=\"http:\/\/recettes-gourmandes-de-joce.fr\/wp-content\/uploads\/2024\/05\/tarte-chocolat23.jpg\" alt=\"\" width=\"247\" height=\"165\" srcset=\"http:\/\/recettes-gourmandes-de-joce.fr\/wp-content\/uploads\/2024\/05\/tarte-chocolat23.jpg 1024w, http:\/\/recettes-gourmandes-de-joce.fr\/wp-content\/uploads\/2024\/05\/tarte-chocolat23-768x512.jpg 768w, http:\/\/recettes-gourmandes-de-joce.fr\/wp-content\/uploads\/2024\/05\/tarte-chocolat23-750x500.jpg 750w\" sizes=\"auto, (max-width: 247px) 100vw, 247px\" \/> <img loading=\"lazy\" decoding=\"async\" class=\"alignnone wp-image-80293\" src=\"http:\/\/recettes-gourmandes-de-joce.fr\/wp-content\/uploads\/2024\/05\/tarte-chocolat24.jpg\" alt=\"\" width=\"247\" height=\"165\" srcset=\"http:\/\/recettes-gourmandes-de-joce.fr\/wp-content\/uploads\/2024\/05\/tarte-chocolat24.jpg 1024w, http:\/\/recettes-gourmandes-de-joce.fr\/wp-content\/uploads\/2024\/05\/tarte-chocolat24-768x512.jpg 768w, http:\/\/recettes-gourmandes-de-joce.fr\/wp-content\/uploads\/2024\/05\/tarte-chocolat24-750x500.jpg 750w\" sizes=\"auto, (max-width: 247px) 100vw, 247px\" \/><\/p>\n<p style=\"text-align: center;\"><span style=\"font-family: georgia, palatino, serif; font-size: 14pt;\"><em><span style=\"color: #800000;\">\u00d4ter la casserole du feu bien m\u00e9langer le chocolat, d\u00e9s qu&rsquo;il est fondu ajouter le beurre coup\u00e9 en d\u00e9s, m\u00e9langer et r\u00e9partir dans vos fonds de tarte refroidis, laisser refroidir et d\u00e9corer de petites fleurs en sucre.<\/span><\/em><\/span><\/p>\n<p style=\"text-align: center;\"><span style=\"font-family: georgia, palatino, serif; font-size: 14pt;\"><em><span style=\"color: #800000;\">Bonne d\u00e9gustation!<\/span><\/em><\/span><\/p>\n<p style=\"text-align: center;\"><img loading=\"lazy\" decoding=\"async\" class=\"alignnone wp-image-80295\" src=\"http:\/\/recettes-gourmandes-de-joce.fr\/wp-content\/uploads\/2024\/05\/tarte-chocolat26.jpg\" alt=\"\" width=\"270\" height=\"180\" srcset=\"http:\/\/recettes-gourmandes-de-joce.fr\/wp-content\/uploads\/2024\/05\/tarte-chocolat26.jpg 1024w, http:\/\/recettes-gourmandes-de-joce.fr\/wp-content\/uploads\/2024\/05\/tarte-chocolat26-768x512.jpg 768w, http:\/\/recettes-gourmandes-de-joce.fr\/wp-content\/uploads\/2024\/05\/tarte-chocolat26-750x500.jpg 750w\" sizes=\"auto, (max-width: 270px) 100vw, 270px\" \/><\/p>\n<p style=\"text-align: center;\"><img loading=\"lazy\" decoding=\"async\" class=\"alignnone wp-image-80294\" src=\"http:\/\/recettes-gourmandes-de-joce.fr\/wp-content\/uploads\/2024\/05\/tarte-chocolat25.jpg\" alt=\"\" width=\"270\" height=\"180\" srcset=\"http:\/\/recettes-gourmandes-de-joce.fr\/wp-content\/uploads\/2024\/05\/tarte-chocolat25.jpg 1024w, http:\/\/recettes-gourmandes-de-joce.fr\/wp-content\/uploads\/2024\/05\/tarte-chocolat25-768x512.jpg 768w, http:\/\/recettes-gourmandes-de-joce.fr\/wp-content\/uploads\/2024\/05\/tarte-chocolat25-750x500.jpg 750w\" sizes=\"auto, (max-width: 270px) 100vw, 270px\" \/>\u00a0<img loading=\"lazy\" decoding=\"async\" class=\"alignnone wp-image-80296\" src=\"http:\/\/recettes-gourmandes-de-joce.fr\/wp-content\/uploads\/2024\/05\/tarte-chocolat27.jpg\" alt=\"\" width=\"207\" height=\"180\" srcset=\"http:\/\/recettes-gourmandes-de-joce.fr\/wp-content\/uploads\/2024\/05\/tarte-chocolat27.jpg 1024w, http:\/\/recettes-gourmandes-de-joce.fr\/wp-content\/uploads\/2024\/05\/tarte-chocolat27-768x668.jpg 768w, http:\/\/recettes-gourmandes-de-joce.fr\/wp-content\/uploads\/2024\/05\/tarte-chocolat27-750x653.jpg 750w\" sizes=\"auto, (max-width: 207px) 100vw, 207px\" \/><\/p>\n<p style=\"text-align: center;\"><span style=\"font-family: georgia, palatino, serif;\"><em><img loading=\"lazy\" decoding=\"async\" class=\"alignnone wp-image-44943 size-full\" src=\"http:\/\/recettes-gourmandes-de-joce.fr\/wp-content\/uploads\/2022\/05\/logitech-gaming-software-14112014-121223.jpg\" alt=\"\" width=\"640\" height=\"144\" srcset=\"http:\/\/recettes-gourmandes-de-joce.fr\/wp-content\/uploads\/2022\/05\/logitech-gaming-software-14112014-121223.jpg 640w, http:\/\/recettes-gourmandes-de-joce.fr\/wp-content\/uploads\/2022\/05\/logitech-gaming-software-14112014-121223-300x68.jpg 300w\" sizes=\"auto, (max-width: 640px) 100vw, 640px\" \/><\/em><\/span><\/p>\n","protected":false},"excerpt":{"rendered":"<p>D&rsquo;apr\u00e8s une recette du Net \u00a0\u00a0 Ingr\u00e9dients pour 12 tartelettes ou une tarte de 28 cm \u00a01 \u0153uf 1 sachet de sucre vanill\u00e9 250 g de farine 125 g de sucre 125 g de beurre Pour la garniture 200 g de chocolat noir 200 g ou 20 cl de cr\u00e8me semi \u00e9paisse 25 g de &hellip; <\/p>\n<p><a class=\"more-link btn\" href=\"http:\/\/recettes-gourmandes-de-joce.fr\/index.php\/index\/desserts\/tartes-et-tartelettes-sucrees\/tarte-ou-tartelettes-au-chocolat-pate-sablee-au-pralin\/\">Lire la suite<\/a><\/p>\n","protected":false},"author":2,"featured_media":80294,"parent":47531,"menu_order":0,"comment_status":"open","ping_status":"closed","template":"","meta":{"footnotes":""},"class_list":["post-15824","page","type-page","status-publish","has-post-thumbnail","hentry","nodate","item-wrap"],"_links":{"self":[{"href":"http:\/\/recettes-gourmandes-de-joce.fr\/index.php\/wp-json\/wp\/v2\/pages\/15824","targetHints":{"allow":["GET"]}}],"collection":[{"href":"http:\/\/recettes-gourmandes-de-joce.fr\/index.php\/wp-json\/wp\/v2\/pages"}],"about":[{"href":"http:\/\/recettes-gourmandes-de-joce.fr\/index.php\/wp-json\/wp\/v2\/types\/page"}],"author":[{"embeddable":true,"href":"http:\/\/recettes-gourmandes-de-joce.fr\/index.php\/wp-json\/wp\/v2\/users\/2"}],"replies":[{"embeddable":true,"href":"http:\/\/recettes-gourmandes-de-joce.fr\/index.php\/wp-json\/wp\/v2\/comments?post=15824"}],"version-history":[{"count":5,"href":"http:\/\/recettes-gourmandes-de-joce.fr\/index.php\/wp-json\/wp\/v2\/pages\/15824\/revisions"}],"predecessor-version":[{"id":80441,"href":"http:\/\/recettes-gourmandes-de-joce.fr\/index.php\/wp-json\/wp\/v2\/pages\/15824\/revisions\/80441"}],"up":[{"embeddable":true,"href":"http:\/\/recettes-gourmandes-de-joce.fr\/index.php\/wp-json\/wp\/v2\/pages\/47531"}],"wp:featuredmedia":[{"embeddable":true,"href":"http:\/\/recettes-gourmandes-de-joce.fr\/index.php\/wp-json\/wp\/v2\/media\/80294"}],"wp:attachment":[{"href":"http:\/\/recettes-gourmandes-de-joce.fr\/index.php\/wp-json\/wp\/v2\/media?parent=15824"}],"curies":[{"name":"wp","href":"https:\/\/api.w.org\/{rel}","templated":true}]}}