{"id":15791,"date":"2020-01-16T19:51:21","date_gmt":"2020-01-16T19:51:21","guid":{"rendered":"http:\/\/recettes-gourmandes-de-joce.fr\/?page_id=15791"},"modified":"2024-07-04T12:25:09","modified_gmt":"2024-07-04T12:25:09","slug":"sauce-a-loseille-et-aux-champignons","status":"publish","type":"page","link":"http:\/\/recettes-gourmandes-de-joce.fr\/index.php\/index\/sauces-assaisonnements\/sauces-chaudes\/sauce-a-loseille-et-aux-champignons\/","title":{"rendered":"Sauce \u00e0 l&rsquo;oseille et aux champignons."},"content":{"rendered":"<p style=\"text-align: center;\"><span style=\"font-family: georgia, serif; color: #808000;\"><span style=\"text-decoration: underline;\"><span style=\"font-size: x-large;\"><em>Une de mes recettes<\/em><\/span><\/span><\/span><\/p>\n<p style=\"text-align: center;\"><span style=\"color: #808000;\">\u00a0<img loading=\"lazy\" decoding=\"async\" class=\"alignnone wp-image-15771\" src=\"http:\/\/recettes-gourmandes-de-joce.fr\/wp-content\/uploads\/2020\/01\/P5250986-150x150.jpg\" alt=\"\" width=\"240\" height=\"180\" srcset=\"http:\/\/recettes-gourmandes-de-joce.fr\/wp-content\/uploads\/2020\/01\/P5250986-300x225.jpg 300w, http:\/\/recettes-gourmandes-de-joce.fr\/wp-content\/uploads\/2020\/01\/P5250986.jpg 640w\" sizes=\"auto, (max-width: 240px) 100vw, 240px\" \/>\u00a0<img loading=\"lazy\" decoding=\"async\" class=\"alignnone wp-image-15770\" src=\"http:\/\/recettes-gourmandes-de-joce.fr\/wp-content\/uploads\/2020\/01\/P5250985-150x150.jpg\" alt=\"\" width=\"240\" height=\"180\" srcset=\"http:\/\/recettes-gourmandes-de-joce.fr\/wp-content\/uploads\/2020\/01\/P5250985-300x225.jpg 300w, http:\/\/recettes-gourmandes-de-joce.fr\/wp-content\/uploads\/2020\/01\/P5250985.jpg 640w\" sizes=\"auto, (max-width: 240px) 100vw, 240px\" \/> <img loading=\"lazy\" decoding=\"async\" class=\"alignnone wp-image-15772\" src=\"http:\/\/recettes-gourmandes-de-joce.fr\/wp-content\/uploads\/2020\/01\/P5250987-2-150x150.jpg\" alt=\"\" width=\"225\" height=\"180\" srcset=\"http:\/\/recettes-gourmandes-de-joce.fr\/wp-content\/uploads\/2020\/01\/P5250987-2-300x240.jpg 300w, http:\/\/recettes-gourmandes-de-joce.fr\/wp-content\/uploads\/2020\/01\/P5250987-2.jpg 640w\" sizes=\"auto, (max-width: 225px) 100vw, 225px\" \/><\/span><\/p>\n<p style=\"text-align: center;\"><span style=\"font-family: georgia, serif; color: #808000;\"><span style=\"text-decoration: underline;\"><span style=\"font-size: x-large;\"><em>Ingr\u00e9dients pour 2 personnes<\/em><\/span><\/span><\/span><\/p>\n<p style=\"text-align: center;\"><span style=\"color: #808000;\"><img loading=\"lazy\" decoding=\"async\" class=\"alignnone wp-image-15780\" src=\"http:\/\/recettes-gourmandes-de-joce.fr\/wp-content\/uploads\/2020\/01\/P5250966-150x150.jpg\" alt=\"\" width=\"254\" height=\"180\" srcset=\"http:\/\/recettes-gourmandes-de-joce.fr\/wp-content\/uploads\/2020\/01\/P5250966-300x213.jpg 300w, http:\/\/recettes-gourmandes-de-joce.fr\/wp-content\/uploads\/2020\/01\/P5250966.jpg 640w\" sizes=\"auto, (max-width: 254px) 100vw, 254px\" \/><\/span><\/p>\n<p style=\"text-align: center;\"><span style=\"font-family: georgia, serif; color: #808000;\"><span style=\"font-size: large;\"><em>1 petit bouquet d&rsquo;oseille<\/em><\/span><\/span><\/p>\n<p style=\"text-align: center;\"><span style=\"font-family: georgia, serif; color: #808000;\"><span style=\"font-size: large;\"><em>1 \u00e9chalote<\/em><\/span><\/span><\/p>\n<p style=\"text-align: center;\"><span style=\"font-family: georgia, serif; color: #808000;\"><span style=\"font-size: large;\"><em>3\u00a0champignons de Paris frais<\/em><\/span><\/span><\/p>\n<p style=\"text-align: center;\"><span style=\"font-family: georgia, serif; color: #808000;\"><span style=\"font-size: large;\"><em>1 bonne c \u00e0 s de fond de veau<\/em><\/span><\/span><\/p>\n<p style=\"text-align: center;\"><span style=\"font-family: georgia, serif; color: #808000;\"><span style=\"font-size: large;\"><em>2 c \u00e0 s de cr\u00e8me fra\u00eeche<\/em><\/span><\/span><\/p>\n<p style=\"text-align: center;\"><span style=\"font-family: georgia, serif; color: #808000;\"><span style=\"font-size: large;\"><em>125 ml d&rsquo;eau<\/em><\/span><\/span><\/p>\n<p style=\"text-align: center;\"><span style=\"font-family: georgia, serif; color: #808000;\"><span style=\"font-size: large;\"><em>1 pinc\u00e9e de piment d&rsquo;Espelette<\/em><\/span><\/span><\/p>\n<p style=\"text-align: center;\"><span style=\"font-family: georgia, serif; color: #808000;\"><span style=\"font-size: large;\"><em>1 morceaux de beurre<\/em><\/span><\/span><\/p>\n<p style=\"text-align: center;\"><span style=\"color: #808000;\"><img loading=\"lazy\" decoding=\"async\" class=\"alignnone wp-image-15781\" src=\"http:\/\/recettes-gourmandes-de-joce.fr\/wp-content\/uploads\/2020\/01\/P5250968-2-150x150.jpg\" alt=\"\" width=\"211\" height=\"160\" srcset=\"http:\/\/recettes-gourmandes-de-joce.fr\/wp-content\/uploads\/2020\/01\/P5250968-2-300x228.jpg 300w, http:\/\/recettes-gourmandes-de-joce.fr\/wp-content\/uploads\/2020\/01\/P5250968-2.jpg 640w\" sizes=\"auto, (max-width: 211px) 100vw, 211px\" \/> <img loading=\"lazy\" decoding=\"async\" class=\"alignnone wp-image-15782\" src=\"http:\/\/recettes-gourmandes-de-joce.fr\/wp-content\/uploads\/2020\/01\/P5250972-2-150x150.jpg\" alt=\"\" width=\"179\" height=\"160\" srcset=\"http:\/\/recettes-gourmandes-de-joce.fr\/wp-content\/uploads\/2020\/01\/P5250972-2-300x269.jpg 300w, http:\/\/recettes-gourmandes-de-joce.fr\/wp-content\/uploads\/2020\/01\/P5250972-2.jpg 640w\" sizes=\"auto, (max-width: 179px) 100vw, 179px\" \/> <img loading=\"lazy\" decoding=\"async\" class=\"alignnone wp-image-15783\" src=\"http:\/\/recettes-gourmandes-de-joce.fr\/wp-content\/uploads\/2020\/01\/P5250973-2-150x150.jpg\" alt=\"\" width=\"219\" height=\"160\" srcset=\"http:\/\/recettes-gourmandes-de-joce.fr\/wp-content\/uploads\/2020\/01\/P5250973-2-300x219.jpg 300w, http:\/\/recettes-gourmandes-de-joce.fr\/wp-content\/uploads\/2020\/01\/P5250973-2.jpg 640w\" sizes=\"auto, (max-width: 219px) 100vw, 219px\" \/><\/span><\/p>\n<p style=\"text-align: center;\"><span style=\"font-family: georgia, serif; color: #808000;\"><span style=\"font-size: large;\"><em>Laver et \u00e9queuter les feuilles d&rsquo;oseille, la ciseler, peler et hacher l&rsquo;\u00e9chalote, nettoyer et couper les champignons en petits d\u00e9s. Dans une po\u00eale mettre un morceau de beurre \u00e0 fondre, y faire suer les \u00e9chalotes, les saler l\u00e9g\u00e8rement.<\/em><\/span><\/span><\/p>\n<p style=\"text-align: center;\"><span style=\"color: #808000;\"><img loading=\"lazy\" decoding=\"async\" class=\"alignnone wp-image-15784\" src=\"http:\/\/recettes-gourmandes-de-joce.fr\/wp-content\/uploads\/2020\/01\/P5250974-2-150x150.jpg\" alt=\"\" width=\"195\" height=\"160\" srcset=\"http:\/\/recettes-gourmandes-de-joce.fr\/wp-content\/uploads\/2020\/01\/P5250974-2-300x247.jpg 300w, http:\/\/recettes-gourmandes-de-joce.fr\/wp-content\/uploads\/2020\/01\/P5250974-2.jpg 640w\" sizes=\"auto, (max-width: 195px) 100vw, 195px\" \/> <img loading=\"lazy\" decoding=\"async\" class=\"alignnone wp-image-15785\" src=\"http:\/\/recettes-gourmandes-de-joce.fr\/wp-content\/uploads\/2020\/01\/P5250976-2-150x150.jpg\" alt=\"\" width=\"208\" height=\"160\" srcset=\"http:\/\/recettes-gourmandes-de-joce.fr\/wp-content\/uploads\/2020\/01\/P5250976-2-300x231.jpg 300w, http:\/\/recettes-gourmandes-de-joce.fr\/wp-content\/uploads\/2020\/01\/P5250976-2.jpg 640w\" sizes=\"auto, (max-width: 208px) 100vw, 208px\" \/> <img loading=\"lazy\" decoding=\"async\" class=\"alignnone wp-image-15786\" src=\"http:\/\/recettes-gourmandes-de-joce.fr\/wp-content\/uploads\/2020\/01\/P5250977-2-150x150.jpg\" alt=\"\" width=\"204\" height=\"160\" srcset=\"http:\/\/recettes-gourmandes-de-joce.fr\/wp-content\/uploads\/2020\/01\/P5250977-2-300x236.jpg 300w, http:\/\/recettes-gourmandes-de-joce.fr\/wp-content\/uploads\/2020\/01\/P5250977-2.jpg 640w\" sizes=\"auto, (max-width: 204px) 100vw, 204px\" \/><\/span><\/p>\n<p style=\"text-align: center;\"><span style=\"font-family: georgia, serif; color: #808000;\"><span style=\"font-size: large;\"><em>Lorsqu&rsquo;elles changent de couleur ajouter les champignons, saler et ajouter le piment d&rsquo; Espelette, laisser mijoter quelques minutes, ajouter ensuite l&rsquo;oseille et m\u00e9langer, lorsque l&rsquo;oseille a r\u00e9duit, ajouter le fond de veau, m\u00e9langer.<\/em><\/span><\/span><\/p>\n<p style=\"text-align: center;\"><span style=\"color: #808000;\"><img loading=\"lazy\" decoding=\"async\" class=\"alignnone wp-image-15787\" src=\"http:\/\/recettes-gourmandes-de-joce.fr\/wp-content\/uploads\/2020\/01\/P5250978-2-150x150.jpg\" alt=\"\" width=\"198\" height=\"160\" srcset=\"http:\/\/recettes-gourmandes-de-joce.fr\/wp-content\/uploads\/2020\/01\/P5250978-2-300x242.jpg 300w, http:\/\/recettes-gourmandes-de-joce.fr\/wp-content\/uploads\/2020\/01\/P5250978-2.jpg 640w\" sizes=\"auto, (max-width: 198px) 100vw, 198px\" \/> <img loading=\"lazy\" decoding=\"async\" class=\"alignnone wp-image-15788\" src=\"http:\/\/recettes-gourmandes-de-joce.fr\/wp-content\/uploads\/2020\/01\/P5250980-2-150x150.jpg\" alt=\"\" width=\"209\" height=\"160\" srcset=\"http:\/\/recettes-gourmandes-de-joce.fr\/wp-content\/uploads\/2020\/01\/P5250980-2-300x229.jpg 300w, http:\/\/recettes-gourmandes-de-joce.fr\/wp-content\/uploads\/2020\/01\/P5250980-2.jpg 640w\" sizes=\"auto, (max-width: 209px) 100vw, 209px\" \/> <img loading=\"lazy\" decoding=\"async\" class=\"alignnone wp-image-15769\" src=\"http:\/\/recettes-gourmandes-de-joce.fr\/wp-content\/uploads\/2020\/01\/P5250981-2-150x150.jpg\" alt=\"\" width=\"213\" height=\"160\" srcset=\"http:\/\/recettes-gourmandes-de-joce.fr\/wp-content\/uploads\/2020\/01\/P5250981-2-300x225.jpg 300w, http:\/\/recettes-gourmandes-de-joce.fr\/wp-content\/uploads\/2020\/01\/P5250981-2.jpg 640w\" sizes=\"auto, (max-width: 213px) 100vw, 213px\" \/><\/span><\/p>\n<p style=\"text-align: center;\"><span style=\"font-family: georgia, serif; color: #808000;\"><span style=\"font-size: large;\"><em>Verser l&rsquo;eau, m\u00e9langer \u00e0 nouveau et ajouter la cr\u00e8me fra\u00eeche, rectifier l&rsquo;assaisonnement , votre sauce est pr\u00eate.<\/em><\/span><\/span><\/p>\n<p style=\"text-align: center;\"><span style=\"font-family: georgia, serif; color: #808000;\"><span style=\"font-size: large;\"><em>Accompagne tr\u00e8s bien les grillades!<\/em><\/span><\/span><\/p>\n<p style=\"text-align: center;\"><span style=\"font-family: georgia, serif; color: #808000;\"><span style=\"font-size: large;\"><em><span style=\"font-size: large;\"><em>Bon app\u00e9tit!<\/em><\/span><\/em><\/span><\/span><\/p>\n<p style=\"text-align: center;\"><span style=\"font-family: 'book antiqua', palatino; color: #808000; font-size: large;\"><em>\u00a0<img loading=\"lazy\" decoding=\"async\" class=\"alignnone wp-image-15773\" src=\"http:\/\/recettes-gourmandes-de-joce.fr\/wp-content\/uploads\/2020\/01\/P5250989-2-150x150.jpg\" alt=\"\" width=\"221\" height=\"180\" srcset=\"http:\/\/recettes-gourmandes-de-joce.fr\/wp-content\/uploads\/2020\/01\/P5250989-2-300x245.jpg 300w, http:\/\/recettes-gourmandes-de-joce.fr\/wp-content\/uploads\/2020\/01\/P5250989-2.jpg 640w\" sizes=\"auto, (max-width: 221px) 100vw, 221px\" \/> <img loading=\"lazy\" decoding=\"async\" class=\"alignnone wp-image-15770\" src=\"http:\/\/recettes-gourmandes-de-joce.fr\/wp-content\/uploads\/2020\/01\/P5250985-150x150.jpg\" alt=\"\" width=\"240\" height=\"180\" srcset=\"http:\/\/recettes-gourmandes-de-joce.fr\/wp-content\/uploads\/2020\/01\/P5250985-300x225.jpg 300w, http:\/\/recettes-gourmandes-de-joce.fr\/wp-content\/uploads\/2020\/01\/P5250985.jpg 640w\" sizes=\"auto, (max-width: 240px) 100vw, 240px\" \/> <img loading=\"lazy\" decoding=\"async\" class=\"alignnone wp-image-15771\" src=\"http:\/\/recettes-gourmandes-de-joce.fr\/wp-content\/uploads\/2020\/01\/P5250986-150x150.jpg\" alt=\"\" width=\"240\" height=\"180\" srcset=\"http:\/\/recettes-gourmandes-de-joce.fr\/wp-content\/uploads\/2020\/01\/P5250986-300x225.jpg 300w, http:\/\/recettes-gourmandes-de-joce.fr\/wp-content\/uploads\/2020\/01\/P5250986.jpg 640w\" sizes=\"auto, (max-width: 240px) 100vw, 240px\" \/><\/em><\/span><\/p>\n<p style=\"text-align: center;\"><img loading=\"lazy\" decoding=\"async\" class=\"alignnone size-full wp-image-59803\" src=\"http:\/\/recettes-gourmandes-de-joce.fr\/wp-content\/uploads\/2024\/01\/logitech-gaming-software-14112014-121223.jpg\" alt=\"\" width=\"640\" height=\"144\" \/><\/p>\n","protected":false},"excerpt":{"rendered":"<p>Une de mes recettes \u00a0\u00a0 Ingr\u00e9dients pour 2 personnes 1 petit bouquet d&rsquo;oseille 1 \u00e9chalote 3\u00a0champignons de Paris frais 1 bonne c \u00e0 s de fond de veau 2 c \u00e0 s de cr\u00e8me fra\u00eeche 125 ml d&rsquo;eau 1 pinc\u00e9e de piment d&rsquo;Espelette 1 morceaux de beurre Laver et \u00e9queuter les feuilles d&rsquo;oseille, la ciseler, &hellip; <\/p>\n<p><a class=\"more-link btn\" href=\"http:\/\/recettes-gourmandes-de-joce.fr\/index.php\/index\/sauces-assaisonnements\/sauces-chaudes\/sauce-a-loseille-et-aux-champignons\/\">Lire la suite<\/a><\/p>\n","protected":false},"author":2,"featured_media":86660,"parent":215,"menu_order":0,"comment_status":"open","ping_status":"closed","template":"","meta":{"footnotes":""},"class_list":["post-15791","page","type-page","status-publish","has-post-thumbnail","hentry","nodate","item-wrap"],"_links":{"self":[{"href":"http:\/\/recettes-gourmandes-de-joce.fr\/index.php\/wp-json\/wp\/v2\/pages\/15791","targetHints":{"allow":["GET"]}}],"collection":[{"href":"http:\/\/recettes-gourmandes-de-joce.fr\/index.php\/wp-json\/wp\/v2\/pages"}],"about":[{"href":"http:\/\/recettes-gourmandes-de-joce.fr\/index.php\/wp-json\/wp\/v2\/types\/page"}],"author":[{"embeddable":true,"href":"http:\/\/recettes-gourmandes-de-joce.fr\/index.php\/wp-json\/wp\/v2\/users\/2"}],"replies":[{"embeddable":true,"href":"http:\/\/recettes-gourmandes-de-joce.fr\/index.php\/wp-json\/wp\/v2\/comments?post=15791"}],"version-history":[{"count":5,"href":"http:\/\/recettes-gourmandes-de-joce.fr\/index.php\/wp-json\/wp\/v2\/pages\/15791\/revisions"}],"predecessor-version":[{"id":86661,"href":"http:\/\/recettes-gourmandes-de-joce.fr\/index.php\/wp-json\/wp\/v2\/pages\/15791\/revisions\/86661"}],"up":[{"embeddable":true,"href":"http:\/\/recettes-gourmandes-de-joce.fr\/index.php\/wp-json\/wp\/v2\/pages\/215"}],"wp:featuredmedia":[{"embeddable":true,"href":"http:\/\/recettes-gourmandes-de-joce.fr\/index.php\/wp-json\/wp\/v2\/media\/86660"}],"wp:attachment":[{"href":"http:\/\/recettes-gourmandes-de-joce.fr\/index.php\/wp-json\/wp\/v2\/media?parent=15791"}],"curies":[{"name":"wp","href":"https:\/\/api.w.org\/{rel}","templated":true}]}}