{"id":15764,"date":"2020-01-16T19:27:30","date_gmt":"2020-01-16T19:27:30","guid":{"rendered":"http:\/\/recettes-gourmandes-de-joce.fr\/?page_id=15764"},"modified":"2024-06-29T14:59:28","modified_gmt":"2024-06-29T14:59:28","slug":"haddock-aux-deux-choux-sauce-cremee-a-la-ciboulette","status":"publish","type":"page","link":"http:\/\/recettes-gourmandes-de-joce.fr\/index.php\/index\/poissons-coquillages\/filets-paves\/haddock-aux-deux-choux-sauce-cremee-a-la-ciboulette\/","title":{"rendered":"Haddock aux deux choux, sauce cr\u00e9m\u00e9e \u00e0 la ciboulette."},"content":{"rendered":"<p style=\"text-align: center;\"><span style=\"font-family: georgia, serif; color: #008000;\"><span style=\"text-decoration: underline;\"><em><span style=\"font-size: 12pt;\"><span style=\"font-size: x-large;\">Une de mes recettes<\/span><\/span><\/em><\/span><\/span><\/p>\n<p style=\"text-align: center;\"><span style=\"font-family: georgia,serif;\"><span style=\"color: #008000; text-decoration: underline;\"><em><span style=\"font-size: 12pt;\"><span style=\"font-size: x-large; text-decoration: underline;\"><img loading=\"lazy\" decoding=\"async\" class=\"alignnone wp-image-15759\" src=\"http:\/\/recettes-gourmandes-de-joce.fr\/wp-content\/uploads\/2020\/01\/haddock-aux-chou-fleur-et-brocolis-sauce-cr\u00e9m\u00e9e-19-150x150.jpg\" alt=\"\" width=\"249\" height=\"175\" srcset=\"http:\/\/recettes-gourmandes-de-joce.fr\/wp-content\/uploads\/2020\/01\/haddock-aux-chou-fleur-et-brocolis-sauce-cr\u00e9m\u00e9e-19-300x211.jpg 300w, http:\/\/recettes-gourmandes-de-joce.fr\/wp-content\/uploads\/2020\/01\/haddock-aux-chou-fleur-et-brocolis-sauce-cr\u00e9m\u00e9e-19.jpg 640w\" sizes=\"auto, (max-width: 249px) 100vw, 249px\" \/> <img loading=\"lazy\" decoding=\"async\" class=\"alignnone wp-image-15757\" src=\"http:\/\/recettes-gourmandes-de-joce.fr\/wp-content\/uploads\/2020\/01\/haddock-aux-chou-fleur-et-brocolis-sauce-cr\u00e9m\u00e9e-17-150x150.jpg\" alt=\"\" width=\"247\" height=\"175\" srcset=\"http:\/\/recettes-gourmandes-de-joce.fr\/wp-content\/uploads\/2020\/01\/haddock-aux-chou-fleur-et-brocolis-sauce-cr\u00e9m\u00e9e-17-300x212.jpg 300w, http:\/\/recettes-gourmandes-de-joce.fr\/wp-content\/uploads\/2020\/01\/haddock-aux-chou-fleur-et-brocolis-sauce-cr\u00e9m\u00e9e-17.jpg 640w\" sizes=\"auto, (max-width: 247px) 100vw, 247px\" \/> <img loading=\"lazy\" decoding=\"async\" class=\"alignnone wp-image-15751\" src=\"http:\/\/recettes-gourmandes-de-joce.fr\/wp-content\/uploads\/2020\/01\/haddock-aux-chou-fleur-et-brocolis-sauce-cr\u00e9m\u00e9e-2-150x150.jpg\" alt=\"\" width=\"233\" height=\"175\" srcset=\"http:\/\/recettes-gourmandes-de-joce.fr\/wp-content\/uploads\/2020\/01\/haddock-aux-chou-fleur-et-brocolis-sauce-cr\u00e9m\u00e9e-2-300x225.jpg 300w, http:\/\/recettes-gourmandes-de-joce.fr\/wp-content\/uploads\/2020\/01\/haddock-aux-chou-fleur-et-brocolis-sauce-cr\u00e9m\u00e9e-2.jpg 640w\" sizes=\"auto, (max-width: 233px) 100vw, 233px\" \/><\/span><\/span><\/em><\/span><\/span><\/p>\n<p style=\"text-align: center;\"><span style=\"font-family: georgia, serif; color: #008000;\"><span style=\"text-decoration: underline;\"><em><span style=\"font-size: 12pt;\"><span style=\"font-size: x-large;\">Ingr\u00e9dients pour 4 personnes<\/span><\/span><\/em><\/span><\/span><\/p>\n<p style=\"text-align: center;\"><img loading=\"lazy\" decoding=\"async\" class=\"alignnone wp-image-15761\" src=\"http:\/\/recettes-gourmandes-de-joce.fr\/wp-content\/uploads\/2020\/01\/haddock-aux-chou-fleur-et-brocolis-sauce-cr\u00e9m\u00e9e-21-150x150.jpg\" alt=\"\" width=\"264\" height=\"180\" srcset=\"http:\/\/recettes-gourmandes-de-joce.fr\/wp-content\/uploads\/2020\/01\/haddock-aux-chou-fleur-et-brocolis-sauce-cr\u00e9m\u00e9e-21-300x204.jpg 300w, http:\/\/recettes-gourmandes-de-joce.fr\/wp-content\/uploads\/2020\/01\/haddock-aux-chou-fleur-et-brocolis-sauce-cr\u00e9m\u00e9e-21.jpg 640w\" sizes=\"auto, (max-width: 264px) 100vw, 264px\" \/><\/p>\n<p style=\"text-align: center;\"><span style=\"font-family: georgia,serif;\"><span style=\"color: #008000; font-size: large;\"><em>4 filets de haddock<\/em><\/span><\/span><\/p>\n<p style=\"text-align: center;\"><span style=\"font-family: georgia,serif;\"><span style=\"color: #008000; font-size: large;\"><em>1 chou-fleur<\/em><\/span><\/span><\/p>\n<p style=\"text-align: center;\"><span style=\"font-family: georgia,serif;\"><span style=\"color: #008000; font-size: large;\"><em>1 t\u00eate de brocoli<\/em><\/span><\/span><\/p>\n<p style=\"text-align: center;\"><span style=\"font-family: georgia,serif;\"><span style=\"color: #008000; font-size: large;\"><em>1 morceau de Cantal<\/em><\/span><\/span><\/p>\n<p style=\"text-align: center;\"><span style=\"font-family: georgia,serif;\"><span style=\"color: #008000; font-size: large;\"><em>1 bouquet de ciboulette<\/em><\/span><\/span><\/p>\n<p style=\"text-align: center;\"><span style=\"font-family: georgia,serif;\"><span style=\"color: #008000; font-size: large;\"><em>150 g de cr\u00e8me fra\u00eeche \u00e9paisse<\/em><\/span><\/span><\/p>\n<p style=\"text-align: center;\"><span style=\"font-family: georgia,serif;\"><span style=\"color: #008000; font-size: large;\"><em>1 cube de bouillon de volaille<\/em><\/span><\/span><\/p>\n<p style=\"text-align: center;\"><span style=\"font-family: georgia,serif;\"><span style=\"color: #008000; font-size: large;\"><em>2 c \u00e0 s de fumet de poisson<\/em><\/span><\/span><\/p>\n<p style=\"text-align: center;\"><span style=\"font-family: georgia,serif;\"><span style=\"color: #008000; font-size: large;\"><em>50 g de beurre froid<\/em><\/span><\/span><\/p>\n<p style=\"text-align: center;\"><span style=\"font-family: georgia,serif;\"><span style=\"color: #008000; font-size: large;\"><em>2 feuilles de laurier<\/em><\/span><\/span><\/p>\n<p style=\"text-align: center;\"><span style=\"font-family: georgia,serif;\"><span style=\"color: #008000; font-size: large;\"><em>1 \u00e9chalote<\/em><\/span><\/span><\/p>\n<p style=\"text-align: center;\"><span style=\"font-family: georgia,serif;\"><span style=\"color: #008000; font-size: large;\"><em>Sel et poivre<\/em><\/span><\/span><\/p>\n<p style=\"text-align: center;\"><span style=\"font-family: georgia,serif;\"><span style=\"color: #008000; font-size: large;\"><em>Quelques baies roses<\/em><\/span><\/span><\/p>\n<p style=\"text-align: center;\"><img loading=\"lazy\" decoding=\"async\" class=\"alignnone wp-image-15753\" src=\"http:\/\/recettes-gourmandes-de-joce.fr\/wp-content\/uploads\/2020\/01\/haddock-aux-chou-fleur-et-brocolis-sauce-cr\u00e9m\u00e9e-8-150x150.jpg\" alt=\"\" width=\"222\" height=\"160\" srcset=\"http:\/\/recettes-gourmandes-de-joce.fr\/wp-content\/uploads\/2020\/01\/haddock-aux-chou-fleur-et-brocolis-sauce-cr\u00e9m\u00e9e-8-300x217.jpg 300w, http:\/\/recettes-gourmandes-de-joce.fr\/wp-content\/uploads\/2020\/01\/haddock-aux-chou-fleur-et-brocolis-sauce-cr\u00e9m\u00e9e-8.jpg 640w\" sizes=\"auto, (max-width: 222px) 100vw, 222px\" \/> <img loading=\"lazy\" decoding=\"async\" class=\"alignnone wp-image-15750\" src=\"http:\/\/recettes-gourmandes-de-joce.fr\/wp-content\/uploads\/2020\/01\/haddock-aux-chou-fleur-et-brocolis-sauce-cr\u00e9m\u00e9e-37-150x150.jpg\" alt=\"\" width=\"238\" height=\"160\" srcset=\"http:\/\/recettes-gourmandes-de-joce.fr\/wp-content\/uploads\/2020\/01\/haddock-aux-chou-fleur-et-brocolis-sauce-cr\u00e9m\u00e9e-37-300x202.jpg 300w, http:\/\/recettes-gourmandes-de-joce.fr\/wp-content\/uploads\/2020\/01\/haddock-aux-chou-fleur-et-brocolis-sauce-cr\u00e9m\u00e9e-37.jpg 640w\" sizes=\"auto, (max-width: 238px) 100vw, 238px\" \/> <img loading=\"lazy\" decoding=\"async\" class=\"alignnone wp-image-15752\" src=\"http:\/\/recettes-gourmandes-de-joce.fr\/wp-content\/uploads\/2020\/01\/haddock-aux-chou-fleur-et-brocolis-sauce-cr\u00e9m\u00e9e-7-150x150.jpg\" alt=\"\" width=\"205\" height=\"160\" srcset=\"http:\/\/recettes-gourmandes-de-joce.fr\/wp-content\/uploads\/2020\/01\/haddock-aux-chou-fleur-et-brocolis-sauce-cr\u00e9m\u00e9e-7-300x234.jpg 300w, http:\/\/recettes-gourmandes-de-joce.fr\/wp-content\/uploads\/2020\/01\/haddock-aux-chou-fleur-et-brocolis-sauce-cr\u00e9m\u00e9e-7.jpg 640w\" sizes=\"auto, (max-width: 205px) 100vw, 205px\" \/><\/p>\n<p style=\"text-align: center;\"><span style=\"font-family: georgia,serif;\"><em><span style=\"color: #808080; font-size: 12pt;\"><span style=\"color: #ff0000; font-size: x-large;\"><span style=\"color: #008000; font-size: large;\"><em>D\u00e9tailler les choux en petits bouquets, lavez l\u00e8s, (gardez les tiges pour la soupe plus tard, elles se cong\u00e8lent bien \ud83d\ude09 ), faire de gros copeaux de Cantal, laver et ciseler finement la ciboulette, peler et \u00e9mincer l&rsquo;\u00e9chalote. Mettre le haddock dans une cocotte, le recouvrir de lait et parsemer le des feuilles de laurier. <\/em><\/span><\/span><\/span><\/em><\/span><\/p>\n<p style=\"text-align: center;\"><img loading=\"lazy\" decoding=\"async\" class=\"alignnone wp-image-15754\" src=\"http:\/\/recettes-gourmandes-de-joce.fr\/wp-content\/uploads\/2020\/01\/haddock-aux-chou-fleur-et-brocolis-sauce-cr\u00e9m\u00e9e-9-150x150.jpg\" alt=\"\" width=\"206\" height=\"160\" srcset=\"http:\/\/recettes-gourmandes-de-joce.fr\/wp-content\/uploads\/2020\/01\/haddock-aux-chou-fleur-et-brocolis-sauce-cr\u00e9m\u00e9e-9-300x233.jpg 300w, http:\/\/recettes-gourmandes-de-joce.fr\/wp-content\/uploads\/2020\/01\/haddock-aux-chou-fleur-et-brocolis-sauce-cr\u00e9m\u00e9e-9.jpg 640w\" sizes=\"auto, (max-width: 206px) 100vw, 206px\" \/> <img loading=\"lazy\" decoding=\"async\" class=\"alignnone wp-image-15755\" src=\"http:\/\/recettes-gourmandes-de-joce.fr\/wp-content\/uploads\/2020\/01\/haddock-aux-chou-fleur-et-brocolis-sauce-cr\u00e9m\u00e9e-10-150x150.jpg\" alt=\"\" width=\"197\" height=\"160\" srcset=\"http:\/\/recettes-gourmandes-de-joce.fr\/wp-content\/uploads\/2020\/01\/haddock-aux-chou-fleur-et-brocolis-sauce-cr\u00e9m\u00e9e-10-300x244.jpg 300w, http:\/\/recettes-gourmandes-de-joce.fr\/wp-content\/uploads\/2020\/01\/haddock-aux-chou-fleur-et-brocolis-sauce-cr\u00e9m\u00e9e-10.jpg 640w\" sizes=\"auto, (max-width: 197px) 100vw, 197px\" \/><\/p>\n<p style=\"text-align: center;\"><span style=\"font-family: georgia,serif;\"><em><span style=\"color: #808080; font-size: 12pt;\"><span style=\"color: #ff0000; font-size: x-large;\"><span style=\"color: #008000; font-size: large;\"><em>Mettre \u00e0 chauffer, \u00e0 la premi\u00e8re \u00e9bullition baisser le feu et laisser fr\u00e9mir une vingtaine de minutes. Au bout de ce temps, go\u00fbter un petit morceau de haddock pour savoir si il est dessal\u00e9, au besoin changer le lait et remettez le 10 \u00e0 15 minutes \u00e0 fr\u00e9mir . Mettre les choux \u00e0 cuire dans un faitout d&rsquo;eau sal\u00e9e, ajouter le cube de bouillon de volaille<\/em><\/span><\/span><\/span><\/em><\/span><\/p>\n<p style=\"text-align: center;\"><img loading=\"lazy\" decoding=\"async\" class=\"alignnone wp-image-15749\" src=\"http:\/\/recettes-gourmandes-de-joce.fr\/wp-content\/uploads\/2020\/01\/haddock-aux-chou-fleur-et-brocolis-sauce-cr\u00e9m\u00e9e-28-150x150.jpg\" alt=\"\" width=\"209\" height=\"160\" srcset=\"http:\/\/recettes-gourmandes-de-joce.fr\/wp-content\/uploads\/2020\/01\/haddock-aux-chou-fleur-et-brocolis-sauce-cr\u00e9m\u00e9e-28-300x230.jpg 300w, http:\/\/recettes-gourmandes-de-joce.fr\/wp-content\/uploads\/2020\/01\/haddock-aux-chou-fleur-et-brocolis-sauce-cr\u00e9m\u00e9e-28.jpg 640w\" sizes=\"auto, (max-width: 209px) 100vw, 209px\" \/> <img loading=\"lazy\" decoding=\"async\" class=\"alignnone wp-image-15765\" src=\"http:\/\/recettes-gourmandes-de-joce.fr\/wp-content\/uploads\/2020\/01\/haddock-aux-chou-fleur-et-brocolis-sauce-cr\u00e9m\u00e9e-11-150x150.jpg\" alt=\"\" width=\"195\" height=\"160\" srcset=\"http:\/\/recettes-gourmandes-de-joce.fr\/wp-content\/uploads\/2020\/01\/haddock-aux-chou-fleur-et-brocolis-sauce-cr\u00e9m\u00e9e-11-300x246.jpg 300w, http:\/\/recettes-gourmandes-de-joce.fr\/wp-content\/uploads\/2020\/01\/haddock-aux-chou-fleur-et-brocolis-sauce-cr\u00e9m\u00e9e-11.jpg 640w\" sizes=\"auto, (max-width: 195px) 100vw, 195px\" \/> <img loading=\"lazy\" decoding=\"async\" class=\"alignnone wp-image-15747\" src=\"http:\/\/recettes-gourmandes-de-joce.fr\/wp-content\/uploads\/2020\/01\/haddock-aux-chou-fleur-et-brocolis-sauce-cr\u00e9m\u00e9e-26-150x150.jpg\" alt=\"\" width=\"213\" height=\"160\" srcset=\"http:\/\/recettes-gourmandes-de-joce.fr\/wp-content\/uploads\/2020\/01\/haddock-aux-chou-fleur-et-brocolis-sauce-cr\u00e9m\u00e9e-26-300x225.jpg 300w, http:\/\/recettes-gourmandes-de-joce.fr\/wp-content\/uploads\/2020\/01\/haddock-aux-chou-fleur-et-brocolis-sauce-cr\u00e9m\u00e9e-26.jpg 640w\" sizes=\"auto, (max-width: 213px) 100vw, 213px\" \/><\/p>\n<p style=\"text-align: center;\"><span style=\"font-family: georgia,serif;\"><em><span style=\"color: #808080; font-size: 12pt;\"><span style=\"color: #ff0000; font-size: x-large;\"><span style=\"color: #008000; font-size: large;\"><em>\u00a0Pr\u00e9lever une louche de lait, \u00e9goutter le haddock et r\u00e9server le au chaud. R\u00e9aliser la sauce en mettant le lait pr\u00e9lev\u00e9 dans une casserole, ajouter la ciboulette.<\/em><\/span><\/span><\/span><\/em><\/span><\/p>\n<p style=\"text-align: center;\"><img loading=\"lazy\" decoding=\"async\" class=\"alignnone wp-image-15746\" src=\"http:\/\/recettes-gourmandes-de-joce.fr\/wp-content\/uploads\/2020\/01\/haddock-aux-chou-fleur-et-brocolis-sauce-cr\u00e9m\u00e9e-25-150x150.jpg\" alt=\"\" width=\"197\" height=\"160\" srcset=\"http:\/\/recettes-gourmandes-de-joce.fr\/wp-content\/uploads\/2020\/01\/haddock-aux-chou-fleur-et-brocolis-sauce-cr\u00e9m\u00e9e-25-300x243.jpg 300w, http:\/\/recettes-gourmandes-de-joce.fr\/wp-content\/uploads\/2020\/01\/haddock-aux-chou-fleur-et-brocolis-sauce-cr\u00e9m\u00e9e-25.jpg 640w\" sizes=\"auto, (max-width: 197px) 100vw, 197px\" \/> <img loading=\"lazy\" decoding=\"async\" class=\"alignnone wp-image-15763\" src=\"http:\/\/recettes-gourmandes-de-joce.fr\/wp-content\/uploads\/2020\/01\/haddock-aux-chou-fleur-et-brocolis-sauce-cr\u00e9m\u00e9e-24-150x150.jpg\" alt=\"\" width=\"194\" height=\"160\" srcset=\"http:\/\/recettes-gourmandes-de-joce.fr\/wp-content\/uploads\/2020\/01\/haddock-aux-chou-fleur-et-brocolis-sauce-cr\u00e9m\u00e9e-24-300x247.jpg 300w, http:\/\/recettes-gourmandes-de-joce.fr\/wp-content\/uploads\/2020\/01\/haddock-aux-chou-fleur-et-brocolis-sauce-cr\u00e9m\u00e9e-24.jpg 640w\" sizes=\"auto, (max-width: 194px) 100vw, 194px\" \/> <img loading=\"lazy\" decoding=\"async\" class=\"alignnone wp-image-15762\" src=\"http:\/\/recettes-gourmandes-de-joce.fr\/wp-content\/uploads\/2020\/01\/haddock-aux-chou-fleur-et-brocolis-sauce-cr\u00e9m\u00e9e-23-150x150.jpg\" alt=\"\" width=\"188\" height=\"160\" srcset=\"http:\/\/recettes-gourmandes-de-joce.fr\/wp-content\/uploads\/2020\/01\/haddock-aux-chou-fleur-et-brocolis-sauce-cr\u00e9m\u00e9e-23-300x255.jpg 300w, http:\/\/recettes-gourmandes-de-joce.fr\/wp-content\/uploads\/2020\/01\/haddock-aux-chou-fleur-et-brocolis-sauce-cr\u00e9m\u00e9e-23.jpg 640w\" sizes=\"auto, (max-width: 188px) 100vw, 188px\" \/><\/p>\n<p style=\"text-align: center;\"><span style=\"font-family: georgia,serif;\"><em><span style=\"color: #808080; font-size: 12pt;\"><span style=\"color: #ff0000; font-size: x-large;\"><span style=\"color: #008000; font-size: large;\"><em>Ajouter le fumet de poisson et m\u00e9langer, laisser chauffer \u00e0 feu doux, ajouter la cr\u00e8me, poivrer et go\u00fbter avant de saler.<\/em><\/span><\/span><\/span><\/em><\/span><\/p>\n<p style=\"text-align: center;\"><img loading=\"lazy\" decoding=\"async\" class=\"alignnone wp-image-15748\" src=\"http:\/\/recettes-gourmandes-de-joce.fr\/wp-content\/uploads\/2020\/01\/haddock-aux-chou-fleur-et-brocolis-sauce-cr\u00e9m\u00e9e-27-150x150.jpg\" alt=\"\" width=\"191\" height=\"160\" srcset=\"http:\/\/recettes-gourmandes-de-joce.fr\/wp-content\/uploads\/2020\/01\/haddock-aux-chou-fleur-et-brocolis-sauce-cr\u00e9m\u00e9e-27-300x252.jpg 300w, http:\/\/recettes-gourmandes-de-joce.fr\/wp-content\/uploads\/2020\/01\/haddock-aux-chou-fleur-et-brocolis-sauce-cr\u00e9m\u00e9e-27.jpg 640w\" sizes=\"auto, (max-width: 191px) 100vw, 191px\" \/><\/p>\n<p style=\"text-align: center;\"><span style=\"font-family: georgia,serif;\"><em><span style=\"color: #808080; font-size: 12pt;\"><span style=\"color: #ff0000; font-size: x-large;\"><span style=\"color: #008000; font-size: large;\"><em>Ajouter le beurre bien froid coup\u00e9 en petits d\u00e9s, m\u00e9langer et r\u00e9serv\u00e9. \u00c9goutter les choux, dresser vos assiettes en disposant les bouquets de choux, le haddock effeuill\u00e9, parsemer de copeaux de Cantal et d&rsquo;\u00e9chalotes, ajouter quelques baies roses si vous avez et finir avec un cordon de sauce \u00e0 la ciboulette autour.<\/em><\/span><\/span><\/span><\/em><\/span><\/p>\n<p style=\"text-align: center;\"><span style=\"font-family: georgia,serif;\"><em><span style=\"color: #808080; font-size: 12pt;\"><span style=\"color: #ff0000; font-size: x-large;\"><span style=\"color: #008000; font-size: large;\"><em>Bon app\u00e9tit!<\/em><\/span><\/span><\/span><\/em><\/span><\/p>\n<p style=\"text-align: center;\"><img loading=\"lazy\" decoding=\"async\" class=\"alignnone wp-image-15758\" src=\"http:\/\/recettes-gourmandes-de-joce.fr\/wp-content\/uploads\/2020\/01\/haddock-aux-chou-fleur-et-brocolis-sauce-cr\u00e9m\u00e9e-18-150x150.jpg\" alt=\"\" width=\"240\" height=\"180\" srcset=\"http:\/\/recettes-gourmandes-de-joce.fr\/wp-content\/uploads\/2020\/01\/haddock-aux-chou-fleur-et-brocolis-sauce-cr\u00e9m\u00e9e-18-300x225.jpg 300w, http:\/\/recettes-gourmandes-de-joce.fr\/wp-content\/uploads\/2020\/01\/haddock-aux-chou-fleur-et-brocolis-sauce-cr\u00e9m\u00e9e-18.jpg 640w\" sizes=\"auto, (max-width: 240px) 100vw, 240px\" \/> <img loading=\"lazy\" decoding=\"async\" class=\"alignnone wp-image-15751\" src=\"http:\/\/recettes-gourmandes-de-joce.fr\/wp-content\/uploads\/2020\/01\/haddock-aux-chou-fleur-et-brocolis-sauce-cr\u00e9m\u00e9e-2-150x150.jpg\" alt=\"\" width=\"240\" height=\"180\" srcset=\"http:\/\/recettes-gourmandes-de-joce.fr\/wp-content\/uploads\/2020\/01\/haddock-aux-chou-fleur-et-brocolis-sauce-cr\u00e9m\u00e9e-2-300x225.jpg 300w, http:\/\/recettes-gourmandes-de-joce.fr\/wp-content\/uploads\/2020\/01\/haddock-aux-chou-fleur-et-brocolis-sauce-cr\u00e9m\u00e9e-2.jpg 640w\" sizes=\"auto, (max-width: 240px) 100vw, 240px\" \/> <img loading=\"lazy\" decoding=\"async\" class=\"alignnone wp-image-15756\" src=\"http:\/\/recettes-gourmandes-de-joce.fr\/wp-content\/uploads\/2020\/01\/haddock-aux-chou-fleur-et-brocolis-sauce-cr\u00e9m\u00e9e-15-150x150.jpg\" alt=\"\" width=\"240\" height=\"180\" srcset=\"http:\/\/recettes-gourmandes-de-joce.fr\/wp-content\/uploads\/2020\/01\/haddock-aux-chou-fleur-et-brocolis-sauce-cr\u00e9m\u00e9e-15-300x225.jpg 300w, http:\/\/recettes-gourmandes-de-joce.fr\/wp-content\/uploads\/2020\/01\/haddock-aux-chou-fleur-et-brocolis-sauce-cr\u00e9m\u00e9e-15.jpg 640w\" sizes=\"auto, (max-width: 240px) 100vw, 240px\" \/><\/p>\n<p style=\"text-align: center;\"><img loading=\"lazy\" decoding=\"async\" class=\"alignnone size-full wp-image-59803\" src=\"http:\/\/recettes-gourmandes-de-joce.fr\/wp-content\/uploads\/2024\/01\/logitech-gaming-software-14112014-121223.jpg\" alt=\"\" width=\"640\" height=\"144\" \/><\/p>\n<p>Commentaires\u00a0<small>(2)<\/small><\/p>\n<div class=\"items-container\">\n<div class=\"item item-comment media\">\n<p class=\"pull-left\"><img decoding=\"async\" class=\"media-object\" src=\"https:\/\/www.gravatar.com\/avatar\/00f2347bca92513b2896d638462287e3?d=http%3A%2F%2Frecettesgourmandesdejoce.e-monsite.com%2Fmedias%2Fstatic%2Fmanager%2Fim%2Favatar.png?s=50&amp;d=mm\" alt=\"lebon pequery fran\u00e7oise\" width=\"50\" \/><\/p>\n<div class=\"media-body\">\n<ul class=\"inline item-infos\">\n<li><span class=\"comment-number\">1.<\/span>\u00a0<span class=\"comment-author\">lebon pequery fran\u00e7oise\u00a0(<a rel=\"nofollow\">site web<\/a>)<\/span>\u00a0<span class=\"comment-date\">| 27\/02\/2013<\/span><\/li>\n<\/ul>\n<p class=\"comment-content\">Belle pr\u00e9sentation personnalis\u00e9e!<\/p>\n<div class=\"item item-comment media by-webmaster\">\n<p class=\"pull-left\"><img decoding=\"async\" class=\"media-object\" src=\"http:\/\/recettesgourmandesdejoce.e-monsite.com\/medias\/static\/manager\/im\/avatar.png?fx=c_50_50\" alt=\"jocelyne debon\" width=\"50\" \/><\/p>\n<div class=\"media-body\">\n<ul class=\"inline item-infos\">\n<li><span class=\"comment-author\">jocelyne debon\u00a0(<a rel=\"nofollow\">site web<\/a>)<\/span>\u00a0<span class=\"comment-date\">| 27\/02\/2013<\/span><\/li>\n<\/ul>\n<p class=\"comment-content\">Merciii<\/p>\n<p class=\"comment-content\">Amicalement Joce<\/p>\n<\/div>\n<\/div>\n<\/div>\n<\/div>\n<\/div>\n","protected":false},"excerpt":{"rendered":"<p>Une de mes recettes Ingr\u00e9dients pour 4 personnes 4 filets de haddock 1 chou-fleur 1 t\u00eate de brocoli 1 morceau de Cantal 1 bouquet de ciboulette 150 g de cr\u00e8me fra\u00eeche \u00e9paisse 1 cube de bouillon de volaille 2 c \u00e0 s de fumet de poisson 50 g de beurre froid 2 feuilles de laurier &hellip; <\/p>\n<p><a class=\"more-link btn\" href=\"http:\/\/recettes-gourmandes-de-joce.fr\/index.php\/index\/poissons-coquillages\/filets-paves\/haddock-aux-deux-choux-sauce-cremee-a-la-ciboulette\/\">Lire la suite<\/a><\/p>\n","protected":false},"author":2,"featured_media":85589,"parent":189,"menu_order":0,"comment_status":"open","ping_status":"closed","template":"","meta":{"footnotes":""},"class_list":["post-15764","page","type-page","status-publish","has-post-thumbnail","hentry","nodate","item-wrap"],"_links":{"self":[{"href":"http:\/\/recettes-gourmandes-de-joce.fr\/index.php\/wp-json\/wp\/v2\/pages\/15764","targetHints":{"allow":["GET"]}}],"collection":[{"href":"http:\/\/recettes-gourmandes-de-joce.fr\/index.php\/wp-json\/wp\/v2\/pages"}],"about":[{"href":"http:\/\/recettes-gourmandes-de-joce.fr\/index.php\/wp-json\/wp\/v2\/types\/page"}],"author":[{"embeddable":true,"href":"http:\/\/recettes-gourmandes-de-joce.fr\/index.php\/wp-json\/wp\/v2\/users\/2"}],"replies":[{"embeddable":true,"href":"http:\/\/recettes-gourmandes-de-joce.fr\/index.php\/wp-json\/wp\/v2\/comments?post=15764"}],"version-history":[{"count":6,"href":"http:\/\/recettes-gourmandes-de-joce.fr\/index.php\/wp-json\/wp\/v2\/pages\/15764\/revisions"}],"predecessor-version":[{"id":85590,"href":"http:\/\/recettes-gourmandes-de-joce.fr\/index.php\/wp-json\/wp\/v2\/pages\/15764\/revisions\/85590"}],"up":[{"embeddable":true,"href":"http:\/\/recettes-gourmandes-de-joce.fr\/index.php\/wp-json\/wp\/v2\/pages\/189"}],"wp:featuredmedia":[{"embeddable":true,"href":"http:\/\/recettes-gourmandes-de-joce.fr\/index.php\/wp-json\/wp\/v2\/media\/85589"}],"wp:attachment":[{"href":"http:\/\/recettes-gourmandes-de-joce.fr\/index.php\/wp-json\/wp\/v2\/media?parent=15764"}],"curies":[{"name":"wp","href":"https:\/\/api.w.org\/{rel}","templated":true}]}}