{"id":1575,"date":"2019-09-27T18:01:21","date_gmt":"2019-09-27T18:01:21","guid":{"rendered":"http:\/\/recettes-gourmandes-de-joce.fr\/?page_id=1575"},"modified":"2025-03-25T10:06:03","modified_gmt":"2025-03-25T10:06:03","slug":"steaks-de-cheval-et-pommes-de-terre-au-beurre-maitre-dhotel","status":"publish","type":"page","link":"http:\/\/recettes-gourmandes-de-joce.fr\/index.php\/index\/viandes\/cheval\/steaks-de-cheval-et-pommes-de-terre-au-beurre-maitre-dhotel\/","title":{"rendered":"Steaks de cheval au beurre Ma\u00eetre d&rsquo;h\u00f4tel, pommes de terre."},"content":{"rendered":"<p style=\"text-align: center;\"><em><span style=\"font-size: 24px;\"><span style=\"font-family: georgia,serif;\"><span style=\"color: #008000;\"><u>Une de mes recettes<\/u><\/span><\/span><\/span><\/em><\/p>\n<p style=\"text-align: center;\"><img loading=\"lazy\" decoding=\"async\" class=\"alignnone wp-image-79811\" src=\"http:\/\/recettes-gourmandes-de-joce.fr\/wp-content\/uploads\/2024\/05\/steak-cheval15.jpg\" alt=\"\" width=\"278\" height=\"180\" srcset=\"http:\/\/recettes-gourmandes-de-joce.fr\/wp-content\/uploads\/2024\/05\/steak-cheval15.jpg 798w, http:\/\/recettes-gourmandes-de-joce.fr\/wp-content\/uploads\/2024\/05\/steak-cheval15-768x497.jpg 768w, http:\/\/recettes-gourmandes-de-joce.fr\/wp-content\/uploads\/2024\/05\/steak-cheval15-750x485.jpg 750w\" sizes=\"auto, (max-width: 278px) 100vw, 278px\" \/>\u00a0<img loading=\"lazy\" decoding=\"async\" class=\"alignnone wp-image-79812\" src=\"http:\/\/recettes-gourmandes-de-joce.fr\/wp-content\/uploads\/2024\/05\/steak-cheval1.jpg\" alt=\"\" width=\"240\" height=\"180\" srcset=\"http:\/\/recettes-gourmandes-de-joce.fr\/wp-content\/uploads\/2024\/05\/steak-cheval1.jpg 800w, http:\/\/recettes-gourmandes-de-joce.fr\/wp-content\/uploads\/2024\/05\/steak-cheval1-768x576.jpg 768w, http:\/\/recettes-gourmandes-de-joce.fr\/wp-content\/uploads\/2024\/05\/steak-cheval1-750x563.jpg 750w\" sizes=\"auto, (max-width: 240px) 100vw, 240px\" \/><img loading=\"lazy\" decoding=\"async\" class=\"alignnone wp-image-79809\" src=\"http:\/\/recettes-gourmandes-de-joce.fr\/wp-content\/uploads\/2024\/05\/steak-cheval13.jpg\" alt=\"\" width=\"284\" height=\"180\" srcset=\"http:\/\/recettes-gourmandes-de-joce.fr\/wp-content\/uploads\/2024\/05\/steak-cheval13.jpg 785w, http:\/\/recettes-gourmandes-de-joce.fr\/wp-content\/uploads\/2024\/05\/steak-cheval13-768x486.jpg 768w, http:\/\/recettes-gourmandes-de-joce.fr\/wp-content\/uploads\/2024\/05\/steak-cheval13-750x475.jpg 750w\" sizes=\"auto, (max-width: 284px) 100vw, 284px\" \/><\/p>\n<p style=\"text-align: center;\"><span style=\"font-family: georgia,serif;\"><span style=\"color: #008000; font-size: x-large; text-decoration: underline;\"><em>Ingr\u00e9dients pour 3 personnes<\/em><\/span><\/span><\/p>\n<p style=\"text-align: center;\"><img loading=\"lazy\" decoding=\"async\" class=\"alignnone wp-image-79815\" src=\"http:\/\/recettes-gourmandes-de-joce.fr\/wp-content\/uploads\/2024\/05\/steak-cheval4.jpg\" alt=\"\" width=\"267\" height=\"200\" srcset=\"http:\/\/recettes-gourmandes-de-joce.fr\/wp-content\/uploads\/2024\/05\/steak-cheval4.jpg 800w, http:\/\/recettes-gourmandes-de-joce.fr\/wp-content\/uploads\/2024\/05\/steak-cheval4-768x576.jpg 768w, http:\/\/recettes-gourmandes-de-joce.fr\/wp-content\/uploads\/2024\/05\/steak-cheval4-750x563.jpg 750w\" sizes=\"auto, (max-width: 267px) 100vw, 267px\" \/><\/p>\n<p style=\"text-align: center;\"><span style=\"font-family: georgia, serif; font-size: 14pt;\"><span style=\"color: #008000;\"><em>3 steaks de cheval<\/em><\/span><\/span><\/p>\n<p style=\"text-align: center;\"><span style=\"font-family: georgia, serif; font-size: 14pt;\"><span style=\"color: #008000;\"><em>1kg de pommes de terre<\/em><\/span><\/span><\/p>\n<p style=\"text-align: center;\"><span style=\"font-family: georgia, serif; font-size: 14pt;\"><span style=\"color: #008000;\"><em>1 oignon<\/em><\/span><\/span><\/p>\n<p style=\"text-align: center;\"><span style=\"font-family: georgia, serif; font-size: 14pt;\"><span style=\"color: #008000;\"><em>\u00bd c \u00e0 c d&rsquo;\u00e9pices pour frites (Netto ou Inter)<\/em><\/span><\/span><\/p>\n<p style=\"text-align: center;\"><span style=\"font-family: georgia, serif; font-size: 14pt;\"><span style=\"color: #008000;\"><em>1 pinc\u00e9e de piment d&rsquo;Espelette<\/em><\/span><\/span><\/p>\n<p style=\"text-align: center;\"><span style=\"font-family: georgia, serif; font-size: 14pt;\"><span style=\"color: #008000;\"><em>125 g de beurre<\/em><\/span><\/span><\/p>\n<p style=\"text-align: center;\"><span style=\"font-family: georgia, serif; font-size: 14pt;\"><span style=\"color: #008000;\"><em>1 c \u00e0 s de persil plat cisel\u00e9<\/em><\/span><\/span><\/p>\n<p style=\"text-align: center;\"><span style=\"font-family: georgia, serif; font-size: 14pt;\"><span style=\"color: #008000;\"><em>Le jus d&rsquo;un demi citron (oubli\u00e9 sur la photo)<\/em><\/span><\/span><\/p>\n<p style=\"text-align: center;\"><span style=\"font-family: georgia, serif; font-size: 14pt;\"><span style=\"color: #008000;\"><em>Sel et poivre<\/em><\/span><\/span><\/p>\n<p style=\"text-align: center;\"><img loading=\"lazy\" decoding=\"async\" class=\"alignnone wp-image-76215\" src=\"http:\/\/recettes-gourmandes-de-joce.fr\/wp-content\/uploads\/2024\/05\/20191006_181702.jpg\" alt=\"\" width=\"227\" height=\"170\" srcset=\"http:\/\/recettes-gourmandes-de-joce.fr\/wp-content\/uploads\/2024\/05\/20191006_181702.jpg 800w, http:\/\/recettes-gourmandes-de-joce.fr\/wp-content\/uploads\/2024\/05\/20191006_181702-768x576.jpg 768w, http:\/\/recettes-gourmandes-de-joce.fr\/wp-content\/uploads\/2024\/05\/20191006_181702-750x563.jpg 750w\" sizes=\"auto, (max-width: 227px) 100vw, 227px\" \/> <img loading=\"lazy\" decoding=\"async\" class=\"alignnone wp-image-47787\" src=\"http:\/\/recettes-gourmandes-de-joce.fr\/wp-content\/uploads\/2022\/12\/P3150240-300x263.jpg\" alt=\"\" width=\"194\" height=\"170\" srcset=\"http:\/\/recettes-gourmandes-de-joce.fr\/wp-content\/uploads\/2022\/12\/P3150240-300x263.jpg 300w, http:\/\/recettes-gourmandes-de-joce.fr\/wp-content\/uploads\/2022\/12\/P3150240.jpg 492w\" sizes=\"auto, (max-width: 194px) 100vw, 194px\" \/> <img loading=\"lazy\" decoding=\"async\" class=\"alignnone wp-image-78298\" src=\"http:\/\/recettes-gourmandes-de-joce.fr\/wp-content\/uploads\/2024\/05\/beurre-012.jpg\" alt=\"\" width=\"224\" height=\"170\" \/><\/p>\n<p style=\"text-align: center;\"><em style=\"color: #008000; font-family: georgia, serif; font-size: 18.6667px;\"><em><em><em>Laver, \u00e9ponger et hacher grossi\u00e8rement le persil, presser le citron, coup\u00e9 le beurre en d\u00e9s.<\/em><\/em><\/em><\/em><\/p>\n<p style=\"text-align: center;\"><img loading=\"lazy\" decoding=\"async\" class=\"alignnone wp-image-79801\" src=\"http:\/\/recettes-gourmandes-de-joce.fr\/wp-content\/uploads\/2024\/05\/steak-cheval5.jpg\" alt=\"\" width=\"218\" height=\"170\" srcset=\"http:\/\/recettes-gourmandes-de-joce.fr\/wp-content\/uploads\/2024\/05\/steak-cheval5.jpg 771w, http:\/\/recettes-gourmandes-de-joce.fr\/wp-content\/uploads\/2024\/05\/steak-cheval5-768x598.jpg 768w, http:\/\/recettes-gourmandes-de-joce.fr\/wp-content\/uploads\/2024\/05\/steak-cheval5-750x584.jpg 750w\" sizes=\"auto, (max-width: 218px) 100vw, 218px\" \/> <img loading=\"lazy\" decoding=\"async\" class=\"alignnone wp-image-79802\" src=\"http:\/\/recettes-gourmandes-de-joce.fr\/wp-content\/uploads\/2024\/05\/steak-cheval6.jpg\" alt=\"\" width=\"227\" height=\"170\" srcset=\"http:\/\/recettes-gourmandes-de-joce.fr\/wp-content\/uploads\/2024\/05\/steak-cheval6.jpg 800w, http:\/\/recettes-gourmandes-de-joce.fr\/wp-content\/uploads\/2024\/05\/steak-cheval6-768x576.jpg 768w, http:\/\/recettes-gourmandes-de-joce.fr\/wp-content\/uploads\/2024\/05\/steak-cheval6-750x563.jpg 750w\" sizes=\"auto, (max-width: 227px) 100vw, 227px\" \/> <img loading=\"lazy\" decoding=\"async\" class=\"alignnone wp-image-79803\" src=\"http:\/\/recettes-gourmandes-de-joce.fr\/wp-content\/uploads\/2024\/05\/steak-cheval7.jpg\" alt=\"\" width=\"238\" height=\"170\" srcset=\"http:\/\/recettes-gourmandes-de-joce.fr\/wp-content\/uploads\/2024\/05\/steak-cheval7.jpg 800w, http:\/\/recettes-gourmandes-de-joce.fr\/wp-content\/uploads\/2024\/05\/steak-cheval7-768x549.jpg 768w, http:\/\/recettes-gourmandes-de-joce.fr\/wp-content\/uploads\/2024\/05\/steak-cheval7-750x536.jpg 750w\" sizes=\"auto, (max-width: 238px) 100vw, 238px\" \/><\/p>\n<p style=\"text-align: center;\"><span style=\"font-size: 14pt;\"><span style=\"font-family: georgia,serif;\"><span style=\"color: #008000;\"><em><em><em><em>Dans le bol du robot <\/em><\/em><\/em><\/em><\/span><\/span><\/span><em style=\"color: #008000; font-family: georgia, serif; font-size: 18.6667px;\"><em><em><em>mettre<\/em><\/em><\/em><\/em><em style=\"color: #008000; font-family: georgia, serif; font-size: 14pt;\"><em><em><em> le persil, le jus de citron, le beurre coup\u00e9 en d\u00e9s, saler et poivrer et mixer finement, r\u00e9server ensuite au r\u00e9frig\u00e9rateur. Mettre les pommes de terre \u00e0 cuire dans un faitout d&rsquo;eau sal\u00e9e.<\/em><\/em><\/em><\/em><\/p>\n<p style=\"text-align: center;\"><img loading=\"lazy\" decoding=\"async\" class=\"alignnone wp-image-79804\" src=\"http:\/\/recettes-gourmandes-de-joce.fr\/wp-content\/uploads\/2024\/05\/steak-cheval8.jpg\" alt=\"\" width=\"227\" height=\"170\" srcset=\"http:\/\/recettes-gourmandes-de-joce.fr\/wp-content\/uploads\/2024\/05\/steak-cheval8.jpg 800w, http:\/\/recettes-gourmandes-de-joce.fr\/wp-content\/uploads\/2024\/05\/steak-cheval8-768x576.jpg 768w, http:\/\/recettes-gourmandes-de-joce.fr\/wp-content\/uploads\/2024\/05\/steak-cheval8-750x563.jpg 750w\" sizes=\"auto, (max-width: 227px) 100vw, 227px\" \/> <img loading=\"lazy\" decoding=\"async\" class=\"alignnone wp-image-79805\" src=\"http:\/\/recettes-gourmandes-de-joce.fr\/wp-content\/uploads\/2024\/05\/steak-cheval9.jpg\" alt=\"\" width=\"256\" height=\"170\" srcset=\"http:\/\/recettes-gourmandes-de-joce.fr\/wp-content\/uploads\/2024\/05\/steak-cheval9.jpg 800w, http:\/\/recettes-gourmandes-de-joce.fr\/wp-content\/uploads\/2024\/05\/steak-cheval9-768x510.jpg 768w, http:\/\/recettes-gourmandes-de-joce.fr\/wp-content\/uploads\/2024\/05\/steak-cheval9-750x498.jpg 750w\" sizes=\"auto, (max-width: 256px) 100vw, 256px\" \/> <img loading=\"lazy\" decoding=\"async\" class=\"alignnone wp-image-79806\" src=\"http:\/\/recettes-gourmandes-de-joce.fr\/wp-content\/uploads\/2024\/05\/steak-cheval10.jpg\" alt=\"\" width=\"227\" height=\"170\" srcset=\"http:\/\/recettes-gourmandes-de-joce.fr\/wp-content\/uploads\/2024\/05\/steak-cheval10.jpg 800w, http:\/\/recettes-gourmandes-de-joce.fr\/wp-content\/uploads\/2024\/05\/steak-cheval10-768x576.jpg 768w, http:\/\/recettes-gourmandes-de-joce.fr\/wp-content\/uploads\/2024\/05\/steak-cheval10-750x563.jpg 750w\" sizes=\"auto, (max-width: 227px) 100vw, 227px\" \/><\/p>\n<p style=\"text-align: center;\"><span style=\"font-size: 14pt;\"><span style=\"font-family: georgia,serif;\"><span style=\"color: #008000;\"><em>Lorsque les pommes de terre sont cuites, les peler et les couper en rondelles. Dans une po\u00eale, mettre un peu de beurre Ma\u00eetre d&rsquo;h\u00f4tel et y faire dorer les pommes de terre en remuant r\u00e9guli\u00e8rement.<\/em><\/span><\/span><\/span><\/p>\n<p style=\"text-align: center;\"><img loading=\"lazy\" decoding=\"async\" class=\"alignnone wp-image-79807\" src=\"http:\/\/recettes-gourmandes-de-joce.fr\/wp-content\/uploads\/2024\/05\/steak-cheval11.jpg\" alt=\"\" width=\"227\" height=\"170\" srcset=\"http:\/\/recettes-gourmandes-de-joce.fr\/wp-content\/uploads\/2024\/05\/steak-cheval11.jpg 800w, http:\/\/recettes-gourmandes-de-joce.fr\/wp-content\/uploads\/2024\/05\/steak-cheval11-768x576.jpg 768w, http:\/\/recettes-gourmandes-de-joce.fr\/wp-content\/uploads\/2024\/05\/steak-cheval11-750x563.jpg 750w\" sizes=\"auto, (max-width: 227px) 100vw, 227px\" \/> <img loading=\"lazy\" decoding=\"async\" class=\"alignnone wp-image-20435\" src=\"http:\/\/recettes-gourmandes-de-joce.fr\/wp-content\/uploads\/2020\/04\/P9111473-300x239.jpg\" alt=\"\" width=\"213\" height=\"170\" srcset=\"http:\/\/recettes-gourmandes-de-joce.fr\/wp-content\/uploads\/2020\/04\/P9111473-300x239.jpg 300w, http:\/\/recettes-gourmandes-de-joce.fr\/wp-content\/uploads\/2020\/04\/P9111473.jpg 518w\" sizes=\"auto, (max-width: 213px) 100vw, 213px\" \/> <img loading=\"lazy\" decoding=\"async\" class=\"alignnone wp-image-79808\" src=\"http:\/\/recettes-gourmandes-de-joce.fr\/wp-content\/uploads\/2024\/05\/steak-cheval12.jpg\" alt=\"\" width=\"261\" height=\"170\" srcset=\"http:\/\/recettes-gourmandes-de-joce.fr\/wp-content\/uploads\/2024\/05\/steak-cheval12.jpg 800w, http:\/\/recettes-gourmandes-de-joce.fr\/wp-content\/uploads\/2024\/05\/steak-cheval12-768x500.jpg 768w, http:\/\/recettes-gourmandes-de-joce.fr\/wp-content\/uploads\/2024\/05\/steak-cheval12-750x488.jpg 750w\" sizes=\"auto, (max-width: 261px) 100vw, 261px\" \/><\/p>\n<p style=\"text-align: center;\"><span style=\"font-size: 14pt;\"><span style=\"font-family: georgia,serif;\"><span style=\"color: #008000;\"><em>Ajouter les oignons, les \u00e9pices et le piment d&rsquo;Espelette, saler et poivrer, m\u00e9langer, poursuivre la cuisson encore quelques minutes\u00a0et r\u00e9server au chaud. <\/em><\/span><\/span><\/span><\/p>\n<p style=\"text-align: center;\"><span style=\"font-size: 14pt;\"><span style=\"font-family: georgia,serif;\"><span style=\"color: #008000;\"><em>Mettre\u00a0du <\/em><\/span><span style=\"color: #008000;\"><em><em>beurre \u00e0 fondre dans une po\u00eale, lorsque le beurre devient couleur noisette, y cuire les steaks selon votre go\u00fbt saignants ou \u00e0 point. Servir\u00a0 avec une noix de beurre Ma\u00eetre d&rsquo;h\u00f4tel dessus et accompagn\u00e9s de<\/em><\/em><\/span><span style=\"color: #008000;\"><em><span style=\"color: #800000;\"><em> <span style=\"color: #008000;\">accompagn\u00e9s des pommes de terre.<\/span><\/em><\/span><\/em><\/span><\/span><\/span><\/p>\n<p style=\"text-align: center;\"><span style=\"font-size: 14pt;\"><span style=\"font-family: georgia,serif;\"><span style=\"color: #008000;\"><em><span style=\"color: #800000;\"><em><span style=\"color: #008000;\">Bon app\u00e9tit!<\/span><\/em><\/span><\/em><\/span><\/span><\/span><\/p>\n<p style=\"text-align: center;\"><img loading=\"lazy\" decoding=\"async\" class=\"alignnone wp-image-79809\" src=\"http:\/\/recettes-gourmandes-de-joce.fr\/wp-content\/uploads\/2024\/05\/steak-cheval13.jpg\" alt=\"\" width=\"284\" height=\"180\" srcset=\"http:\/\/recettes-gourmandes-de-joce.fr\/wp-content\/uploads\/2024\/05\/steak-cheval13.jpg 785w, http:\/\/recettes-gourmandes-de-joce.fr\/wp-content\/uploads\/2024\/05\/steak-cheval13-768x486.jpg 768w, http:\/\/recettes-gourmandes-de-joce.fr\/wp-content\/uploads\/2024\/05\/steak-cheval13-750x475.jpg 750w\" sizes=\"auto, (max-width: 284px) 100vw, 284px\" \/> <img loading=\"lazy\" decoding=\"async\" class=\"alignnone wp-image-79810\" src=\"http:\/\/recettes-gourmandes-de-joce.fr\/wp-content\/uploads\/2024\/05\/steak-cheval14.jpg\" alt=\"\" width=\"228\" height=\"170\" \/> <img loading=\"lazy\" decoding=\"async\" class=\"alignnone wp-image-79813\" src=\"http:\/\/recettes-gourmandes-de-joce.fr\/wp-content\/uploads\/2024\/05\/steak-cheval2.jpg\" alt=\"\" width=\"227\" height=\"170\" srcset=\"http:\/\/recettes-gourmandes-de-joce.fr\/wp-content\/uploads\/2024\/05\/steak-cheval2.jpg 800w, http:\/\/recettes-gourmandes-de-joce.fr\/wp-content\/uploads\/2024\/05\/steak-cheval2-768x576.jpg 768w, http:\/\/recettes-gourmandes-de-joce.fr\/wp-content\/uploads\/2024\/05\/steak-cheval2-750x563.jpg 750w\" sizes=\"auto, (max-width: 227px) 100vw, 227px\" \/><\/p>\n<p style=\"text-align: center;\"><img loading=\"lazy\" decoding=\"async\" class=\"alignnone size-full wp-image-59803\" src=\"http:\/\/recettes-gourmandes-de-joce.fr\/wp-content\/uploads\/2024\/01\/logitech-gaming-software-14112014-121223.jpg\" alt=\"\" width=\"640\" height=\"144\" \/><\/p>\n<p><span style=\"text-decoration: underline; color: #ff0000;\"><span style=\"font-family: georgia, palatino, serif; font-size: 14pt;\"><strong>Commentaires de l&rsquo;ancien site<\/strong><\/span><\/span><\/p>\n<h3>Commentaires\u00a0<small>(2)<\/small><\/h3>\n<div class=\"items-container\">\n<div class=\"item item-comment media\">\n<div class=\"pull-left\">\n<p>&nbsp;<\/p>\n<p><img decoding=\"async\" class=\"media-object\" src=\"https:\/\/www.gravatar.com\/avatar\/c9e01f9d6d03162a541f7c9b3245f735?d=https%3A%2F%2Fwww.recettes-gourmandes-de-joce.com%2Fmedias%2Fstatic%2Fmanager%2Fim%2Favatar.png?s=50&amp;d=mm\" alt=\"PRUDHOMME\" width=\"50\" \/><\/p>\n<\/div>\n<div class=\"media-body\">\n<ul class=\"inline item-infos\">\n<li><span class=\"comment-number\">1.<\/span>\u00a0<span class=\"comment-author\"><strong>PRUDHOMME<\/strong><\/span>\u00a0<span class=\"comment-date\">| 27\/10\/2014<\/span><\/li>\n<\/ul>\n<div class=\"comment-content\">Merci pour cette recette. Elle a \u00e9t\u00e9 appr\u00e9ci\u00e9e.<\/div>\n<div class=\"item item-comment media by-webmaster\">\n<div class=\"pull-left\">\n<p>&nbsp;<\/p>\n<\/div>\n<div class=\"media-body\">\n<ul class=\"inline item-infos\">\n<li><span class=\"comment-author\"><strong>jocelyne debon<\/strong>\u00a0(<a rel=\"nofollow\">site web<\/a>)<\/span>\u00a0<span class=\"comment-date\">| 27\/10\/2014<\/span><\/li>\n<\/ul>\n<div class=\"comment-content\">Bonjour, Merci pour ce commentaire et ravie que cette recette vous ait plu<\/div>\n<div class=\"comment-content\">Amicalement Joce<\/div>\n<\/div>\n<\/div>\n<\/div>\n<\/div>\n<\/div>\n","protected":false},"excerpt":{"rendered":"<p>Une de mes recettes \u00a0 Ingr\u00e9dients pour 3 personnes 3 steaks de cheval 1kg de pommes de terre 1 oignon \u00bd c \u00e0 c d&rsquo;\u00e9pices pour frites (Netto ou Inter) 1 pinc\u00e9e de piment d&rsquo;Espelette 125 g de beurre 1 c \u00e0 s de persil plat cisel\u00e9 Le jus d&rsquo;un demi citron (oubli\u00e9 sur la &hellip; <\/p>\n<p><a class=\"more-link btn\" href=\"http:\/\/recettes-gourmandes-de-joce.fr\/index.php\/index\/viandes\/cheval\/steaks-de-cheval-et-pommes-de-terre-au-beurre-maitre-dhotel\/\">Lire la suite<\/a><\/p>\n","protected":false},"author":2,"featured_media":79812,"parent":132,"menu_order":0,"comment_status":"open","ping_status":"closed","template":"","meta":{"footnotes":""},"class_list":["post-1575","page","type-page","status-publish","has-post-thumbnail","hentry","nodate","item-wrap"],"_links":{"self":[{"href":"http:\/\/recettes-gourmandes-de-joce.fr\/index.php\/wp-json\/wp\/v2\/pages\/1575","targetHints":{"allow":["GET"]}}],"collection":[{"href":"http:\/\/recettes-gourmandes-de-joce.fr\/index.php\/wp-json\/wp\/v2\/pages"}],"about":[{"href":"http:\/\/recettes-gourmandes-de-joce.fr\/index.php\/wp-json\/wp\/v2\/types\/page"}],"author":[{"embeddable":true,"href":"http:\/\/recettes-gourmandes-de-joce.fr\/index.php\/wp-json\/wp\/v2\/users\/2"}],"replies":[{"embeddable":true,"href":"http:\/\/recettes-gourmandes-de-joce.fr\/index.php\/wp-json\/wp\/v2\/comments?post=1575"}],"version-history":[{"count":6,"href":"http:\/\/recettes-gourmandes-de-joce.fr\/index.php\/wp-json\/wp\/v2\/pages\/1575\/revisions"}],"predecessor-version":[{"id":93770,"href":"http:\/\/recettes-gourmandes-de-joce.fr\/index.php\/wp-json\/wp\/v2\/pages\/1575\/revisions\/93770"}],"up":[{"embeddable":true,"href":"http:\/\/recettes-gourmandes-de-joce.fr\/index.php\/wp-json\/wp\/v2\/pages\/132"}],"wp:featuredmedia":[{"embeddable":true,"href":"http:\/\/recettes-gourmandes-de-joce.fr\/index.php\/wp-json\/wp\/v2\/media\/79812"}],"wp:attachment":[{"href":"http:\/\/recettes-gourmandes-de-joce.fr\/index.php\/wp-json\/wp\/v2\/media?parent=1575"}],"curies":[{"name":"wp","href":"https:\/\/api.w.org\/{rel}","templated":true}]}}