{"id":15560,"date":"2020-01-15T13:20:39","date_gmt":"2020-01-15T13:20:39","guid":{"rendered":"http:\/\/recettes-gourmandes-de-joce.fr\/?page_id=15560"},"modified":"2024-06-28T14:49:05","modified_gmt":"2024-06-28T14:49:05","slug":"beignets-de-crevettes-et-de-crabe","status":"publish","type":"page","link":"http:\/\/recettes-gourmandes-de-joce.fr\/index.php\/index\/poissons-coquillages\/coquillages-crustaces\/beignets-de-crevettes-et-de-crabe\/","title":{"rendered":"Beignets de crevettes et de crabe."},"content":{"rendered":"<p style=\"text-align: center;\"><span style=\"font-family: georgia, serif; color: #ff6600;\"><span style=\"text-decoration: underline;\"><span style=\"font-size: x-large;\"><em>Une de mes recettes<\/em><\/span><\/span><\/span><\/p>\n<p style=\"text-align: center;\"><span style=\"font-family: georgia, serif; color: #ff6600;\"> <span style=\"color: #ff6600;\"><em><span style=\"font-size: large;\"><span style=\"font-family: georgia,serif;\"><img loading=\"lazy\" decoding=\"async\" class=\"alignnone wp-image-23295\" src=\"http:\/\/recettes-gourmandes-de-joce.fr\/wp-content\/uploads\/2020\/07\/beignets_de_crevettes_et_de_crabe_010-150x150.jpg\" alt=\"\" width=\"273\" height=\"175\" srcset=\"http:\/\/recettes-gourmandes-de-joce.fr\/wp-content\/uploads\/2020\/07\/beignets_de_crevettes_et_de_crabe_010-300x193.jpg 300w, http:\/\/recettes-gourmandes-de-joce.fr\/wp-content\/uploads\/2020\/07\/beignets_de_crevettes_et_de_crabe_010.jpg 511w\" sizes=\"auto, (max-width: 273px) 100vw, 273px\" \/> <\/span><\/span><\/em><\/span><img loading=\"lazy\" decoding=\"async\" class=\"alignnone wp-image-15566\" src=\"http:\/\/recettes-gourmandes-de-joce.fr\/wp-content\/uploads\/2020\/01\/beignets_de_crevettes_et_de_crabe_012-150x150.jpg\" alt=\"\" width=\"234\" height=\"175\" srcset=\"http:\/\/recettes-gourmandes-de-joce.fr\/wp-content\/uploads\/2020\/01\/beignets_de_crevettes_et_de_crabe_012-300x225.jpg 300w, http:\/\/recettes-gourmandes-de-joce.fr\/wp-content\/uploads\/2020\/01\/beignets_de_crevettes_et_de_crabe_012.jpg 550w\" sizes=\"auto, (max-width: 234px) 100vw, 234px\" \/> <img loading=\"lazy\" decoding=\"async\" class=\"alignnone wp-image-15565\" src=\"http:\/\/recettes-gourmandes-de-joce.fr\/wp-content\/uploads\/2020\/01\/beignets_de_crevettes_et_de_crabe_010-150x150.jpg\" alt=\"\" width=\"234\" height=\"175\" srcset=\"http:\/\/recettes-gourmandes-de-joce.fr\/wp-content\/uploads\/2020\/01\/beignets_de_crevettes_et_de_crabe_010-300x225.jpg 300w, http:\/\/recettes-gourmandes-de-joce.fr\/wp-content\/uploads\/2020\/01\/beignets_de_crevettes_et_de_crabe_010.jpg 550w\" sizes=\"auto, (max-width: 234px) 100vw, 234px\" \/><\/span><\/p>\n<p style=\"text-align: center;\"><span style=\"font-family: georgia, serif; color: #ff6600;\"><span style=\"text-decoration: underline;\"><span style=\"font-size: x-large;\"><em>Ingr\u00e9dients 25 beignets environ<\/em><\/span><\/span><\/span><\/p>\n<p style=\"text-align: center;\"><span style=\"color: #ff6600;\"><img loading=\"lazy\" decoding=\"async\" class=\"alignnone wp-image-15567\" src=\"http:\/\/recettes-gourmandes-de-joce.fr\/wp-content\/uploads\/2020\/01\/beignets_de_crevettes_et_de_crabe_001-150x150.jpg\" alt=\"\" width=\"130\" height=\"230\" srcset=\"http:\/\/recettes-gourmandes-de-joce.fr\/wp-content\/uploads\/2020\/01\/beignets_de_crevettes_et_de_crabe_001-169x300.jpg 169w, http:\/\/recettes-gourmandes-de-joce.fr\/wp-content\/uploads\/2020\/01\/beignets_de_crevettes_et_de_crabe_001.jpg 294w\" sizes=\"auto, (max-width: 130px) 100vw, 130px\" \/><\/span><\/p>\n<p style=\"text-align: center;\"><span style=\"font-family: georgia, serif; color: #ff6600; font-size: 14pt;\"><em>2 \u0153ufs<\/em><\/span><\/p>\n<p style=\"text-align: center;\"><span style=\"font-family: georgia, serif; color: #ff6600; font-size: 14pt;\"><em>1 sachet de levure chimique<\/em><\/span><\/p>\n<p style=\"text-align: center;\"><span style=\"font-family: georgia, serif; color: #ff6600; font-size: 14pt;\"><em>175 g de farine<\/em><\/span><\/p>\n<p style=\"text-align: center;\"><span style=\"font-family: georgia, serif; color: #ff6600; font-size: 14pt;\"><em>125 g de fromage blanc<\/em><\/span><\/p>\n<p style=\"text-align: center;\"><span style=\"font-family: georgia, serif; color: #ff6600; font-size: 14pt;\"><em>10 g d&rsquo;huile d &lsquo;olive<\/em><\/span><\/p>\n<p style=\"text-align: center;\"><span style=\"font-family: georgia, serif; color: #ff6600; font-size: 14pt;\"><em>1 g de piment d&rsquo;Espelette<\/em><\/span><\/p>\n<p style=\"text-align: center;\"><span style=\"font-family: georgia, serif; color: #ff6600; font-size: 14pt;\"><em>100 g de crabe<\/em><\/span><\/p>\n<p style=\"text-align: center;\"><span style=\"font-family: georgia, serif; color: #ff6600; font-size: 14pt;\"><em>100 g de petites crevettes roses<\/em><\/span><\/p>\n<p style=\"text-align: center;\"><span style=\"font-family: georgia, serif; color: #ff6600; font-size: 14pt;\"><em>1 bouquet de persil<\/em><\/span><\/p>\n<p style=\"text-align: center;\"><span style=\"font-family: georgia, serif; color: #ff6600; font-size: 14pt;\"><em>1 bouquet de ciboulette<\/em><\/span><\/p>\n<p style=\"text-align: center;\"><span style=\"font-family: georgia, serif; color: #ff6600; font-size: 14pt;\"><em>Sel et poivre<\/em><\/span><\/p>\n<p style=\"text-align: center;\"><span style=\"font-family: georgia, serif; color: #ff6600; font-size: 14pt;\"><em>Huile pour la friture<\/em><\/span><\/p>\n<p style=\"text-align: center;\"><span style=\"color: #ff6600; font-size: 14pt;\"><img loading=\"lazy\" decoding=\"async\" class=\"alignnone wp-image-15568\" src=\"http:\/\/recettes-gourmandes-de-joce.fr\/wp-content\/uploads\/2020\/01\/beignets_de_crevettes_et_de_crabe_002-150x150.jpg\" alt=\"\" width=\"214\" height=\"160\" srcset=\"http:\/\/recettes-gourmandes-de-joce.fr\/wp-content\/uploads\/2020\/01\/beignets_de_crevettes_et_de_crabe_002-300x225.jpg 300w, http:\/\/recettes-gourmandes-de-joce.fr\/wp-content\/uploads\/2020\/01\/beignets_de_crevettes_et_de_crabe_002.jpg 550w\" sizes=\"auto, (max-width: 214px) 100vw, 214px\" \/> <img loading=\"lazy\" decoding=\"async\" class=\"alignnone wp-image-15569\" src=\"http:\/\/recettes-gourmandes-de-joce.fr\/wp-content\/uploads\/2020\/01\/beignets_de_crevettes_et_de_crabe_003-150x150.jpg\" alt=\"\" width=\"214\" height=\"160\" srcset=\"http:\/\/recettes-gourmandes-de-joce.fr\/wp-content\/uploads\/2020\/01\/beignets_de_crevettes_et_de_crabe_003-300x225.jpg 300w, http:\/\/recettes-gourmandes-de-joce.fr\/wp-content\/uploads\/2020\/01\/beignets_de_crevettes_et_de_crabe_003.jpg 550w\" sizes=\"auto, (max-width: 214px) 100vw, 214px\" \/> <img loading=\"lazy\" decoding=\"async\" class=\"alignnone wp-image-15570\" src=\"http:\/\/recettes-gourmandes-de-joce.fr\/wp-content\/uploads\/2020\/01\/beignets_de_crevettes_et_de_crabe_004-150x150.jpg\" alt=\"\" width=\"214\" height=\"160\" srcset=\"http:\/\/recettes-gourmandes-de-joce.fr\/wp-content\/uploads\/2020\/01\/beignets_de_crevettes_et_de_crabe_004-300x225.jpg 300w, http:\/\/recettes-gourmandes-de-joce.fr\/wp-content\/uploads\/2020\/01\/beignets_de_crevettes_et_de_crabe_004.jpg 550w\" sizes=\"auto, (max-width: 214px) 100vw, 214px\" \/><\/span><\/p>\n<p style=\"text-align: center;\"><span style=\"font-family: georgia, serif; color: #ff6600; font-size: 14pt;\"><em><span style=\"color: #ff6600; font-family: georgia, serif;\"><span style=\"font-size: 14pt;\">Battre les <\/span><span style=\"font-size: 18.6667px;\">\u0153ufs<\/span><span style=\"font-size: 14pt;\">\u00a0en omelette, ajouter la levure et m\u00e9langer . <\/span><\/span><\/em><em style=\"color: #ff6600; font-family: georgia, serif; font-size: 14pt;\">Ajouter le piment d&rsquo;Espelette. <\/em><\/span><\/p>\n<p style=\"text-align: center;\"><span style=\"color: #ff6600; font-size: 14pt;\"><img loading=\"lazy\" decoding=\"async\" class=\"alignnone wp-image-15561\" src=\"http:\/\/recettes-gourmandes-de-joce.fr\/wp-content\/uploads\/2020\/01\/beignets_de_crevettes_et_de_crabe_005-150x150.jpg\" alt=\"\" width=\"214\" height=\"160\" srcset=\"http:\/\/recettes-gourmandes-de-joce.fr\/wp-content\/uploads\/2020\/01\/beignets_de_crevettes_et_de_crabe_005-300x225.jpg 300w, http:\/\/recettes-gourmandes-de-joce.fr\/wp-content\/uploads\/2020\/01\/beignets_de_crevettes_et_de_crabe_005.jpg 550w\" sizes=\"auto, (max-width: 214px) 100vw, 214px\" \/> <img loading=\"lazy\" decoding=\"async\" class=\"alignnone wp-image-15562\" src=\"http:\/\/recettes-gourmandes-de-joce.fr\/wp-content\/uploads\/2020\/01\/beignets_de_crevettes_et_de_crabe_006-150x150.jpg\" alt=\"\" width=\"214\" height=\"160\" srcset=\"http:\/\/recettes-gourmandes-de-joce.fr\/wp-content\/uploads\/2020\/01\/beignets_de_crevettes_et_de_crabe_006-300x225.jpg 300w, http:\/\/recettes-gourmandes-de-joce.fr\/wp-content\/uploads\/2020\/01\/beignets_de_crevettes_et_de_crabe_006.jpg 550w\" sizes=\"auto, (max-width: 214px) 100vw, 214px\" \/> <img loading=\"lazy\" decoding=\"async\" class=\"alignnone wp-image-15563\" src=\"http:\/\/recettes-gourmandes-de-joce.fr\/wp-content\/uploads\/2020\/01\/beignets_de_crevettes_et_de_crabe_007-150x150.jpg\" alt=\"\" width=\"214\" height=\"160\" srcset=\"http:\/\/recettes-gourmandes-de-joce.fr\/wp-content\/uploads\/2020\/01\/beignets_de_crevettes_et_de_crabe_007-300x225.jpg 300w, http:\/\/recettes-gourmandes-de-joce.fr\/wp-content\/uploads\/2020\/01\/beignets_de_crevettes_et_de_crabe_007.jpg 550w\" sizes=\"auto, (max-width: 214px) 100vw, 214px\" \/><\/span><\/p>\n<p style=\"text-align: center;\"><span style=\"font-family: georgia, serif; color: #ff6600; font-size: 14pt;\"><em>M\u00e9langer \u00e0 nouveau et <\/em><em>ajouter la farine. <\/em><em>Ajouter le fromage blanc et bien remuer. <\/em><em>Laver et ciseler le persil et la ciboulette, incorporer le <\/em><em>au m\u00e9lange, ajouter les crevettes, le crabe, l&rsquo;huile <\/em><em>d&rsquo;olive et bien m\u00e9langer, saler et poivrer.<\/em><\/span><\/p>\n<p style=\"text-align: center;\"><span style=\"color: #ff6600; font-size: 14pt;\"><img loading=\"lazy\" decoding=\"async\" class=\"alignnone wp-image-15564\" src=\"http:\/\/recettes-gourmandes-de-joce.fr\/wp-content\/uploads\/2020\/01\/beignets_de_crevettes_et_de_crabe_008-150x150.jpg\" alt=\"\" width=\"214\" height=\"160\" srcset=\"http:\/\/recettes-gourmandes-de-joce.fr\/wp-content\/uploads\/2020\/01\/beignets_de_crevettes_et_de_crabe_008-300x225.jpg 300w, http:\/\/recettes-gourmandes-de-joce.fr\/wp-content\/uploads\/2020\/01\/beignets_de_crevettes_et_de_crabe_008.jpg 550w\" sizes=\"auto, (max-width: 214px) 100vw, 214px\" \/> <img loading=\"lazy\" decoding=\"async\" class=\"alignnone wp-image-23293\" src=\"http:\/\/recettes-gourmandes-de-joce.fr\/wp-content\/uploads\/2020\/07\/les_beignets_a_la_ricotta_de_supertoinette_hu6-150x150.jpg\" alt=\"\" width=\"214\" height=\"160\" srcset=\"http:\/\/recettes-gourmandes-de-joce.fr\/wp-content\/uploads\/2020\/07\/les_beignets_a_la_ricotta_de_supertoinette_hu6-300x225.jpg 300w, http:\/\/recettes-gourmandes-de-joce.fr\/wp-content\/uploads\/2020\/07\/les_beignets_a_la_ricotta_de_supertoinette_hu6.jpg 550w\" sizes=\"auto, (max-width: 214px) 100vw, 214px\" \/><\/span><\/p>\n<p style=\"text-align: center;\"><span style=\"font-family: georgia, serif; color: #ff6600; font-size: 14pt;\"><em style=\"color: #ff6600; font-family: georgia, serif; font-size: 14pt;\">Mettre la friteuse \u00e0 chauffer sur 170\u00b0, pr\u00e9parer un plat <\/em><em><span style=\"color: #ff6600; font-family: georgia, serif;\"><span style=\"font-size: 14pt;\">avec de <\/span><span style=\"font-size: 18.6667px;\">l\u2019essuie<\/span><span style=\"font-size: 14pt;\">\u00a0tout dedans pour absorber le trop d&rsquo;huile. <\/span><\/span><\/em><\/span><\/p>\n<p style=\"text-align: center;\"><span style=\"color: #ff6600; font-size: 14pt;\"><span style=\"font-family: georgia,serif;\"><em>A l&rsquo;aide d&rsquo;une cuill\u00e8re \u00e0 soupe d\u00e9poser des petits tas\u00a0<\/em><em>dans votre friteuse en prenant soin qu&rsquo;ils ne se touchent pas <\/em><em>vous pouvez en mettre 4, un dans chaque angle.\u00a0<\/em><\/span><span style=\"font-family: georgia,serif;\"><em>Retourner les souvent et les sortir d\u00e9s qu&rsquo;ils auront pris <\/em><em>une belle couleur. <\/em><em>D\u00e9poser les dans le plat de service. <\/em><em>Ils se mangent chauds ou froids et se r\u00e9chauffent tr\u00e8s bien <\/em><em>quelques secondes au micro-ondes.<\/em><\/span><\/span><\/p>\n<p style=\"text-align: center;\"><span style=\"font-family: georgia, serif; color: #ff6600; font-size: 14pt;\"><em>Bon app\u00e9tit!<\/em><\/span><\/p>\n<p style=\"text-align: center;\"><span style=\"color: #ff6600;\"><span style=\"font-size: 14pt;\"><img loading=\"lazy\" decoding=\"async\" class=\"alignnone wp-image-15565\" src=\"http:\/\/recettes-gourmandes-de-joce.fr\/wp-content\/uploads\/2020\/01\/beignets_de_crevettes_et_de_crabe_010-150x150.jpg\" alt=\"\" width=\"234\" height=\"175\" srcset=\"http:\/\/recettes-gourmandes-de-joce.fr\/wp-content\/uploads\/2020\/01\/beignets_de_crevettes_et_de_crabe_010-300x225.jpg 300w, http:\/\/recettes-gourmandes-de-joce.fr\/wp-content\/uploads\/2020\/01\/beignets_de_crevettes_et_de_crabe_010.jpg 550w\" sizes=\"auto, (max-width: 234px) 100vw, 234px\" \/><\/span><em><span style=\"font-size: large;\"> <span style=\"font-family: georgia,serif;\"><span style=\"font-size: 14pt;\"><img loading=\"lazy\" decoding=\"async\" class=\"alignnone wp-image-15566\" src=\"http:\/\/recettes-gourmandes-de-joce.fr\/wp-content\/uploads\/2020\/01\/beignets_de_crevettes_et_de_crabe_012-150x150.jpg\" alt=\"\" width=\"234\" height=\"175\" srcset=\"http:\/\/recettes-gourmandes-de-joce.fr\/wp-content\/uploads\/2020\/01\/beignets_de_crevettes_et_de_crabe_012-300x225.jpg 300w, http:\/\/recettes-gourmandes-de-joce.fr\/wp-content\/uploads\/2020\/01\/beignets_de_crevettes_et_de_crabe_012.jpg 550w\" sizes=\"auto, (max-width: 234px) 100vw, 234px\" \/><\/span> <img loading=\"lazy\" decoding=\"async\" class=\"alignnone wp-image-23295\" src=\"http:\/\/recettes-gourmandes-de-joce.fr\/wp-content\/uploads\/2020\/07\/beignets_de_crevettes_et_de_crabe_010-150x150.jpg\" alt=\"\" width=\"273\" height=\"175\" srcset=\"http:\/\/recettes-gourmandes-de-joce.fr\/wp-content\/uploads\/2020\/07\/beignets_de_crevettes_et_de_crabe_010-300x193.jpg 300w, http:\/\/recettes-gourmandes-de-joce.fr\/wp-content\/uploads\/2020\/07\/beignets_de_crevettes_et_de_crabe_010.jpg 511w\" sizes=\"auto, (max-width: 273px) 100vw, 273px\" \/><\/span><\/span><\/em><\/span><\/p>\n<p style=\"text-align: center;\"><img loading=\"lazy\" decoding=\"async\" class=\"alignnone wp-image-16654 size-full\" src=\"http:\/\/recettes-gourmandes-de-joce.fr\/wp-content\/uploads\/2020\/01\/logitech-gaming-software-14112014-121223.jpg\" alt=\"\" width=\"640\" height=\"144\" srcset=\"http:\/\/recettes-gourmandes-de-joce.fr\/wp-content\/uploads\/2020\/01\/logitech-gaming-software-14112014-121223.jpg 640w, http:\/\/recettes-gourmandes-de-joce.fr\/wp-content\/uploads\/2020\/01\/logitech-gaming-software-14112014-121223-300x68.jpg 300w\" sizes=\"auto, (max-width: 640px) 100vw, 640px\" \/><\/p>\n","protected":false},"excerpt":{"rendered":"<p>Une de mes recettes Ingr\u00e9dients 25 beignets environ 2 \u0153ufs 1 sachet de levure chimique 175 g de farine 125 g de fromage blanc 10 g d&rsquo;huile d &lsquo;olive 1 g de piment d&rsquo;Espelette 100 g de crabe 100 g de petites crevettes roses 1 bouquet de persil 1 bouquet de ciboulette Sel et poivre &hellip; <\/p>\n<p><a class=\"more-link btn\" href=\"http:\/\/recettes-gourmandes-de-joce.fr\/index.php\/index\/poissons-coquillages\/coquillages-crustaces\/beignets-de-crevettes-et-de-crabe\/\">Lire la suite<\/a><\/p>\n","protected":false},"author":2,"featured_media":85343,"parent":158,"menu_order":0,"comment_status":"open","ping_status":"closed","template":"","meta":{"footnotes":""},"class_list":["post-15560","page","type-page","status-publish","has-post-thumbnail","hentry","nodate","item-wrap"],"_links":{"self":[{"href":"http:\/\/recettes-gourmandes-de-joce.fr\/index.php\/wp-json\/wp\/v2\/pages\/15560","targetHints":{"allow":["GET"]}}],"collection":[{"href":"http:\/\/recettes-gourmandes-de-joce.fr\/index.php\/wp-json\/wp\/v2\/pages"}],"about":[{"href":"http:\/\/recettes-gourmandes-de-joce.fr\/index.php\/wp-json\/wp\/v2\/types\/page"}],"author":[{"embeddable":true,"href":"http:\/\/recettes-gourmandes-de-joce.fr\/index.php\/wp-json\/wp\/v2\/users\/2"}],"replies":[{"embeddable":true,"href":"http:\/\/recettes-gourmandes-de-joce.fr\/index.php\/wp-json\/wp\/v2\/comments?post=15560"}],"version-history":[{"count":4,"href":"http:\/\/recettes-gourmandes-de-joce.fr\/index.php\/wp-json\/wp\/v2\/pages\/15560\/revisions"}],"predecessor-version":[{"id":85344,"href":"http:\/\/recettes-gourmandes-de-joce.fr\/index.php\/wp-json\/wp\/v2\/pages\/15560\/revisions\/85344"}],"up":[{"embeddable":true,"href":"http:\/\/recettes-gourmandes-de-joce.fr\/index.php\/wp-json\/wp\/v2\/pages\/158"}],"wp:featuredmedia":[{"embeddable":true,"href":"http:\/\/recettes-gourmandes-de-joce.fr\/index.php\/wp-json\/wp\/v2\/media\/85343"}],"wp:attachment":[{"href":"http:\/\/recettes-gourmandes-de-joce.fr\/index.php\/wp-json\/wp\/v2\/media?parent=15560"}],"curies":[{"name":"wp","href":"https:\/\/api.w.org\/{rel}","templated":true}]}}