{"id":15154,"date":"2020-01-09T16:19:19","date_gmt":"2020-01-09T16:19:19","guid":{"rendered":"http:\/\/recettes-gourmandes-de-joce.fr\/?page_id=15154"},"modified":"2024-07-04T13:25:40","modified_gmt":"2024-07-04T13:25:40","slug":"sauce-a-lestragon-ciboulette-citron-ail","status":"publish","type":"page","link":"http:\/\/recettes-gourmandes-de-joce.fr\/index.php\/index\/sauces-assaisonnements\/sauces-froides\/sauce-a-lestragon-ciboulette-citron-ail\/","title":{"rendered":"Sauce \u00e0 l&rsquo;estragon, ciboulette, citron, ail."},"content":{"rendered":"<p style=\"text-align: center;\"><span style=\"font-family: georgia, palatino, serif; font-size: 18pt;\"><span style=\"color: #339966; text-decoration: underline;\"><em>Une de mes recettes<\/em><\/span><\/span><\/p>\n<p style=\"text-align: center;\"><span style=\"font-family: georgia, palatino, serif; font-size: 14pt;\"><img loading=\"lazy\" decoding=\"async\" class=\"alignnone wp-image-15163\" src=\"http:\/\/recettes-gourmandes-de-joce.fr\/wp-content\/uploads\/2020\/01\/p1010094-6-150x150.jpg\" alt=\"\" width=\"253\" height=\"180\" srcset=\"http:\/\/recettes-gourmandes-de-joce.fr\/wp-content\/uploads\/2020\/01\/p1010094-6-300x214.jpg 300w, http:\/\/recettes-gourmandes-de-joce.fr\/wp-content\/uploads\/2020\/01\/p1010094-6.jpg 640w\" sizes=\"auto, (max-width: 253px) 100vw, 253px\" \/> <img loading=\"lazy\" decoding=\"async\" class=\"alignnone wp-image-15155\" src=\"http:\/\/recettes-gourmandes-de-joce.fr\/wp-content\/uploads\/2020\/01\/p1010095-6-150x150.jpg\" alt=\"\" width=\"240\" height=\"180\" srcset=\"http:\/\/recettes-gourmandes-de-joce.fr\/wp-content\/uploads\/2020\/01\/p1010095-6-300x225.jpg 300w, http:\/\/recettes-gourmandes-de-joce.fr\/wp-content\/uploads\/2020\/01\/p1010095-6.jpg 640w\" sizes=\"auto, (max-width: 240px) 100vw, 240px\" \/> <img loading=\"lazy\" decoding=\"async\" class=\"alignnone wp-image-15162\" src=\"http:\/\/recettes-gourmandes-de-joce.fr\/wp-content\/uploads\/2020\/01\/p1010091-6-150x150.jpg\" alt=\"\" width=\"245\" height=\"180\" srcset=\"http:\/\/recettes-gourmandes-de-joce.fr\/wp-content\/uploads\/2020\/01\/p1010091-6-300x221.jpg 300w, http:\/\/recettes-gourmandes-de-joce.fr\/wp-content\/uploads\/2020\/01\/p1010091-6.jpg 559w\" sizes=\"auto, (max-width: 245px) 100vw, 245px\" \/><\/span><\/p>\n<p style=\"text-align: center;\"><span style=\"font-family: georgia, palatino, serif; font-size: 18pt;\"><span style=\"color: #339966; text-decoration: underline;\"><em>Ingr\u00e9dients <\/em><\/span><\/span><\/p>\n<p style=\"text-align: center;\"><span style=\"font-family: georgia, palatino, serif; font-size: 14pt;\"><img loading=\"lazy\" decoding=\"async\" class=\"alignnone wp-image-15159\" src=\"http:\/\/recettes-gourmandes-de-joce.fr\/wp-content\/uploads\/2020\/01\/p1010085-5-150x150.jpg\" alt=\"\" width=\"233\" height=\"180\" srcset=\"http:\/\/recettes-gourmandes-de-joce.fr\/wp-content\/uploads\/2020\/01\/p1010085-5-300x232.jpg 300w, http:\/\/recettes-gourmandes-de-joce.fr\/wp-content\/uploads\/2020\/01\/p1010085-5.jpg 640w\" sizes=\"auto, (max-width: 233px) 100vw, 233px\" \/><\/span><\/p>\n<p style=\"text-align: center;\"><span style=\"font-family: georgia, palatino, serif; font-size: 14pt;\"><span style=\"color: #339966;\"><em>1 \u0153uf<\/em><\/span><\/span><\/p>\n<p style=\"text-align: center;\"><span style=\"font-family: georgia, palatino, serif; font-size: 14pt;\"><span style=\"color: #339966;\"><em>1 c \u00e0 c de moutarde<\/em><\/span><\/span><\/p>\n<p style=\"text-align: center;\"><span style=\"font-family: georgia, palatino, serif; font-size: 14pt;\"><span style=\"color: #339966;\"><em>1 c \u00e0 c de vinaigre de vin<\/em><\/span><\/span><\/p>\n<p style=\"text-align: center;\"><span style=\"font-family: georgia, palatino, serif; font-size: 14pt;\"><span style=\"color: #339966;\"><em>Sel et poivre<\/em><\/span><\/span><\/p>\n<p style=\"text-align: center;\"><span style=\"font-family: georgia, palatino, serif; font-size: 14pt;\"><span style=\"color: #339966;\"><em>Huile de tournesol<\/em><\/span><\/span><\/p>\n<p style=\"text-align: center;\"><span style=\"font-family: georgia, palatino, serif; font-size: 14pt;\"><span style=\"color: #339966;\"><em>2 grosses gousses d&rsquo;ail<\/em><\/span><\/span><\/p>\n<p style=\"text-align: center;\"><span style=\"font-family: georgia, palatino, serif; font-size: 14pt;\"><span style=\"color: #339966;\"><em>1 bouquet de ciboulette<\/em><\/span><\/span><\/p>\n<p style=\"text-align: center;\"><span style=\"font-family: georgia, palatino, serif; font-size: 14pt;\"><span style=\"color: #339966;\"><em>1 bouquet d&rsquo;estragon<\/em><\/span><\/span><\/p>\n<p style=\"text-align: center;\"><span style=\"font-family: georgia, palatino, serif; font-size: 14pt;\"><span style=\"color: #339966;\"><em>1 citron<\/em><\/span><\/span><\/p>\n<p style=\"text-align: center;\"><span style=\"font-family: georgia, palatino, serif; font-size: 14pt;\"><span style=\"color: #339966;\"><em>\u00bd c \u00e0 c de piment d&rsquo;Espelette <\/em><\/span><\/span><\/p>\n<p style=\"text-align: center;\"><span style=\"font-family: georgia, palatino, serif; font-size: 14pt;\"><span style=\"color: #339966;\"><em>Recette de la mayonnaise sur ce lien -&gt; <a href=\"http:\/\/recettes-gourmandes-de-joce.fr\/index.php\/index\/sauces-assaisonnements\/sauces-froides\/mayonnaise\/\">Mayonnaise <img loading=\"lazy\" decoding=\"async\" class=\"alignnone wp-image-15126\" src=\"http:\/\/recettes-gourmandes-de-joce.fr\/wp-content\/uploads\/2020\/01\/P6230511-150x150.jpg\" alt=\"\" width=\"244\" height=\"160\" srcset=\"http:\/\/recettes-gourmandes-de-joce.fr\/wp-content\/uploads\/2020\/01\/P6230511-300x197.jpg 300w, http:\/\/recettes-gourmandes-de-joce.fr\/wp-content\/uploads\/2020\/01\/P6230511.jpg 640w\" sizes=\"auto, (max-width: 244px) 100vw, 244px\" \/><\/a><\/em><\/span><\/span><\/p>\n<p style=\"text-align: center;\"><span style=\"font-family: georgia, palatino, serif; font-size: 14pt;\"><img loading=\"lazy\" decoding=\"async\" class=\"alignnone wp-image-15164\" src=\"http:\/\/recettes-gourmandes-de-joce.fr\/wp-content\/uploads\/2020\/01\/cornet-au-thon-36-150x150.jpg\" alt=\"\" width=\"220\" height=\"165\" srcset=\"http:\/\/recettes-gourmandes-de-joce.fr\/wp-content\/uploads\/2020\/01\/cornet-au-thon-36-300x225.jpg 300w, http:\/\/recettes-gourmandes-de-joce.fr\/wp-content\/uploads\/2020\/01\/cornet-au-thon-36.jpg 550w\" sizes=\"auto, (max-width: 220px) 100vw, 220px\" \/>\u00a0<img loading=\"lazy\" decoding=\"async\" class=\"alignnone wp-image-15160\" src=\"http:\/\/recettes-gourmandes-de-joce.fr\/wp-content\/uploads\/2020\/01\/p1010088-5-150x150.jpg\" alt=\"\" width=\"236\" height=\"165\" srcset=\"http:\/\/recettes-gourmandes-de-joce.fr\/wp-content\/uploads\/2020\/01\/p1010088-5-300x210.jpg 300w, http:\/\/recettes-gourmandes-de-joce.fr\/wp-content\/uploads\/2020\/01\/p1010088-5.jpg 640w\" sizes=\"auto, (max-width: 236px) 100vw, 236px\" \/> <img loading=\"lazy\" decoding=\"async\" class=\"alignnone wp-image-15161\" src=\"http:\/\/recettes-gourmandes-de-joce.fr\/wp-content\/uploads\/2020\/01\/p1010089-5-150x150.jpg\" alt=\"\" width=\"190\" height=\"165\" srcset=\"http:\/\/recettes-gourmandes-de-joce.fr\/wp-content\/uploads\/2020\/01\/p1010089-5-300x260.jpg 300w, http:\/\/recettes-gourmandes-de-joce.fr\/wp-content\/uploads\/2020\/01\/p1010089-5.jpg 628w\" sizes=\"auto, (max-width: 190px) 100vw, 190px\" \/><\/span><\/p>\n<p style=\"text-align: center;\"><span style=\"font-family: georgia, palatino, serif; font-size: 14pt;\"><span style=\"color: #339966;\"><em>R\u00e9aliser votre mayonnaise et r\u00e9server. Laver et ciseler finement la ciboulette et les feuilles d&rsquo;estragon, r\u00e2per le zeste du citron, peler, d\u00e9germer et hacher l&rsquo;ail finement, ajouter le tout \u00e0 la mayonnaise, ajouter le piment d&rsquo;Espelette et m\u00e9langer.<\/em><\/span><\/span><\/p>\n<p style=\"text-align: center;\"><span style=\"font-family: georgia, palatino, serif; font-size: 14pt;\"><span style=\"color: #339966;\"><em>Accompagne tr\u00e8s bien les crudit\u00e9s et les fruits de mer.<\/em><\/span><\/span><\/p>\n<p style=\"text-align: center;\"><span style=\"font-family: georgia, palatino, serif; font-size: 14pt;\"><span style=\"color: #339966;\"><em>Bon app\u00e9tit!<\/em><\/span><\/span><\/p>\n<p style=\"text-align: center;\"><span style=\"font-family: georgia, palatino, serif; font-size: 14pt;\"><img loading=\"lazy\" decoding=\"async\" class=\"alignnone wp-image-15163\" src=\"http:\/\/recettes-gourmandes-de-joce.fr\/wp-content\/uploads\/2020\/01\/p1010094-6-150x150.jpg\" alt=\"\" width=\"246\" height=\"175\" srcset=\"http:\/\/recettes-gourmandes-de-joce.fr\/wp-content\/uploads\/2020\/01\/p1010094-6-300x214.jpg 300w, http:\/\/recettes-gourmandes-de-joce.fr\/wp-content\/uploads\/2020\/01\/p1010094-6.jpg 640w\" sizes=\"auto, (max-width: 246px) 100vw, 246px\" \/> <img loading=\"lazy\" decoding=\"async\" class=\"alignnone wp-image-15155\" src=\"http:\/\/recettes-gourmandes-de-joce.fr\/wp-content\/uploads\/2020\/01\/p1010095-6-150x150.jpg\" alt=\"\" width=\"233\" height=\"175\" srcset=\"http:\/\/recettes-gourmandes-de-joce.fr\/wp-content\/uploads\/2020\/01\/p1010095-6-300x225.jpg 300w, http:\/\/recettes-gourmandes-de-joce.fr\/wp-content\/uploads\/2020\/01\/p1010095-6.jpg 640w\" sizes=\"auto, (max-width: 233px) 100vw, 233px\" \/> <img loading=\"lazy\" decoding=\"async\" class=\"alignnone wp-image-15134\" src=\"http:\/\/recettes-gourmandes-de-joce.fr\/wp-content\/uploads\/2020\/01\/p1010096-5-150x150.jpg\" alt=\"\" width=\"245\" height=\"175\" srcset=\"http:\/\/recettes-gourmandes-de-joce.fr\/wp-content\/uploads\/2020\/01\/p1010096-5-300x215.jpg 300w, http:\/\/recettes-gourmandes-de-joce.fr\/wp-content\/uploads\/2020\/01\/p1010096-5.jpg 640w\" sizes=\"auto, (max-width: 245px) 100vw, 245px\" \/><\/span><\/p>\n<p style=\"text-align: center;\"><img loading=\"lazy\" decoding=\"async\" class=\"alignnone size-full wp-image-59803\" src=\"http:\/\/recettes-gourmandes-de-joce.fr\/wp-content\/uploads\/2024\/01\/logitech-gaming-software-14112014-121223.jpg\" alt=\"\" width=\"640\" height=\"144\" \/><\/p>\n<h3><span style=\"font-family: georgia, palatino, serif; font-size: 12pt;\">Commentaires\u00a0<small>(2)<\/small><\/span><\/h3>\n<div class=\"items-container\">\n<div class=\"item item-comment media\">\n<div class=\"pull-left\"><span style=\"font-family: georgia, palatino, serif; font-size: 12pt;\"><img decoding=\"async\" class=\"media-object\" src=\"https:\/\/www.gravatar.com\/avatar\/94f8c4bfc5e2c0ff36ad0ee50c3085a0?d=http%3A%2F%2Frecettesgourmandesdejoce.e-monsite.com%2Fmedias%2Fstatic%2Fmanager%2Fim%2Favatar.png?s=50&amp;d=mm\" alt=\"brigitte\" width=\"50\" \/><\/span><\/div>\n<div class=\"media-body\">\n<ul class=\"inline item-infos\">\n<li><span style=\"font-family: georgia, palatino, serif; font-size: 12pt;\"><span class=\"comment-number\">1.<\/span>\u00a0<span class=\"comment-author\">brigitte<\/span>\u00a0<span class=\"comment-date\">| 13\/07\/2015<\/span><\/span><\/li>\n<\/ul>\n<div class=\"comment-content\"><span style=\"font-family: georgia, palatino, serif; font-size: 12pt;\">Bonjour, pourrais-je copier la recette de la sauce qui a l&rsquo;air tr\u00e8s app\u00e9tissante, merci<\/span><\/div>\n<div class=\"item item-comment media by-webmaster\">\n<div class=\"pull-left\"><span style=\"font-family: georgia, palatino, serif; font-size: 12pt;\"><img decoding=\"async\" class=\"media-object\" src=\"http:\/\/recettesgourmandesdejoce.e-monsite.com\/medias\/static\/manager\/im\/avatar.png?fx=c_50_50\" alt=\"jocelyne debon\" width=\"50\" \/><\/span><\/div>\n<div class=\"media-body\">\n<ul class=\"inline item-infos\">\n<li><span style=\"font-family: georgia, palatino, serif; font-size: 12pt;\"><span class=\"comment-author\">jocelyne debon\u00a0(<a rel=\"nofollow\">site web<\/a>)<\/span>\u00a0<span class=\"comment-date\">| 13\/07\/2015<\/span><\/span><\/li>\n<\/ul>\n<div class=\"comment-content\"><span style=\"font-family: georgia, palatino, serif; font-size: 12pt;\">Coucou <\/span><\/div>\n<div class=\"comment-content\"><span style=\"font-family: georgia, palatino, serif; font-size: 12pt;\">Pas de soucis, c&rsquo;est sur une autre page internet que je ne veux pas que l&rsquo;on recopie c&rsquo;est tout.<\/span><\/div>\n<div class=\"comment-content\"><span style=\"font-family: georgia, palatino, serif; font-size: 12pt;\"> Mais pour un usage personnel au contraire mes recettes sont faites pour cela.<\/span><\/div>\n<div class=\"comment-content\"><span style=\"font-family: georgia, palatino, serif; font-size: 12pt;\"> Au plaisir.<\/span><\/div>\n<div class=\"comment-content\"><span style=\"font-family: georgia, palatino, serif; font-size: 12pt;\"> Amicalement Joce<\/span><\/div>\n<\/div>\n<\/div>\n<\/div>\n<\/div>\n<\/div>\n","protected":false},"excerpt":{"rendered":"<p>Une de mes recettes Ingr\u00e9dients 1 \u0153uf 1 c \u00e0 c de moutarde 1 c \u00e0 c de vinaigre de vin Sel et poivre Huile de tournesol 2 grosses gousses d&rsquo;ail 1 bouquet de ciboulette 1 bouquet d&rsquo;estragon 1 citron \u00bd c \u00e0 c de piment d&rsquo;Espelette Recette de la mayonnaise sur ce lien -&gt; &hellip; <\/p>\n<p><a class=\"more-link btn\" href=\"http:\/\/recettes-gourmandes-de-joce.fr\/index.php\/index\/sauces-assaisonnements\/sauces-froides\/sauce-a-lestragon-ciboulette-citron-ail\/\">Lire la suite<\/a><\/p>\n","protected":false},"author":2,"featured_media":86737,"parent":217,"menu_order":0,"comment_status":"open","ping_status":"closed","template":"","meta":{"footnotes":""},"class_list":["post-15154","page","type-page","status-publish","has-post-thumbnail","hentry","nodate","item-wrap"],"_links":{"self":[{"href":"http:\/\/recettes-gourmandes-de-joce.fr\/index.php\/wp-json\/wp\/v2\/pages\/15154","targetHints":{"allow":["GET"]}}],"collection":[{"href":"http:\/\/recettes-gourmandes-de-joce.fr\/index.php\/wp-json\/wp\/v2\/pages"}],"about":[{"href":"http:\/\/recettes-gourmandes-de-joce.fr\/index.php\/wp-json\/wp\/v2\/types\/page"}],"author":[{"embeddable":true,"href":"http:\/\/recettes-gourmandes-de-joce.fr\/index.php\/wp-json\/wp\/v2\/users\/2"}],"replies":[{"embeddable":true,"href":"http:\/\/recettes-gourmandes-de-joce.fr\/index.php\/wp-json\/wp\/v2\/comments?post=15154"}],"version-history":[{"count":7,"href":"http:\/\/recettes-gourmandes-de-joce.fr\/index.php\/wp-json\/wp\/v2\/pages\/15154\/revisions"}],"predecessor-version":[{"id":86739,"href":"http:\/\/recettes-gourmandes-de-joce.fr\/index.php\/wp-json\/wp\/v2\/pages\/15154\/revisions\/86739"}],"up":[{"embeddable":true,"href":"http:\/\/recettes-gourmandes-de-joce.fr\/index.php\/wp-json\/wp\/v2\/pages\/217"}],"wp:featuredmedia":[{"embeddable":true,"href":"http:\/\/recettes-gourmandes-de-joce.fr\/index.php\/wp-json\/wp\/v2\/media\/86737"}],"wp:attachment":[{"href":"http:\/\/recettes-gourmandes-de-joce.fr\/index.php\/wp-json\/wp\/v2\/media?parent=15154"}],"curies":[{"name":"wp","href":"https:\/\/api.w.org\/{rel}","templated":true}]}}