{"id":15150,"date":"2020-01-09T15:56:02","date_gmt":"2020-01-09T15:56:02","guid":{"rendered":"http:\/\/recettes-gourmandes-de-joce.fr\/?page_id=15150"},"modified":"2024-10-25T11:44:28","modified_gmt":"2024-10-25T11:44:28","slug":"mayonnaise-a-lail","status":"publish","type":"page","link":"http:\/\/recettes-gourmandes-de-joce.fr\/index.php\/index\/sauces-assaisonnements\/sauces-froides\/mayonnaise-a-lail\/","title":{"rendered":"Mayonnaise \u00e0 l&rsquo;ail."},"content":{"rendered":"<p style=\"text-align: center;\"><span style=\"text-decoration: underline; color: #ffa200;\"><span style=\"font-size: 18pt;\"><em><span style=\"font-family: georgia, palatino, serif;\">Une de mes recettes<\/span><\/em><\/span><\/span><\/p>\n<p style=\"text-align: center;\"><span style=\"font-family: georgia, palatino, serif; color: #ffa200;\"><img loading=\"lazy\" decoding=\"async\" class=\"alignnone wp-image-15119\" src=\"http:\/\/recettes-gourmandes-de-joce.fr\/wp-content\/uploads\/2020\/01\/P6230494-2-150x150.jpg\" alt=\"\" width=\"261\" height=\"170\" srcset=\"http:\/\/recettes-gourmandes-de-joce.fr\/wp-content\/uploads\/2020\/01\/P6230494-2-300x195.jpg 300w, http:\/\/recettes-gourmandes-de-joce.fr\/wp-content\/uploads\/2020\/01\/P6230494-2.jpg 640w\" sizes=\"auto, (max-width: 261px) 100vw, 261px\" \/><em><span style=\"font-size: 14pt;\">\u00a0<img loading=\"lazy\" decoding=\"async\" class=\"alignnone wp-image-15115\" src=\"http:\/\/recettes-gourmandes-de-joce.fr\/wp-content\/uploads\/2020\/01\/P6230495-2-150x150.jpg\" alt=\"\" width=\"249\" height=\"170\" srcset=\"http:\/\/recettes-gourmandes-de-joce.fr\/wp-content\/uploads\/2020\/01\/P6230495-2-300x205.jpg 300w, http:\/\/recettes-gourmandes-de-joce.fr\/wp-content\/uploads\/2020\/01\/P6230495-2.jpg 640w\" sizes=\"auto, (max-width: 249px) 100vw, 249px\" \/><img loading=\"lazy\" decoding=\"async\" class=\"alignnone wp-image-15116\" src=\"http:\/\/recettes-gourmandes-de-joce.fr\/wp-content\/uploads\/2020\/01\/P6230496-2-150x150.jpg\" alt=\"\" width=\"267\" height=\"170\" srcset=\"http:\/\/recettes-gourmandes-de-joce.fr\/wp-content\/uploads\/2020\/01\/P6230496-2-300x191.jpg 300w, http:\/\/recettes-gourmandes-de-joce.fr\/wp-content\/uploads\/2020\/01\/P6230496-2.jpg 640w\" sizes=\"auto, (max-width: 267px) 100vw, 267px\" \/><\/span><\/em><\/span><\/p>\n<p style=\"text-align: center;\"><span style=\"color: #ffa200; font-size: 18pt;\"><em><span style=\"font-family: georgia, palatino, serif;\"><span style=\"text-decoration: underline;\">Ingr\u00e9dients<\/span><\/span><\/em><\/span><\/p>\n<p style=\"text-align: center;\"><span style=\"color: #ffa200;\"><em><span style=\"font-size: 14pt; font-family: georgia, palatino, serif;\"><span style=\"text-decoration: underline;\"><img loading=\"lazy\" decoding=\"async\" class=\"alignnone wp-image-15151\" src=\"http:\/\/recettes-gourmandes-de-joce.fr\/wp-content\/uploads\/2020\/01\/photos-nouveau-site1-1-150x150.jpg\" alt=\"\" width=\"244\" height=\"175\" srcset=\"http:\/\/recettes-gourmandes-de-joce.fr\/wp-content\/uploads\/2020\/01\/photos-nouveau-site1-1-300x215.jpg 300w, http:\/\/recettes-gourmandes-de-joce.fr\/wp-content\/uploads\/2020\/01\/photos-nouveau-site1-1.jpg 640w\" sizes=\"auto, (max-width: 244px) 100vw, 244px\" \/><\/span><\/span><\/em><\/span><\/p>\n<p style=\"text-align: center;\"><span style=\"color: #ffa200; font-size: 18pt;\"><em><span style=\"font-family: georgia, palatino, serif;\"><span style=\"text-decoration: underline;\">Ingr\u00e9dients<\/span><\/span><\/em><\/span><\/p>\n<p style=\"text-align: center;\"><span style=\"color: #ffa200;\"><em><span style=\"font-family: georgia, palatino, serif; font-size: 14pt;\">4 c \u00e0 s de mayonnaise maison<\/span><\/em><\/span><\/p>\n<p style=\"text-align: center;\"><span style=\"color: #ffa200;\"><em><span style=\"font-family: georgia, palatino, serif; font-size: 14pt;\">2 gousses d\u2019ail<\/span><\/em><\/span><\/p>\n<p style=\"text-align: center;\"><span style=\"color: #ffa200;\"><em><span style=\"font-family: georgia, palatino, serif; font-size: 14pt;\">Recette de la mayonnaise sur ce lien -&gt; <a href=\"http:\/\/recettes-gourmandes-de-joce.fr\/index.php\/index\/sauces-assaisonnements\/sauces-froides\/mayonnaise\/\">Mayonnaise <img loading=\"lazy\" decoding=\"async\" class=\"alignnone wp-image-15125\" src=\"http:\/\/recettes-gourmandes-de-joce.fr\/wp-content\/uploads\/2020\/01\/P6230510-2-150x150.jpg\" alt=\"\" width=\"260\" height=\"165\" srcset=\"http:\/\/recettes-gourmandes-de-joce.fr\/wp-content\/uploads\/2020\/01\/P6230510-2-300x190.jpg 300w, http:\/\/recettes-gourmandes-de-joce.fr\/wp-content\/uploads\/2020\/01\/P6230510-2.jpg 640w\" sizes=\"auto, (max-width: 260px) 100vw, 260px\" \/><\/a><\/span><\/em><\/span><\/p>\n<p style=\"text-align: center;\"><span style=\"color: #ffa200;\"><em><span style=\"font-family: georgia, palatino, serif; font-size: 14pt;\"><img loading=\"lazy\" decoding=\"async\" class=\"alignnone wp-image-15117\" src=\"http:\/\/recettes-gourmandes-de-joce.fr\/wp-content\/uploads\/2020\/01\/P6230492-3-150x150.jpg\" alt=\"\" width=\"174\" height=\"165\" srcset=\"http:\/\/recettes-gourmandes-de-joce.fr\/wp-content\/uploads\/2020\/01\/P6230492-3-300x285.jpg 300w, http:\/\/recettes-gourmandes-de-joce.fr\/wp-content\/uploads\/2020\/01\/P6230492-3.jpg 600w\" sizes=\"auto, (max-width: 174px) 100vw, 174px\" \/> <img loading=\"lazy\" decoding=\"async\" class=\"alignnone wp-image-15118\" src=\"http:\/\/recettes-gourmandes-de-joce.fr\/wp-content\/uploads\/2020\/01\/P6230493-2-150x150.jpg\" alt=\"\" width=\"242\" height=\"165\" srcset=\"http:\/\/recettes-gourmandes-de-joce.fr\/wp-content\/uploads\/2020\/01\/P6230493-2-300x205.jpg 300w, http:\/\/recettes-gourmandes-de-joce.fr\/wp-content\/uploads\/2020\/01\/P6230493-2.jpg 640w\" sizes=\"auto, (max-width: 242px) 100vw, 242px\" \/><\/span><\/em><\/span><\/p>\n<p style=\"text-align: center;\"><span style=\"color: #ffa200;\"><em><span style=\"font-family: georgia, palatino, serif; font-size: 14pt;\">Peler, d\u00e9germer et passer les gousses d\u2019ail au presse ail, les incorporer \u00e0 la mayonnaise et r\u00e9server au frais jusqu\u2019au moment de servir.<\/span><\/em><\/span><\/p>\n<p style=\"text-align: center;\"><span style=\"color: #ffa200;\"><em><span style=\"font-family: georgia, palatino, serif; font-size: 14pt;\">Bon app\u00e9tit!<\/span><\/em><\/span><\/p>\n<p style=\"text-align: center;\"><span style=\"color: #ffa200;\"><em><span style=\"font-size: 14pt; font-family: georgia, palatino, serif;\"> <img loading=\"lazy\" decoding=\"async\" class=\"alignnone wp-image-15116\" src=\"http:\/\/recettes-gourmandes-de-joce.fr\/wp-content\/uploads\/2020\/01\/P6230496-2-150x150.jpg\" alt=\"\" width=\"275\" height=\"175\" srcset=\"http:\/\/recettes-gourmandes-de-joce.fr\/wp-content\/uploads\/2020\/01\/P6230496-2-300x191.jpg 300w, http:\/\/recettes-gourmandes-de-joce.fr\/wp-content\/uploads\/2020\/01\/P6230496-2.jpg 640w\" sizes=\"auto, (max-width: 275px) 100vw, 275px\" \/><\/span><\/em><\/span><\/p>\n<p style=\"text-align: center;\"><span style=\"color: #ffa200;\"><em><span style=\"font-family: georgia, palatino, serif; font-size: 14pt;\"><img loading=\"lazy\" decoding=\"async\" class=\"alignnone wp-image-15119\" src=\"http:\/\/recettes-gourmandes-de-joce.fr\/wp-content\/uploads\/2020\/01\/P6230494-2-150x150.jpg\" alt=\"\" width=\"269\" height=\"175\" srcset=\"http:\/\/recettes-gourmandes-de-joce.fr\/wp-content\/uploads\/2020\/01\/P6230494-2-300x195.jpg 300w, http:\/\/recettes-gourmandes-de-joce.fr\/wp-content\/uploads\/2020\/01\/P6230494-2.jpg 640w\" sizes=\"auto, (max-width: 269px) 100vw, 269px\" \/> <img loading=\"lazy\" decoding=\"async\" class=\"alignnone wp-image-15115\" src=\"http:\/\/recettes-gourmandes-de-joce.fr\/wp-content\/uploads\/2020\/01\/P6230495-2-150x150.jpg\" alt=\"\" width=\"256\" height=\"175\" srcset=\"http:\/\/recettes-gourmandes-de-joce.fr\/wp-content\/uploads\/2020\/01\/P6230495-2-300x205.jpg 300w, http:\/\/recettes-gourmandes-de-joce.fr\/wp-content\/uploads\/2020\/01\/P6230495-2.jpg 640w\" sizes=\"auto, (max-width: 256px) 100vw, 256px\" \/><\/span><\/em><\/span><\/p>\n<p style=\"text-align: center;\"><span style=\"color: #ffa200;\"><img loading=\"lazy\" decoding=\"async\" class=\"alignnone wp-image-37354 size-full\" src=\"http:\/\/recettes-gourmandes-de-joce.fr\/wp-content\/uploads\/2021\/06\/logitech-gaming-software-14112014-121223.jpg\" alt=\"\" width=\"640\" height=\"144\" srcset=\"http:\/\/recettes-gourmandes-de-joce.fr\/wp-content\/uploads\/2021\/06\/logitech-gaming-software-14112014-121223.jpg 640w, http:\/\/recettes-gourmandes-de-joce.fr\/wp-content\/uploads\/2021\/06\/logitech-gaming-software-14112014-121223-300x68.jpg 300w\" sizes=\"auto, (max-width: 640px) 100vw, 640px\" \/><\/span><\/p>\n","protected":false},"excerpt":{"rendered":"<p>Une de mes recettes \u00a0 Ingr\u00e9dients Ingr\u00e9dients 4 c \u00e0 s de mayonnaise maison 2 gousses d\u2019ail Recette de la mayonnaise sur ce lien -&gt; Mayonnaise Peler, d\u00e9germer et passer les gousses d\u2019ail au presse ail, les incorporer \u00e0 la mayonnaise et r\u00e9server au frais jusqu\u2019au moment de servir. Bon app\u00e9tit!<\/p>\n","protected":false},"author":2,"featured_media":86720,"parent":217,"menu_order":0,"comment_status":"open","ping_status":"closed","template":"","meta":{"footnotes":""},"class_list":["post-15150","page","type-page","status-publish","has-post-thumbnail","hentry","nodate","item-wrap"],"_links":{"self":[{"href":"http:\/\/recettes-gourmandes-de-joce.fr\/index.php\/wp-json\/wp\/v2\/pages\/15150","targetHints":{"allow":["GET"]}}],"collection":[{"href":"http:\/\/recettes-gourmandes-de-joce.fr\/index.php\/wp-json\/wp\/v2\/pages"}],"about":[{"href":"http:\/\/recettes-gourmandes-de-joce.fr\/index.php\/wp-json\/wp\/v2\/types\/page"}],"author":[{"embeddable":true,"href":"http:\/\/recettes-gourmandes-de-joce.fr\/index.php\/wp-json\/wp\/v2\/users\/2"}],"replies":[{"embeddable":true,"href":"http:\/\/recettes-gourmandes-de-joce.fr\/index.php\/wp-json\/wp\/v2\/comments?post=15150"}],"version-history":[{"count":5,"href":"http:\/\/recettes-gourmandes-de-joce.fr\/index.php\/wp-json\/wp\/v2\/pages\/15150\/revisions"}],"predecessor-version":[{"id":90823,"href":"http:\/\/recettes-gourmandes-de-joce.fr\/index.php\/wp-json\/wp\/v2\/pages\/15150\/revisions\/90823"}],"up":[{"embeddable":true,"href":"http:\/\/recettes-gourmandes-de-joce.fr\/index.php\/wp-json\/wp\/v2\/pages\/217"}],"wp:featuredmedia":[{"embeddable":true,"href":"http:\/\/recettes-gourmandes-de-joce.fr\/index.php\/wp-json\/wp\/v2\/media\/86720"}],"wp:attachment":[{"href":"http:\/\/recettes-gourmandes-de-joce.fr\/index.php\/wp-json\/wp\/v2\/media?parent=15150"}],"curies":[{"name":"wp","href":"https:\/\/api.w.org\/{rel}","templated":true}]}}