{"id":15132,"date":"2020-01-09T15:14:37","date_gmt":"2020-01-09T15:14:37","guid":{"rendered":"http:\/\/recettes-gourmandes-de-joce.fr\/?page_id=15132"},"modified":"2024-07-31T11:34:40","modified_gmt":"2024-07-31T11:34:40","slug":"sauces-pour-barbecue-ou-pour-dip","status":"publish","type":"page","link":"http:\/\/recettes-gourmandes-de-joce.fr\/index.php\/index\/sauces-assaisonnements\/sauces-froides\/sauces-pour-barbecue-ou-pour-dip\/","title":{"rendered":"Sauces pour barbecue ou pour dip."},"content":{"rendered":"<p><span style=\"font-family: georgia, palatino, serif; font-size: 14pt;\"><img loading=\"lazy\" decoding=\"async\" class=\"aligncenter wp-image-15127\" src=\"http:\/\/recettes-gourmandes-de-joce.fr\/wp-content\/uploads\/2020\/01\/P6230512-300x193.jpg\" alt=\"\" width=\"389\" height=\"250\" srcset=\"http:\/\/recettes-gourmandes-de-joce.fr\/wp-content\/uploads\/2020\/01\/P6230512-300x193.jpg 300w, http:\/\/recettes-gourmandes-de-joce.fr\/wp-content\/uploads\/2020\/01\/P6230512.jpg 640w\" sizes=\"auto, (max-width: 389px) 100vw, 389px\" \/><\/span><\/p>\n<p style=\"text-align: center;\"><span style=\"font-size: 18pt; font-family: georgia, palatino, serif;\"><span style=\"color: #008000; text-decoration: underline;\"><em>Mes recettes<\/em><\/span><\/span><\/p>\n<p style=\"text-align: center;\"><span style=\"font-size: 14pt; font-family: georgia, palatino, serif;\"><span style=\"color: #008000; text-decoration: underline;\"><em><em><span style=\"color: #008000; text-decoration: underline;\"><img loading=\"lazy\" decoding=\"async\" class=\"alignnone wp-image-15129\" src=\"http:\/\/recettes-gourmandes-de-joce.fr\/wp-content\/uploads\/2020\/01\/P6230446-3-150x150.jpg\" alt=\"\" width=\"260\" height=\"200\" srcset=\"http:\/\/recettes-gourmandes-de-joce.fr\/wp-content\/uploads\/2020\/01\/P6230446-3-300x231.jpg 300w, http:\/\/recettes-gourmandes-de-joce.fr\/wp-content\/uploads\/2020\/01\/P6230446-3.jpg 640w\" sizes=\"auto, (max-width: 260px) 100vw, 260px\" \/><\/span><\/em><\/em><\/span><\/span><\/p>\n<p style=\"text-align: center;\"><a href=\"http:\/\/recettes-gourmandes-de-joce.fr\/index.php\/index\/sauces-assaisonnements\/sauces-froides\/sauce-tartare\/\"><span style=\"font-size: 18pt;\"><span style=\"font-family: georgia, palatino, serif;\"><span style=\"color: #008000; text-decoration: underline;\"><em><em><span style=\"color: #008000; text-decoration: underline;\">Sauce tartare\u00a0<\/span><\/em><\/em><\/span><\/span><\/span><\/a><\/p>\n<p style=\"text-align: center;\"><a href=\"http:\/\/recettes-gourmandes-de-joce.fr\/index.php\/index\/sauces-assaisonnements\/sauces-froides\/sauce-tartare\/\"><span style=\"font-family: georgia, palatino, serif; font-size: 14pt;\"><img loading=\"lazy\" decoding=\"async\" class=\"alignnone wp-image-15133\" src=\"http:\/\/recettes-gourmandes-de-joce.fr\/wp-content\/uploads\/2020\/01\/sauce-tartare3-150x150.jpg\" alt=\"\" width=\"228\" height=\"165\" srcset=\"http:\/\/recettes-gourmandes-de-joce.fr\/wp-content\/uploads\/2020\/01\/sauce-tartare3-300x217.jpg 300w, http:\/\/recettes-gourmandes-de-joce.fr\/wp-content\/uploads\/2020\/01\/sauce-tartare3.jpg 640w\" sizes=\"auto, (max-width: 228px) 100vw, 228px\" \/><\/span><\/a><\/p>\n<p style=\"text-align: center;\"><span style=\"font-size: 14pt; font-family: georgia, palatino, serif;\"><span style=\"color: #008000; text-decoration: underline;\"><em><em><span style=\"color: #008000; text-decoration: underline;\"><u>Recette sur ce lien -&gt; <a href=\"http:\/\/recettes-gourmandes-de-joce.fr\/index.php\/index\/sauces-assaisonnements\/sauces-froides\/sauce-tartare\/\">Sauce tartare<\/a><\/u><\/span><\/em><\/em><\/span><\/span><\/p>\n<p style=\"text-align: center;\"><a href=\"http:\/\/recettes-gourmandes-de-joce.fr\/index.php\/index\/sauces-assaisonnements\/sauces-froides\/sauce-a-lestragon-ciboulette-citron-ail\/\"><span style=\"font-size: 18pt; font-family: georgia, palatino, serif;\"><span style=\"color: #008000;\"><u><em>Sauce froide \u00e0 l&rsquo;estragon, ciboulette, citron, ail<\/em><\/u><\/span><\/span><\/a><\/p>\n<p style=\"text-align: center;\"><a href=\"http:\/\/recettes-gourmandes-de-joce.fr\/index.php\/index\/sauces-assaisonnements\/sauces-froides\/sauce-a-lestragon-ciboulette-citron-ail\/\"><span style=\"font-family: georgia, palatino, serif; font-size: 14pt;\"><img loading=\"lazy\" decoding=\"async\" class=\"alignnone wp-image-15134\" src=\"http:\/\/recettes-gourmandes-de-joce.fr\/wp-content\/uploads\/2020\/01\/p1010096-5-150x150.jpg\" alt=\"\" width=\"230\" height=\"165\" srcset=\"http:\/\/recettes-gourmandes-de-joce.fr\/wp-content\/uploads\/2020\/01\/p1010096-5-300x215.jpg 300w, http:\/\/recettes-gourmandes-de-joce.fr\/wp-content\/uploads\/2020\/01\/p1010096-5.jpg 640w\" sizes=\"auto, (max-width: 230px) 100vw, 230px\" \/><\/span><\/a><\/p>\n<p style=\"text-align: center;\"><span style=\"font-family: georgia, palatino, serif; font-size: 14pt;\"><span style=\"color: #008000; text-decoration: underline;\"><em><em><span style=\"color: #008000; text-decoration: underline;\">Recette sur ce lien -&gt;<\/span><\/em><\/em><\/span><a href=\"http:\/\/recettes-gourmandes-de-joce.fr\/index.php\/index\/sauces-assaisonnements\/sauces-froides\/sauce-a-lestragon-ciboulette-citron-ail\/\"><span style=\"color: #800080;\"><u><em>Sauce froide \u00e0 l&rsquo;estragon, ciboulette, citron, ail<\/em><\/u><\/span><\/a><\/span><\/p>\n<p style=\"text-align: center;\"><a href=\"http:\/\/recettes-gourmandes-de-joce.fr\/index.php\/index\/sauces-assaisonnements\/sauces-froides\/3051-2\/\"><span style=\"font-size: 18pt;\"><span style=\"font-family: georgia, palatino, serif;\"><span style=\"color: #008000; text-decoration: underline;\"><em><u>Sauce B\u00e9arnaise<\/u><\/em><\/span><\/span><\/span><\/a><\/p>\n<p style=\"text-align: center;\"><a href=\"http:\/\/recettes-gourmandes-de-joce.fr\/index.php\/index\/sauces-assaisonnements\/sauces-froides\/3051-2\/\"><span style=\"font-family: georgia, palatino, serif; font-size: 14pt;\"><img loading=\"lazy\" decoding=\"async\" class=\"alignnone wp-image-15135\" src=\"http:\/\/recettes-gourmandes-de-joce.fr\/wp-content\/uploads\/2020\/01\/sauce-bearnaise1-150x150.jpg\" alt=\"\" width=\"253\" height=\"165\" srcset=\"http:\/\/recettes-gourmandes-de-joce.fr\/wp-content\/uploads\/2020\/01\/sauce-bearnaise1-300x195.jpg 300w, http:\/\/recettes-gourmandes-de-joce.fr\/wp-content\/uploads\/2020\/01\/sauce-bearnaise1.jpg 640w\" sizes=\"auto, (max-width: 253px) 100vw, 253px\" \/><\/span><\/a><\/p>\n<p style=\"text-align: center;\"><span style=\"font-size: 14pt; font-family: georgia, palatino, serif;\"><span style=\"color: #008000; text-decoration: underline;\"><em><u>Recette sur ce lien -&gt;<a href=\"http:\/\/recettes-gourmandes-de-joce.fr\/index.php\/index\/sauces-assaisonnements\/sauces-froides\/3051-2\/\">Sauce B\u00e9arnaise<\/a><\/u><\/em><\/span><\/span><\/p>\n<p style=\"text-align: center;\"><a href=\"http:\/\/recettes-gourmandes-de-joce.fr\/index.php\/index\/sauces-assaisonnements\/sauces-froides\/sauce-cocktail\/\"><span style=\"font-size: 18pt;\"><span style=\"font-family: georgia, palatino, serif;\"><span style=\"color: #008000; text-decoration: underline;\"><em><u>Sauce cocktail<\/u><\/em><\/span><\/span><\/span><\/a><\/p>\n<p style=\"text-align: center;\"><a href=\"http:\/\/recettes-gourmandes-de-joce.fr\/index.php\/index\/sauces-assaisonnements\/sauces-froides\/sauce-cocktail\/\"><span style=\"font-family: georgia, palatino, serif; font-size: 14pt;\"><img loading=\"lazy\" decoding=\"async\" class=\"alignnone wp-image-15136\" src=\"http:\/\/recettes-gourmandes-de-joce.fr\/wp-content\/uploads\/2020\/01\/avocat-crevettes7-150x150.jpg\" alt=\"\" width=\"282\" height=\"165\" srcset=\"http:\/\/recettes-gourmandes-de-joce.fr\/wp-content\/uploads\/2020\/01\/avocat-crevettes7-300x175.jpg 300w, http:\/\/recettes-gourmandes-de-joce.fr\/wp-content\/uploads\/2020\/01\/avocat-crevettes7.jpg 640w\" sizes=\"auto, (max-width: 282px) 100vw, 282px\" \/><\/span><\/a><\/p>\n<p style=\"text-align: center;\"><span style=\"font-size: 14pt; font-family: georgia, palatino, serif;\"><span style=\"color: #008000; text-decoration: underline;\"><em><u>Recette sur ce lien -&gt;<a href=\"http:\/\/recettes-gourmandes-de-joce.fr\/index.php\/index\/sauces-assaisonnements\/sauces-froides\/sauce-cocktail\/\">Sauce cocktail<\/a><\/u><\/em><\/span><\/span><\/p>\n<p style=\"text-align: center;\"><a href=\"http:\/\/recettes-gourmandes-de-joce.fr\/index.php\/index\/sauces-assaisonnements\/sauces-froides\/sauce-au-yaourt-et-fines-herbes\/\"><span style=\"font-size: 18pt; font-family: georgia, palatino, serif;\"><em><span style=\"color: #008000; text-decoration: underline;\">S<\/span><\/em><\/span><span style=\"font-size: 18pt; font-family: georgia, palatino, serif;\"><em><span style=\"color: #008000; text-decoration: underline;\">auc<\/span><\/em><\/span><span style=\"font-size: 18pt; font-family: georgia, palatino, serif;\"><em><span style=\"color: #008000; text-decoration: underline;\">e au yaourt et fines herbes<\/span><\/em><\/span><\/a><\/p>\n<p style=\"text-align: center;\"><a href=\"http:\/\/recettes-gourmandes-de-joce.fr\/index.php\/index\/sauces-assaisonnements\/sauces-froides\/sauce-au-yaourt-et-fines-herbes\/\"><span style=\"font-family: georgia, palatino, serif; font-size: 14pt;\"><img loading=\"lazy\" decoding=\"async\" class=\"alignnone wp-image-15095\" src=\"http:\/\/recettes-gourmandes-de-joce.fr\/wp-content\/uploads\/2020\/01\/P6230464-2-150x150.jpg\" alt=\"\" width=\"245\" height=\"165\" srcset=\"http:\/\/recettes-gourmandes-de-joce.fr\/wp-content\/uploads\/2020\/01\/P6230464-2-300x202.jpg 300w, http:\/\/recettes-gourmandes-de-joce.fr\/wp-content\/uploads\/2020\/01\/P6230464-2.jpg 640w\" sizes=\"auto, (max-width: 245px) 100vw, 245px\" \/><\/span><\/a><\/p>\n<p style=\"text-align: center;\"><span style=\"font-size: 14pt; font-family: georgia, palatino, serif;\"><span style=\"color: #008000; text-decoration: underline;\"><em><u>Recette sur ce lien -&gt;<a href=\"http:\/\/recettes-gourmandes-de-joce.fr\/index.php\/index\/sauces-assaisonnements\/sauces-froides\/sauce-au-yaourt-et-fines-herbes\/\">Sauce au yaourt et fines herbes<\/a><\/u><\/em><\/span><\/span><\/p>\n<p style=\"text-align: center;\"><span style=\"font-size: 18pt; font-family: georgia, palatino, serif;\"><em><span style=\"color: #008000; text-decoration: underline;\">Sauce ketchup\/cornichons<\/span><\/em><\/span><a href=\"http:\/\/recettes-gourmandes-de-joce.fr\/index.php\/index\/sauces-assaisonnements\/sauces-froides\/sauce-ketchup-cornichons-sauce-froide\/\"><span style=\"font-family: georgia, palatino, serif; font-size: 14pt;\"><img loading=\"lazy\" decoding=\"async\" class=\"wp-image-15088 aligncenter\" src=\"http:\/\/recettes-gourmandes-de-joce.fr\/wp-content\/uploads\/2020\/01\/P6230456-150x150.jpg\" alt=\"\" width=\"220\" height=\"165\" srcset=\"http:\/\/recettes-gourmandes-de-joce.fr\/wp-content\/uploads\/2020\/01\/P6230456-300x225.jpg 300w, http:\/\/recettes-gourmandes-de-joce.fr\/wp-content\/uploads\/2020\/01\/P6230456.jpg 640w\" sizes=\"auto, (max-width: 220px) 100vw, 220px\" \/><\/span><\/a><\/p>\n<p style=\"text-align: center;\"><span style=\"font-size: 14pt; font-family: georgia, palatino, serif;\"><span style=\"color: #008000; text-decoration: underline;\"><em><u>Recette sur ce lien -&gt; Sauce ketchup\/cornichons<\/u><\/em><\/span><\/span><\/p>\n<p style=\"text-align: center;\"><a href=\"http:\/\/recettes-gourmandes-de-joce.fr\/index.php\/index\/sauces-assaisonnements\/sauces-froides\/mayonnaise-au-curry\/\"><span style=\"font-size: 18pt; font-family: georgia, palatino, serif;\"><em><span style=\"color: #008000; text-decoration: underline;\">Mayonnaise au curry<\/span><\/em><\/span><img loading=\"lazy\" decoding=\"async\" class=\"wp-image-15122 aligncenter\" src=\"http:\/\/recettes-gourmandes-de-joce.fr\/wp-content\/uploads\/2020\/01\/P6230502-150x150.jpg\" alt=\"\" width=\"258\" height=\"165\" srcset=\"http:\/\/recettes-gourmandes-de-joce.fr\/wp-content\/uploads\/2020\/01\/P6230502-300x192.jpg 300w, http:\/\/recettes-gourmandes-de-joce.fr\/wp-content\/uploads\/2020\/01\/P6230502.jpg 640w\" sizes=\"auto, (max-width: 258px) 100vw, 258px\" \/><span style=\"text-decoration: underline;\"><em><span style=\"font-family: georgia, palatino, serif; font-size: 14pt; color: #008000; text-decoration: underline;\">Recette sur ce lien -&gt;<\/span><\/em><em><span style=\"font-family: georgia, palatino, serif; font-size: 14pt; color: #008000;\"> <span style=\"color: #800080; text-decoration: underline;\">Mayonnaise au curry<\/span><\/span><\/em><\/span><\/a><\/p>\n<p style=\"text-align: center;\"><a href=\"http:\/\/recettes-gourmandes-de-joce.fr\/index.php\/index\/sauces-assaisonnements\/sauces-froides\/sauce-aux-trois-poivrons-et-a-lail\/\"><span style=\"font-size: 18pt; font-family: georgia, palatino, serif;\"><em><span style=\"color: #008000; text-decoration: underline;\">Sauce aux poivrons<\/span><\/em><\/span><\/a><\/p>\n<p style=\"text-align: center;\"><a href=\"http:\/\/recettes-gourmandes-de-joce.fr\/index.php\/index\/sauces-assaisonnements\/sauces-froides\/sauce-aux-trois-poivrons-et-a-lail\/\"><span style=\"font-family: georgia, palatino, serif; font-size: 14pt;\"><img loading=\"lazy\" decoding=\"async\" class=\"alignnone wp-image-15105\" src=\"http:\/\/recettes-gourmandes-de-joce.fr\/wp-content\/uploads\/2020\/01\/P6230480-2-150x150.jpg\" alt=\"\" width=\"269\" height=\"165\" srcset=\"http:\/\/recettes-gourmandes-de-joce.fr\/wp-content\/uploads\/2020\/01\/P6230480-2-300x184.jpg 300w, http:\/\/recettes-gourmandes-de-joce.fr\/wp-content\/uploads\/2020\/01\/P6230480-2.jpg 640w\" sizes=\"auto, (max-width: 269px) 100vw, 269px\" \/><\/span><\/a><\/p>\n<p style=\"text-align: center;\"><span style=\"font-size: 14pt; font-family: georgia, palatino, serif;\"><span style=\"color: #008000; text-decoration: underline;\"><em><u>Recette sur ce lien -&gt;<a href=\"http:\/\/recettes-gourmandes-de-joce.fr\/index.php\/index\/sauces-assaisonnements\/sauces-froides\/sauce-aux-trois-poivrons-et-a-lail\/\">Sauce aux poivrons<\/a><\/u><\/em><\/span><\/span><\/p>\n<p style=\"text-align: center;\"><span style=\"font-size: 18pt; font-family: georgia, palatino, serif;\"><em><span style=\"color: #008000; text-decoration: underline;\"><a href=\"http:\/\/recettes-gourmandes-de-joce.fr\/index.php\/index\/sauces-assaisonnements\/sauces-froides\/mayonnaise-a-lail\/\">Mayonnaise \u00e0 l\u2019ail<\/a><\/span><\/em><\/span><a href=\"http:\/\/recettes-gourmandes-de-joce.fr\/index.php\/index\/sauces-assaisonnements\/sauces-froides\/mayonnaise-a-lail\/\"><span style=\"font-family: georgia, palatino, serif; font-size: 14pt;\"><img loading=\"lazy\" decoding=\"async\" class=\"wp-image-15119 aligncenter\" src=\"http:\/\/recettes-gourmandes-de-joce.fr\/wp-content\/uploads\/2020\/01\/P6230494-2-150x150.jpg\" alt=\"\" width=\"253\" height=\"165\" srcset=\"http:\/\/recettes-gourmandes-de-joce.fr\/wp-content\/uploads\/2020\/01\/P6230494-2-300x195.jpg 300w, http:\/\/recettes-gourmandes-de-joce.fr\/wp-content\/uploads\/2020\/01\/P6230494-2.jpg 640w\" sizes=\"auto, (max-width: 253px) 100vw, 253px\" \/><\/span><\/a><\/p>\n<p style=\"text-align: center;\"><span style=\"font-size: 14pt; font-family: georgia, palatino, serif;\"><span style=\"color: #008000; text-decoration: underline;\"><em><u>Recette sur ce lien -&gt; <a href=\"http:\/\/recettes-gourmandes-de-joce.fr\/index.php\/index\/sauces-assaisonnements\/sauces-froides\/mayonnaise-a-lail\/\">Mayonnaise \u00e0 l\u2019ail<\/a><\/u><\/em><\/span><\/span><\/p>\n<p style=\"text-align: center;\"><a href=\"http:\/\/recettes-gourmandes-de-joce.fr\/index.php\/index\/sauces-assaisonnements\/sauces-froides\/sauce-au-basilic\/\"><span style=\"font-size: 18pt;\"><span style=\"font-family: georgia, palatino, serif;\"><em><span style=\"color: #008000; text-decoration: underline;\">Sauce au basilic<\/span><\/em><\/span><\/span><\/a><\/p>\n<p style=\"text-align: center;\"><a href=\"http:\/\/recettes-gourmandes-de-joce.fr\/index.php\/index\/sauces-assaisonnements\/sauces-froides\/sauce-au-basilic\/\"><span style=\"font-family: georgia, palatino, serif; font-size: 14pt;\"><img loading=\"lazy\" decoding=\"async\" class=\"wp-image-15112 alignnone\" src=\"http:\/\/recettes-gourmandes-de-joce.fr\/wp-content\/uploads\/2020\/01\/P6230489-150x150.jpg\" alt=\"\" width=\"258\" height=\"165\" srcset=\"http:\/\/recettes-gourmandes-de-joce.fr\/wp-content\/uploads\/2020\/01\/P6230489-300x192.jpg 300w, http:\/\/recettes-gourmandes-de-joce.fr\/wp-content\/uploads\/2020\/01\/P6230489.jpg 640w\" sizes=\"auto, (max-width: 258px) 100vw, 258px\" \/><\/span><\/a><\/p>\n<p style=\"text-align: center;\"><span style=\"font-size: 14pt; font-family: georgia, palatino, serif;\"><span style=\"color: #008000; text-decoration: underline;\"><em><u>Recette sur ce lien -&gt;<a href=\"http:\/\/recettes-gourmandes-de-joce.fr\/index.php\/index\/sauces-assaisonnements\/sauces-froides\/sauce-au-basilic\/\">Sauce au basilic<\/a><\/u><\/em><\/span><\/span><\/p>\n<p style=\"text-align: center;\"><a href=\"http:\/\/recettes-gourmandes-de-joce.fr\/index.php\/index\/sauces-assaisonnements\/sauces-froides\/mayonnaise\/\"><span style=\"font-size: 18pt;\"><span style=\"font-family: georgia, palatino, serif;\"><span style=\"color: #008000; text-decoration: underline;\"><em><u>Mayonnaise<\/u><\/em><\/span><\/span><\/span><\/a><\/p>\n<p style=\"text-align: center;\"><a href=\"http:\/\/recettes-gourmandes-de-joce.fr\/index.php\/index\/sauces-assaisonnements\/sauces-froides\/mayonnaise\/\"><span style=\"font-family: georgia, palatino, serif; font-size: 14pt;\"><img loading=\"lazy\" decoding=\"async\" class=\"alignnone wp-image-15125\" src=\"http:\/\/recettes-gourmandes-de-joce.fr\/wp-content\/uploads\/2020\/01\/P6230510-2-150x150.jpg\" alt=\"\" width=\"260\" height=\"165\" srcset=\"http:\/\/recettes-gourmandes-de-joce.fr\/wp-content\/uploads\/2020\/01\/P6230510-2-300x190.jpg 300w, http:\/\/recettes-gourmandes-de-joce.fr\/wp-content\/uploads\/2020\/01\/P6230510-2.jpg 640w\" sizes=\"auto, (max-width: 260px) 100vw, 260px\" \/><\/span><\/a><\/p>\n<p style=\"text-align: center;\"><span style=\"font-size: 14pt; font-family: georgia, palatino, serif;\"><span style=\"color: #008000; text-decoration: underline;\"><em>Recette sur ce lien<a href=\"http:\/\/recettes-gourmandes-de-joce.fr\/index.php\/index\/sauces-assaisonnements\/sauces-froides\/mayonnaise\/\"> -&gt; Mayonnaise<\/a><\/em><\/span><\/span><\/p>\n<p style=\"text-align: center;\"><span style=\"font-size: 14pt; font-family: georgia, palatino, serif;\"><span style=\"color: #008000;\"><em>Bon barbecue!<\/em><\/span><\/span><\/p>\n<p style=\"text-align: center;\"><span style=\"font-family: georgia, palatino, serif; font-size: 14pt;\"><span style=\"color: #008000;\"><em> <img loading=\"lazy\" decoding=\"async\" class=\"alignnone wp-image-15127 size-medium\" src=\"http:\/\/recettes-gourmandes-de-joce.fr\/wp-content\/uploads\/2020\/01\/P6230512-300x193.jpg\" alt=\"\" width=\"300\" height=\"193\" srcset=\"http:\/\/recettes-gourmandes-de-joce.fr\/wp-content\/uploads\/2020\/01\/P6230512-300x193.jpg 300w, http:\/\/recettes-gourmandes-de-joce.fr\/wp-content\/uploads\/2020\/01\/P6230512.jpg 640w\" sizes=\"auto, (max-width: 300px) 100vw, 300px\" \/><\/em><\/span><\/span><\/p>\n<p style=\"text-align: center;\"><img loading=\"lazy\" decoding=\"async\" class=\"alignnone size-full wp-image-59803\" src=\"http:\/\/recettes-gourmandes-de-joce.fr\/wp-content\/uploads\/2024\/01\/logitech-gaming-software-14112014-121223.jpg\" alt=\"\" width=\"640\" height=\"144\" \/><\/p>\n<h3>Commentaires\u00a0<small>(2)<\/small><\/h3>\n<div class=\"items-container\">\n<div class=\"item item-comment media\">\n<div class=\"pull-left\"><img decoding=\"async\" class=\"media-object\" src=\"http:\/\/recettesgourmandesdejoce.e-monsite.com\/medias\/static\/manager\/im\/avatar.png?fx=c_50_50\" alt=\"jaja\" width=\"50\" \/><\/div>\n<div class=\"media-body\">\n<ul class=\"inline item-infos\">\n<li><span class=\"comment-number\">1.<\/span>\u00a0<span class=\"comment-author\"><strong>jaja<\/strong><\/span>\u00a0<span class=\"comment-date\">| 27\/06\/2011<\/span><\/li>\n<\/ul>\n<div class=\"comment-content\">Bonnes id\u00e9es pour les crudit\u00e9s et les barbecues avec cette chaleur !<img decoding=\"async\" src=\"http:\/\/recettesgourmandesdejoce.e-monsite.com\/medias\/static\/themes\/smileys\/53.png\" alt=\"\" \/><\/div>\n<\/div>\n<\/div>\n<div class=\"item item-comment media\">\n<div class=\"pull-left\"><img decoding=\"async\" class=\"media-object\" src=\"https:\/\/www.gravatar.com\/avatar\/3f7b712943472bb6dbe808d6129c3d76?d=http%3A%2F%2Frecettesgourmandesdejoce.e-monsite.com%2Fmedias%2Fstatic%2Fmanager%2Fim%2Favatar.png?s=50&amp;d=mm\" alt=\"MAMIE JAJA\" width=\"50\" \/><\/div>\n<div class=\"media-body\">\n<ul class=\"inline item-infos\">\n<li><span class=\"comment-number\">2.<\/span>\u00a0<span class=\"comment-author\"><strong>MAMIE JAJA<\/strong><\/span>\u00a0<span class=\"comment-date\">| 27\/06\/2011<\/span><\/li>\n<\/ul>\n<div class=\"comment-content\">Superbe les sauces \u00e0 faire en ce moment avec les barbecues.<br \/>\nBisous<br \/>\nMAMIE JAJA<img decoding=\"async\" src=\"http:\/\/recettesgourmandesdejoce.e-monsite.com\/medias\/static\/themes\/smileys\/62.png\" alt=\"\" \/><\/div>\n<\/div>\n<\/div>\n<\/div>\n<p style=\"text-align: center;\"><span style=\"color: #008000; font-family: georgia, palatino, serif; font-size: 14pt;\">\u00a0<\/span><\/p>\n","protected":false},"excerpt":{"rendered":"<p>Mes recettes Sauce tartare\u00a0 Recette sur ce lien -&gt; Sauce tartare Sauce froide \u00e0 l&rsquo;estragon, ciboulette, citron, ail Recette sur ce lien -&gt;Sauce froide \u00e0 l&rsquo;estragon, ciboulette, citron, ail Sauce B\u00e9arnaise Recette sur ce lien -&gt;Sauce B\u00e9arnaise Sauce cocktail Recette sur ce lien -&gt;Sauce cocktail Sauce au yaourt et fines herbes Recette sur ce lien &hellip; <\/p>\n<p><a class=\"more-link btn\" href=\"http:\/\/recettes-gourmandes-de-joce.fr\/index.php\/index\/sauces-assaisonnements\/sauces-froides\/sauces-pour-barbecue-ou-pour-dip\/\">Lire la suite<\/a><\/p>\n","protected":false},"author":2,"featured_media":86742,"parent":217,"menu_order":0,"comment_status":"open","ping_status":"closed","template":"","meta":{"footnotes":""},"class_list":["post-15132","page","type-page","status-publish","has-post-thumbnail","hentry","nodate","item-wrap"],"_links":{"self":[{"href":"http:\/\/recettes-gourmandes-de-joce.fr\/index.php\/wp-json\/wp\/v2\/pages\/15132","targetHints":{"allow":["GET"]}}],"collection":[{"href":"http:\/\/recettes-gourmandes-de-joce.fr\/index.php\/wp-json\/wp\/v2\/pages"}],"about":[{"href":"http:\/\/recettes-gourmandes-de-joce.fr\/index.php\/wp-json\/wp\/v2\/types\/page"}],"author":[{"embeddable":true,"href":"http:\/\/recettes-gourmandes-de-joce.fr\/index.php\/wp-json\/wp\/v2\/users\/2"}],"replies":[{"embeddable":true,"href":"http:\/\/recettes-gourmandes-de-joce.fr\/index.php\/wp-json\/wp\/v2\/comments?post=15132"}],"version-history":[{"count":11,"href":"http:\/\/recettes-gourmandes-de-joce.fr\/index.php\/wp-json\/wp\/v2\/pages\/15132\/revisions"}],"predecessor-version":[{"id":88243,"href":"http:\/\/recettes-gourmandes-de-joce.fr\/index.php\/wp-json\/wp\/v2\/pages\/15132\/revisions\/88243"}],"up":[{"embeddable":true,"href":"http:\/\/recettes-gourmandes-de-joce.fr\/index.php\/wp-json\/wp\/v2\/pages\/217"}],"wp:featuredmedia":[{"embeddable":true,"href":"http:\/\/recettes-gourmandes-de-joce.fr\/index.php\/wp-json\/wp\/v2\/media\/86742"}],"wp:attachment":[{"href":"http:\/\/recettes-gourmandes-de-joce.fr\/index.php\/wp-json\/wp\/v2\/media?parent=15132"}],"curies":[{"name":"wp","href":"https:\/\/api.w.org\/{rel}","templated":true}]}}