{"id":15016,"date":"2020-01-07T11:56:59","date_gmt":"2020-01-07T11:56:59","guid":{"rendered":"http:\/\/recettes-gourmandes-de-joce.fr\/?page_id=15016"},"modified":"2024-07-12T19:16:54","modified_gmt":"2024-07-12T19:16:54","slug":"beignets-au-mascarpone-et-aux-pommes","status":"publish","type":"page","link":"http:\/\/recettes-gourmandes-de-joce.fr\/index.php\/index\/desserts\/crepes-beignets-gaufres\/beignets-au-mascarpone-et-aux-pommes\/","title":{"rendered":"Beignets au mascarpone et aux pommes."},"content":{"rendered":"<p style=\"text-align: center;\" align=\"center\"><span style=\"font-family: georgia, palatino, serif;\"><span style=\"text-decoration: underline; color: #ff9900;\"><span style=\"font-size: x-large;\"><em>Une de mes recettes<\/em><\/span><\/span><\/span><\/p>\n<p style=\"text-align: center;\"><span style=\"font-family: georgia, palatino, serif;\"><img loading=\"lazy\" decoding=\"async\" class=\"alignnone wp-image-14977\" src=\"http:\/\/recettes-gourmandes-de-joce.fr\/wp-content\/uploads\/2020\/01\/P2260270-150x150.jpg\" alt=\"\" width=\"261\" height=\"170\" srcset=\"http:\/\/recettes-gourmandes-de-joce.fr\/wp-content\/uploads\/2020\/01\/P2260270-300x195.jpg 300w, http:\/\/recettes-gourmandes-de-joce.fr\/wp-content\/uploads\/2020\/01\/P2260270.jpg 640w\" sizes=\"auto, (max-width: 261px) 100vw, 261px\" \/> <img loading=\"lazy\" decoding=\"async\" class=\"alignnone wp-image-14976\" src=\"http:\/\/recettes-gourmandes-de-joce.fr\/wp-content\/uploads\/2020\/01\/P2260269-150x150.jpg\" alt=\"\" width=\"250\" height=\"170\" srcset=\"http:\/\/recettes-gourmandes-de-joce.fr\/wp-content\/uploads\/2020\/01\/P2260269-300x204.jpg 300w, http:\/\/recettes-gourmandes-de-joce.fr\/wp-content\/uploads\/2020\/01\/P2260269.jpg 640w\" sizes=\"auto, (max-width: 250px) 100vw, 250px\" \/> <img loading=\"lazy\" decoding=\"async\" class=\"alignnone wp-image-14978\" src=\"http:\/\/recettes-gourmandes-de-joce.fr\/wp-content\/uploads\/2020\/01\/P2260272-150x150.jpg\" alt=\"\" width=\"227\" height=\"170\" srcset=\"http:\/\/recettes-gourmandes-de-joce.fr\/wp-content\/uploads\/2020\/01\/P2260272-300x225.jpg 300w, http:\/\/recettes-gourmandes-de-joce.fr\/wp-content\/uploads\/2020\/01\/P2260272.jpg 640w\" sizes=\"auto, (max-width: 227px) 100vw, 227px\" \/><\/span><\/p>\n<p align=\"center\"><span style=\"font-family: georgia, palatino, serif;\"><span style=\"font-size: large; color: #ff9900;\"><span style=\"text-decoration: underline;\"><span style=\"font-size: x-large;\"><em>Ingr\u00e9dients pour 25 beignets<\/em><\/span><\/span><\/span><\/span><\/p>\n<p align=\"center\"><span style=\"font-family: georgia, palatino, serif;\"><img loading=\"lazy\" decoding=\"async\" class=\"alignnone wp-image-14979\" src=\"http:\/\/recettes-gourmandes-de-joce.fr\/wp-content\/uploads\/2020\/01\/P2260259-150x150.jpg\" alt=\"\" width=\"243\" height=\"180\" srcset=\"http:\/\/recettes-gourmandes-de-joce.fr\/wp-content\/uploads\/2020\/01\/P2260259-300x223.jpg 300w, http:\/\/recettes-gourmandes-de-joce.fr\/wp-content\/uploads\/2020\/01\/P2260259.jpg 640w\" sizes=\"auto, (max-width: 243px) 100vw, 243px\" \/><\/span><\/p>\n<p align=\"center\"><span style=\"font-family: georgia, palatino, serif;\"><span style=\"color: #ff9900; font-size: large;\"><em>350 g<\/em><em> de farine<\/em><\/span><\/span><\/p>\n<p align=\"center\"><span style=\"font-family: georgia, palatino, serif;\"><span style=\"color: #ff9900; font-size: large;\"><em>250 g<\/em><em> de mascarpone<\/em><\/span><\/span><\/p>\n<p align=\"center\"><span style=\"font-family: georgia, palatino, serif;\"><span style=\"color: #ff9900; font-size: large;\"><em>1 belle pomme<\/em><\/span><\/span><\/p>\n<p align=\"center\"><span style=\"font-family: georgia, palatino, serif;\"><span style=\"color: #ff9900; font-size: large;\"><em>4 \u0153ufs<\/em><\/span><\/span><\/p>\n<p align=\"center\"><span style=\"font-family: georgia, palatino, serif;\"><span style=\"color: #ff9900; font-size: large;\"><em>\u00a060 g de sucre <\/em><\/span><\/span><\/p>\n<p align=\"center\"><span style=\"font-family: georgia, palatino, serif;\"><span style=\"color: #ff9900; font-size: large;\"><em>2 sachets de sucre vanill\u00e9<\/em><\/span><\/span><\/p>\n<p align=\"center\"><span style=\"font-family: georgia, palatino, serif;\"><span style=\"color: #ff9900; font-size: large;\"><em>le\u00a0 zeste d&rsquo;un citron<\/em><\/span><\/span><\/p>\n<p align=\"center\"><span style=\"font-family: georgia, palatino, serif;\"><span style=\"color: #ff9900; font-size: large;\"><em>1 pinc\u00e9e<\/em><\/span><\/span><\/p>\n<p align=\"center\"><span style=\"font-family: georgia, palatino, serif;\"><span style=\"color: #ff9900; font-size: large;\"><em>1\u00a0\u00a0 sachet et demi de levure chimique<\/em><\/span><\/span><\/p>\n<p align=\"center\"><span style=\"font-family: georgia, palatino, serif;\"><span style=\"color: #ff9900; font-size: large;\"><em>Sucre glace<\/em><\/span><\/span><\/p>\n<p align=\"center\"><span style=\"font-family: georgia, palatino, serif;\"><img loading=\"lazy\" decoding=\"async\" class=\"alignnone wp-image-14980\" src=\"http:\/\/recettes-gourmandes-de-joce.fr\/wp-content\/uploads\/2020\/01\/P2260261-150x150.jpg\" alt=\"\" width=\"213\" height=\"160\" srcset=\"http:\/\/recettes-gourmandes-de-joce.fr\/wp-content\/uploads\/2020\/01\/P2260261-300x225.jpg 300w, http:\/\/recettes-gourmandes-de-joce.fr\/wp-content\/uploads\/2020\/01\/P2260261.jpg 640w\" sizes=\"auto, (max-width: 213px) 100vw, 213px\" \/> <img loading=\"lazy\" decoding=\"async\" class=\"alignnone wp-image-14981\" src=\"http:\/\/recettes-gourmandes-de-joce.fr\/wp-content\/uploads\/2020\/01\/P2260263-150x150.jpg\" alt=\"\" width=\"213\" height=\"160\" srcset=\"http:\/\/recettes-gourmandes-de-joce.fr\/wp-content\/uploads\/2020\/01\/P2260263-300x225.jpg 300w, http:\/\/recettes-gourmandes-de-joce.fr\/wp-content\/uploads\/2020\/01\/P2260263.jpg 640w\" sizes=\"auto, (max-width: 213px) 100vw, 213px\" \/> <img loading=\"lazy\" decoding=\"async\" class=\"alignnone wp-image-14982\" src=\"http:\/\/recettes-gourmandes-de-joce.fr\/wp-content\/uploads\/2020\/01\/P2260264-150x150.jpg\" alt=\"\" width=\"189\" height=\"160\" srcset=\"http:\/\/recettes-gourmandes-de-joce.fr\/wp-content\/uploads\/2020\/01\/P2260264-300x254.jpg 300w, http:\/\/recettes-gourmandes-de-joce.fr\/wp-content\/uploads\/2020\/01\/P2260264.jpg 640w\" sizes=\"auto, (max-width: 189px) 100vw, 189px\" \/><\/span><\/p>\n<p align=\"center\"><span style=\"font-family: georgia, palatino, serif;\"><span style=\"color: #ff9900; font-size: large;\"><em>Sans robot, r\u00e9aliser votre p\u00e2te de la m\u00eame fa\u00e7on dans une saladier avec un fouet. <\/em><\/span><span style=\"color: #ff9900; font-size: large;\"><em>Casser les \u0153ufs dans le bol du robot, ajouter le sucre, le sucre vanill\u00e9 et m\u00e9langer, ajouter ensuite le zeste du citron, m\u00e9langer \u00e0 nouveau, ajouter la farine. <\/em><\/span><em style=\"color: #ff9900; font-size: large;\">Lorsque la farine est incorpor\u00e9e, ajouter la levure et m\u00e9langer \u00e0 nouveau, ajouter le mascarpone et continuer \u00e0 m\u00e9langer.<\/em><\/span><\/p>\n<p align=\"center\"><span style=\"font-family: georgia, palatino, serif;\"><img loading=\"lazy\" decoding=\"async\" class=\"alignnone wp-image-14974\" src=\"http:\/\/recettes-gourmandes-de-joce.fr\/wp-content\/uploads\/2020\/01\/P2260267-150x150.jpg\" alt=\"\" width=\"208\" height=\"160\" srcset=\"http:\/\/recettes-gourmandes-de-joce.fr\/wp-content\/uploads\/2020\/01\/P2260267-300x231.jpg 300w, http:\/\/recettes-gourmandes-de-joce.fr\/wp-content\/uploads\/2020\/01\/P2260267.jpg 640w\" sizes=\"auto, (max-width: 208px) 100vw, 208px\" \/>\u00a0<img loading=\"lazy\" decoding=\"async\" class=\"alignnone wp-image-14973\" src=\"http:\/\/recettes-gourmandes-de-joce.fr\/wp-content\/uploads\/2020\/01\/P2260266-1-150x150.jpg\" alt=\"\" width=\"195\" height=\"160\" srcset=\"http:\/\/recettes-gourmandes-de-joce.fr\/wp-content\/uploads\/2020\/01\/P2260266-1-300x247.jpg 300w, http:\/\/recettes-gourmandes-de-joce.fr\/wp-content\/uploads\/2020\/01\/P2260266-1.jpg 640w\" sizes=\"auto, (max-width: 195px) 100vw, 195px\" \/> <img loading=\"lazy\" decoding=\"async\" class=\"alignnone wp-image-14975\" src=\"http:\/\/recettes-gourmandes-de-joce.fr\/wp-content\/uploads\/2020\/01\/P2260268-150x150.jpg\" alt=\"\" width=\"213\" height=\"160\" srcset=\"http:\/\/recettes-gourmandes-de-joce.fr\/wp-content\/uploads\/2020\/01\/P2260268-300x225.jpg 300w, http:\/\/recettes-gourmandes-de-joce.fr\/wp-content\/uploads\/2020\/01\/P2260268.jpg 640w\" sizes=\"auto, (max-width: 213px) 100vw, 213px\" \/><\/span><\/p>\n<p align=\"center\"><span style=\"font-family: georgia, palatino, serif;\"><span style=\"color: #ff9900; font-size: large;\"><em>\u00a0Peler la pomme, \u00e9p\u00e9pinez l\u00e0 et coupez l\u00e0 en pet<\/em><\/span><span style=\"color: #ff9900; font-size: large;\"><em>its d\u00e9s, ajoutez l\u00e0 \u00e0 la p\u00e2te, m\u00e9langer. <\/em><\/span><span style=\"color: #ff9900; font-size: large;\"><em>A l&rsquo;aide de deux cuill\u00e8res \u00e0 soupe huil\u00e9es, d\u00e9poser des petits tas dans la friteuse (170\u00b0) en veillant \u00e0 ce qu&rsquo;ils ne se touchent pas, les retourner lorsqu&rsquo;ils sont dor\u00e9s d&rsquo;un c\u00f4t\u00e9, attention \u00e7a va tr\u00e8s vite. Lorsqu&rsquo;ils sont cuits les d\u00e9poser sur du papier absorbant et les saupoudrer de sucre glace.<\/em><\/span><\/span><\/p>\n<p align=\"center\"><span style=\"font-family: georgia, palatino, serif;\"><span style=\"color: #ff9900; font-size: large;\"><em>Bonne d\u00e9gustation!<\/em><\/span><\/span><\/p>\n<p align=\"center\"><span style=\"font-family: georgia, palatino, serif;\">\u00a0<img loading=\"lazy\" decoding=\"async\" class=\"alignnone wp-image-14978\" src=\"http:\/\/recettes-gourmandes-de-joce.fr\/wp-content\/uploads\/2020\/01\/P2260272-150x150.jpg\" alt=\"\" width=\"227\" height=\"170\" srcset=\"http:\/\/recettes-gourmandes-de-joce.fr\/wp-content\/uploads\/2020\/01\/P2260272-300x225.jpg 300w, http:\/\/recettes-gourmandes-de-joce.fr\/wp-content\/uploads\/2020\/01\/P2260272.jpg 640w\" sizes=\"auto, (max-width: 227px) 100vw, 227px\" \/> <img loading=\"lazy\" decoding=\"async\" class=\"alignnone wp-image-14976\" src=\"http:\/\/recettes-gourmandes-de-joce.fr\/wp-content\/uploads\/2020\/01\/P2260269-150x150.jpg\" alt=\"\" width=\"250\" height=\"170\" srcset=\"http:\/\/recettes-gourmandes-de-joce.fr\/wp-content\/uploads\/2020\/01\/P2260269-300x204.jpg 300w, http:\/\/recettes-gourmandes-de-joce.fr\/wp-content\/uploads\/2020\/01\/P2260269.jpg 640w\" sizes=\"auto, (max-width: 250px) 100vw, 250px\" \/> <img loading=\"lazy\" decoding=\"async\" class=\"alignnone wp-image-14977\" src=\"http:\/\/recettes-gourmandes-de-joce.fr\/wp-content\/uploads\/2020\/01\/P2260270-150x150.jpg\" alt=\"\" width=\"261\" height=\"170\" srcset=\"http:\/\/recettes-gourmandes-de-joce.fr\/wp-content\/uploads\/2020\/01\/P2260270-300x195.jpg 300w, http:\/\/recettes-gourmandes-de-joce.fr\/wp-content\/uploads\/2020\/01\/P2260270.jpg 640w\" sizes=\"auto, (max-width: 261px) 100vw, 261px\" \/><\/span><\/p>\n<p align=\"center\"><img loading=\"lazy\" decoding=\"async\" class=\"alignnone size-full wp-image-59803\" src=\"http:\/\/recettes-gourmandes-de-joce.fr\/wp-content\/uploads\/2024\/01\/logitech-gaming-software-14112014-121223.jpg\" alt=\"\" width=\"640\" height=\"144\" \/><\/p>\n<h3>Commentaires\u00a0<small>(8)<\/small><\/h3>\n<div class=\"items-container\">\n<div class=\"item item-comment media\">\n<div class=\"pull-left\"><img decoding=\"async\" class=\"media-object\" src=\"https:\/\/www.gravatar.com\/avatar\/07b4eb1e350bfe35a5b03434314d86c3?d=http%3A%2F%2Frecettesgourmandesdejoce.e-monsite.com%2Fmedias%2Fstatic%2Fmanager%2Fim%2Favatar.png?s=50&amp;d=mm\" alt=\"da silva marie\" width=\"50\" \/><\/div>\n<div class=\"media-body\">\n<ul class=\"inline item-infos\">\n<li><span class=\"comment-number\">1.<\/span>\u00a0<span class=\"comment-author\"><strong>da silva marie<\/strong><\/span>\u00a0<span class=\"comment-date\">| 01\/03\/2017<\/span><\/li>\n<\/ul>\n<div class=\"comment-content\">gegnialement bon<\/div>\n<div class=\"item item-comment media by-webmaster\">\n<div class=\"pull-left\"><img decoding=\"async\" class=\"media-object\" src=\"http:\/\/recettesgourmandesdejoce.e-monsite.com\/medias\/static\/manager\/im\/avatar.png?fx=c_50_50\" alt=\"jocelyne debon\" width=\"50\" \/><\/div>\n<div class=\"media-body\">\n<ul class=\"inline item-infos\">\n<li><span class=\"comment-author\"><strong>jocelyne debon<\/strong>\u00a0(<a rel=\"nofollow\">site web<\/a>)<\/span>\u00a0<span class=\"comment-date\">| 01\/03\/2017<\/span><\/li>\n<\/ul>\n<div class=\"comment-content\">Merci<\/div>\n<div class=\"comment-content\">Au plaisir<\/div>\n<div class=\"comment-content\">Amicalement Joce<\/div>\n<\/div>\n<\/div>\n<\/div>\n<\/div>\n<div class=\"item item-comment media\">\n<div class=\"pull-left\"><img decoding=\"async\" class=\"media-object\" src=\"https:\/\/www.gravatar.com\/avatar\/33e2f061da28c3ffaa46a56186bf195d?d=http%3A%2F%2Frecettesgourmandesdejoce.e-monsite.com%2Fmedias%2Fstatic%2Fmanager%2Fim%2Favatar.png?s=50&amp;d=mm\" alt=\"labiloutte\" width=\"50\" \/><\/div>\n<div class=\"media-body\">\n<ul class=\"inline item-infos\">\n<li><span class=\"comment-number\">2.<\/span>\u00a0<span class=\"comment-author\"><strong>labiloutte<\/strong><\/span>\u00a0<span class=\"comment-date\">| 08\/03\/2014<\/span><\/li>\n<\/ul>\n<div class=\"comment-content\">\n<p>Bonjour Joce<\/p>\n<p>hum .! ta recette a l&rsquo;air super bonne va falloir que je repasse voir \u00e7a pour te la piquer et la faire aux gar\u00e7ons mais bon \u00e7a ce sera qd j&rsquo;aurais un peu plus de temps&#8230;&#8230;&#8230;.mm plus le temps de pr\u00e9parer de bon petits plats depuis 3 mois\u00a0<img decoding=\"async\" src=\"http:\/\/recettesgourmandesdejoce.e-monsite.com\/medias\/static\/themes\/smileys\/57.png\" alt=\"\" \/><\/p>\n<\/div>\n<div class=\"item item-comment media by-webmaster\">\n<div class=\"pull-left\"><img decoding=\"async\" class=\"media-object\" src=\"http:\/\/recettesgourmandesdejoce.e-monsite.com\/medias\/static\/manager\/im\/avatar.png?fx=c_50_50\" alt=\"jocelyne debon\" width=\"50\" \/><\/div>\n<div class=\"media-body\">\n<ul class=\"inline item-infos\">\n<li><span class=\"comment-author\"><strong>jocelyne debon<\/strong>\u00a0(<a rel=\"nofollow\">site web<\/a>)<\/span>\u00a0<span class=\"comment-date\">| 08\/03\/2014<\/span><\/li>\n<\/ul>\n<div class=\"comment-content\">Coucou ma belle,<\/div>\n<div class=\"comment-content\">Avec les beaux jours qui reviennent \u00e7a donne envie c&rsquo;est sur de cuisiner \ud83d\ude09<\/div>\n<div class=\"comment-content\">Gros bisouss et bon week-end<\/div>\n<div class=\"comment-content\">Amicalement Joce<\/div>\n<\/div>\n<\/div>\n<\/div>\n<\/div>\n<div class=\"item item-comment media\">\n<div class=\"pull-left\"><img decoding=\"async\" class=\"media-object\" src=\"https:\/\/www.gravatar.com\/avatar\/dc1b7b5b124322809e7221a2e59784a3?d=http%3A%2F%2Frecettesgourmandesdejoce.e-monsite.com%2Fmedias%2Fstatic%2Fmanager%2Fim%2Favatar.png?s=50&amp;d=mm\" alt=\"Adeline\" width=\"50\" \/><\/div>\n<div class=\"media-body\">\n<ul class=\"inline item-infos\">\n<li><span class=\"comment-number\">3.<\/span>\u00a0<span class=\"comment-author\"><strong>Adeline<\/strong>\u00a0(<a rel=\"nofollow\">site web<\/a>)<\/span>\u00a0<span class=\"comment-date\">| 04\/03\/2014<\/span><\/li>\n<\/ul>\n<div class=\"comment-content\">\n<p>Coucou<\/p>\n<p>Des que j ai du mascarpone j essaye<\/p>\n<\/div>\n<div class=\"item item-comment media by-webmaster\">\n<div class=\"pull-left\"><img decoding=\"async\" class=\"media-object\" src=\"http:\/\/recettesgourmandesdejoce.e-monsite.com\/medias\/static\/manager\/im\/avatar.png?fx=c_50_50\" alt=\"jocelyne debon\" width=\"50\" \/><\/div>\n<div class=\"media-body\">\n<ul class=\"inline item-infos\">\n<li><span class=\"comment-author\"><strong>jocelyne debon<\/strong>\u00a0(<a rel=\"nofollow\">site web<\/a>)<\/span>\u00a0<span class=\"comment-date\">| 04\/03\/2014<\/span><\/li>\n<\/ul>\n<div class=\"comment-content\">Ok tu me diras ce que tu en penses<\/div>\n<div class=\"comment-content\">A bient\u00f4t<\/div>\n<div class=\"comment-content\">Amicalement Joce<\/div>\n<\/div>\n<\/div>\n<\/div>\n<\/div>\n<div class=\"item item-comment media\">\n<div class=\"pull-left\"><img decoding=\"async\" class=\"media-object\" src=\"https:\/\/www.gravatar.com\/avatar\/85abd38097d58963d650bb32b33522d3?d=http%3A%2F%2Frecettesgourmandesdejoce.e-monsite.com%2Fmedias%2Fstatic%2Fmanager%2Fim%2Favatar.png?s=50&amp;d=mm\" alt=\"urruela\" width=\"50\" \/><\/div>\n<div class=\"media-body\">\n<ul class=\"inline item-infos\">\n<li><span class=\"comment-number\">4.<\/span>\u00a0<span class=\"comment-author\"><strong>urruela<\/strong>\u00a0(<a rel=\"nofollow\">site web<\/a>)<\/span>\u00a0<span class=\"comment-date\">| 04\/03\/2014<\/span><\/li>\n<\/ul>\n<div class=\"comment-content\">merci pour ses d\u00e9licieuses recettes.<\/div>\n<div class=\"item item-comment media by-webmaster\">\n<div class=\"pull-left\"><img decoding=\"async\" class=\"media-object\" src=\"http:\/\/recettesgourmandesdejoce.e-monsite.com\/medias\/static\/manager\/im\/avatar.png?fx=c_50_50\" alt=\"jocelyne debon\" width=\"50\" \/><\/div>\n<div class=\"media-body\">\n<ul class=\"inline item-infos\">\n<li><span class=\"comment-author\"><strong>jocelyne debon<\/strong>\u00a0(<a rel=\"nofollow\">site web<\/a>)<\/span>\u00a0<span class=\"comment-date\">| 04\/03\/2014<\/span><\/li>\n<\/ul>\n<div class=\"comment-content\">De rien avec plaisir<\/div>\n<div class=\"comment-content\">Amicalement Joce<\/div>\n<\/div>\n<\/div>\n<\/div>\n<\/div>\n<\/div>\n","protected":false},"excerpt":{"rendered":"<p>Une de mes recettes Ingr\u00e9dients pour 25 beignets 350 g de farine 250 g de mascarpone 1 belle pomme 4 \u0153ufs \u00a060 g de sucre 2 sachets de sucre vanill\u00e9 le\u00a0 zeste d&rsquo;un citron 1 pinc\u00e9e 1\u00a0\u00a0 sachet et demi de levure chimique Sucre glace Sans robot, r\u00e9aliser votre p\u00e2te de la m\u00eame fa\u00e7on dans &hellip; <\/p>\n<p><a class=\"more-link btn\" href=\"http:\/\/recettes-gourmandes-de-joce.fr\/index.php\/index\/desserts\/crepes-beignets-gaufres\/beignets-au-mascarpone-et-aux-pommes\/\">Lire la suite<\/a><\/p>\n","protected":false},"author":2,"featured_media":87314,"parent":952,"menu_order":0,"comment_status":"open","ping_status":"closed","template":"","meta":{"footnotes":""},"class_list":["post-15016","page","type-page","status-publish","has-post-thumbnail","hentry","nodate","item-wrap"],"_links":{"self":[{"href":"http:\/\/recettes-gourmandes-de-joce.fr\/index.php\/wp-json\/wp\/v2\/pages\/15016","targetHints":{"allow":["GET"]}}],"collection":[{"href":"http:\/\/recettes-gourmandes-de-joce.fr\/index.php\/wp-json\/wp\/v2\/pages"}],"about":[{"href":"http:\/\/recettes-gourmandes-de-joce.fr\/index.php\/wp-json\/wp\/v2\/types\/page"}],"author":[{"embeddable":true,"href":"http:\/\/recettes-gourmandes-de-joce.fr\/index.php\/wp-json\/wp\/v2\/users\/2"}],"replies":[{"embeddable":true,"href":"http:\/\/recettes-gourmandes-de-joce.fr\/index.php\/wp-json\/wp\/v2\/comments?post=15016"}],"version-history":[{"count":5,"href":"http:\/\/recettes-gourmandes-de-joce.fr\/index.php\/wp-json\/wp\/v2\/pages\/15016\/revisions"}],"predecessor-version":[{"id":87315,"href":"http:\/\/recettes-gourmandes-de-joce.fr\/index.php\/wp-json\/wp\/v2\/pages\/15016\/revisions\/87315"}],"up":[{"embeddable":true,"href":"http:\/\/recettes-gourmandes-de-joce.fr\/index.php\/wp-json\/wp\/v2\/pages\/952"}],"wp:featuredmedia":[{"embeddable":true,"href":"http:\/\/recettes-gourmandes-de-joce.fr\/index.php\/wp-json\/wp\/v2\/media\/87314"}],"wp:attachment":[{"href":"http:\/\/recettes-gourmandes-de-joce.fr\/index.php\/wp-json\/wp\/v2\/media?parent=15016"}],"curies":[{"name":"wp","href":"https:\/\/api.w.org\/{rel}","templated":true}]}}