{"id":14886,"date":"2020-01-06T21:40:09","date_gmt":"2020-01-06T21:40:09","guid":{"rendered":"http:\/\/recettes-gourmandes-de-joce.fr\/?page_id=14886"},"modified":"2024-05-22T22:32:11","modified_gmt":"2024-05-22T22:32:11","slug":"soupe-paysanne-au-lard-fume-cresson-celeri-et-persil","status":"publish","type":"page","link":"http:\/\/recettes-gourmandes-de-joce.fr\/index.php\/index\/entrees\/soupes-veloutes\/soupe-paysanne-au-lard-fume-cresson-celeri-et-persil\/","title":{"rendered":"Soupe paysanne au lard fum\u00e9, cresson, c\u00e9leri et persil."},"content":{"rendered":"<p style=\"text-align: center;\"><span style=\"color: #008000; font-size: 18pt; text-decoration: underline; font-family: georgia, palatino, serif;\"><em>Une de mes recettes<\/em><\/span><\/p>\n<p align=\"center\"><span style=\"font-family: georgia, palatino, serif; font-size: 18pt;\"><img loading=\"lazy\" decoding=\"async\" class=\"alignnone wp-image-14876\" src=\"http:\/\/recettes-gourmandes-de-joce.fr\/wp-content\/uploads\/2020\/01\/soupe-cresson-c\u00e9leri-et-persil-au-lard-fum\u00e9-cuit-50-150x150.jpg\" alt=\"\" width=\"240\" height=\"180\" srcset=\"http:\/\/recettes-gourmandes-de-joce.fr\/wp-content\/uploads\/2020\/01\/soupe-cresson-c\u00e9leri-et-persil-au-lard-fum\u00e9-cuit-50-300x225.jpg 300w, http:\/\/recettes-gourmandes-de-joce.fr\/wp-content\/uploads\/2020\/01\/soupe-cresson-c\u00e9leri-et-persil-au-lard-fum\u00e9-cuit-50.jpg 640w\" sizes=\"auto, (max-width: 240px) 100vw, 240px\" \/> <img loading=\"lazy\" decoding=\"async\" class=\"alignnone wp-image-14874\" src=\"http:\/\/recettes-gourmandes-de-joce.fr\/wp-content\/uploads\/2020\/01\/soupe-cresson-c\u00e9leri-et-persil-au-lard-fum\u00e9-cuit-43-150x150.jpg\" alt=\"\" width=\"240\" height=\"180\" srcset=\"http:\/\/recettes-gourmandes-de-joce.fr\/wp-content\/uploads\/2020\/01\/soupe-cresson-c\u00e9leri-et-persil-au-lard-fum\u00e9-cuit-43-300x225.jpg 300w, http:\/\/recettes-gourmandes-de-joce.fr\/wp-content\/uploads\/2020\/01\/soupe-cresson-c\u00e9leri-et-persil-au-lard-fum\u00e9-cuit-43.jpg 640w\" sizes=\"auto, (max-width: 240px) 100vw, 240px\" \/> <img loading=\"lazy\" decoding=\"async\" class=\"alignnone wp-image-14875\" src=\"http:\/\/recettes-gourmandes-de-joce.fr\/wp-content\/uploads\/2020\/01\/soupe-cresson-c\u00e9leri-et-persil-au-lard-fum\u00e9-cuit-46-150x150.jpg\" alt=\"\" width=\"184\" height=\"180\" srcset=\"http:\/\/recettes-gourmandes-de-joce.fr\/wp-content\/uploads\/2020\/01\/soupe-cresson-c\u00e9leri-et-persil-au-lard-fum\u00e9-cuit-46-300x294.jpg 300w, http:\/\/recettes-gourmandes-de-joce.fr\/wp-content\/uploads\/2020\/01\/soupe-cresson-c\u00e9leri-et-persil-au-lard-fum\u00e9-cuit-46.jpg 640w\" sizes=\"auto, (max-width: 184px) 100vw, 184px\" \/><\/span><\/p>\n<p style=\"text-align: center;\" align=\"center\"><span style=\"font-family: georgia, palatino, serif; font-size: 14pt;\"><span style=\"color: #008000; text-decoration: underline; font-size: 18pt;\"><em>Ingr\u00e9dients pour 4 personnes<\/em><\/span>\u00a0<\/span><\/p>\n<p align=\"center\"><span style=\"font-family: georgia, palatino, serif; font-size: 14pt;\"><img loading=\"lazy\" decoding=\"async\" class=\"alignnone wp-image-14877\" src=\"http:\/\/recettes-gourmandes-de-joce.fr\/wp-content\/uploads\/2020\/01\/soupe-cresson-c\u00e9leri-et-persil-au-lard-fum\u00e9-cuit-9-150x150.jpg\" alt=\"\" width=\"274\" height=\"180\" srcset=\"http:\/\/recettes-gourmandes-de-joce.fr\/wp-content\/uploads\/2020\/01\/soupe-cresson-c\u00e9leri-et-persil-au-lard-fum\u00e9-cuit-9-300x197.jpg 300w, http:\/\/recettes-gourmandes-de-joce.fr\/wp-content\/uploads\/2020\/01\/soupe-cresson-c\u00e9leri-et-persil-au-lard-fum\u00e9-cuit-9.jpg 640w\" sizes=\"auto, (max-width: 274px) 100vw, 274px\" \/>\u00a0<\/span><\/p>\n<p style=\"text-align: center;\"><span style=\"font-size: 14pt; font-family: georgia, palatino, serif;\"><em><span style=\"color: #008000;\">1 botte de cresson<\/span><\/em><\/span><\/p>\n<p style=\"text-align: center;\"><span style=\"font-size: 14pt; font-family: georgia, palatino, serif;\"><em><span style=\"color: #008000;\">2 branches de c\u00e9leri (prendre les feuilles)<\/span><\/em><\/span><\/p>\n<p style=\"text-align: center;\"><span style=\"font-size: 14pt; font-family: georgia, palatino, serif;\"><em><span style=\"color: #008000;\">1 bouquet de persil<\/span><\/em><\/span><\/p>\n<p style=\"text-align: center;\"><span style=\"font-size: 14pt; font-family: georgia, palatino, serif;\"><em><span style=\"color: #008000;\">1 gros oignon<\/span><\/em><\/span><\/p>\n<p style=\"text-align: center;\"><span style=\"font-size: 14pt; font-family: georgia, palatino, serif;\"><em><span style=\"color: #008000;\">6 pommes de terre<\/span><\/em><\/span><\/p>\n<p style=\"text-align: center;\"><span style=\"font-size: 14pt; font-family: georgia, palatino, serif;\"><em><span style=\"color: #008000;\">200 g de lard fum\u00e9 cuit<\/span><\/em><\/span><\/p>\n<p style=\"text-align: center;\"><span style=\"font-size: 14pt; font-family: georgia, palatino, serif;\"><em><span style=\"color: #008000;\">2 c \u00e0 s de cr\u00e8me fra\u00eeche<\/span><\/em><\/span><\/p>\n<p style=\"text-align: center;\"><span style=\"font-size: 14pt; font-family: georgia, palatino, serif;\"><em><span style=\"color: #008000;\">30 g de beurre<\/span><\/em><\/span><\/p>\n<p style=\"text-align: center;\"><span style=\"font-size: 14pt; font-family: georgia, palatino, serif;\"><em><span style=\"color: #008000;\">1 litre 500 d&rsquo;eau environ<\/span><\/em><\/span><\/p>\n<p style=\"text-align: center;\"><span style=\"font-size: 14pt; font-family: georgia, palatino, serif;\"><em><span style=\"color: #008000;\">Sel et poivre<\/span><\/em><\/span><\/p>\n<p style=\"text-align: center;\"><span style=\"font-family: georgia, palatino, serif; font-size: 14pt;\"><img loading=\"lazy\" decoding=\"async\" class=\"alignnone wp-image-14808\" src=\"http:\/\/recettes-gourmandes-de-joce.fr\/wp-content\/uploads\/2020\/01\/103_8992-150x150.jpg\" alt=\"\" width=\"194\" height=\"160\" srcset=\"http:\/\/recettes-gourmandes-de-joce.fr\/wp-content\/uploads\/2020\/01\/103_8992-300x248.jpg 300w, http:\/\/recettes-gourmandes-de-joce.fr\/wp-content\/uploads\/2020\/01\/103_8992.jpg 640w\" sizes=\"auto, (max-width: 194px) 100vw, 194px\" \/> <img loading=\"lazy\" decoding=\"async\" class=\"alignnone wp-image-14878\" src=\"http:\/\/recettes-gourmandes-de-joce.fr\/wp-content\/uploads\/2020\/01\/soupe-cresson-c\u00e9leri-et-persil-au-lard-fum\u00e9-cuit-14-150x150.jpg\" alt=\"\" width=\"213\" height=\"160\" srcset=\"http:\/\/recettes-gourmandes-de-joce.fr\/wp-content\/uploads\/2020\/01\/soupe-cresson-c\u00e9leri-et-persil-au-lard-fum\u00e9-cuit-14-300x225.jpg 300w, http:\/\/recettes-gourmandes-de-joce.fr\/wp-content\/uploads\/2020\/01\/soupe-cresson-c\u00e9leri-et-persil-au-lard-fum\u00e9-cuit-14.jpg 640w\" sizes=\"auto, (max-width: 213px) 100vw, 213px\" \/> <img loading=\"lazy\" decoding=\"async\" class=\"alignnone wp-image-14879\" src=\"http:\/\/recettes-gourmandes-de-joce.fr\/wp-content\/uploads\/2020\/01\/soupe-cresson-c\u00e9leri-et-persil-au-lard-fum\u00e9-cuit-17-150x150.jpg\" alt=\"\" width=\"213\" height=\"160\" srcset=\"http:\/\/recettes-gourmandes-de-joce.fr\/wp-content\/uploads\/2020\/01\/soupe-cresson-c\u00e9leri-et-persil-au-lard-fum\u00e9-cuit-17-300x225.jpg 300w, http:\/\/recettes-gourmandes-de-joce.fr\/wp-content\/uploads\/2020\/01\/soupe-cresson-c\u00e9leri-et-persil-au-lard-fum\u00e9-cuit-17.jpg 640w\" sizes=\"auto, (max-width: 213px) 100vw, 213px\" \/><\/span><\/p>\n<p style=\"text-align: center;\"><span style=\"font-family: georgia, palatino, serif; font-size: 14pt;\"><em><span style=\"color: #008000;\">Peler et laver les pommes de terre, les couper en d\u00e9s, <\/span><span style=\"color: #008000;\">peler et \u00e9mincer l&rsquo;oignon. <\/span><\/em><em><span style=\"color: #008000;\">Laver et couper le c\u00e9leri (r\u00e9server les branches pour autre chose) <\/span><span style=\"color: #008000;\">et le persil. <\/span><\/em><em><span style=\"color: #008000;\">\u00d4ter les queues du cresson et le laver. <\/span><\/em><em><span style=\"color: #008000;\">Mettre dans un faitout, le persil, le c\u00e9leri, le cresson et les oignons.<\/span><\/em><\/span><\/p>\n<p style=\"text-align: center;\"><span style=\"font-family: georgia, palatino, serif; font-size: 14pt;\"><img loading=\"lazy\" decoding=\"async\" class=\"alignnone wp-image-14880\" src=\"http:\/\/recettes-gourmandes-de-joce.fr\/wp-content\/uploads\/2020\/01\/soupe-cresson-c\u00e9leri-et-persil-au-lard-fum\u00e9-cuit-20-150x150.jpg\" alt=\"\" width=\"216\" height=\"160\" srcset=\"http:\/\/recettes-gourmandes-de-joce.fr\/wp-content\/uploads\/2020\/01\/soupe-cresson-c\u00e9leri-et-persil-au-lard-fum\u00e9-cuit-20-300x223.jpg 300w, http:\/\/recettes-gourmandes-de-joce.fr\/wp-content\/uploads\/2020\/01\/soupe-cresson-c\u00e9leri-et-persil-au-lard-fum\u00e9-cuit-20.jpg 640w\" sizes=\"auto, (max-width: 216px) 100vw, 216px\" \/> <img loading=\"lazy\" decoding=\"async\" class=\"alignnone wp-image-14881\" src=\"http:\/\/recettes-gourmandes-de-joce.fr\/wp-content\/uploads\/2020\/01\/soupe-cresson-c\u00e9leri-et-persil-au-lard-fum\u00e9-cuit-22-150x150.jpg\" alt=\"\" width=\"213\" height=\"160\" srcset=\"http:\/\/recettes-gourmandes-de-joce.fr\/wp-content\/uploads\/2020\/01\/soupe-cresson-c\u00e9leri-et-persil-au-lard-fum\u00e9-cuit-22-300x225.jpg 300w, http:\/\/recettes-gourmandes-de-joce.fr\/wp-content\/uploads\/2020\/01\/soupe-cresson-c\u00e9leri-et-persil-au-lard-fum\u00e9-cuit-22.jpg 640w\" sizes=\"auto, (max-width: 213px) 100vw, 213px\" \/> <img loading=\"lazy\" decoding=\"async\" class=\"alignnone wp-image-14882\" src=\"http:\/\/recettes-gourmandes-de-joce.fr\/wp-content\/uploads\/2020\/01\/soupe-cresson-c\u00e9leri-et-persil-au-lard-fum\u00e9-cuit-24-150x150.jpg\" alt=\"\" width=\"200\" height=\"160\" srcset=\"http:\/\/recettes-gourmandes-de-joce.fr\/wp-content\/uploads\/2020\/01\/soupe-cresson-c\u00e9leri-et-persil-au-lard-fum\u00e9-cuit-24-300x240.jpg 300w, http:\/\/recettes-gourmandes-de-joce.fr\/wp-content\/uploads\/2020\/01\/soupe-cresson-c\u00e9leri-et-persil-au-lard-fum\u00e9-cuit-24.jpg 640w\" sizes=\"auto, (max-width: 200px) 100vw, 200px\" \/><\/span><\/p>\n<p style=\"text-align: center;\"><span style=\"font-family: georgia, palatino, serif; font-size: 14pt;\"><em><span style=\"color: #008000;\">\u00a0<\/span><\/em><em><span style=\"color: #008000;\">Ajouter le beurre et faire suer quelques minutes. <\/span><\/em><em><span style=\"color: #008000;\"><em><span style=\"color: #008000;\">Au bout de quelques minutes ajouter 1litre et demi d&rsquo;eau <\/span><\/em><em><span style=\"color: #008000;\">afin de recouvrir les l\u00e9gumes,<\/span><\/em><\/span><\/em><\/span><\/p>\n<p style=\"text-align: center;\"><span style=\"font-family: georgia, palatino, serif; font-size: 14pt;\"><img loading=\"lazy\" decoding=\"async\" class=\"alignnone wp-image-14883\" src=\"http:\/\/recettes-gourmandes-de-joce.fr\/wp-content\/uploads\/2020\/01\/soupe-cresson-c\u00e9leri-et-persil-au-lard-fum\u00e9-cuit-26-150x150.jpg\" alt=\"\" width=\"213\" height=\"160\" srcset=\"http:\/\/recettes-gourmandes-de-joce.fr\/wp-content\/uploads\/2020\/01\/soupe-cresson-c\u00e9leri-et-persil-au-lard-fum\u00e9-cuit-26-300x225.jpg 300w, http:\/\/recettes-gourmandes-de-joce.fr\/wp-content\/uploads\/2020\/01\/soupe-cresson-c\u00e9leri-et-persil-au-lard-fum\u00e9-cuit-26.jpg 640w\" sizes=\"auto, (max-width: 213px) 100vw, 213px\" \/> <img loading=\"lazy\" decoding=\"async\" class=\"alignnone wp-image-14870\" src=\"http:\/\/recettes-gourmandes-de-joce.fr\/wp-content\/uploads\/2020\/01\/soupe-cresson-c\u00e9leri-et-persil-au-lard-fum\u00e9-cuit-29-150x150.jpg\" alt=\"\" width=\"198\" height=\"160\" srcset=\"http:\/\/recettes-gourmandes-de-joce.fr\/wp-content\/uploads\/2020\/01\/soupe-cresson-c\u00e9leri-et-persil-au-lard-fum\u00e9-cuit-29-300x243.jpg 300w, http:\/\/recettes-gourmandes-de-joce.fr\/wp-content\/uploads\/2020\/01\/soupe-cresson-c\u00e9leri-et-persil-au-lard-fum\u00e9-cuit-29.jpg 640w\" sizes=\"auto, (max-width: 198px) 100vw, 198px\" \/> <img loading=\"lazy\" decoding=\"async\" class=\"alignnone wp-image-14872\" src=\"http:\/\/recettes-gourmandes-de-joce.fr\/wp-content\/uploads\/2020\/01\/soupe-cresson-c\u00e9leri-et-persil-au-lard-fum\u00e9-cuit-34-150x150.jpg\" alt=\"\" width=\"206\" height=\"160\" srcset=\"http:\/\/recettes-gourmandes-de-joce.fr\/wp-content\/uploads\/2020\/01\/soupe-cresson-c\u00e9leri-et-persil-au-lard-fum\u00e9-cuit-34-300x233.jpg 300w, http:\/\/recettes-gourmandes-de-joce.fr\/wp-content\/uploads\/2020\/01\/soupe-cresson-c\u00e9leri-et-persil-au-lard-fum\u00e9-cuit-34.jpg 640w\" sizes=\"auto, (max-width: 206px) 100vw, 206px\" \/><\/span><\/p>\n<p style=\"text-align: center;\"><span style=\"font-family: georgia, palatino, serif; font-size: 14pt;\"><em><span style=\"color: #008000;\"><em>\u00a0Ajouter les pommes de terre\u00a0<\/em><em>le sel et le poivre.\u00a0<\/em>Rectifier au besoin le niveau d&rsquo;eau. <\/span><\/em><em><span style=\"color: #008000;\">Mettre \u00e0 cuire entre 30 minutes \u00e0 feux doux<\/span><\/em><span style=\"color: #008000;\">\u00a0. <\/span><em><span style=\"color: #008000;\">Mixer la soupe au mixeur plongeant. <\/span><\/em><\/span><\/p>\n<p style=\"text-align: center;\"><span style=\"font-family: georgia, palatino, serif; font-size: 14pt;\"><img loading=\"lazy\" decoding=\"async\" class=\"alignnone wp-image-14873\" src=\"http:\/\/recettes-gourmandes-de-joce.fr\/wp-content\/uploads\/2020\/01\/soupe-cresson-c\u00e9leri-et-persil-au-lard-fum\u00e9-cuit-37-150x150.jpg\" alt=\"\" width=\"213\" height=\"160\" srcset=\"http:\/\/recettes-gourmandes-de-joce.fr\/wp-content\/uploads\/2020\/01\/soupe-cresson-c\u00e9leri-et-persil-au-lard-fum\u00e9-cuit-37-300x225.jpg 300w, http:\/\/recettes-gourmandes-de-joce.fr\/wp-content\/uploads\/2020\/01\/soupe-cresson-c\u00e9leri-et-persil-au-lard-fum\u00e9-cuit-37.jpg 640w\" sizes=\"auto, (max-width: 213px) 100vw, 213px\" \/> <img loading=\"lazy\" decoding=\"async\" class=\"alignnone wp-image-14871\" src=\"http:\/\/recettes-gourmandes-de-joce.fr\/wp-content\/uploads\/2020\/01\/soupe-cresson-c\u00e9leri-et-persil-au-lard-fum\u00e9-cuit-32-150x150.jpg\" alt=\"\" width=\"200\" height=\"160\" srcset=\"http:\/\/recettes-gourmandes-de-joce.fr\/wp-content\/uploads\/2020\/01\/soupe-cresson-c\u00e9leri-et-persil-au-lard-fum\u00e9-cuit-32-300x240.jpg 300w, http:\/\/recettes-gourmandes-de-joce.fr\/wp-content\/uploads\/2020\/01\/soupe-cresson-c\u00e9leri-et-persil-au-lard-fum\u00e9-cuit-32.jpg 640w\" sizes=\"auto, (max-width: 200px) 100vw, 200px\" \/><\/span><\/p>\n<p style=\"text-align: center;\"><span style=\"font-size: 14pt; font-family: georgia, palatino, serif;\"><em><span style=\"color: #008000;\">R\u00e9partir dans des mini <\/span><\/em><em><span style=\"color: #008000;\">soupi\u00e8res, c<span style=\"color: #008000;\">ouper le lard en d\u00e9s et ajoutez l\u00e8s<\/span>\u00a0ainsi qu&rsquo;une c \u00e0 c de cr\u00e8me fra\u00eeche dans les soupi\u00e8res. S<\/span><\/em><em><span style=\"color: #008000;\">ervir imm\u00e9diatement.<\/span><\/em><\/span><\/p>\n<p style=\"text-align: center;\"><span style=\"font-size: 14pt; font-family: georgia, palatino, serif;\"><em><span style=\"color: #008000;\">\u00a0Bon app\u00e9tit!<\/span><\/em><\/span><\/p>\n<p style=\"text-align: center;\"><span style=\"font-family: georgia, palatino, serif; font-size: 14pt;\"><img loading=\"lazy\" decoding=\"async\" class=\"alignnone wp-image-14875\" src=\"http:\/\/recettes-gourmandes-de-joce.fr\/wp-content\/uploads\/2020\/01\/soupe-cresson-c\u00e9leri-et-persil-au-lard-fum\u00e9-cuit-46-150x150.jpg\" alt=\"\" width=\"184\" height=\"180\" srcset=\"http:\/\/recettes-gourmandes-de-joce.fr\/wp-content\/uploads\/2020\/01\/soupe-cresson-c\u00e9leri-et-persil-au-lard-fum\u00e9-cuit-46-300x294.jpg 300w, http:\/\/recettes-gourmandes-de-joce.fr\/wp-content\/uploads\/2020\/01\/soupe-cresson-c\u00e9leri-et-persil-au-lard-fum\u00e9-cuit-46.jpg 640w\" sizes=\"auto, (max-width: 184px) 100vw, 184px\" \/> <img loading=\"lazy\" decoding=\"async\" class=\"alignnone wp-image-14874\" src=\"http:\/\/recettes-gourmandes-de-joce.fr\/wp-content\/uploads\/2020\/01\/soupe-cresson-c\u00e9leri-et-persil-au-lard-fum\u00e9-cuit-43-150x150.jpg\" alt=\"\" width=\"240\" height=\"180\" srcset=\"http:\/\/recettes-gourmandes-de-joce.fr\/wp-content\/uploads\/2020\/01\/soupe-cresson-c\u00e9leri-et-persil-au-lard-fum\u00e9-cuit-43-300x225.jpg 300w, http:\/\/recettes-gourmandes-de-joce.fr\/wp-content\/uploads\/2020\/01\/soupe-cresson-c\u00e9leri-et-persil-au-lard-fum\u00e9-cuit-43.jpg 640w\" sizes=\"auto, (max-width: 240px) 100vw, 240px\" \/> <img loading=\"lazy\" decoding=\"async\" class=\"alignnone wp-image-14876\" src=\"http:\/\/recettes-gourmandes-de-joce.fr\/wp-content\/uploads\/2020\/01\/soupe-cresson-c\u00e9leri-et-persil-au-lard-fum\u00e9-cuit-50-150x150.jpg\" alt=\"\" width=\"240\" height=\"180\" srcset=\"http:\/\/recettes-gourmandes-de-joce.fr\/wp-content\/uploads\/2020\/01\/soupe-cresson-c\u00e9leri-et-persil-au-lard-fum\u00e9-cuit-50-300x225.jpg 300w, http:\/\/recettes-gourmandes-de-joce.fr\/wp-content\/uploads\/2020\/01\/soupe-cresson-c\u00e9leri-et-persil-au-lard-fum\u00e9-cuit-50.jpg 640w\" sizes=\"auto, (max-width: 240px) 100vw, 240px\" \/><\/span><\/p>\n<p style=\"text-align: center;\"><img loading=\"lazy\" decoding=\"async\" class=\"alignnone size-full wp-image-59803\" src=\"http:\/\/recettes-gourmandes-de-joce.fr\/wp-content\/uploads\/2024\/01\/logitech-gaming-software-14112014-121223.jpg\" alt=\"\" width=\"640\" height=\"144\" \/><\/p>\n<p style=\"text-align: center;\">\n<p style=\"text-align: center;\">\n","protected":false},"excerpt":{"rendered":"<p>Une de mes recettes Ingr\u00e9dients pour 4 personnes\u00a0 \u00a0 1 botte de cresson 2 branches de c\u00e9leri (prendre les feuilles) 1 bouquet de persil 1 gros oignon 6 pommes de terre 200 g de lard fum\u00e9 cuit 2 c \u00e0 s de cr\u00e8me fra\u00eeche 30 g de beurre 1 litre 500 d&rsquo;eau environ Sel et &hellip; <\/p>\n<p><a class=\"more-link btn\" href=\"http:\/\/recettes-gourmandes-de-joce.fr\/index.php\/index\/entrees\/soupes-veloutes\/soupe-paysanne-au-lard-fume-cresson-celeri-et-persil\/\">Lire la suite<\/a><\/p>\n","protected":false},"author":2,"featured_media":82851,"parent":167,"menu_order":0,"comment_status":"open","ping_status":"closed","template":"","meta":{"footnotes":""},"class_list":["post-14886","page","type-page","status-publish","has-post-thumbnail","hentry","nodate","item-wrap"],"_links":{"self":[{"href":"http:\/\/recettes-gourmandes-de-joce.fr\/index.php\/wp-json\/wp\/v2\/pages\/14886","targetHints":{"allow":["GET"]}}],"collection":[{"href":"http:\/\/recettes-gourmandes-de-joce.fr\/index.php\/wp-json\/wp\/v2\/pages"}],"about":[{"href":"http:\/\/recettes-gourmandes-de-joce.fr\/index.php\/wp-json\/wp\/v2\/types\/page"}],"author":[{"embeddable":true,"href":"http:\/\/recettes-gourmandes-de-joce.fr\/index.php\/wp-json\/wp\/v2\/users\/2"}],"replies":[{"embeddable":true,"href":"http:\/\/recettes-gourmandes-de-joce.fr\/index.php\/wp-json\/wp\/v2\/comments?post=14886"}],"version-history":[{"count":4,"href":"http:\/\/recettes-gourmandes-de-joce.fr\/index.php\/wp-json\/wp\/v2\/pages\/14886\/revisions"}],"predecessor-version":[{"id":82852,"href":"http:\/\/recettes-gourmandes-de-joce.fr\/index.php\/wp-json\/wp\/v2\/pages\/14886\/revisions\/82852"}],"up":[{"embeddable":true,"href":"http:\/\/recettes-gourmandes-de-joce.fr\/index.php\/wp-json\/wp\/v2\/pages\/167"}],"wp:featuredmedia":[{"embeddable":true,"href":"http:\/\/recettes-gourmandes-de-joce.fr\/index.php\/wp-json\/wp\/v2\/media\/82851"}],"wp:attachment":[{"href":"http:\/\/recettes-gourmandes-de-joce.fr\/index.php\/wp-json\/wp\/v2\/media?parent=14886"}],"curies":[{"name":"wp","href":"https:\/\/api.w.org\/{rel}","templated":true}]}}