{"id":14646,"date":"2020-01-04T22:45:09","date_gmt":"2020-01-04T22:45:09","guid":{"rendered":"http:\/\/recettes-gourmandes-de-joce.fr\/?page_id=14646"},"modified":"2024-07-14T14:27:55","modified_gmt":"2024-07-14T14:27:55","slug":"pate-a-choux","status":"publish","type":"page","link":"http:\/\/recettes-gourmandes-de-joce.fr\/index.php\/index\/desserts\/pates-cremes-glacages\/pate-a-choux\/","title":{"rendered":"P\u00e2te \u00e0 choux."},"content":{"rendered":"<p style=\"text-align: center;\"><span style=\"text-decoration: underline; color: #ff6600;\"><em style=\"font-family: georgia, palatino, serif; font-size: x-large;\">Une de mes recettes<\/em><\/span><\/p>\n<p style=\"text-align: center;\"><span style=\"font-family: georgia, palatino, serif;\"><img loading=\"lazy\" decoding=\"async\" class=\"alignnone wp-image-13189\" src=\"http:\/\/recettes-gourmandes-de-joce.fr\/wp-content\/uploads\/2019\/12\/P3180244-150x150.jpg\" alt=\"\" width=\"203\" height=\"180\" srcset=\"http:\/\/recettes-gourmandes-de-joce.fr\/wp-content\/uploads\/2019\/12\/P3180244-300x266.jpg 300w, http:\/\/recettes-gourmandes-de-joce.fr\/wp-content\/uploads\/2019\/12\/P3180244.jpg 640w\" sizes=\"auto, (max-width: 203px) 100vw, 203px\" \/> <img loading=\"lazy\" decoding=\"async\" class=\"alignnone wp-image-14647\" src=\"http:\/\/recettes-gourmandes-de-joce.fr\/wp-content\/uploads\/2020\/01\/p3190252-001-150x150.jpg\" alt=\"\" width=\"276\" height=\"180\" srcset=\"http:\/\/recettes-gourmandes-de-joce.fr\/wp-content\/uploads\/2020\/01\/p3190252-001-300x195.jpg 300w, http:\/\/recettes-gourmandes-de-joce.fr\/wp-content\/uploads\/2020\/01\/p3190252-001.jpg 493w\" sizes=\"auto, (max-width: 276px) 100vw, 276px\" \/><\/span><\/p>\n<p style=\"text-align: center;\"><span style=\"font-family: georgia, palatino, serif; color: #ff6600;\"><span style=\"text-decoration: underline; font-size: x-large;\"><em>Ingr\u00e9dients pour 30 petits choux<\/em><\/span><\/span><\/p>\n<p><span style=\"font-family: georgia, palatino, serif; color: #ff6600;\"><img loading=\"lazy\" decoding=\"async\" class=\"aligncenter wp-image-13190\" src=\"http:\/\/recettes-gourmandes-de-joce.fr\/wp-content\/uploads\/2019\/12\/P3180212-2-150x150.jpg\" alt=\"\" width=\"173\" height=\"175\" srcset=\"http:\/\/recettes-gourmandes-de-joce.fr\/wp-content\/uploads\/2019\/12\/P3180212-2-296x300.jpg 296w, http:\/\/recettes-gourmandes-de-joce.fr\/wp-content\/uploads\/2019\/12\/P3180212-2.jpg 631w\" sizes=\"auto, (max-width: 173px) 100vw, 173px\" \/><\/span><\/p>\n<p style=\"text-align: center;\"><span style=\"font-family: georgia, palatino, serif; color: #ff6600;\"><em><span style=\"font-size: large;\">3 \u0153ufs<\/span><\/em><\/span><\/p>\n<p style=\"text-align: center;\"><span style=\"font-family: georgia, palatino, serif; color: #ff6600;\"><em><span style=\"font-size: large;\">150 g de farine<\/span><\/em><\/span><\/p>\n<p style=\"text-align: center;\"><span style=\"font-family: georgia, palatino, serif; color: #ff6600;\"><em><span style=\"font-size: large;\">80 g de beurre<\/span><\/em><\/span><\/p>\n<p style=\"text-align: center;\"><span style=\"font-family: georgia, palatino, serif; color: #ff6600;\"><em><span style=\"font-size: large;\">250 g d&rsquo;eau ou de lait<\/span><\/em><\/span><\/p>\n<p style=\"text-align: center;\"><span style=\"font-family: georgia, palatino, serif; color: #ff6600;\"><em><span style=\"font-size: large;\">1 pinc\u00e9e de sel<\/span><\/em><\/span><\/p>\n<p style=\"text-align: center;\"><span style=\"font-family: georgia, palatino, serif; color: #ff6600;\"><img loading=\"lazy\" decoding=\"async\" class=\"alignnone wp-image-13191\" src=\"http:\/\/recettes-gourmandes-de-joce.fr\/wp-content\/uploads\/2019\/12\/P3180213-2-150x150.jpg\" alt=\"\" width=\"189\" height=\"160\" srcset=\"http:\/\/recettes-gourmandes-de-joce.fr\/wp-content\/uploads\/2019\/12\/P3180213-2-300x254.jpg 300w, http:\/\/recettes-gourmandes-de-joce.fr\/wp-content\/uploads\/2019\/12\/P3180213-2.jpg 640w\" sizes=\"auto, (max-width: 189px) 100vw, 189px\" \/> <img loading=\"lazy\" decoding=\"async\" class=\"alignnone wp-image-13192\" src=\"http:\/\/recettes-gourmandes-de-joce.fr\/wp-content\/uploads\/2019\/12\/P3180214-2-150x150.jpg\" alt=\"\" width=\"179\" height=\"160\" srcset=\"http:\/\/recettes-gourmandes-de-joce.fr\/wp-content\/uploads\/2019\/12\/P3180214-2-300x269.jpg 300w, http:\/\/recettes-gourmandes-de-joce.fr\/wp-content\/uploads\/2019\/12\/P3180214-2.jpg 640w\" sizes=\"auto, (max-width: 179px) 100vw, 179px\" \/> <img loading=\"lazy\" decoding=\"async\" class=\"alignnone wp-image-13193\" src=\"http:\/\/recettes-gourmandes-de-joce.fr\/wp-content\/uploads\/2019\/12\/P3180216-2-150x150.jpg\" alt=\"\" width=\"167\" height=\"160\" srcset=\"http:\/\/recettes-gourmandes-de-joce.fr\/wp-content\/uploads\/2019\/12\/P3180216-2-300x287.jpg 300w, http:\/\/recettes-gourmandes-de-joce.fr\/wp-content\/uploads\/2019\/12\/P3180216-2.jpg 640w\" sizes=\"auto, (max-width: 167px) 100vw, 167px\" \/><\/span><\/p>\n<p style=\"text-align: center;\"><span style=\"font-family: georgia, palatino, serif; color: #ff6600;\"><em><span style=\"font-size: large;\">Mettre l&rsquo;eau, le sel et le beurre coup\u00e9 en d\u00e9s dans une casserole.<\/span><\/em><\/span><\/p>\n<p style=\"text-align: center;\"><span style=\"font-family: georgia, palatino, serif; color: #ff6600;\"><img loading=\"lazy\" decoding=\"async\" class=\"alignnone wp-image-13194\" src=\"http:\/\/recettes-gourmandes-de-joce.fr\/wp-content\/uploads\/2019\/12\/P3180218-2-150x150.jpg\" alt=\"\" width=\"185\" height=\"160\" srcset=\"http:\/\/recettes-gourmandes-de-joce.fr\/wp-content\/uploads\/2019\/12\/P3180218-2-300x260.jpg 300w, http:\/\/recettes-gourmandes-de-joce.fr\/wp-content\/uploads\/2019\/12\/P3180218-2.jpg 640w\" sizes=\"auto, (max-width: 185px) 100vw, 185px\" \/> <img loading=\"lazy\" decoding=\"async\" class=\"alignnone wp-image-13195\" src=\"http:\/\/recettes-gourmandes-de-joce.fr\/wp-content\/uploads\/2019\/12\/P3180219-150x150.jpg\" alt=\"\" width=\"213\" height=\"160\" srcset=\"http:\/\/recettes-gourmandes-de-joce.fr\/wp-content\/uploads\/2019\/12\/P3180219-300x225.jpg 300w, http:\/\/recettes-gourmandes-de-joce.fr\/wp-content\/uploads\/2019\/12\/P3180219.jpg 640w\" sizes=\"auto, (max-width: 213px) 100vw, 213px\" \/> <img loading=\"lazy\" decoding=\"async\" class=\"alignnone wp-image-13196\" src=\"http:\/\/recettes-gourmandes-de-joce.fr\/wp-content\/uploads\/2019\/12\/P3180220-2-150x150.jpg\" alt=\"\" width=\"194\" height=\"160\" srcset=\"http:\/\/recettes-gourmandes-de-joce.fr\/wp-content\/uploads\/2019\/12\/P3180220-2-300x247.jpg 300w, http:\/\/recettes-gourmandes-de-joce.fr\/wp-content\/uploads\/2019\/12\/P3180220-2.jpg 640w\" sizes=\"auto, (max-width: 194px) 100vw, 194px\" \/><\/span><\/p>\n<p style=\"text-align: center;\"><span style=\"font-family: georgia, palatino, serif; color: #ff6600;\"><em><span style=\"font-size: large;\">Porter \u00e0 \u00e9bullition, \u00f4ter du feu et verser la farine en une seule fois, m\u00e9langer \u00e0 la spatule. <\/span><\/em><em><span style=\"font-size: large;\">Lorsque le m\u00e9lange est homog\u00e8ne le remettre sur le feu quelques secondes pour le dess\u00e9cher en remuant.\u00a0<\/span><\/em><\/span><\/p>\n<p style=\"text-align: center;\"><span style=\"font-family: georgia, palatino, serif; color: #ff6600;\"><img loading=\"lazy\" decoding=\"async\" class=\"alignnone wp-image-13197\" src=\"http:\/\/recettes-gourmandes-de-joce.fr\/wp-content\/uploads\/2019\/12\/P3180222-2-150x150.jpg\" alt=\"\" width=\"213\" height=\"160\" srcset=\"http:\/\/recettes-gourmandes-de-joce.fr\/wp-content\/uploads\/2019\/12\/P3180222-2-300x225.jpg 300w, http:\/\/recettes-gourmandes-de-joce.fr\/wp-content\/uploads\/2019\/12\/P3180222-2.jpg 640w\" sizes=\"auto, (max-width: 213px) 100vw, 213px\" \/> <img loading=\"lazy\" decoding=\"async\" class=\"alignnone wp-image-13198\" src=\"http:\/\/recettes-gourmandes-de-joce.fr\/wp-content\/uploads\/2019\/12\/P3180223-2-150x150.jpg\" alt=\"\" width=\"213\" height=\"160\" srcset=\"http:\/\/recettes-gourmandes-de-joce.fr\/wp-content\/uploads\/2019\/12\/P3180223-2-300x225.jpg 300w, http:\/\/recettes-gourmandes-de-joce.fr\/wp-content\/uploads\/2019\/12\/P3180223-2.jpg 640w\" sizes=\"auto, (max-width: 213px) 100vw, 213px\" \/> <img loading=\"lazy\" decoding=\"async\" class=\"alignnone wp-image-13179\" src=\"http:\/\/recettes-gourmandes-de-joce.fr\/wp-content\/uploads\/2019\/12\/P3180224-2-150x150.jpg\" alt=\"\" width=\"213\" height=\"160\" srcset=\"http:\/\/recettes-gourmandes-de-joce.fr\/wp-content\/uploads\/2019\/12\/P3180224-2-300x225.jpg 300w, http:\/\/recettes-gourmandes-de-joce.fr\/wp-content\/uploads\/2019\/12\/P3180224-2.jpg 640w\" sizes=\"auto, (max-width: 213px) 100vw, 213px\" \/><\/span><\/p>\n<p style=\"text-align: center;\"><span style=\"font-family: georgia, palatino, serif; color: #ff6600;\"><em><span style=\"font-size: large;\">Le d\u00e9barrasser dans un saladier et ajouter un \u0153uf, m\u00e9langer, vous aller avoir l&rsquo;impression que l&rsquo;\u0153uf ne veut pas s&rsquo;incorporer c&rsquo;est normal. <\/span><\/em><em><span style=\"font-size: large;\">Lorsque le m\u00e9langer est homog\u00e8ne ajouter le deuxi\u00e8me \u0153uf et m\u00e9langer.\u00a0<\/span><\/em><\/span><\/p>\n<p style=\"text-align: center;\"><span style=\"font-family: georgia, palatino, serif; color: #ff6600;\"><img loading=\"lazy\" decoding=\"async\" class=\"alignnone wp-image-13180\" src=\"http:\/\/recettes-gourmandes-de-joce.fr\/wp-content\/uploads\/2019\/12\/P3180225-2-150x150.jpg\" alt=\"\" width=\"213\" height=\"160\" srcset=\"http:\/\/recettes-gourmandes-de-joce.fr\/wp-content\/uploads\/2019\/12\/P3180225-2-300x225.jpg 300w, http:\/\/recettes-gourmandes-de-joce.fr\/wp-content\/uploads\/2019\/12\/P3180225-2.jpg 640w\" sizes=\"auto, (max-width: 213px) 100vw, 213px\" \/> <img loading=\"lazy\" decoding=\"async\" class=\"alignnone wp-image-13181\" src=\"http:\/\/recettes-gourmandes-de-joce.fr\/wp-content\/uploads\/2019\/12\/P3180226-2-150x150.jpg\" alt=\"\" width=\"213\" height=\"160\" srcset=\"http:\/\/recettes-gourmandes-de-joce.fr\/wp-content\/uploads\/2019\/12\/P3180226-2-300x225.jpg 300w, http:\/\/recettes-gourmandes-de-joce.fr\/wp-content\/uploads\/2019\/12\/P3180226-2.jpg 640w\" sizes=\"auto, (max-width: 213px) 100vw, 213px\" \/><\/span><\/p>\n<p style=\"text-align: center;\"><span style=\"font-family: georgia, palatino, serif; color: #ff6600;\"><em><span style=\"font-size: large;\">Recommencer avec le troisi\u00e8me \u0153uf, la p\u00e2te est pr\u00eate lorsqu&rsquo;elle forme un bec au bout du doigt.<\/span><\/em><\/span><\/p>\n<p style=\"text-align: center;\"><span style=\"font-family: georgia, palatino, serif; color: #ff6600;\"><img loading=\"lazy\" decoding=\"async\" class=\"alignnone wp-image-13182\" src=\"http:\/\/recettes-gourmandes-de-joce.fr\/wp-content\/uploads\/2019\/12\/P3180228-2-150x150.jpg\" alt=\"\" width=\"220\" height=\"160\" srcset=\"http:\/\/recettes-gourmandes-de-joce.fr\/wp-content\/uploads\/2019\/12\/P3180228-2-300x218.jpg 300w, http:\/\/recettes-gourmandes-de-joce.fr\/wp-content\/uploads\/2019\/12\/P3180228-2.jpg 640w\" sizes=\"auto, (max-width: 220px) 100vw, 220px\" \/> <img loading=\"lazy\" decoding=\"async\" class=\"alignnone wp-image-13183\" src=\"http:\/\/recettes-gourmandes-de-joce.fr\/wp-content\/uploads\/2019\/12\/P3180229-2-150x150.jpg\" alt=\"\" width=\"245\" height=\"160\" srcset=\"http:\/\/recettes-gourmandes-de-joce.fr\/wp-content\/uploads\/2019\/12\/P3180229-2-300x196.jpg 300w, http:\/\/recettes-gourmandes-de-joce.fr\/wp-content\/uploads\/2019\/12\/P3180229-2.jpg 640w\" sizes=\"auto, (max-width: 245px) 100vw, 245px\" \/>\u00a0<\/span><\/p>\n<p style=\"text-align: center;\"><span style=\"font-family: georgia, palatino, serif; color: #ff6600;\"><em><span style=\"font-size: large;\">Remplissez une poche \u00e0 douille ou un sac cong\u00e9lation dont vous aurez couper un angle, et faire de petits tas de la grosseur d&rsquo;une belle prune sur une feuille de silicone ou un papier sulfuris\u00e9, enfourner 20 minutes dans un four pr\u00e9chauff\u00e9 \u00e0 200\u00b0. N&rsquo;ouvrez pas la porte pendant la cuisson et attendez quelques secondes en fin de cuisson pour ouvrir le four.<\/span><\/em><\/span><\/p>\n<p style=\"text-align: center;\"><span style=\"font-family: georgia, palatino, serif; color: #ff6600;\"><em><span style=\"font-size: large;\">Laisser refroidir.<\/span><\/em><\/span><\/p>\n<p style=\"text-align: center;\"><span style=\"font-family: georgia, palatino, serif; color: #ff6600;\"><em><span style=\"font-size: large;\">Bonne d\u00e9gustation!<\/span><\/em><\/span><\/p>\n<p style=\"text-align: center;\"><span style=\"font-family: georgia, palatino, serif;\"><span style=\"color: #ff6600;\"><img loading=\"lazy\" decoding=\"async\" class=\"alignnone wp-image-14647\" src=\"http:\/\/recettes-gourmandes-de-joce.fr\/wp-content\/uploads\/2020\/01\/p3190252-001-150x150.jpg\" alt=\"\" width=\"276\" height=\"180\" srcset=\"http:\/\/recettes-gourmandes-de-joce.fr\/wp-content\/uploads\/2020\/01\/p3190252-001-300x195.jpg 300w, http:\/\/recettes-gourmandes-de-joce.fr\/wp-content\/uploads\/2020\/01\/p3190252-001.jpg 493w\" sizes=\"auto, (max-width: 276px) 100vw, 276px\" \/>\u00a0<\/span><img loading=\"lazy\" decoding=\"async\" class=\"alignnone wp-image-13189\" src=\"http:\/\/recettes-gourmandes-de-joce.fr\/wp-content\/uploads\/2019\/12\/P3180244-150x150.jpg\" alt=\"\" width=\"203\" height=\"180\" srcset=\"http:\/\/recettes-gourmandes-de-joce.fr\/wp-content\/uploads\/2019\/12\/P3180244-300x266.jpg 300w, http:\/\/recettes-gourmandes-de-joce.fr\/wp-content\/uploads\/2019\/12\/P3180244.jpg 640w\" sizes=\"auto, (max-width: 203px) 100vw, 203px\" \/><\/span><\/p>\n<p style=\"text-align: center;\"><img loading=\"lazy\" decoding=\"async\" class=\"alignnone size-full wp-image-59803\" src=\"http:\/\/recettes-gourmandes-de-joce.fr\/wp-content\/uploads\/2024\/01\/logitech-gaming-software-14112014-121223.jpg\" alt=\"\" width=\"640\" height=\"144\" \/><\/p>\n<div class=\"plugin plugin-social\">\n<div class=\"pw-widget __pw-theme-default pw-widget-b0426 __pw-size-32 __pw-hover-false __pw-layout-horizontal __pw-padding-false __pw-view-auto __pw-label-false __pw-counter-none \" data-layout=\"\" data-label=\"false\" data-counter=\"false\" data-size=\"32\"><span style=\"font-family: georgia, palatino, serif;\">\u00a0\u00a0\u00a0\u00a0\u00a0<\/span><\/div>\n<\/div>\n<div id=\"comments-pages\" class=\"plugin plugin-comments\">\n<h3><span style=\"font-family: georgia, palatino, serif;\">Commentaires\u00a0<small>(3)<\/small><\/span><\/h3>\n<div class=\"items-container\">\n<div class=\"item item-comment media\">\n<div class=\"pull-left\">\n<p>&nbsp;<\/p>\n<p><span style=\"font-family: georgia, palatino, serif;\"><img decoding=\"async\" class=\"media-object\" src=\"https:\/\/www.gravatar.com\/avatar\/c9e01f9d6d03162a541f7c9b3245f735?d=https%3A%2F%2Fwww.recettes-gourmandes-de-joce.com%2Fmedias%2Fstatic%2Fmanager%2Fim%2Favatar.png?s=50&amp;d=mm\" alt=\"PRUDHOMME\" width=\"50\" \/><\/span><\/p>\n<\/div>\n<div class=\"media-body\">\n<ul class=\"inline item-infos\">\n<li><span style=\"font-family: georgia, palatino, serif;\"><span class=\"comment-number\">1.<\/span>\u00a0<span class=\"comment-author\">PRUDHOMME<\/span>\u00a0<span class=\"comment-date\">| 07\/10\/2014<\/span><\/span><\/li>\n<\/ul>\n<div class=\"comment-content\"><span style=\"font-family: georgia, palatino, serif;\">\u00a0bravo pour cette recette facile \u00e0 faire.<\/span><br \/>\n<span style=\"font-family: georgia, palatino, serif;\">Aussi bon que chez mon boulanger au dire de mes amies.<\/span><br \/>\n<span style=\"font-family: georgia, palatino, serif;\">Me suis abonn\u00e9e \u00e0 votre site pour ne pas \u00ab\u00a0oublier\u00a0\u00bb votre lien.<\/span><\/div>\n<div class=\"item item-comment media by-webmaster\">\n<div class=\"pull-left\"><\/div>\n<div class=\"media-body\">\n<ul class=\"inline item-infos\">\n<li><span style=\"font-family: georgia, palatino, serif;\"><span class=\"comment-author\">jocelyne debon\u00a0(<a rel=\"nofollow\">site web<\/a>)<\/span>\u00a0<span class=\"comment-date\">| 07\/10\/2014<\/span><\/span><\/li>\n<\/ul>\n<div class=\"comment-content\"><span style=\"font-family: georgia, palatino, serif;\">Merci pour le commentaire c&rsquo;est gentil<\/span><\/div>\n<div class=\"comment-content\"><span style=\"font-family: georgia, palatino, serif;\"> Bonne journ\u00e9e <\/span><\/div>\n<div class=\"comment-content\"><span style=\"font-family: georgia, palatino, serif;\">Amicalement Joce<\/span><\/div>\n<\/div>\n<\/div>\n<\/div>\n<\/div>\n<div class=\"item item-comment media\">\n<div class=\"pull-left\">\n<p>&nbsp;<\/p>\n<p><span style=\"font-family: georgia, palatino, serif;\"><img decoding=\"async\" class=\"media-object\" src=\"https:\/\/www.gravatar.com\/avatar\/a486a32fb79542206b4f42be698038c6?d=https%3A%2F%2Fwww.recettes-gourmandes-de-joce.com%2Fmedias%2Fstatic%2Fmanager%2Fim%2Favatar.png?s=50&amp;d=mm\" alt=\"sansan173\" width=\"50\" \/><\/span><\/p>\n<\/div>\n<div class=\"media-body\">\n<ul class=\"inline item-infos\">\n<li><span style=\"font-family: georgia, palatino, serif;\"><span class=\"comment-number\">2.<\/span>\u00a0<span class=\"comment-author\">sansan173\u00a0(<a rel=\"nofollow\">site web<\/a>)<\/span>\u00a0<span class=\"comment-date\">| 21\/03\/2012<\/span><\/span><\/li>\n<\/ul>\n<div class=\"comment-content\"><span style=\"font-family: georgia, palatino, serif;\">Je note ta recette.<\/span><\/div>\n<\/div>\n<\/div>\n<\/div>\n<\/div>\n","protected":false},"excerpt":{"rendered":"<p>Une de mes recettes Ingr\u00e9dients pour 30 petits choux 3 \u0153ufs 150 g de farine 80 g de beurre 250 g d&rsquo;eau ou de lait 1 pinc\u00e9e de sel Mettre l&rsquo;eau, le sel et le beurre coup\u00e9 en d\u00e9s dans une casserole. Porter \u00e0 \u00e9bullition, \u00f4ter du feu et verser la farine en une seule &hellip; <\/p>\n<p><a class=\"more-link btn\" href=\"http:\/\/recettes-gourmandes-de-joce.fr\/index.php\/index\/desserts\/pates-cremes-glacages\/pate-a-choux\/\">Lire la suite<\/a><\/p>\n","protected":false},"author":2,"featured_media":87485,"parent":284,"menu_order":0,"comment_status":"open","ping_status":"closed","template":"","meta":{"footnotes":""},"class_list":["post-14646","page","type-page","status-publish","has-post-thumbnail","hentry","nodate","item-wrap"],"_links":{"self":[{"href":"http:\/\/recettes-gourmandes-de-joce.fr\/index.php\/wp-json\/wp\/v2\/pages\/14646","targetHints":{"allow":["GET"]}}],"collection":[{"href":"http:\/\/recettes-gourmandes-de-joce.fr\/index.php\/wp-json\/wp\/v2\/pages"}],"about":[{"href":"http:\/\/recettes-gourmandes-de-joce.fr\/index.php\/wp-json\/wp\/v2\/types\/page"}],"author":[{"embeddable":true,"href":"http:\/\/recettes-gourmandes-de-joce.fr\/index.php\/wp-json\/wp\/v2\/users\/2"}],"replies":[{"embeddable":true,"href":"http:\/\/recettes-gourmandes-de-joce.fr\/index.php\/wp-json\/wp\/v2\/comments?post=14646"}],"version-history":[{"count":8,"href":"http:\/\/recettes-gourmandes-de-joce.fr\/index.php\/wp-json\/wp\/v2\/pages\/14646\/revisions"}],"predecessor-version":[{"id":87486,"href":"http:\/\/recettes-gourmandes-de-joce.fr\/index.php\/wp-json\/wp\/v2\/pages\/14646\/revisions\/87486"}],"up":[{"embeddable":true,"href":"http:\/\/recettes-gourmandes-de-joce.fr\/index.php\/wp-json\/wp\/v2\/pages\/284"}],"wp:featuredmedia":[{"embeddable":true,"href":"http:\/\/recettes-gourmandes-de-joce.fr\/index.php\/wp-json\/wp\/v2\/media\/87485"}],"wp:attachment":[{"href":"http:\/\/recettes-gourmandes-de-joce.fr\/index.php\/wp-json\/wp\/v2\/media?parent=14646"}],"curies":[{"name":"wp","href":"https:\/\/api.w.org\/{rel}","templated":true}]}}