{"id":14574,"date":"2020-01-04T12:25:30","date_gmt":"2020-01-04T12:25:30","guid":{"rendered":"http:\/\/recettes-gourmandes-de-joce.fr\/?page_id=14574"},"modified":"2024-07-13T23:41:36","modified_gmt":"2024-07-13T23:41:36","slug":"mini-galettes-des-rois-creme-damande-et-chocolat","status":"publish","type":"page","link":"http:\/\/recettes-gourmandes-de-joce.fr\/index.php\/index\/desserts\/galettes\/mini-galettes-des-rois-creme-damande-et-chocolat\/","title":{"rendered":"Mini galettes des rois cr\u00e8me d&rsquo;amande et chocolat."},"content":{"rendered":"<p style=\"text-align: center;\"><span style=\"font-size: x-large; color: #ff9900; font-family: georgia, palatino, serif;\"><em><span style=\"text-decoration: underline;\">Une de mes recettes.<\/span><\/em><\/span><\/p>\n<p style=\"text-align: center;\"><span style=\"font-family: georgia, palatino, serif;\"><img loading=\"lazy\" decoding=\"async\" class=\"alignnone wp-image-14583\" src=\"http:\/\/recettes-gourmandes-de-joce.fr\/wp-content\/uploads\/2020\/01\/PC310107-150x150.jpg\" alt=\"\" width=\"213\" height=\"180\" srcset=\"http:\/\/recettes-gourmandes-de-joce.fr\/wp-content\/uploads\/2020\/01\/PC310107-300x254.jpg 300w, http:\/\/recettes-gourmandes-de-joce.fr\/wp-content\/uploads\/2020\/01\/PC310107.jpg 640w\" sizes=\"auto, (max-width: 213px) 100vw, 213px\" \/> <img loading=\"lazy\" decoding=\"async\" class=\"alignnone wp-image-14584\" src=\"http:\/\/recettes-gourmandes-de-joce.fr\/wp-content\/uploads\/2020\/01\/PC310119-150x150.jpg\" alt=\"\" width=\"243\" height=\"180\" srcset=\"http:\/\/recettes-gourmandes-de-joce.fr\/wp-content\/uploads\/2020\/01\/PC310119-300x222.jpg 300w, http:\/\/recettes-gourmandes-de-joce.fr\/wp-content\/uploads\/2020\/01\/PC310119.jpg 640w\" sizes=\"auto, (max-width: 243px) 100vw, 243px\" \/> <img loading=\"lazy\" decoding=\"async\" class=\"alignnone wp-image-14585\" src=\"http:\/\/recettes-gourmandes-de-joce.fr\/wp-content\/uploads\/2020\/01\/PC310122-150x150.jpg\" alt=\"\" width=\"261\" height=\"180\" srcset=\"http:\/\/recettes-gourmandes-de-joce.fr\/wp-content\/uploads\/2020\/01\/PC310122-300x207.jpg 300w, http:\/\/recettes-gourmandes-de-joce.fr\/wp-content\/uploads\/2020\/01\/PC310122.jpg 640w\" sizes=\"auto, (max-width: 261px) 100vw, 261px\" \/><\/span><\/p>\n<p style=\"text-align: center;\"><span style=\"font-size: x-large; color: #ff9900; font-family: georgia, palatino, serif;\"><em><span style=\"text-decoration: underline;\">Ingr\u00e9dients pour 8 mini galettes<\/span><\/em><\/span><\/p>\n<p style=\"text-align: center;\"><span style=\"font-family: georgia, palatino, serif;\"><img loading=\"lazy\" decoding=\"async\" class=\"alignnone wp-image-14573\" src=\"http:\/\/recettes-gourmandes-de-joce.fr\/wp-content\/uploads\/2020\/01\/P1020138-150x150.jpg\" alt=\"\" width=\"267\" height=\"200\" srcset=\"http:\/\/recettes-gourmandes-de-joce.fr\/wp-content\/uploads\/2020\/01\/P1020138-300x225.jpg 300w, http:\/\/recettes-gourmandes-de-joce.fr\/wp-content\/uploads\/2020\/01\/P1020138.jpg 640w\" sizes=\"auto, (max-width: 267px) 100vw, 267px\" \/> <img loading=\"lazy\" decoding=\"async\" class=\"alignnone wp-image-14575\" src=\"http:\/\/recettes-gourmandes-de-joce.fr\/wp-content\/uploads\/2020\/01\/PC310044-150x150.jpg\" alt=\"\" width=\"276\" height=\"200\" srcset=\"http:\/\/recettes-gourmandes-de-joce.fr\/wp-content\/uploads\/2020\/01\/PC310044-300x217.jpg 300w, http:\/\/recettes-gourmandes-de-joce.fr\/wp-content\/uploads\/2020\/01\/PC310044.jpg 640w\" sizes=\"auto, (max-width: 276px) 100vw, 276px\" \/><\/span><\/p>\n<p style=\"text-align: center;\"><span style=\"font-size: large; color: #ff9900; font-family: georgia, palatino, serif;\"><em>2 p\u00e2tes feuillet\u00e9es<\/em><\/span><\/p>\n<p style=\"text-align: center;\"><span style=\"font-size: large; color: #ff9900; font-family: georgia, palatino, serif;\"><em>70 g de poudre d&rsquo;amande<\/em><\/span><\/p>\n<p style=\"text-align: center;\"><span style=\"font-size: large; color: #ff9900; font-family: georgia, palatino, serif;\"><em>70 g de sucre<\/em><\/span><\/p>\n<p style=\"text-align: center;\"><span style=\"font-size: large; color: #ff9900; font-family: georgia, palatino, serif;\"><em>70 g de beurre<\/em><\/span><\/p>\n<p style=\"text-align: center;\"><span style=\"font-size: large; color: #ff9900; font-family: georgia, palatino, serif;\"><em>30 g de beurre (pour faire fondre le chocolat)<\/em><\/span><\/p>\n<p style=\"text-align: center;\"><span style=\"font-size: large; color: #ff9900; font-family: georgia, palatino, serif;\"><em>70 g de chocolat \u00e0 cuire<\/em><\/span><\/p>\n<p style=\"text-align: center;\"><span style=\"font-size: large; color: #ff9900; font-family: georgia, palatino, serif;\"><em>2 \u0153ufs (il y en a 3 sur la photo car j&rsquo;ai fait<\/em><\/span><\/p>\n<p style=\"text-align: center;\"><span style=\"font-size: large; color: #ff9900; font-family: georgia, palatino, serif;\"><em>en plus une grande galette, tenir compte que de 2)<\/em><\/span><\/p>\n<p style=\"text-align: center;\"><span style=\"font-size: large; color: #ff9900; font-family: georgia, palatino, serif;\"><em>3 gouttes d&rsquo;essence d&rsquo;amande am\u00e8re<\/em><\/span><\/p>\n<p style=\"text-align: center;\"><span style=\"font-size: large; color: #ff9900; font-family: georgia, palatino, serif;\"><em>1 f\u00e8ve<\/em><\/span><\/p>\n<p style=\"text-align: center;\"><span style=\"font-family: georgia, palatino, serif;\"><img loading=\"lazy\" decoding=\"async\" class=\"alignnone wp-image-14589\" src=\"http:\/\/recettes-gourmandes-de-joce.fr\/wp-content\/uploads\/2020\/01\/PC310042-150x150.jpg\" alt=\"\" width=\"213\" height=\"160\" srcset=\"http:\/\/recettes-gourmandes-de-joce.fr\/wp-content\/uploads\/2020\/01\/PC310042-300x225.jpg 300w, http:\/\/recettes-gourmandes-de-joce.fr\/wp-content\/uploads\/2020\/01\/PC310042.jpg 640w\" sizes=\"auto, (max-width: 213px) 100vw, 213px\" \/> <img loading=\"lazy\" decoding=\"async\" class=\"alignnone wp-image-14576\" src=\"http:\/\/recettes-gourmandes-de-joce.fr\/wp-content\/uploads\/2020\/01\/PC310047-150x150.jpg\" alt=\"\" width=\"213\" height=\"160\" srcset=\"http:\/\/recettes-gourmandes-de-joce.fr\/wp-content\/uploads\/2020\/01\/PC310047-300x225.jpg 300w, http:\/\/recettes-gourmandes-de-joce.fr\/wp-content\/uploads\/2020\/01\/PC310047.jpg 640w\" sizes=\"auto, (max-width: 213px) 100vw, 213px\" \/> <img loading=\"lazy\" decoding=\"async\" class=\"alignnone wp-image-14577\" src=\"http:\/\/recettes-gourmandes-de-joce.fr\/wp-content\/uploads\/2020\/01\/PC310049-150x150.jpg\" alt=\"\" width=\"213\" height=\"160\" srcset=\"http:\/\/recettes-gourmandes-de-joce.fr\/wp-content\/uploads\/2020\/01\/PC310049-300x225.jpg 300w, http:\/\/recettes-gourmandes-de-joce.fr\/wp-content\/uploads\/2020\/01\/PC310049.jpg 640w\" sizes=\"auto, (max-width: 213px) 100vw, 213px\" \/>\u00a0<\/span><\/p>\n<p style=\"text-align: center;\"><span style=\"font-size: large; color: #ff9900; font-family: georgia, palatino, serif;\"><em>\u00a0 Battre le beurre mou avec le sucre, bien m\u00e9langer. Ajouter l&rsquo;\u0153uf et bien l&rsquo;incorporer, ajouter ensuite la poudre d&rsquo;amande et bien m\u00e9langer \u00e0 nouveau. Pr\u00e9chauffer le four \u00e0 200\u00b0<\/em><\/span><\/p>\n<p style=\"text-align: center;\"><span style=\"font-family: georgia, palatino, serif;\"><img loading=\"lazy\" decoding=\"async\" class=\"alignnone wp-image-14578\" src=\"http:\/\/recettes-gourmandes-de-joce.fr\/wp-content\/uploads\/2020\/01\/PC310051-150x150.jpg\" alt=\"\" width=\"213\" height=\"160\" srcset=\"http:\/\/recettes-gourmandes-de-joce.fr\/wp-content\/uploads\/2020\/01\/PC310051-300x225.jpg 300w, http:\/\/recettes-gourmandes-de-joce.fr\/wp-content\/uploads\/2020\/01\/PC310051.jpg 640w\" sizes=\"auto, (max-width: 213px) 100vw, 213px\" \/>\u00a0<img loading=\"lazy\" decoding=\"async\" class=\"alignnone wp-image-14587\" src=\"http:\/\/recettes-gourmandes-de-joce.fr\/wp-content\/uploads\/2020\/01\/PC310038-150x150.jpg\" alt=\"\" width=\"213\" height=\"160\" srcset=\"http:\/\/recettes-gourmandes-de-joce.fr\/wp-content\/uploads\/2020\/01\/PC310038-300x225.jpg 300w, http:\/\/recettes-gourmandes-de-joce.fr\/wp-content\/uploads\/2020\/01\/PC310038.jpg 640w\" sizes=\"auto, (max-width: 213px) 100vw, 213px\" \/> <img loading=\"lazy\" decoding=\"async\" class=\"alignnone wp-image-14588\" src=\"http:\/\/recettes-gourmandes-de-joce.fr\/wp-content\/uploads\/2020\/01\/PC310040-150x150.jpg\" alt=\"\" width=\"213\" height=\"160\" srcset=\"http:\/\/recettes-gourmandes-de-joce.fr\/wp-content\/uploads\/2020\/01\/PC310040-300x225.jpg 300w, http:\/\/recettes-gourmandes-de-joce.fr\/wp-content\/uploads\/2020\/01\/PC310040.jpg 640w\" sizes=\"auto, (max-width: 213px) 100vw, 213px\" \/><\/span><\/p>\n<p style=\"text-align: center;\"><span style=\"font-size: large; color: #ff9900; font-family: georgia, palatino, serif;\"><em>Ajouter ensuite l&rsquo;essence d&rsquo;amande am\u00e8re. Etaler la p\u00e2te feuillet\u00e9e et d\u00e9couper 6 ronds. Etaler les chutes et red\u00e9couper 2 ronds. Faire de m\u00eame avec la 2\u00e8me p\u00e2te feuillet\u00e9e. Faire fondre le chocolat au micro-ondes avec 30g de beurre 1mn30 \u00e0 pleine puissance, m\u00e9langer. Mettre du chocolat sur 8 ronds en s&rsquo;arr\u00eatant \u00e01 cm du bord<\/em><\/span><\/p>\n<p style=\"text-align: center;\"><span style=\"font-family: georgia, palatino, serif;\"><img loading=\"lazy\" decoding=\"async\" class=\"alignnone wp-image-14579\" src=\"http:\/\/recettes-gourmandes-de-joce.fr\/wp-content\/uploads\/2020\/01\/PC310055-150x150.jpg\" alt=\"\" width=\"216\" height=\"160\" srcset=\"http:\/\/recettes-gourmandes-de-joce.fr\/wp-content\/uploads\/2020\/01\/PC310055-300x223.jpg 300w, http:\/\/recettes-gourmandes-de-joce.fr\/wp-content\/uploads\/2020\/01\/PC310055.jpg 640w\" sizes=\"auto, (max-width: 216px) 100vw, 216px\" \/> <img loading=\"lazy\" decoding=\"async\" class=\"alignnone wp-image-14563\" src=\"http:\/\/recettes-gourmandes-de-joce.fr\/wp-content\/uploads\/2020\/01\/P1020150-150x150.jpg\" alt=\"\" width=\"213\" height=\"160\" srcset=\"http:\/\/recettes-gourmandes-de-joce.fr\/wp-content\/uploads\/2020\/01\/P1020150-300x225.jpg 300w, http:\/\/recettes-gourmandes-de-joce.fr\/wp-content\/uploads\/2020\/01\/P1020150.jpg 640w\" sizes=\"auto, (max-width: 213px) 100vw, 213px\" \/>\u00a0<img loading=\"lazy\" decoding=\"async\" class=\"alignnone wp-image-14580\" src=\"http:\/\/recettes-gourmandes-de-joce.fr\/wp-content\/uploads\/2020\/01\/PC310061-150x150.jpg\" alt=\"\" width=\"213\" height=\"160\" srcset=\"http:\/\/recettes-gourmandes-de-joce.fr\/wp-content\/uploads\/2020\/01\/PC310061-300x225.jpg 300w, http:\/\/recettes-gourmandes-de-joce.fr\/wp-content\/uploads\/2020\/01\/PC310061.jpg 640w\" sizes=\"auto, (max-width: 213px) 100vw, 213px\" \/><\/span><\/p>\n<p style=\"text-align: center;\"><span style=\"font-size: large; color: #ff9900; font-family: georgia, palatino, serif;\"><em> Ajouter un peu de cr\u00e8me d&rsquo;amande. Battre le 2\u00e8me \u0153uf en omelette et en passer sur les bords des 8 ronds contenant le chocolat et la cr\u00e8me d&rsquo;amande. <\/em><\/span><\/p>\n<p style=\"text-align: center;\"><span style=\"font-family: georgia, palatino, serif;\"><img loading=\"lazy\" decoding=\"async\" class=\"alignnone wp-image-14581\" src=\"http:\/\/recettes-gourmandes-de-joce.fr\/wp-content\/uploads\/2020\/01\/PC310064-150x150.jpg\" alt=\"\" width=\"234\" height=\"160\" srcset=\"http:\/\/recettes-gourmandes-de-joce.fr\/wp-content\/uploads\/2020\/01\/PC310064-300x205.jpg 300w, http:\/\/recettes-gourmandes-de-joce.fr\/wp-content\/uploads\/2020\/01\/PC310064.jpg 640w\" sizes=\"auto, (max-width: 234px) 100vw, 234px\" \/> <img loading=\"lazy\" decoding=\"async\" class=\"alignnone wp-image-14582\" src=\"http:\/\/recettes-gourmandes-de-joce.fr\/wp-content\/uploads\/2020\/01\/PC310069-150x150.jpg\" alt=\"\" width=\"245\" height=\"160\" srcset=\"http:\/\/recettes-gourmandes-de-joce.fr\/wp-content\/uploads\/2020\/01\/PC310069-300x196.jpg 300w, http:\/\/recettes-gourmandes-de-joce.fr\/wp-content\/uploads\/2020\/01\/PC310069.jpg 640w\" sizes=\"auto, (max-width: 245px) 100vw, 245px\" \/><\/span><\/p>\n<p style=\"text-align: center;\"><span style=\"font-size: large; color: #ff9900; font-family: georgia, palatino, serif;\"><em>Recouvrir chaque rond d&rsquo;un 2\u00e8me disque de p\u00e2te en glissant une f\u00e8ve dans une des galettes. Replier les bords et appuyer le tour avec une fourchette pour bien les souder . Passer les galettes \u00e0 l&rsquo;\u0153uf, ajouter \u00e9ventuellement des d\u00e9corations en p\u00e2te feuillet\u00e9e r\u00e9alis\u00e9es avec les chutes et passez les \u00e9galement \u00e0 l&rsquo;\u0153uf battu, enfourner + ou &#8211; 30 mn \u00e0 200\u00b0 selon les fours, surveiller la coloration<\/em><\/span><\/p>\n<p style=\"text-align: center;\"><span style=\"font-size: large; color: #ff9900; font-family: georgia, palatino, serif;\"><em>Tirer les rois de la m\u00eame fa\u00e7on qu&rsquo;avec une galette enti\u00e8re \u00e0 la diff\u00e9rence des parts on donnera une galette par personne, mais dans une seule seulement se trouveras la f\u00e8ve\u00a0<\/em><\/span><\/p>\n<p style=\"text-align: center;\"><span style=\"font-size: large; color: #ff9900; font-family: georgia, palatino, serif;\"><em>Bonne d\u00e9gustation!<\/em><\/span><\/p>\n<p style=\"text-align: center;\"><span style=\"font-family: georgia, palatino, serif;\"><img loading=\"lazy\" decoding=\"async\" class=\"alignnone wp-image-14583\" src=\"http:\/\/recettes-gourmandes-de-joce.fr\/wp-content\/uploads\/2020\/01\/PC310107-150x150.jpg\" alt=\"\" width=\"213\" height=\"180\" srcset=\"http:\/\/recettes-gourmandes-de-joce.fr\/wp-content\/uploads\/2020\/01\/PC310107-300x254.jpg 300w, http:\/\/recettes-gourmandes-de-joce.fr\/wp-content\/uploads\/2020\/01\/PC310107.jpg 640w\" sizes=\"auto, (max-width: 213px) 100vw, 213px\" \/> <img loading=\"lazy\" decoding=\"async\" class=\"alignnone wp-image-14584\" src=\"http:\/\/recettes-gourmandes-de-joce.fr\/wp-content\/uploads\/2020\/01\/PC310119-150x150.jpg\" alt=\"\" width=\"243\" height=\"180\" srcset=\"http:\/\/recettes-gourmandes-de-joce.fr\/wp-content\/uploads\/2020\/01\/PC310119-300x222.jpg 300w, http:\/\/recettes-gourmandes-de-joce.fr\/wp-content\/uploads\/2020\/01\/PC310119.jpg 640w\" sizes=\"auto, (max-width: 243px) 100vw, 243px\" \/> <img loading=\"lazy\" decoding=\"async\" class=\"alignnone wp-image-14585\" src=\"http:\/\/recettes-gourmandes-de-joce.fr\/wp-content\/uploads\/2020\/01\/PC310122-150x150.jpg\" alt=\"\" width=\"261\" height=\"180\" srcset=\"http:\/\/recettes-gourmandes-de-joce.fr\/wp-content\/uploads\/2020\/01\/PC310122-300x207.jpg 300w, http:\/\/recettes-gourmandes-de-joce.fr\/wp-content\/uploads\/2020\/01\/PC310122.jpg 640w\" sizes=\"auto, (max-width: 261px) 100vw, 261px\" \/><\/span><\/p>\n<p style=\"text-align: center;\"><img loading=\"lazy\" decoding=\"async\" class=\"alignnone size-full wp-image-59803\" src=\"http:\/\/recettes-gourmandes-de-joce.fr\/wp-content\/uploads\/2024\/01\/logitech-gaming-software-14112014-121223.jpg\" alt=\"\" width=\"640\" height=\"144\" \/><\/p>\n","protected":false},"excerpt":{"rendered":"<p>Une de mes recettes. Ingr\u00e9dients pour 8 mini galettes 2 p\u00e2tes feuillet\u00e9es 70 g de poudre d&rsquo;amande 70 g de sucre 70 g de beurre 30 g de beurre (pour faire fondre le chocolat) 70 g de chocolat \u00e0 cuire 2 \u0153ufs (il y en a 3 sur la photo car j&rsquo;ai fait en plus &hellip; <\/p>\n<p><a class=\"more-link btn\" href=\"http:\/\/recettes-gourmandes-de-joce.fr\/index.php\/index\/desserts\/galettes\/mini-galettes-des-rois-creme-damande-et-chocolat\/\">Lire la suite<\/a><\/p>\n","protected":false},"author":2,"featured_media":87467,"parent":2901,"menu_order":0,"comment_status":"open","ping_status":"closed","template":"","meta":{"footnotes":""},"class_list":["post-14574","page","type-page","status-publish","has-post-thumbnail","hentry","nodate","item-wrap"],"_links":{"self":[{"href":"http:\/\/recettes-gourmandes-de-joce.fr\/index.php\/wp-json\/wp\/v2\/pages\/14574","targetHints":{"allow":["GET"]}}],"collection":[{"href":"http:\/\/recettes-gourmandes-de-joce.fr\/index.php\/wp-json\/wp\/v2\/pages"}],"about":[{"href":"http:\/\/recettes-gourmandes-de-joce.fr\/index.php\/wp-json\/wp\/v2\/types\/page"}],"author":[{"embeddable":true,"href":"http:\/\/recettes-gourmandes-de-joce.fr\/index.php\/wp-json\/wp\/v2\/users\/2"}],"replies":[{"embeddable":true,"href":"http:\/\/recettes-gourmandes-de-joce.fr\/index.php\/wp-json\/wp\/v2\/comments?post=14574"}],"version-history":[{"count":4,"href":"http:\/\/recettes-gourmandes-de-joce.fr\/index.php\/wp-json\/wp\/v2\/pages\/14574\/revisions"}],"predecessor-version":[{"id":87468,"href":"http:\/\/recettes-gourmandes-de-joce.fr\/index.php\/wp-json\/wp\/v2\/pages\/14574\/revisions\/87468"}],"up":[{"embeddable":true,"href":"http:\/\/recettes-gourmandes-de-joce.fr\/index.php\/wp-json\/wp\/v2\/pages\/2901"}],"wp:featuredmedia":[{"embeddable":true,"href":"http:\/\/recettes-gourmandes-de-joce.fr\/index.php\/wp-json\/wp\/v2\/media\/87467"}],"wp:attachment":[{"href":"http:\/\/recettes-gourmandes-de-joce.fr\/index.php\/wp-json\/wp\/v2\/media?parent=14574"}],"curies":[{"name":"wp","href":"https:\/\/api.w.org\/{rel}","templated":true}]}}