{"id":1442,"date":"2019-09-27T10:28:53","date_gmt":"2019-09-27T10:28:53","guid":{"rendered":"http:\/\/recettes-gourmandes-de-joce.fr\/?page_id=1442"},"modified":"2024-05-08T21:09:02","modified_gmt":"2024-05-08T21:09:02","slug":"soupe-de-persil-et-batavia-a-la-truite-fumee","status":"publish","type":"page","link":"http:\/\/recettes-gourmandes-de-joce.fr\/index.php\/index\/entrees\/soupes-veloutes\/soupe-de-persil-et-batavia-a-la-truite-fumee\/","title":{"rendered":"Soupe de persil et batavia \u00e0 la truite fum\u00e9e."},"content":{"rendered":"<p style=\"text-align: center;\"><span style=\"color: #336600; font-family: georgia, palatino, serif;\"><span style=\"text-decoration: underline;\"><em><span style=\"font-size: x-large;\">Une de mes recettes<\/span><\/em><\/span><\/span><\/p>\n<p style=\"text-align: center;\"><img loading=\"lazy\" decoding=\"async\" class=\"alignnone wp-image-79097\" src=\"http:\/\/recettes-gourmandes-de-joce.fr\/wp-content\/uploads\/2024\/05\/soupe-persil-batavia3.jpg\" alt=\"\" width=\"240\" height=\"180\" srcset=\"http:\/\/recettes-gourmandes-de-joce.fr\/wp-content\/uploads\/2024\/05\/soupe-persil-batavia3.jpg 1024w, http:\/\/recettes-gourmandes-de-joce.fr\/wp-content\/uploads\/2024\/05\/soupe-persil-batavia3-768x576.jpg 768w, http:\/\/recettes-gourmandes-de-joce.fr\/wp-content\/uploads\/2024\/05\/soupe-persil-batavia3-750x563.jpg 750w\" sizes=\"auto, (max-width: 240px) 100vw, 240px\" \/> <img loading=\"lazy\" decoding=\"async\" class=\"alignnone wp-image-79096\" src=\"http:\/\/recettes-gourmandes-de-joce.fr\/wp-content\/uploads\/2024\/05\/soupe-persil-batavia2.jpg\" alt=\"\" width=\"240\" height=\"180\" srcset=\"http:\/\/recettes-gourmandes-de-joce.fr\/wp-content\/uploads\/2024\/05\/soupe-persil-batavia2.jpg 1024w, http:\/\/recettes-gourmandes-de-joce.fr\/wp-content\/uploads\/2024\/05\/soupe-persil-batavia2-768x576.jpg 768w, http:\/\/recettes-gourmandes-de-joce.fr\/wp-content\/uploads\/2024\/05\/soupe-persil-batavia2-750x563.jpg 750w\" sizes=\"auto, (max-width: 240px) 100vw, 240px\" \/> <img loading=\"lazy\" decoding=\"async\" class=\"alignnone wp-image-79095\" src=\"http:\/\/recettes-gourmandes-de-joce.fr\/wp-content\/uploads\/2024\/05\/soupe-persil-batavia1.jpg\" alt=\"\" width=\"228\" height=\"180\" srcset=\"http:\/\/recettes-gourmandes-de-joce.fr\/wp-content\/uploads\/2024\/05\/soupe-persil-batavia1.jpg 1024w, http:\/\/recettes-gourmandes-de-joce.fr\/wp-content\/uploads\/2024\/05\/soupe-persil-batavia1-768x605.jpg 768w, http:\/\/recettes-gourmandes-de-joce.fr\/wp-content\/uploads\/2024\/05\/soupe-persil-batavia1-750x591.jpg 750w\" sizes=\"auto, (max-width: 228px) 100vw, 228px\" \/><\/p>\n<p style=\"text-align: center;\"><span style=\"color: #336600; font-family: georgia, palatino, serif;\"><span style=\"font-size: x-large; text-decoration: underline;\"><em>Ingr\u00e9dients pour 3 personnes<\/em><\/span><\/span><\/p>\n<p style=\"text-align: center;\"><img loading=\"lazy\" decoding=\"async\" class=\"alignnone wp-image-79098\" src=\"http:\/\/recettes-gourmandes-de-joce.fr\/wp-content\/uploads\/2024\/05\/soupe-persil-batavia4.jpg\" alt=\"\" width=\"253\" height=\"200\" srcset=\"http:\/\/recettes-gourmandes-de-joce.fr\/wp-content\/uploads\/2024\/05\/soupe-persil-batavia4.jpg 1024w, http:\/\/recettes-gourmandes-de-joce.fr\/wp-content\/uploads\/2024\/05\/soupe-persil-batavia4-768x608.jpg 768w, http:\/\/recettes-gourmandes-de-joce.fr\/wp-content\/uploads\/2024\/05\/soupe-persil-batavia4-750x593.jpg 750w\" sizes=\"auto, (max-width: 253px) 100vw, 253px\" \/><\/p>\n<p style=\"text-align: center;\"><span style=\"color: #336600; font-family: georgia, palatino, serif; font-size: 14pt;\"><em>\u00bd batavia ou salade de votre choix<\/em><\/span><\/p>\n<p style=\"text-align: center;\"><span style=\"color: #336600; font-family: georgia, palatino, serif; font-size: 14pt;\"><em>1 oignon blanc et ses tiges<\/em><\/span><\/p>\n<p style=\"text-align: center;\"><span style=\"color: #336600; font-family: georgia, palatino, serif; font-size: 14pt;\"><em>8 pommes de pommes de terre,<\/em><\/span><\/p>\n<p style=\"text-align: center;\"><span style=\"color: #336600; font-family: georgia, palatino, serif; font-size: 14pt;\"><em>1 botte de persil plat<\/em><\/span><\/p>\n<p style=\"text-align: center;\"><span style=\"color: #336600; font-family: georgia, palatino, serif; font-size: 14pt;\"><em>1 morceaux de beurre<\/em><\/span><\/p>\n<p style=\"text-align: center;\"><span style=\"color: #336600; font-family: georgia, palatino, serif; font-size: 14pt;\"><em>1 bonne c \u00e0 s de cr\u00e8me fra\u00eeche<\/em><\/span><\/p>\n<p style=\"text-align: center;\"><span style=\"color: #336600; font-family: georgia, palatino, serif; font-size: 14pt;\"><em>2 filets de truites fum\u00e9es cuites<\/em><\/span><\/p>\n<p style=\"text-align: center;\"><span style=\"color: #336600; font-family: georgia, palatino, serif; font-size: 14pt;\"><em>1 c \u00e0 s de gros sel<\/em><\/span><\/p>\n<p style=\"text-align: center;\"><span style=\"color: #336600; font-family: georgia, palatino, serif; font-size: 14pt;\"><em>Poivre<\/em><\/span><\/p>\n<p style=\"text-align: center;\"><span style=\"color: #336600; font-family: georgia, palatino, serif; font-size: 14pt;\"><em>J&rsquo;utilise aussi les tiges des bottes de persil que je r\u00e9serve pour la soupe en les congelant, ainsi pas de gaspillage.<\/em><\/span><\/p>\n<p style=\"text-align: center;\"><img loading=\"lazy\" decoding=\"async\" class=\"alignnone wp-image-79099\" src=\"http:\/\/recettes-gourmandes-de-joce.fr\/wp-content\/uploads\/2024\/05\/soupe-persil-batavia5.jpg\" alt=\"\" width=\"227\" height=\"170\" srcset=\"http:\/\/recettes-gourmandes-de-joce.fr\/wp-content\/uploads\/2024\/05\/soupe-persil-batavia5.jpg 1024w, http:\/\/recettes-gourmandes-de-joce.fr\/wp-content\/uploads\/2024\/05\/soupe-persil-batavia5-768x576.jpg 768w, http:\/\/recettes-gourmandes-de-joce.fr\/wp-content\/uploads\/2024\/05\/soupe-persil-batavia5-750x563.jpg 750w\" sizes=\"auto, (max-width: 227px) 100vw, 227px\" \/> <img loading=\"lazy\" decoding=\"async\" class=\"alignnone wp-image-79084\" src=\"http:\/\/recettes-gourmandes-de-joce.fr\/wp-content\/uploads\/2024\/05\/soupe-persil-batavia6.jpg\" alt=\"\" width=\"227\" height=\"170\" srcset=\"http:\/\/recettes-gourmandes-de-joce.fr\/wp-content\/uploads\/2024\/05\/soupe-persil-batavia6.jpg 1024w, http:\/\/recettes-gourmandes-de-joce.fr\/wp-content\/uploads\/2024\/05\/soupe-persil-batavia6-768x576.jpg 768w, http:\/\/recettes-gourmandes-de-joce.fr\/wp-content\/uploads\/2024\/05\/soupe-persil-batavia6-750x563.jpg 750w\" sizes=\"auto, (max-width: 227px) 100vw, 227px\" \/> <img loading=\"lazy\" decoding=\"async\" class=\"alignnone wp-image-79085\" src=\"http:\/\/recettes-gourmandes-de-joce.fr\/wp-content\/uploads\/2024\/05\/soupe-persil-batavia7.jpg\" alt=\"\" width=\"235\" height=\"170\" srcset=\"http:\/\/recettes-gourmandes-de-joce.fr\/wp-content\/uploads\/2024\/05\/soupe-persil-batavia7.jpg 952w, http:\/\/recettes-gourmandes-de-joce.fr\/wp-content\/uploads\/2024\/05\/soupe-persil-batavia7-768x557.jpg 768w, http:\/\/recettes-gourmandes-de-joce.fr\/wp-content\/uploads\/2024\/05\/soupe-persil-batavia7-750x544.jpg 750w\" sizes=\"auto, (max-width: 235px) 100vw, 235px\" \/><\/p>\n<p style=\"text-align: center;\"><span style=\"color: #336600; font-family: georgia, palatino, serif; font-size: 14pt;\"><em>Laver la batavia et le persil, hachez l\u00e8s grossi\u00e8rement. Peler, laver et couper les pommes de terre en morceaux.<\/em><\/span><\/p>\n<p style=\"text-align: center;\"><img loading=\"lazy\" decoding=\"async\" class=\"alignnone wp-image-79086\" src=\"http:\/\/recettes-gourmandes-de-joce.fr\/wp-content\/uploads\/2024\/05\/soupe-persil-batavia8.jpg\" alt=\"\" width=\"227\" height=\"170\" srcset=\"http:\/\/recettes-gourmandes-de-joce.fr\/wp-content\/uploads\/2024\/05\/soupe-persil-batavia8.jpg 1024w, http:\/\/recettes-gourmandes-de-joce.fr\/wp-content\/uploads\/2024\/05\/soupe-persil-batavia8-768x576.jpg 768w, http:\/\/recettes-gourmandes-de-joce.fr\/wp-content\/uploads\/2024\/05\/soupe-persil-batavia8-750x563.jpg 750w\" sizes=\"auto, (max-width: 227px) 100vw, 227px\" \/> <img loading=\"lazy\" decoding=\"async\" class=\"alignnone wp-image-79087\" src=\"http:\/\/recettes-gourmandes-de-joce.fr\/wp-content\/uploads\/2024\/05\/soupe-persil-batavia9.jpg\" alt=\"\" width=\"227\" height=\"170\" srcset=\"http:\/\/recettes-gourmandes-de-joce.fr\/wp-content\/uploads\/2024\/05\/soupe-persil-batavia9.jpg 1024w, http:\/\/recettes-gourmandes-de-joce.fr\/wp-content\/uploads\/2024\/05\/soupe-persil-batavia9-768x576.jpg 768w, http:\/\/recettes-gourmandes-de-joce.fr\/wp-content\/uploads\/2024\/05\/soupe-persil-batavia9-750x563.jpg 750w\" sizes=\"auto, (max-width: 227px) 100vw, 227px\" \/> <img loading=\"lazy\" decoding=\"async\" class=\"alignnone wp-image-79088\" src=\"http:\/\/recettes-gourmandes-de-joce.fr\/wp-content\/uploads\/2024\/05\/soupe-persil-batavia10.jpg\" alt=\"\" width=\"227\" height=\"170\" srcset=\"http:\/\/recettes-gourmandes-de-joce.fr\/wp-content\/uploads\/2024\/05\/soupe-persil-batavia10.jpg 1024w, http:\/\/recettes-gourmandes-de-joce.fr\/wp-content\/uploads\/2024\/05\/soupe-persil-batavia10-768x576.jpg 768w, http:\/\/recettes-gourmandes-de-joce.fr\/wp-content\/uploads\/2024\/05\/soupe-persil-batavia10-750x563.jpg 750w\" sizes=\"auto, (max-width: 227px) 100vw, 227px\" \/><\/p>\n<p style=\"text-align: center;\"><span style=\"color: #336600; font-family: georgia, palatino, serif; font-size: 14pt;\"><em>Nettoyer et hacher l&rsquo;oignon et ses tiges. Dans un faitout faite fondre le beurre et y faire suer les pommes de terre, ajouter la salade, le persil et les oignons. <\/em><\/span><\/p>\n<p style=\"text-align: center;\"><img loading=\"lazy\" decoding=\"async\" class=\"alignnone wp-image-79089\" src=\"http:\/\/recettes-gourmandes-de-joce.fr\/wp-content\/uploads\/2024\/05\/soupe-persil-batavia11.jpg\" alt=\"\" width=\"227\" height=\"170\" srcset=\"http:\/\/recettes-gourmandes-de-joce.fr\/wp-content\/uploads\/2024\/05\/soupe-persil-batavia11.jpg 1024w, http:\/\/recettes-gourmandes-de-joce.fr\/wp-content\/uploads\/2024\/05\/soupe-persil-batavia11-768x576.jpg 768w, http:\/\/recettes-gourmandes-de-joce.fr\/wp-content\/uploads\/2024\/05\/soupe-persil-batavia11-750x563.jpg 750w\" sizes=\"auto, (max-width: 227px) 100vw, 227px\" \/> <img loading=\"lazy\" decoding=\"async\" class=\"alignnone wp-image-79090\" src=\"http:\/\/recettes-gourmandes-de-joce.fr\/wp-content\/uploads\/2024\/05\/soupe-persil-batavia12.jpg\" alt=\"\" width=\"227\" height=\"170\" srcset=\"http:\/\/recettes-gourmandes-de-joce.fr\/wp-content\/uploads\/2024\/05\/soupe-persil-batavia12.jpg 1024w, http:\/\/recettes-gourmandes-de-joce.fr\/wp-content\/uploads\/2024\/05\/soupe-persil-batavia12-768x576.jpg 768w, http:\/\/recettes-gourmandes-de-joce.fr\/wp-content\/uploads\/2024\/05\/soupe-persil-batavia12-750x563.jpg 750w\" sizes=\"auto, (max-width: 227px) 100vw, 227px\" \/> <img loading=\"lazy\" decoding=\"async\" class=\"alignnone wp-image-79091\" src=\"http:\/\/recettes-gourmandes-de-joce.fr\/wp-content\/uploads\/2024\/05\/soupe-persil-batavia13.jpg\" alt=\"\" width=\"237\" height=\"170\" srcset=\"http:\/\/recettes-gourmandes-de-joce.fr\/wp-content\/uploads\/2024\/05\/soupe-persil-batavia13.jpg 954w, http:\/\/recettes-gourmandes-de-joce.fr\/wp-content\/uploads\/2024\/05\/soupe-persil-batavia13-768x551.jpg 768w, http:\/\/recettes-gourmandes-de-joce.fr\/wp-content\/uploads\/2024\/05\/soupe-persil-batavia13-750x538.jpg 750w\" sizes=\"auto, (max-width: 237px) 100vw, 237px\" \/><\/p>\n<p style=\"text-align: center;\"><span style=\"color: #336600; font-family: georgia, palatino, serif; font-size: 14pt;\"><em>Ajouter un c \u00e0 s de gros sel, poivrer et m\u00e9langer, ajouter ensuite le l&rsquo;eau pour couvrir les l\u00e9gumes et laisser mijoter environ 20 minutes \u00e0 feu doux selon la grosseur des morceaux de pommes de terre, plus ils sont petits et plus vite la soupe sera cuite. Une fois cuite, la passer au mixeur plongeant ou au moulin \u00e0 l\u00e9gumes. Servir accompagn\u00e9e de cr\u00e8me fra\u00eeche et des morceaux de truites fum\u00e9es que l&rsquo;on r\u00e9partira sur la soupe.<\/em><\/span><\/p>\n<p style=\"text-align: center;\"><span style=\"color: #336600; font-family: georgia, palatino, serif; font-size: 14pt;\"><em>C&rsquo;est un excellent plat complet pour un soir!<\/em><\/span><\/p>\n<p style=\"text-align: center;\"><span style=\"color: #336600; font-family: georgia, palatino, serif; font-size: 14pt;\"><em><em>Bon app\u00e9tit!<\/em><\/em><\/span><\/p>\n<p style=\"text-align: center;\"><img loading=\"lazy\" decoding=\"async\" class=\"alignnone wp-image-79094\" src=\"http:\/\/recettes-gourmandes-de-joce.fr\/wp-content\/uploads\/2024\/05\/soupe-persil-batavia16.jpg\" alt=\"\" width=\"246\" height=\"180\" srcset=\"http:\/\/recettes-gourmandes-de-joce.fr\/wp-content\/uploads\/2024\/05\/soupe-persil-batavia16.jpg 1024w, http:\/\/recettes-gourmandes-de-joce.fr\/wp-content\/uploads\/2024\/05\/soupe-persil-batavia16-768x562.jpg 768w, http:\/\/recettes-gourmandes-de-joce.fr\/wp-content\/uploads\/2024\/05\/soupe-persil-batavia16-750x549.jpg 750w\" sizes=\"auto, (max-width: 246px) 100vw, 246px\" \/> <img loading=\"lazy\" decoding=\"async\" class=\"alignnone wp-image-79093\" src=\"http:\/\/recettes-gourmandes-de-joce.fr\/wp-content\/uploads\/2024\/05\/soupe-persil-batavia15.jpg\" alt=\"\" width=\"240\" height=\"180\" srcset=\"http:\/\/recettes-gourmandes-de-joce.fr\/wp-content\/uploads\/2024\/05\/soupe-persil-batavia15.jpg 1024w, http:\/\/recettes-gourmandes-de-joce.fr\/wp-content\/uploads\/2024\/05\/soupe-persil-batavia15-768x576.jpg 768w, http:\/\/recettes-gourmandes-de-joce.fr\/wp-content\/uploads\/2024\/05\/soupe-persil-batavia15-750x563.jpg 750w\" sizes=\"auto, (max-width: 240px) 100vw, 240px\" \/> <img loading=\"lazy\" decoding=\"async\" class=\"alignnone wp-image-79092\" src=\"http:\/\/recettes-gourmandes-de-joce.fr\/wp-content\/uploads\/2024\/05\/soupe-persil-batavia14.jpg\" alt=\"\" width=\"232\" height=\"180\" srcset=\"http:\/\/recettes-gourmandes-de-joce.fr\/wp-content\/uploads\/2024\/05\/soupe-persil-batavia14.jpg 1024w, http:\/\/recettes-gourmandes-de-joce.fr\/wp-content\/uploads\/2024\/05\/soupe-persil-batavia14-768x596.jpg 768w, http:\/\/recettes-gourmandes-de-joce.fr\/wp-content\/uploads\/2024\/05\/soupe-persil-batavia14-750x582.jpg 750w\" sizes=\"auto, (max-width: 232px) 100vw, 232px\" \/><\/p>\n<p style=\"text-align: center;\"><img loading=\"lazy\" decoding=\"async\" class=\"alignnone size-full wp-image-59803\" src=\"http:\/\/recettes-gourmandes-de-joce.fr\/wp-content\/uploads\/2024\/01\/logitech-gaming-software-14112014-121223.jpg\" alt=\"\" width=\"640\" height=\"144\" \/><\/p>\n","protected":false},"excerpt":{"rendered":"<p>Une de mes recettes Ingr\u00e9dients pour 3 personnes \u00bd batavia ou salade de votre choix 1 oignon blanc et ses tiges 8 pommes de pommes de terre, 1 botte de persil plat 1 morceaux de beurre 1 bonne c \u00e0 s de cr\u00e8me fra\u00eeche 2 filets de truites fum\u00e9es cuites 1 c \u00e0 s de &hellip; <\/p>\n<p><a class=\"more-link btn\" href=\"http:\/\/recettes-gourmandes-de-joce.fr\/index.php\/index\/entrees\/soupes-veloutes\/soupe-de-persil-et-batavia-a-la-truite-fumee\/\">Lire la suite<\/a><\/p>\n","protected":false},"author":2,"featured_media":79093,"parent":167,"menu_order":0,"comment_status":"open","ping_status":"closed","template":"","meta":{"footnotes":""},"class_list":["post-1442","page","type-page","status-publish","has-post-thumbnail","hentry","nodate","item-wrap"],"_links":{"self":[{"href":"http:\/\/recettes-gourmandes-de-joce.fr\/index.php\/wp-json\/wp\/v2\/pages\/1442","targetHints":{"allow":["GET"]}}],"collection":[{"href":"http:\/\/recettes-gourmandes-de-joce.fr\/index.php\/wp-json\/wp\/v2\/pages"}],"about":[{"href":"http:\/\/recettes-gourmandes-de-joce.fr\/index.php\/wp-json\/wp\/v2\/types\/page"}],"author":[{"embeddable":true,"href":"http:\/\/recettes-gourmandes-de-joce.fr\/index.php\/wp-json\/wp\/v2\/users\/2"}],"replies":[{"embeddable":true,"href":"http:\/\/recettes-gourmandes-de-joce.fr\/index.php\/wp-json\/wp\/v2\/comments?post=1442"}],"version-history":[{"count":4,"href":"http:\/\/recettes-gourmandes-de-joce.fr\/index.php\/wp-json\/wp\/v2\/pages\/1442\/revisions"}],"predecessor-version":[{"id":79141,"href":"http:\/\/recettes-gourmandes-de-joce.fr\/index.php\/wp-json\/wp\/v2\/pages\/1442\/revisions\/79141"}],"up":[{"embeddable":true,"href":"http:\/\/recettes-gourmandes-de-joce.fr\/index.php\/wp-json\/wp\/v2\/pages\/167"}],"wp:featuredmedia":[{"embeddable":true,"href":"http:\/\/recettes-gourmandes-de-joce.fr\/index.php\/wp-json\/wp\/v2\/media\/79093"}],"wp:attachment":[{"href":"http:\/\/recettes-gourmandes-de-joce.fr\/index.php\/wp-json\/wp\/v2\/media?parent=1442"}],"curies":[{"name":"wp","href":"https:\/\/api.w.org\/{rel}","templated":true}]}}