{"id":14378,"date":"2020-01-02T12:04:08","date_gmt":"2020-01-02T12:04:08","guid":{"rendered":"http:\/\/recettes-gourmandes-de-joce.fr\/?page_id=14378"},"modified":"2024-07-03T23:32:41","modified_gmt":"2024-07-03T23:32:41","slug":"lever-les-filets-dune-queue-de-lotte-ou-baudroie","status":"publish","type":"page","link":"http:\/\/recettes-gourmandes-de-joce.fr\/index.php\/index\/poissons-coquillages\/vider-lever-des-filets-decoupe\/lever-les-filets-dune-queue-de-lotte-ou-baudroie\/","title":{"rendered":"Lever les filets d&rsquo;une queue de lotte ou baudroie."},"content":{"rendered":"<p style=\"text-align: center;\"><span style=\"font-family: georgia, palatino, serif; font-size: 14pt;\"><span style=\"color: #808000; text-decoration: underline;\"><img loading=\"lazy\" decoding=\"async\" class=\"alignnone wp-image-14382\" style=\"color: #4a474b;\" src=\"http:\/\/recettes-gourmandes-de-joce.fr\/wp-content\/uploads\/2020\/01\/p1010068-001-150x150.jpg\" alt=\"\" width=\"312\" height=\"180\" srcset=\"http:\/\/recettes-gourmandes-de-joce.fr\/wp-content\/uploads\/2020\/01\/p1010068-001-300x173.jpg 300w, http:\/\/recettes-gourmandes-de-joce.fr\/wp-content\/uploads\/2020\/01\/p1010068-001.jpg 640w\" sizes=\"auto, (max-width: 312px) 100vw, 312px\" \/><\/span> <span style=\"color: #808000;\"><em><img loading=\"lazy\" decoding=\"async\" class=\"alignnone wp-image-14375\" src=\"http:\/\/recettes-gourmandes-de-joce.fr\/wp-content\/uploads\/2020\/01\/queue-de-lotte0-150x150.jpg\" alt=\"\" width=\"141\" height=\"180\" srcset=\"http:\/\/recettes-gourmandes-de-joce.fr\/wp-content\/uploads\/2020\/01\/queue-de-lotte0-235x300.jpg 235w, http:\/\/recettes-gourmandes-de-joce.fr\/wp-content\/uploads\/2020\/01\/queue-de-lotte0.jpg 440w\" sizes=\"auto, (max-width: 141px) 100vw, 141px\" \/><\/em><\/span><\/span><\/p>\n<p style=\"text-align: center;\"><span style=\"text-decoration: underline; color: #808000; font-family: georgia, palatino, serif; font-size: 18pt;\"><em style=\"text-align: center;\">Queue de lotte appel\u00e9e aussi baudroie selon les r\u00e9gions<\/em><\/span><\/p>\n<p style=\"text-align: center;\"><span style=\"font-family: georgia, palatino, serif; font-size: 14pt;\"><img loading=\"lazy\" decoding=\"async\" class=\"alignnone wp-image-14383\" src=\"http:\/\/recettes-gourmandes-de-joce.fr\/wp-content\/uploads\/2020\/01\/p1010069-4-150x150.jpg\" alt=\"\" width=\"242\" height=\"160\" srcset=\"http:\/\/recettes-gourmandes-de-joce.fr\/wp-content\/uploads\/2020\/01\/p1010069-4-300x198.jpg 300w, http:\/\/recettes-gourmandes-de-joce.fr\/wp-content\/uploads\/2020\/01\/p1010069-4.jpg 640w\" sizes=\"auto, (max-width: 242px) 100vw, 242px\" \/> <img loading=\"lazy\" decoding=\"async\" class=\"alignnone wp-image-14384\" src=\"http:\/\/recettes-gourmandes-de-joce.fr\/wp-content\/uploads\/2020\/01\/p1010070-2-2-150x150.jpg\" alt=\"\" width=\"267\" height=\"160\" srcset=\"http:\/\/recettes-gourmandes-de-joce.fr\/wp-content\/uploads\/2020\/01\/p1010070-2-2-300x180.jpg 300w, http:\/\/recettes-gourmandes-de-joce.fr\/wp-content\/uploads\/2020\/01\/p1010070-2-2.jpg 640w\" sizes=\"auto, (max-width: 267px) 100vw, 267px\" \/>\u00a0<\/span><\/p>\n<p style=\"text-align: center;\"><span style=\"font-family: georgia, palatino, serif; font-size: 14pt;\"><span style=\"color: #808000;\"><em>\u00d4ter la nageoire dorsale avec une paire de ciseaux, enlever les membranes nerveuses qui sont un peu g\u00e9latineuses, \u00e0 l&rsquo;aide d&rsquo;un couteau, inciser en suivant l&rsquo;arr\u00eate centrale, vous avez vos deux filets.<\/em><\/span><\/span><\/p>\n<p style=\"text-align: center;\"><span style=\"font-family: georgia, palatino, serif; font-size: 14pt;\"><img loading=\"lazy\" decoding=\"async\" class=\"alignnone wp-image-14379\" src=\"http:\/\/recettes-gourmandes-de-joce.fr\/wp-content\/uploads\/2020\/01\/p1010071-001-150x150.jpg\" alt=\"\" width=\"253\" height=\"160\" srcset=\"http:\/\/recettes-gourmandes-de-joce.fr\/wp-content\/uploads\/2020\/01\/p1010071-001-300x189.jpg 300w, http:\/\/recettes-gourmandes-de-joce.fr\/wp-content\/uploads\/2020\/01\/p1010071-001.jpg 640w\" sizes=\"auto, (max-width: 253px) 100vw, 253px\" \/>\u00a0<img loading=\"lazy\" decoding=\"async\" class=\"alignnone wp-image-14380\" src=\"http:\/\/recettes-gourmandes-de-joce.fr\/wp-content\/uploads\/2020\/01\/p1010072-001-150x150.jpg\" alt=\"\" width=\"239\" height=\"160\" srcset=\"http:\/\/recettes-gourmandes-de-joce.fr\/wp-content\/uploads\/2020\/01\/p1010072-001-300x201.jpg 300w, http:\/\/recettes-gourmandes-de-joce.fr\/wp-content\/uploads\/2020\/01\/p1010072-001.jpg 640w\" sizes=\"auto, (max-width: 239px) 100vw, 239px\" \/><\/span><\/p>\n<p style=\"text-align: center;\"><span style=\"font-family: georgia, palatino, serif; font-size: 14pt;\"><span style=\"color: #808000;\"><em>Il suffit ensuite de glisser votre couteau sous l&rsquo;arr\u00eate dorsale qui se trouve sur un des deux filets et de la d\u00e9gager en coupant dessous. <\/em><em>Vos filets sont pr\u00eats \u00e0 \u00eatre cuisiner entiers ou coup\u00e9s en tron\u00e7ons.<\/em><\/span><\/span><\/p>\n<p style=\"text-align: center;\"><span style=\"font-family: georgia, palatino, serif; font-size: 14pt;\"><span style=\"color: #808000;\"><em>Ne jeter pas l&rsquo;arr\u00eate et les membranes, elles vous serviront \u00e0 r\u00e9aliser un fond de sauce ou un fumet.<\/em><\/span><\/span><\/p>\n<p style=\"text-align: center;\"><span style=\"font-family: georgia, palatino, serif; font-size: 14pt;\"><span style=\"color: #808000;\"><em>Recette sur ce lien -&gt; <a href=\"http:\/\/recettes-gourmandes-de-joce.fr\/index.php\/index\/sauces-assaisonnements\/marinades\/fumet-de-poisson-ou-fond-de-sauce\/\">Fumet de poisson ou fond de sauce<\/a><\/em><\/span><\/span><\/p>\n<p style=\"text-align: center;\"><span style=\"font-family: georgia, palatino, serif; font-size: 14pt;\"><span style=\"color: #808000;\"><em>Si vous avez achet\u00e9 une lotte enti\u00e8re ou une queue de lotte non pel\u00e9e.<\/em><\/span><\/span><\/p>\n<p style=\"text-align: center;\"><span style=\"font-family: georgia, palatino, serif; font-size: 14pt;\"><span style=\"color: #808000;\"><em>rendez-vous sur ce lien pour savoir comment la pr\u00e9parer -&gt; <a href=\"http:\/\/recettes-gourmandes-de-joce.fr\/index.php\/index\/poissons-coquillages\/vider-lever-des-filets-decoupe\/enlever-la-peau-dune-queue-de-lotte-ou-baudroie\/\">Enlever la peau d&rsquo;une queue de lotte ou baudroie<\/a><\/em><\/span><\/span><\/p>\n<p style=\"text-align: center;\"><span style=\"font-family: georgia, palatino, serif; font-size: 14pt;\"><span style=\"color: #808000;\"><em>Bonne recettes!<\/em><\/span><\/span><\/p>\n<p style=\"text-align: center;\"><img loading=\"lazy\" decoding=\"async\" class=\"alignnone size-full wp-image-59803\" src=\"http:\/\/recettes-gourmandes-de-joce.fr\/wp-content\/uploads\/2024\/01\/logitech-gaming-software-14112014-121223.jpg\" alt=\"\" width=\"640\" height=\"144\" \/><\/p>\n","protected":false},"excerpt":{"rendered":"<p>Queue de lotte appel\u00e9e aussi baudroie selon les r\u00e9gions \u00a0 \u00d4ter la nageoire dorsale avec une paire de ciseaux, enlever les membranes nerveuses qui sont un peu g\u00e9latineuses, \u00e0 l&rsquo;aide d&rsquo;un couteau, inciser en suivant l&rsquo;arr\u00eate centrale, vous avez vos deux filets. \u00a0 Il suffit ensuite de glisser votre couteau sous l&rsquo;arr\u00eate dorsale qui se &hellip; <\/p>\n<p><a class=\"more-link btn\" href=\"http:\/\/recettes-gourmandes-de-joce.fr\/index.php\/index\/poissons-coquillages\/vider-lever-des-filets-decoupe\/lever-les-filets-dune-queue-de-lotte-ou-baudroie\/\">Lire la suite<\/a><\/p>\n","protected":false},"author":2,"featured_media":86589,"parent":247,"menu_order":0,"comment_status":"open","ping_status":"closed","template":"","meta":{"footnotes":""},"class_list":["post-14378","page","type-page","status-publish","has-post-thumbnail","hentry","nodate","item-wrap"],"_links":{"self":[{"href":"http:\/\/recettes-gourmandes-de-joce.fr\/index.php\/wp-json\/wp\/v2\/pages\/14378","targetHints":{"allow":["GET"]}}],"collection":[{"href":"http:\/\/recettes-gourmandes-de-joce.fr\/index.php\/wp-json\/wp\/v2\/pages"}],"about":[{"href":"http:\/\/recettes-gourmandes-de-joce.fr\/index.php\/wp-json\/wp\/v2\/types\/page"}],"author":[{"embeddable":true,"href":"http:\/\/recettes-gourmandes-de-joce.fr\/index.php\/wp-json\/wp\/v2\/users\/2"}],"replies":[{"embeddable":true,"href":"http:\/\/recettes-gourmandes-de-joce.fr\/index.php\/wp-json\/wp\/v2\/comments?post=14378"}],"version-history":[{"count":5,"href":"http:\/\/recettes-gourmandes-de-joce.fr\/index.php\/wp-json\/wp\/v2\/pages\/14378\/revisions"}],"predecessor-version":[{"id":86590,"href":"http:\/\/recettes-gourmandes-de-joce.fr\/index.php\/wp-json\/wp\/v2\/pages\/14378\/revisions\/86590"}],"up":[{"embeddable":true,"href":"http:\/\/recettes-gourmandes-de-joce.fr\/index.php\/wp-json\/wp\/v2\/pages\/247"}],"wp:featuredmedia":[{"embeddable":true,"href":"http:\/\/recettes-gourmandes-de-joce.fr\/index.php\/wp-json\/wp\/v2\/media\/86589"}],"wp:attachment":[{"href":"http:\/\/recettes-gourmandes-de-joce.fr\/index.php\/wp-json\/wp\/v2\/media?parent=14378"}],"curies":[{"name":"wp","href":"https:\/\/api.w.org\/{rel}","templated":true}]}}