{"id":1410,"date":"2019-09-26T18:30:15","date_gmt":"2019-09-26T18:30:15","guid":{"rendered":"http:\/\/recettes-gourmandes-de-joce.fr\/?page_id=1410"},"modified":"2025-03-25T10:06:03","modified_gmt":"2025-03-25T10:06:03","slug":"toasts-aperitifs-varies","status":"publish","type":"page","link":"http:\/\/recettes-gourmandes-de-joce.fr\/index.php\/index\/aperitifs-amuses-bouches\/amuses-bouches\/toasts-aperitifs-varies\/","title":{"rendered":"Toasts ap\u00e9ritifs vari\u00e9s."},"content":{"rendered":"<p style=\"text-align: center;\"><span style=\"color: #ff3333;\"><em><u><span style=\"font-family: Georgia; font-size: x-large;\">Mes recettes<\/span><\/u><\/em><\/span><\/p>\n<p style=\"text-align: center;\"><img loading=\"lazy\" decoding=\"async\" class=\"alignnone wp-image-81160\" src=\"http:\/\/recettes-gourmandes-de-joce.fr\/wp-content\/uploads\/2024\/05\/toasts-apero1.jpg\" alt=\"\" width=\"500\" height=\"300\" srcset=\"http:\/\/recettes-gourmandes-de-joce.fr\/wp-content\/uploads\/2024\/05\/toasts-apero1.jpg 1024w, http:\/\/recettes-gourmandes-de-joce.fr\/wp-content\/uploads\/2024\/05\/toasts-apero1-768x461.jpg 768w, http:\/\/recettes-gourmandes-de-joce.fr\/wp-content\/uploads\/2024\/05\/toasts-apero1-750x450.jpg 750w\" sizes=\"auto, (max-width: 500px) 100vw, 500px\" \/><\/p>\n<p style=\"text-align: center;\"><span style=\"color: #ff3333;\"><span style=\"font-size: 24px;\"><span style=\"font-family: georgia,serif;\"><em><u>Ingr\u00e9dients pour l&rsquo;ensemble des plateaux<\/u><\/em><\/span><\/span><\/span><\/p>\n<p style=\"text-align: center;\"><span style=\"color: #ff3333; font-size: 14pt;\"><span style=\"font-family: georgia,serif;\"><em>Des toasts ronds<\/em><\/span><\/span><\/p>\n<p style=\"text-align: center;\"><span style=\"color: #ff3333; font-size: 14pt;\"><span style=\"font-family: georgia,serif;\"><em>Des tranches de pain de mie<\/em><\/span><\/span><\/p>\n<p style=\"text-align: center;\"><span style=\"color: #ff3333; font-size: 14pt;\"><span style=\"font-family: georgia,serif;\"><em>Saumon fum\u00e9<\/em><\/span><\/span><\/p>\n<p style=\"text-align: center;\"><span style=\"color: #ff3333; font-size: 14pt;\"><span style=\"font-family: georgia,serif;\"><em>Crevettes<\/em><\/span><\/span><\/p>\n<p style=\"text-align: center;\"><span style=\"color: #ff3333; font-size: 14pt;\"><span style=\"font-family: georgia,serif;\"><em>Tarama<\/em><\/span><\/span><\/p>\n<p style=\"text-align: center;\"><span style=\"color: #ff3333; font-size: 14pt;\"><span style=\"font-family: georgia,serif;\"><em>\u0152ufs de lump<\/em><\/span><\/span><\/p>\n<p style=\"text-align: center;\"><span style=\"color: #ff3333; font-size: 14pt;\"><span style=\"font-family: georgia,serif;\"><em>Surimi<\/em><\/span><\/span><\/p>\n<p style=\"text-align: center;\"><span style=\"color: #ff3333; font-size: 14pt;\"><span style=\"font-family: georgia,serif;\"><em>Rosette<\/em><\/span><\/span><\/p>\n<p style=\"text-align: center;\"><span style=\"color: #ff3333; font-size: 14pt;\"><span style=\"font-family: georgia,serif;\"><em>Saucisson sec et chorizo \u00e0 croquer<\/em><\/span><\/span><\/p>\n<p style=\"text-align: center;\"><span style=\"color: #ff3333; font-size: 14pt;\"><span style=\"font-family: georgia,serif;\"><em>Rillettes de porc<\/em><\/span><\/span><\/p>\n<p style=\"text-align: center;\"><span style=\"color: #ff3333; font-size: 14pt;\"><span style=\"font-family: georgia,serif;\"><em>Mousse de foie au porto<\/em><\/span><\/span><\/p>\n<p style=\"text-align: center;\"><span style=\"color: #ff3333; font-size: 14pt;\"><span style=\"font-family: georgia,serif;\"><em>Rillettes de jambon<\/em><\/span><\/span><\/p>\n<p style=\"text-align: center;\"><span style=\"color: #ff3333; font-size: 14pt;\"><span style=\"font-family: georgia,serif;\"><em>Beurre<\/em><\/span><\/span><\/p>\n<p style=\"text-align: center;\"><span style=\"color: #ff3333; font-size: 14pt;\"><span style=\"font-family: georgia,serif;\"><em>Amandes effil\u00e9es<\/em><\/span><\/span><\/p>\n<p style=\"text-align: center;\"><span style=\"color: #ff3333; font-size: 14pt;\"><span style=\"font-family: georgia,serif;\"><em>Olives vertes d\u00e9noyaut\u00e9es<\/em><\/span><\/span><\/p>\n<p style=\"text-align: center;\"><span style=\"color: #ff3333; font-size: 14pt;\"><span style=\"font-family: georgia,serif;\"><em>\u00bd poivron rouge<\/em><\/span><\/span><\/p>\n<p style=\"text-align: center;\"><span style=\"color: #ff3333; font-size: 14pt;\"><span style=\"font-family: georgia,serif;\"><em>Cornichons<\/em><\/span><\/span><\/p>\n<p style=\"text-align: center;\"><span style=\"color: #ff3333; font-size: 14pt;\"><span style=\"font-family: georgia,serif;\"><em>Persil ou aneth ou ciboulette<\/em><\/span><\/span><\/p>\n<p style=\"text-align: center;\"><span style=\"color: #ff3333; font-size: 14pt;\"><span style=\"font-family: georgia,serif;\"><em>Cr\u00e8me fra\u00eeche<\/em><\/span><\/span><\/p>\n<p style=\"text-align: center;\"><span style=\"color: #ff3333; font-size: 14pt;\"><span style=\"font-family: georgia,serif;\"><em>Tomates cerise<\/em><\/span><\/span><\/p>\n<p style=\"text-align: center;\"><span style=\"color: #ff3333; font-size: 14pt;\"><span style=\"font-family: georgia,serif;\"><em>Boursin ail et fines herbes<\/em><\/span><\/span><\/p>\n<p style=\"text-align: center;\"><span style=\"color: #ff3333; font-size: 14pt;\"><span style=\"font-family: georgia,serif;\"><em>Mayonnaise<\/em><\/span><\/span><\/p>\n<p style=\"text-align: center;\"><span style=\"color: #ff3333; font-size: 14pt;\"><span style=\"font-family: georgia,serif;\"><em>Recette des bouch\u00e9es au noix et roquefort sur ce lien -&gt;<a href=\"http:\/\/recettes-gourmandes-de-joce.fr\/index.php\/index\/aperitifs-amuses-bouches\/amuses-bouches\/bouchees-aux-noix-et-au-roquefort\/\"> Bouch\u00e9es aux noix et roquefort <\/a><a href=\"http:\/\/recettes-gourmandes-de-joce.fr\/index.php\/index\/aperitifs-amuses-bouches\/amuses-bouches\/bouchees-aux-noix-et-au-roquefort\/\"><img loading=\"lazy\" decoding=\"async\" class=\"alignnone wp-image-51462\" src=\"http:\/\/recettes-gourmandes-de-joce.fr\/wp-content\/uploads\/2023\/04\/bouchees-noix2-300x225.jpg\" alt=\"\" width=\"200\" height=\"150\" srcset=\"http:\/\/recettes-gourmandes-de-joce.fr\/wp-content\/uploads\/2023\/04\/bouchees-noix2-300x225.jpg 300w, http:\/\/recettes-gourmandes-de-joce.fr\/wp-content\/uploads\/2023\/04\/bouchees-noix2-768x576.jpg 768w, http:\/\/recettes-gourmandes-de-joce.fr\/wp-content\/uploads\/2023\/04\/bouchees-noix2-750x563.jpg 750w, http:\/\/recettes-gourmandes-de-joce.fr\/wp-content\/uploads\/2023\/04\/bouchees-noix2.jpg 1024w\" sizes=\"auto, (max-width: 200px) 100vw, 200px\" \/><\/a><\/em><\/span><\/span><\/p>\n<p style=\"text-align: center;\"><span style=\"font-size: 14pt;\"><span style=\"color: #ff3333;\"><span style=\"font-family: georgia,serif;\"><em>Recette des rillettes de jambon sur ce lien -&gt; <a href=\"http:\/\/recettes-gourmandes-de-joce.fr\/index.php\/index\/aperitifs-amuses-bouches\/amuses-bouches\/rillettes-ou-mousse-de-jambon-blanc-ou-de-dinde\/\">Rillettes de jambon<\/a><\/em><\/span><\/span> <a href=\"http:\/\/recettes-gourmandes-de-joce.fr\/index.php\/index\/aperitifs-amuses-bouches\/amuses-bouches\/rillettes-ou-mousse-de-jambon-blanc-ou-de-dinde\/\"><img loading=\"lazy\" decoding=\"async\" class=\"alignnone size-thumbnail wp-image-10758\" src=\"http:\/\/recettes-gourmandes-de-joce.fr\/wp-content\/uploads\/2019\/11\/P5020009-150x150.jpg\" alt=\"\" width=\"150\" height=\"150\" \/><\/a><\/span><\/p>\n<p style=\"text-align: center;\"><span style=\"color: #ff3333; font-size: 14pt;\"><span style=\"font-family: georgia,serif;\"><em>Recette de la mayonnaise -&gt; <a href=\"http:\/\/recettes-gourmandes-de-joce.fr\/index.php\/index\/sauces-assaisonnements\/sauces-froides\/mayonnaise\/\">Mayonnaise <img loading=\"lazy\" decoding=\"async\" class=\"alignnone size-thumbnail wp-image-7752 lazy-loaded\" src=\"http:\/\/recettes-gourmandes-de-joce.fr\/wp-content\/uploads\/2019\/10\/100_9705-150x150.jpg\" alt=\"\" width=\"150\" height=\"150\" data-lazy-type=\"image\" data-src=\"http:\/\/recettes-gourmandes-de-joce.fr\/wp-content\/uploads\/2019\/10\/100_9705-150x150.jpg\" \/><\/a><\/em><\/span><\/span><\/p>\n<p style=\"text-align: center;\"><span style=\"font-size: 14pt;\"><img loading=\"lazy\" decoding=\"async\" class=\"alignnone wp-image-81161\" src=\"http:\/\/recettes-gourmandes-de-joce.fr\/wp-content\/uploads\/2024\/05\/toasts-apero2.jpg\" alt=\"\" width=\"300\" height=\"200\" srcset=\"http:\/\/recettes-gourmandes-de-joce.fr\/wp-content\/uploads\/2024\/05\/toasts-apero2.jpg 1024w, http:\/\/recettes-gourmandes-de-joce.fr\/wp-content\/uploads\/2024\/05\/toasts-apero2-768x512.jpg 768w, http:\/\/recettes-gourmandes-de-joce.fr\/wp-content\/uploads\/2024\/05\/toasts-apero2-750x500.jpg 750w\" sizes=\"auto, (max-width: 300px) 100vw, 300px\" \/> <img loading=\"lazy\" decoding=\"async\" class=\"alignnone wp-image-81162\" src=\"http:\/\/recettes-gourmandes-de-joce.fr\/wp-content\/uploads\/2024\/05\/toasts-apero3.jpg\" alt=\"\" width=\"314\" height=\"200\" srcset=\"http:\/\/recettes-gourmandes-de-joce.fr\/wp-content\/uploads\/2024\/05\/toasts-apero3.jpg 1024w, http:\/\/recettes-gourmandes-de-joce.fr\/wp-content\/uploads\/2024\/05\/toasts-apero3-768x490.jpg 768w, http:\/\/recettes-gourmandes-de-joce.fr\/wp-content\/uploads\/2024\/05\/toasts-apero3-750x478.jpg 750w\" sizes=\"auto, (max-width: 314px) 100vw, 314px\" \/><\/span><\/p>\n<p style=\"text-align: center;\"><strong><span style=\"font-family: georgia, serif; font-size: 14pt;\"><em><span style=\"color: #ff3333;\"><u>Plateau N\u00b01:<\/u><\/span><\/em><\/span><\/strong><\/p>\n<p style=\"text-align: center;\"><span style=\"font-family: georgia, serif; font-size: 14pt;\"><em><span style=\"color: #ff3333;\">-Toasts de pain de mie coup\u00e9 en triangles,\u00a0beurre et rosette<\/span><\/em><\/span><\/p>\n<p style=\"text-align: center;\"><span style=\"font-size: 14pt;\"><span style=\"font-family: georgia,serif;\"><em><span style=\"color: #ff3333;\">&#8211;\u00a0Toasts de pain de mie coup\u00e9 en triangles\u00a0de rillettes de porc\/cornichon<\/span><\/em><\/span><\/span><\/p>\n<p style=\"text-align: center;\"><span style=\"font-family: georgia, serif; font-size: 14pt;\"><em><span style=\"color: #ff3333;\">-Toasts de pain de mie coup\u00e9 en triangles de mousse de foie au porto\/cornichon, tomates cerise farcies au Boursin ail et fines herbes<\/span><\/em><\/span><\/p>\n<p style=\"text-align: center;\"><strong><span style=\"font-family: georgia, serif; font-size: 14pt;\"><em><span style=\"color: #ff3333;\"><u>Plateau N\u00b02: <\/u><\/span><\/em><\/span><\/strong><\/p>\n<p style=\"text-align: center;\"><span style=\"font-family: georgia, serif; font-size: 14pt;\"><em><span style=\"color: #ff3333;\">&#8211; Toasts de pain de mie coup\u00e9 en triangles de beurre et saumon fum\u00e9, pluche de persil ou aneth<\/span><\/em><\/span><\/p>\n<p style=\"text-align: center;\"><span style=\"font-size: 14pt;\"><span style=\"font-family: georgia,serif;\"><em><span style=\"color: #ff3333;\">&#8211; Toasts de pain de mie coup\u00e9 en triangles de beurre, 2 tranches de\u00a0saucisson sec, cornichon<\/span><\/em><\/span><\/span><\/p>\n<p style=\"text-align: center;\"><span style=\"font-family: georgia, serif; font-size: 14pt;\"><em><span style=\"color: #ff3333;\">&#8211; Toasts de pain de mie coup\u00e9 en triangles de beurre, 2 tranches de\u00a0chorizo, cornichon<\/span><\/em><\/span><\/p>\n<p style=\"text-align: center;\"><span style=\"font-size: 14pt;\"><img loading=\"lazy\" decoding=\"async\" class=\"alignnone wp-image-81163\" src=\"http:\/\/recettes-gourmandes-de-joce.fr\/wp-content\/uploads\/2024\/05\/toasts-apero4.jpg\" alt=\"\" width=\"288\" height=\"200\" srcset=\"http:\/\/recettes-gourmandes-de-joce.fr\/wp-content\/uploads\/2024\/05\/toasts-apero4.jpg 1024w, http:\/\/recettes-gourmandes-de-joce.fr\/wp-content\/uploads\/2024\/05\/toasts-apero4-768x533.jpg 768w, http:\/\/recettes-gourmandes-de-joce.fr\/wp-content\/uploads\/2024\/05\/toasts-apero4-750x520.jpg 750w\" sizes=\"auto, (max-width: 288px) 100vw, 288px\" \/> <img loading=\"lazy\" decoding=\"async\" class=\"alignnone wp-image-81164\" src=\"http:\/\/recettes-gourmandes-de-joce.fr\/wp-content\/uploads\/2024\/05\/toasts-apero5.jpg\" alt=\"\" width=\"303\" height=\"200\" srcset=\"http:\/\/recettes-gourmandes-de-joce.fr\/wp-content\/uploads\/2024\/05\/toasts-apero5.jpg 1024w, http:\/\/recettes-gourmandes-de-joce.fr\/wp-content\/uploads\/2024\/05\/toasts-apero5-768x507.jpg 768w, http:\/\/recettes-gourmandes-de-joce.fr\/wp-content\/uploads\/2024\/05\/toasts-apero5-750x495.jpg 750w\" sizes=\"auto, (max-width: 303px) 100vw, 303px\" \/><\/span><\/p>\n<p style=\"text-align: center;\"><strong><span style=\"font-family: georgia, serif; font-size: 14pt;\"><em><span style=\"color: #ff3333;\"><u>Plateau N\u00b03<\/u><\/span><\/em><\/span><\/strong><\/p>\n<p style=\"text-align: center;\"><span style=\"font-size: 14pt;\"><span style=\"font-family: georgia,serif;\"><em><span style=\"color: #ff3333;\">&#8211; Toasts de pain de mie coup\u00e9 en triangles tarama et rondelles d&rsquo;olives vertes<\/span><\/em><\/span><\/span><\/p>\n<p style=\"text-align: center;\"><span style=\"font-family: georgia, serif; font-size: 14pt;\"><em><span style=\"color: #ff3333;\">&#8211; Toasts de pain de mie coup\u00e9 en triangles d&rsquo;\u0153ufs de lump et amandes effil\u00e9es<\/span><\/em><\/span><\/p>\n<p style=\"text-align: center;\"><strong><span style=\"font-family: georgia, serif; font-size: 14pt;\"><em><span style=\"color: #ff3333;\"><u>Plateau N\u00b04<\/u><\/span><\/em><\/span><\/strong><\/p>\n<p style=\"text-align: center;\"><span style=\"font-size: 14pt;\"><span style=\"font-family: georgia,serif;\"><em><span style=\"color: #ff3333;\">&#8211; Toasts de pain de mie coup\u00e9 en triangles de tarama et lani\u00e8re de poivron rouge<\/span><\/em><\/span><\/span><\/p>\n<p style=\"text-align: center;\"><span style=\"color: #ff3333; font-size: 14pt;\"><span style=\"font-family: georgia,serif;\"><em>&#8211; Toasts ronds coup\u00e9s en deux d&rsquo;\u0153ufs de lump et morceau de surimi<\/em><\/span><\/span><\/p>\n<p style=\"text-align: center;\"><span style=\"font-size: 14pt;\"><img loading=\"lazy\" decoding=\"async\" class=\"alignnone wp-image-81165\" src=\"http:\/\/recettes-gourmandes-de-joce.fr\/wp-content\/uploads\/2024\/05\/toasts-apero6.jpg\" alt=\"\" width=\"299\" height=\"200\" srcset=\"http:\/\/recettes-gourmandes-de-joce.fr\/wp-content\/uploads\/2024\/05\/toasts-apero6.jpg 1024w, http:\/\/recettes-gourmandes-de-joce.fr\/wp-content\/uploads\/2024\/05\/toasts-apero6-768x514.jpg 768w, http:\/\/recettes-gourmandes-de-joce.fr\/wp-content\/uploads\/2024\/05\/toasts-apero6-750x502.jpg 750w\" sizes=\"auto, (max-width: 299px) 100vw, 299px\" \/> <img loading=\"lazy\" decoding=\"async\" class=\"alignnone wp-image-81166\" src=\"http:\/\/recettes-gourmandes-de-joce.fr\/wp-content\/uploads\/2024\/05\/toasts-apero7.jpg\" alt=\"\" width=\"279\" height=\"200\" srcset=\"http:\/\/recettes-gourmandes-de-joce.fr\/wp-content\/uploads\/2024\/05\/toasts-apero7.jpg 1024w, http:\/\/recettes-gourmandes-de-joce.fr\/wp-content\/uploads\/2024\/05\/toasts-apero7-768x551.jpg 768w, http:\/\/recettes-gourmandes-de-joce.fr\/wp-content\/uploads\/2024\/05\/toasts-apero7-750x538.jpg 750w\" sizes=\"auto, (max-width: 279px) 100vw, 279px\" \/><\/span><\/p>\n<p style=\"text-align: center;\"><strong><span style=\"font-size: 14pt;\"><em><span style=\"font-family: georgia,serif;\"><span style=\"color: #ff3333;\"><u>Plateau N\u00b05<\/u><\/span><\/span><\/em><\/span><\/strong><\/p>\n<p style=\"text-align: center;\"><span style=\"font-size: 14pt;\"><em><span style=\"font-family: georgia,serif;\"><span style=\"color: #ff3333;\">&#8211; Toasts ronds coup\u00e9s en deux de rillettes de jambon et 1\/2 olive verte<\/span><\/span><\/em><\/span><\/p>\n<p style=\"text-align: center;\"><span style=\"font-size: 14pt;\"><em><span style=\"font-family: georgia,serif;\"><span style=\"color: #ff3333;\">&#8211; Toasts ronds coup\u00e9s en deux de mousse de crevettes (crevettes mix\u00e9es et m\u00e9lang\u00e9es \u00e0 de la mayonnaise) et crevette dessus<\/span><\/span><\/em><\/span><\/p>\n<p style=\"text-align: center;\"><strong><span style=\"color: #ff3333; font-size: 14pt;\"><em><span style=\"font-family: georgia,serif;\"><u>Plateau N\u00b06<\/u><\/span><\/em><\/span><\/strong><\/p>\n<p style=\"text-align: center;\"><span style=\"font-family: georgia, serif; font-size: 14pt;\"><em><span style=\"color: #ff3333;\"><span style=\"color: #ff3333; font-family: georgia, serif;\">&#8211; Toasts de pain de mie coup\u00e9 en triangles de cr\u00e8me fra\u00eeches\u00a0sal\u00e9e et poivr\u00e9e m\u00e9lang\u00e9e \u00e0 de la ciboulette cisel\u00e9e, saumon fum\u00e9 dessus et ciboulette<\/span><\/span><\/em><\/span><\/p>\n<p style=\"text-align: center;\"><span style=\"font-family: georgia, serif; font-size: 14pt;\"><em><span style=\"color: #ff3333;\">Recette -&gt; <\/span><\/em><a href=\"http:\/\/recettes-gourmandes-de-joce.fr\/index.php\/index\/aperitifs-amuses-bouches\/amuses-bouches\/tomates-cerise-farcies-au-st-moret-persille-et-epic\/\"><span style=\"color: #800080;\"><em>Tomates cerise farcies au St Mor\u00eat, \u00e9pices et persil <img loading=\"lazy\" decoding=\"async\" class=\"alignnone wp-image-1422\" src=\"http:\/\/recettes-gourmandes-de-joce.fr\/wp-content\/uploads\/2019\/09\/tomates-cerise1-300x200.jpg\" alt=\"\" width=\"225\" height=\"150\" srcset=\"http:\/\/recettes-gourmandes-de-joce.fr\/wp-content\/uploads\/2019\/09\/tomates-cerise1-300x200.jpg 300w, http:\/\/recettes-gourmandes-de-joce.fr\/wp-content\/uploads\/2019\/09\/tomates-cerise1-768x513.jpg 768w, http:\/\/recettes-gourmandes-de-joce.fr\/wp-content\/uploads\/2019\/09\/tomates-cerise1.jpg 800w\" sizes=\"auto, (max-width: 225px) 100vw, 225px\" \/><\/em><\/span><\/a><\/span><\/p>\n<p style=\"text-align: center;\"><span style=\"font-family: georgia, serif; font-size: 14pt;\"><em><span style=\"color: #ff3333;\">Bouch\u00e9es aux noix et au roquefort recette plus \u2191<\/span><\/em><\/span><\/p>\n<p style=\"text-align: center;\"><span style=\"color: #ff3333; font-size: 14pt;\"><span style=\"font-family: georgia,serif;\"><em>Bon ap\u00e9ritif!<\/em><\/span><\/span><\/p>\n<p style=\"text-align: center;\"><img loading=\"lazy\" decoding=\"async\" class=\"alignnone wp-image-81160\" src=\"http:\/\/recettes-gourmandes-de-joce.fr\/wp-content\/uploads\/2024\/05\/toasts-apero1.jpg\" alt=\"\" width=\"333\" height=\"200\" srcset=\"http:\/\/recettes-gourmandes-de-joce.fr\/wp-content\/uploads\/2024\/05\/toasts-apero1.jpg 1024w, http:\/\/recettes-gourmandes-de-joce.fr\/wp-content\/uploads\/2024\/05\/toasts-apero1-768x461.jpg 768w, http:\/\/recettes-gourmandes-de-joce.fr\/wp-content\/uploads\/2024\/05\/toasts-apero1-750x450.jpg 750w\" sizes=\"auto, (max-width: 333px) 100vw, 333px\" \/><\/p>\n<p style=\"text-align: center;\"><img loading=\"lazy\" decoding=\"async\" class=\"alignnone size-full wp-image-59803\" src=\"http:\/\/recettes-gourmandes-de-joce.fr\/wp-content\/uploads\/2024\/01\/logitech-gaming-software-14112014-121223.jpg\" alt=\"\" width=\"640\" height=\"144\" \/><\/p>\n<p style=\"text-align: left;\"><span style=\"text-decoration: underline; color: #ff0000;\"><span style=\"font-family: georgia, serif; font-size: 14pt;\"><strong><strong><span class=\"text_exposed_show\">Commentaires du l&rsquo;ancien site<\/span><\/strong><\/strong><\/span><\/span><\/p>\n<h3>Commentaires\u00a0<small>(2)<\/small><\/h3>\n<div class=\"items-container\">\n<div class=\"item item-comment media\">\n<div class=\"pull-left\">\n<p>&nbsp;<\/p>\n<p><img decoding=\"async\" class=\"media-object\" src=\"https:\/\/www.gravatar.com\/avatar\/ceed94a112dde2fdf78ccb5311af41b1?d=https%3A%2F%2Fwww.recettes-gourmandes-de-joce.com%2Fmedias%2Fstatic%2Fmanager%2Fim%2Favatar.png?s=50&amp;d=mm\" alt=\"duesne marie-claire\" width=\"50\" \/><\/p>\n<\/div>\n<div class=\"media-body\">\n<ul class=\"inline item-infos\">\n<li><span class=\"comment-number\">1.<\/span>\u00a0<span class=\"comment-author\"><strong>duesne marie-claire<\/strong><\/span>\u00a0<span class=\"comment-date\">| 04\/12\/2018<\/span><\/li>\n<\/ul>\n<div class=\"comment-content\">merci pour ces bonnes recettes<\/div>\n<div class=\"item item-comment media by-webmaster\">\n<div class=\"pull-left\">\n<p>&nbsp;<\/p>\n<\/div>\n<div class=\"media-body\">\n<ul class=\"inline item-infos\">\n<li><span class=\"comment-author\"><strong>jocelyne debon<\/strong>\u00a0(<a rel=\"nofollow\">site web<\/a>)<\/span>\u00a0<span class=\"comment-date\">| 04\/12\/2018<\/span><\/li>\n<\/ul>\n<div class=\"comment-content\">De rien avec plaisir<\/div>\n<div class=\"comment-content\">Merci de votre visite<\/div>\n<div class=\"comment-content\">Amicalement Joce<\/div>\n<\/div>\n<\/div>\n<\/div>\n<\/div>\n<\/div>\n<p>&nbsp;<\/p>\n<p>&nbsp;<\/p>\n","protected":false},"excerpt":{"rendered":"<p>Mes recettes Ingr\u00e9dients pour l&rsquo;ensemble des plateaux Des toasts ronds Des tranches de pain de mie Saumon fum\u00e9 Crevettes Tarama \u0152ufs de lump Surimi Rosette Saucisson sec et chorizo \u00e0 croquer Rillettes de porc Mousse de foie au porto Rillettes de jambon Beurre Amandes effil\u00e9es Olives vertes d\u00e9noyaut\u00e9es \u00bd poivron rouge Cornichons Persil ou aneth &hellip; <\/p>\n<p><a class=\"more-link btn\" href=\"http:\/\/recettes-gourmandes-de-joce.fr\/index.php\/index\/aperitifs-amuses-bouches\/amuses-bouches\/toasts-aperitifs-varies\/\">Lire la suite<\/a><\/p>\n","protected":false},"author":2,"featured_media":81160,"parent":195,"menu_order":0,"comment_status":"open","ping_status":"closed","template":"","meta":{"footnotes":""},"class_list":["post-1410","page","type-page","status-publish","has-post-thumbnail","hentry","nodate","item-wrap"],"_links":{"self":[{"href":"http:\/\/recettes-gourmandes-de-joce.fr\/index.php\/wp-json\/wp\/v2\/pages\/1410","targetHints":{"allow":["GET"]}}],"collection":[{"href":"http:\/\/recettes-gourmandes-de-joce.fr\/index.php\/wp-json\/wp\/v2\/pages"}],"about":[{"href":"http:\/\/recettes-gourmandes-de-joce.fr\/index.php\/wp-json\/wp\/v2\/types\/page"}],"author":[{"embeddable":true,"href":"http:\/\/recettes-gourmandes-de-joce.fr\/index.php\/wp-json\/wp\/v2\/users\/2"}],"replies":[{"embeddable":true,"href":"http:\/\/recettes-gourmandes-de-joce.fr\/index.php\/wp-json\/wp\/v2\/comments?post=1410"}],"version-history":[{"count":10,"href":"http:\/\/recettes-gourmandes-de-joce.fr\/index.php\/wp-json\/wp\/v2\/pages\/1410\/revisions"}],"predecessor-version":[{"id":93781,"href":"http:\/\/recettes-gourmandes-de-joce.fr\/index.php\/wp-json\/wp\/v2\/pages\/1410\/revisions\/93781"}],"up":[{"embeddable":true,"href":"http:\/\/recettes-gourmandes-de-joce.fr\/index.php\/wp-json\/wp\/v2\/pages\/195"}],"wp:featuredmedia":[{"embeddable":true,"href":"http:\/\/recettes-gourmandes-de-joce.fr\/index.php\/wp-json\/wp\/v2\/media\/81160"}],"wp:attachment":[{"href":"http:\/\/recettes-gourmandes-de-joce.fr\/index.php\/wp-json\/wp\/v2\/media?parent=1410"}],"curies":[{"name":"wp","href":"https:\/\/api.w.org\/{rel}","templated":true}]}}