{"id":14074,"date":"2019-12-29T15:43:50","date_gmt":"2019-12-29T15:43:50","guid":{"rendered":"http:\/\/recettes-gourmandes-de-joce.fr\/?page_id=14074"},"modified":"2024-07-05T10:33:22","modified_gmt":"2024-07-05T10:33:22","slug":"brioches-facon-hamburger-aux-fruits-frais-et-creme-de-speculos","status":"publish","type":"page","link":"http:\/\/recettes-gourmandes-de-joce.fr\/index.php\/index\/pains-viennoiseries-map\/viennoiseries\/brioches-facon-hamburger-aux-fruits-frais-et-creme-de-speculos\/","title":{"rendered":"Brioches fa\u00e7on hamburger aux fruits frais et cr\u00e8me de sp\u00e9culos."},"content":{"rendered":"<p style=\"text-align: center;\"><span style=\"color: #008000;\"><span style=\"font-size: 24px;\"><span style=\"font-family: georgia,serif;\"><u><em>Une de mes recettes<\/em><\/u><\/span><\/span><\/span><\/p>\n<p style=\"text-align: center;\">\u00a0<img loading=\"lazy\" decoding=\"async\" class=\"alignnone wp-image-52285\" src=\"http:\/\/recettes-gourmandes-de-joce.fr\/wp-content\/uploads\/2023\/04\/burger-brioches1-300x222.jpg\" alt=\"\" width=\"243\" height=\"180\" srcset=\"http:\/\/recettes-gourmandes-de-joce.fr\/wp-content\/uploads\/2023\/04\/burger-brioches1-300x222.jpg 300w, http:\/\/recettes-gourmandes-de-joce.fr\/wp-content\/uploads\/2023\/04\/burger-brioches1-768x568.jpg 768w, http:\/\/recettes-gourmandes-de-joce.fr\/wp-content\/uploads\/2023\/04\/burger-brioches1-750x554.jpg 750w, http:\/\/recettes-gourmandes-de-joce.fr\/wp-content\/uploads\/2023\/04\/burger-brioches1.jpg 1024w\" sizes=\"auto, (max-width: 243px) 100vw, 243px\" \/> <img loading=\"lazy\" decoding=\"async\" class=\"alignnone wp-image-52286\" src=\"http:\/\/recettes-gourmandes-de-joce.fr\/wp-content\/uploads\/2023\/04\/burger-brioches2-300x238.jpg\" alt=\"\" width=\"227\" height=\"180\" srcset=\"http:\/\/recettes-gourmandes-de-joce.fr\/wp-content\/uploads\/2023\/04\/burger-brioches2-300x238.jpg 300w, http:\/\/recettes-gourmandes-de-joce.fr\/wp-content\/uploads\/2023\/04\/burger-brioches2-768x610.jpg 768w, http:\/\/recettes-gourmandes-de-joce.fr\/wp-content\/uploads\/2023\/04\/burger-brioches2-750x595.jpg 750w, http:\/\/recettes-gourmandes-de-joce.fr\/wp-content\/uploads\/2023\/04\/burger-brioches2.jpg 1024w\" sizes=\"auto, (max-width: 227px) 100vw, 227px\" \/> <img loading=\"lazy\" decoding=\"async\" class=\"alignnone wp-image-52287\" src=\"http:\/\/recettes-gourmandes-de-joce.fr\/wp-content\/uploads\/2023\/04\/burger-brioches3-300x225.jpg\" alt=\"\" width=\"240\" height=\"180\" srcset=\"http:\/\/recettes-gourmandes-de-joce.fr\/wp-content\/uploads\/2023\/04\/burger-brioches3-300x225.jpg 300w, http:\/\/recettes-gourmandes-de-joce.fr\/wp-content\/uploads\/2023\/04\/burger-brioches3-768x576.jpg 768w, http:\/\/recettes-gourmandes-de-joce.fr\/wp-content\/uploads\/2023\/04\/burger-brioches3-750x563.jpg 750w, http:\/\/recettes-gourmandes-de-joce.fr\/wp-content\/uploads\/2023\/04\/burger-brioches3.jpg 1024w\" sizes=\"auto, (max-width: 240px) 100vw, 240px\" \/><\/p>\n<p style=\"text-align: center;\"><span style=\"color: #008000;\"><span style=\"font-size: 24px;\"><span style=\"font-family: georgia,serif;\"><u><em>Ingr\u00e9dients pour 6 burgers brioches<\/em><\/u><\/span><\/span><\/span><\/p>\n<p style=\"text-align: center;\"><img loading=\"lazy\" decoding=\"async\" class=\"alignnone wp-image-52284\" src=\"http:\/\/recettes-gourmandes-de-joce.fr\/wp-content\/uploads\/2023\/04\/briochettes-fruits4-300x225.jpg\" alt=\"\" width=\"267\" height=\"200\" srcset=\"http:\/\/recettes-gourmandes-de-joce.fr\/wp-content\/uploads\/2023\/04\/briochettes-fruits4-300x225.jpg 300w, http:\/\/recettes-gourmandes-de-joce.fr\/wp-content\/uploads\/2023\/04\/briochettes-fruits4-768x576.jpg 768w, http:\/\/recettes-gourmandes-de-joce.fr\/wp-content\/uploads\/2023\/04\/briochettes-fruits4-750x563.jpg 750w, http:\/\/recettes-gourmandes-de-joce.fr\/wp-content\/uploads\/2023\/04\/briochettes-fruits4.jpg 1024w\" sizes=\"auto, (max-width: 267px) 100vw, 267px\" \/><\/p>\n<p style=\"text-align: center;\"><span style=\"color: #008000; font-size: 14pt;\"><span style=\"font-family: georgia,serif;\"><em>6 belles fraises<\/em><\/span><\/span><\/p>\n<p style=\"text-align: center;\"><span style=\"color: #008000; font-size: 14pt;\"><span style=\"font-family: georgia,serif;\"><em>6 abricots<\/em><\/span><\/span><\/p>\n<p style=\"text-align: center;\"><span style=\"color: #008000; font-size: 14pt;\"><span style=\"font-family: georgia,serif;\"><em>2 kiwis<\/em><\/span><\/span><\/p>\n<p style=\"text-align: center;\"><span style=\"color: #008000; font-size: 14pt;\"><span style=\"font-family: georgia,serif;\"><em>1 grosse c \u00e0 s de p\u00e2te de sp\u00e9culos<\/em><\/span><\/span><\/p>\n<p style=\"text-align: center;\"><span style=\"color: #008000; font-size: 14pt;\"><span style=\"font-family: georgia,serif;\"><em>2 c \u00e0 s de cr\u00e8me fra\u00eeche \u00e9paisse<\/em><\/span><\/span><\/p>\n<p style=\"text-align: center;\"><span style=\"color: #008000; font-size: 14pt;\"><span style=\"font-family: georgia,serif;\"><em>24 feuilles de menthe (facultatif)<\/em><\/span><\/span><\/p>\n<p style=\"text-align: center;\"><span style=\"color: #008000; font-size: 14pt;\"><span style=\"font-family: georgia,serif;\"><em>6 brioches<\/em><\/span><\/span><\/p>\n<p style=\"text-align: center;\"><span style=\"font-size: 14pt;\"><span style=\"color: #008000;\"><span style=\"font-family: georgia,serif;\"><em>Pour les quantit\u00e9s et la recette des brioches cliquez <\/em><\/span><\/span><\/span><\/p>\n<p style=\"text-align: center;\"><span style=\"font-size: 14pt;\"><span style=\"color: #008000;\"><span style=\"font-family: georgia,serif;\"><em>sur ce lien -&gt;<\/em><\/span><\/span><a href=\"http:\/\/recettes-gourmandes-de-joce.fr\/index.php\/index\/pains-viennoiseries-map\/map-machine-a-pain\/petites-brioches-parisiennes\/\"><span style=\"color: #800080;\"><em><span style=\"font-family: georgia, palatino, serif;\">Petites brioches parisiennes <img loading=\"lazy\" decoding=\"async\" class=\"alignnone wp-image-51777\" src=\"http:\/\/recettes-gourmandes-de-joce.fr\/wp-content\/uploads\/2023\/04\/briochettes20-300x197.jpg\" alt=\"\" width=\"229\" height=\"150\" srcset=\"http:\/\/recettes-gourmandes-de-joce.fr\/wp-content\/uploads\/2023\/04\/briochettes20-300x197.jpg 300w, http:\/\/recettes-gourmandes-de-joce.fr\/wp-content\/uploads\/2023\/04\/briochettes20-768x504.jpg 768w, http:\/\/recettes-gourmandes-de-joce.fr\/wp-content\/uploads\/2023\/04\/briochettes20-750x492.jpg 750w, http:\/\/recettes-gourmandes-de-joce.fr\/wp-content\/uploads\/2023\/04\/briochettes20.jpg 1024w\" sizes=\"auto, (max-width: 229px) 100vw, 229px\" \/><\/span><\/em><\/span><\/a><\/span><\/p>\n<p style=\"text-align: center;\"><img loading=\"lazy\" decoding=\"async\" class=\"alignnone wp-image-52289\" src=\"http:\/\/recettes-gourmandes-de-joce.fr\/wp-content\/uploads\/2023\/04\/burger-brioches5-300x193.jpg\" alt=\"\" width=\"264\" height=\"170\" srcset=\"http:\/\/recettes-gourmandes-de-joce.fr\/wp-content\/uploads\/2023\/04\/burger-brioches5-300x193.jpg 300w, http:\/\/recettes-gourmandes-de-joce.fr\/wp-content\/uploads\/2023\/04\/burger-brioches5-768x495.jpg 768w, http:\/\/recettes-gourmandes-de-joce.fr\/wp-content\/uploads\/2023\/04\/burger-brioches5-750x483.jpg 750w, http:\/\/recettes-gourmandes-de-joce.fr\/wp-content\/uploads\/2023\/04\/burger-brioches5.jpg 1024w\" sizes=\"auto, (max-width: 264px) 100vw, 264px\" \/> <img loading=\"lazy\" decoding=\"async\" class=\"alignnone wp-image-52290\" src=\"http:\/\/recettes-gourmandes-de-joce.fr\/wp-content\/uploads\/2023\/04\/burger-brioches6-300x225.jpg\" alt=\"\" width=\"227\" height=\"170\" srcset=\"http:\/\/recettes-gourmandes-de-joce.fr\/wp-content\/uploads\/2023\/04\/burger-brioches6-300x225.jpg 300w, http:\/\/recettes-gourmandes-de-joce.fr\/wp-content\/uploads\/2023\/04\/burger-brioches6-768x576.jpg 768w, http:\/\/recettes-gourmandes-de-joce.fr\/wp-content\/uploads\/2023\/04\/burger-brioches6-750x563.jpg 750w, http:\/\/recettes-gourmandes-de-joce.fr\/wp-content\/uploads\/2023\/04\/burger-brioches6.jpg 1024w\" sizes=\"auto, (max-width: 227px) 100vw, 227px\" \/> <img loading=\"lazy\" decoding=\"async\" class=\"alignnone wp-image-52291\" src=\"http:\/\/recettes-gourmandes-de-joce.fr\/wp-content\/uploads\/2023\/04\/burger-brioches7-230x300.jpg\" alt=\"\" width=\"130\" height=\"170\" srcset=\"http:\/\/recettes-gourmandes-de-joce.fr\/wp-content\/uploads\/2023\/04\/burger-brioches7-230x300.jpg 230w, http:\/\/recettes-gourmandes-de-joce.fr\/wp-content\/uploads\/2023\/04\/burger-brioches7-768x1001.jpg 768w, http:\/\/recettes-gourmandes-de-joce.fr\/wp-content\/uploads\/2023\/04\/burger-brioches7-750x977.jpg 750w, http:\/\/recettes-gourmandes-de-joce.fr\/wp-content\/uploads\/2023\/04\/burger-brioches7.jpg 786w\" sizes=\"auto, (max-width: 130px) 100vw, 130px\" \/><\/p>\n<p style=\"text-align: center;\"><span style=\"color: #008000; font-size: 14pt;\"><span style=\"font-family: georgia,serif;\"><em>R\u00e9aliser votre p\u00e2te \u00e0 brioche selon la recette donn\u00e9e en lien, puis fa\u00e7onnez l\u00e8s de cette fa\u00e7on, diviser la p\u00e2te en 6, former des boules et aplatissez l\u00e8s, d\u00e9posez l\u00e8s dans des moules \u00e0 tartelettes. Pr\u00e9chauffer le four \u00e0 180\u00b0 pendant 30 minutes le temps de laisser les brioches lever \u00e0 nouveau. Les passer ensuite au jaune d&rsquo;\u0153uf et r\u00e9partir les graines de s\u00e9same dessus, enfourner \u00e0 180\u00b0 pendant 12 minutes environ selon les fours, surveiller la cuisson et la coloration.<\/em><\/span><\/span><\/p>\n<p style=\"text-align: center;\"><img loading=\"lazy\" decoding=\"async\" class=\"alignnone wp-image-52292\" src=\"http:\/\/recettes-gourmandes-de-joce.fr\/wp-content\/uploads\/2023\/04\/burger-brioches8-300x235.jpg\" alt=\"\" width=\"217\" height=\"170\" srcset=\"http:\/\/recettes-gourmandes-de-joce.fr\/wp-content\/uploads\/2023\/04\/burger-brioches8-300x235.jpg 300w, http:\/\/recettes-gourmandes-de-joce.fr\/wp-content\/uploads\/2023\/04\/burger-brioches8-768x601.jpg 768w, http:\/\/recettes-gourmandes-de-joce.fr\/wp-content\/uploads\/2023\/04\/burger-brioches8-750x587.jpg 750w, http:\/\/recettes-gourmandes-de-joce.fr\/wp-content\/uploads\/2023\/04\/burger-brioches8.jpg 1024w\" sizes=\"auto, (max-width: 217px) 100vw, 217px\" \/> <img loading=\"lazy\" decoding=\"async\" class=\"alignnone wp-image-52293\" src=\"http:\/\/recettes-gourmandes-de-joce.fr\/wp-content\/uploads\/2023\/04\/burger-brioches9-300x194.jpg\" alt=\"\" width=\"263\" height=\"170\" srcset=\"http:\/\/recettes-gourmandes-de-joce.fr\/wp-content\/uploads\/2023\/04\/burger-brioches9-300x194.jpg 300w, http:\/\/recettes-gourmandes-de-joce.fr\/wp-content\/uploads\/2023\/04\/burger-brioches9-768x496.jpg 768w, http:\/\/recettes-gourmandes-de-joce.fr\/wp-content\/uploads\/2023\/04\/burger-brioches9-750x484.jpg 750w, http:\/\/recettes-gourmandes-de-joce.fr\/wp-content\/uploads\/2023\/04\/burger-brioches9.jpg 1024w\" sizes=\"auto, (max-width: 263px) 100vw, 263px\" \/> <img loading=\"lazy\" decoding=\"async\" class=\"alignnone wp-image-52272\" src=\"http:\/\/recettes-gourmandes-de-joce.fr\/wp-content\/uploads\/2023\/04\/burger-brioches10-300x243.jpg\" alt=\"\" width=\"209\" height=\"170\" srcset=\"http:\/\/recettes-gourmandes-de-joce.fr\/wp-content\/uploads\/2023\/04\/burger-brioches10-300x243.jpg 300w, http:\/\/recettes-gourmandes-de-joce.fr\/wp-content\/uploads\/2023\/04\/burger-brioches10-768x623.jpg 768w, http:\/\/recettes-gourmandes-de-joce.fr\/wp-content\/uploads\/2023\/04\/burger-brioches10-750x609.jpg 750w, http:\/\/recettes-gourmandes-de-joce.fr\/wp-content\/uploads\/2023\/04\/burger-brioches10.jpg 1024w\" sizes=\"auto, (max-width: 209px) 100vw, 209px\" \/><\/p>\n<p style=\"text-align: center;\"><span style=\"color: #008000; font-size: 14pt;\"><span style=\"font-family: georgia,serif;\"><em>Lorsqu&rsquo;elles sont cuites, les laisser refroidir sur une grille, puis les couper en deux. Mettre les dessus de c\u00f4t\u00e9, m\u00e9langer la p\u00e2te de sp\u00e9culos avec la cr\u00e8me fra\u00eeche.<\/em><\/span><\/span><\/p>\n<p style=\"text-align: center;\"><img loading=\"lazy\" decoding=\"async\" class=\"alignnone wp-image-52273\" src=\"http:\/\/recettes-gourmandes-de-joce.fr\/wp-content\/uploads\/2023\/04\/burger-brioches11-300x226.jpg\" alt=\"\" width=\"226\" height=\"170\" srcset=\"http:\/\/recettes-gourmandes-de-joce.fr\/wp-content\/uploads\/2023\/04\/burger-brioches11-300x226.jpg 300w, http:\/\/recettes-gourmandes-de-joce.fr\/wp-content\/uploads\/2023\/04\/burger-brioches11-768x578.jpg 768w, http:\/\/recettes-gourmandes-de-joce.fr\/wp-content\/uploads\/2023\/04\/burger-brioches11-750x565.jpg 750w, http:\/\/recettes-gourmandes-de-joce.fr\/wp-content\/uploads\/2023\/04\/burger-brioches11.jpg 1024w\" sizes=\"auto, (max-width: 226px) 100vw, 226px\" \/> <img loading=\"lazy\" decoding=\"async\" class=\"alignnone wp-image-52275\" src=\"http:\/\/recettes-gourmandes-de-joce.fr\/wp-content\/uploads\/2023\/04\/burger-brioches13-300x225.jpg\" alt=\"\" width=\"227\" height=\"170\" srcset=\"http:\/\/recettes-gourmandes-de-joce.fr\/wp-content\/uploads\/2023\/04\/burger-brioches13-300x225.jpg 300w, http:\/\/recettes-gourmandes-de-joce.fr\/wp-content\/uploads\/2023\/04\/burger-brioches13-768x576.jpg 768w, http:\/\/recettes-gourmandes-de-joce.fr\/wp-content\/uploads\/2023\/04\/burger-brioches13-750x563.jpg 750w, http:\/\/recettes-gourmandes-de-joce.fr\/wp-content\/uploads\/2023\/04\/burger-brioches13.jpg 1024w\" sizes=\"auto, (max-width: 227px) 100vw, 227px\" \/> <img loading=\"lazy\" decoding=\"async\" class=\"alignnone wp-image-52274\" src=\"http:\/\/recettes-gourmandes-de-joce.fr\/wp-content\/uploads\/2023\/04\/burger-brioches12-300x225.jpg\" alt=\"\" width=\"227\" height=\"170\" srcset=\"http:\/\/recettes-gourmandes-de-joce.fr\/wp-content\/uploads\/2023\/04\/burger-brioches12-300x225.jpg 300w, http:\/\/recettes-gourmandes-de-joce.fr\/wp-content\/uploads\/2023\/04\/burger-brioches12-768x576.jpg 768w, http:\/\/recettes-gourmandes-de-joce.fr\/wp-content\/uploads\/2023\/04\/burger-brioches12-750x563.jpg 750w, http:\/\/recettes-gourmandes-de-joce.fr\/wp-content\/uploads\/2023\/04\/burger-brioches12.jpg 1024w\" sizes=\"auto, (max-width: 227px) 100vw, 227px\" \/><\/p>\n<p style=\"text-align: center;\"><span style=\"color: #008000; font-size: 14pt;\"><span style=\"font-family: georgia,serif;\"><em>Pour obtenir une cr\u00e8me homog\u00e8ne. <\/em><em>R\u00e9partir un peu de cr\u00e8me sur les bases des brioches. <\/em><em>\u00a0Laver et couper les fruits en fines tranches.\u00a0<\/em><\/span><\/span><\/p>\n<p style=\"text-align: center;\"><img loading=\"lazy\" decoding=\"async\" class=\"alignnone wp-image-52276\" src=\"http:\/\/recettes-gourmandes-de-joce.fr\/wp-content\/uploads\/2023\/04\/burger-brioches14-300x200.jpg\" alt=\"\" width=\"255\" height=\"170\" srcset=\"http:\/\/recettes-gourmandes-de-joce.fr\/wp-content\/uploads\/2023\/04\/burger-brioches14-300x200.jpg 300w, http:\/\/recettes-gourmandes-de-joce.fr\/wp-content\/uploads\/2023\/04\/burger-brioches14-768x512.jpg 768w, http:\/\/recettes-gourmandes-de-joce.fr\/wp-content\/uploads\/2023\/04\/burger-brioches14-750x500.jpg 750w, http:\/\/recettes-gourmandes-de-joce.fr\/wp-content\/uploads\/2023\/04\/burger-brioches14.jpg 1024w\" sizes=\"auto, (max-width: 255px) 100vw, 255px\" \/> <img loading=\"lazy\" decoding=\"async\" class=\"alignnone wp-image-52277\" src=\"http:\/\/recettes-gourmandes-de-joce.fr\/wp-content\/uploads\/2023\/04\/burger-brioches15-300x225.jpg\" alt=\"\" width=\"227\" height=\"170\" srcset=\"http:\/\/recettes-gourmandes-de-joce.fr\/wp-content\/uploads\/2023\/04\/burger-brioches15-300x225.jpg 300w, http:\/\/recettes-gourmandes-de-joce.fr\/wp-content\/uploads\/2023\/04\/burger-brioches15-768x576.jpg 768w, http:\/\/recettes-gourmandes-de-joce.fr\/wp-content\/uploads\/2023\/04\/burger-brioches15-750x563.jpg 750w, http:\/\/recettes-gourmandes-de-joce.fr\/wp-content\/uploads\/2023\/04\/burger-brioches15.jpg 1024w\" sizes=\"auto, (max-width: 227px) 100vw, 227px\" \/> <img loading=\"lazy\" decoding=\"async\" class=\"alignnone wp-image-52278\" src=\"http:\/\/recettes-gourmandes-de-joce.fr\/wp-content\/uploads\/2023\/04\/burger-brioches16-300x225.jpg\" alt=\"\" width=\"227\" height=\"170\" srcset=\"http:\/\/recettes-gourmandes-de-joce.fr\/wp-content\/uploads\/2023\/04\/burger-brioches16-300x225.jpg 300w, http:\/\/recettes-gourmandes-de-joce.fr\/wp-content\/uploads\/2023\/04\/burger-brioches16-768x576.jpg 768w, http:\/\/recettes-gourmandes-de-joce.fr\/wp-content\/uploads\/2023\/04\/burger-brioches16-750x563.jpg 750w, http:\/\/recettes-gourmandes-de-joce.fr\/wp-content\/uploads\/2023\/04\/burger-brioches16.jpg 1024w\" sizes=\"auto, (max-width: 227px) 100vw, 227px\" \/><\/p>\n<p style=\"text-align: center;\"><span style=\"color: #008000; font-size: 14pt;\"><span style=\"font-family: georgia,serif;\"><em>Ajouter des feuilles de menthe (selon les go\u00fbts) ajouter les fraises, un peu de cr\u00e8me, les kiwis.<\/em><\/span><\/span><\/p>\n<p style=\"text-align: center;\"><img loading=\"lazy\" decoding=\"async\" class=\"alignnone wp-image-52279\" src=\"http:\/\/recettes-gourmandes-de-joce.fr\/wp-content\/uploads\/2023\/04\/burger-brioches17-300x225.jpg\" alt=\"\" width=\"227\" height=\"170\" srcset=\"http:\/\/recettes-gourmandes-de-joce.fr\/wp-content\/uploads\/2023\/04\/burger-brioches17-300x225.jpg 300w, http:\/\/recettes-gourmandes-de-joce.fr\/wp-content\/uploads\/2023\/04\/burger-brioches17-768x576.jpg 768w, http:\/\/recettes-gourmandes-de-joce.fr\/wp-content\/uploads\/2023\/04\/burger-brioches17-750x563.jpg 750w, http:\/\/recettes-gourmandes-de-joce.fr\/wp-content\/uploads\/2023\/04\/burger-brioches17.jpg 1024w\" sizes=\"auto, (max-width: 227px) 100vw, 227px\" \/> <img loading=\"lazy\" decoding=\"async\" class=\"alignnone wp-image-52280\" src=\"http:\/\/recettes-gourmandes-de-joce.fr\/wp-content\/uploads\/2023\/04\/burger-brioches18-300x225.jpg\" alt=\"\" width=\"227\" height=\"170\" srcset=\"http:\/\/recettes-gourmandes-de-joce.fr\/wp-content\/uploads\/2023\/04\/burger-brioches18-300x225.jpg 300w, http:\/\/recettes-gourmandes-de-joce.fr\/wp-content\/uploads\/2023\/04\/burger-brioches18-768x576.jpg 768w, http:\/\/recettes-gourmandes-de-joce.fr\/wp-content\/uploads\/2023\/04\/burger-brioches18-750x563.jpg 750w, http:\/\/recettes-gourmandes-de-joce.fr\/wp-content\/uploads\/2023\/04\/burger-brioches18.jpg 1024w\" sizes=\"auto, (max-width: 227px) 100vw, 227px\" \/><\/p>\n<p style=\"text-align: center;\"><span style=\"color: #008000; font-size: 14pt;\"><span style=\"font-family: georgia,serif;\"><em>\u00c0 nouveau un peu de cr\u00e8me et finir par les abricots et le reste de cr\u00e8me, remettre les chapeaux des brioches et r\u00e9galez vous!<\/em><\/span><\/span><\/p>\n<p style=\"text-align: center;\"><span style=\"color: #008000; font-size: 14pt;\"><span style=\"font-family: georgia,serif;\"><em>Un dessert qui permet aux enfants de manger des fruits!<\/em><\/span><\/span><\/p>\n<p style=\"text-align: center;\"><span style=\"color: #008000; font-size: 14pt;\"><span style=\"font-family: georgia,serif;\"><em>Bon app\u00e9tit!<\/em><\/span><\/span><\/p>\n<p style=\"text-align: center;\"><img loading=\"lazy\" decoding=\"async\" class=\"alignnone wp-image-52281\" src=\"http:\/\/recettes-gourmandes-de-joce.fr\/wp-content\/uploads\/2023\/04\/burger-brioches19-300x228.jpg\" alt=\"\" width=\"237\" height=\"180\" srcset=\"http:\/\/recettes-gourmandes-de-joce.fr\/wp-content\/uploads\/2023\/04\/burger-brioches19-300x228.jpg 300w, http:\/\/recettes-gourmandes-de-joce.fr\/wp-content\/uploads\/2023\/04\/burger-brioches19-768x584.jpg 768w, http:\/\/recettes-gourmandes-de-joce.fr\/wp-content\/uploads\/2023\/04\/burger-brioches19-750x571.jpg 750w, http:\/\/recettes-gourmandes-de-joce.fr\/wp-content\/uploads\/2023\/04\/burger-brioches19.jpg 1024w\" sizes=\"auto, (max-width: 237px) 100vw, 237px\" \/> <img loading=\"lazy\" decoding=\"async\" class=\"alignnone wp-image-52282\" src=\"http:\/\/recettes-gourmandes-de-joce.fr\/wp-content\/uploads\/2023\/04\/burger-brioches20-300x244.jpg\" alt=\"\" width=\"222\" height=\"180\" srcset=\"http:\/\/recettes-gourmandes-de-joce.fr\/wp-content\/uploads\/2023\/04\/burger-brioches20-300x244.jpg 300w, http:\/\/recettes-gourmandes-de-joce.fr\/wp-content\/uploads\/2023\/04\/burger-brioches20-768x624.jpg 768w, http:\/\/recettes-gourmandes-de-joce.fr\/wp-content\/uploads\/2023\/04\/burger-brioches20-750x609.jpg 750w, http:\/\/recettes-gourmandes-de-joce.fr\/wp-content\/uploads\/2023\/04\/burger-brioches20.jpg 1024w\" sizes=\"auto, (max-width: 222px) 100vw, 222px\" \/> <img loading=\"lazy\" decoding=\"async\" class=\"alignnone wp-image-52283\" src=\"http:\/\/recettes-gourmandes-de-joce.fr\/wp-content\/uploads\/2023\/04\/burger-brioches21-300x203.jpg\" alt=\"\" width=\"266\" height=\"180\" srcset=\"http:\/\/recettes-gourmandes-de-joce.fr\/wp-content\/uploads\/2023\/04\/burger-brioches21-300x203.jpg 300w, http:\/\/recettes-gourmandes-de-joce.fr\/wp-content\/uploads\/2023\/04\/burger-brioches21-768x519.jpg 768w, http:\/\/recettes-gourmandes-de-joce.fr\/wp-content\/uploads\/2023\/04\/burger-brioches21-750x507.jpg 750w, http:\/\/recettes-gourmandes-de-joce.fr\/wp-content\/uploads\/2023\/04\/burger-brioches21.jpg 1024w\" sizes=\"auto, (max-width: 266px) 100vw, 266px\" \/><\/p>\n<p style=\"text-align: center;\"><img loading=\"lazy\" decoding=\"async\" class=\"alignnone wp-image-44943 size-full\" src=\"http:\/\/recettes-gourmandes-de-joce.fr\/wp-content\/uploads\/2022\/05\/logitech-gaming-software-14112014-121223.jpg\" alt=\"\" width=\"640\" height=\"144\" srcset=\"http:\/\/recettes-gourmandes-de-joce.fr\/wp-content\/uploads\/2022\/05\/logitech-gaming-software-14112014-121223.jpg 640w, http:\/\/recettes-gourmandes-de-joce.fr\/wp-content\/uploads\/2022\/05\/logitech-gaming-software-14112014-121223-300x68.jpg 300w\" sizes=\"auto, (max-width: 640px) 100vw, 640px\" \/><\/p>\n","protected":false},"excerpt":{"rendered":"<p>Une de mes recettes \u00a0 Ingr\u00e9dients pour 6 burgers brioches 6 belles fraises 6 abricots 2 kiwis 1 grosse c \u00e0 s de p\u00e2te de sp\u00e9culos 2 c \u00e0 s de cr\u00e8me fra\u00eeche \u00e9paisse 24 feuilles de menthe (facultatif) 6 brioches Pour les quantit\u00e9s et la recette des brioches cliquez sur ce lien -&gt;Petites brioches &hellip; <\/p>\n<p><a class=\"more-link btn\" href=\"http:\/\/recettes-gourmandes-de-joce.fr\/index.php\/index\/pains-viennoiseries-map\/viennoiseries\/brioches-facon-hamburger-aux-fruits-frais-et-creme-de-speculos\/\">Lire la suite<\/a><\/p>\n","protected":false},"author":2,"featured_media":86927,"parent":282,"menu_order":0,"comment_status":"open","ping_status":"closed","template":"","meta":{"footnotes":""},"class_list":["post-14074","page","type-page","status-publish","has-post-thumbnail","hentry","nodate","item-wrap"],"_links":{"self":[{"href":"http:\/\/recettes-gourmandes-de-joce.fr\/index.php\/wp-json\/wp\/v2\/pages\/14074","targetHints":{"allow":["GET"]}}],"collection":[{"href":"http:\/\/recettes-gourmandes-de-joce.fr\/index.php\/wp-json\/wp\/v2\/pages"}],"about":[{"href":"http:\/\/recettes-gourmandes-de-joce.fr\/index.php\/wp-json\/wp\/v2\/types\/page"}],"author":[{"embeddable":true,"href":"http:\/\/recettes-gourmandes-de-joce.fr\/index.php\/wp-json\/wp\/v2\/users\/2"}],"replies":[{"embeddable":true,"href":"http:\/\/recettes-gourmandes-de-joce.fr\/index.php\/wp-json\/wp\/v2\/comments?post=14074"}],"version-history":[{"count":5,"href":"http:\/\/recettes-gourmandes-de-joce.fr\/index.php\/wp-json\/wp\/v2\/pages\/14074\/revisions"}],"predecessor-version":[{"id":86928,"href":"http:\/\/recettes-gourmandes-de-joce.fr\/index.php\/wp-json\/wp\/v2\/pages\/14074\/revisions\/86928"}],"up":[{"embeddable":true,"href":"http:\/\/recettes-gourmandes-de-joce.fr\/index.php\/wp-json\/wp\/v2\/pages\/282"}],"wp:featuredmedia":[{"embeddable":true,"href":"http:\/\/recettes-gourmandes-de-joce.fr\/index.php\/wp-json\/wp\/v2\/media\/86927"}],"wp:attachment":[{"href":"http:\/\/recettes-gourmandes-de-joce.fr\/index.php\/wp-json\/wp\/v2\/media?parent=14074"}],"curies":[{"name":"wp","href":"https:\/\/api.w.org\/{rel}","templated":true}]}}