{"id":13933,"date":"2019-12-27T21:41:56","date_gmt":"2019-12-27T21:41:56","guid":{"rendered":"http:\/\/recettes-gourmandes-de-joce.fr\/?page_id=13933"},"modified":"2025-08-17T15:51:44","modified_gmt":"2025-08-17T15:51:44","slug":"saute-de-porc-au-brie-de-meaux-region-de-la-brie","status":"publish","type":"page","link":"http:\/\/recettes-gourmandes-de-joce.fr\/index.php\/index\/viandes\/porc\/saute-de-porc-au-brie-de-meaux-region-de-la-brie\/","title":{"rendered":"Saut\u00e9 de porc au Brie de Meaux \u00ab\u00a0REGION DE LA BRIE\u00a0\u00bb."},"content":{"rendered":"<p style=\"text-align: center;\"><span style=\"font-family: georgia, serif; font-size: 14pt;\"><em><span style=\"color: #ff0000;\"><span style=\"text-decoration: underline; color: #ff9900;\">Recette r\u00e9gionale de la Brie<\/span><\/span><\/em><\/span><\/p>\n<p style=\"text-align: center;\"><span style=\"font-size: 14pt;\"><img loading=\"lazy\" decoding=\"async\" class=\"alignnone wp-image-13917\" src=\"http:\/\/recettes-gourmandes-de-joce.fr\/wp-content\/uploads\/2019\/12\/avril-41-150x150.jpg\" alt=\"\" width=\"216\" height=\"180\" srcset=\"http:\/\/recettes-gourmandes-de-joce.fr\/wp-content\/uploads\/2019\/12\/avril-41-300x250.jpg 300w, http:\/\/recettes-gourmandes-de-joce.fr\/wp-content\/uploads\/2019\/12\/avril-41.jpg 640w\" sizes=\"auto, (max-width: 216px) 100vw, 216px\" \/> <img loading=\"lazy\" decoding=\"async\" class=\"alignnone wp-image-13914\" src=\"http:\/\/recettes-gourmandes-de-joce.fr\/wp-content\/uploads\/2019\/12\/Logitech-Gaming-Software-27122019-221428-150x150.jpg\" alt=\"\" width=\"234\" height=\"180\" srcset=\"http:\/\/recettes-gourmandes-de-joce.fr\/wp-content\/uploads\/2019\/12\/Logitech-Gaming-Software-27122019-221428-300x231.jpg 300w, http:\/\/recettes-gourmandes-de-joce.fr\/wp-content\/uploads\/2019\/12\/Logitech-Gaming-Software-27122019-221428.jpg 477w\" sizes=\"auto, (max-width: 234px) 100vw, 234px\" \/> <img loading=\"lazy\" decoding=\"async\" class=\"alignnone wp-image-13915\" src=\"http:\/\/recettes-gourmandes-de-joce.fr\/wp-content\/uploads\/2019\/12\/avril-43-150x150.jpg\" alt=\"\" width=\"240\" height=\"180\" srcset=\"http:\/\/recettes-gourmandes-de-joce.fr\/wp-content\/uploads\/2019\/12\/avril-43-300x225.jpg 300w, http:\/\/recettes-gourmandes-de-joce.fr\/wp-content\/uploads\/2019\/12\/avril-43.jpg 640w\" sizes=\"auto, (max-width: 240px) 100vw, 240px\" \/><\/span><\/p>\n<p style=\"text-align: center;\"><span style=\"font-family: georgia, serif; font-size: 14pt;\"><em><span style=\"color: #ff0000;\"><span style=\"text-decoration: underline; color: #ff9900;\">Version avec des c\u00e8pes\u2193<\/span><\/span><\/em><\/span><\/p>\n<p style=\"text-align: center;\"><img loading=\"lazy\" decoding=\"async\" class=\"alignnone wp-image-96373\" src=\"http:\/\/recettes-gourmandes-de-joce.fr\/wp-content\/uploads\/2025\/08\/P7310360.jpg\" alt=\"\" width=\"202\" height=\"180\" srcset=\"http:\/\/recettes-gourmandes-de-joce.fr\/wp-content\/uploads\/2025\/08\/P7310360.jpg 800w, http:\/\/recettes-gourmandes-de-joce.fr\/wp-content\/uploads\/2025\/08\/P7310360-768x684.jpg 768w, http:\/\/recettes-gourmandes-de-joce.fr\/wp-content\/uploads\/2025\/08\/P7310360-750x668.jpg 750w\" sizes=\"auto, (max-width: 202px) 100vw, 202px\" \/> <img loading=\"lazy\" decoding=\"async\" class=\"alignnone wp-image-96372\" src=\"http:\/\/recettes-gourmandes-de-joce.fr\/wp-content\/uploads\/2025\/08\/P7310359.jpg\" alt=\"\" width=\"212\" height=\"180\" srcset=\"http:\/\/recettes-gourmandes-de-joce.fr\/wp-content\/uploads\/2025\/08\/P7310359.jpg 800w, http:\/\/recettes-gourmandes-de-joce.fr\/wp-content\/uploads\/2025\/08\/P7310359-768x651.jpg 768w, http:\/\/recettes-gourmandes-de-joce.fr\/wp-content\/uploads\/2025\/08\/P7310359-750x636.jpg 750w\" sizes=\"auto, (max-width: 212px) 100vw, 212px\" \/> <img loading=\"lazy\" decoding=\"async\" class=\"alignnone wp-image-96374\" src=\"http:\/\/recettes-gourmandes-de-joce.fr\/wp-content\/uploads\/2025\/08\/P7310358.jpg\" alt=\"\" width=\"233\" height=\"180\" srcset=\"http:\/\/recettes-gourmandes-de-joce.fr\/wp-content\/uploads\/2025\/08\/P7310358.jpg 800w, http:\/\/recettes-gourmandes-de-joce.fr\/wp-content\/uploads\/2025\/08\/P7310358-768x594.jpg 768w, http:\/\/recettes-gourmandes-de-joce.fr\/wp-content\/uploads\/2025\/08\/P7310358-750x580.jpg 750w\" sizes=\"auto, (max-width: 233px) 100vw, 233px\" \/><\/p>\n<p style=\"text-align: center;\"><span style=\"font-family: georgia, serif; font-size: 18pt;\"><em><span style=\"color: #ff0000;\"><span style=\"text-decoration: underline; color: #ff9900;\">Ingr\u00e9dients pour 5 personnes<\/span><\/span><\/em><\/span><\/p>\n<p style=\"text-align: center;\"><span style=\"font-size: 14pt;\"><img loading=\"lazy\" decoding=\"async\" class=\"alignnone wp-image-13910\" src=\"http:\/\/recettes-gourmandes-de-joce.fr\/wp-content\/uploads\/2019\/12\/P1010348-150x150.jpg\" alt=\"\" width=\"245\" height=\"175\" srcset=\"http:\/\/recettes-gourmandes-de-joce.fr\/wp-content\/uploads\/2019\/12\/P1010348-300x215.jpg 300w, http:\/\/recettes-gourmandes-de-joce.fr\/wp-content\/uploads\/2019\/12\/P1010348.jpg 640w\" sizes=\"auto, (max-width: 245px) 100vw, 245px\" \/><\/span><\/p>\n<p style=\"text-align: center;\"><span style=\"font-family: georgia, serif; font-size: 14pt;\"><em><span style=\"color: #ff9900;\">1 kg de saut\u00e9 de porc<\/span><\/em><\/span><\/p>\n<p style=\"text-align: center;\"><span style=\"font-family: georgia, serif; font-size: 14pt;\"><em><span style=\"color: #ff9900;\">1 grand brie<\/span><\/em><\/span><\/p>\n<p style=\"text-align: center;\"><span style=\"font-family: georgia, serif; font-size: 14pt;\"><em><span style=\"color: #ff9900;\">1 pot de cr\u00e8me \u00e9paisse de 20 cl<\/span><\/em><\/span><\/p>\n<p style=\"text-align: center;\"><span style=\"font-family: georgia, serif; font-size: 14pt;\"><em><span style=\"color: #ff9900;\">250 g de champignons de Paris frais<\/span><\/em><\/span><\/p>\n<p style=\"text-align: center;\"><span style=\"font-family: georgia, serif; font-size: 14pt;\"><em><span style=\"color: #ff9900;\">1 verre devin blanc<\/span><\/em><\/span><\/p>\n<p style=\"text-align: center;\"><span style=\"font-family: georgia, serif; font-size: 14pt;\"><em><span style=\"color: #ff9900;\">1 oignon<\/span><\/em><\/span><\/p>\n<p style=\"text-align: center;\"><span style=\"font-family: georgia, serif; font-size: 14pt;\"><em><span style=\"color: #ff9900;\">6 gousses d&rsquo;ail<\/span><\/em><\/span><\/p>\n<p style=\"text-align: center;\"><span style=\"font-family: georgia, serif; font-size: 14pt;\"><em><span style=\"color: #ff9900;\">Sel, poivre<\/span><\/em><\/span><\/p>\n<p style=\"text-align: center;\"><span style=\"font-size: 14pt;\"><img loading=\"lazy\" decoding=\"async\" class=\"alignnone wp-image-12583\" src=\"http:\/\/recettes-gourmandes-de-joce.fr\/wp-content\/uploads\/2019\/12\/PA020101-001-150x150.jpg\" alt=\"\" width=\"174\" height=\"160\" srcset=\"http:\/\/recettes-gourmandes-de-joce.fr\/wp-content\/uploads\/2019\/12\/PA020101-001-300x276.jpg 300w, http:\/\/recettes-gourmandes-de-joce.fr\/wp-content\/uploads\/2019\/12\/PA020101-001.jpg 640w\" sizes=\"auto, (max-width: 174px) 100vw, 174px\" \/> <img loading=\"lazy\" decoding=\"async\" class=\"alignnone wp-image-13913\" src=\"http:\/\/recettes-gourmandes-de-joce.fr\/wp-content\/uploads\/2019\/12\/Logitech-Gaming-Software-27122019-220212.bmp-150x150.jpg\" alt=\"\" width=\"239\" height=\"160\" srcset=\"http:\/\/recettes-gourmandes-de-joce.fr\/wp-content\/uploads\/2019\/12\/Logitech-Gaming-Software-27122019-220212.bmp-300x201.jpg 300w, http:\/\/recettes-gourmandes-de-joce.fr\/wp-content\/uploads\/2019\/12\/Logitech-Gaming-Software-27122019-220212.bmp.jpg 544w\" sizes=\"auto, (max-width: 239px) 100vw, 239px\" \/> <img loading=\"lazy\" decoding=\"async\" class=\"alignnone wp-image-13904\" src=\"http:\/\/recettes-gourmandes-de-joce.fr\/wp-content\/uploads\/2019\/12\/P1010338-1-150x150.jpg\" alt=\"\" width=\"213\" height=\"160\" srcset=\"http:\/\/recettes-gourmandes-de-joce.fr\/wp-content\/uploads\/2019\/12\/P1010338-1-300x225.jpg 300w, http:\/\/recettes-gourmandes-de-joce.fr\/wp-content\/uploads\/2019\/12\/P1010338-1.jpg 640w\" sizes=\"auto, (max-width: 213px) 100vw, 213px\" \/><\/span><\/p>\n<p style=\"text-align: center;\"><span style=\"font-family: georgia, serif; font-size: 14pt;\"><em><span style=\"color: #ff9900;\">\u00a0Peler et d\u00e9germes les gousses d&rsquo;ail, peler et \u00e9mincer les oignons, nettoyer et couper les champignons en 4. Mettre un filet d&rsquo;huile d&rsquo;olive dans la cocotte antiadh\u00e9sive et <\/span><\/em><span style=\"color: #ff9900;\">\u00a0<em>f<\/em><\/span><em><span style=\"color: #ff9900;\">aire<\/span><span style=\"color: #ff9900;\"> dorer la viande et r\u00e9server. <\/span><\/em><\/span><\/p>\n<p style=\"text-align: center;\"><span style=\"font-size: 14pt;\"><img loading=\"lazy\" decoding=\"async\" class=\"alignnone wp-image-13903\" src=\"http:\/\/recettes-gourmandes-de-joce.fr\/wp-content\/uploads\/2019\/12\/P1010337-150x150.jpg\" alt=\"\" width=\"213\" height=\"160\" srcset=\"http:\/\/recettes-gourmandes-de-joce.fr\/wp-content\/uploads\/2019\/12\/P1010337-300x225.jpg 300w, http:\/\/recettes-gourmandes-de-joce.fr\/wp-content\/uploads\/2019\/12\/P1010337.jpg 640w\" sizes=\"auto, (max-width: 213px) 100vw, 213px\" \/> <img loading=\"lazy\" decoding=\"async\" class=\"alignnone wp-image-13905\" src=\"http:\/\/recettes-gourmandes-de-joce.fr\/wp-content\/uploads\/2019\/12\/P1010339-150x150.jpg\" alt=\"\" width=\"213\" height=\"160\" srcset=\"http:\/\/recettes-gourmandes-de-joce.fr\/wp-content\/uploads\/2019\/12\/P1010339-300x225.jpg 300w, http:\/\/recettes-gourmandes-de-joce.fr\/wp-content\/uploads\/2019\/12\/P1010339.jpg 640w\" sizes=\"auto, (max-width: 213px) 100vw, 213px\" \/> <img loading=\"lazy\" decoding=\"async\" class=\"alignnone wp-image-13906\" src=\"http:\/\/recettes-gourmandes-de-joce.fr\/wp-content\/uploads\/2019\/12\/P1010342-150x150.jpg\" alt=\"\" width=\"199\" height=\"160\" srcset=\"http:\/\/recettes-gourmandes-de-joce.fr\/wp-content\/uploads\/2019\/12\/P1010342-300x241.jpg 300w, http:\/\/recettes-gourmandes-de-joce.fr\/wp-content\/uploads\/2019\/12\/P1010342.jpg 640w\" sizes=\"auto, (max-width: 199px) 100vw, 199px\" \/><\/span><\/p>\n<p style=\"text-align: center;\"><span style=\"font-family: georgia, serif; font-size: 14pt;\"><em><span style=\"color: #ff9900;\">Ajouter ensuite dans la cocotte l&rsquo;oignon et les gousses d&rsquo;ail, les faire colorer l\u00e9g\u00e8rement, ajouter ensuite les champignons et le laurier, laisser cuire quelques minutes, d\u00e9glacer ensuite avec le vin blanc.<\/span><\/em><\/span><\/p>\n<p style=\"text-align: center;\"><span style=\"font-size: 14pt;\"><img loading=\"lazy\" decoding=\"async\" class=\"alignnone wp-image-13907\" src=\"http:\/\/recettes-gourmandes-de-joce.fr\/wp-content\/uploads\/2019\/12\/P1010343-150x150.jpg\" alt=\"\" width=\"213\" height=\"160\" srcset=\"http:\/\/recettes-gourmandes-de-joce.fr\/wp-content\/uploads\/2019\/12\/P1010343-300x225.jpg 300w, http:\/\/recettes-gourmandes-de-joce.fr\/wp-content\/uploads\/2019\/12\/P1010343.jpg 640w\" sizes=\"auto, (max-width: 213px) 100vw, 213px\" \/> <img loading=\"lazy\" decoding=\"async\" class=\"alignnone wp-image-13908\" src=\"http:\/\/recettes-gourmandes-de-joce.fr\/wp-content\/uploads\/2019\/12\/P1010344-150x150.jpg\" alt=\"\" width=\"213\" height=\"160\" srcset=\"http:\/\/recettes-gourmandes-de-joce.fr\/wp-content\/uploads\/2019\/12\/P1010344-300x225.jpg 300w, http:\/\/recettes-gourmandes-de-joce.fr\/wp-content\/uploads\/2019\/12\/P1010344.jpg 640w\" sizes=\"auto, (max-width: 213px) 100vw, 213px\" \/> <img loading=\"lazy\" decoding=\"async\" class=\"alignnone wp-image-13909\" src=\"http:\/\/recettes-gourmandes-de-joce.fr\/wp-content\/uploads\/2019\/12\/P1010345-150x150.jpg\" alt=\"\" width=\"213\" height=\"160\" srcset=\"http:\/\/recettes-gourmandes-de-joce.fr\/wp-content\/uploads\/2019\/12\/P1010345-300x225.jpg 300w, http:\/\/recettes-gourmandes-de-joce.fr\/wp-content\/uploads\/2019\/12\/P1010345.jpg 640w\" sizes=\"auto, (max-width: 213px) 100vw, 213px\" \/><\/span><\/p>\n<p style=\"text-align: center;\"><span style=\"font-family: georgia, serif; font-size: 14pt;\"><em><span style=\"color: #ff9900;\">Ajouter la totalit\u00e9 de la cr\u00e8me remuer, saler et poivrer. Remettre la viande.<\/span><\/em><\/span><\/p>\n<p style=\"text-align: center;\"><span style=\"font-size: 14pt;\"><img loading=\"lazy\" decoding=\"async\" class=\"alignnone wp-image-13911\" src=\"http:\/\/recettes-gourmandes-de-joce.fr\/wp-content\/uploads\/2019\/12\/P1010349-150x150.jpg\" alt=\"\" width=\"213\" height=\"160\" srcset=\"http:\/\/recettes-gourmandes-de-joce.fr\/wp-content\/uploads\/2019\/12\/P1010349-300x225.jpg 300w, http:\/\/recettes-gourmandes-de-joce.fr\/wp-content\/uploads\/2019\/12\/P1010349.jpg 640w\" sizes=\"auto, (max-width: 213px) 100vw, 213px\" \/> <img loading=\"lazy\" decoding=\"async\" class=\"alignnone wp-image-13912\" src=\"http:\/\/recettes-gourmandes-de-joce.fr\/wp-content\/uploads\/2019\/12\/P1010351-150x150.jpg\" alt=\"\" width=\"213\" height=\"160\" srcset=\"http:\/\/recettes-gourmandes-de-joce.fr\/wp-content\/uploads\/2019\/12\/P1010351-300x225.jpg 300w, http:\/\/recettes-gourmandes-de-joce.fr\/wp-content\/uploads\/2019\/12\/P1010351.jpg 640w\" sizes=\"auto, (max-width: 213px) 100vw, 213px\" \/> <img loading=\"lazy\" decoding=\"async\" class=\"alignnone wp-image-13934\" src=\"http:\/\/recettes-gourmandes-de-joce.fr\/wp-content\/uploads\/2019\/12\/P1010368-150x150.jpg\" alt=\"\" width=\"213\" height=\"160\" srcset=\"http:\/\/recettes-gourmandes-de-joce.fr\/wp-content\/uploads\/2019\/12\/P1010368-300x225.jpg 300w, http:\/\/recettes-gourmandes-de-joce.fr\/wp-content\/uploads\/2019\/12\/P1010368.jpg 640w\" sizes=\"auto, (max-width: 213px) 100vw, 213px\" \/><\/span><\/p>\n<p style=\"text-align: center;\"><span style=\"font-family: georgia, serif; font-size: 14pt;\"><em><span style=\"color: #ff9900;\">Ajouter dessus le Brie coup\u00e9 en petits morceaux sans la cro\u00fbte, cuire \u00e0 feu doux pendant 1h. Remuer tr\u00e8s souvent <\/span><\/em><em><span style=\"color: #ff9900;\">pendant la cuisson afin que cela n&rsquo;accroche pas.<\/span><\/em><\/span><\/p>\n<p style=\"text-align: center;\"><span style=\"font-family: georgia, serif; font-size: 14pt;\"><em><span style=\"color: #ff9900;\">Bon app\u00e9tit!<\/span><\/em><\/span><\/p>\n<p style=\"text-align: center;\"><span style=\"font-size: 14pt;\"><img loading=\"lazy\" decoding=\"async\" class=\"alignnone wp-image-13915\" src=\"http:\/\/recettes-gourmandes-de-joce.fr\/wp-content\/uploads\/2019\/12\/avril-43-150x150.jpg\" alt=\"\" width=\"240\" height=\"180\" srcset=\"http:\/\/recettes-gourmandes-de-joce.fr\/wp-content\/uploads\/2019\/12\/avril-43-300x225.jpg 300w, http:\/\/recettes-gourmandes-de-joce.fr\/wp-content\/uploads\/2019\/12\/avril-43.jpg 640w\" sizes=\"auto, (max-width: 240px) 100vw, 240px\" \/> <img loading=\"lazy\" decoding=\"async\" class=\"alignnone wp-image-13916\" src=\"http:\/\/recettes-gourmandes-de-joce.fr\/wp-content\/uploads\/2019\/12\/avril-38-150x150.jpg\" alt=\"\" width=\"185\" height=\"180\" srcset=\"http:\/\/recettes-gourmandes-de-joce.fr\/wp-content\/uploads\/2019\/12\/avril-38-300x292.jpg 300w, http:\/\/recettes-gourmandes-de-joce.fr\/wp-content\/uploads\/2019\/12\/avril-38.jpg 640w\" sizes=\"auto, (max-width: 185px) 100vw, 185px\" \/> <img loading=\"lazy\" decoding=\"async\" class=\"alignnone wp-image-13917\" src=\"http:\/\/recettes-gourmandes-de-joce.fr\/wp-content\/uploads\/2019\/12\/avril-41-150x150.jpg\" alt=\"\" width=\"216\" height=\"180\" srcset=\"http:\/\/recettes-gourmandes-de-joce.fr\/wp-content\/uploads\/2019\/12\/avril-41-300x250.jpg 300w, http:\/\/recettes-gourmandes-de-joce.fr\/wp-content\/uploads\/2019\/12\/avril-41.jpg 640w\" sizes=\"auto, (max-width: 216px) 100vw, 216px\" \/><\/span><\/p>\n<p style=\"text-align: center;\"><img loading=\"lazy\" decoding=\"async\" class=\"alignnone size-full wp-image-59803\" src=\"http:\/\/recettes-gourmandes-de-joce.fr\/wp-content\/uploads\/2024\/01\/logitech-gaming-software-14112014-121223.jpg\" alt=\"\" width=\"640\" height=\"144\" \/><\/p>\n<h3><span style=\"font-size: 14pt;\">Commentaires\u00a0<small>(9)<\/small><\/span><\/h3>\n<div class=\"items-container\">\n<div class=\"item item-comment media\">\n<div class=\"pull-left\"><span style=\"font-size: 14pt;\"><img decoding=\"async\" class=\"media-object\" src=\"http:\/\/recettesgourmandesdejoce.e-monsite.com\/medias\/static\/manager\/im\/avatar.png?fx=c_50_50\" alt=\"Jaja\" width=\"50\" \/><\/span><\/div>\n<div class=\"media-body\">\n<ul class=\"inline item-infos\">\n<li><span style=\"font-size: 14pt;\"><span class=\"comment-number\">1.<\/span>\u00a0<span class=\"comment-author\">Jaja\u00a0(<a rel=\"nofollow\">site web<\/a>)<\/span>\u00a0<span class=\"comment-date\">| 13\/04\/2011<\/span><\/span><\/li>\n<\/ul>\n<div class=\"comment-content\">\n<p><span style=\"font-size: 14pt;\">Kikou Joce<\/span><\/p>\n<p><span style=\"font-size: 14pt;\">Mes enfants ont ador\u00e9 cette recette<\/span><\/p>\n<\/div>\n<\/div>\n<\/div>\n<div class=\"item item-comment media\">\n<div class=\"pull-left\"><span style=\"font-size: 14pt;\"><img decoding=\"async\" class=\"media-object\" src=\"http:\/\/recettesgourmandesdejoce.e-monsite.com\/medias\/static\/manager\/im\/avatar.png?fx=c_50_50\" alt=\"Jaja\" width=\"50\" \/><\/span><\/div>\n<div class=\"media-body\">\n<ul class=\"inline item-infos\">\n<li><span style=\"font-size: 14pt;\"><span class=\"comment-number\">2.<\/span>\u00a0<span class=\"comment-author\">Jaja\u00a0(<a rel=\"nofollow\">site web<\/a>)<\/span>\u00a0<span class=\"comment-date\">| 11\/04\/2011<\/span><\/span><\/li>\n<\/ul>\n<div class=\"comment-content\">\n<p><span style=\"font-size: 14pt;\">Kikou Joce<\/span><\/p>\n<p><span style=\"font-size: 14pt;\">Mes enfants ont bien aim\u00e9 dommage \u00e7a a cram\u00e9 au fond de la gamelle pourtant j&rsquo;ai remu\u00e9 souvent mon fils m&rsquo;a dit que je n&rsquo;aurais pas du faire cette recette dans une cocotte minute,mais bon je n&rsquo;avais que \u00e7a comme grande gamelle<\/span><\/p>\n<\/div>\n<\/div>\n<\/div>\n<div class=\"item item-comment media\">\n<div class=\"pull-left\"><span style=\"font-size: 14pt;\"><img decoding=\"async\" class=\"media-object\" src=\"https:\/\/www.gravatar.com\/avatar\/0e437c3431aef896592a33aabb8bb0f4?d=http%3A%2F%2Frecettesgourmandesdejoce.e-monsite.com%2Fmedias%2Fstatic%2Fmanager%2Fim%2Favatar.png?s=50&amp;d=mm\" alt=\"Jaja\" width=\"50\" \/><\/span><\/div>\n<div class=\"media-body\">\n<ul class=\"inline item-infos\">\n<li><span style=\"font-size: 14pt;\"><span class=\"comment-number\">3.<\/span>\u00a0<span class=\"comment-author\">Jaja<\/span>\u00a0<span class=\"comment-date\">| 03\/04\/2011<\/span><\/span><\/li>\n<\/ul>\n<div class=\"comment-content\">\n<p><span style=\"font-size: 14pt;\">Kikou Joce<\/span><\/p>\n<p><span style=\"font-size: 14pt;\">Mdrrrrrrrrrrrrrrrrrrrrrrrrrrrrrr!<\/span><br \/>\n<span style=\"font-size: 14pt;\">Non si je suis en cuisine,je suis en cuisine lol!!!!!!!!!!!!!En entr\u00e9e je pense faire ta recette de bettraves et de concombres qu&rsquo;en penses-tu?<\/span><\/p>\n<\/div>\n<\/div>\n<\/div>\n<div class=\"item item-comment media\">\n<div class=\"pull-left\"><span style=\"font-size: 14pt;\"><img decoding=\"async\" class=\"media-object\" src=\"http:\/\/recettesgourmandesdejoce.e-monsite.com\/medias\/static\/manager\/im\/avatar.png?fx=c_50_50\" alt=\"Joce\" width=\"50\" \/><\/span><\/div>\n<div class=\"media-body\">\n<ul class=\"inline item-infos\">\n<li><span style=\"font-size: 14pt;\"><span class=\"comment-number\">4.<\/span>\u00a0<span class=\"comment-author\">Joce<\/span>\u00a0<span class=\"comment-date\">| 03\/04\/2011<\/span><\/span><\/li>\n<\/ul>\n<div class=\"comment-content\">\n<p><span style=\"font-size: 14pt;\">Coucou Jaja<\/span><\/p>\n<p><span style=\"font-size: 14pt;\">Perso je mettrai 2kg500 car la c&rsquo;est pour 5 personnes 1kg<\/span><br \/>\n<span style=\"font-size: 14pt;\">Et si il t&rsquo;en reste \u00e7a se r\u00e9chauffe tr\u00e8s bien mais au micro-onde<\/span><br \/>\n<span style=\"font-size: 14pt;\">car \u00e0 la cocotte \u00e7a risque d&rsquo;attacher<\/span><\/p>\n<p><span style=\"font-size: 14pt;\">Un conseil ne te sauve pas devant l&rsquo;ordi pendant que \u00e7a mijote hein\u00a0<img decoding=\"async\" src=\"http:\/\/recettesgourmandesdejoce.e-monsite.com\/medias\/static\/themes\/smileys\/51.png\" alt=\"\" \/>, c&rsquo;est un plat que l&rsquo;on doit remuer souvent<\/span><\/p>\n<p><span style=\"font-size: 14pt;\">Gros bisoussssssssss<\/span><\/p>\n<p><span style=\"font-size: 14pt;\">Joce<\/span><\/p>\n<\/div>\n<\/div>\n<\/div>\n<div class=\"item item-comment media\">\n<div class=\"pull-left\"><span style=\"font-size: 14pt;\"><img decoding=\"async\" class=\"media-object\" src=\"https:\/\/www.gravatar.com\/avatar\/0e437c3431aef896592a33aabb8bb0f4?d=http%3A%2F%2Frecettesgourmandesdejoce.e-monsite.com%2Fmedias%2Fstatic%2Fmanager%2Fim%2Favatar.png?s=50&amp;d=mm\" alt=\"Jaja\" width=\"50\" \/><\/span><\/div>\n<div class=\"media-body\">\n<ul class=\"inline item-infos\">\n<li><span style=\"font-size: 14pt;\"><span class=\"comment-number\">5.<\/span>\u00a0<span class=\"comment-author\">Jaja<\/span>\u00a0<span class=\"comment-date\">| 03\/04\/2011<\/span><\/span><\/li>\n<\/ul>\n<div class=\"comment-content\">\n<p><span style=\"font-size: 14pt;\">Kikou Joce<\/span><\/p>\n<p><span style=\"font-size: 14pt;\">Pour 12 personnes 2kg suffira? et dois-je multiplier tous les ingr\u00e9dients par 2<\/span><br \/>\n<span style=\"font-size: 14pt;\">Gros gros bisous \u00e0 tous<\/span><\/p>\n<\/div>\n<\/div>\n<\/div>\n<div class=\"item item-comment media\">\n<div class=\"pull-left\"><span style=\"font-size: 14pt;\"><img decoding=\"async\" class=\"media-object\" src=\"http:\/\/recettesgourmandesdejoce.e-monsite.com\/medias\/static\/manager\/im\/avatar.png?fx=c_50_50\" alt=\"Jaja\" width=\"50\" \/><\/span><\/div>\n<div class=\"media-body\">\n<ul class=\"inline item-infos\">\n<li><span style=\"font-size: 14pt;\"><span class=\"comment-number\">6.<\/span>\u00a0<span class=\"comment-author\">Jaja\u00a0(<a rel=\"nofollow\">site web<\/a>)<\/span>\u00a0<span class=\"comment-date\">| 28\/03\/2011<\/span><\/span><\/li>\n<\/ul>\n<div class=\"comment-content\"><span style=\"font-size: 14pt;\">Coucou Joce<\/span><br \/>\n<span style=\"font-size: 14pt;\">Merci pour la r\u00e9ponse je pense faire cette recette avec du riz<\/span><br \/>\n<span style=\"font-size: 14pt;\">Bisousssssssssssss<\/span><\/div>\n<\/div>\n<\/div>\n<div class=\"item item-comment media\">\n<div class=\"pull-left\"><span style=\"font-size: 14pt;\"><img decoding=\"async\" class=\"media-object\" src=\"http:\/\/recettesgourmandesdejoce.e-monsite.com\/medias\/static\/manager\/im\/avatar.png?fx=c_50_50\" alt=\"Joce\" width=\"50\" \/><\/span><\/div>\n<div class=\"media-body\">\n<ul class=\"inline item-infos\">\n<li><span style=\"font-size: 14pt;\"><span class=\"comment-number\">7.<\/span>\u00a0<span class=\"comment-author\">Joce<\/span>\u00a0<span class=\"comment-date\">| 27\/03\/2011<\/span><\/span><\/li>\n<\/ul>\n<div class=\"comment-content\">\n<p><span style=\"font-size: 14pt;\">Coucou Jaja<\/span><\/p>\n<p><span style=\"font-size: 14pt;\">L&rsquo;alcool s&rsquo;\u00e9vapore totalement \u00e0 la cuisson donc aucun risque<\/span><br \/>\n<span style=\"font-size: 14pt;\">mais si tu pr\u00e9f\u00e8res tu peux utiliser un bouillon de volaille \u00e0 la place<\/span><br \/>\n<span style=\"font-size: 14pt;\">gros bisoussssssssssssssssssssssssssssssss<\/span><br \/>\n<span style=\"font-size: 14pt;\">Joce<\/span><\/p>\n<\/div>\n<\/div>\n<\/div>\n<div class=\"item item-comment media\">\n<div class=\"pull-left\"><span style=\"font-size: 14pt;\"><img decoding=\"async\" class=\"media-object\" src=\"https:\/\/www.gravatar.com\/avatar\/0e437c3431aef896592a33aabb8bb0f4?d=http%3A%2F%2Frecettesgourmandesdejoce.e-monsite.com%2Fmedias%2Fstatic%2Fmanager%2Fim%2Favatar.png?s=50&amp;d=mm\" alt=\"Jaja\" width=\"50\" \/><\/span><\/div>\n<div class=\"media-body\">\n<ul class=\"inline item-infos\">\n<li><span style=\"font-size: 14pt;\"><span class=\"comment-number\">8.<\/span>\u00a0<span class=\"comment-author\">Jaja<\/span>\u00a0<span class=\"comment-date\">| 27\/03\/2011<\/span><\/span><\/li>\n<\/ul>\n<div class=\"comment-content\">\n<p><span style=\"font-size: 14pt;\">Kikou Joce<\/span><\/p>\n<p><span style=\"font-size: 14pt;\">Es ce obligatoire de d\u00e9glacer avec le vin blanc car j&rsquo;aimerais faire cette recette pour mon anniversaire et il ne faut aucun alcool pour mon homme<\/span><\/p>\n<\/div>\n<\/div>\n<\/div>\n<div class=\"item item-comment media\">\n<div class=\"pull-left\"><span style=\"font-size: 14pt;\"><img decoding=\"async\" class=\"media-object\" src=\"https:\/\/www.gravatar.com\/avatar\/0e437c3431aef896592a33aabb8bb0f4?d=http%3A%2F%2Frecettesgourmandesdejoce.e-monsite.com%2Fmedias%2Fstatic%2Fmanager%2Fim%2Favatar.png?s=50&amp;d=mm\" alt=\"SIMON\" width=\"50\" \/><\/span><\/div>\n<div class=\"media-body\">\n<ul class=\"inline item-infos\">\n<li><span style=\"font-size: 14pt;\"><span class=\"comment-number\">9.<\/span>\u00a0<span class=\"comment-author\">SIMON<\/span>\u00a0<span class=\"comment-date\">| 29\/12\/2010<\/span><\/span><\/li>\n<\/ul>\n<div class=\"comment-content\"><span style=\"font-size: 14pt;\">Kikou Joce<\/span><br \/>\n<span style=\"font-size: 14pt;\">Super cette recette mais ou tu es il y plus de Brie.<\/span><br \/>\n<span style=\"font-size: 14pt;\">mais du foie gras lol!!!!!!!!!!!!!!!<\/span><\/div>\n<\/div>\n<\/div>\n<\/div>\n","protected":false},"excerpt":{"rendered":"<p>Recette r\u00e9gionale de la Brie Version avec des c\u00e8pes\u2193 Ingr\u00e9dients pour 5 personnes 1 kg de saut\u00e9 de porc 1 grand brie 1 pot de cr\u00e8me \u00e9paisse de 20 cl 250 g de champignons de Paris frais 1 verre devin blanc 1 oignon 6 gousses d&rsquo;ail Sel, poivre \u00a0Peler et d\u00e9germes les gousses d&rsquo;ail, peler &hellip; <\/p>\n<p><a class=\"more-link btn\" href=\"http:\/\/recettes-gourmandes-de-joce.fr\/index.php\/index\/viandes\/porc\/saute-de-porc-au-brie-de-meaux-region-de-la-brie\/\">Lire la suite<\/a><\/p>\n","protected":false},"author":2,"featured_media":96376,"parent":59,"menu_order":0,"comment_status":"open","ping_status":"closed","template":"","meta":{"footnotes":""},"class_list":["post-13933","page","type-page","status-publish","has-post-thumbnail","hentry","nodate","item-wrap"],"_links":{"self":[{"href":"http:\/\/recettes-gourmandes-de-joce.fr\/index.php\/wp-json\/wp\/v2\/pages\/13933","targetHints":{"allow":["GET"]}}],"collection":[{"href":"http:\/\/recettes-gourmandes-de-joce.fr\/index.php\/wp-json\/wp\/v2\/pages"}],"about":[{"href":"http:\/\/recettes-gourmandes-de-joce.fr\/index.php\/wp-json\/wp\/v2\/types\/page"}],"author":[{"embeddable":true,"href":"http:\/\/recettes-gourmandes-de-joce.fr\/index.php\/wp-json\/wp\/v2\/users\/2"}],"replies":[{"embeddable":true,"href":"http:\/\/recettes-gourmandes-de-joce.fr\/index.php\/wp-json\/wp\/v2\/comments?post=13933"}],"version-history":[{"count":8,"href":"http:\/\/recettes-gourmandes-de-joce.fr\/index.php\/wp-json\/wp\/v2\/pages\/13933\/revisions"}],"predecessor-version":[{"id":96378,"href":"http:\/\/recettes-gourmandes-de-joce.fr\/index.php\/wp-json\/wp\/v2\/pages\/13933\/revisions\/96378"}],"up":[{"embeddable":true,"href":"http:\/\/recettes-gourmandes-de-joce.fr\/index.php\/wp-json\/wp\/v2\/pages\/59"}],"wp:featuredmedia":[{"embeddable":true,"href":"http:\/\/recettes-gourmandes-de-joce.fr\/index.php\/wp-json\/wp\/v2\/media\/96376"}],"wp:attachment":[{"href":"http:\/\/recettes-gourmandes-de-joce.fr\/index.php\/wp-json\/wp\/v2\/media?parent=13933"}],"curies":[{"name":"wp","href":"https:\/\/api.w.org\/{rel}","templated":true}]}}