{"id":13800,"date":"2019-12-26T21:52:38","date_gmt":"2019-12-26T21:52:38","guid":{"rendered":"http:\/\/recettes-gourmandes-de-joce.fr\/?page_id=13800"},"modified":"2024-06-20T11:54:38","modified_gmt":"2024-06-20T11:54:38","slug":"salade-landaise-a-ma-facon-les-landes","status":"publish","type":"page","link":"http:\/\/recettes-gourmandes-de-joce.fr\/index.php\/index\/recettes-regionales-mondiales\/recettes-regionales-salees\/salade-landaise-a-ma-facon-les-landes\/","title":{"rendered":"Salade landaise \u00e0 ma fa\u00e7on \u00ab\u00a0LES LANDES\u00a0\u00bb."},"content":{"rendered":"<p style=\"text-align: center;\"><em><span style=\"font-family: georgia, palatino, serif;\"><img loading=\"lazy\" decoding=\"async\" class=\"alignnone wp-image-13791\" src=\"http:\/\/recettes-gourmandes-de-joce.fr\/wp-content\/uploads\/2019\/12\/P8070568-150x150.jpg\" alt=\"\" width=\"231\" height=\"180\" srcset=\"http:\/\/recettes-gourmandes-de-joce.fr\/wp-content\/uploads\/2019\/12\/P8070568-300x233.jpg 300w, http:\/\/recettes-gourmandes-de-joce.fr\/wp-content\/uploads\/2019\/12\/P8070568.jpg 640w\" sizes=\"auto, (max-width: 231px) 100vw, 231px\" \/> <img loading=\"lazy\" decoding=\"async\" class=\"alignnone wp-image-13796\" src=\"http:\/\/recettes-gourmandes-de-joce.fr\/wp-content\/uploads\/2019\/12\/salade_landaise_05-150x150.jpg\" alt=\"\" width=\"210\" height=\"180\" srcset=\"http:\/\/recettes-gourmandes-de-joce.fr\/wp-content\/uploads\/2019\/12\/salade_landaise_05-300x257.jpg 300w, http:\/\/recettes-gourmandes-de-joce.fr\/wp-content\/uploads\/2019\/12\/salade_landaise_05.jpg 550w\" sizes=\"auto, (max-width: 210px) 100vw, 210px\" \/><\/span><\/em><\/p>\n<p style=\"text-align: center;\"><em><span style=\"color: #008000; text-decoration: underline; font-family: georgia, palatino, serif;\"><span style=\"font-size: x-large;\">Pour 6 assiettes<\/span><\/span><\/em><\/p>\n<p style=\"text-align: center;\"><em><span style=\"font-family: georgia, palatino, serif;\"><img loading=\"lazy\" decoding=\"async\" class=\"alignnone wp-image-13792\" src=\"http:\/\/recettes-gourmandes-de-joce.fr\/wp-content\/uploads\/2019\/12\/salade_landaise_01-150x150.jpg\" alt=\"\" width=\"277\" height=\"180\" srcset=\"http:\/\/recettes-gourmandes-de-joce.fr\/wp-content\/uploads\/2019\/12\/salade_landaise_01-300x195.jpg 300w, http:\/\/recettes-gourmandes-de-joce.fr\/wp-content\/uploads\/2019\/12\/salade_landaise_01.jpg 550w\" sizes=\"auto, (max-width: 277px) 100vw, 277px\" \/><\/span><\/em><\/p>\n<p style=\"text-align: center;\"><em><span style=\"color: #008000; font-size: large; font-family: georgia, palatino, serif;\">1 belle salade type batavia<\/span><\/em><\/p>\n<p style=\"text-align: center;\"><em><span style=\"color: #008000; font-size: large; font-family: georgia, palatino, serif;\">6 tomates<\/span><\/em><\/p>\n<p style=\"text-align: center;\"><em><span style=\"color: #008000; font-size: large; font-family: georgia, palatino, serif;\">1 concombre<\/span><\/em><\/p>\n<p style=\"text-align: center;\"><em><span style=\"color: #008000; font-size: large; font-family: georgia, palatino, serif;\">1 bocal d&rsquo;asperges<\/span><\/em><\/p>\n<p style=\"text-align: center;\"><em><span style=\"color: #008000; font-size: large; font-family: georgia, palatino, serif;\">6 \u0153ufs durs<\/span><\/em><\/p>\n<p style=\"text-align: center;\"><em><span style=\"color: #008000; font-size: large; font-family: georgia, palatino, serif;\">6 tranches de jambon de Bayonne<\/span><\/em><\/p>\n<p style=\"text-align: center;\"><em><span style=\"color: #008000; font-size: large; font-family: georgia, palatino, serif;\">200g de g\u00e9siers de canard confits<\/span><\/em><\/p>\n<p style=\"text-align: center;\"><em><span style=\"color: #008000; font-size: large; font-family: georgia, palatino, serif;\">1 plaque de magrets de canard fum\u00e9s<\/span><\/em><\/p>\n<p style=\"text-align: center;\"><em><span style=\"color: #008000; font-size: large; font-family: georgia, palatino, serif;\">1 petit bloc de foie gras<\/span><\/em><\/p>\n<p style=\"text-align: center;\"><em><span style=\"color: #008000; font-size: large; font-family: georgia, palatino, serif;\">6 tranches de pain de campagne<\/span><\/em><\/p>\n<p style=\"text-align: center;\"><em><span style=\"color: #008000; font-size: large; font-family: georgia, palatino, serif;\">Vinaigrette (sel, poivre huile, vinaigre) recette sur ce lien -&gt;<a href=\"http:\/\/recettes-gourmandes-de-joce.fr\/index.php\/index\/sauces-assaisonnements\/marinades\/vinaigrette-de-base-et-variantes\/\"> Vinaigrette <img loading=\"lazy\" decoding=\"async\" class=\"alignnone size-thumbnail wp-image-13356\" src=\"http:\/\/recettes-gourmandes-de-joce.fr\/wp-content\/uploads\/2019\/12\/verrines-noel-15-150x150.jpg\" alt=\"\" width=\"150\" height=\"150\" \/><\/a><\/span><\/em><\/p>\n<p style=\"text-align: center;\"><em><span style=\"font-family: georgia, palatino, serif;\"><img loading=\"lazy\" decoding=\"async\" class=\"lazy-loaded alignnone wp-image-5330\" src=\"http:\/\/recettes-gourmandes-de-joce.fr\/wp-content\/uploads\/2019\/10\/103_4639-1-150x150.jpg\" alt=\"\" width=\"213\" height=\"160\" data-lazy-type=\"image\" data-src=\"http:\/\/recettes-gourmandes-de-joce.fr\/wp-content\/uploads\/2019\/10\/103_4639-1-150x150.jpg\" data-srcset=\"\" srcset=\"http:\/\/recettes-gourmandes-de-joce.fr\/wp-content\/uploads\/2019\/10\/103_4639-1-300x225.jpg 300w, http:\/\/recettes-gourmandes-de-joce.fr\/wp-content\/uploads\/2019\/10\/103_4639-1.jpg 640w\" sizes=\"auto, (max-width: 213px) 100vw, 213px\" \/>\u00a0<img loading=\"lazy\" decoding=\"async\" class=\"lazy-loaded alignnone wp-image-7825\" src=\"http:\/\/recettes-gourmandes-de-joce.fr\/wp-content\/uploads\/2019\/10\/PA200636-150x150.jpg\" alt=\"\" width=\"209\" height=\"160\" data-lazy-type=\"image\" data-src=\"http:\/\/recettes-gourmandes-de-joce.fr\/wp-content\/uploads\/2019\/10\/PA200636-150x150.jpg\" data-srcset=\"\" srcset=\"http:\/\/recettes-gourmandes-de-joce.fr\/wp-content\/uploads\/2019\/10\/PA200636-300x230.jpg 300w, http:\/\/recettes-gourmandes-de-joce.fr\/wp-content\/uploads\/2019\/10\/PA200636.jpg 550w\" sizes=\"auto, (max-width: 209px) 100vw, 209px\" \/>\u00a0<img loading=\"lazy\" decoding=\"async\" class=\"lazy-loaded alignnone wp-image-7829\" src=\"http:\/\/recettes-gourmandes-de-joce.fr\/wp-content\/uploads\/2019\/10\/PA200638-150x150.jpg\" alt=\"\" width=\"136\" height=\"160\" data-lazy-type=\"image\" data-src=\"http:\/\/recettes-gourmandes-de-joce.fr\/wp-content\/uploads\/2019\/10\/PA200638-150x150.jpg\" data-srcset=\"\" srcset=\"http:\/\/recettes-gourmandes-de-joce.fr\/wp-content\/uploads\/2019\/10\/PA200638-254x300.jpg 254w, http:\/\/recettes-gourmandes-de-joce.fr\/wp-content\/uploads\/2019\/10\/PA200638.jpg 408w\" sizes=\"auto, (max-width: 136px) 100vw, 136px\" \/><\/span><\/em><\/p>\n<p style=\"text-align: center;\"><em><span style=\"font-family: georgia, palatino, serif;\"><span style=\"color: #008000; font-size: large;\">Faire cuire les \u0153ufs, les \u00e9caler et les couper en rondelles.\u00a0<\/span><\/span><\/em><\/p>\n<p style=\"text-align: center;\"><em><span style=\"font-family: georgia, palatino, serif;\"><img loading=\"lazy\" decoding=\"async\" class=\"alignnone wp-image-13797\" src=\"http:\/\/recettes-gourmandes-de-joce.fr\/wp-content\/uploads\/2019\/12\/p7010850-150x150.jpg\" alt=\"\" width=\"213\" height=\"160\" srcset=\"http:\/\/recettes-gourmandes-de-joce.fr\/wp-content\/uploads\/2019\/12\/p7010850-300x225.jpg 300w, http:\/\/recettes-gourmandes-de-joce.fr\/wp-content\/uploads\/2019\/12\/p7010850.jpg 640w\" sizes=\"auto, (max-width: 213px) 100vw, 213px\" \/>\u00a0<\/span><\/em><img loading=\"lazy\" decoding=\"async\" class=\"alignnone wp-image-13798\" src=\"http:\/\/recettes-gourmandes-de-joce.fr\/wp-content\/uploads\/2019\/12\/100-7908-150x150.jpg\" alt=\"\" width=\"213\" height=\"160\" srcset=\"http:\/\/recettes-gourmandes-de-joce.fr\/wp-content\/uploads\/2019\/12\/100-7908-300x225.jpg 300w, http:\/\/recettes-gourmandes-de-joce.fr\/wp-content\/uploads\/2019\/12\/100-7908.jpg 640w\" sizes=\"auto, (max-width: 213px) 100vw, 213px\" \/><em><span style=\"font-family: georgia, palatino, serif;\"><a title=\"titre de l'image\" href=\"http:\/\/jocelyne.debon.free.fr\/salade-sud-ouest\/salade-sud-ouest6.JPG\" rel=\"iframe\"> <img loading=\"lazy\" decoding=\"async\" class=\"lazy-loaded alignnone\" src=\"http:\/\/jocelyne.debon.free.fr\/salade-sud-ouest\/salade-sud-ouest6.JPG\" alt=\"\" width=\"230\" height=\"683\" data-lazy-type=\"image\" data-src=\"http:\/\/jocelyne.debon.free.fr\/salade-sud-ouest\/salade-sud-ouest6.JPG\" \/> <\/a>\u00a0<\/span><\/em><\/p>\n<p style=\"text-align: center;\"><em><span style=\"font-family: georgia, palatino, serif;\"><span style=\"color: #008000; font-size: large;\">Laver et couper le concombre en rondelles.\u00a0<\/span><\/span><\/em><em><span style=\"color: #008000; font-size: large; font-family: georgia, palatino, serif;\"><span style=\"color: #339966; font-size: x-large;\"><span style=\"color: #e086b3; font-size: large;\"><span style=\"color: #008000; font-size: large;\">Laver et couper les tomates en quartiers. <\/span><span style=\"color: #008000; font-size: large;\">Laver la salade et essorez l\u00e0. <\/span><span style=\"color: #008000; font-size: large;\">Toaster les tranches de pain de campagne.\u00a0<\/span><\/span><\/span><\/span><\/em><\/p>\n<p style=\"text-align: center;\"><em><span style=\"font-family: georgia, palatino, serif;\"><a href=\"http:\/\/jocelyne.debon.free.fr\/salade-gesiers\/salade-gesiers16.JPG\" rel=\"iframe\"><img loading=\"lazy\" decoding=\"async\" class=\"alignnone wp-image-13356\" src=\"http:\/\/recettes-gourmandes-de-joce.fr\/wp-content\/uploads\/2019\/12\/verrines-noel-15-150x150.jpg\" alt=\"\" width=\"186\" height=\"160\" srcset=\"http:\/\/recettes-gourmandes-de-joce.fr\/wp-content\/uploads\/2019\/12\/verrines-noel-15-300x259.jpg 300w, http:\/\/recettes-gourmandes-de-joce.fr\/wp-content\/uploads\/2019\/12\/verrines-noel-15.jpg 494w\" sizes=\"auto, (max-width: 186px) 100vw, 186px\" \/><\/a><a title=\"titre de l'image\" href=\"http:\/\/jocelyne.debon.free.fr\/salade-gesiers\/salade-gesiers16.JPG\" rel=\"iframe\"> <img loading=\"lazy\" decoding=\"async\" class=\"lazy-loaded alignnone\" src=\"http:\/\/jocelyne.debon.free.fr\/salade-gesiers\/salade-gesiers16.JPG\" alt=\"\" width=\"215\" height=\"488\" data-lazy-type=\"image\" data-src=\"http:\/\/jocelyne.debon.free.fr\/salade-gesiers\/salade-gesiers16.JPG\" \/><\/a> <img loading=\"lazy\" decoding=\"async\" class=\"alignnone wp-image-13793\" src=\"http:\/\/recettes-gourmandes-de-joce.fr\/wp-content\/uploads\/2019\/12\/salade_landaise_02-150x150.jpg\" alt=\"\" width=\"214\" height=\"160\" srcset=\"http:\/\/recettes-gourmandes-de-joce.fr\/wp-content\/uploads\/2019\/12\/salade_landaise_02-300x225.jpg 300w, http:\/\/recettes-gourmandes-de-joce.fr\/wp-content\/uploads\/2019\/12\/salade_landaise_02.jpg 550w\" sizes=\"auto, (max-width: 214px) 100vw, 214px\" \/>\u00a0<\/span><\/em><\/p>\n<p style=\"text-align: center;\"><em><span style=\"color: #008000; font-size: large; font-family: georgia, palatino, serif;\"><span style=\"color: #339966; font-size: x-large;\"><span style=\"color: #e086b3; font-size: large;\"><span style=\"color: #008000; font-size: large;\">R\u00e9aliser la vinaigrette. <\/span><\/span><\/span><\/span><\/em><em><span style=\"color: #008000; font-size: large; font-family: georgia, palatino, serif;\"><span style=\"color: #339966; font-size: x-large;\"><span style=\"color: #e086b3; font-size: large;\"><span style=\"color: #008000; font-size: large;\">Faire chauffer les g\u00e9siers dans une po\u00eale. <\/span><\/span><\/span><\/span><\/em><em><span style=\"font-family: georgia, palatino, serif;\"><span style=\"color: #008000; font-size: large;\"><span style=\"color: #008000; font-size: large;\">Disposer la salade dans les assiettes, <\/span><span style=\"color: #008000; font-size: large;\">puis les\u00a0 tomates.\u00a0<\/span><\/span><\/span><\/em><\/p>\n<p style=\"text-align: center;\"><img loading=\"lazy\" decoding=\"async\" class=\"alignnone wp-image-13794\" src=\"http:\/\/recettes-gourmandes-de-joce.fr\/wp-content\/uploads\/2019\/12\/salade_landaise_03-150x150.jpg\" alt=\"\" width=\"193\" height=\"160\" srcset=\"http:\/\/recettes-gourmandes-de-joce.fr\/wp-content\/uploads\/2019\/12\/salade_landaise_03-300x249.jpg 300w, http:\/\/recettes-gourmandes-de-joce.fr\/wp-content\/uploads\/2019\/12\/salade_landaise_03.jpg 550w\" sizes=\"auto, (max-width: 193px) 100vw, 193px\" \/> <em><span style=\"font-family: georgia, palatino, serif;\"><img loading=\"lazy\" decoding=\"async\" class=\"alignnone wp-image-13795\" src=\"http:\/\/recettes-gourmandes-de-joce.fr\/wp-content\/uploads\/2019\/12\/salade_landaise_04-150x150.jpg\" alt=\"\" width=\"175\" height=\"160\" srcset=\"http:\/\/recettes-gourmandes-de-joce.fr\/wp-content\/uploads\/2019\/12\/salade_landaise_04-300x274.jpg 300w, http:\/\/recettes-gourmandes-de-joce.fr\/wp-content\/uploads\/2019\/12\/salade_landaise_04.jpg 550w\" sizes=\"auto, (max-width: 175px) 100vw, 175px\" \/><\/span><\/em><\/p>\n<p style=\"text-align: center;\"><em><span style=\"font-family: georgia, palatino, serif;\"><span style=\"color: #008000; font-size: large;\">\u00a0Ajouter\u00a0<\/span><\/span><\/em><em><span style=\"font-family: georgia, palatino, serif;\"><span style=\"color: #008000; font-size: large;\">les \u0153ufs et le concombre.\u00a0<\/span><span style=\"color: #008000; font-size: large;\">Ajouter les asperges et arroser d&rsquo;un\u00a0<\/span><span style=\"color: #008000; font-size: large;\">filet de\u00a0vinaigrette. R\u00e9partir <\/span><\/span><\/em><em><span style=\"font-family: georgia, palatino, serif;\"><span style=\"color: #008000; font-size: large;\">le jambon de Bayonne, les magrets fum\u00e9s. <\/span><\/span><\/em><em><span style=\"color: #008000; font-size: large; font-family: georgia, palatino, serif;\">Terminer\u00a0en ajoutant les g\u00e9siers chauds et\u00a0le foie gras sur le pain chaud et toast\u00e9.<\/span><\/em><\/p>\n<p style=\"text-align: center;\"><em><span style=\"color: #008000; font-size: large; font-family: georgia, palatino, serif;\">Servir sans attendre.<\/span><\/em><\/p>\n<p style=\"text-align: center;\"><em><span style=\"color: #008000; font-size: large; font-family: georgia, palatino, serif;\">Bon app\u00e9tit!<\/span><\/em><\/p>\n<p style=\"text-align: center;\"><em><span style=\"color: #008000; font-size: large; font-family: georgia, palatino, serif;\"> <img loading=\"lazy\" decoding=\"async\" class=\"alignnone wp-image-13796\" src=\"http:\/\/recettes-gourmandes-de-joce.fr\/wp-content\/uploads\/2019\/12\/salade_landaise_05-150x150.jpg\" alt=\"\" width=\"210\" height=\"180\" srcset=\"http:\/\/recettes-gourmandes-de-joce.fr\/wp-content\/uploads\/2019\/12\/salade_landaise_05-300x257.jpg 300w, http:\/\/recettes-gourmandes-de-joce.fr\/wp-content\/uploads\/2019\/12\/salade_landaise_05.jpg 550w\" sizes=\"auto, (max-width: 210px) 100vw, 210px\" \/> <img loading=\"lazy\" decoding=\"async\" class=\"alignnone wp-image-13791\" src=\"http:\/\/recettes-gourmandes-de-joce.fr\/wp-content\/uploads\/2019\/12\/P8070568-150x150.jpg\" alt=\"\" width=\"231\" height=\"180\" srcset=\"http:\/\/recettes-gourmandes-de-joce.fr\/wp-content\/uploads\/2019\/12\/P8070568-300x233.jpg 300w, http:\/\/recettes-gourmandes-de-joce.fr\/wp-content\/uploads\/2019\/12\/P8070568.jpg 640w\" sizes=\"auto, (max-width: 231px) 100vw, 231px\" \/>\u00a0<\/span><\/em><\/p>\n<p style=\"text-align: center;\"><img loading=\"lazy\" decoding=\"async\" class=\"alignnone size-full wp-image-59803\" src=\"http:\/\/recettes-gourmandes-de-joce.fr\/wp-content\/uploads\/2024\/01\/logitech-gaming-software-14112014-121223.jpg\" alt=\"\" width=\"640\" height=\"144\" \/><\/p>\n<p style=\"text-align: center;\">\n<div id=\"pagination_content_top\" class=\"pagination\">\n<div class=\"pagination-nav pull-right\"><em><span style=\"font-size: 18pt; font-family: georgia, palatino, serif;\">Commentaires\u00a0<\/span><\/em><\/div>\n<\/div>\n<div class=\"table-responsive\">\n<table class=\"table table-striped table-comments\" style=\"width: 100%;\">\n<thead>\n<tr>\n<th class=\"th-min\" style=\"width: 2.26667%;\"><\/th>\n<th class=\"th-min\" style=\"width: 30.4%;\"><em><span style=\"font-family: georgia, palatino, serif;\">Auteur<\/span><\/em><\/th>\n<th style=\"width: 67.2%;\"><em><span style=\"font-family: georgia, palatino, serif;\">Commentaire<\/span><\/em><\/th>\n<\/tr>\n<\/thead>\n<tbody id=\"comment_content\">\n<tr id=\"c_54fb638d0f89539ecf2c29b1\" class=\"comment-container\">\n<td style=\"width: 2.26667%;\"><\/td>\n<td style=\"width: 30.4%;\"><em><span style=\"font-family: georgia, palatino, serif;\"><img decoding=\"async\" class=\"img-polaroid\" src=\"https:\/\/manager.e-monsite.com\/user\/account\/avatar\/recettesgourmandesdejoce\" alt=\"recettesgourmandesdejoce\" width=\"50\" \/><\/span><\/em><\/p>\n<ul class=\"comment-author\">\n<li class=\"js-user\"><em><span style=\"font-family: georgia, palatino, serif;\">recettesgourmandesdejoce<\/span><\/em><\/li>\n<li class=\"js-date muted\"><em><span style=\"font-family: georgia, palatino, serif;\">07\/03\/2015 21:46:05<\/span><\/em><\/li>\n<\/ul>\n<\/td>\n<td style=\"width: 67.2%;\">\n<div class=\"comment-content\">\n<p><em><span style=\"font-family: georgia, palatino, serif;\">Merci \u00e0 tous<\/span><\/em><br \/>\n<em><span style=\"font-family: georgia, palatino, serif;\">Au plaisir, bisoussssss<\/span><\/em><br \/>\n<em><span style=\"font-family: georgia, palatino, serif;\">Amicalement Joe<\/span><\/em><\/p>\n<\/div>\n<\/td>\n<\/tr>\n<tr id=\"c_54fb4e0413d354661b8de2d4\" class=\"comment-container\">\n<td style=\"width: 2.26667%;\"><\/td>\n<td style=\"width: 30.4%;\"><em><span style=\"font-family: georgia, palatino, serif;\"><img decoding=\"async\" class=\"img-polaroid\" src=\"https:\/\/manager.e-monsite.com\/static\/manager\/im\/avatar.png\" alt=\"TOBALDI-BOLTZ Jo L\" width=\"50\" \/><\/span><\/em><\/p>\n<ul class=\"comment-author\">\n<li class=\"js-user\"><em><span style=\"font-family: georgia, palatino, serif;\">TOBALDI-BOLTZ Jo L<\/span><\/em><\/li>\n<li class=\"js-date muted\"><em><span style=\"font-family: georgia, palatino, serif;\">07\/03\/2015 20:14:12<\/span><\/em><\/li>\n<\/ul>\n<\/td>\n<td style=\"width: 67.2%;\">\n<div class=\"comment-content\">\n<p><em><span style=\"font-family: georgia, palatino, serif;\">Je vais la refaire sans gesier mais sinon TOUT PAREIL lol<\/span><\/em><br \/>\n<em><span style=\"font-family: georgia, palatino, serif;\">Bisous et merci \u00e0 toi Joce\u00a0<img decoding=\"async\" src=\"http:\/\/recettesgourmandesdejoce.e-monsite.com\/medias\/static\/themes\/smileys\/33.png\" alt=\"\" \/><\/span><\/em><\/p>\n<\/div>\n<\/td>\n<\/tr>\n<tr id=\"c_4e82131aa4ff6fde4dbc8a7f\" class=\"comment-container\">\n<td style=\"width: 2.26667%;\"><\/td>\n<td style=\"width: 30.4%;\"><em><span style=\"font-family: georgia, palatino, serif;\"><img decoding=\"async\" class=\"img-polaroid\" src=\"https:\/\/manager.e-monsite.com\/static\/manager\/im\/avatar.png\" alt=\"JaJa\" width=\"50\" \/><\/span><\/em><\/p>\n<ul class=\"comment-author\">\n<li class=\"js-user\"><em><span style=\"font-family: georgia, palatino, serif;\">JaJa<\/span><\/em><\/li>\n<li class=\"js-date muted\"><em><span style=\"font-family: georgia, palatino, serif;\">07\/02\/2011 05:21:00<\/span><\/em><\/li>\n<\/ul>\n<\/td>\n<td style=\"width: 67.2%;\">\n<div class=\"comment-content\">\n<p><em><span style=\"font-family: georgia, palatino, serif;\">Kikou Joce<\/span><\/em><br \/>\n<em><span style=\"font-family: georgia, palatino, serif;\">Superbe ta salade landaise<\/span><\/em><br \/>\n<em><span style=\"font-family: georgia, palatino, serif;\">Bisous JaJa<\/span><\/em><\/p>\n<\/div>\n<\/td>\n<\/tr>\n<tr id=\"c_4e82131a9f696fde4dbc2dfd\" class=\"comment-container\">\n<td style=\"width: 2.26667%;\"><\/td>\n<td style=\"width: 30.4%;\"><em><span style=\"font-family: georgia, palatino, serif;\"><img decoding=\"async\" class=\"img-polaroid\" src=\"https:\/\/manager.e-monsite.com\/static\/manager\/im\/avatar.png\" alt=\"lovecuisine\" width=\"50\" \/><\/span><\/em><\/p>\n<ul class=\"comment-author\">\n<li class=\"js-user\"><em><span style=\"font-family: georgia, palatino, serif;\">lovecuisine<\/span><\/em><\/li>\n<li class=\"js-date muted\"><em><span style=\"font-family: georgia, palatino, serif;\">02\/02\/2011 10:14:00<\/span><\/em><\/li>\n<\/ul>\n<\/td>\n<td style=\"width: 67.2%;\">\n<div class=\"comment-content\">\n<p><em><span style=\"font-family: georgia, palatino, serif;\">Merci Joce c&rsquo;est monsieur qui va \u00eatre content depuis le temps qu&rsquo;il la r\u00e9clame. bon et bien il ne me reste plus qu&rsquo;\u00e0 m&rsquo;y coller.<\/span><\/em><br \/>\n<em><span style=\"font-family: georgia, palatino, serif;\">gros bisous et continue ce super site.<\/span><\/em><\/p>\n<\/div>\n<\/td>\n<\/tr>\n<tr id=\"c_4e82131aa8cb6fde4dbc51c6\" class=\"comment-container\">\n<td style=\"width: 2.26667%;\"><\/td>\n<td style=\"width: 30.4%;\"><em><span style=\"font-family: georgia, palatino, serif;\"><img decoding=\"async\" class=\"img-polaroid\" src=\"https:\/\/manager.e-monsite.com\/static\/manager\/im\/avatar.png\" alt=\"Nik\" width=\"50\" \/><\/span><\/em><\/p>\n<ul class=\"comment-author\">\n<li class=\"js-user\"><em><span style=\"font-family: georgia, palatino, serif;\">Nik<\/span><\/em><\/li>\n<li class=\"js-date muted\"><em><span style=\"font-family: georgia, palatino, serif;\">01\/02\/2011 21:48:00<\/span><\/em><\/li>\n<\/ul>\n<\/td>\n<td style=\"width: 67.2%;\">\n<div class=\"comment-content\">\n<p><em><span style=\"font-family: georgia, palatino, serif;\">Je trouve cette recette super bien pr\u00e9sent\u00e9e et tr\u00e8s app\u00e9tissante !<\/span><\/em><br \/>\n<em><span style=\"font-family: georgia, palatino, serif;\">Merciiiii<\/span><\/em><br \/>\n<em><span style=\"font-family: georgia, palatino, serif;\">Biz<\/span><\/em><br \/>\n<em><span style=\"font-family: georgia, palatino, serif;\">Nik<\/span><\/em><\/p>\n<\/div>\n<\/td>\n<\/tr>\n<\/tbody>\n<\/table>\n<\/div>\n","protected":false},"excerpt":{"rendered":"<p>Pour 6 assiettes 1 belle salade type batavia 6 tomates 1 concombre 1 bocal d&rsquo;asperges 6 \u0153ufs durs 6 tranches de jambon de Bayonne 200g de g\u00e9siers de canard confits 1 plaque de magrets de canard fum\u00e9s 1 petit bloc de foie gras 6 tranches de pain de campagne Vinaigrette (sel, poivre huile, vinaigre) recette &hellip; <\/p>\n<p><a class=\"more-link btn\" href=\"http:\/\/recettes-gourmandes-de-joce.fr\/index.php\/index\/recettes-regionales-mondiales\/recettes-regionales-salees\/salade-landaise-a-ma-facon-les-landes\/\">Lire la suite<\/a><\/p>\n","protected":false},"author":2,"featured_media":84417,"parent":51,"menu_order":0,"comment_status":"open","ping_status":"closed","template":"","meta":{"footnotes":""},"class_list":["post-13800","page","type-page","status-publish","has-post-thumbnail","hentry","nodate","item-wrap"],"_links":{"self":[{"href":"http:\/\/recettes-gourmandes-de-joce.fr\/index.php\/wp-json\/wp\/v2\/pages\/13800","targetHints":{"allow":["GET"]}}],"collection":[{"href":"http:\/\/recettes-gourmandes-de-joce.fr\/index.php\/wp-json\/wp\/v2\/pages"}],"about":[{"href":"http:\/\/recettes-gourmandes-de-joce.fr\/index.php\/wp-json\/wp\/v2\/types\/page"}],"author":[{"embeddable":true,"href":"http:\/\/recettes-gourmandes-de-joce.fr\/index.php\/wp-json\/wp\/v2\/users\/2"}],"replies":[{"embeddable":true,"href":"http:\/\/recettes-gourmandes-de-joce.fr\/index.php\/wp-json\/wp\/v2\/comments?post=13800"}],"version-history":[{"count":4,"href":"http:\/\/recettes-gourmandes-de-joce.fr\/index.php\/wp-json\/wp\/v2\/pages\/13800\/revisions"}],"predecessor-version":[{"id":84419,"href":"http:\/\/recettes-gourmandes-de-joce.fr\/index.php\/wp-json\/wp\/v2\/pages\/13800\/revisions\/84419"}],"up":[{"embeddable":true,"href":"http:\/\/recettes-gourmandes-de-joce.fr\/index.php\/wp-json\/wp\/v2\/pages\/51"}],"wp:featuredmedia":[{"embeddable":true,"href":"http:\/\/recettes-gourmandes-de-joce.fr\/index.php\/wp-json\/wp\/v2\/media\/84417"}],"wp:attachment":[{"href":"http:\/\/recettes-gourmandes-de-joce.fr\/index.php\/wp-json\/wp\/v2\/media?parent=13800"}],"curies":[{"name":"wp","href":"https:\/\/api.w.org\/{rel}","templated":true}]}}