{"id":13785,"date":"2019-12-26T21:12:09","date_gmt":"2019-12-26T21:12:09","guid":{"rendered":"http:\/\/recettes-gourmandes-de-joce.fr\/?page_id=13785"},"modified":"2024-05-10T13:05:03","modified_gmt":"2024-05-10T13:05:03","slug":"carres-savoyards-a-ma-facon","status":"publish","type":"page","link":"http:\/\/recettes-gourmandes-de-joce.fr\/index.php\/index\/viandes\/porc\/carres-savoyards-a-ma-facon\/","title":{"rendered":"Carr\u00e9s savoyards \u00e0 ma fa\u00e7on."},"content":{"rendered":"<p style=\"text-align: center;\"><span style=\"color: #993300;\"><em style=\"font-family: georgia, palatino, serif; font-size: 24px; text-decoration: underline;\">Une de mes recettes<\/em><\/span><\/p>\n<p style=\"text-align: center;\"><span style=\"font-family: georgia, palatino, serif; font-size: 14pt; color: #993300;\"> <img loading=\"lazy\" decoding=\"async\" class=\"alignnone wp-image-79613\" src=\"http:\/\/recettes-gourmandes-de-joce.fr\/wp-content\/uploads\/2024\/05\/carres-savoyards24.jpg\" alt=\"\" width=\"240\" height=\"180\" srcset=\"http:\/\/recettes-gourmandes-de-joce.fr\/wp-content\/uploads\/2024\/05\/carres-savoyards24.jpg 1024w, http:\/\/recettes-gourmandes-de-joce.fr\/wp-content\/uploads\/2024\/05\/carres-savoyards24-768x576.jpg 768w, http:\/\/recettes-gourmandes-de-joce.fr\/wp-content\/uploads\/2024\/05\/carres-savoyards24-750x563.jpg 750w\" sizes=\"auto, (max-width: 240px) 100vw, 240px\" \/> <img loading=\"lazy\" decoding=\"async\" class=\"alignnone wp-image-79615\" src=\"http:\/\/recettes-gourmandes-de-joce.fr\/wp-content\/uploads\/2024\/05\/carres-savoyards26.jpg\" alt=\"\" width=\"246\" height=\"180\" srcset=\"http:\/\/recettes-gourmandes-de-joce.fr\/wp-content\/uploads\/2024\/05\/carres-savoyards26.jpg 1024w, http:\/\/recettes-gourmandes-de-joce.fr\/wp-content\/uploads\/2024\/05\/carres-savoyards26-768x561.jpg 768w, http:\/\/recettes-gourmandes-de-joce.fr\/wp-content\/uploads\/2024\/05\/carres-savoyards26-750x548.jpg 750w\" sizes=\"auto, (max-width: 246px) 100vw, 246px\" \/> <img loading=\"lazy\" decoding=\"async\" class=\"alignnone wp-image-79614\" src=\"http:\/\/recettes-gourmandes-de-joce.fr\/wp-content\/uploads\/2024\/05\/carres-savoyards25.jpg\" alt=\"\" width=\"253\" height=\"180\" srcset=\"http:\/\/recettes-gourmandes-de-joce.fr\/wp-content\/uploads\/2024\/05\/carres-savoyards25.jpg 1024w, http:\/\/recettes-gourmandes-de-joce.fr\/wp-content\/uploads\/2024\/05\/carres-savoyards25-768x546.jpg 768w, http:\/\/recettes-gourmandes-de-joce.fr\/wp-content\/uploads\/2024\/05\/carres-savoyards25-750x533.jpg 750w\" sizes=\"auto, (max-width: 253px) 100vw, 253px\" \/><\/span><\/p>\n<p style=\"text-align: center;\"><span style=\"color: #993300; font-size: 18pt; text-decoration: underline; font-family: georgia, palatino, serif;\"><em>Ingr\u00e9dients pour 7 personnes<\/em><\/span><\/p>\n<p style=\"text-align: center;\"><span style=\"font-family: georgia, palatino, serif; font-size: 14pt; color: #993300;\"><img loading=\"lazy\" decoding=\"async\" class=\"alignnone wp-image-13782\" src=\"http:\/\/recettes-gourmandes-de-joce.fr\/wp-content\/uploads\/2019\/12\/carres_savoyards_a_ma_facon_001-001-150x150.jpg\" alt=\"\" width=\"152\" height=\"175\" srcset=\"http:\/\/recettes-gourmandes-de-joce.fr\/wp-content\/uploads\/2019\/12\/carres_savoyards_a_ma_facon_001-001-261x300.jpg 261w, http:\/\/recettes-gourmandes-de-joce.fr\/wp-content\/uploads\/2019\/12\/carres_savoyards_a_ma_facon_001-001.jpg 556w\" sizes=\"auto, (max-width: 152px) 100vw, 152px\" \/>\u00a0\u00a0<\/span><\/p>\n<p style=\"text-align: center;\"><span style=\"color: #993300; font-family: georgia, palatino, serif; font-size: 14pt;\"><em>14 tranches de lard fum\u00e9<\/em><\/span><\/p>\n<p style=\"text-align: center;\"><span style=\"color: #993300; font-family: georgia, palatino, serif; font-size: 14pt;\"><em>600 g de chair \u00e0 saucisse<\/em><\/span><\/p>\n<p style=\"text-align: center;\"><span style=\"color: #993300; font-family: georgia, palatino, serif; font-size: 14pt;\"><em>10 tranches de tomme de Savoie<\/em><\/span><\/p>\n<p style=\"text-align: center;\"><span style=\"color: #993300; font-family: georgia, palatino, serif; font-size: 14pt;\"><em>1 petit bouquet de persil<\/em><\/span><\/p>\n<p style=\"text-align: center;\"><span style=\"color: #993300; font-family: georgia, palatino, serif; font-size: 14pt;\"><em>2 feuilles de laurier<\/em><\/span><\/p>\n<p style=\"text-align: center;\"><span style=\"color: #993300; font-family: georgia, palatino, serif; font-size: 14pt;\"><em>4 c \u00e0 s de cr\u00e8me fra\u00eeche<\/em><\/span><\/p>\n<p style=\"text-align: center;\"><span style=\"color: #993300; font-family: georgia, palatino, serif; font-size: 14pt;\"><em>1 grosse \u00e9chalote<\/em><\/span><\/p>\n<p style=\"text-align: center;\"><span style=\"font-family: georgia, palatino, serif; font-size: 14pt; color: #993300;\"><em>Sel et poivre<\/em><\/span><\/p>\n<p style=\"text-align: center;\"><span style=\"font-family: georgia, palatino, serif; font-size: 14pt; color: #993300;\">\u00a0 <img loading=\"lazy\" decoding=\"async\" class=\"alignnone wp-image-13783\" src=\"http:\/\/recettes-gourmandes-de-joce.fr\/wp-content\/uploads\/2019\/12\/carres_savoyards_a_ma_facon_002-150x150.jpg\" alt=\"\" width=\"122\" height=\"160\" srcset=\"http:\/\/recettes-gourmandes-de-joce.fr\/wp-content\/uploads\/2019\/12\/carres_savoyards_a_ma_facon_002-229x300.jpg 229w, http:\/\/recettes-gourmandes-de-joce.fr\/wp-content\/uploads\/2019\/12\/carres_savoyards_a_ma_facon_002.jpg 489w\" sizes=\"auto, (max-width: 122px) 100vw, 122px\" \/> <img loading=\"lazy\" decoding=\"async\" class=\"alignnone wp-image-13784\" src=\"http:\/\/recettes-gourmandes-de-joce.fr\/wp-content\/uploads\/2019\/12\/carres_savoyards_a_ma_facon_003-150x150.jpg\" alt=\"\" width=\"282\" height=\"160\" srcset=\"http:\/\/recettes-gourmandes-de-joce.fr\/wp-content\/uploads\/2019\/12\/carres_savoyards_a_ma_facon_003-300x170.jpg 300w, http:\/\/recettes-gourmandes-de-joce.fr\/wp-content\/uploads\/2019\/12\/carres_savoyards_a_ma_facon_003.jpg 640w\" sizes=\"auto, (max-width: 282px) 100vw, 282px\" \/> <img loading=\"lazy\" decoding=\"async\" class=\"alignnone wp-image-13773\" src=\"http:\/\/recettes-gourmandes-de-joce.fr\/wp-content\/uploads\/2019\/12\/carres_savoyards_a_ma_facon_004-150x150.jpg\" alt=\"\" width=\"220\" height=\"160\" srcset=\"http:\/\/recettes-gourmandes-de-joce.fr\/wp-content\/uploads\/2019\/12\/carres_savoyards_a_ma_facon_004-300x218.jpg 300w, http:\/\/recettes-gourmandes-de-joce.fr\/wp-content\/uploads\/2019\/12\/carres_savoyards_a_ma_facon_004.jpg 640w\" sizes=\"auto, (max-width: 220px) 100vw, 220px\" \/><\/span><\/p>\n<p style=\"text-align: center;\"><span style=\"color: #993300; font-family: georgia, palatino, serif; font-size: 14pt;\"><em>Peler et hacher l&rsquo;\u00e9chalote, laver et hacher le persil. Couper la tomme en tranches. Diviser la chair \u00e0 saucisse en 7 (approximatif ) et former des petits pav\u00e9s de l&rsquo;\u00e9paisseur d&rsquo;un steak hach\u00e9. \u00a0D\u00e9poser deux tranches de lard en croix sur votre plan de travail.<\/em><\/span><\/p>\n<p style=\"text-align: center;\"><span style=\"font-family: georgia, palatino, serif; font-size: 14pt; color: #993300;\"><img loading=\"lazy\" decoding=\"async\" class=\"alignnone wp-image-13774\" src=\"http:\/\/recettes-gourmandes-de-joce.fr\/wp-content\/uploads\/2019\/12\/carres_savoyards_a_ma_facon_005-150x150.jpg\" alt=\"\" width=\"162\" height=\"180\" srcset=\"http:\/\/recettes-gourmandes-de-joce.fr\/wp-content\/uploads\/2019\/12\/carres_savoyards_a_ma_facon_005-270x300.jpg 270w, http:\/\/recettes-gourmandes-de-joce.fr\/wp-content\/uploads\/2019\/12\/carres_savoyards_a_ma_facon_005.jpg 576w\" sizes=\"auto, (max-width: 162px) 100vw, 162px\" \/> <img loading=\"lazy\" decoding=\"async\" class=\"alignnone wp-image-13775\" src=\"http:\/\/recettes-gourmandes-de-joce.fr\/wp-content\/uploads\/2019\/12\/carres_savoyards_a_ma_facon_006-150x150.jpg\" alt=\"\" width=\"159\" height=\"180\" srcset=\"http:\/\/recettes-gourmandes-de-joce.fr\/wp-content\/uploads\/2019\/12\/carres_savoyards_a_ma_facon_006-266x300.jpg 266w, http:\/\/recettes-gourmandes-de-joce.fr\/wp-content\/uploads\/2019\/12\/carres_savoyards_a_ma_facon_006.jpg 564w\" sizes=\"auto, (max-width: 159px) 100vw, 159px\" \/>\u00a0<img loading=\"lazy\" decoding=\"async\" class=\"alignnone wp-image-13779\" src=\"http:\/\/recettes-gourmandes-de-joce.fr\/wp-content\/uploads\/2019\/12\/carres_savoyards_a_ma_facon_010-150x150.jpg\" alt=\"\" width=\"135\" height=\"180\" srcset=\"http:\/\/recettes-gourmandes-de-joce.fr\/wp-content\/uploads\/2019\/12\/carres_savoyards_a_ma_facon_010-225x300.jpg 225w, http:\/\/recettes-gourmandes-de-joce.fr\/wp-content\/uploads\/2019\/12\/carres_savoyards_a_ma_facon_010.jpg 480w\" sizes=\"auto, (max-width: 135px) 100vw, 135px\" \/><\/span><\/p>\n<p style=\"text-align: center;\"><span style=\"font-size: 14pt; color: #993300;\"><span style=\"font-family: georgia, palatino, serif;\"><em>D\u00e9poser dessus une portion de chair \u00e0 saucisse, puis une tranche de tomme. Refermer les tranches de lard sur la tomme en les croisant et r\u00e9server.\u00a0<\/em><\/span><em style=\"font-family: georgia, palatino, serif;\">D\u00e9poser les petits carr\u00e9s dans un plat \u00e0 gratin.<\/em><\/span><\/p>\n<p style=\"text-align: center;\"><span style=\"font-family: georgia, palatino, serif; font-size: 14pt; color: #993300;\"><img loading=\"lazy\" decoding=\"async\" class=\"alignnone wp-image-13776\" src=\"http:\/\/recettes-gourmandes-de-joce.fr\/wp-content\/uploads\/2019\/12\/carres_savoyards_a_ma_facon_007-150x150.jpg\" alt=\"\" width=\"226\" height=\"160\" srcset=\"http:\/\/recettes-gourmandes-de-joce.fr\/wp-content\/uploads\/2019\/12\/carres_savoyards_a_ma_facon_007-300x213.jpg 300w, http:\/\/recettes-gourmandes-de-joce.fr\/wp-content\/uploads\/2019\/12\/carres_savoyards_a_ma_facon_007.jpg 640w\" sizes=\"auto, (max-width: 226px) 100vw, 226px\" \/> <img loading=\"lazy\" decoding=\"async\" class=\"alignnone wp-image-13777\" src=\"http:\/\/recettes-gourmandes-de-joce.fr\/wp-content\/uploads\/2019\/12\/carres_savoyards_a_ma_facon_008-150x150.jpg\" alt=\"\" width=\"241\" height=\"160\" srcset=\"http:\/\/recettes-gourmandes-de-joce.fr\/wp-content\/uploads\/2019\/12\/carres_savoyards_a_ma_facon_008-300x199.jpg 300w, http:\/\/recettes-gourmandes-de-joce.fr\/wp-content\/uploads\/2019\/12\/carres_savoyards_a_ma_facon_008.jpg 640w\" sizes=\"auto, (max-width: 241px) 100vw, 241px\" \/> <img loading=\"lazy\" decoding=\"async\" class=\"alignnone wp-image-13778\" src=\"http:\/\/recettes-gourmandes-de-joce.fr\/wp-content\/uploads\/2019\/12\/carres_savoyards_a_ma_facon_009-150x150.jpg\" alt=\"\" width=\"246\" height=\"160\" srcset=\"http:\/\/recettes-gourmandes-de-joce.fr\/wp-content\/uploads\/2019\/12\/carres_savoyards_a_ma_facon_009-300x195.jpg 300w, http:\/\/recettes-gourmandes-de-joce.fr\/wp-content\/uploads\/2019\/12\/carres_savoyards_a_ma_facon_009.jpg 640w\" sizes=\"auto, (max-width: 246px) 100vw, 246px\" \/>\u00a0<\/span><\/p>\n<p style=\"text-align: center;\"><span style=\"color: #993300; font-family: georgia, palatino, serif; font-size: 14pt;\"><em>Peler et hach\u00e9 l&rsquo;\u00e9chalote, laver et ciseler finement le persil. Mettre la cr\u00e8me \u00e0 chauffer l\u00e9g\u00e8rement et y ajouter les \u00e9chalotes. <\/em><em>Ajouter le persil, saler et poivrer. Bien m\u00e9langer et arr\u00eater la cuisson.\u00a0 Verser autour la cr\u00e8me et parsemer des feuilles de laurier coup\u00e9es en morceaux.<\/em><\/span><\/p>\n<p style=\"text-align: center;\"><span style=\"font-family: georgia, palatino, serif; font-size: 14pt; color: #993300;\"><img loading=\"lazy\" decoding=\"async\" class=\"alignnone wp-image-13780\" src=\"http:\/\/recettes-gourmandes-de-joce.fr\/wp-content\/uploads\/2019\/12\/carres_savoyards_a_ma_facon_011-150x150.jpg\" alt=\"\" width=\"136\" height=\"180\" srcset=\"http:\/\/recettes-gourmandes-de-joce.fr\/wp-content\/uploads\/2019\/12\/carres_savoyards_a_ma_facon_011-226x300.jpg 226w, http:\/\/recettes-gourmandes-de-joce.fr\/wp-content\/uploads\/2019\/12\/carres_savoyards_a_ma_facon_011.jpg 483w\" sizes=\"auto, (max-width: 136px) 100vw, 136px\" \/> <img loading=\"lazy\" decoding=\"async\" class=\"alignnone wp-image-13781\" src=\"http:\/\/recettes-gourmandes-de-joce.fr\/wp-content\/uploads\/2019\/12\/carres_savoyards_a_ma_facon_012-150x150.jpg\" alt=\"\" width=\"131\" height=\"180\" srcset=\"http:\/\/recettes-gourmandes-de-joce.fr\/wp-content\/uploads\/2019\/12\/carres_savoyards_a_ma_facon_012-218x300.jpg 218w, http:\/\/recettes-gourmandes-de-joce.fr\/wp-content\/uploads\/2019\/12\/carres_savoyards_a_ma_facon_012.jpg 465w\" sizes=\"auto, (max-width: 131px) 100vw, 131px\" \/><\/span><\/p>\n<p style=\"text-align: center;\"><span style=\"color: #993300; font-family: georgia, palatino, serif; font-size: 14pt;\"><em>D\u00e9poser des morceaux de tomme restante sur les carr\u00e9s. Enfourner \u00e0 200\u00b0 pendant 40 mn selon les fours. Servir avec par exemple des crozets de Savoie ou d&rsquo;autres sortes de p\u00e2tes.<\/em><\/span><\/p>\n<p style=\"text-align: center;\"><span style=\"color: #993300; font-family: georgia, palatino, serif; font-size: 14pt;\"><em>Bon app\u00e9tit!<\/em><\/span><\/p>\n<p style=\"text-align: center;\"><span style=\"color: #993300;\"><img loading=\"lazy\" decoding=\"async\" class=\"alignnone wp-image-79613\" src=\"http:\/\/recettes-gourmandes-de-joce.fr\/wp-content\/uploads\/2024\/05\/carres-savoyards24.jpg\" alt=\"\" width=\"240\" height=\"180\" srcset=\"http:\/\/recettes-gourmandes-de-joce.fr\/wp-content\/uploads\/2024\/05\/carres-savoyards24.jpg 1024w, http:\/\/recettes-gourmandes-de-joce.fr\/wp-content\/uploads\/2024\/05\/carres-savoyards24-768x576.jpg 768w, http:\/\/recettes-gourmandes-de-joce.fr\/wp-content\/uploads\/2024\/05\/carres-savoyards24-750x563.jpg 750w\" sizes=\"auto, (max-width: 240px) 100vw, 240px\" \/> <img loading=\"lazy\" decoding=\"async\" class=\"alignnone wp-image-79614\" src=\"http:\/\/recettes-gourmandes-de-joce.fr\/wp-content\/uploads\/2024\/05\/carres-savoyards25.jpg\" alt=\"\" width=\"253\" height=\"180\" srcset=\"http:\/\/recettes-gourmandes-de-joce.fr\/wp-content\/uploads\/2024\/05\/carres-savoyards25.jpg 1024w, http:\/\/recettes-gourmandes-de-joce.fr\/wp-content\/uploads\/2024\/05\/carres-savoyards25-768x546.jpg 768w, http:\/\/recettes-gourmandes-de-joce.fr\/wp-content\/uploads\/2024\/05\/carres-savoyards25-750x533.jpg 750w\" sizes=\"auto, (max-width: 253px) 100vw, 253px\" \/> <img loading=\"lazy\" decoding=\"async\" class=\"alignnone wp-image-79615\" src=\"http:\/\/recettes-gourmandes-de-joce.fr\/wp-content\/uploads\/2024\/05\/carres-savoyards26.jpg\" alt=\"\" width=\"246\" height=\"180\" srcset=\"http:\/\/recettes-gourmandes-de-joce.fr\/wp-content\/uploads\/2024\/05\/carres-savoyards26.jpg 1024w, http:\/\/recettes-gourmandes-de-joce.fr\/wp-content\/uploads\/2024\/05\/carres-savoyards26-768x561.jpg 768w, http:\/\/recettes-gourmandes-de-joce.fr\/wp-content\/uploads\/2024\/05\/carres-savoyards26-750x548.jpg 750w\" sizes=\"auto, (max-width: 246px) 100vw, 246px\" \/><\/span><\/p>\n<p style=\"text-align: center;\"><span style=\"color: #993300;\"><img loading=\"lazy\" decoding=\"async\" class=\"alignnone size-full wp-image-59803\" src=\"http:\/\/recettes-gourmandes-de-joce.fr\/wp-content\/uploads\/2024\/01\/logitech-gaming-software-14112014-121223.jpg\" alt=\"\" width=\"640\" height=\"144\" \/><\/span><\/p>\n<p style=\"text-align: center;\">\n<table class=\"table table-striped table-comments\">\n<thead>\n<tr>\n<th><span style=\"color: #993300;\">Commentaire<\/span><\/th>\n<\/tr>\n<\/thead>\n<tbody id=\"comment_content\">\n<tr id=\"c_52c06f17d93052faa4bdf7ed\" class=\"comment-container\">\n<td><\/td>\n<td><span style=\"color: #993300;\"><img decoding=\"async\" class=\"img-polaroid\" src=\"https:\/\/manager.e-monsite.com\/user\/account\/avatar\/recettesgourmandesdejoce\" alt=\"recettesgourmandesdejoce\" width=\"50\" \/><\/span><\/p>\n<ul class=\"comment-author\">\n<li class=\"js-user\"><span style=\"color: #993300;\">recettesgourmandesdejoce<\/span><\/li>\n<li class=\"js-date muted\"><span style=\"color: #993300;\">29\/12\/2013 19:51:03<\/span><\/li>\n<\/ul>\n<\/td>\n<td>\n<div class=\"comment-content\">\n<p><span style=\"color: #993300;\">Merciiii<\/span><br \/>\n<span style=\"color: #993300;\">Amicalement Joce<\/span><\/p>\n<\/div>\n<\/td>\n<\/tr>\n<tr id=\"c_52c05769c7e552f25636025c\" class=\"comment-container\">\n<td><\/td>\n<td><span style=\"color: #993300;\"><img decoding=\"async\" class=\"img-polaroid\" src=\"https:\/\/manager.e-monsite.com\/static\/manager\/im\/avatar.png\" alt=\"bodart\" width=\"50\" \/><\/span><\/p>\n<ul class=\"comment-author\">\n<li class=\"js-user\"><span style=\"color: #993300;\">bodart<\/span><\/li>\n<li class=\"js-date muted\"><span style=\"color: #993300;\">29\/12\/2013 18:10:01<\/span><\/li>\n<\/ul>\n<\/td>\n<td>\n<div class=\"comment-content\">\n<p><span style=\"color: #993300;\">TRES BON<\/span><\/p>\n<\/div>\n<\/td>\n<\/tr>\n<\/tbody>\n<\/table>\n","protected":false},"excerpt":{"rendered":"<p>Une de mes recettes Ingr\u00e9dients pour 7 personnes \u00a0\u00a0 14 tranches de lard fum\u00e9 600 g de chair \u00e0 saucisse 10 tranches de tomme de Savoie 1 petit bouquet de persil 2 feuilles de laurier 4 c \u00e0 s de cr\u00e8me fra\u00eeche 1 grosse \u00e9chalote Sel et poivre \u00a0 Peler et hacher l&rsquo;\u00e9chalote, laver et &hellip; <\/p>\n<p><a class=\"more-link btn\" href=\"http:\/\/recettes-gourmandes-de-joce.fr\/index.php\/index\/viandes\/porc\/carres-savoyards-a-ma-facon\/\">Lire la suite<\/a><\/p>\n","protected":false},"author":2,"featured_media":79613,"parent":59,"menu_order":0,"comment_status":"open","ping_status":"closed","template":"","meta":{"footnotes":""},"class_list":["post-13785","page","type-page","status-publish","has-post-thumbnail","hentry","nodate","item-wrap"],"_links":{"self":[{"href":"http:\/\/recettes-gourmandes-de-joce.fr\/index.php\/wp-json\/wp\/v2\/pages\/13785","targetHints":{"allow":["GET"]}}],"collection":[{"href":"http:\/\/recettes-gourmandes-de-joce.fr\/index.php\/wp-json\/wp\/v2\/pages"}],"about":[{"href":"http:\/\/recettes-gourmandes-de-joce.fr\/index.php\/wp-json\/wp\/v2\/types\/page"}],"author":[{"embeddable":true,"href":"http:\/\/recettes-gourmandes-de-joce.fr\/index.php\/wp-json\/wp\/v2\/users\/2"}],"replies":[{"embeddable":true,"href":"http:\/\/recettes-gourmandes-de-joce.fr\/index.php\/wp-json\/wp\/v2\/comments?post=13785"}],"version-history":[{"count":6,"href":"http:\/\/recettes-gourmandes-de-joce.fr\/index.php\/wp-json\/wp\/v2\/pages\/13785\/revisions"}],"predecessor-version":[{"id":79616,"href":"http:\/\/recettes-gourmandes-de-joce.fr\/index.php\/wp-json\/wp\/v2\/pages\/13785\/revisions\/79616"}],"up":[{"embeddable":true,"href":"http:\/\/recettes-gourmandes-de-joce.fr\/index.php\/wp-json\/wp\/v2\/pages\/59"}],"wp:featuredmedia":[{"embeddable":true,"href":"http:\/\/recettes-gourmandes-de-joce.fr\/index.php\/wp-json\/wp\/v2\/media\/79613"}],"wp:attachment":[{"href":"http:\/\/recettes-gourmandes-de-joce.fr\/index.php\/wp-json\/wp\/v2\/media?parent=13785"}],"curies":[{"name":"wp","href":"https:\/\/api.w.org\/{rel}","templated":true}]}}