{"id":13761,"date":"2019-12-26T18:22:19","date_gmt":"2019-12-26T18:22:19","guid":{"rendered":"http:\/\/recettes-gourmandes-de-joce.fr\/?page_id=13761"},"modified":"2024-07-01T17:09:44","modified_gmt":"2024-07-01T17:09:44","slug":"cari-de-poulet-reunionnais","status":"publish","type":"page","link":"http:\/\/recettes-gourmandes-de-joce.fr\/index.php\/index\/recettes-regionales-mondiales\/recettes-regionales-salees\/cari-de-poulet-reunionnais\/","title":{"rendered":"Cari de poulet r\u00e9unionnais."},"content":{"rendered":"<p style=\"text-align: center;\"><em><span style=\"font-family: georgia, palatino, serif;\"><span style=\"color: #808080; font-size: 12pt;\"><span style=\"color: #808000; font-size: x-large; text-decoration: underline;\">Une de mes recettes<\/span><\/span><\/span><\/em><\/p>\n<p style=\"text-align: center;\"><em><span style=\"font-family: georgia, palatino, serif;\"><img loading=\"lazy\" decoding=\"async\" class=\"alignnone wp-image-13757\" src=\"http:\/\/recettes-gourmandes-de-joce.fr\/wp-content\/uploads\/2019\/12\/cari-de-poulet-antillais-26-150x150.jpg\" alt=\"\" width=\"253\" height=\"175\" srcset=\"http:\/\/recettes-gourmandes-de-joce.fr\/wp-content\/uploads\/2019\/12\/cari-de-poulet-antillais-26-300x208.jpg 300w, http:\/\/recettes-gourmandes-de-joce.fr\/wp-content\/uploads\/2019\/12\/cari-de-poulet-antillais-26.jpg 640w\" sizes=\"auto, (max-width: 253px) 100vw, 253px\" \/> <img loading=\"lazy\" decoding=\"async\" class=\"alignnone wp-image-13741\" src=\"http:\/\/recettes-gourmandes-de-joce.fr\/wp-content\/uploads\/2019\/12\/cari-de-poulet-antillais-39-150x150.jpg\" alt=\"\" width=\"248\" height=\"175\" srcset=\"http:\/\/recettes-gourmandes-de-joce.fr\/wp-content\/uploads\/2019\/12\/cari-de-poulet-antillais-39-300x211.jpg 300w, http:\/\/recettes-gourmandes-de-joce.fr\/wp-content\/uploads\/2019\/12\/cari-de-poulet-antillais-39.jpg 640w\" sizes=\"auto, (max-width: 248px) 100vw, 248px\" \/> <img loading=\"lazy\" decoding=\"async\" class=\"alignnone wp-image-13740\" src=\"http:\/\/recettes-gourmandes-de-joce.fr\/wp-content\/uploads\/2019\/12\/cari-de-poulet-antillais-29-150x150.jpg\" alt=\"\" width=\"233\" height=\"175\" srcset=\"http:\/\/recettes-gourmandes-de-joce.fr\/wp-content\/uploads\/2019\/12\/cari-de-poulet-antillais-29-300x225.jpg 300w, http:\/\/recettes-gourmandes-de-joce.fr\/wp-content\/uploads\/2019\/12\/cari-de-poulet-antillais-29.jpg 640w\" sizes=\"auto, (max-width: 233px) 100vw, 233px\" \/><\/span><\/em><\/p>\n<p style=\"text-align: center;\"><em><span style=\"font-family: georgia, palatino, serif;\"><span style=\"color: #808080; font-size: 12pt;\"><span style=\"color: #808000; font-size: x-large; text-decoration: underline;\">Ingr\u00e9dients pour 4 personnes<\/span><\/span><\/span><\/em><\/p>\n<p style=\"text-align: center;\"><em><span style=\"font-family: georgia, palatino, serif;\"><img loading=\"lazy\" decoding=\"async\" class=\"alignnone wp-image-13744\" src=\"http:\/\/recettes-gourmandes-de-joce.fr\/wp-content\/uploads\/2019\/12\/cari-de-poulet-antillais-4-150x150.jpg\" alt=\"\" width=\"225\" height=\"175\" srcset=\"http:\/\/recettes-gourmandes-de-joce.fr\/wp-content\/uploads\/2019\/12\/cari-de-poulet-antillais-4-300x233.jpg 300w, http:\/\/recettes-gourmandes-de-joce.fr\/wp-content\/uploads\/2019\/12\/cari-de-poulet-antillais-4.jpg 640w\" sizes=\"auto, (max-width: 225px) 100vw, 225px\" \/><\/span><\/em><\/p>\n<p style=\"text-align: center;\"><span style=\"font-size: 14pt;\"><em><span style=\"font-family: georgia, palatino, serif;\"><span style=\"color: #808080;\"><span style=\"color: #808000;\">1 poulet ou 4 cuisses de poulet<\/span><\/span><\/span><\/em><\/span><\/p>\n<p style=\"text-align: center;\"><span style=\"font-size: 14pt;\"><em><span style=\"font-family: georgia, palatino, serif;\"><span style=\"color: #808080;\"><span style=\"color: #808000;\">1 bel oignon<\/span><\/span><\/span><\/em><\/span><\/p>\n<p style=\"text-align: center;\"><span style=\"font-size: 14pt;\"><em><span style=\"font-family: georgia, palatino, serif;\"><span style=\"color: #808080;\"><span style=\"color: #808000;\">2 gousses d&rsquo;ail<\/span><\/span><\/span><\/em><\/span><\/p>\n<p style=\"text-align: center;\"><span style=\"font-size: 14pt;\"><em><span style=\"font-family: georgia, palatino, serif;\"><span style=\"color: #808080;\"><span style=\"color: #808000;\">3 tomates<\/span><\/span><\/span><\/em><\/span><\/p>\n<p style=\"text-align: center;\"><span style=\"font-size: 14pt;\"><em><span style=\"font-family: georgia, palatino, serif;\"><span style=\"color: #808080;\"><span style=\"color: #808000;\">1 branche de thym frais<\/span><\/span><\/span><\/em><\/span><\/p>\n<p style=\"text-align: center;\"><span style=\"font-size: 14pt;\"><em><span style=\"font-family: georgia, palatino, serif;\"><span style=\"color: #808080;\"><span style=\"color: #808000;\">1 c \u00e0 s de curcuma -&gt; <a href=\"http:\/\/www.epicetoo.fr\/index.php\">\u00c9pic\u00e9too<\/a><\/span><\/span><\/span><\/em><\/span><\/p>\n<p style=\"text-align: center;\"><span style=\"font-size: 14pt;\"><em><span style=\"font-family: georgia, palatino, serif;\"><span style=\"color: #808080;\"><span style=\"color: #808000;\">1 c \u00e0 c de gingembre en poudre ou un morceau de frais<\/span><\/span><\/span><\/em><\/span><\/p>\n<p style=\"text-align: center;\"><span style=\"font-size: 14pt;\"><em><span style=\"font-family: georgia, palatino, serif;\"><span style=\"color: #808080;\"><span style=\"color: #808000;\">Sel et poivre<\/span><\/span><\/span><\/em><\/span><\/p>\n<p style=\"text-align: center;\"><span style=\"font-size: 14pt;\"><em><span style=\"font-family: georgia, palatino, serif;\"><span style=\"color: #808080;\"><span style=\"color: #808000;\">Huile d&rsquo;olive<\/span><\/span><\/span><\/em><\/span><\/p>\n<p style=\"text-align: center;\"><em><span style=\"font-family: georgia, palatino, serif;\"><img loading=\"lazy\" decoding=\"async\" class=\"alignnone wp-image-13745\" src=\"http:\/\/recettes-gourmandes-de-joce.fr\/wp-content\/uploads\/2019\/12\/cari-de-poulet-antillais-6-150x150.jpg\" alt=\"\" width=\"212\" height=\"160\" srcset=\"http:\/\/recettes-gourmandes-de-joce.fr\/wp-content\/uploads\/2019\/12\/cari-de-poulet-antillais-6-300x226.jpg 300w, http:\/\/recettes-gourmandes-de-joce.fr\/wp-content\/uploads\/2019\/12\/cari-de-poulet-antillais-6.jpg 640w\" sizes=\"auto, (max-width: 212px) 100vw, 212px\" \/> <img loading=\"lazy\" decoding=\"async\" class=\"alignnone wp-image-13746\" src=\"http:\/\/recettes-gourmandes-de-joce.fr\/wp-content\/uploads\/2019\/12\/cari-de-poulet-antillais-7-150x150.jpg\" alt=\"\" width=\"236\" height=\"160\" srcset=\"http:\/\/recettes-gourmandes-de-joce.fr\/wp-content\/uploads\/2019\/12\/cari-de-poulet-antillais-7-300x203.jpg 300w, http:\/\/recettes-gourmandes-de-joce.fr\/wp-content\/uploads\/2019\/12\/cari-de-poulet-antillais-7.jpg 640w\" sizes=\"auto, (max-width: 236px) 100vw, 236px\" \/> <img loading=\"lazy\" decoding=\"async\" class=\"alignnone wp-image-13759\" src=\"http:\/\/recettes-gourmandes-de-joce.fr\/wp-content\/uploads\/2019\/12\/cari-de-poulet-antillais-8-150x150.jpg\" alt=\"\" width=\"213\" height=\"160\" srcset=\"http:\/\/recettes-gourmandes-de-joce.fr\/wp-content\/uploads\/2019\/12\/cari-de-poulet-antillais-8-300x225.jpg 300w, http:\/\/recettes-gourmandes-de-joce.fr\/wp-content\/uploads\/2019\/12\/cari-de-poulet-antillais-8.jpg 640w\" sizes=\"auto, (max-width: 213px) 100vw, 213px\" \/><\/span><\/em><\/p>\n<p style=\"text-align: center;\"><span style=\"font-size: 14pt;\"><em><span style=\"font-family: georgia, palatino, serif;\"><span style=\"color: #808080;\"><span style=\"color: #808000;\">Peler, d\u00e9germer et hacher finement l&rsquo;ail, m\u00e9langez le au gingembre, si vous avez un mortier vous pouvez tout piler ensemble. <\/span><\/span><span style=\"color: #808080;\"><span style=\"color: #808000;\">Peler et \u00e9mincer l&rsquo;oignon, laver et couper les tomates en petits d\u00e9s. Dans une sauteuse, faite chauffer un filet d&rsquo;huile d&rsquo;olive.<\/span><\/span><\/span><\/em><\/span><\/p>\n<p style=\"text-align: center;\"><em><span style=\"font-family: georgia, palatino, serif;\"><img loading=\"lazy\" decoding=\"async\" class=\"alignnone wp-image-13747\" src=\"http:\/\/recettes-gourmandes-de-joce.fr\/wp-content\/uploads\/2019\/12\/cari-de-poulet-antillais-10-150x150.jpg\" alt=\"\" width=\"213\" height=\"160\" srcset=\"http:\/\/recettes-gourmandes-de-joce.fr\/wp-content\/uploads\/2019\/12\/cari-de-poulet-antillais-10-300x225.jpg 300w, http:\/\/recettes-gourmandes-de-joce.fr\/wp-content\/uploads\/2019\/12\/cari-de-poulet-antillais-10.jpg 640w\" sizes=\"auto, (max-width: 213px) 100vw, 213px\" \/> <img loading=\"lazy\" decoding=\"async\" class=\"alignnone wp-image-13748\" src=\"http:\/\/recettes-gourmandes-de-joce.fr\/wp-content\/uploads\/2019\/12\/cari-de-poulet-antillais-11-150x150.jpg\" alt=\"\" width=\"213\" height=\"160\" srcset=\"http:\/\/recettes-gourmandes-de-joce.fr\/wp-content\/uploads\/2019\/12\/cari-de-poulet-antillais-11-300x225.jpg 300w, http:\/\/recettes-gourmandes-de-joce.fr\/wp-content\/uploads\/2019\/12\/cari-de-poulet-antillais-11.jpg 640w\" sizes=\"auto, (max-width: 213px) 100vw, 213px\" \/> <img loading=\"lazy\" decoding=\"async\" class=\"alignnone wp-image-13749\" src=\"http:\/\/recettes-gourmandes-de-joce.fr\/wp-content\/uploads\/2019\/12\/cari-de-poulet-antillais-13-150x150.jpg\" alt=\"\" width=\"213\" height=\"160\" srcset=\"http:\/\/recettes-gourmandes-de-joce.fr\/wp-content\/uploads\/2019\/12\/cari-de-poulet-antillais-13-300x225.jpg 300w, http:\/\/recettes-gourmandes-de-joce.fr\/wp-content\/uploads\/2019\/12\/cari-de-poulet-antillais-13.jpg 640w\" sizes=\"auto, (max-width: 213px) 100vw, 213px\" \/><\/span><\/em><\/p>\n<p style=\"text-align: center;\"><span style=\"font-size: 14pt;\"><em><span style=\"font-family: georgia, palatino, serif;\"><span style=\"color: #808080;\"><span style=\"color: #808000;\">Mettre les morceaux de poulet \u00e0 dorer, les saler et poivrer sur toutes les faces. <\/span><\/span><span style=\"color: #808080;\"><span style=\"color: #808000;\">J&rsquo;ai coup\u00e9 les cuisses en deux morceaux, plus facile \u00e0 m\u00e9langer aux autres ingr\u00e9dients ensuite, ajouter les oignons lorsque le poulet est bien dor\u00e9.<\/span><\/span><\/span><\/em><\/span><\/p>\n<p style=\"text-align: center;\"><em><span style=\"font-family: georgia, palatino, serif;\"><img loading=\"lazy\" decoding=\"async\" class=\"alignnone wp-image-13750\" src=\"http:\/\/recettes-gourmandes-de-joce.fr\/wp-content\/uploads\/2019\/12\/cari-de-poulet-antillais-14-150x150.jpg\" alt=\"\" width=\"187\" height=\"160\" srcset=\"http:\/\/recettes-gourmandes-de-joce.fr\/wp-content\/uploads\/2019\/12\/cari-de-poulet-antillais-14-300x257.jpg 300w, http:\/\/recettes-gourmandes-de-joce.fr\/wp-content\/uploads\/2019\/12\/cari-de-poulet-antillais-14.jpg 640w\" sizes=\"auto, (max-width: 187px) 100vw, 187px\" \/> <img loading=\"lazy\" decoding=\"async\" class=\"alignnone wp-image-13751\" src=\"http:\/\/recettes-gourmandes-de-joce.fr\/wp-content\/uploads\/2019\/12\/cari-de-poulet-antillais-15-150x150.jpg\" alt=\"\" width=\"194\" height=\"160\" srcset=\"http:\/\/recettes-gourmandes-de-joce.fr\/wp-content\/uploads\/2019\/12\/cari-de-poulet-antillais-15-300x248.jpg 300w, http:\/\/recettes-gourmandes-de-joce.fr\/wp-content\/uploads\/2019\/12\/cari-de-poulet-antillais-15.jpg 640w\" sizes=\"auto, (max-width: 194px) 100vw, 194px\" \/> <img loading=\"lazy\" decoding=\"async\" class=\"alignnone wp-image-13752\" src=\"http:\/\/recettes-gourmandes-de-joce.fr\/wp-content\/uploads\/2019\/12\/cari-de-poulet-antillais-16-150x150.jpg\" alt=\"\" width=\"193\" height=\"160\" srcset=\"http:\/\/recettes-gourmandes-de-joce.fr\/wp-content\/uploads\/2019\/12\/cari-de-poulet-antillais-16-300x248.jpg 300w, http:\/\/recettes-gourmandes-de-joce.fr\/wp-content\/uploads\/2019\/12\/cari-de-poulet-antillais-16.jpg 640w\" sizes=\"auto, (max-width: 193px) 100vw, 193px\" \/><\/span><\/em><\/p>\n<p style=\"text-align: center;\"><span style=\"font-size: 14pt;\"><em><span style=\"font-family: georgia, palatino, serif;\"><span style=\"color: #808080;\"><span style=\"color: #808000;\">M\u00e9langer et laisser dorer les oignons, remuer de temps en temps. Ajouter ensuite le m\u00e9lange ail\/gingembre, m\u00e9langer et ajouter les tomates. <\/span><\/span><span style=\"color: #808080;\"><span style=\"color: #808000;\">M\u00e9langer \u00e0 nouveau.<\/span><\/span><\/span><\/em><\/span><\/p>\n<p style=\"text-align: center;\"><em><span style=\"font-family: georgia, palatino, serif;\"><img loading=\"lazy\" decoding=\"async\" class=\"alignnone wp-image-13753\" src=\"http:\/\/recettes-gourmandes-de-joce.fr\/wp-content\/uploads\/2019\/12\/cari-de-poulet-antillais-17-150x150.jpg\" alt=\"\" width=\"197\" height=\"160\" srcset=\"http:\/\/recettes-gourmandes-de-joce.fr\/wp-content\/uploads\/2019\/12\/cari-de-poulet-antillais-17-300x243.jpg 300w, http:\/\/recettes-gourmandes-de-joce.fr\/wp-content\/uploads\/2019\/12\/cari-de-poulet-antillais-17.jpg 640w\" sizes=\"auto, (max-width: 197px) 100vw, 197px\" \/> <img loading=\"lazy\" decoding=\"async\" class=\"alignnone wp-image-13754\" src=\"http:\/\/recettes-gourmandes-de-joce.fr\/wp-content\/uploads\/2019\/12\/cari-de-poulet-antillais-19-150x150.jpg\" alt=\"\" width=\"196\" height=\"160\" srcset=\"http:\/\/recettes-gourmandes-de-joce.fr\/wp-content\/uploads\/2019\/12\/cari-de-poulet-antillais-19-300x245.jpg 300w, http:\/\/recettes-gourmandes-de-joce.fr\/wp-content\/uploads\/2019\/12\/cari-de-poulet-antillais-19.jpg 640w\" sizes=\"auto, (max-width: 196px) 100vw, 196px\" \/> <img loading=\"lazy\" decoding=\"async\" class=\"alignnone wp-image-13756\" src=\"http:\/\/recettes-gourmandes-de-joce.fr\/wp-content\/uploads\/2019\/12\/cari-de-poulet-antillais-22-150x150.jpg\" alt=\"\" width=\"213\" height=\"160\" srcset=\"http:\/\/recettes-gourmandes-de-joce.fr\/wp-content\/uploads\/2019\/12\/cari-de-poulet-antillais-22-300x225.jpg 300w, http:\/\/recettes-gourmandes-de-joce.fr\/wp-content\/uploads\/2019\/12\/cari-de-poulet-antillais-22.jpg 640w\" sizes=\"auto, (max-width: 213px) 100vw, 213px\" \/><\/span><\/em><\/p>\n<p style=\"text-align: center;\"><span style=\"font-size: 14pt;\"><em><span style=\"font-family: georgia, palatino, serif;\"><span style=\"color: #808080;\"><span style=\"color: #808000;\">Ajouter le curcuma et le thym. Verser de l&rsquo;eau \u00e0 mis hauteur, laisser mijoter environ 35 minutes\u00a0<\/span><\/span><span style=\"color: #808080;\"><span style=\"color: #808000;\">\u00e0 feu doux <\/span><\/span><span style=\"color: #808080;\"><span style=\"color: #808000;\">selon la grosseur des morceaux de poulet , accompagner ce plat de riz.<\/span><\/span><\/span><\/em><\/span><\/p>\n<p style=\"text-align: center;\"><span style=\"font-size: 14pt;\"><em><span style=\"font-family: georgia, palatino, serif;\"><span style=\"color: #808080;\"><span style=\"color: #808000;\">Bon app\u00e9tit!<\/span><\/span><\/span><\/em><\/span><\/p>\n<p style=\"text-align: center;\"><em><span style=\"font-family: georgia, palatino, serif;\"><img loading=\"lazy\" decoding=\"async\" class=\"alignnone wp-image-13742\" src=\"http:\/\/recettes-gourmandes-de-joce.fr\/wp-content\/uploads\/2019\/12\/cari-de-poulet-antillais-1-150x150.jpg\" alt=\"\" width=\"233\" height=\"175\" srcset=\"http:\/\/recettes-gourmandes-de-joce.fr\/wp-content\/uploads\/2019\/12\/cari-de-poulet-antillais-1-300x225.jpg 300w, http:\/\/recettes-gourmandes-de-joce.fr\/wp-content\/uploads\/2019\/12\/cari-de-poulet-antillais-1.jpg 640w\" sizes=\"auto, (max-width: 233px) 100vw, 233px\" \/> <img loading=\"lazy\" decoding=\"async\" class=\"alignnone wp-image-13739\" src=\"http:\/\/recettes-gourmandes-de-joce.fr\/wp-content\/uploads\/2019\/12\/cari-de-poulet-antillais-28-150x150.jpg\" alt=\"\" width=\"233\" height=\"175\" srcset=\"http:\/\/recettes-gourmandes-de-joce.fr\/wp-content\/uploads\/2019\/12\/cari-de-poulet-antillais-28-300x225.jpg 300w, http:\/\/recettes-gourmandes-de-joce.fr\/wp-content\/uploads\/2019\/12\/cari-de-poulet-antillais-28.jpg 640w\" sizes=\"auto, (max-width: 233px) 100vw, 233px\" \/> <img loading=\"lazy\" decoding=\"async\" class=\"alignnone wp-image-13743\" src=\"http:\/\/recettes-gourmandes-de-joce.fr\/wp-content\/uploads\/2019\/12\/cari-de-poulet-antillais-2-150x150.jpg\" alt=\"\" width=\"233\" height=\"175\" srcset=\"http:\/\/recettes-gourmandes-de-joce.fr\/wp-content\/uploads\/2019\/12\/cari-de-poulet-antillais-2-300x225.jpg 300w, http:\/\/recettes-gourmandes-de-joce.fr\/wp-content\/uploads\/2019\/12\/cari-de-poulet-antillais-2.jpg 640w\" sizes=\"auto, (max-width: 233px) 100vw, 233px\" \/><\/span><\/em><\/p>\n<p style=\"text-align: center;\"><img loading=\"lazy\" decoding=\"async\" class=\"alignnone size-full wp-image-59803\" src=\"http:\/\/recettes-gourmandes-de-joce.fr\/wp-content\/uploads\/2024\/01\/logitech-gaming-software-14112014-121223.jpg\" alt=\"\" width=\"640\" height=\"144\" \/><\/p>\n<table class=\"table table-striped table-comments\">\n<tbody id=\"comment_content\">\n<tr id=\"c_528733fd28785a0209932cdf\" class=\"comment-container\">\n<td>\n<div class=\"comment-content\"><\/div>\n<\/td>\n<\/tr>\n<tr id=\"c_556c90786f30539e08d969e9\" class=\"comment-container\">\n<td><em><span style=\"font-family: georgia, palatino, serif;\"><img decoding=\"async\" class=\"img-polaroid\" src=\"https:\/\/manager.e-monsite.com\/user\/account\/avatar\/recettesgourmandesdejoce\" alt=\"recettesgourmandesdejoce\" width=\"50\" \/><\/span><\/em><\/p>\n<ul class=\"comment-author\">\n<li class=\"js-user\"><em><span style=\"font-family: georgia, palatino, serif;\">recettesgourmandesdejoce<\/span><\/em><\/li>\n<li class=\"js-date muted\"><em><span style=\"font-family: georgia, palatino, serif;\">01\/06\/2015 19:03:52<\/span><\/em><\/li>\n<\/ul>\n<\/td>\n<td>\n<div class=\"comment-content\">\n<p><em><span style=\"font-family: georgia, palatino, serif;\">Bonjour,<\/span><\/em><br \/>\n<em><span style=\"font-family: georgia, palatino, serif;\">Merci pour le compliment\u00a0<\/span><\/em><br \/>\n<em><span style=\"font-family: georgia, palatino, serif;\">Bonne fin de journ\u00e9e<\/span><\/em><br \/>\n<em><span style=\"font-family: georgia, palatino, serif;\">Amicalement Joce<\/span><\/em><\/p>\n<\/div>\n<\/td>\n<\/tr>\n<tr id=\"c_556c890d10b8b09064789ebd\" class=\"comment-container\">\n<td><\/td>\n<td><em><span style=\"font-family: georgia, palatino, serif;\"><img decoding=\"async\" class=\"img-polaroid\" src=\"https:\/\/manager.e-monsite.com\/static\/manager\/im\/avatar.png\" alt=\"ABou\" width=\"50\" \/><\/span><\/em><\/p>\n<ul class=\"comment-author\">\n<li class=\"js-user\"><em><span style=\"font-family: georgia, palatino, serif;\">ABou<\/span><\/em><\/li>\n<li class=\"js-date muted\"><em><span style=\"font-family: georgia, palatino, serif;\">01\/06\/2015 18:32:13<\/span><\/em><\/li>\n<\/ul>\n<\/td>\n<td>\n<div class=\"comment-content\">\n<p><em><span style=\"font-family: georgia, palatino, serif;\">Hmmm sa a l&rsquo;air vraiment bon .\u00a0<\/span><\/em><\/p>\n<\/div>\n<\/td>\n<\/tr>\n<tr id=\"c_52874041e34352fb30b521d8\" class=\"comment-container\">\n<td><\/td>\n<td><em><span style=\"font-family: georgia, palatino, serif;\"><img decoding=\"async\" class=\"img-polaroid\" src=\"https:\/\/manager.e-monsite.com\/user\/account\/avatar\/recettesgourmandesdejoce\" alt=\"recettesgourmandesdejoce\" width=\"50\" \/><\/span><\/em><\/p>\n<ul class=\"comment-author\">\n<li class=\"js-user\"><em><span style=\"font-family: georgia, palatino, serif;\">recettesgourmandesdejoce<\/span><\/em><\/li>\n<li class=\"js-date muted\"><em><span style=\"font-family: georgia, palatino, serif;\">16\/11\/2013 10:52:01<\/span><\/em><\/li>\n<li class=\"js-email\"><em><span style=\"font-family: georgia, palatino, serif;\"><a href=\"mailto:jocelyne.debon@free.fr\">jocelyne.debon@free.fr<\/a><\/span><\/em><\/li>\n<\/ul>\n<\/td>\n<td>\n<div class=\"comment-content\">\n<p><em><span style=\"font-family: georgia, palatino, serif;\">Merciii<\/span><\/em><br \/>\n<em><span style=\"font-family: georgia, palatino, serif;\">Amicalement Joce<\/span><\/em><\/p>\n<\/div>\n<\/td>\n<\/tr>\n<tr id=\"c_528733fd28785a0209932cdf\" class=\"comment-container\">\n<td><\/td>\n<td><em><span style=\"font-family: georgia, palatino, serif;\"><img decoding=\"async\" class=\"img-polaroid\" src=\"https:\/\/manager.e-monsite.com\/static\/manager\/im\/avatar.png\" alt=\"DUGU\u00c9 DIDIER\" width=\"50\" \/><\/span><\/em><\/p>\n<ul class=\"comment-author\">\n<li class=\"js-user\"><em><span style=\"font-family: georgia, palatino, serif;\">DUGU\u00c9 DIDIER<\/span><\/em><\/li>\n<li class=\"js-date muted\"><em><span style=\"font-family: georgia, palatino, serif;\">16\/11\/2013 09:59:41<\/span><\/em><\/li>\n<li class=\"js-email\"><em><span style=\"font-family: georgia, palatino, serif;\"><a href=\"mailto:dugue.didier@wanadoo.fr\">dugue.didier@wanadoo.fr<\/a><\/span><\/em><\/li>\n<\/ul>\n<\/td>\n<td>\n<div class=\"comment-content\">\n<p><em><span style=\"font-family: georgia, palatino, serif;\">Recette plus qu&rsquo;app\u00e9tissante :).<\/span><\/em><\/p>\n<div class=\"btn-group comment-admin\"><\/div>\n<\/div>\n<\/td>\n<\/tr>\n<\/tbody>\n<\/table>\n","protected":false},"excerpt":{"rendered":"<p>Une de mes recettes Ingr\u00e9dients pour 4 personnes 1 poulet ou 4 cuisses de poulet 1 bel oignon 2 gousses d&rsquo;ail 3 tomates 1 branche de thym frais 1 c \u00e0 s de curcuma -&gt; \u00c9pic\u00e9too 1 c \u00e0 c de gingembre en poudre ou un morceau de frais Sel et poivre Huile d&rsquo;olive Peler, &hellip; <\/p>\n<p><a class=\"more-link btn\" href=\"http:\/\/recettes-gourmandes-de-joce.fr\/index.php\/index\/recettes-regionales-mondiales\/recettes-regionales-salees\/cari-de-poulet-reunionnais\/\">Lire la suite<\/a><\/p>\n","protected":false},"author":2,"featured_media":73540,"parent":51,"menu_order":0,"comment_status":"open","ping_status":"closed","template":"","meta":{"footnotes":""},"class_list":["post-13761","page","type-page","status-publish","has-post-thumbnail","hentry","nodate","item-wrap"],"_links":{"self":[{"href":"http:\/\/recettes-gourmandes-de-joce.fr\/index.php\/wp-json\/wp\/v2\/pages\/13761","targetHints":{"allow":["GET"]}}],"collection":[{"href":"http:\/\/recettes-gourmandes-de-joce.fr\/index.php\/wp-json\/wp\/v2\/pages"}],"about":[{"href":"http:\/\/recettes-gourmandes-de-joce.fr\/index.php\/wp-json\/wp\/v2\/types\/page"}],"author":[{"embeddable":true,"href":"http:\/\/recettes-gourmandes-de-joce.fr\/index.php\/wp-json\/wp\/v2\/users\/2"}],"replies":[{"embeddable":true,"href":"http:\/\/recettes-gourmandes-de-joce.fr\/index.php\/wp-json\/wp\/v2\/comments?post=13761"}],"version-history":[{"count":3,"href":"http:\/\/recettes-gourmandes-de-joce.fr\/index.php\/wp-json\/wp\/v2\/pages\/13761\/revisions"}],"predecessor-version":[{"id":86040,"href":"http:\/\/recettes-gourmandes-de-joce.fr\/index.php\/wp-json\/wp\/v2\/pages\/13761\/revisions\/86040"}],"up":[{"embeddable":true,"href":"http:\/\/recettes-gourmandes-de-joce.fr\/index.php\/wp-json\/wp\/v2\/pages\/51"}],"wp:featuredmedia":[{"embeddable":true,"href":"http:\/\/recettes-gourmandes-de-joce.fr\/index.php\/wp-json\/wp\/v2\/media\/73540"}],"wp:attachment":[{"href":"http:\/\/recettes-gourmandes-de-joce.fr\/index.php\/wp-json\/wp\/v2\/media?parent=13761"}],"curies":[{"name":"wp","href":"https:\/\/api.w.org\/{rel}","templated":true}]}}